{"id":14795,"date":"2026-02-04T19:00:34","date_gmt":"2026-02-04T19:00:34","guid":{"rendered":"https:\/\/novusmedical.ca\/lotharmedical\/feno\/"},"modified":"2026-02-17T18:35:39","modified_gmt":"2026-02-17T18:35:39","slug":"feno","status":"publish","type":"page","link":"https:\/\/novusmedical.ca\/fr\/lotharmedical\/feno\/","title":{"rendered":"FENO"},"content":{"rendered":"<div class=\"wpb-content-wrapper\">[vc_row css=&#8221;.vc_custom_1761586664265{margin-top: -50px !important;margin-bottom: 15px !important;}&#8221;][vc_column]\n\t\t\t<!-- START FENO  FR REVOLUTION SLIDER 6.6.9 --><p class=\"rs-p-wp-fix\"><\/p>\n\t\t\t<rs-module-wrap id=\"rev_slider_140_1_wrapper\" data-source=\"gallery\" style=\"visibility:hidden;background:transparent;padding:0;margin:0px auto;margin-top:0;margin-bottom:0;\">\n\t\t\t\t<rs-module id=\"rev_slider_140_1\" style=\"\" data-version=\"6.6.9\">\n\t\t\t\t\t<rs-slides style=\"overflow: hidden; position: absolute;\">\n\t\t\t\t\t\t<rs-slide style=\"position: absolute;\" data-key=\"rs-217\" data-title=\"AirLiquide ENG\" data-anim=\"adpr:false;\" data-in=\"o:0;\" data-out=\"a:false;\">\n\t\t\t\t\t\t\t<img data-recalc-dims=\"1\" decoding=\"async\" src=\"https:\/\/i0.wp.com\/novusmedical.ca\/wp-content\/plugins\/revslider\/public\/assets\/assets\/dummy.png?resize=1920%2C1080\" alt=\"\" title=\"fenoinuse\" width=\"1920\" height=\"1080\" class=\"rev-slidebg tp-rs-img rs-lazyload\" data-lazyload=\"\/\/novusmedical.ca\/wp-content\/uploads\/2026\/02\/fenoinuse.png\" data-no-retina>\n<!--\n\t\t\t\t\t\t\t--><rs-layer\n\t\t\t\t\t\t\t\tid=\"slider-140-slide-217-layer-0\" \n\t\t\t\t\t\t\t\tdata-type=\"shape\"\n\t\t\t\t\t\t\t\tdata-rsp_ch=\"on\"\n\t\t\t\t\t\t\t\tdata-xy=\"x:c;\"\n\t\t\t\t\t\t\t\tdata-text=\"w:normal;\"\n\t\t\t\t\t\t\t\tdata-dim=\"w:3000px;h:1800;\"\n\t\t\t\t\t\t\t\tdata-frame_999=\"o:0;st:w;\"\n\t\t\t\t\t\t\t\tstyle=\"z-index:6;background-color:rgba(2,23,101,0.75);\"\n\t\t\t\t\t\t\t> \n\t\t\t\t\t\t\t<\/rs-layer><!--\n\n\t\t\t\t\t\t\t--><rs-layer\n\t\t\t\t\t\t\t\tid=\"slider-140-slide-217-layer-1\" \n\t\t\t\t\t\t\t\tdata-type=\"image\"\n\t\t\t\t\t\t\t\tdata-rsp_ch=\"on\"\n\t\t\t\t\t\t\t\tdata-xy=\"x:c;xo:-505px;y:c;yo:-260px;\"\n\t\t\t\t\t\t\t\tdata-text=\"w:normal;\"\n\t\t\t\t\t\t\t\tdata-dim=\"w:91px;h:91px;\"\n\t\t\t\t\t\t\t\tdata-frame_999=\"o:0;st:w;\"\n\t\t\t\t\t\t\t\tstyle=\"z-index:7;\"\n\t\t\t\t\t\t\t><img data-recalc-dims=\"1\" decoding=\"async\" src=\"https:\/\/i0.wp.com\/novusmedical.ca\/wp-content\/plugins\/revslider\/public\/assets\/assets\/dummy.png?resize=900%2C900\" alt=\"\" class=\"tp-rs-img rs-lazyload\" width=\"900\" height=\"900\" data-lazyload=\"\/\/novusmedical.ca\/wp-content\/uploads\/2026\/02\/Lotharmedicallogo_White.png\" data-no-retina> \n\t\t\t\t\t\t\t<\/rs-layer><!--\n\n\t\t\t\t\t\t\t--><rs-layer\n\t\t\t\t\t\t\t\tid=\"slider-140-slide-217-layer-2\" \n\t\t\t\t\t\t\t\tdata-type=\"text\"\n\t\t\t\t\t\t\t\tdata-color=\"#86dfc6\"\n\t\t\t\t\t\t\t\tdata-rsp_ch=\"on\"\n\t\t\t\t\t\t\t\tdata-xy=\"x:c;y:354px;\"\n\t\t\t\t\t\t\t\tdata-text=\"w:normal;s:72;l:50;fw:900;a:center;\"\n\t\t\t\t\t\t\t\tdata-dim=\"w:989px;h:56px;minh:0px;\"\n\t\t\t\t\t\t\t\tdata-frame_999=\"o:0;st:w;\"\n\t\t\t\t\t\t\t\tstyle=\"z-index:10;font-family:'Roboto';text-transform:capitalize;\"\n\t\t\t\t\t\t\t>FENO \n\t\t\t\t\t\t\t<\/rs-layer><!--\n\n\t\t\t\t\t\t\t--><rs-layer\n\t\t\t\t\t\t\t\tid=\"slider-140-slide-217-layer-3\" \n\t\t\t\t\t\t\t\tdata-type=\"text\"\n\t\t\t\t\t\t\t\tdata-color=\"#ffffff\"\n\t\t\t\t\t\t\t\tdata-rsp_ch=\"on\"\n\t\t\t\t\t\t\t\tdata-xy=\"x:c;y:c;yo:540px;\"\n\t\t\t\t\t\t\t\tdata-text=\"w:normal;s:32;l:50;a:center;\"\n\t\t\t\t\t\t\t\tdata-dim=\"w:989px;minh:0px;\"\n\t\t\t\t\t\t\t\tdata-frame_999=\"o:0;st:w;\"\n\t\t\t\t\t\t\t\tstyle=\"z-index:9;font-family:'Roboto';text-transform:uppercase;\"\n\t\t\t\t\t\t\t>with Innovative Solutions for Healthcare Professionals \n\t\t\t\t\t\t\t<\/rs-layer><!--\n\n\t\t\t\t\t\t\t--><rs-layer\n\t\t\t\t\t\t\t\tid=\"slider-140-slide-217-layer-5\" \n\t\t\t\t\t\t\t\tdata-type=\"text\"\n\t\t\t\t\t\t\t\tdata-color=\"#ffffff\"\n\t\t\t\t\t\t\t\tdata-rsp_ch=\"on\"\n\t\t\t\t\t\t\t\tdata-xy=\"x:c;y:417px;\"\n\t\t\t\t\t\t\t\tdata-text=\"w:normal;s:34;l:50;fw:300;a:center;\"\n\t\t\t\t\t\t\t\tdata-dim=\"w:989px;minh:0px;\"\n\t\t\t\t\t\t\t\tdata-frame_999=\"o:0;st:w;\"\n\t\t\t\t\t\t\t\tstyle=\"z-index:8;font-family:'Roboto';text-transform:capitalize;\"\n\t\t\t\t\t\t\t>Oxyde nitrique expir\u00e9 fractionnaire \n\t\t\t\t\t\t\t<\/rs-layer><!--\n-->\t\t\t\t\t\t<\/rs-slide>\n\t\t\t\t\t<\/rs-slides>\n\t\t\t\t<\/rs-module>\n\t\t\t\t<script>\n\t\t\t\t\tsetREVStartSize({c: 'rev_slider_140_1',rl:[1240,1024,778,480],el:[700],gw:[1240],gh:[700],type:'standard',justify:'',layout:'fullwidth',mh:\"0\"});if (window.RS_MODULES!==undefined && window.RS_MODULES.modules!==undefined && window.RS_MODULES.modules[\"revslider1401\"]!==undefined) {window.RS_MODULES.modules[\"revslider1401\"].once = false;window.revapi140 = undefined;if (window.RS_MODULES.checkMinimal!==undefined) window.RS_MODULES.checkMinimal()}\n\t\t\t\t<\/script>\n\t\t\t<\/rs-module-wrap>\n\t\t\t<!-- END REVOLUTION SLIDER -->\n[\/vc_column][\/vc_row][vc_row][vc_column][vc_empty_space height=&#8221;150px&#8221;][vc_custom_heading text=&#8221;Rapide, simple et pr\u00e9cis&#8221; font_container=&#8221;tag:h2|font_size:40|text_align:center|color:%2386DFC6|line_height:1.15&#8243; google_fonts=&#8221;font_family:Roboto%3A100%2C100italic%2C300%2C300italic%2Cregular%2Citalic%2C500%2C500italic%2C700%2C700italic%2C900%2C900italic|font_style:900%20bold%20regular%3A900%3Anormal&#8221; css=&#8221;&#8221;][vc_custom_heading text=&#8221;Des r\u00e9sultats rapides pour une surveillance compl\u00e8te de la sant\u00e9 respiratoire.&#8221; font_container=&#8221;tag:h2|font_size:24|text_align:center|color:%23021765|line_height:1.25&#8243; google_fonts=&#8221;font_family:Roboto%3A100%2C100italic%2C300%2C300italic%2Cregular%2Citalic%2C500%2C500italic%2C700%2C700italic%2C900%2C900italic|font_style:700%20bold%20regular%3A700%3Anormal&#8221; css=&#8221;&#8221;][vc_column_text css=&#8221;.vc_custom_1770231808117{margin-bottom: 15px !important;}&#8221;]\n<p style=\"text-align: center;\">Notre appareil FENO mesure la concentration d&#8217;oxyde nitrique dans l&#8217;air expir\u00e9, fournissant ainsi des informations cruciales sur l&#8217;inflammation des voies respiratoires. En fournissant des donn\u00e9es pr\u00e9cises en temps r\u00e9el, les professionnels de la sant\u00e9 peuvent mieux surveiller et g\u00e9rer les affections des voies respiratoires.<\/p>\n[\/vc_column_text][vc_btn title=&#8221;Demande de devis&#8221; style=&#8221;outline-custom&#8221; outline_custom_color=&#8221;#000000&#8243; outline_custom_hover_background=&#8221;#93d500&#8243; outline_custom_hover_text=&#8221;#ffffff&#8221; shape=&#8221;square&#8221; size=&#8221;sm&#8221; align=&#8221;center&#8221; css=&#8221;.vc_custom_1770229814573{padding-top: 25px !important;}&#8221; link=&#8221;url:http%3A%2F%2Fnovusmedical.jzx.oms.mybluehost.me%2F%3Fpage_id%3D225|title:Contacter%20Novus|&#8221;][vc_empty_space height=&#8221;50px&#8221;][\/vc_column][\/vc_row][vc_row full_width=&#8221;stretch_row&#8221; gap=&#8221;35&#8243; content_placement=&#8221;top&#8221; css=&#8221;.vc_custom_1761586611581{margin-left: 0px !important;background-color: #ffffff !important;}&#8221; el_id=&#8221;aeramaxproii&#8221;][vc_column width=&#8221;1\/2&#8243; css=&#8221;.vc_custom_1740423795327{padding-right: 50px !important;}&#8221;][vc_empty_space height=&#8221;50px&#8221;][vc_single_image image=&#8221;14658&#8243; img_size=&#8221;large&#8221; alignment=&#8221;center&#8221; onclick=&#8221;link_image&#8221; css=&#8221;&#8221;][\/vc_column][vc_column width=&#8221;1\/2&#8243; css=&#8221;.vc_custom_1770229794674{margin-left: 0px !important;}&#8221;][vc_empty_space height=&#8221;50px&#8221;][vc_custom_heading text=&#8221;Fonctions&#8221; font_container=&#8221;tag:h2|font_size:32|text_align:left|color:%23021765|line_height:1.25&#8243; google_fonts=&#8221;font_family:Roboto%3A100%2C100italic%2C300%2C300italic%2Cregular%2Citalic%2C500%2C500italic%2C700%2C700italic%2C900%2C900italic|font_style:700%20bold%20regular%3A700%3Anormal&#8221; css=&#8221;&#8221;][vc_column_text css=&#8221;&#8221;]<span style=\"color: #86dfc6;\"><strong>Mesure les niveaux d&#8217;oxyde nitrique :<\/strong><\/span> D\u00e9tecte l&#8217;oxyde nitrique exhal\u00e9 pour \u00e9valuer l&#8217;inflammation des voies respiratoires, fournissant ainsi des informations vitales sur la sant\u00e9 respiratoire.<\/p>\n<p><span style=\"color: #86dfc6;\"><strong>Non invasif et facile \u00e0 utiliser :<\/strong><\/span> Le test simple et rapide assure le confort des patients, tout en fournissant des donn\u00e9es pr\u00e9cises pour une prise en charge efficace.[\/vc_column_text][vc_empty_space height=&#8221;30px&#8221;][vc_custom_heading text=&#8221;Applications&#8221; font_container=&#8221;tag:h2|font_size:32|text_align:left|color:%23021765|line_height:1.25&#8243; google_fonts=&#8221;font_family:Roboto%3A100%2C100italic%2C300%2C300italic%2Cregular%2Citalic%2C500%2C500italic%2C700%2C700italic%2C900%2C900italic|font_style:700%20bold%20regular%3A700%3Anormal&#8221; css=&#8221;&#8221;][vc_column_text css=&#8221;&#8221;]<span style=\"color: #86dfc6;\"><strong>Gestion de l&#8217;asthme :<\/strong><\/span> La surveillance r\u00e9guli\u00e8re de l&#8217;inflammation des voies respiratoires permet de traiter efficacement l&#8217;asthme, de suivre l&#8217;\u00e9volution de la maladie et d&#8217;am\u00e9liorer les r\u00e9sultats pour le patient.<\/p>\n<p><strong><span style=\"color: #86dfc6;\">Suivi de la BPCO :<\/span><\/strong> Permet d&#8217;identifier et de suivre les niveaux d&#8217;inflammation chez les patients atteints de bronchopneumopathie chronique obstructive (BPCO), ce qui favorise une intervention pr\u00e9coce et un traitement adapt\u00e9.<\/p>\n<p><strong><span style=\"color: #86dfc6;\">Affections inflammatoires :<\/span><\/strong> Permet d&#8217;identifier d&#8217;autres maladies inflammatoires et d&#8217;orienter les strat\u00e9gies th\u00e9rapeutiques et pr\u00e9ventives.[\/vc_column_text][vc_empty_space height=&#8221;30px&#8221;][vc_custom_heading text=&#8221;Soutien th\u00e9rapeutique&#8221; font_container=&#8221;tag:h2|font_size:32|text_align:left|color:%23021765|line_height:1.25&#8243; google_fonts=&#8221;font_family:Roboto%3A100%2C100italic%2C300%2C300italic%2Cregular%2Citalic%2C500%2C500italic%2C700%2C700italic%2C900%2C900italic|font_style:700%20bold%20regular%3A700%3Anormal&#8221; css=&#8221;&#8221;][vc_column_text css=&#8221;&#8221;]<span style=\"color: #86dfc6;\"><strong>Soins de sant\u00e9 proactifs :<\/strong> <\/span>La surveillance de routine favorise la d\u00e9tection pr\u00e9coce, la pr\u00e9vention des exacerbations et une meilleure gestion des maladies respiratoires chroniques.<\/p>\n<p><strong><span style=\"color: #86dfc6;\">Int\u00e9gration transparente :<\/span><\/strong> S&#8217;int\u00e8gre facilement dans les flux de travail des services de sant\u00e9 existants, offrant des r\u00e9sultats rapides et fiables avec un minimum de perturbations.<\/p>\n<p><span style=\"color: #86dfc6;\"><strong>Plans de traitement am\u00e9lior\u00e9s :<\/strong><\/span> En fournissant des mesures pr\u00e9cises de l&#8217;inflammation des voies respiratoires, les prestataires de soins de sant\u00e9 peuvent ajuster les strat\u00e9gies de traitement pour optimiser les soins aux patients.[\/vc_column_text][\/vc_column][\/vc_row][vc_row][vc_column][vc_empty_space height=&#8221;200px&#8221;][vc_custom_heading text=&#8221;Parcours clinique&#8221; font_container=&#8221;tag:h2|font_size:36|text_align:center|color:%23021765|line_height:1.25&#8243; google_fonts=&#8221;font_family:Roboto%3A100%2C100italic%2C300%2C300italic%2Cregular%2Citalic%2C500%2C500italic%2C700%2C700italic%2C900%2C900italic|font_style:900%20bold%20regular%3A900%3Anormal&#8221; css=&#8221;&#8221;][vc_separator css=&#8221;&#8221;][vc_single_image image=&#8221;14713&#8243; img_size=&#8221;full&#8221; alignment=&#8221;center&#8221; onclick=&#8221;link_image&#8221; css=&#8221;.vc_custom_1770395559931{padding-top: 0px !important;}&#8221;][vc_btn title=&#8221;T\u00e9l\u00e9charger le parcours clinique&#8221; style=&#8221;outline-custom&#8221; outline_custom_color=&#8221;#000000&#8243; outline_custom_hover_background=&#8221;#93d500&#8243; outline_custom_hover_text=&#8221;#ffffff&#8221; shape=&#8221;square&#8221; size=&#8221;sm&#8221; align=&#8221;center&#8221; css=&#8221;.vc_custom_1770395592766{margin-top: -50px !important;}&#8221; link=&#8221;url:https%3A%2F%2Fnovusmedical.ca%2Fwp-content%2Fuploads%2F2026%2F02%2Flothar-medical-pathway-2025-1.jpg|title:voie%20clinique|target:_blank|&#8221;][vc_empty_space height=&#8221;250px&#8221;][\/vc_column][\/vc_row][vc_row full_width=&#8221;stretch_row_content&#8221; content_placement=&#8221;middle&#8221; css=&#8221;.vc_custom_1770396793399{margin-bottom: -5px !important;background-color: #021765 !important;}&#8221;][vc_column][vc_custom_heading text=&#8221;Retourner \u00e0 Lothar Medical Products&#8221; font_container=&#8221;tag:h2|font_size:40|text_align:center|color:%2386DFC6|line_height:1.25&#8243; google_fonts=&#8221;font_family:Roboto%3A100%2C100italic%2C300%2C300italic%2Cregular%2Citalic%2C500%2C500italic%2C700%2C700italic%2C900%2C900italic|font_style:900%20bold%20regular%3A900%3Anormal&#8221; css=&#8221;.vc_custom_1770396561626{margin-top: 25px !important;}&#8221; link=&#8221;url:https%3A%2F%2Fnovusmedical.ca%2Ffr%2Flotharmedical%2F|title:LotharMedical|&#8221;][vc_btn title=&#8221;Explorez les produits m\u00e9dicaux Lothar&#8221; style=&#8221;outline-custom&#8221; outline_custom_color=&#8221;#FFFFFF&#8221; outline_custom_hover_background=&#8221;#86DFC6&#8243; outline_custom_hover_text=&#8221;#021765&#8243; shape=&#8221;square&#8221; size=&#8221;sm&#8221; align=&#8221;center&#8221; css=&#8221;.vc_custom_1770397653602{margin-top: 25px !important;margin-bottom: 75px !important;}&#8221; link=&#8221;url:https%3A%2F%2Fnovusmedical.ca%2Ffr%2Flotharmedical%2F|&#8221;][\/vc_column][\/vc_row][vc_row full_width=&#8221;stretch_row&#8221; css=&#8221;.vc_custom_1770396758927{margin-bottom: -60px !important;border-bottom-width: 0px !important;padding-top: 100px !important;padding-bottom: 75px !important;background-image: url(https:\/\/novusmedical.ca\/wp-content\/uploads\/2023\/01\/Background-image-for-Web.png?id=8936) !important;background-position: center !important;background-repeat: no-repeat !important;background-size: cover !important;}&#8221;][vc_column width=&#8221;1\/3&#8243;][vc_single_image image=&#8221;9975&#8243; img_size=&#8221;large&#8221; alignment=&#8221;center&#8221;][vc_empty_space height=&#8221;5px&#8221;][\/vc_column][vc_column width=&#8221;2\/3&#8243; css=&#8221;.vc_custom_1770229832965{margin-left: 0px !important;}&#8221;][vc_empty_space height=&#8221;10px&#8221;][vc_custom_heading text=&#8221;Consultez notre catalogue de produits PFT !&#8221; font_container=&#8221;tag:h2|font_size:34|text_align:left|color:%2395c93d|line_height:1.25&#8243; google_fonts=&#8221;font_family:Roboto%3A100%2C100italic%2C300%2C300italic%2Cregular%2Citalic%2C500%2C500italic%2C700%2C700italic%2C900%2C900italic|font_style:900%20bold%20regular%3A900%3Anormal&#8221;][vc_custom_heading text=&#8221;Nous avons mis au point notre syst\u00e8me d&#8217;information Novus Medical Inc. Le catalogue des tests de la fonction pulmonaire a pour but de pr\u00e9senter et de fournir tous nos produits de test de la fonction pulmonaire dans un seul PDF t\u00e9l\u00e9chargeable.&#8221; font_container=&#8221;tag:h2|font_size:18|text_align:left|color:%23ffffff|line_height:1.5&#8243; google_fonts=&#8221;font_family:Roboto%3A100%2C100italic%2C300%2C300italic%2Cregular%2Citalic%2C500%2C500italic%2C700%2C700italic%2C900%2C900italic|font_style:400%20regular%3A400%3Anormal&#8221;][vc_empty_space height=&#8221;5px&#8221;][vc_row_inner][vc_column_inner width=&#8221;1\/4&#8243;][vc_btn title=&#8221;T\u00e9l\u00e9charger l&#8217;anglais&#8221; style=&#8221;outline-custom&#8221; outline_custom_color=&#8221;#ffffff&#8221; outline_custom_hover_background=&#8221;#93d500&#8243; outline_custom_hover_text=&#8221;#000000&#8243; shape=&#8221;square&#8221; align=&#8221;left&#8221; link=&#8221;url:https%3A%2F%2Fnovusmedical.ca%2Fwp-content%2Fuploads%2F2023%2F01%2FNM_ENG_PFTCatalogue_LoRes.pdf|target:_blank|&#8221;][\/vc_column_inner][vc_column_inner width=&#8221;1\/4&#8243;][vc_btn title=&#8221;Voir l&#8217;anglais&#8221; style=&#8221;outline-custom&#8221; outline_custom_color=&#8221;#ffffff&#8221; outline_custom_hover_background=&#8221;#93d500&#8243; outline_custom_hover_text=&#8221;#000000&#8243; shape=&#8221;square&#8221; align=&#8221;left&#8221; i_icon_fontawesome=&#8221;fas fa-book-open&#8221; add_icon=&#8221;true&#8221; link=&#8221;url:https%3A%2F%2Fnovusmedical.ca%2Fcardio-pulmonary-diagnostics%2F8333-2%2F|title:Catalogue%20PFTC|&#8221;][\/vc_column_inner][vc_column_inner width=&#8221;1\/4&#8243;][vc_btn title=&#8221;T\u00e9l\u00e9charger le fran\u00e7ais&#8221; style=&#8221;outline-custom&#8221; outline_custom_color=&#8221;#ffffff&#8221; outline_custom_hover_background=&#8221;#93d500&#8243; outline_custom_hover_text=&#8221;#000000&#8243; shape=&#8221;square&#8221; align=&#8221;left&#8221; link=&#8221;url:https%3A%2F%2Fnovusmedical.ca%2Fwp-content%2Fuploads%2F2023%2F05%2FNM_FR_PFTCatalogue_LoRes.pdf|target:_blank|&#8221;][\/vc_column_inner][vc_column_inner width=&#8221;1\/4&#8243;][vc_btn title=&#8221;Voir le fran\u00e7ais&#8221; style=&#8221;outline-custom&#8221; outline_custom_color=&#8221;#ffffff&#8221; outline_custom_hover_background=&#8221;#93d500&#8243; outline_custom_hover_text=&#8221;#000000&#8243; shape=&#8221;square&#8221; align=&#8221;left&#8221; i_icon_fontawesome=&#8221;fas fa-book-open&#8221; add_icon=&#8221;true&#8221; link=&#8221;url:https%3A%2F%2Fnovusmedical.ca%2Ffr%2Fdiagnostic-pulmonaire%2Fcatalogue-francais-de-la-pft%2F|title:Catalogue%20PFTC|&#8221;][\/vc_column_inner][\/vc_row_inner][\/vc_column][\/vc_row]\n<\/div>","protected":false},"excerpt":{"rendered":"<p>[vc_row css=&#8221;.vc_custom_1761586664265{margin-top: -50px !important;margin-bottom: 15px !important;}&#8221;][vc_column][\/vc_column][\/vc_row][vc_row][vc_column][vc_empty_space height=&#8221;150px&#8221;][vc_custom_heading text=&#8221;Rapide, simple et pr\u00e9cis&#8221; font_container=&#8221;tag:h2|font_size:40|text_align:center|color:%2386DFC6|line_height:1.15&#8243; google_fonts=&#8221;font_family:Roboto%3A100%2C100italic%2C300%2C300italic%2Cregular%2Citalic%2C500%2C500italic%2C700%2C700italic%2C900%2C900italic|font_style:900%20bold%20regular%3A900%3Anormal&#8221; css=&#8221;&#8221;][vc_custom_heading text=&#8221;Des r\u00e9sultats rapides pour une surveillance [&hellip;]<\/p>\n","protected":false},"author":2,"featured_media":14658,"parent":14777,"menu_order":0,"comment_status":"closed","ping_status":"closed","template":"","meta":{"om_disable_all_campaigns":false,"_monsterinsights_skip_tracking":false,"_monsterinsights_sitenote_active":false,"_monsterinsights_sitenote_note":"","_monsterinsights_sitenote_category":0,"footnotes":""},"class_list":["post-14795","page","type-page","status-publish","has-post-thumbnail","hentry"],"jetpack_sharing_enabled":true,"_links":{"self":[{"href":"https:\/\/novusmedical.ca\/fr\/wp-json\/wp\/v2\/pages\/14795","targetHints":{"allow":["GET"]}}],"collection":[{"href":"https:\/\/novusmedical.ca\/fr\/wp-json\/wp\/v2\/pages"}],"about":[{"href":"https:\/\/novusmedical.ca\/fr\/wp-json\/wp\/v2\/types\/page"}],"author":[{"embeddable":true,"href":"https:\/\/novusmedical.ca\/fr\/wp-json\/wp\/v2\/users\/2"}],"replies":[{"embeddable":true,"href":"https:\/\/novusmedical.ca\/fr\/wp-json\/wp\/v2\/comments?post=14795"}],"version-history":[{"count":5,"href":"https:\/\/novusmedical.ca\/fr\/wp-json\/wp\/v2\/pages\/14795\/revisions"}],"predecessor-version":[{"id":14800,"href":"https:\/\/novusmedical.ca\/fr\/wp-json\/wp\/v2\/pages\/14795\/revisions\/14800"}],"up":[{"embeddable":true,"href":"https:\/\/novusmedical.ca\/fr\/wp-json\/wp\/v2\/pages\/14777"}],"wp:featuredmedia":[{"embeddable":true,"href":"https:\/\/novusmedical.ca\/fr\/wp-json\/wp\/v2\/media\/14658"}],"wp:attachment":[{"href":"https:\/\/novusmedical.ca\/fr\/wp-json\/wp\/v2\/media?parent=14795"}],"curies":[{"name":"wp","href":"https:\/\/api.w.org\/{rel}","templated":true}]}}