{"id":14783,"date":"2026-02-04T18:15:36","date_gmt":"2026-02-04T18:15:36","guid":{"rendered":"https:\/\/novusmedical.ca\/lotharmedical\/alds\/"},"modified":"2026-02-17T18:28:52","modified_gmt":"2026-02-17T18:28:52","slug":"alds","status":"publish","type":"page","link":"https:\/\/novusmedical.ca\/fr\/lotharmedical\/alds\/","title":{"rendered":"ALDS"},"content":{"rendered":"<div class=\"wpb-content-wrapper\">[vc_row css=&#8221;.vc_custom_1761586664265{margin-top: -50px !important;margin-bottom: 15px !important;}&#8221;][vc_column]\n\t\t\t<!-- START ALDS  FR REVOLUTION SLIDER 6.6.9 --><p class=\"rs-p-wp-fix\"><\/p>\n\t\t\t<rs-module-wrap id=\"rev_slider_138_1_wrapper\" data-source=\"gallery\" style=\"visibility:hidden;background:transparent;padding:0;margin:0px auto;margin-top:0;margin-bottom:0;\">\n\t\t\t\t<rs-module id=\"rev_slider_138_1\" style=\"\" data-version=\"6.6.9\">\n\t\t\t\t\t<rs-slides style=\"overflow: hidden; position: absolute;\">\n\t\t\t\t\t\t<rs-slide style=\"position: absolute;\" data-key=\"rs-215\" data-title=\"AirLiquide ENG\" data-anim=\"adpr:false;\" data-in=\"o:0;\" data-out=\"a:false;\">\n\t\t\t\t\t\t\t<img data-recalc-dims=\"1\" decoding=\"async\" src=\"https:\/\/i0.wp.com\/novusmedical.ca\/wp-content\/plugins\/revslider\/public\/assets\/assets\/dummy.png?resize=1920%2C1080\" alt=\"AirLiquide ENG\" title=\"hospitalhero\" width=\"1920\" height=\"1080\" class=\"rev-slidebg tp-rs-img rs-lazyload\" data-lazyload=\"\/\/novusmedical.ca\/wp-content\/plugins\/revslider\/public\/assets\/assets\/transparent.png\" data-bg=\"c:#021765;\" data-no-retina>\n<!--\n\t\t\t\t\t\t\t--><rs-layer\n\t\t\t\t\t\t\t\tid=\"slider-138-slide-215-layer-1\" \n\t\t\t\t\t\t\t\tdata-type=\"image\"\n\t\t\t\t\t\t\t\tdata-rsp_ch=\"on\"\n\t\t\t\t\t\t\t\tdata-xy=\"x:c;y:c;yo:-48px;\"\n\t\t\t\t\t\t\t\tdata-text=\"w:normal;\"\n\t\t\t\t\t\t\t\tdata-dim=\"w:266px;h:266px;\"\n\t\t\t\t\t\t\t\tdata-frame_999=\"o:0;st:w;\"\n\t\t\t\t\t\t\t\tstyle=\"z-index:6;\"\n\t\t\t\t\t\t\t><img data-recalc-dims=\"1\" decoding=\"async\" src=\"https:\/\/i0.wp.com\/novusmedical.ca\/wp-content\/plugins\/revslider\/public\/assets\/assets\/dummy.png?resize=900%2C900\" alt=\"\" class=\"tp-rs-img rs-lazyload\" width=\"900\" height=\"900\" data-lazyload=\"\/\/novusmedical.ca\/wp-content\/uploads\/2026\/02\/Lotharmedicallogo_White.png\" data-no-retina> \n\t\t\t\t\t\t\t<\/rs-layer><!--\n\n\t\t\t\t\t\t\t--><rs-layer\n\t\t\t\t\t\t\t\tid=\"slider-138-slide-215-layer-2\" \n\t\t\t\t\t\t\t\tdata-type=\"text\"\n\t\t\t\t\t\t\t\tdata-color=\"#86dfc6\"\n\t\t\t\t\t\t\t\tdata-rsp_ch=\"on\"\n\t\t\t\t\t\t\t\tdata-xy=\"x:c;y:483px;\"\n\t\t\t\t\t\t\t\tdata-text=\"w:normal;s:62;l:50;fw:900;a:center;\"\n\t\t\t\t\t\t\t\tdata-dim=\"w:989px;minh:0px;\"\n\t\t\t\t\t\t\t\tdata-frame_999=\"o:0;st:w;\"\n\t\t\t\t\t\t\t\tstyle=\"z-index:7;font-family:'Roboto';text-transform:capitalize;\"\n\t\t\t\t\t\t\t>ALDS \n\t\t\t\t\t\t\t<\/rs-layer><!--\n\n\t\t\t\t\t\t\t--><rs-layer\n\t\t\t\t\t\t\t\tid=\"slider-138-slide-215-layer-3\" \n\t\t\t\t\t\t\t\tdata-type=\"text\"\n\t\t\t\t\t\t\t\tdata-color=\"#ffffff\"\n\t\t\t\t\t\t\t\tdata-rsp_ch=\"on\"\n\t\t\t\t\t\t\t\tdata-xy=\"x:c;y:c;yo:540px;\"\n\t\t\t\t\t\t\t\tdata-text=\"w:normal;s:32;l:50;a:center;\"\n\t\t\t\t\t\t\t\tdata-dim=\"w:989px;minh:0px;\"\n\t\t\t\t\t\t\t\tdata-frame_999=\"o:0;st:w;\"\n\t\t\t\t\t\t\t\tstyle=\"z-index:7;font-family:'Roboto';text-transform:uppercase;\"\n\t\t\t\t\t\t\t>with Innovative Solutions for Healthcare Professionals \n\t\t\t\t\t\t\t<\/rs-layer><!--\n\n\t\t\t\t\t\t\t--><rs-layer\n\t\t\t\t\t\t\t\tid=\"slider-138-slide-215-layer-5\" \n\t\t\t\t\t\t\t\tdata-type=\"text\"\n\t\t\t\t\t\t\t\tdata-color=\"#ffffff\"\n\t\t\t\t\t\t\t\tdata-rsp_ch=\"on\"\n\t\t\t\t\t\t\t\tdata-xy=\"x:c;y:547px;\"\n\t\t\t\t\t\t\t\tdata-text=\"w:normal;s:34;l:50;fw:300;a:center;\"\n\t\t\t\t\t\t\t\tdata-dim=\"w:989px;minh:0px;\"\n\t\t\t\t\t\t\t\tdata-frame_999=\"o:0;st:w;\"\n\t\t\t\t\t\t\t\tstyle=\"z-index:7;font-family:'Roboto';text-transform:capitalize;\"\n\t\t\t\t\t\t\t>Syst\u00e8me ambulatoire de sant\u00e9 pulmonaire \n\t\t\t\t\t\t\t<\/rs-layer><!--\n-->\t\t\t\t\t\t<\/rs-slide>\n\t\t\t\t\t<\/rs-slides>\n\t\t\t\t<\/rs-module>\n\t\t\t\t<script>\n\t\t\t\t\tsetREVStartSize({c: 'rev_slider_138_1',rl:[1240,1024,778,480],el:[700],gw:[1240],gh:[700],type:'standard',justify:'',layout:'fullwidth',mh:\"0\"});if (window.RS_MODULES!==undefined && window.RS_MODULES.modules!==undefined && window.RS_MODULES.modules[\"revslider1381\"]!==undefined) {window.RS_MODULES.modules[\"revslider1381\"].once = false;window.revapi138 = undefined;if (window.RS_MODULES.checkMinimal!==undefined) window.RS_MODULES.checkMinimal()}\n\t\t\t\t<\/script>\n\t\t\t<\/rs-module-wrap>\n\t\t\t<!-- END REVOLUTION SLIDER -->\n[\/vc_column][\/vc_row][vc_row][vc_column width=&#8221;1\/6&#8243;][\/vc_column][vc_column width=&#8221;2\/3&#8243;][vc_empty_space height=&#8221;125px&#8221;][vc_custom_heading text=&#8221;La pr\u00e9cision au service de la portabilit\u00e9&#8221; font_container=&#8221;tag:h2|font_size:40|text_align:center|color:%2386DFC6|line_height:1.15&#8243; google_fonts=&#8221;font_family:Roboto%3A100%2C100italic%2C300%2C300italic%2Cregular%2Citalic%2C500%2C500italic%2C700%2C700italic%2C900%2C900italic|font_style:900%20bold%20regular%3A900%3Anormal&#8221; css=&#8221;&#8221;][vc_custom_heading text=&#8221;\u00c9valuations fiables des poumons avec une qualit\u00e9 de donn\u00e9es prouv\u00e9e.&#8221; font_container=&#8221;tag:h2|font_size:24|text_align:center|color:%23021765|line_height:1.15&#8243; google_fonts=&#8221;font_family:Roboto%3A100%2C100italic%2C300%2C300italic%2Cregular%2Citalic%2C500%2C500italic%2C700%2C700italic%2C900%2C900italic|font_style:700%20bold%20regular%3A700%3Anormal&#8221; css=&#8221;&#8221;][vc_column_text css=&#8221;.vc_custom_1770223776035{margin-bottom: 15px !important;}&#8221;]\n<p style=\"text-align: left;\">L&#8217;ALDS est une solution portable con\u00e7ue pour des \u00e9valuations efficaces de la sant\u00e9 pulmonaire, mesurant la spirom\u00e9trie et la r\u00e9sistance des voies a\u00e9riennes. Sa facilit\u00e9 d&#8217;utilisation, son exhaustivit\u00e9 et son prix abordable en font un outil id\u00e9al pour les soins ambulatoires.<\/p>\n[\/vc_column_text][vc_empty_space height=&#8221;50px&#8221;][\/vc_column][vc_column width=&#8221;1\/6&#8243;][\/vc_column][\/vc_row][vc_row full_width=&#8221;stretch_row&#8221; gap=&#8221;35&#8243; content_placement=&#8221;top&#8221; css=&#8221;.vc_custom_1761586611581{margin-left: 0px !important;background-color: #ffffff !important;}&#8221; el_id=&#8221;aeramaxproii&#8221;][vc_column width=&#8221;1\/2&#8243; css=&#8221;.vc_custom_1740423795327{padding-right: 50px !important;}&#8221;][vc_empty_space height=&#8221;50px&#8221;][vc_single_image image=&#8221;14654&#8243; img_size=&#8221;large&#8221; alignment=&#8221;center&#8221; onclick=&#8221;link_image&#8221; css=&#8221;&#8221;][vc_row_inner][vc_column_inner width=&#8221;1\/2&#8243;][vc_btn title=&#8221;Brochure du produit ALDS&#8221; style=&#8221;outline-custom&#8221; outline_custom_color=&#8221;#000000&#8243; outline_custom_hover_background=&#8221;#93d500&#8243; outline_custom_hover_text=&#8221;#ffffff&#8221; shape=&#8221;square&#8221; size=&#8221;sm&#8221; align=&#8221;center&#8221; css=&#8221;.vc_custom_1770229413910{padding-top: 25px !important;}&#8221; link=&#8221;url:https%3A%2F%2Fnovusmedical.ca%2Fwp-content%2Fuploads%2F2026%2F02%2FALDS-BROCHURE-1.pdf|title:ALDS|&#8221;][\/vc_column_inner][vc_column_inner width=&#8221;1\/2&#8243;][vc_btn title=&#8221;Demande de devis&#8221; style=&#8221;outline-custom&#8221; outline_custom_color=&#8221;#000000&#8243; outline_custom_hover_background=&#8221;#93d500&#8243; outline_custom_hover_text=&#8221;#ffffff&#8221; shape=&#8221;square&#8221; size=&#8221;sm&#8221; align=&#8221;center&#8221; css=&#8221;.vc_custom_1770229814573{padding-top: 25px !important;}&#8221; link=&#8221;url:http%3A%2F%2Fnovusmedical.jzx.oms.mybluehost.me%2F%3Fpage_id%3D225|title:Contacter%20Novus|&#8221;][\/vc_column_inner][\/vc_row_inner][\/vc_column][vc_column width=&#8221;1\/2&#8243; css=&#8221;.vc_custom_1770229794674{margin-left: 0px !important;}&#8221;][vc_empty_space height=&#8221;50px&#8221;][vc_custom_heading text=&#8221;Fonctions&#8221; font_container=&#8221;tag:h2|font_size:32|text_align:left|color:%23021765|line_height:1.25&#8243; google_fonts=&#8221;font_family:Roboto%3A100%2C100italic%2C300%2C300italic%2Cregular%2Citalic%2C500%2C500italic%2C700%2C700italic%2C900%2C900italic|font_style:700%20bold%20regular%3A700%3Anormal&#8221; css=&#8221;&#8221;][vc_column_text css=&#8221;&#8221;]<span style=\"color: #86dfc6;\"><strong>Imp\u00e9dance des voies a\u00e9riennes :<\/strong><\/span> Elle \u00e9value les r\u00e9sistances respiratoires et fournit des donn\u00e9es de haute qualit\u00e9 pour un diagnostic pr\u00e9cis et une surveillance de la sant\u00e9 pulmonaire.<\/p>\n<p><span style=\"color: #86dfc6;\"><strong>Spirom\u00e9trie :<\/strong><\/span> Fournit des donn\u00e9es pr\u00e9cises sur la fonction pulmonaire en mesurant le volume expiratoire forc\u00e9 (VEMS), la capacit\u00e9 vitale forc\u00e9e (CVF) et d&#8217;autres param\u00e8tres pertinents.<\/p>\n<p><span style=\"color: #86dfc6;\"><strong>Donn\u00e9es en temps r\u00e9el :<\/strong><\/span> Les r\u00e9sultats sont communiqu\u00e9s imm\u00e9diatement, ce qui permet aux experts de surveiller imm\u00e9diatement la fonction pulmonaire.[\/vc_column_text][vc_empty_space height=&#8221;30px&#8221;][vc_custom_heading text=&#8221;Applications&#8221; font_container=&#8221;tag:h2|font_size:32|text_align:left|color:%23021765|line_height:1.25&#8243; google_fonts=&#8221;font_family:Roboto%3A100%2C100italic%2C300%2C300italic%2Cregular%2Citalic%2C500%2C500italic%2C700%2C700italic%2C900%2C900italic|font_style:700%20bold%20regular%3A700%3Anormal&#8221; css=&#8221;&#8221;][vc_column_text css=&#8221;&#8221;]<span style=\"color: #86dfc6;\"><strong>Affections respiratoires chroniques :<\/strong><\/span> D\u00e9tecte et surveille efficacement des maladies telles que l&#8217;asthme, la BPCO et d&#8217;autres affections obstructives des voies respiratoires au moyen d&#8217;indices significatifs.<\/p>\n<p><span style=\"color: #86dfc6;\"><strong>Utilisation en ambulatoire :<\/strong> <\/span>Bien adapt\u00e9 aux environnements ambulatoires o\u00f9 une surveillance r\u00e9guli\u00e8re de la fonction pulmonaire est essentielle.<\/p>\n<p><span style=\"color: #86dfc6;\"><strong>Soins de sant\u00e9 pr\u00e9ventifs :<\/strong> <\/span>Favorise la d\u00e9tection pr\u00e9coce des affections respiratoires, ce qui permet une gestion et une intervention proactives.[\/vc_column_text][vc_empty_space height=&#8221;30px&#8221;][vc_custom_heading text=&#8221;Soutien th\u00e9rapeutique&#8221; font_container=&#8221;tag:h2|font_size:32|text_align:left|color:%23021765|line_height:1.25&#8243; google_fonts=&#8221;font_family:Roboto%3A100%2C100italic%2C300%2C300italic%2Cregular%2Citalic%2C500%2C500italic%2C700%2C700italic%2C900%2C900italic|font_style:700%20bold%20regular%3A700%3Anormal&#8221; css=&#8221;&#8221;][vc_column_text css=&#8221;&#8221;]<span style=\"color: #86dfc6;\"><strong>Suivi du patient :<\/strong><\/span> Aide \u00e0 suivre les progr\u00e8s du patient au fil du temps, fournissant des donn\u00e9es fiables pour la gestion longitudinale des maladies respiratoires chroniques.<\/p>\n<p><span style=\"color: #86dfc6;\"><strong>Planification du traitement :<\/strong><\/span> Facilite l&#8217;\u00e9valuation pr\u00e9cise de l&#8217;efficacit\u00e9 du traitement, en veillant \u00e0 ce que les professionnels de la sant\u00e9 disposent des donn\u00e9es dont ils ont besoin pour une planification optimale de la th\u00e9rapie.<\/p>\n<p><span style=\"color: #86dfc6;\"><strong>Flux de travail efficace :<\/strong> <\/span>S&#8217;int\u00e8gre de mani\u00e8re transparente dans les flux de travail cliniques, am\u00e9liorant la prise de d\u00e9cision gr\u00e2ce \u00e0 des donn\u00e9es coh\u00e9rentes et de haute qualit\u00e9.[\/vc_column_text][\/vc_column][\/vc_row][vc_row][vc_column][vc_empty_space height=&#8221;200px&#8221;][vc_custom_heading text=&#8221;Parcours clinique&#8221; font_container=&#8221;tag:h2|font_size:36|text_align:center|color:%23021765|line_height:1.25&#8243; google_fonts=&#8221;font_family:Roboto%3A100%2C100italic%2C300%2C300italic%2Cregular%2Citalic%2C500%2C500italic%2C700%2C700italic%2C900%2C900italic|font_style:900%20bold%20regular%3A900%3Anormal&#8221; css=&#8221;&#8221;][vc_separator css=&#8221;&#8221;][vc_single_image image=&#8221;14713&#8243; img_size=&#8221;full&#8221; alignment=&#8221;center&#8221; onclick=&#8221;link_image&#8221; css=&#8221;.vc_custom_1770395559931{padding-top: 0px !important;}&#8221;][vc_btn title=&#8221;T\u00e9l\u00e9charger le parcours clinique&#8221; style=&#8221;outline-custom&#8221; outline_custom_color=&#8221;#000000&#8243; outline_custom_hover_background=&#8221;#93d500&#8243; outline_custom_hover_text=&#8221;#ffffff&#8221; shape=&#8221;square&#8221; size=&#8221;sm&#8221; align=&#8221;center&#8221; css=&#8221;.vc_custom_1770395592766{margin-top: -50px !important;}&#8221; link=&#8221;url:https%3A%2F%2Fnovusmedical.ca%2Fwp-content%2Fuploads%2F2026%2F02%2Flothar-medical-pathway-2025-1.jpg|title:voie%20clinique|target:_blank|&#8221;][\/vc_column][\/vc_row][vc_row full_width=&#8221;stretch_row_content&#8221; content_placement=&#8221;middle&#8221; css=&#8221;.vc_custom_1770397531815{margin-top: 200px !important;margin-bottom: -5px !important;background-color: #021765 !important;}&#8221;][vc_column][vc_custom_heading text=&#8221;Retourner \u00e0 Lothar Medical Products&#8221; font_container=&#8221;tag:h2|font_size:40|text_align:center|color:%2386DFC6|line_height:1.25&#8243; google_fonts=&#8221;font_family:Roboto%3A100%2C100italic%2C300%2C300italic%2Cregular%2Citalic%2C500%2C500italic%2C700%2C700italic%2C900%2C900italic|font_style:900%20bold%20regular%3A900%3Anormal&#8221; css=&#8221;.vc_custom_1770396561626{margin-top: 25px !important;}&#8221; link=&#8221;url:https%3A%2F%2Fnovusmedical.ca%2Ffr%2Flotharmedical%2F|title:LotharMedical|&#8221;][vc_btn title=&#8221;Explorez les produits m\u00e9dicaux Lothar&#8221; style=&#8221;outline-custom&#8221; outline_custom_color=&#8221;#FFFFFF&#8221; outline_custom_hover_background=&#8221;#86DFC6&#8243; outline_custom_hover_text=&#8221;#021765&#8243; shape=&#8221;square&#8221; size=&#8221;sm&#8221; align=&#8221;center&#8221; css=&#8221;.vc_custom_1770397779531{margin-top: 25px !important;margin-bottom: 75px !important;}&#8221; link=&#8221;url:https%3A%2F%2Fnovusmedical.ca%2Ffr%2Flotharmedical%2F|&#8221;][\/vc_column][\/vc_row][vc_row full_width=&#8221;stretch_row&#8221; css=&#8221;.vc_custom_1770224905555{margin-bottom: -60px !important;border-bottom-width: 0px !important;padding-top: 100px !important;padding-bottom: 75px !important;background-image: url(https:\/\/novusmedical.ca\/wp-content\/uploads\/2023\/01\/Background-image-for-Web.png?id=8936) !important;background-position: center !important;background-repeat: no-repeat !important;background-size: cover !important;}&#8221;][vc_column width=&#8221;1\/3&#8243;][vc_single_image image=&#8221;9975&#8243; img_size=&#8221;large&#8221; alignment=&#8221;center&#8221;][vc_empty_space height=&#8221;5px&#8221;][\/vc_column][vc_column width=&#8221;2\/3&#8243; css=&#8221;.vc_custom_1770229832965{margin-left: 0px !important;}&#8221;][vc_empty_space height=&#8221;10px&#8221;][vc_custom_heading text=&#8221;Consultez notre catalogue de produits PFT !&#8221; font_container=&#8221;tag:h2|font_size:34|text_align:left|color:%2395c93d|line_height:1.25&#8243; google_fonts=&#8221;font_family:Roboto%3A100%2C100italic%2C300%2C300italic%2Cregular%2Citalic%2C500%2C500italic%2C700%2C700italic%2C900%2C900italic|font_style:900%20bold%20regular%3A900%3Anormal&#8221;][vc_custom_heading text=&#8221;Nous avons mis au point notre syst\u00e8me d&#8217;information Novus Medical Inc. Le catalogue des tests de la fonction pulmonaire a pour but de pr\u00e9senter et de fournir tous nos produits de test de la fonction pulmonaire dans un seul PDF t\u00e9l\u00e9chargeable.&#8221; font_container=&#8221;tag:h2|font_size:18|text_align:left|color:%23ffffff|line_height:1.5&#8243; google_fonts=&#8221;font_family:Roboto%3A100%2C100italic%2C300%2C300italic%2Cregular%2Citalic%2C500%2C500italic%2C700%2C700italic%2C900%2C900italic|font_style:400%20regular%3A400%3Anormal&#8221;][vc_empty_space height=&#8221;5px&#8221;][vc_row_inner][vc_column_inner width=&#8221;1\/4&#8243;][vc_btn title=&#8221;T\u00e9l\u00e9charger l&#8217;anglais&#8221; style=&#8221;outline-custom&#8221; outline_custom_color=&#8221;#ffffff&#8221; outline_custom_hover_background=&#8221;#93d500&#8243; outline_custom_hover_text=&#8221;#000000&#8243; shape=&#8221;square&#8221; align=&#8221;left&#8221; link=&#8221;url:https%3A%2F%2Fnovusmedical.ca%2Fwp-content%2Fuploads%2F2023%2F01%2FNM_ENG_PFTCatalogue_LoRes.pdf|target:_blank|&#8221;][\/vc_column_inner][vc_column_inner width=&#8221;1\/4&#8243;][vc_btn title=&#8221;Voir l&#8217;anglais&#8221; style=&#8221;outline-custom&#8221; outline_custom_color=&#8221;#ffffff&#8221; outline_custom_hover_background=&#8221;#93d500&#8243; outline_custom_hover_text=&#8221;#000000&#8243; shape=&#8221;square&#8221; align=&#8221;left&#8221; i_icon_fontawesome=&#8221;fas fa-book-open&#8221; add_icon=&#8221;true&#8221; link=&#8221;url:https%3A%2F%2Fnovusmedical.ca%2Fcardio-pulmonary-diagnostics%2F8333-2%2F|title:Catalogue%20PFTC|&#8221;][\/vc_column_inner][vc_column_inner width=&#8221;1\/4&#8243;][vc_btn title=&#8221;T\u00e9l\u00e9charger le fran\u00e7ais&#8221; style=&#8221;outline-custom&#8221; outline_custom_color=&#8221;#ffffff&#8221; outline_custom_hover_background=&#8221;#93d500&#8243; outline_custom_hover_text=&#8221;#000000&#8243; shape=&#8221;square&#8221; align=&#8221;left&#8221; link=&#8221;url:https%3A%2F%2Fnovusmedical.ca%2Fwp-content%2Fuploads%2F2023%2F05%2FNM_FR_PFTCatalogue_LoRes.pdf|target:_blank|&#8221;][\/vc_column_inner][vc_column_inner width=&#8221;1\/4&#8243;][vc_btn title=&#8221;Voir le fran\u00e7ais&#8221; style=&#8221;outline-custom&#8221; outline_custom_color=&#8221;#ffffff&#8221; outline_custom_hover_background=&#8221;#93d500&#8243; outline_custom_hover_text=&#8221;#000000&#8243; shape=&#8221;square&#8221; align=&#8221;left&#8221; i_icon_fontawesome=&#8221;fas fa-book-open&#8221; add_icon=&#8221;true&#8221; link=&#8221;url:https%3A%2F%2Fnovusmedical.ca%2Ffr%2Fdiagnostic-pulmonaire%2Fcatalogue-francais-de-la-pft%2F|title:Catalogue%20PFTC|&#8221;][\/vc_column_inner][\/vc_row_inner][\/vc_column][\/vc_row]\n<\/div>","protected":false},"excerpt":{"rendered":"<p>[vc_row css=&#8221;.vc_custom_1761586664265{margin-top: -50px !important;margin-bottom: 15px !important;}&#8221;][vc_column][\/vc_column][\/vc_row][vc_row][vc_column width=&#8221;1\/6&#8243;][\/vc_column][vc_column width=&#8221;2\/3&#8243;][vc_empty_space height=&#8221;125px&#8221;][vc_custom_heading text=&#8221;La pr\u00e9cision au service de la portabilit\u00e9&#8221; font_container=&#8221;tag:h2|font_size:40|text_align:center|color:%2386DFC6|line_height:1.15&#8243; google_fonts=&#8221;font_family:Roboto%3A100%2C100italic%2C300%2C300italic%2Cregular%2Citalic%2C500%2C500italic%2C700%2C700italic%2C900%2C900italic|font_style:900%20bold%20regular%3A900%3Anormal&#8221; css=&#8221;&#8221;][vc_custom_heading text=&#8221;\u00c9valuations [&hellip;]<\/p>\n","protected":false},"author":2,"featured_media":14654,"parent":14777,"menu_order":0,"comment_status":"closed","ping_status":"closed","template":"","meta":{"om_disable_all_campaigns":false,"_monsterinsights_skip_tracking":false,"_monsterinsights_sitenote_active":false,"_monsterinsights_sitenote_note":"","_monsterinsights_sitenote_category":0,"footnotes":""},"class_list":["post-14783","page","type-page","status-publish","has-post-thumbnail","hentry"],"jetpack_sharing_enabled":true,"_links":{"self":[{"href":"https:\/\/novusmedical.ca\/fr\/wp-json\/wp\/v2\/pages\/14783","targetHints":{"allow":["GET"]}}],"collection":[{"href":"https:\/\/novusmedical.ca\/fr\/wp-json\/wp\/v2\/pages"}],"about":[{"href":"https:\/\/novusmedical.ca\/fr\/wp-json\/wp\/v2\/types\/page"}],"author":[{"embeddable":true,"href":"https:\/\/novusmedical.ca\/fr\/wp-json\/wp\/v2\/users\/2"}],"replies":[{"embeddable":true,"href":"https:\/\/novusmedical.ca\/fr\/wp-json\/wp\/v2\/comments?post=14783"}],"version-history":[{"count":5,"href":"https:\/\/novusmedical.ca\/fr\/wp-json\/wp\/v2\/pages\/14783\/revisions"}],"predecessor-version":[{"id":14788,"href":"https:\/\/novusmedical.ca\/fr\/wp-json\/wp\/v2\/pages\/14783\/revisions\/14788"}],"up":[{"embeddable":true,"href":"https:\/\/novusmedical.ca\/fr\/wp-json\/wp\/v2\/pages\/14777"}],"wp:featuredmedia":[{"embeddable":true,"href":"https:\/\/novusmedical.ca\/fr\/wp-json\/wp\/v2\/media\/14654"}],"wp:attachment":[{"href":"https:\/\/novusmedical.ca\/fr\/wp-json\/wp\/v2\/media?parent=14783"}],"curies":[{"name":"wp","href":"https:\/\/api.w.org\/{rel}","templated":true}]}}