{"id":14567,"date":"2025-12-31T18:13:29","date_gmt":"2025-12-31T18:13:29","guid":{"rendered":"https:\/\/novusmedical.ca\/airliquide\/respireohospitalf\/"},"modified":"2026-01-22T16:47:24","modified_gmt":"2026-01-22T16:47:24","slug":"respireohospitalf","status":"publish","type":"page","link":"https:\/\/novusmedical.ca\/fr\/airliquide\/respireohospitalf\/","title":{"rendered":"RespireoHospitalF"},"content":{"rendered":"<div class=\"wpb-content-wrapper\">[vc_row css=&#8221;.vc_custom_1761586664265{margin-top: -50px !important;margin-bottom: 15px !important;}&#8221;][vc_column]\n\t\t\t<!-- START AirLiquide Respireo Hospital ENG REVOLUTION SLIDER 6.6.9 --><p class=\"rs-p-wp-fix\"><\/p>\n\t\t\t<rs-module-wrap id=\"rev_slider_131_1_wrapper\" data-source=\"gallery\" style=\"visibility:hidden;background:transparent;padding:0;margin:0px auto;margin-top:0;margin-bottom:0;\">\n\t\t\t\t<rs-module id=\"rev_slider_131_1\" style=\"\" data-version=\"6.6.9\">\n\t\t\t\t\t<rs-slides style=\"overflow: hidden; position: absolute;\">\n\t\t\t\t\t\t<rs-slide style=\"position: absolute;\" data-key=\"rs-200\" data-title=\"AirLiquide ENG\" data-anim=\"adpr:false;\" data-in=\"o:0;\" data-out=\"a:false;\">\n\t\t\t\t\t\t\t<img data-recalc-dims=\"1\" decoding=\"async\" src=\"https:\/\/i0.wp.com\/novusmedical.ca\/wp-content\/plugins\/revslider\/public\/assets\/assets\/dummy.png?resize=1920%2C1080\" alt=\"\" title=\"hospitalhero\" width=\"1920\" height=\"1080\" class=\"rev-slidebg tp-rs-img rs-lazyload\" data-lazyload=\"\/\/novusmedical.ca\/wp-content\/uploads\/2025\/12\/hospitalhero-1.png\" data-no-retina>\n<!--\n\t\t\t\t\t\t\t--><rs-layer\n\t\t\t\t\t\t\t\tid=\"slider-131-slide-200-layer-4\" \n\t\t\t\t\t\t\t\tdata-type=\"image\"\n\t\t\t\t\t\t\t\tdata-rsp_ch=\"on\"\n\t\t\t\t\t\t\t\tdata-xy=\"x:c;y:c;yo:7px;\"\n\t\t\t\t\t\t\t\tdata-text=\"w:normal;\"\n\t\t\t\t\t\t\t\tdata-dim=\"w:778px;h:278px;\"\n\t\t\t\t\t\t\t\tdata-frame_999=\"o:0;st:w;\"\n\t\t\t\t\t\t\t\tstyle=\"z-index:9;\"\n\t\t\t\t\t\t\t><img data-recalc-dims=\"1\" decoding=\"async\" src=\"https:\/\/i0.wp.com\/novusmedical.ca\/wp-content\/plugins\/revslider\/public\/assets\/assets\/dummy.png?resize=1435%2C513\" alt=\"\" class=\"tp-rs-img rs-lazyload\" width=\"1435\" height=\"513\" data-lazyload=\"\/\/novusmedical.ca\/wp-content\/uploads\/2025\/12\/AIR_LIQUIDE_HEALTHCARE-3.png\" data-no-retina> \n\t\t\t\t\t\t\t<\/rs-layer><!--\n-->\t\t\t\t\t\t<\/rs-slide>\n\t\t\t\t\t<\/rs-slides>\n\t\t\t\t<\/rs-module>\n\t\t\t\t<script>\n\t\t\t\t\tsetREVStartSize({c: 'rev_slider_131_1',rl:[1240,1024,778,480],el:[700],gw:[1240],gh:[700],type:'standard',justify:'',layout:'fullwidth',mh:\"0\"});if (window.RS_MODULES!==undefined && window.RS_MODULES.modules!==undefined && window.RS_MODULES.modules[\"revslider1311\"]!==undefined) {window.RS_MODULES.modules[\"revslider1311\"].once = false;window.revapi131 = undefined;if (window.RS_MODULES.checkMinimal!==undefined) window.RS_MODULES.checkMinimal()}\n\t\t\t\t<\/script>\n\t\t\t<\/rs-module-wrap>\n\t\t\t<!-- END REVOLUTION SLIDER -->\n[\/vc_column][\/vc_row][vc_row gap=&#8221;35&#8243; css=&#8221;.vc_custom_1767204992492{padding-top: 100px !important;padding-bottom: 50px !important;}&#8221;][vc_column][vc_custom_heading text=&#8221;Respireo&#x2122; Hospital F \u00e0 usage unique et r\u00e9utilisable&#8221; font_container=&#8221;tag:h2|font_size:42|text_align:center|color:%2300349B|line_height:1.25&#8243; google_fonts=&#8221;font_family:Roboto%3A100%2C100italic%2C300%2C300italic%2Cregular%2Citalic%2C500%2C500italic%2C700%2C700italic%2C900%2C900italic|font_style:700%20bold%20regular%3A700%3Anormal&#8221; css=&#8221;&#8221;][vc_custom_heading text=&#8221;Masques \u00e0 usage hospitalier&#8221; font_container=&#8221;tag:h2|font_size:24|text_align:center|color:%230074E0&#8243; google_fonts=&#8221;font_family:Roboto%3A100%2C100italic%2C300%2C300italic%2Cregular%2Citalic%2C500%2C500italic%2C700%2C700italic%2C900%2C900italic|font_style:700%20bold%20regular%3A700%3Anormal&#8221; css=&#8221;&#8221;][vc_custom_heading text=&#8221;Le masque bucco-nasal Respireo&#x2122; Hospital F est une gamme de masques avec et sans fuite, enti\u00e8rement con\u00e7us pour l&#8217;assistance respiratoire non invasive du patient. Ce masque bucco-nasal est sp\u00e9cifiquement d\u00e9di\u00e9 \u00e0 un usage hospitalier. Il assure le bien-\u00eatre du patient gr\u00e2ce \u00e0 un harnais r\u00e9glable et confortable. Son syst\u00e8me d&#8217;attache rapide permet de retirer rapidement les sangles inf\u00e9rieures du harnais en cas de besoin. Le masque est con\u00e7u notamment avec du silicone biocompatible et ne contient ni latex ni phtalates.&#8221; font_container=&#8221;tag:h2|font_size:32|text_align:center|color:%2300349B|line_height:1.25&#8243; google_fonts=&#8221;font_family:Roboto%3A100%2C100italic%2C300%2C300italic%2Cregular%2Citalic%2C500%2C500italic%2C700%2C700italic%2C900%2C900italic|font_style:300%20light%20regular%3A300%3Anormal&#8221; css=&#8221;&#8221;][vc_btn title=&#8221;Demande de devis&#8221; style=&#8221;outline-custom&#8221; outline_custom_color=&#8221;#000000&#8243; outline_custom_hover_background=&#8221;#93d500&#8243; outline_custom_hover_text=&#8221;#ffffff&#8221; shape=&#8221;square&#8221; size=&#8221;sm&#8221; align=&#8221;center&#8221; css=&#8221;.vc_custom_1767145715716{padding-top: 10px !important;}&#8221; link=&#8221;url:http%3A%2F%2Fnovusmedical.jzx.oms.mybluehost.me%2F%3Fpage_id%3D225|title:Contacter%20Novus|&#8221;][vc_empty_space][\/vc_column][\/vc_row][vc_row full_width=&#8221;stretch_row&#8221; gap=&#8221;20&#8243; content_placement=&#8221;top&#8221; css=&#8221;.vc_custom_1767147176231{margin-left: 0px !important;background-color: #ffffff !important;}&#8221; el_id=&#8221;aeramaxproii&#8221;][vc_column width=&#8221;1\/2&#8243; css=&#8221;.vc_custom_1740423795327{padding-right: 50px !important;}&#8221;][vc_single_image image=&#8221;14197&#8243; img_size=&#8221;full&#8221; alignment=&#8221;center&#8221; onclick=&#8221;link_image&#8221; css=&#8221;&#8221;][\/vc_column][vc_column width=&#8221;1\/2&#8243; css=&#8221;.vc_custom_1767147189645{margin-left: 15px !important;}&#8221;][vc_custom_heading text=&#8221;Respireo&#x2122; H\u00f4pital F&#8221; font_container=&#8221;tag:h2|font_size:32|text_align:left|color:%2300349B|line_height:1.25&#8243; google_fonts=&#8221;font_family:Roboto%3A100%2C100italic%2C300%2C300italic%2Cregular%2Citalic%2C500%2C500italic%2C700%2C700italic%2C900%2C900italic|font_style:700%20bold%20regular%3A700%3Anormal&#8221; css=&#8221;.vc_custom_1767205134420{margin-top: 25px !important;}&#8221;][vc_separator color=&#8221;custom&#8221; align=&#8221;align_left&#8221; border_width=&#8221;5&#8243; el_width=&#8221;10&#8243; css=&#8221;&#8221; accent_color=&#8221;#D7001E&#8221;][vc_column_text css=&#8221;&#8221;]Ce masque respiratoire hospitalier est disponible en version \u00e0 usage unique ou r\u00e9utilisable. Le masque Respireo&#x2122; Hospital F \u00e0 usage unique est un masque patient unique, utilisable jusqu&#8217;\u00e0 7 jours.<br \/>\nCet \u00e9quipement est disponible en version avec ou sans fuite intentionnelle et est compatible avec diff\u00e9rents mod\u00e8les de ventilateurs.<\/p>\n<p>Le masque r\u00e9utilisable Respireo&#x2122; Hospital F est r\u00e9utilisable sur plusieurs patients, et existe dans une version sans fuite intentionnelle. Le masque peut \u00eatre r\u00e9g\u00e9n\u00e9r\u00e9 jusqu&#8217;\u00e0 20 fois en utilisant l&#8217;une des m\u00e9thodes suivantes :<\/p>\n<ul>\n<li style=\"list-style-type: none;\">\n<ul>\n<li>d\u00e9sinfection thermique de haut niveau<\/li>\n<li>d\u00e9sinfection chimique de haut niveau<\/li>\n<li>st\u00e9rilisation dans un autoclave \u00e0 121\u00b0C pendant 20 minutes au maximum<\/li>\n<\/ul>\n<\/li>\n<\/ul>\n<p>Le harnais doit \u00eatre remplac\u00e9 entre chaque patient.[\/vc_column_text][vc_empty_space][\/vc_column][\/vc_row][vc_row gap=&#8221;35&#8243;][vc_column width=&#8221;1\/3&#8243;][vc_custom_heading text=&#8221;Masque bucco-nasal d&#8217;h\u00f4pital&#8221; font_container=&#8221;tag:h2|font_size:32|text_align:left|color:%2300349B|line_height:1.25&#8243; google_fonts=&#8221;font_family:Roboto%3A100%2C100italic%2C300%2C300italic%2Cregular%2Citalic%2C500%2C500italic%2C700%2C700italic%2C900%2C900italic|font_style:700%20bold%20regular%3A700%3Anormal&#8221; css=&#8221;&#8221;][vc_separator color=&#8221;custom&#8221; align=&#8221;align_left&#8221; border_width=&#8221;5&#8243; el_width=&#8221;10&#8243; css=&#8221;&#8221; accent_color=&#8221;#D7001E&#8221;][vc_column_text css=&#8221;&#8221;]La gamme Respireo&#x2122; Hospital F est destin\u00e9e \u00e0 une utilisation pour un seul patient ou pour plusieurs patients dans un environnement hospitalier. Ce masque respiratoire pour l&#8217;h\u00f4pital permet une prise en charge s\u00e9curis\u00e9e par les cliniciens. La conception, les mat\u00e9riaux et l&#8217;assemblage de ce masque bucco-nasal ont \u00e9t\u00e9 \u00e9tudi\u00e9s pour r\u00e9pondre aux besoins des personnes souffrant de troubles respiratoires dans le cadre d&#8217;un traitement hospitalier.<\/p>\n<p>Diff\u00e9rentes tailles sont disponibles pour convenir au plus grand nombre de patients et leur offrir un maximum de confort. Le masque est disponible en 3 tailles (S, M et L).<\/p>\n<p>Son harnais et sa molette r\u00e9glables permettent d&#8217;adapter au mieux le masque \u00e0 diff\u00e9rentes physionomies et tailles de visage.[\/vc_column_text][\/vc_column][vc_column width=&#8221;1\/3&#8243;][vc_custom_heading text=&#8221;Les faits marquants&#8221; font_container=&#8221;tag:h2|font_size:32|text_align:left|color:%2300349B|line_height:1.25&#8243; google_fonts=&#8221;font_family:Roboto%3A100%2C100italic%2C300%2C300italic%2Cregular%2Citalic%2C500%2C500italic%2C700%2C700italic%2C900%2C900italic|font_style:700%20bold%20regular%3A700%3Anormal&#8221; css=&#8221;&#8221;][vc_separator color=&#8221;custom&#8221; align=&#8221;align_left&#8221; border_width=&#8221;5&#8243; el_width=&#8221;10&#8243; css=&#8221;&#8221; accent_color=&#8221;#D7001E&#8221;][vc_column_text css=&#8221;&#8221;]Le masque naso-oral Respireo&#x2122; Hospital F permet :<\/p>\n<ul>\n<li style=\"list-style-type: none;\">\n<ul>\n<li>Assurez une ventilation efficace, non invasive et confortable ;<\/li>\n<li>Pour garantir une utilisation s\u00fbre ;<\/li>\n<li>Simplifier la tra\u00e7abilit\u00e9 et donc gagner du temps<\/li>\n<\/ul>\n<\/li>\n<\/ul>\n[\/vc_column_text][\/vc_column][vc_column width=&#8221;1\/3&#8243;][vc_custom_heading text=&#8221;Un masque d&#8217;h\u00f4pital compatible avec diff\u00e9rents respirateurs&#8221; font_container=&#8221;tag:h2|font_size:32|text_align:left|color:%2300349B|line_height:1.25&#8243; google_fonts=&#8221;font_family:Roboto%3A100%2C100italic%2C300%2C300italic%2Cregular%2Citalic%2C500%2C500italic%2C700%2C700italic%2C900%2C900italic|font_style:700%20bold%20regular%3A700%3Anormal&#8221; css=&#8221;&#8221;][vc_separator color=&#8221;custom&#8221; align=&#8221;align_left&#8221; border_width=&#8221;5&#8243; el_width=&#8221;10&#8243; css=&#8221;&#8221; accent_color=&#8221;#D7001E&#8221;][vc_column_text css=&#8221;&#8221;]Le masque respiratoire Respireo&#x2122; Hospital F a \u00e9t\u00e9 d\u00e9velopp\u00e9 pour s&#8217;adapter \u00e0 diff\u00e9rents mod\u00e8les d&#8217;appareils de ventilation invasive et non invasive. Cet \u00e9quipement est compatible avec les ventilateurs suivants :<\/p>\n<ul>\n<li style=\"list-style-type: none;\">\n<ul>\n<li>Monnal&#x2122; T50<\/li>\n<li>Monnal&#x2122; T60<\/li>\n<li>Monnal&#x2122; T75<\/li>\n<li>Extend&#x2122;<\/li>\n<\/ul>\n<\/li>\n<\/ul>\n[\/vc_column_text][\/vc_column][\/vc_row][vc_row gap=&#8221;35&#8243; css=&#8221;.vc_custom_1767205457494{margin-top: 50px !important;}&#8221;][vc_column width=&#8221;1\/2&#8243;][vc_custom_heading text=&#8221;Un masque hospitalier facile \u00e0 mettre en place et \u00e0 retirer&#8221; font_container=&#8221;tag:h2|font_size:32|text_align:left|color:%2300349B|line_height:1.25&#8243; google_fonts=&#8221;font_family:Roboto%3A100%2C100italic%2C300%2C300italic%2Cregular%2Citalic%2C500%2C500italic%2C700%2C700italic%2C900%2C900italic|font_style:700%20bold%20regular%3A700%3Anormal&#8221; css=&#8221;&#8221;][vc_separator color=&#8221;custom&#8221; align=&#8221;align_left&#8221; border_width=&#8221;5&#8243; el_width=&#8221;10&#8243; css=&#8221;&#8221; accent_color=&#8221;#D7001E&#8221;][vc_column_text css=&#8221;&#8221;]Le masque respiratoire Respireo&#x2122; Hospital F est facilement install\u00e9 en suivant trois \u00e9tapes :<\/p>\n<ol>\n<li style=\"list-style-type: none;\">\n<ol>\n<li>Tournez le bouton de la cale avant au maximum.<\/li>\n<li>Installez le harnais, puis, si n\u00e9cessaire, r\u00e9glez l&#8217;inclinaison de la branche avant \u00e0 l&#8217;aide de la molette.<\/li>\n<li>Ins\u00e9rez les deux attaches rapides dans les fentes pr\u00e9vues \u00e0 cet effet sur le corps du masque, et ajustez le harnais jusqu&#8217;\u00e0 ce que le masque adh\u00e8re confortablement au visage tout en assurant une bonne \u00e9tanch\u00e9it\u00e9. Si n\u00e9cessaire, r\u00e9ajustez les sangles inf\u00e9rieures pour \u00e9liminer les fuites \u00e9ventuelles (attention \u00e0 ne pas trop serrer).<\/li>\n<\/ol>\n<\/li>\n<\/ol>\n[\/vc_column_text][vc_empty_space height=&#8221;100px&#8221;][\/vc_column][vc_column width=&#8221;1\/2&#8243;][vc_custom_heading text=&#8221;Avis juridique&#8221; font_container=&#8221;tag:h2|font_size:32|text_align:left|color:%2300349B|line_height:1.25&#8243; google_fonts=&#8221;font_family:Roboto%3A100%2C100italic%2C300%2C300italic%2Cregular%2Citalic%2C500%2C500italic%2C700%2C700italic%2C900%2C900italic|font_style:700%20bold%20regular%3A700%3Anormal&#8221; css=&#8221;&#8221;][vc_separator color=&#8221;custom&#8221; align=&#8221;align_left&#8221; border_width=&#8221;5&#8243; el_width=&#8221;10&#8243; css=&#8221;.vc_custom_1767146138659{padding-bottom: 25px !important;}&#8221; accent_color=&#8221;#D7001E&#8221;][vc_column_text css=&#8221;&#8221;]Respireo&#x2122; Hospital F Vented jetable est un masque oronasal dot\u00e9 d&#8217;orifices d&#8217;expiration calibr\u00e9s destin\u00e9 \u00e0 \u00eatre utilis\u00e9 pendant de courtes p\u00e9riodes (moins de 7 jours) en milieu hospitalier par un seul patient adulte (pesant plus de 30 kg), auquel a \u00e9t\u00e9 prescrite une th\u00e9rapie de ventilation \u00e0 pression positive non invasive (NIPPV), par exemple une th\u00e9rapie de pression positive continue (CPAP) ou une th\u00e9rapie de pression positive Bilevel (BiPAP).<br \/>\nRespireo&#x2122; Hospital F Non Vented jetable est un masque oronasal sans orifices expiratoires calibr\u00e9s destin\u00e9 \u00e0 \u00eatre utilis\u00e9, pendant de courtes p\u00e9riodes (moins de 7 jours) en milieu hospitalier, par un seul patient adulte (pesant plus de 30 kg) dans le cadre d&#8217;une ventilation \u00e0 pression positive non invasive contr\u00f4l\u00e9e (NIPPV).<br \/>\nRespireo&#x2122; Hospital F Non Vented jetable with anti-asphyxia valve est un masque oronasal sans orifices expiratoires calibr\u00e9s et avec une valve anti-suffocation, destin\u00e9 \u00e0 \u00eatre utilis\u00e9 pendant de courtes p\u00e9riodes (moins de 7 jours) en milieu hospitalier par un seul patient adulte (pesant plus de 30 kg) en ventilation contr\u00f4l\u00e9e \u00e0 pression positive non invasive (NIPPV).<br \/>\nRespireo&#x2122; Hospital F Non Vented reusable est un masque oronasal r\u00e9utilisable sans orifices expiratoires calibr\u00e9s destin\u00e9 \u00e0 \u00eatre utilis\u00e9 en milieu hospitalier par plusieurs patients adultes (pesant plus de 30 kg) sous ventilation \u00e0 pression positive non invasive (VPPN).<\/p>\n<p>Dispositif m\u00e9dical de classe IIa CE0051.<br \/>\nVeuillez lire le mode d&#8217;emploi.<br \/>\nFabriqu\u00e9 par Air Liquide Medical Systems S.r.l., Italie.<br \/>\nDistribu\u00e9 par Air Liquide Medical Systems S.A., Antony 348 921735 R.C.S Nanterre.[\/vc_column_text][\/vc_column][\/vc_row][vc_row full_width=&#8221;stretch_row&#8221; css=&#8221;.vc_custom_1767205465383{margin-top: 100px !important;margin-bottom: -15px !important;background-color: #EEEEEE !important;}&#8221;][vc_column][vc_custom_heading text=&#8221;Documents&#8221; font_container=&#8221;tag:h2|font_size:32|text_align:left|color:%2300349B|line_height:1.25&#8243; google_fonts=&#8221;font_family:Roboto%3A100%2C100italic%2C300%2C300italic%2Cregular%2Citalic%2C500%2C500italic%2C700%2C700italic%2C900%2C900italic|font_style:700%20bold%20regular%3A700%3Anormal&#8221; css=&#8221;.vc_custom_1767068275979{padding-top: 75px !important;}&#8221;][vc_separator color=&#8221;custom&#8221; align=&#8221;align_left&#8221; border_width=&#8221;5&#8243; el_width=&#8221;10&#8243; css=&#8221;&#8221; accent_color=&#8221;#D7001E&#8221;][\/vc_column][\/vc_row][vc_row full_width=&#8221;stretch_row&#8221; gap=&#8221;35&#8243; css=&#8221;.vc_custom_1767205760390{margin-bottom: -75px !important;padding-top: 30px !important;padding-bottom: 150px !important;background-color: #EEEEEE !important;}&#8221;][vc_column width=&#8221;1\/4&#8243; css=&#8221;.vc_custom_1767205719887{border-top-width: 5px !important;border-right-width: 5px !important;border-bottom-width: 5px !important;border-left-width: 5px !important;background-color: #FFFFFF !important;border-left-style: solid !important;border-right-style: solid !important;border-top-style: solid !important;border-bottom-style: solid !important;border-radius: 20px !important;border-color: #EEEEEE !important;}&#8221;][vc_custom_heading text=&#8221;Respireo&#x2122; Hospital F Non Vented Disposable &#8211; Manuel de l&#8217;utilisateur&#8221; font_container=&#8221;tag:h2|font_size:21|text_align:center|color:%2300349B|line_height:1.25&#8243; google_fonts=&#8221;font_family:Roboto%3A100%2C100italic%2C300%2C300italic%2Cregular%2Citalic%2C500%2C500italic%2C700%2C700italic%2C900%2C900italic|font_style:700%20bold%20regular%3A700%3Anormal&#8221; css=&#8221;&#8221;][vc_btn title=&#8221;T\u00e9l\u00e9charger&#8221; style=&#8221;outline-custom&#8221; outline_custom_color=&#8221;#0074E0&#8243; outline_custom_hover_background=&#8221;#0074E0&#8243; outline_custom_hover_text=&#8221;#ffffff&#8221; shape=&#8221;square&#8221; size=&#8221;sm&#8221; align=&#8221;center&#8221; i_icon_fontawesome=&#8221;fas fa-cloud-download-alt&#8221; css=&#8221;.vc_custom_1769100299113{padding-bottom: 30px !important;}&#8221; add_icon=&#8221;true&#8221; link=&#8221;url:https%3A%2F%2Fnovusmedical.ca%2Fwp-content%2Fuploads%2F2026%2F01%2Fum_respireo_hospital_f_non_vented_disposable-1.pdf|target:_blank&#8221;][\/vc_column][vc_column width=&#8221;1\/4&#8243; css=&#8221;.vc_custom_1767205698086{border-top-width: 5px !important;border-right-width: 5px !important;border-bottom-width: 5px !important;border-left-width: 5px !important;background-color: #FFFFFF !important;border-left-style: solid !important;border-right-style: solid !important;border-top-style: solid !important;border-bottom-style: solid !important;border-radius: 20px !important;border-color: #EEEEEE !important;}&#8221;][vc_custom_heading text=&#8221;Respireo&#x2122; Hospital F non ventil\u00e9 r\u00e9utilisable &#8211; Manuel de l&#8217;utilisateur&#8221; font_container=&#8221;tag:h2|font_size:21|text_align:center|color:%2300349B&#8221; google_fonts=&#8221;font_family:Roboto%3A100%2C100italic%2C300%2C300italic%2Cregular%2Citalic%2C500%2C500italic%2C700%2C700italic%2C900%2C900italic|font_style:700%20bold%20regular%3A700%3Anormal&#8221; css=&#8221;&#8221;][vc_btn title=&#8221;T\u00e9l\u00e9charger&#8221; style=&#8221;outline-custom&#8221; outline_custom_color=&#8221;#0074E0&#8243; outline_custom_hover_background=&#8221;#0074E0&#8243; outline_custom_hover_text=&#8221;#ffffff&#8221; shape=&#8221;square&#8221; size=&#8221;sm&#8221; align=&#8221;center&#8221; i_icon_fontawesome=&#8221;fas fa-cloud-download-alt&#8221; css=&#8221;.vc_custom_1769100280904{padding-bottom: 30px !important;}&#8221; add_icon=&#8221;true&#8221; link=&#8221;url:https%3A%2F%2Fnovusmedical.ca%2Fwp-content%2Fuploads%2F2026%2F01%2Fum_respireo_hospital_f_non_vented_reusable_scheda_a-1.pdf|title:Brochure|target:_blank&#8221;][\/vc_column][vc_column width=&#8221;1\/4&#8243; css=&#8221;.vc_custom_1767205680584{border-top-width: 5px !important;border-right-width: 5px !important;border-bottom-width: 5px !important;border-left-width: 5px !important;background-color: #FFFFFF !important;border-left-style: solid !important;border-right-style: solid !important;border-top-style: solid !important;border-bottom-style: solid !important;border-radius: 20px !important;border-color: #EEEEEE !important;}&#8221;][vc_custom_heading text=&#8221;Respireo&#x2122; Hospital F &#8211; Brochure&#8221; font_container=&#8221;tag:h2|font_size:21|text_align:center|color:%2300349B|line_height:1.25&#8243; google_fonts=&#8221;font_family:Roboto%3A100%2C100italic%2C300%2C300italic%2Cregular%2Citalic%2C500%2C500italic%2C700%2C700italic%2C900%2C900italic|font_style:700%20bold%20regular%3A700%3Anormal&#8221; css=&#8221;&#8221;][vc_btn title=&#8221;T\u00e9l\u00e9charger&#8221; style=&#8221;outline-custom&#8221; outline_custom_color=&#8221;#0074E0&#8243; outline_custom_hover_background=&#8221;#0074E0&#8243; outline_custom_hover_text=&#8221;#ffffff&#8221; shape=&#8221;square&#8221; size=&#8221;sm&#8221; align=&#8221;center&#8221; i_icon_fontawesome=&#8221;fas fa-cloud-download-alt&#8221; css=&#8221;.vc_custom_1769099998953{padding-bottom: 30px !important;}&#8221; add_icon=&#8221;true&#8221; link=&#8221;url:https%3A%2F%2Fnovusmedical.ca%2Fwp-content%2Fuploads%2F2026%2F01%2Frespireotm-hospital-f-brochure.pdf|target:_blank&#8221;][\/vc_column][vc_column width=&#8221;1\/4&#8243; css=&#8221;.vc_custom_1767205622447{border-top-width: 5px !important;border-right-width: 5px !important;border-bottom-width: 5px !important;border-left-width: 5px !important;background-color: #FFFFFF !important;border-left-style: solid !important;border-right-style: solid !important;border-top-style: solid !important;border-bottom-style: solid !important;border-radius: 20px !important;border-color: #EEEEEE !important;}&#8221;][vc_custom_heading text=&#8221;Guide de d\u00e9contamination, de d\u00e9sinfection et de st\u00e9rilisation des masques&#8221; font_container=&#8221;tag:h2|font_size:21|text_align:center|color:%2300349B|line_height:1.25&#8243; google_fonts=&#8221;font_family:Roboto%3A100%2C100italic%2C300%2C300italic%2Cregular%2Citalic%2C500%2C500italic%2C700%2C700italic%2C900%2C900italic|font_style:700%20bold%20regular%3A700%3Anormal&#8221; css=&#8221;&#8221;][vc_btn title=&#8221;T\u00e9l\u00e9charger&#8221; style=&#8221;outline-custom&#8221; outline_custom_color=&#8221;#0074E0&#8243; outline_custom_hover_background=&#8221;#0074E0&#8243; outline_custom_hover_text=&#8221;#ffffff&#8221; shape=&#8221;square&#8221; size=&#8221;sm&#8221; align=&#8221;center&#8221; i_icon_fontawesome=&#8221;fas fa-cloud-download-alt&#8221; css=&#8221;.vc_custom_1769100368200{padding-bottom: 30px !important;}&#8221; add_icon=&#8221;true&#8221; link=&#8221;url:https%3A%2F%2Fnovusmedical.ca%2Fwp-content%2Fuploads%2F2026%2F01%2Fguide-de-decontamination-desinfection-et-sterilisation_0.pdf|target:_blank&#8221;][\/vc_column][\/vc_row]\n<\/div>","protected":false},"excerpt":{"rendered":"<p>[vc_row css=&#8221;.vc_custom_1761586664265{margin-top: -50px !important;margin-bottom: 15px !important;}&#8221;][vc_column][\/vc_column][\/vc_row][vc_row gap=&#8221;35&#8243; css=&#8221;.vc_custom_1767204992492{padding-top: 100px !important;padding-bottom: 50px !important;}&#8221;][vc_column][vc_custom_heading text=&#8221;Respireo&#x2122; Hospital F \u00e0 usage unique et r\u00e9utilisable&#8221; [&hellip;]<\/p>\n","protected":false},"author":2,"featured_media":14197,"parent":14519,"menu_order":0,"comment_status":"closed","ping_status":"closed","template":"","meta":{"om_disable_all_campaigns":false,"_monsterinsights_skip_tracking":false,"_monsterinsights_sitenote_active":false,"_monsterinsights_sitenote_note":"","_monsterinsights_sitenote_category":0,"footnotes":""},"class_list":["post-14567","page","type-page","status-publish","has-post-thumbnail","hentry"],"jetpack_sharing_enabled":true,"_links":{"self":[{"href":"https:\/\/novusmedical.ca\/fr\/wp-json\/wp\/v2\/pages\/14567","targetHints":{"allow":["GET"]}}],"collection":[{"href":"https:\/\/novusmedical.ca\/fr\/wp-json\/wp\/v2\/pages"}],"about":[{"href":"https:\/\/novusmedical.ca\/fr\/wp-json\/wp\/v2\/types\/page"}],"author":[{"embeddable":true,"href":"https:\/\/novusmedical.ca\/fr\/wp-json\/wp\/v2\/users\/2"}],"replies":[{"embeddable":true,"href":"https:\/\/novusmedical.ca\/fr\/wp-json\/wp\/v2\/comments?post=14567"}],"version-history":[{"count":5,"href":"https:\/\/novusmedical.ca\/fr\/wp-json\/wp\/v2\/pages\/14567\/revisions"}],"predecessor-version":[{"id":14618,"href":"https:\/\/novusmedical.ca\/fr\/wp-json\/wp\/v2\/pages\/14567\/revisions\/14618"}],"up":[{"embeddable":true,"href":"https:\/\/novusmedical.ca\/fr\/wp-json\/wp\/v2\/pages\/14519"}],"wp:featuredmedia":[{"embeddable":true,"href":"https:\/\/novusmedical.ca\/fr\/wp-json\/wp\/v2\/media\/14197"}],"wp:attachment":[{"href":"https:\/\/novusmedical.ca\/fr\/wp-json\/wp\/v2\/media?parent=14567"}],"curies":[{"name":"wp","href":"https:\/\/api.w.org\/{rel}","templated":true}]}}