{"id":14562,"date":"2025-12-31T17:04:38","date_gmt":"2025-12-31T17:04:38","guid":{"rendered":"https:\/\/novusmedical.ca\/airliquide\/respireoprimop\/"},"modified":"2026-01-22T17:06:23","modified_gmt":"2026-01-22T17:06:23","slug":"respireoprimop","status":"publish","type":"page","link":"https:\/\/novusmedical.ca\/fr\/airliquide\/respireoprimop\/","title":{"rendered":"RespireoPrimoP"},"content":{"rendered":"<div class=\"wpb-content-wrapper\">[vc_row css=&#8221;.vc_custom_1761586664265{margin-top: -50px !important;margin-bottom: 15px !important;}&#8221;][vc_column]\n\t\t\t<!-- START AirLiquide Respireo PrimoP ENG REVOLUTION SLIDER 6.6.9 --><p class=\"rs-p-wp-fix\"><\/p>\n\t\t\t<rs-module-wrap id=\"rev_slider_130_1_wrapper\" data-source=\"gallery\" style=\"visibility:hidden;background:transparent;padding:0;margin:0px auto;margin-top:0;margin-bottom:0;\">\n\t\t\t\t<rs-module id=\"rev_slider_130_1\" style=\"\" data-version=\"6.6.9\">\n\t\t\t\t\t<rs-slides style=\"overflow: hidden; position: absolute;\">\n\t\t\t\t\t\t<rs-slide style=\"position: absolute;\" data-key=\"rs-199\" data-title=\"AirLiquide ENG\" data-anim=\"adpr:false;\" data-in=\"o:0;\" data-out=\"a:false;\">\n\t\t\t\t\t\t\t<img data-recalc-dims=\"1\" decoding=\"async\" src=\"https:\/\/i0.wp.com\/novusmedical.ca\/wp-content\/plugins\/revslider\/public\/assets\/assets\/dummy.png?resize=1920%2C1080\" alt=\"\" title=\"primophero\" width=\"1920\" height=\"1080\" class=\"rev-slidebg tp-rs-img rs-lazyload\" data-lazyload=\"\/\/novusmedical.ca\/wp-content\/uploads\/2025\/12\/primophero.png\" data-no-retina>\n<!--\n\t\t\t\t\t\t\t--><rs-layer\n\t\t\t\t\t\t\t\tid=\"slider-130-slide-199-layer-4\" \n\t\t\t\t\t\t\t\tdata-type=\"image\"\n\t\t\t\t\t\t\t\tdata-rsp_ch=\"on\"\n\t\t\t\t\t\t\t\tdata-xy=\"x:c;y:c;yo:7px;\"\n\t\t\t\t\t\t\t\tdata-text=\"w:normal;\"\n\t\t\t\t\t\t\t\tdata-dim=\"w:778px;h:278px;\"\n\t\t\t\t\t\t\t\tdata-frame_999=\"o:0;st:w;\"\n\t\t\t\t\t\t\t\tstyle=\"z-index:9;\"\n\t\t\t\t\t\t\t><img data-recalc-dims=\"1\" decoding=\"async\" src=\"https:\/\/i0.wp.com\/novusmedical.ca\/wp-content\/plugins\/revslider\/public\/assets\/assets\/dummy.png?resize=1435%2C513\" alt=\"\" class=\"tp-rs-img rs-lazyload\" width=\"1435\" height=\"513\" data-lazyload=\"\/\/novusmedical.ca\/wp-content\/uploads\/2025\/12\/AIR_LIQUIDE_HEALTHCARE-3.png\" data-no-retina> \n\t\t\t\t\t\t\t<\/rs-layer><!--\n-->\t\t\t\t\t\t<\/rs-slide>\n\t\t\t\t\t<\/rs-slides>\n\t\t\t\t<\/rs-module>\n\t\t\t\t<script>\n\t\t\t\t\tsetREVStartSize({c: 'rev_slider_130_1',rl:[1240,1024,778,480],el:[700],gw:[1240],gh:[700],type:'standard',justify:'',layout:'fullwidth',mh:\"0\"});if (window.RS_MODULES!==undefined && window.RS_MODULES.modules!==undefined && window.RS_MODULES.modules[\"revslider1301\"]!==undefined) {window.RS_MODULES.modules[\"revslider1301\"].once = false;window.revapi130 = undefined;if (window.RS_MODULES.checkMinimal!==undefined) window.RS_MODULES.checkMinimal()}\n\t\t\t\t<\/script>\n\t\t\t<\/rs-module-wrap>\n\t\t\t<!-- END REVOLUTION SLIDER -->\n[\/vc_column][\/vc_row][vc_row gap=&#8221;35&#8243; css=&#8221;.vc_custom_1767202987937{padding-top: 100px !important;padding-bottom: 50px !important;}&#8221;][vc_column][vc_custom_heading text=&#8221;Respireo&#x2122; Primo P&#8221; font_container=&#8221;tag:h2|font_size:42|text_align:center|color:%2300349B|line_height:1.25&#8243; google_fonts=&#8221;font_family:Roboto%3A100%2C100italic%2C300%2C300italic%2Cregular%2Citalic%2C500%2C500italic%2C700%2C700italic%2C900%2C900italic|font_style:700%20bold%20regular%3A700%3Anormal&#8221; css=&#8221;&#8221;][vc_custom_heading text=&#8221;Masque \u00e0 oreiller nasal&#8221; font_container=&#8221;tag:h2|font_size:24|text_align:center|color:%230074E0&#8243; google_fonts=&#8221;font_family:Roboto%3A100%2C100italic%2C300%2C300italic%2Cregular%2Citalic%2C500%2C500italic%2C700%2C700italic%2C900%2C900italic|font_style:700%20bold%20regular%3A700%3Anormal&#8221; css=&#8221;&#8221;][vc_custom_heading text=&#8221;Le masque de PPC nostrilaire Respireo&#x2122; Primo P a \u00e9t\u00e9 con\u00e7u pour faciliter la vie des patients \u00e0 l&#8217;h\u00f4pital ou dans le cadre d&#8217;un traitement \u00e0 domicile. Le design minimaliste de ce masque narinaire avec ou sans fuite offre une libert\u00e9 de mouvement au patient pour qu&#8217;il puisse profiter pleinement des bienfaits de son traitement, quels que soient sa morphologie et ses besoins. Pratique, facile \u00e0 ajuster et \u00e0 retirer, le masque Respireo&#x2122; Primo P est un \u00e9quipement silencieux qui pr\u00e9sente une conception l\u00e9g\u00e8re. L\u00e9ger et minimaliste, ce masque est particuli\u00e8rement recommand\u00e9 aux personnes souffrant de claustrophobie ou portant la moustache.&#8221; font_container=&#8221;tag:h2|font_size:32|text_align:center|color:%2300349B|line_height:1.25&#8243; google_fonts=&#8221;font_family:Roboto%3A100%2C100italic%2C300%2C300italic%2Cregular%2Citalic%2C500%2C500italic%2C700%2C700italic%2C900%2C900italic|font_style:300%20light%20regular%3A300%3Anormal&#8221; css=&#8221;&#8221;][vc_btn title=&#8221;Demande de devis&#8221; style=&#8221;outline-custom&#8221; outline_custom_color=&#8221;#000000&#8243; outline_custom_hover_background=&#8221;#93d500&#8243; outline_custom_hover_text=&#8221;#ffffff&#8221; shape=&#8221;square&#8221; size=&#8221;sm&#8221; align=&#8221;center&#8221; css=&#8221;.vc_custom_1767145715716{padding-top: 10px !important;}&#8221; link=&#8221;url:http%3A%2F%2Fnovusmedical.jzx.oms.mybluehost.me%2F%3Fpage_id%3D225|title:Contacter%20Novus|&#8221;][vc_empty_space][\/vc_column][\/vc_row][vc_row full_width=&#8221;stretch_row&#8221; gap=&#8221;20&#8243; content_placement=&#8221;top&#8221; css=&#8221;.vc_custom_1767201758532{margin-top: 150px !important;margin-left: 0px !important;background-color: #ffffff !important;}&#8221; el_id=&#8221;aeramaxproii&#8221;][vc_column width=&#8221;1\/2&#8243; css=&#8221;.vc_custom_1740423795327{padding-right: 50px !important;}&#8221;][vc_single_image image=&#8221;14195&#8243; img_size=&#8221;full&#8221; alignment=&#8221;center&#8221; onclick=&#8221;link_image&#8221; css=&#8221;&#8221;][\/vc_column][vc_column width=&#8221;1\/2&#8243; css=&#8221;.vc_custom_1767147189645{margin-left: 15px !important;}&#8221;][vc_custom_heading text=&#8221;Masque CPAP \u00e0 narine r\u00e9glable&#8221; font_container=&#8221;tag:h2|font_size:32|text_align:left|color:%2300349B|line_height:1.25&#8243; google_fonts=&#8221;font_family:Roboto%3A100%2C100italic%2C300%2C300italic%2Cregular%2Citalic%2C500%2C500italic%2C700%2C700italic%2C900%2C900italic|font_style:700%20bold%20regular%3A700%3Anormal&#8221; css=&#8221;.vc_custom_1767203039249{margin-top: 100px !important;}&#8221;][vc_separator color=&#8221;custom&#8221; align=&#8221;align_left&#8221; border_width=&#8221;5&#8243; el_width=&#8221;10&#8243; css=&#8221;&#8221; accent_color=&#8221;#D7001E&#8221;][vc_column_text css=&#8221;&#8221;]Dot\u00e9 d&#8217;un harnais stable et confortable, le masque Respireo&#x2122; Primo P dispose de multiples points de r\u00e9glage et d&#8217;un syst\u00e8me d&#8217;ajustement \u00e0 deux niveaux. Les larges bords du masque \u00e0 narines non fuyantes ou fuyantes permettent un fonctionnement \u00e9tanche et fiable. Le coussin ergonomique est con\u00e7u pour offrir des performances et un confort optimaux au patient, \u00e0 l&#8217;h\u00f4pital ou \u00e0 domicile. Les fuites silencieuses et diffuses du masque et le circuit mobile \u00e0 360 degr\u00e9s offrent \u00e9galement une exp\u00e9rience optimale au patient. Le circuit est libre de se d\u00e9tacher ou de se fixer sur le haut ou les c\u00f4t\u00e9s du visage, ce qui permet d&#8217;accompagner les mouvements du patient avec le masque CPAP nasal. Enfin, le design minimaliste permet un champ visuel d\u00e9gag\u00e9.[\/vc_column_text][vc_empty_space][\/vc_column][\/vc_row][vc_row gap=&#8221;35&#8243;][vc_column width=&#8221;1\/2&#8243;][vc_custom_heading text=&#8221;Masque nasal \u00e9tanche ou non \u00e9tanche&#8221; font_container=&#8221;tag:h2|font_size:32|text_align:left|color:%2300349B|line_height:1.25&#8243; google_fonts=&#8221;font_family:Roboto%3A100%2C100italic%2C300%2C300italic%2Cregular%2Citalic%2C500%2C500italic%2C700%2C700italic%2C900%2C900italic|font_style:700%20bold%20regular%3A700%3Anormal&#8221; css=&#8221;.vc_custom_1767202914478{margin-top: 25px !important;}&#8221;][vc_separator color=&#8221;custom&#8221; align=&#8221;align_left&#8221; border_width=&#8221;5&#8243; el_width=&#8221;10&#8243; css=&#8221;&#8221; accent_color=&#8221;#D7001E&#8221;][vc_column_text css=&#8221;&#8221;]Le masque Respireo&#x2122; Primo P est un masque narinaire sans fuite (pour les patients ventil\u00e9s) ou avec fuite, destin\u00e9 \u00e0 \u00eatre utilis\u00e9 avec la PPC (pression positive continue) et la VNI (ventilation non invasive).<\/p>\n<p>Ce masque CPAP narinaire est particuli\u00e8rement indiqu\u00e9 pour les patients souffrant de l\u00e9sions de l&#8217;ar\u00eate nasale, de claustrophobie, de fuites oculaires, mais aussi pour les patients g\u00ean\u00e9s par le soutien frontal.<\/p>\n<p>Il existe en deux versions :<\/p>\n<ul>\n<li style=\"list-style-type: none;\">\n<ul>\n<li>Respireo&#x2122; Primo P avec fuite<\/li>\n<li>Respireo&#x2122; Primo P sans fuite<\/li>\n<\/ul>\n<\/li>\n<\/ul>\n[\/vc_column_text][vc_empty_space height=&#8221;100px&#8221;][\/vc_column][vc_column width=&#8221;1\/2&#8243;][vc_single_image image=&#8221;14430&#8243; img_size=&#8221;full&#8221; alignment=&#8221;center&#8221; onclick=&#8221;link_image&#8221; css=&#8221;&#8221;][\/vc_column][\/vc_row][vc_row gap=&#8221;35&#8243; css=&#8221;.vc_custom_1767201778773{margin-top: 150px !important;}&#8221;][vc_column width=&#8221;2\/3&#8243;][vc_custom_heading text=&#8221;Avis juridique&#8221; font_container=&#8221;tag:h2|font_size:32|text_align:left|color:%2300349B|line_height:1.25&#8243; google_fonts=&#8221;font_family:Roboto%3A100%2C100italic%2C300%2C300italic%2Cregular%2Citalic%2C500%2C500italic%2C700%2C700italic%2C900%2C900italic|font_style:700%20bold%20regular%3A700%3Anormal&#8221; css=&#8221;&#8221;][vc_separator color=&#8221;custom&#8221; align=&#8221;align_left&#8221; border_width=&#8221;5&#8243; el_width=&#8221;10&#8243; css=&#8221;.vc_custom_1767146138659{padding-bottom: 25px !important;}&#8221; accent_color=&#8221;#D7001E&#8221;][vc_column_text css=&#8221;&#8221;]Respireo&#x2122; Primo P est un masque nasal r\u00e9utilisable avec orifices d&#8217;expiration calibr\u00e9s (ventil\u00e9s), destin\u00e9 \u00e0 \u00eatre utilis\u00e9 \u00e0 domicile ou en milieu hospitalier par un seul patient adulte (pesant plus de 30 kg) auquel a \u00e9t\u00e9 prescrite une th\u00e9rapie de ventilation \u00e0 pression positive non invasive (VPPN), par exemple une th\u00e9rapie de pression positive continue (CPAP) ou une th\u00e9rapie de pression positive Bilevel (BiPAP).<br \/>\nRespireo&#x2122; Primo P Non Vented est un masque coussin nasal r\u00e9utilisable sans orifices expiratoires calibr\u00e9s destin\u00e9 \u00e0 \u00eatre utilis\u00e9 \u00e0 domicile ou en milieu hospitalier par un seul patient adulte (pesant plus de 30 kg) en ventilation \u00e0 pression positive non invasive contr\u00f4l\u00e9e (NIPPV).<\/p>\n<p>Dispositif m\u00e9dical de classe IIa CE0051.<br \/>\nVeuillez lire le mode d&#8217;emploi.<br \/>\nFabriqu\u00e9 par Air Liquide Medical Systems S.r.l., Italie.<br \/>\nDistribu\u00e9 par Air Liquide Medical Systems S.A., Antony 348 921735 R.C.S Nanterre.[\/vc_column_text][\/vc_column][vc_column width=&#8221;1\/3&#8243;][\/vc_column][\/vc_row][vc_row full_width=&#8221;stretch_row&#8221; css=&#8221;.vc_custom_1767201444052{margin-top: 150px !important;margin-bottom: -15px !important;background-color: #EEEEEE !important;}&#8221;][vc_column][vc_custom_heading text=&#8221;Documents&#8221; font_container=&#8221;tag:h2|font_size:32|text_align:left|color:%2300349B|line_height:1.25&#8243; google_fonts=&#8221;font_family:Roboto%3A100%2C100italic%2C300%2C300italic%2Cregular%2Citalic%2C500%2C500italic%2C700%2C700italic%2C900%2C900italic|font_style:700%20bold%20regular%3A700%3Anormal&#8221; css=&#8221;.vc_custom_1767068275979{padding-top: 75px !important;}&#8221;][vc_separator color=&#8221;custom&#8221; align=&#8221;align_left&#8221; border_width=&#8221;5&#8243; el_width=&#8221;10&#8243; css=&#8221;&#8221; accent_color=&#8221;#D7001E&#8221;][\/vc_column][\/vc_row][vc_row full_width=&#8221;stretch_row&#8221; gap=&#8221;35&#8243; css=&#8221;.vc_custom_1767202657971{margin-bottom: -75px !important;padding-top: 30px !important;padding-bottom: 100px !important;background-color: #EEEEEE !important;}&#8221;][vc_column width=&#8221;1\/4&#8243; css=&#8221;.vc_custom_1767202732830{border-top-width: 5px !important;border-right-width: 5px !important;border-bottom-width: 5px !important;border-left-width: 5px !important;background-color: #FFFFFF !important;border-left-style: solid !important;border-right-style: solid !important;border-top-style: solid !important;border-bottom-style: solid !important;border-radius: 20px !important;border-color: #EEEEEE !important;}&#8221;][vc_custom_heading text=&#8221;Respireo&#x2122; Primo P &#8211; Brochure&#8221; font_container=&#8221;tag:h2|font_size:21|text_align:center|color:%2300349B|line_height:1.25&#8243; google_fonts=&#8221;font_family:Roboto%3A100%2C100italic%2C300%2C300italic%2Cregular%2Citalic%2C500%2C500italic%2C700%2C700italic%2C900%2C900italic|font_style:700%20bold%20regular%3A700%3Anormal&#8221; css=&#8221;&#8221;][vc_btn title=&#8221;T\u00e9l\u00e9charger&#8221; style=&#8221;outline-custom&#8221; outline_custom_color=&#8221;#0074E0&#8243; outline_custom_hover_background=&#8221;#0074E0&#8243; outline_custom_hover_text=&#8221;#ffffff&#8221; shape=&#8221;square&#8221; size=&#8221;sm&#8221; align=&#8221;center&#8221; i_icon_fontawesome=&#8221;fas fa-cloud-download-alt&#8221; css=&#8221;.vc_custom_1769101580070{padding-bottom: 30px !important;}&#8221; add_icon=&#8221;true&#8221; link=&#8221;url:https%3A%2F%2Fnovusmedical.ca%2Fwp-content%2Fuploads%2F2026%2F01%2Frespireotm-primo-p-brochure.pdf|target:_blank&#8221;][\/vc_column][vc_column width=&#8221;1\/4&#8243; css=&#8221;.vc_custom_1767202759941{border-top-width: 5px !important;border-right-width: 5px !important;border-bottom-width: 5px !important;border-left-width: 5px !important;background-color: #FFFFFF !important;border-left-style: solid !important;border-right-style: solid !important;border-top-style: solid !important;border-bottom-style: solid !important;border-radius: 20px !important;border-color: #EEEEEE !important;}&#8221;][vc_custom_heading text=&#8221;Respireo&#x2122; Primo P Vented &#8211; Manuel de l&#8217;utilisateur&#8221; font_container=&#8221;tag:h2|font_size:21|text_align:center|color:%2300349B|line_height:1.25&#8243; google_fonts=&#8221;font_family:Roboto%3A100%2C100italic%2C300%2C300italic%2Cregular%2Citalic%2C500%2C500italic%2C700%2C700italic%2C900%2C900italic|font_style:700%20bold%20regular%3A700%3Anormal&#8221; css=&#8221;&#8221;][vc_btn title=&#8221;T\u00e9l\u00e9charger&#8221; style=&#8221;outline-custom&#8221; outline_custom_color=&#8221;#0074E0&#8243; outline_custom_hover_background=&#8221;#0074E0&#8243; outline_custom_hover_text=&#8221;#ffffff&#8221; shape=&#8221;square&#8221; size=&#8221;sm&#8221; align=&#8221;center&#8221; i_icon_fontawesome=&#8221;fas fa-cloud-download-alt&#8221; css=&#8221;.vc_custom_1767202805165{padding-bottom: 30px !important;}&#8221; add_icon=&#8221;true&#8221; link=&#8221;url:https%3A%2F%2Fnovusmedical.ca%2Fwp-content%2Fuploads%2F2025%2F12%2Fum_respireo_primo_p-2.pdf|title:Brochure|target:_blank|&#8221;][\/vc_column][vc_column width=&#8221;1\/4&#8243; css=&#8221;.vc_custom_1767202831486{border-top-width: 5px !important;border-right-width: 5px !important;border-bottom-width: 5px !important;border-left-width: 5px !important;background-color: #FFFFFF !important;border-left-style: solid !important;border-right-style: solid !important;border-top-style: solid !important;border-bottom-style: solid !important;border-radius: 20px !important;border-color: #EEEEEE !important;}&#8221;][vc_custom_heading text=&#8221;Respireo&#x2122; Primo P Non Vented &#8211; Manuel de l&#8217;utilisateur&#8221; font_container=&#8221;tag:h2|font_size:21|text_align:center|color:%2300349B|line_height:1.25&#8243; google_fonts=&#8221;font_family:Roboto%3A100%2C100italic%2C300%2C300italic%2Cregular%2Citalic%2C500%2C500italic%2C700%2C700italic%2C900%2C900italic|font_style:700%20bold%20regular%3A700%3Anormal&#8221; css=&#8221;&#8221;][vc_btn title=&#8221;T\u00e9l\u00e9charger&#8221; style=&#8221;outline-custom&#8221; outline_custom_color=&#8221;#0074E0&#8243; outline_custom_hover_background=&#8221;#0074E0&#8243; outline_custom_hover_text=&#8221;#ffffff&#8221; shape=&#8221;square&#8221; size=&#8221;sm&#8221; align=&#8221;center&#8221; i_icon_fontawesome=&#8221;fas fa-cloud-download-alt&#8221; css=&#8221;.vc_custom_1767202811832{padding-bottom: 30px !important;}&#8221; add_icon=&#8221;true&#8221; link=&#8221;url:https%3A%2F%2Fnovusmedical.ca%2Fwp-content%2Fuploads%2F2025%2F12%2Fum_respireo_primo_p_non_vented_sheet_a-2.pdf|target:_blank|&#8221;][\/vc_column][vc_column width=&#8221;1\/4&#8243; css=&#8221;.vc_custom_1767202849393{border-top-width: 5px !important;border-right-width: 5px !important;border-bottom-width: 5px !important;border-left-width: 5px !important;background-color: #FFFFFF !important;border-left-style: solid !important;border-right-style: solid !important;border-top-style: solid !important;border-bottom-style: solid !important;border-radius: 20px !important;border-color: #EEEEEE !important;}&#8221;][vc_custom_heading text=&#8221;Guide de d\u00e9contamination, de d\u00e9sinfection et de st\u00e9rilisation des masques&#8221; font_container=&#8221;tag:h2|font_size:21|text_align:center|color:%2300349B|line_height:1.25&#8243; google_fonts=&#8221;font_family:Roboto%3A100%2C100italic%2C300%2C300italic%2Cregular%2Citalic%2C500%2C500italic%2C700%2C700italic%2C900%2C900italic|font_style:700%20bold%20regular%3A700%3Anormal&#8221; css=&#8221;&#8221;][vc_btn title=&#8221;T\u00e9l\u00e9charger&#8221; style=&#8221;outline-custom&#8221; outline_custom_color=&#8221;#0074E0&#8243; outline_custom_hover_background=&#8221;#0074E0&#8243; outline_custom_hover_text=&#8221;#ffffff&#8221; shape=&#8221;square&#8221; size=&#8221;sm&#8221; align=&#8221;center&#8221; i_icon_fontawesome=&#8221;fas fa-cloud-download-alt&#8221; css=&#8221;.vc_custom_1769101544057{padding-bottom: 15px !important;}&#8221; add_icon=&#8221;true&#8221; link=&#8221;url:https%3A%2F%2Fnovusmedical.ca%2Fwp-content%2Fuploads%2F2026%2F01%2Fguide-de-decontamination-desinfection-et-sterilisation_0.pdf|target:_blank&#8221;][\/vc_column][\/vc_row]\n<\/div>","protected":false},"excerpt":{"rendered":"<p>[vc_row css=&#8221;.vc_custom_1761586664265{margin-top: -50px !important;margin-bottom: 15px !important;}&#8221;][vc_column][\/vc_column][\/vc_row][vc_row gap=&#8221;35&#8243; css=&#8221;.vc_custom_1767202987937{padding-top: 100px !important;padding-bottom: 50px !important;}&#8221;][vc_column][vc_custom_heading text=&#8221;Respireo&#x2122; Primo P&#8221; font_container=&#8221;tag:h2|font_size:42|text_align:center|color:%2300349B|line_height:1.25&#8243; google_fonts=&#8221;font_family:Roboto%3A100%2C100italic%2C300%2C300italic%2Cregular%2Citalic%2C500%2C500italic%2C700%2C700italic%2C900%2C900italic|font_style:700%20bold%20regular%3A700%3Anormal&#8221; css=&#8221;&#8221;][vc_custom_heading text=&#8221;Masque \u00e0 [&hellip;]<\/p>\n","protected":false},"author":2,"featured_media":14195,"parent":14519,"menu_order":0,"comment_status":"closed","ping_status":"closed","template":"","meta":{"om_disable_all_campaigns":false,"_monsterinsights_skip_tracking":false,"_monsterinsights_sitenote_active":false,"_monsterinsights_sitenote_note":"","_monsterinsights_sitenote_category":0,"footnotes":""},"class_list":["post-14562","page","type-page","status-publish","has-post-thumbnail","hentry"],"jetpack_sharing_enabled":true,"_links":{"self":[{"href":"https:\/\/novusmedical.ca\/fr\/wp-json\/wp\/v2\/pages\/14562","targetHints":{"allow":["GET"]}}],"collection":[{"href":"https:\/\/novusmedical.ca\/fr\/wp-json\/wp\/v2\/pages"}],"about":[{"href":"https:\/\/novusmedical.ca\/fr\/wp-json\/wp\/v2\/types\/page"}],"author":[{"embeddable":true,"href":"https:\/\/novusmedical.ca\/fr\/wp-json\/wp\/v2\/users\/2"}],"replies":[{"embeddable":true,"href":"https:\/\/novusmedical.ca\/fr\/wp-json\/wp\/v2\/comments?post=14562"}],"version-history":[{"count":5,"href":"https:\/\/novusmedical.ca\/fr\/wp-json\/wp\/v2\/pages\/14562\/revisions"}],"predecessor-version":[{"id":14641,"href":"https:\/\/novusmedical.ca\/fr\/wp-json\/wp\/v2\/pages\/14562\/revisions\/14641"}],"up":[{"embeddable":true,"href":"https:\/\/novusmedical.ca\/fr\/wp-json\/wp\/v2\/pages\/14519"}],"wp:featuredmedia":[{"embeddable":true,"href":"https:\/\/novusmedical.ca\/fr\/wp-json\/wp\/v2\/media\/14195"}],"wp:attachment":[{"href":"https:\/\/novusmedical.ca\/fr\/wp-json\/wp\/v2\/media?parent=14562"}],"curies":[{"name":"wp","href":"https:\/\/api.w.org\/{rel}","templated":true}]}}