{"id":14552,"date":"2025-12-31T16:07:22","date_gmt":"2025-12-31T16:07:22","guid":{"rendered":"https:\/\/novusmedical.ca\/airliquide\/respireosoftnasal\/"},"modified":"2026-01-22T17:01:55","modified_gmt":"2026-01-22T17:01:55","slug":"respireosoftnasal","status":"publish","type":"page","link":"https:\/\/novusmedical.ca\/fr\/airliquide\/respireosoftnasal\/","title":{"rendered":"RespireoSoftNasal"},"content":{"rendered":"<div class=\"wpb-content-wrapper\">[vc_row css=&#8221;.vc_custom_1761586664265{margin-top: -50px !important;margin-bottom: 15px !important;}&#8221;][vc_column]\n\t\t\t<!-- START AirLiquide Respireo Soft Nasal ENG REVOLUTION SLIDER 6.6.9 --><p class=\"rs-p-wp-fix\"><\/p>\n\t\t\t<rs-module-wrap id=\"rev_slider_128_1_wrapper\" data-source=\"gallery\" style=\"visibility:hidden;background:transparent;padding:0;margin:0px auto;margin-top:0;margin-bottom:0;\">\n\t\t\t\t<rs-module id=\"rev_slider_128_1\" style=\"\" data-version=\"6.6.9\">\n\t\t\t\t\t<rs-slides style=\"overflow: hidden; position: absolute;\">\n\t\t\t\t\t\t<rs-slide style=\"position: absolute;\" data-key=\"rs-197\" data-title=\"AirLiquide ENG\" data-anim=\"adpr:false;\" data-in=\"o:0;\" data-out=\"a:false;\">\n\t\t\t\t\t\t\t<img data-recalc-dims=\"1\" decoding=\"async\" src=\"https:\/\/i0.wp.com\/novusmedical.ca\/wp-content\/plugins\/revslider\/public\/assets\/assets\/dummy.png?resize=1920%2C1080\" alt=\"\" title=\"softnasalhero\" width=\"1920\" height=\"1080\" class=\"rev-slidebg tp-rs-img rs-lazyload\" data-lazyload=\"\/\/novusmedical.ca\/wp-content\/uploads\/2025\/12\/softnasalhero.png\" data-no-retina>\n<!--\n\t\t\t\t\t\t\t--><rs-layer\n\t\t\t\t\t\t\t\tid=\"slider-128-slide-197-layer-4\" \n\t\t\t\t\t\t\t\tdata-type=\"image\"\n\t\t\t\t\t\t\t\tdata-rsp_ch=\"on\"\n\t\t\t\t\t\t\t\tdata-xy=\"x:c;y:c;yo:7px;\"\n\t\t\t\t\t\t\t\tdata-text=\"w:normal;\"\n\t\t\t\t\t\t\t\tdata-dim=\"w:778px;h:278px;\"\n\t\t\t\t\t\t\t\tdata-frame_999=\"o:0;st:w;\"\n\t\t\t\t\t\t\t\tstyle=\"z-index:9;\"\n\t\t\t\t\t\t\t><img data-recalc-dims=\"1\" decoding=\"async\" src=\"https:\/\/i0.wp.com\/novusmedical.ca\/wp-content\/plugins\/revslider\/public\/assets\/assets\/dummy.png?resize=1435%2C513\" alt=\"\" class=\"tp-rs-img rs-lazyload\" width=\"1435\" height=\"513\" data-lazyload=\"\/\/novusmedical.ca\/wp-content\/uploads\/2025\/12\/AIR_LIQUIDE_HEALTHCARE-3.png\" data-no-retina> \n\t\t\t\t\t\t\t<\/rs-layer><!--\n-->\t\t\t\t\t\t<\/rs-slide>\n\t\t\t\t\t<\/rs-slides>\n\t\t\t\t<\/rs-module>\n\t\t\t\t<script>\n\t\t\t\t\tsetREVStartSize({c: 'rev_slider_128_1',rl:[1240,1024,778,480],el:[700],gw:[1240],gh:[700],type:'standard',justify:'',layout:'fullwidth',mh:\"0\"});if (window.RS_MODULES!==undefined && window.RS_MODULES.modules!==undefined && window.RS_MODULES.modules[\"revslider1281\"]!==undefined) {window.RS_MODULES.modules[\"revslider1281\"].once = false;window.revapi128 = undefined;if (window.RS_MODULES.checkMinimal!==undefined) window.RS_MODULES.checkMinimal()}\n\t\t\t\t<\/script>\n\t\t\t<\/rs-module-wrap>\n\t\t\t<!-- END REVOLUTION SLIDER -->\n[\/vc_column][\/vc_row][vc_row gap=&#8221;35&#8243; css=&#8221;.vc_custom_1756995579493{padding-top: 100px !important;padding-right: 40px !important;padding-bottom: 50px !important;}&#8221;][vc_column][vc_custom_heading text=&#8221;Respireo&#x2122; Soft Nasal&#8221; font_container=&#8221;tag:h2|font_size:42|text_align:center|color:%2300349B&#8221; google_fonts=&#8221;font_family:Roboto%3A100%2C100italic%2C300%2C300italic%2Cregular%2Citalic%2C500%2C500italic%2C700%2C700italic%2C900%2C900italic|font_style:700%20bold%20regular%3A700%3Anormal&#8221; css=&#8221;&#8221;][vc_custom_heading text=&#8221;Le masque CPAP confortable et fiable&#8221; font_container=&#8221;tag:h2|font_size:24|text_align:center|color:%230074E0&#8243; google_fonts=&#8221;font_family:Roboto%3A100%2C100italic%2C300%2C300italic%2Cregular%2Citalic%2C500%2C500italic%2C700%2C700italic%2C900%2C900italic|font_style:700%20bold%20regular%3A700%3Anormal&#8221; css=&#8221;&#8221;][vc_custom_heading text=&#8221;La gamme Respireo&#x2122; de masques de PPC a \u00e9t\u00e9 con\u00e7ue de mani\u00e8re r\u00e9fl\u00e9chie pour offrir aux patients une exp\u00e9rience optimale pendant leurs th\u00e9rapies de PPC et de VNI. Ce masque nasal pour l&#8217;apn\u00e9e du sommeil allie confort et l\u00e9g\u00e8ret\u00e9 pour une qualit\u00e9 de sommeil optimale, tant pour les patients que pour leurs partenaires. Son coussin dot\u00e9 de la technologie SOFT offre une conception ergonomique qui \u00e9vite les pressions sur l&#8217;ar\u00eate du nez et s&#8217;adapte \u00e0 la morphologie du patient. Un masque nasal CPAP Respireo&#x2122; SOFT pour profiter de chaque instant.&#8221; font_container=&#8221;tag:h2|font_size:32|text_align:center|color:%2300349B|line_height:1.25&#8243; google_fonts=&#8221;font_family:Roboto%3A100%2C100italic%2C300%2C300italic%2Cregular%2Citalic%2C500%2C500italic%2C700%2C700italic%2C900%2C900italic|font_style:300%20light%20regular%3A300%3Anormal&#8221; css=&#8221;&#8221;][vc_btn title=&#8221;Demande de devis&#8221; style=&#8221;outline-custom&#8221; outline_custom_color=&#8221;#000000&#8243; outline_custom_hover_background=&#8221;#93d500&#8243; outline_custom_hover_text=&#8221;#ffffff&#8221; shape=&#8221;square&#8221; size=&#8221;sm&#8221; align=&#8221;center&#8221; css=&#8221;.vc_custom_1767145715716{padding-top: 10px !important;}&#8221; link=&#8221;url:http%3A%2F%2Fnovusmedical.jzx.oms.mybluehost.me%2F%3Fpage_id%3D225|title:Contacter%20Novus|&#8221;][vc_empty_space][\/vc_column][\/vc_row][vc_row full_width=&#8221;stretch_row&#8221; gap=&#8221;20&#8243; content_placement=&#8221;top&#8221; css=&#8221;.vc_custom_1767147176231{margin-left: 0px !important;background-color: #ffffff !important;}&#8221; el_id=&#8221;aeramaxproii&#8221;][vc_column width=&#8221;1\/2&#8243; css=&#8221;.vc_custom_1740423795327{padding-right: 50px !important;}&#8221;][vc_single_image image=&#8221;14377&#8243; img_size=&#8221;full&#8221; alignment=&#8221;center&#8221; onclick=&#8221;link_image&#8221; css=&#8221;&#8221;][\/vc_column][vc_column width=&#8221;1\/2&#8243; css=&#8221;.vc_custom_1767147189645{margin-left: 15px !important;}&#8221;][vc_empty_space height=&#8221;50px&#8221;][vc_custom_heading text=&#8221;Le masque nasal CPAP Respireo&#x2122; SOFT a \u00e9t\u00e9 con\u00e7u pour un maximum de confort et d&#8217;ergonomie&#8221; font_container=&#8221;tag:h2|font_size:32|text_align:left|color:%2300349B|line_height:1.25&#8243; google_fonts=&#8221;font_family:Roboto%3A100%2C100italic%2C300%2C300italic%2Cregular%2Citalic%2C500%2C500italic%2C700%2C700italic%2C900%2C900italic|font_style:700%20bold%20regular%3A700%3Anormal&#8221; css=&#8221;&#8221;][vc_separator color=&#8221;custom&#8221; align=&#8221;align_left&#8221; border_width=&#8221;5&#8243; el_width=&#8221;10&#8243; css=&#8221;&#8221; accent_color=&#8221;#D7001E&#8221;][vc_column_text css=&#8221;&#8221;]\n<div id=\"p611\" class=\"wysiwyg al-margin-regular paragraph paragraph--type--wysiwyg-full paragraph--view-mode--default\">\n<h3 class=\"subtitle-l-regular identity-primary\">Un masque CPAP confortable<\/h3>\n<ul>\n<li style=\"list-style-type: none;\">\n<ul>\n<li>Bulle en silicone souple pour un maximum de confort sur la peau. Son syst\u00e8me de tromperie vous aide \u00e0 placer correctement la bulle sur le cadre.<\/li>\n<li>Le harnais Univeo&#x2122;, avec 5 points de r\u00e9glage pour une adaptation optimale \u00e0 toutes les physionomies et une bonne r\u00e9partition des points d&#8217;appui.<\/li>\n<\/ul>\n<\/li>\n<\/ul>\n<\/div>\n<div id=\"p616\" class=\"paragraph al-margin-regular paragraph--type--text-image-5050 paragraph--view-mode--default\">\n<div class=\"right\">\n<div class=\"text\">\n<div class=\"wysiwyg\">\n<ul>\n<li style=\"list-style-type: none;\">\n<ul>\n<li>Une monture fine et transparente avec des branches flexibles pour suivre les mouvements du patient pendant le sommeil et ainsi assurer une bonne stabilit\u00e9 du masque pendant le sommeil.<\/li>\n<li>Ses crochets ergonomiques avec un positionnement innovant pr\u00e8s du visage assurent une bonne stabilit\u00e9 du masque. Leur conception ergonomique permet d&#8217;attacher et de d\u00e9tacher rapidement le harnais.<\/li>\n<li>Champ de vision clair<\/li>\n<\/ul>\n<\/li>\n<\/ul>\n<\/div>\n<\/div>\n<\/div>\n<\/div>\n[\/vc_column_text][vc_column_text css=&#8221;&#8221;]\n<div id=\"p611\" class=\"wysiwyg al-margin-regular paragraph paragraph--type--wysiwyg-full paragraph--view-mode--default\">\n<h3 class=\"subtitle-l-regular identity-primary\">Un masque nasal facile \u00e0 utiliser pour l&#8217;apn\u00e9e du sommeil<\/h3>\n<ul>\n<li style=\"list-style-type: none;\">\n<ul>\n<li>Facile \u00e0 ajuster, \u00e0 porter et \u00e0 nettoyer ;<\/li>\n<li>R\u00e9tention des r\u00e9glages du harnais (retrait par les encoches et les crochets du support frontal).<\/li>\n<\/ul>\n<\/li>\n<\/ul>\n<p>Gr\u00e2ce \u00e0 sa conception innovante, le masque nasal SOFT contre l&#8217;apn\u00e9e du sommeil permet au patient d&#8217;\u00eatre trait\u00e9 de mani\u00e8re efficace et confortable.<\/p>\n<\/div>\n[\/vc_column_text][\/vc_column][\/vc_row][vc_row][vc_column width=&#8221;1\/2&#8243;][vc_single_image image=&#8221;14373&#8243; img_size=&#8221;full&#8221; alignment=&#8221;center&#8221; onclick=&#8221;link_image&#8221; css=&#8221;&#8221;][\/vc_column][vc_column width=&#8221;1\/2&#8243;][vc_single_image image=&#8221;14371&#8243; img_size=&#8221;full&#8221; alignment=&#8221;center&#8221; onclick=&#8221;link_image&#8221; css=&#8221;&#8221;][vc_empty_space height=&#8221;100px&#8221;][\/vc_column][\/vc_row][vc_row gap=&#8221;35&#8243; css=&#8221;.vc_custom_1767198777416{margin-top: 100px !important;}&#8221;][vc_column][vc_custom_heading text=&#8221;La gamme RespireoTM SOFT Nasal facilitera la vie de<br \/>\nvos patients en offrant une exp\u00e9rience utilisateur optimale.&#8221; font_container=&#8221;tag:h2|font_size:32|text_align:left|color:%2300349B|line_height:1.25&#8243; google_fonts=&#8221;font_family:Roboto%3A100%2C100italic%2C300%2C300italic%2Cregular%2Citalic%2C500%2C500italic%2C700%2C700italic%2C900%2C900italic|font_style:700%20bold%20regular%3A700%3Anormal&#8221; css=&#8221;&#8221;][vc_separator color=&#8221;custom&#8221; align=&#8221;align_left&#8221; border_width=&#8221;5&#8243; el_width=&#8221;10&#8243; css=&#8221;&#8221; accent_color=&#8221;#D7001E&#8221;][vc_single_image image=&#8221;14379&#8243; img_size=&#8221;large&#8221; alignment=&#8221;center&#8221; onclick=&#8221;link_image&#8221; css=&#8221;&#8221;][vc_empty_space height=&#8221;100px&#8221;][\/vc_column][\/vc_row][vc_row gap=&#8221;35&#8243; css=&#8221;.vc_custom_1767198791081{margin-top: 100px !important;}&#8221;][vc_column width=&#8221;1\/2&#8243;][vc_custom_heading text=&#8221;Guide d&#8217;ajustement et de nettoyage des masques&#8221; font_container=&#8221;tag:h2|font_size:32|text_align:left|color:%2300349B|line_height:1.25&#8243; google_fonts=&#8221;font_family:Roboto%3A100%2C100italic%2C300%2C300italic%2Cregular%2Citalic%2C500%2C500italic%2C700%2C700italic%2C900%2C900italic|font_style:700%20bold%20regular%3A700%3Anormal&#8221; css=&#8221;&#8221;][vc_separator color=&#8221;custom&#8221; align=&#8221;align_left&#8221; border_width=&#8221;5&#8243; el_width=&#8221;10&#8243; css=&#8221;&#8221; accent_color=&#8221;#D7001E&#8221;][vc_video link=&#8221;https:\/\/youtu.be\/d_30yNz6vLA&#8221; el_width=&#8221;90&#8243; css=&#8221;&#8221;][vc_column_text css=&#8221;&#8221;]Diff\u00e9rentes tailles de masque sont disponibles en fonction de la morphologie et des besoins du patient.<\/p>\n<p>Contactez nos experts Novus Medical Inc. pour commander les masques Respireo&#x2122; CPAP les mieux adapt\u00e9s \u00e0 la situation de vos patients, pour un traitement \u00e0 l&#8217;h\u00f4pital ou \u00e0 domicile.[\/vc_column_text][vc_empty_space height=&#8221;100px&#8221;][\/vc_column][vc_column width=&#8221;1\/2&#8243;][vc_custom_heading text=&#8221;Avis juridique&#8221; font_container=&#8221;tag:h2|font_size:32|text_align:left|color:%2300349B|line_height:1.25&#8243; google_fonts=&#8221;font_family:Roboto%3A100%2C100italic%2C300%2C300italic%2Cregular%2Citalic%2C500%2C500italic%2C700%2C700italic%2C900%2C900italic|font_style:700%20bold%20regular%3A700%3Anormal&#8221; css=&#8221;&#8221;][vc_separator color=&#8221;custom&#8221; align=&#8221;align_left&#8221; border_width=&#8221;5&#8243; el_width=&#8221;10&#8243; css=&#8221;.vc_custom_1767146138659{padding-bottom: 25px !important;}&#8221; accent_color=&#8221;#D7001E&#8221;][vc_column_text css=&#8221;&#8221;]Respireo&#x2122; SOFT Nasal est un masque nasal r\u00e9utilisable dot\u00e9 d&#8217;orifices d&#8217;expiration calibr\u00e9s (ventil\u00e9s), destin\u00e9 \u00e0 \u00eatre utilis\u00e9 \u00e0 domicile ou en milieu hospitalier par plusieurs patients adultes (pesant plus de 30 kg) auxquels a \u00e9t\u00e9 prescrite une th\u00e9rapie de ventilation \u00e0 pression positive non invasive (VPPN), par exemple une th\u00e9rapie de pression positive continue (CPAP) ou une th\u00e9rapie de pression positive Bilevel (BiPAP).<\/p>\n<p>Dispositif m\u00e9dical de classe IIa CE0051.<br \/>\nVeuillez lire le mode d&#8217;emploi.<br \/>\nFabriqu\u00e9 par Air Liquide Medical Systems S.r.l., Italie.<br \/>\nDistribu\u00e9 par Air Liquide Medical Systems S.A., Antony 348 921735 R.C.S Nanterre.[\/vc_column_text][\/vc_column][\/vc_row][vc_row full_width=&#8221;stretch_row&#8221; css=&#8221;.vc_custom_1767198734662{margin-bottom: -15px !important;background-color: #EEEEEE !important;}&#8221;][vc_column][vc_custom_heading text=&#8221;Documents&#8221; font_container=&#8221;tag:h2|font_size:32|text_align:left|color:%2300349B|line_height:1.25&#8243; google_fonts=&#8221;font_family:Roboto%3A100%2C100italic%2C300%2C300italic%2Cregular%2Citalic%2C500%2C500italic%2C700%2C700italic%2C900%2C900italic|font_style:700%20bold%20regular%3A700%3Anormal&#8221; css=&#8221;.vc_custom_1767068275979{padding-top: 75px !important;}&#8221;][vc_separator color=&#8221;custom&#8221; align=&#8221;align_left&#8221; border_width=&#8221;5&#8243; el_width=&#8221;10&#8243; css=&#8221;&#8221; accent_color=&#8221;#D7001E&#8221;][\/vc_column][\/vc_row][vc_row full_width=&#8221;stretch_row&#8221; gap=&#8221;35&#8243; css=&#8221;.vc_custom_1767198745621{margin-bottom: -75px !important;padding-top: 30px !important;padding-bottom: 150px !important;background-color: #EEEEEE !important;}&#8221;][vc_column width=&#8221;1\/4&#8243; css=&#8221;.vc_custom_1767066936874{margin-right: 10px !important;background-color: #FFFFFF !important;border-radius: 20px !important;}&#8221;][vc_custom_heading text=&#8221;Respireo&#x2122; Soft Nasal &#8211; Brochure&#8221; font_container=&#8221;tag:h2|font_size:21|text_align:center|color:%2300349B|line_height:1.25&#8243; google_fonts=&#8221;font_family:Roboto%3A100%2C100italic%2C300%2C300italic%2Cregular%2Citalic%2C500%2C500italic%2C700%2C700italic%2C900%2C900italic|font_style:700%20bold%20regular%3A700%3Anormal&#8221; css=&#8221;&#8221;][vc_btn title=&#8221;T\u00e9l\u00e9charger&#8221; style=&#8221;outline-custom&#8221; outline_custom_color=&#8221;#0074E0&#8243; outline_custom_hover_background=&#8221;#0074E0&#8243; outline_custom_hover_text=&#8221;#ffffff&#8221; shape=&#8221;square&#8221; size=&#8221;sm&#8221; align=&#8221;center&#8221; i_icon_fontawesome=&#8221;fas fa-cloud-download-alt&#8221; css=&#8221;.vc_custom_1769101308993{margin-bottom: 25px !important;padding-bottom: 15px !important;}&#8221; add_icon=&#8221;true&#8221; link=&#8221;url:https%3A%2F%2Fnovusmedical.ca%2Fwp-content%2Fuploads%2F2026%2F01%2Frespireotm-soft-nasal_soft-nasal-silent-brochure.pdf|target:_blank&#8221;][\/vc_column][vc_column width=&#8221;1\/4&#8243; css=&#8221;.vc_custom_1767066914833{margin-right: 10px !important;margin-left: 10px !important;background-color: #FFFFFF !important;border-radius: 20px !important;}&#8221;][vc_custom_heading text=&#8221;Respireo&#x2122; Soft Nasal Vented &#8211; Manuel de l&#8217;utilisateur&#8221; font_container=&#8221;tag:h2|font_size:21|text_align:center|color:%2300349B|line_height:1.25&#8243; google_fonts=&#8221;font_family:Roboto%3A100%2C100italic%2C300%2C300italic%2Cregular%2Citalic%2C500%2C500italic%2C700%2C700italic%2C900%2C900italic|font_style:700%20bold%20regular%3A700%3Anormal&#8221; css=&#8221;&#8221;][vc_btn title=&#8221;T\u00e9l\u00e9charger&#8221; style=&#8221;outline-custom&#8221; outline_custom_color=&#8221;#0074E0&#8243; outline_custom_hover_background=&#8221;#0074E0&#8243; outline_custom_hover_text=&#8221;#ffffff&#8221; shape=&#8221;square&#8221; size=&#8221;sm&#8221; align=&#8221;center&#8221; i_icon_fontawesome=&#8221;fas fa-cloud-download-alt&#8221; css=&#8221;.vc_custom_1767198691381{margin-bottom: 25px !important;padding-bottom: 15px !important;}&#8221; add_icon=&#8221;true&#8221; link=&#8221;url:https%3A%2F%2Fnovusmedical.ca%2Fwp-content%2Fuploads%2F2025%2F12%2Fum_respireo_soft_nasal-2.pdf|title:Brochure|target:_blank|&#8221;][\/vc_column][vc_column width=&#8221;1\/4&#8243; css=&#8221;.vc_custom_1767067036444{margin-right: 10px !important;margin-left: 20px !important;background-color: #FFFFFF !important;border-radius: 20px !important;}&#8221;][vc_custom_heading text=&#8221;Respireo&#x2122; SOFT Nasal Non Vented Elbow &#8211; Manuel de l&#8217;utilisateur&#8221; font_container=&#8221;tag:h2|font_size:21|text_align:center|color:%2300349B|line_height:1.25&#8243; google_fonts=&#8221;font_family:Roboto%3A100%2C100italic%2C300%2C300italic%2Cregular%2Citalic%2C500%2C500italic%2C700%2C700italic%2C900%2C900italic|font_style:700%20bold%20regular%3A700%3Anormal&#8221; css=&#8221;&#8221;][vc_btn title=&#8221;T\u00e9l\u00e9charger&#8221; style=&#8221;outline-custom&#8221; outline_custom_color=&#8221;#0074E0&#8243; outline_custom_hover_background=&#8221;#0074E0&#8243; outline_custom_hover_text=&#8221;#ffffff&#8221; shape=&#8221;square&#8221; size=&#8221;sm&#8221; align=&#8221;center&#8221; i_icon_fontawesome=&#8221;fas fa-cloud-download-alt&#8221; css=&#8221;.vc_custom_1767198698755{margin-bottom: 25px !important;padding-bottom: 15px !important;}&#8221; add_icon=&#8221;true&#8221; link=&#8221;url:https%3A%2F%2Fnovusmedical.ca%2Fwp-content%2Fuploads%2F2025%2F12%2Fum_respireo_soft_nasal_non_vented_elbow-2.pdf|target:_blank|&#8221;][\/vc_column][vc_column width=&#8221;1\/4&#8243; css=&#8221;.vc_custom_1767198473960{margin-left: 30px !important;background-color: #FFFFFF !important;border-radius: 20px !important;}&#8221;][vc_custom_heading text=&#8221;Guide de d\u00e9contamination, de d\u00e9sinfection et de st\u00e9rilisation des masques&#8221; font_container=&#8221;tag:h2|font_size:21|text_align:center|color:%2300349B|line_height:1.25&#8243; google_fonts=&#8221;font_family:Roboto%3A100%2C100italic%2C300%2C300italic%2Cregular%2Citalic%2C500%2C500italic%2C700%2C700italic%2C900%2C900italic|font_style:700%20bold%20regular%3A700%3Anormal&#8221; css=&#8221;&#8221;][vc_btn title=&#8221;T\u00e9l\u00e9charger&#8221; style=&#8221;outline-custom&#8221; outline_custom_color=&#8221;#0074E0&#8243; outline_custom_hover_background=&#8221;#0074E0&#8243; outline_custom_hover_text=&#8221;#ffffff&#8221; shape=&#8221;square&#8221; size=&#8221;sm&#8221; align=&#8221;center&#8221; i_icon_fontawesome=&#8221;fas fa-cloud-download-alt&#8221; css=&#8221;.vc_custom_1769101239094{margin-bottom: 25px !important;padding-bottom: 15px !important;}&#8221; add_icon=&#8221;true&#8221; link=&#8221;url:https%3A%2F%2Fnovusmedical.ca%2Fwp-content%2Fuploads%2F2026%2F01%2Fguide-de-decontamination-desinfection-et-sterilisation_0.pdf|target:_blank&#8221;][\/vc_column][\/vc_row]\n<\/div>","protected":false},"excerpt":{"rendered":"<p>[vc_row css=&#8221;.vc_custom_1761586664265{margin-top: -50px !important;margin-bottom: 15px !important;}&#8221;][vc_column][\/vc_column][\/vc_row][vc_row gap=&#8221;35&#8243; css=&#8221;.vc_custom_1756995579493{padding-top: 100px !important;padding-right: 40px !important;padding-bottom: 50px !important;}&#8221;][vc_column][vc_custom_heading text=&#8221;Respireo&#x2122; Soft Nasal&#8221; font_container=&#8221;tag:h2|font_size:42|text_align:center|color:%2300349B&#8221; google_fonts=&#8221;font_family:Roboto%3A100%2C100italic%2C300%2C300italic%2Cregular%2Citalic%2C500%2C500italic%2C700%2C700italic%2C900%2C900italic|font_style:700%20bold%20regular%3A700%3Anormal&#8221; css=&#8221;&#8221;][vc_custom_heading [&hellip;]<\/p>\n","protected":false},"author":2,"featured_media":14191,"parent":14519,"menu_order":0,"comment_status":"closed","ping_status":"closed","template":"","meta":{"om_disable_all_campaigns":false,"_monsterinsights_skip_tracking":false,"_monsterinsights_sitenote_active":false,"_monsterinsights_sitenote_note":"","_monsterinsights_sitenote_category":0,"footnotes":""},"class_list":["post-14552","page","type-page","status-publish","has-post-thumbnail","hentry"],"jetpack_sharing_enabled":true,"_links":{"self":[{"href":"https:\/\/novusmedical.ca\/fr\/wp-json\/wp\/v2\/pages\/14552","targetHints":{"allow":["GET"]}}],"collection":[{"href":"https:\/\/novusmedical.ca\/fr\/wp-json\/wp\/v2\/pages"}],"about":[{"href":"https:\/\/novusmedical.ca\/fr\/wp-json\/wp\/v2\/types\/page"}],"author":[{"embeddable":true,"href":"https:\/\/novusmedical.ca\/fr\/wp-json\/wp\/v2\/users\/2"}],"replies":[{"embeddable":true,"href":"https:\/\/novusmedical.ca\/fr\/wp-json\/wp\/v2\/comments?post=14552"}],"version-history":[{"count":5,"href":"https:\/\/novusmedical.ca\/fr\/wp-json\/wp\/v2\/pages\/14552\/revisions"}],"predecessor-version":[{"id":14635,"href":"https:\/\/novusmedical.ca\/fr\/wp-json\/wp\/v2\/pages\/14552\/revisions\/14635"}],"up":[{"embeddable":true,"href":"https:\/\/novusmedical.ca\/fr\/wp-json\/wp\/v2\/pages\/14519"}],"wp:featuredmedia":[{"embeddable":true,"href":"https:\/\/novusmedical.ca\/fr\/wp-json\/wp\/v2\/media\/14191"}],"wp:attachment":[{"href":"https:\/\/novusmedical.ca\/fr\/wp-json\/wp\/v2\/media?parent=14552"}],"curies":[{"name":"wp","href":"https:\/\/api.w.org\/{rel}","templated":true}]}}