{"id":14547,"date":"2025-12-31T03:31:55","date_gmt":"2025-12-31T03:31:55","guid":{"rendered":"https:\/\/novusmedical.ca\/airliquide\/respireosoftfacial\/"},"modified":"2026-01-22T16:59:52","modified_gmt":"2026-01-22T16:59:52","slug":"respireosoftfacial","status":"publish","type":"page","link":"https:\/\/novusmedical.ca\/fr\/airliquide\/respireosoftfacial\/","title":{"rendered":"RespireoSoftFacial"},"content":{"rendered":"<div class=\"wpb-content-wrapper\">[vc_row css=&#8221;.vc_custom_1761586664265{margin-top: -50px !important;margin-bottom: 15px !important;}&#8221;][vc_column]\n\t\t\t<!-- START AirLiquide Respireo Soft Facial ENG REVOLUTION SLIDER 6.6.9 --><p class=\"rs-p-wp-fix\"><\/p>\n\t\t\t<rs-module-wrap id=\"rev_slider_127_1_wrapper\" data-source=\"gallery\" style=\"visibility:hidden;background:transparent;padding:0;margin:0px auto;margin-top:0;margin-bottom:0;\">\n\t\t\t\t<rs-module id=\"rev_slider_127_1\" style=\"\" data-version=\"6.6.9\">\n\t\t\t\t\t<rs-slides style=\"overflow: hidden; position: absolute;\">\n\t\t\t\t\t\t<rs-slide style=\"position: absolute;\" data-key=\"rs-196\" data-title=\"AirLiquide ENG\" data-anim=\"adpr:false;\" data-in=\"o:0;\" data-out=\"a:false;\">\n\t\t\t\t\t\t\t<img data-recalc-dims=\"1\" decoding=\"async\" src=\"https:\/\/i0.wp.com\/novusmedical.ca\/wp-content\/plugins\/revslider\/public\/assets\/assets\/dummy.png?resize=1920%2C1080\" alt=\"\" title=\"softfacialhero\" width=\"1920\" height=\"1080\" class=\"rev-slidebg tp-rs-img rs-lazyload\" data-lazyload=\"\/\/novusmedical.ca\/wp-content\/uploads\/2025\/12\/softfacialhero.png\" data-no-retina>\n<!--\n\t\t\t\t\t\t\t--><rs-layer\n\t\t\t\t\t\t\t\tid=\"slider-127-slide-196-layer-4\" \n\t\t\t\t\t\t\t\tdata-type=\"image\"\n\t\t\t\t\t\t\t\tdata-rsp_ch=\"on\"\n\t\t\t\t\t\t\t\tdata-xy=\"x:c;y:c;yo:7px;\"\n\t\t\t\t\t\t\t\tdata-text=\"w:normal;\"\n\t\t\t\t\t\t\t\tdata-dim=\"w:778px;h:278px;\"\n\t\t\t\t\t\t\t\tdata-frame_999=\"o:0;st:w;\"\n\t\t\t\t\t\t\t\tstyle=\"z-index:9;\"\n\t\t\t\t\t\t\t><img data-recalc-dims=\"1\" decoding=\"async\" src=\"https:\/\/i0.wp.com\/novusmedical.ca\/wp-content\/plugins\/revslider\/public\/assets\/assets\/dummy.png?resize=1435%2C513\" alt=\"\" class=\"tp-rs-img rs-lazyload\" width=\"1435\" height=\"513\" data-lazyload=\"\/\/novusmedical.ca\/wp-content\/uploads\/2025\/12\/AIR_LIQUIDE_HEALTHCARE-3.png\" data-no-retina> \n\t\t\t\t\t\t\t<\/rs-layer><!--\n-->\t\t\t\t\t\t<\/rs-slide>\n\t\t\t\t\t<\/rs-slides>\n\t\t\t\t<\/rs-module>\n\t\t\t\t<script>\n\t\t\t\t\tsetREVStartSize({c: 'rev_slider_127_1',rl:[1240,1024,778,480],el:[700],gw:[1240],gh:[700],type:'standard',justify:'',layout:'fullwidth',mh:\"0\"});if (window.RS_MODULES!==undefined && window.RS_MODULES.modules!==undefined && window.RS_MODULES.modules[\"revslider1271\"]!==undefined) {window.RS_MODULES.modules[\"revslider1271\"].once = false;window.revapi127 = undefined;if (window.RS_MODULES.checkMinimal!==undefined) window.RS_MODULES.checkMinimal()}\n\t\t\t\t<\/script>\n\t\t\t<\/rs-module-wrap>\n\t\t\t<!-- END REVOLUTION SLIDER -->\n[\/vc_column][\/vc_row][vc_row gap=&#8221;35&#8243; css=&#8221;.vc_custom_1756995579493{padding-top: 100px !important;padding-right: 40px !important;padding-bottom: 50px !important;}&#8221;][vc_column][vc_custom_heading text=&#8221;Respireo&#x2122; Soft Facial&#8221; font_container=&#8221;tag:h2|font_size:42|text_align:center|color:%2300349B&#8221; google_fonts=&#8221;font_family:Roboto%3A100%2C100italic%2C300%2C300italic%2Cregular%2Citalic%2C500%2C500italic%2C700%2C700italic%2C900%2C900italic|font_style:700%20bold%20regular%3A700%3Anormal&#8221; css=&#8221;&#8221;][vc_custom_heading text=&#8221;La simplicit\u00e9 dans le confort&#8221; font_container=&#8221;tag:h2|font_size:24|text_align:center|color:%230074E0&#8243; google_fonts=&#8221;font_family:Roboto%3A100%2C100italic%2C300%2C300italic%2Cregular%2Citalic%2C500%2C500italic%2C700%2C700italic%2C900%2C900italic|font_style:700%20bold%20regular%3A700%3Anormal&#8221; css=&#8221;&#8221;][vc_custom_heading text=&#8221;D\u00e9velopp\u00e9 en partenariat avec diff\u00e9rents experts, le masque Respireo&#x2122; SOFT Facial allie brillamment confort et \u00e9tanch\u00e9it\u00e9 pour une exp\u00e9rience optimale du patient et un traitement efficace. Ce masque bucco-nasal b\u00e9n\u00e9ficie d&#8217;un coussin \u00e0 la fois ferme et souple, avec un pare-chocs permettant d&#8217;incliner le bras frontal si n\u00e9cessaire. Le syst\u00e8me de rep\u00e8res de la bulle permet au patient d&#8217;\u00e9viter d&#8217;installer le masque \u00e0 l&#8217;envers. Gr\u00e2ce \u00e0 son cadre fin et flexible, le patient b\u00e9n\u00e9ficie d&#8217;un champ de vision d\u00e9gag\u00e9 et d&#8217;un confort optimal, qu&#8217;il s&#8217;agisse d&#8217;un masque de PPC ou de VNI.&#8221; font_container=&#8221;tag:h2|font_size:32|text_align:center|color:%2300349B|line_height:1.25&#8243; google_fonts=&#8221;font_family:Roboto%3A100%2C100italic%2C300%2C300italic%2Cregular%2Citalic%2C500%2C500italic%2C700%2C700italic%2C900%2C900italic|font_style:300%20light%20regular%3A300%3Anormal&#8221; css=&#8221;&#8221;][vc_btn title=&#8221;Demande de devis&#8221; style=&#8221;outline-custom&#8221; outline_custom_color=&#8221;#000000&#8243; outline_custom_hover_background=&#8221;#93d500&#8243; outline_custom_hover_text=&#8221;#ffffff&#8221; shape=&#8221;square&#8221; size=&#8221;sm&#8221; align=&#8221;center&#8221; css=&#8221;.vc_custom_1767145715716{padding-top: 10px !important;}&#8221; link=&#8221;url:http%3A%2F%2Fnovusmedical.jzx.oms.mybluehost.me%2F%3Fpage_id%3D225|title:Contacter%20Novus|&#8221;][vc_empty_space][\/vc_column][\/vc_row][vc_row full_width=&#8221;stretch_row&#8221; gap=&#8221;20&#8243; content_placement=&#8221;top&#8221; css=&#8221;.vc_custom_1767147176231{margin-left: 0px !important;background-color: #ffffff !important;}&#8221; el_id=&#8221;aeramaxproii&#8221;][vc_column width=&#8221;1\/2&#8243; css=&#8221;.vc_custom_1740423795327{padding-right: 50px !important;}&#8221;][vc_single_image image=&#8221;14189&#8243; img_size=&#8221;full&#8221; alignment=&#8221;center&#8221; onclick=&#8221;link_image&#8221; css=&#8221;&#8221;][\/vc_column][vc_column width=&#8221;1\/2&#8243; css=&#8221;.vc_custom_1767147189645{margin-left: 15px !important;}&#8221;][vc_custom_heading text=&#8221;Respireo&#x2122; SOFT Facial comme masque de PPC ou de VNI : La simplicit\u00e9 au service du confort&#8221; font_container=&#8221;tag:h2|font_size:32|text_align:left|color:%2300349B|line_height:1.25&#8243; google_fonts=&#8221;font_family:Roboto%3A100%2C100italic%2C300%2C300italic%2Cregular%2Citalic%2C500%2C500italic%2C700%2C700italic%2C900%2C900italic|font_style:700%20bold%20regular%3A700%3Anormal&#8221; css=&#8221;&#8221;][vc_separator color=&#8221;custom&#8221; align=&#8221;align_left&#8221; border_width=&#8221;5&#8243; el_width=&#8221;10&#8243; css=&#8221;&#8221; accent_color=&#8221;#D7001E&#8221;][vc_column_text css=&#8221;&#8221;]Le Respireo&#x2122; SOFT Facial est un masque nasal\/oral confortable et l\u00e9ger. Il a notamment \u00e9t\u00e9 con\u00e7u pour les patients adultes trait\u00e9s par PPC. Son poids l\u00e9ger, son syst\u00e8me de fuite silencieux et ses crochets ergonomiques offrent une combinaison de simplicit\u00e9 et de confort pour le patient et son partenaire.<\/p>\n<p>Le masque peut \u00e9galement \u00eatre utilis\u00e9 comme masque VNI (Ventilation Non-Invasive), il b\u00e9n\u00e9ficie des caract\u00e9ristiques suivantes :<\/p>\n<ul>\n<li style=\"list-style-type: none;\">\n<ul>\n<li>Confort optimal gr\u00e2ce \u00e0 sa fine jupe en silicone et \u00e0 sa monture minimaliste et transparente.<\/li>\n<li>Coussin con\u00e7u entre souplesse et fermet\u00e9 pour assurer une bonne \u00e9tanch\u00e9it\u00e9 et une bonne stabilit\u00e9, en particulier avec des pressions \u00e9lev\u00e9es.<\/li>\n<\/ul>\n<\/li>\n<\/ul>\n<p>&nbsp;<\/p>\n<p>Il se monte facilement sur le cadre gr\u00e2ce \u00e0 son syst\u00e8me de d\u00e9tour et de &#8220;clic&#8221; sonore. Son harnais Univeo&#x2122; permet d&#8217;enfiler et de retirer rapidement le masque SOFT Facial. Sa conception avec 5 points de r\u00e9glage permet un ajustement pr\u00e9cis et un maintien optimal du masque sur le visage du patient. Les ajustements du harnais peuvent \u00eatre conserv\u00e9s gr\u00e2ce au syst\u00e8me de crans et de crochets.[\/vc_column_text][\/vc_column][\/vc_row][vc_row][vc_column width=&#8221;1\/2&#8243;][vc_single_image image=&#8221;14352&#8243; img_size=&#8221;full&#8221; alignment=&#8221;center&#8221; onclick=&#8221;link_image&#8221; css=&#8221;&#8221;][\/vc_column][vc_column width=&#8221;1\/2&#8243;][vc_single_image image=&#8221;14354&#8243; img_size=&#8221;full&#8221; alignment=&#8221;center&#8221; onclick=&#8221;link_image&#8221; css=&#8221;&#8221;][vc_empty_space height=&#8221;100px&#8221;][\/vc_column][\/vc_row][vc_row gap=&#8221;35&#8243; css=&#8221;.vc_custom_1767152471523{margin-top: 100px !important;}&#8221;][vc_column][vc_custom_heading text=&#8221;Respireo Soft Facial&#8221; font_container=&#8221;tag:h2|font_size:32|text_align:left|color:%2300349B|line_height:1.25&#8243; google_fonts=&#8221;font_family:Roboto%3A100%2C100italic%2C300%2C300italic%2Cregular%2Citalic%2C500%2C500italic%2C700%2C700italic%2C900%2C900italic|font_style:700%20bold%20regular%3A700%3Anormal&#8221; css=&#8221;&#8221;][vc_separator color=&#8221;custom&#8221; align=&#8221;align_left&#8221; border_width=&#8221;5&#8243; el_width=&#8221;10&#8243; css=&#8221;&#8221; accent_color=&#8221;#D7001E&#8221;][vc_single_image image=&#8221;14481&#8243; img_size=&#8221;large&#8221; onclick=&#8221;link_image&#8221; css=&#8221;&#8221;][\/vc_column][\/vc_row][vc_row gap=&#8221;35&#8243; css=&#8221;.vc_custom_1767206735760{margin-top: 150px !important;}&#8221;][vc_column width=&#8221;1\/2&#8243;][vc_custom_heading text=&#8221;Guide de l&#8217;utilisateur Respireo Soft Facial&#8221; font_container=&#8221;tag:h2|font_size:32|text_align:left|color:%2300349B|line_height:1.25&#8243; google_fonts=&#8221;font_family:Roboto%3A100%2C100italic%2C300%2C300italic%2Cregular%2Citalic%2C500%2C500italic%2C700%2C700italic%2C900%2C900italic|font_style:700%20bold%20regular%3A700%3Anormal&#8221; css=&#8221;&#8221;][vc_separator color=&#8221;custom&#8221; align=&#8221;align_left&#8221; border_width=&#8221;5&#8243; el_width=&#8221;10&#8243; css=&#8221;&#8221; accent_color=&#8221;#D7001E&#8221;][vc_video link=&#8221;https:\/\/youtu.be\/4GJQhDw-JAE&#8221; css=&#8221;&#8221;][\/vc_column][vc_column width=&#8221;1\/2&#8243;][vc_custom_heading text=&#8221;Guide d&#8217;installation&#8221; font_container=&#8221;tag:h2|font_size:32|text_align:left|color:%2300349B|line_height:1.25&#8243; google_fonts=&#8221;font_family:Roboto%3A100%2C100italic%2C300%2C300italic%2Cregular%2Citalic%2C500%2C500italic%2C700%2C700italic%2C900%2C900italic|font_style:700%20bold%20regular%3A700%3Anormal&#8221; css=&#8221;&#8221;][vc_separator color=&#8221;custom&#8221; align=&#8221;align_left&#8221; border_width=&#8221;5&#8243; el_width=&#8221;10&#8243; css=&#8221;&#8221; accent_color=&#8221;#D7001E&#8221;][vc_video link=&#8221;https:\/\/youtu.be\/FS8-d8OGRlo&#8221; css=&#8221;&#8221;][\/vc_column][\/vc_row][vc_row gap=&#8221;35&#8243; css=&#8221;.vc_custom_1767206745693{margin-top: 150px !important;}&#8221;][vc_column width=&#8221;2\/3&#8243;][vc_custom_heading text=&#8221;Avis juridique&#8221; font_container=&#8221;tag:h2|font_size:32|text_align:left|color:%2300349B|line_height:1.25&#8243; google_fonts=&#8221;font_family:Roboto%3A100%2C100italic%2C300%2C300italic%2Cregular%2Citalic%2C500%2C500italic%2C700%2C700italic%2C900%2C900italic|font_style:700%20bold%20regular%3A700%3Anormal&#8221; css=&#8221;&#8221;][vc_separator color=&#8221;custom&#8221; align=&#8221;align_left&#8221; border_width=&#8221;5&#8243; el_width=&#8221;10&#8243; css=&#8221;.vc_custom_1767146138659{padding-bottom: 25px !important;}&#8221; accent_color=&#8221;#D7001E&#8221;][vc_column_text css=&#8221;&#8221;]Respireo&#x2122; SOFT Facial est un masque oronasal r\u00e9utilisable dot\u00e9 d&#8217;orifices d&#8217;expiration calibr\u00e9s (ventil\u00e9s), destin\u00e9 \u00e0 \u00eatre utilis\u00e9 \u00e0 domicile ou en milieu hospitalier par plusieurs patients adultes (pesant plus de 30 kg) auxquels a \u00e9t\u00e9 prescrite une th\u00e9rapie de ventilation \u00e0 pression positive non invasive (VPPN), par exemple une th\u00e9rapie de pression positive continue (CPAP) ou une th\u00e9rapie de pression positive Bilevel (BiPAP).<br \/>\nRespireo&#x2122; SOFT Facial Non Vented est un masque oronasal r\u00e9utilisable sans orifices expiratoires calibr\u00e9s destin\u00e9 \u00e0 \u00eatre utilis\u00e9 \u00e0 domicile ou en milieu hospitalier par plusieurs patients adultes (pesant plus de 30 kg) sous ventilation \u00e0 pression positive non invasive (VPPN).<\/p>\n<p>Dispositif m\u00e9dical de classe IIa CE0051.<br \/>\nVeuillez lire le mode d&#8217;emploi.<br \/>\nFabriqu\u00e9 par Air Liquide Medical Systems S.r.l., Italie.<br \/>\nDistribu\u00e9 par Air Liquide Medical Systems S.A., Antony 348 921735 R.C.S Nanterre.[\/vc_column_text][\/vc_column][vc_column width=&#8221;1\/3&#8243;][\/vc_column][\/vc_row][vc_row full_width=&#8221;stretch_row&#8221; css=&#8221;.vc_custom_1767152681711{margin-top: 100px !important;margin-bottom: -15px !important;background-color: #EEEEEE !important;}&#8221;][vc_column][vc_custom_heading text=&#8221;Documents&#8221; font_container=&#8221;tag:h2|font_size:32|text_align:left|color:%2300349B|line_height:1.25&#8243; google_fonts=&#8221;font_family:Roboto%3A100%2C100italic%2C300%2C300italic%2Cregular%2Citalic%2C500%2C500italic%2C700%2C700italic%2C900%2C900italic|font_style:700%20bold%20regular%3A700%3Anormal&#8221; css=&#8221;.vc_custom_1767068275979{padding-top: 75px !important;}&#8221;][vc_separator color=&#8221;custom&#8221; align=&#8221;align_left&#8221; border_width=&#8221;5&#8243; el_width=&#8221;10&#8243; css=&#8221;&#8221; accent_color=&#8221;#D7001E&#8221;][\/vc_column][\/vc_row][vc_row full_width=&#8221;stretch_row&#8221; gap=&#8221;35&#8243; css=&#8221;.vc_custom_1767147466812{margin-bottom: -75px !important;padding-top: 30px !important;padding-bottom: 100px !important;background-color: #EEEEEE !important;}&#8221;][vc_column width=&#8221;1\/4&#8243; css=&#8221;.vc_custom_1767066936874{margin-right: 10px !important;background-color: #FFFFFF !important;border-radius: 20px !important;}&#8221;][vc_custom_heading text=&#8221;Respireo&#x2122; SOFT Facial &#8211; Brochure&#8221; font_container=&#8221;tag:h2|font_size:21|text_align:center|color:%2300349B|line_height:1.25&#8243; google_fonts=&#8221;font_family:Roboto%3A100%2C100italic%2C300%2C300italic%2Cregular%2Citalic%2C500%2C500italic%2C700%2C700italic%2C900%2C900italic|font_style:700%20bold%20regular%3A700%3Anormal&#8221; css=&#8221;&#8221;][vc_btn title=&#8221;T\u00e9l\u00e9charger&#8221; style=&#8221;outline-custom&#8221; outline_custom_color=&#8221;#0074E0&#8243; outline_custom_hover_background=&#8221;#0074E0&#8243; outline_custom_hover_text=&#8221;#ffffff&#8221; shape=&#8221;square&#8221; size=&#8221;sm&#8221; align=&#8221;center&#8221; i_icon_fontawesome=&#8221;fas fa-cloud-download-alt&#8221; css=&#8221;.vc_custom_1769101174342{padding-bottom: 20px !important;}&#8221; add_icon=&#8221;true&#8221; link=&#8221;url:https%3A%2F%2Fnovusmedical.ca%2Fwp-content%2Fuploads%2F2026%2F01%2Frespireo-tm-soft-facial-brochure.pdf|target:_blank&#8221;][\/vc_column][vc_column width=&#8221;1\/4&#8243; css=&#8221;.vc_custom_1767066914833{margin-right: 10px !important;margin-left: 10px !important;background-color: #FFFFFF !important;border-radius: 20px !important;}&#8221;][vc_custom_heading text=&#8221;Respireo&#x2122; Soft Facial &#8211; Manuel de l&#8217;utilisateur&#8221; font_container=&#8221;tag:h2|font_size:21|text_align:center|color:%2300349B|line_height:1.25&#8243; google_fonts=&#8221;font_family:Roboto%3A100%2C100italic%2C300%2C300italic%2Cregular%2Citalic%2C500%2C500italic%2C700%2C700italic%2C900%2C900italic|font_style:700%20bold%20regular%3A700%3Anormal&#8221; css=&#8221;&#8221;][vc_btn title=&#8221;T\u00e9l\u00e9charger&#8221; style=&#8221;outline-custom&#8221; outline_custom_color=&#8221;#0074E0&#8243; outline_custom_hover_background=&#8221;#0074E0&#8243; outline_custom_hover_text=&#8221;#ffffff&#8221; shape=&#8221;square&#8221; size=&#8221;sm&#8221; align=&#8221;center&#8221; i_icon_fontawesome=&#8221;fas fa-cloud-download-alt&#8221; css=&#8221;.vc_custom_1767152567988{padding-bottom: 15px !important;}&#8221; add_icon=&#8221;true&#8221; link=&#8221;url:https%3A%2F%2Fnovusmedical.ca%2Fwp-content%2Fuploads%2F2025%2F12%2Fum_respireo_soft_facial_alh_062021-2.pdf|target:_blank|&#8221;][\/vc_column][vc_column width=&#8221;1\/4&#8243; css=&#8221;.vc_custom_1767067036444{margin-right: 10px !important;margin-left: 20px !important;background-color: #FFFFFF !important;border-radius: 20px !important;}&#8221;][vc_custom_heading text=&#8221;Respireo&#x2122; Soft Facial Non-Vented &#8211; Manuel de l&#8217;utilisateur&#8221; font_container=&#8221;tag:h2|font_size:21|text_align:center|color:%2300349B|line_height:1.25&#8243; google_fonts=&#8221;font_family:Roboto%3A100%2C100italic%2C300%2C300italic%2Cregular%2Citalic%2C500%2C500italic%2C700%2C700italic%2C900%2C900italic|font_style:700%20bold%20regular%3A700%3Anormal&#8221; css=&#8221;&#8221;][vc_btn title=&#8221;T\u00e9l\u00e9charger&#8221; style=&#8221;outline-custom&#8221; outline_custom_color=&#8221;#0074E0&#8243; outline_custom_hover_background=&#8221;#0074E0&#8243; outline_custom_hover_text=&#8221;#ffffff&#8221; shape=&#8221;square&#8221; size=&#8221;sm&#8221; align=&#8221;center&#8221; i_icon_fontawesome=&#8221;fas fa-cloud-download-alt&#8221; css=&#8221;.vc_custom_1767152633665{padding-bottom: 15px !important;}&#8221; add_icon=&#8221;true&#8221; link=&#8221;url:https%3A%2F%2Fnovusmedical.ca%2Fwp-content%2Fuploads%2F2025%2F12%2Fum_respireo_soft_facial_non_vented_alh_062021-2.pdf|target:_blank|&#8221;][\/vc_column][vc_column width=&#8221;1\/4&#8243; css=&#8221;.vc_custom_1767152591362{margin-left: 30px !important;background-color: #FFFFFF !important;border-radius: 20px !important;}&#8221;][vc_custom_heading text=&#8221;Guide de d\u00e9contamination, de d\u00e9sinfection et de st\u00e9rilisation des masques&#8221; font_container=&#8221;tag:h2|font_size:21|text_align:center|color:%2300349B|line_height:1.25&#8243; google_fonts=&#8221;font_family:Roboto%3A100%2C100italic%2C300%2C300italic%2Cregular%2Citalic%2C500%2C500italic%2C700%2C700italic%2C900%2C900italic|font_style:700%20bold%20regular%3A700%3Anormal&#8221; css=&#8221;&#8221;][vc_btn title=&#8221;T\u00e9l\u00e9charger&#8221; style=&#8221;outline-custom&#8221; outline_custom_color=&#8221;#0074E0&#8243; outline_custom_hover_background=&#8221;#0074E0&#8243; outline_custom_hover_text=&#8221;#ffffff&#8221; shape=&#8221;square&#8221; size=&#8221;sm&#8221; align=&#8221;center&#8221; i_icon_fontawesome=&#8221;fas fa-cloud-download-alt&#8221; css=&#8221;.vc_custom_1769101136464{padding-bottom: 15px !important;}&#8221; add_icon=&#8221;true&#8221; link=&#8221;url:https%3A%2F%2Fnovusmedical.ca%2Fwp-content%2Fuploads%2F2026%2F01%2Fguide-de-decontamination-desinfection-et-sterilisation_0.pdf|target:_blank&#8221;][\/vc_column][\/vc_row]\n<\/div>","protected":false},"excerpt":{"rendered":"<p>[vc_row css=&#8221;.vc_custom_1761586664265{margin-top: -50px !important;margin-bottom: 15px !important;}&#8221;][vc_column][\/vc_column][\/vc_row][vc_row gap=&#8221;35&#8243; css=&#8221;.vc_custom_1756995579493{padding-top: 100px !important;padding-right: 40px !important;padding-bottom: 50px !important;}&#8221;][vc_column][vc_custom_heading text=&#8221;Respireo&#x2122; Soft Facial&#8221; font_container=&#8221;tag:h2|font_size:42|text_align:center|color:%2300349B&#8221; google_fonts=&#8221;font_family:Roboto%3A100%2C100italic%2C300%2C300italic%2Cregular%2Citalic%2C500%2C500italic%2C700%2C700italic%2C900%2C900italic|font_style:700%20bold%20regular%3A700%3Anormal&#8221; css=&#8221;&#8221;][vc_custom_heading [&hellip;]<\/p>\n","protected":false},"author":2,"featured_media":14189,"parent":14519,"menu_order":0,"comment_status":"closed","ping_status":"closed","template":"","meta":{"om_disable_all_campaigns":false,"_monsterinsights_skip_tracking":false,"_monsterinsights_sitenote_active":false,"_monsterinsights_sitenote_note":"","_monsterinsights_sitenote_category":0,"footnotes":""},"class_list":["post-14547","page","type-page","status-publish","has-post-thumbnail","hentry"],"jetpack_sharing_enabled":true,"_links":{"self":[{"href":"https:\/\/novusmedical.ca\/fr\/wp-json\/wp\/v2\/pages\/14547","targetHints":{"allow":["GET"]}}],"collection":[{"href":"https:\/\/novusmedical.ca\/fr\/wp-json\/wp\/v2\/pages"}],"about":[{"href":"https:\/\/novusmedical.ca\/fr\/wp-json\/wp\/v2\/types\/page"}],"author":[{"embeddable":true,"href":"https:\/\/novusmedical.ca\/fr\/wp-json\/wp\/v2\/users\/2"}],"replies":[{"embeddable":true,"href":"https:\/\/novusmedical.ca\/fr\/wp-json\/wp\/v2\/comments?post=14547"}],"version-history":[{"count":5,"href":"https:\/\/novusmedical.ca\/fr\/wp-json\/wp\/v2\/pages\/14547\/revisions"}],"predecessor-version":[{"id":14631,"href":"https:\/\/novusmedical.ca\/fr\/wp-json\/wp\/v2\/pages\/14547\/revisions\/14631"}],"up":[{"embeddable":true,"href":"https:\/\/novusmedical.ca\/fr\/wp-json\/wp\/v2\/pages\/14519"}],"wp:featuredmedia":[{"embeddable":true,"href":"https:\/\/novusmedical.ca\/fr\/wp-json\/wp\/v2\/media\/14189"}],"wp:attachment":[{"href":"https:\/\/novusmedical.ca\/fr\/wp-json\/wp\/v2\/media?parent=14547"}],"curies":[{"name":"wp","href":"https:\/\/api.w.org\/{rel}","templated":true}]}}