{"id":14528,"date":"2025-12-30T19:24:10","date_gmt":"2025-12-30T19:24:10","guid":{"rendered":"https:\/\/novusmedical.ca\/airliquide\/eo150\/"},"modified":"2026-01-22T16:21:13","modified_gmt":"2026-01-22T16:21:13","slug":"eo150","status":"publish","type":"page","link":"https:\/\/novusmedical.ca\/fr\/airliquide\/eo150\/","title":{"rendered":"EO150"},"content":{"rendered":"<div class=\"wpb-content-wrapper\">[vc_row css=&#8221;.vc_custom_1761586664265{margin-top: -50px !important;margin-bottom: 15px !important;}&#8221;][vc_column]\n\t\t\t<!-- START AirLiquide EO150 ENG REVOLUTION SLIDER 6.6.9 --><p class=\"rs-p-wp-fix\"><\/p>\n\t\t\t<rs-module-wrap id=\"rev_slider_123_1_wrapper\" data-source=\"gallery\" style=\"visibility:hidden;background:transparent;padding:0;margin:0px auto;margin-top:0;margin-bottom:0;\">\n\t\t\t\t<rs-module id=\"rev_slider_123_1\" style=\"\" data-version=\"6.6.9\">\n\t\t\t\t\t<rs-slides style=\"overflow: hidden; position: absolute;\">\n\t\t\t\t\t\t<rs-slide style=\"position: absolute;\" data-key=\"rs-192\" data-title=\"AirLiquide ENG\" data-anim=\"adpr:false;\" data-in=\"o:0;\" data-out=\"a:false;\">\n\t\t\t\t\t\t\t<img data-recalc-dims=\"1\" decoding=\"async\" src=\"https:\/\/i0.wp.com\/novusmedical.ca\/wp-content\/plugins\/revslider\/public\/assets\/assets\/dummy.png?resize=1920%2C1080\" alt=\"\" title=\"eo150hero\" width=\"1920\" height=\"1080\" class=\"rev-slidebg tp-rs-img rs-lazyload\" data-lazyload=\"\/\/novusmedical.ca\/wp-content\/uploads\/2025\/12\/eo150hero.png\" data-no-retina>\n<!--\n\t\t\t\t\t\t\t--><rs-layer\n\t\t\t\t\t\t\t\tid=\"slider-123-slide-192-layer-4\" \n\t\t\t\t\t\t\t\tdata-type=\"image\"\n\t\t\t\t\t\t\t\tdata-rsp_ch=\"on\"\n\t\t\t\t\t\t\t\tdata-xy=\"x:c;y:c;yo:7px;\"\n\t\t\t\t\t\t\t\tdata-text=\"w:normal;\"\n\t\t\t\t\t\t\t\tdata-dim=\"w:778px;h:278px;\"\n\t\t\t\t\t\t\t\tdata-frame_999=\"o:0;st:w;\"\n\t\t\t\t\t\t\t\tstyle=\"z-index:9;\"\n\t\t\t\t\t\t\t><img data-recalc-dims=\"1\" decoding=\"async\" src=\"https:\/\/i0.wp.com\/novusmedical.ca\/wp-content\/plugins\/revslider\/public\/assets\/assets\/dummy.png?resize=1435%2C513\" alt=\"\" class=\"tp-rs-img rs-lazyload\" width=\"1435\" height=\"513\" data-lazyload=\"\/\/novusmedical.ca\/wp-content\/uploads\/2025\/12\/AIR_LIQUIDE_HEALTHCARE-3.png\" data-no-retina> \n\t\t\t\t\t\t\t<\/rs-layer><!--\n-->\t\t\t\t\t\t<\/rs-slide>\n\t\t\t\t\t<\/rs-slides>\n\t\t\t\t<\/rs-module>\n\t\t\t\t<script>\n\t\t\t\t\tsetREVStartSize({c: 'rev_slider_123_1',rl:[1240,1024,778,480],el:[700],gw:[1240],gh:[700],type:'standard',justify:'',layout:'fullwidth',mh:\"0\"});if (window.RS_MODULES!==undefined && window.RS_MODULES.modules!==undefined && window.RS_MODULES.modules[\"revslider1231\"]!==undefined) {window.RS_MODULES.modules[\"revslider1231\"].once = false;window.revapi123 = undefined;if (window.RS_MODULES.checkMinimal!==undefined) window.RS_MODULES.checkMinimal()}\n\t\t\t\t<\/script>\n\t\t\t<\/rs-module-wrap>\n\t\t\t<!-- END REVOLUTION SLIDER -->\n[\/vc_column][\/vc_row][vc_row gap=&#8221;35&#8243; css=&#8221;.vc_custom_1767203746028{padding-top: 100px !important;padding-bottom: 50px !important;}&#8221;][vc_column width=&#8221;1\/6&#8243;][\/vc_column][vc_column width=&#8221;2\/3&#8243;][vc_empty_space height=&#8221;25px&#8221;][vc_custom_heading text=&#8221;EO-150&#8243; font_container=&#8221;tag:h2|font_size:42|text_align:center|color:%2300349B|line_height:1.25&#8243; google_fonts=&#8221;font_family:Roboto%3A100%2C100italic%2C300%2C300italic%2Cregular%2Citalic%2C500%2C500italic%2C700%2C700italic%2C900%2C900italic|font_style:700%20bold%20regular%3A700%3Anormal&#8221; css=&#8221;&#8221;][vc_custom_heading text=&#8221;Ventilateur de survie &#8211; Nouvelle inspiration m\u00e9dicale&#8221; font_container=&#8221;tag:h2|font_size:24|text_align:center|color:%230074E0&#8243; google_fonts=&#8221;font_family:Roboto%3A100%2C100italic%2C300%2C300italic%2Cregular%2Citalic%2C500%2C500italic%2C700%2C700italic%2C900%2C900italic|font_style:700%20bold%20regular%3A700%3Anormal&#8221; css=&#8221;&#8221;][vc_custom_heading text=&#8221;Gr\u00e2ce \u00e0 sa conception et \u00e0 son interface graphique intuitive, le ventilateur EO-150 allie efficacit\u00e9 th\u00e9rapeutique et facilit\u00e9 d&#8217;utilisation pour les cliniciens et les soignants.&#8221; font_container=&#8221;tag:h2|font_size:32|text_align:center|color:%2300349B|line_height:1.25&#8243; google_fonts=&#8221;font_family:Roboto%3A100%2C100italic%2C300%2C300italic%2Cregular%2Citalic%2C500%2C500italic%2C700%2C700italic%2C900%2C900italic|font_style:300%20light%20regular%3A300%3Anormal&#8221; css=&#8221;&#8221;][vc_btn title=&#8221;Demande de devis&#8221; style=&#8221;outline-custom&#8221; outline_custom_color=&#8221;#000000&#8243; outline_custom_hover_background=&#8221;#93d500&#8243; outline_custom_hover_text=&#8221;#ffffff&#8221; shape=&#8221;square&#8221; size=&#8221;sm&#8221; align=&#8221;center&#8221; css=&#8221;.vc_custom_1767124754206{padding-top: 10px !important;}&#8221; link=&#8221;url:http%3A%2F%2Fnovusmedical.jzx.oms.mybluehost.me%2F%3Fpage_id%3D225|title:Contacter%20Novus|&#8221;][\/vc_column][vc_column width=&#8221;1\/6&#8243;][\/vc_column][\/vc_row][vc_row full_width=&#8221;stretch_row&#8221; gap=&#8221;35&#8243; content_placement=&#8221;top&#8221; css=&#8221;.vc_custom_1767124854949{margin-top: 75px !important;margin-left: 0px !important;background-color: #ffffff !important;}&#8221; el_id=&#8221;aeramaxproii&#8221;][vc_column width=&#8221;1\/2&#8243; css=&#8221;.vc_custom_1740423795327{padding-right: 50px !important;}&#8221;][vc_single_image image=&#8221;14243&#8243; img_size=&#8221;full&#8221; alignment=&#8221;center&#8221; onclick=&#8221;link_image&#8221; css=&#8221;&#8221;][\/vc_column][vc_column width=&#8221;1\/2&#8243;][vc_custom_heading text=&#8221;Solution de surveillance et de th\u00e9rapie&#8221; font_container=&#8221;tag:h2|font_size:32|text_align:left|color:%2300349B|line_height:1.25&#8243; google_fonts=&#8221;font_family:Roboto%3A100%2C100italic%2C300%2C300italic%2Cregular%2Citalic%2C500%2C500italic%2C700%2C700italic%2C900%2C900italic|font_style:700%20bold%20regular%3A700%3Anormal&#8221; css=&#8221;&#8221;][vc_separator color=&#8221;custom&#8221; align=&#8221;align_left&#8221; border_width=&#8221;5&#8243; el_width=&#8221;10&#8243; css=&#8221;&#8221; accent_color=&#8221;#D7001E&#8221;][vc_column_text css=&#8221;&#8221;]L&#8217;EO-150 permet aux cliniciens de surveiller les constantes vitales de leurs patients et de cr\u00e9er des alarmes associ\u00e9es pour plus de s\u00e9curit\u00e9 et d&#8217;efficacit\u00e9.<\/p>\n<p>Le ventilateur EO-150 offre une large gamme de configurations :<\/p>\n<ul>\n<li style=\"list-style-type: none;\">\n<ul>\n<li>les circuits simples et \u00e0 double branche,<\/li>\n<li>avec soupape d&#8217;expiration ou soupape de fuite,<\/li>\n<li>y compris un large choix de modes de ventilation.<\/li>\n<\/ul>\n<\/li>\n<\/ul>\n[\/vc_column_text][vc_column_text css=&#8221;&#8221;]Bas\u00e9 sur une conception innovante du ventilateur avec un temps de r\u00e9ponse rapide de 80 ms, le ventilateur EO-150 offre les meilleures caract\u00e9ristiques de ventilation pour les patients p\u00e9diatriques et adultes avec des d\u00e9clencheurs sensibles intelligents et une large gamme de volume courant de 30 \u00e0 2500 ml.<\/p>\n<p>Combinant des circuits simples ou doubles avec un volume courant jusqu&#8217;\u00e0 30 ml et une fr\u00e9quence respiratoire jusqu&#8217;\u00e0 80 bpm, les ventilateurs EO-150 offrent d&#8217;excellentes performances pour traiter les patients nouveau-n\u00e9s.[\/vc_column_text][vc_row_inner css=&#8221;.vc_custom_1767124993898{margin-top: 50px !important;}&#8221;][vc_column_inner width=&#8221;1\/2&#8243;][vc_single_image image=&#8221;14178&#8243; img_size=&#8221;medium&#8221; onclick=&#8221;link_image&#8221; css=&#8221;&#8221;][\/vc_column_inner][vc_column_inner width=&#8221;1\/2&#8243;][vc_single_image image=&#8221;14170&#8243; img_size=&#8221;full&#8221; onclick=&#8221;link_image&#8221; css=&#8221;&#8221;][\/vc_column_inner][\/vc_row_inner][\/vc_column][\/vc_row][vc_row][vc_column][vc_empty_space height=&#8221;25px&#8221;][\/vc_column][\/vc_row][vc_row gap=&#8221;35&#8243;][vc_column width=&#8221;1\/3&#8243;][vc_custom_heading text=&#8221;Interface graphique intuitive et facilit\u00e9 d&#8217;utilisation&#8221; font_container=&#8221;tag:h2|font_size:32|text_align:left|color:%2300349B|line_height:1.25&#8243; google_fonts=&#8221;font_family:Roboto%3A100%2C100italic%2C300%2C300italic%2Cregular%2Citalic%2C500%2C500italic%2C700%2C700italic%2C900%2C900italic|font_style:700%20bold%20regular%3A700%3Anormal&#8221; css=&#8221;&#8221;][vc_separator color=&#8221;custom&#8221; align=&#8221;align_left&#8221; border_width=&#8221;5&#8243; el_width=&#8221;10&#8243; css=&#8221;&#8221; accent_color=&#8221;#D7001E&#8221;][vc_column_text css=&#8221;&#8221;]\n<ul>\n<li style=\"list-style-type: none;\">\n<ul>\n<li>\u00c9cran tactile couleur de 7 pouces<\/li>\n<li>Param\u00e8tres intuitifs et r\u00e9actifs bas\u00e9s sur le profil du patient, son interface et la configuration du circuit<\/li>\n<li>Sauvegarde jusqu&#8217;\u00e0 4 programmes<\/li>\n<li>Modes de ventilation en fonction du profil pathologique du patient et du traitement n\u00e9cessaire<\/li>\n<li>Programme accessible \u00e0 partir de l&#8217;\u00e9cran du patient<\/li>\n<\/ul>\n<\/li>\n<\/ul>\n[\/vc_column_text][\/vc_column][vc_column width=&#8221;1\/3&#8243;][vc_custom_heading text=&#8221;Connectivit\u00e9&#8221; font_container=&#8221;tag:h2|font_size:32|text_align:left|color:%2300349B|line_height:1.25&#8243; google_fonts=&#8221;font_family:Roboto%3A100%2C100italic%2C300%2C300italic%2Cregular%2Citalic%2C500%2C500italic%2C700%2C700italic%2C900%2C900italic|font_style:700%20bold%20regular%3A700%3Anormal&#8221; css=&#8221;&#8221;][vc_separator color=&#8221;custom&#8221; align=&#8221;align_left&#8221; border_width=&#8221;5&#8243; el_width=&#8221;10&#8243; css=&#8221;&#8221; accent_color=&#8221;#D7001E&#8221;][vc_column_text css=&#8221;&#8221;]En connectant l&#8217;EO-150 \u00e0 une simple bo\u00eete Internet, les prestataires et les cliniciens peuvent utiliser la plateforme EO-Servicing pour :<\/p>\n<ul>\n<li style=\"list-style-type: none;\">\n<ul>\n<li>Contr\u00f4ler l&#8217;efficacit\u00e9 de la ventilation au domicile du patient,<\/li>\n<li>T\u00e9l\u00e9charger les donn\u00e9es du patient,<\/li>\n<li>Gardez le contr\u00f4le des ventilateurs en acc\u00e9dant \u00e0 un serveur enti\u00e8rement s\u00e9curis\u00e9.<\/li>\n<\/ul>\n<\/li>\n<\/ul>\n[\/vc_column_text][vc_column_text css=&#8221;&#8221;]Le logiciel EO-Clinical permet aux cliniciens d&#8217;\u00e9tudier les donn\u00e9es de ventilation sous forme de courbes d\u00e9taill\u00e9es sur 24 heures et de graphiques de tendance.[\/vc_column_text][\/vc_column][vc_column width=&#8221;1\/3&#8243;][vc_custom_heading text=&#8221;Libert\u00e9 et mobilit\u00e9&#8221; font_container=&#8221;tag:h2|font_size:32|text_align:left|color:%2300349B|line_height:1.25&#8243; google_fonts=&#8221;font_family:Roboto%3A100%2C100italic%2C300%2C300italic%2Cregular%2Citalic%2C500%2C500italic%2C700%2C700italic%2C900%2C900italic|font_style:700%20bold%20regular%3A700%3Anormal&#8221; css=&#8221;&#8221;][vc_separator color=&#8221;custom&#8221; align=&#8221;align_left&#8221; border_width=&#8221;5&#8243; el_width=&#8221;10&#8243; css=&#8221;&#8221; accent_color=&#8221;#D7001E&#8221;][vc_column_text css=&#8221;&#8221;]Le concept EO Click &amp; Go, bas\u00e9 sur le module EO-Vent interchangeable, offre une grande vari\u00e9t\u00e9 de solutions de mobilit\u00e9.<\/p>\n<ul>\n<li style=\"list-style-type: none;\">\n<ul>\n<li>1,8 kg<\/li>\n<li>6 heures d&#8217;autonomie int\u00e9gr\u00e9e<\/li>\n<li>Evite le risque de d\u00e9connexion<\/li>\n<li>Sans interruption du traitement<\/li>\n<\/ul>\n<\/li>\n<\/ul>\n[\/vc_column_text][\/vc_column][\/vc_row][vc_row][vc_column width=&#8221;2\/3&#8243;][vc_custom_heading text=&#8221;Avis juridique&#8221; font_container=&#8221;tag:h2|font_size:32|text_align:left|color:%2300349B|line_height:1.25&#8243; google_fonts=&#8221;font_family:Roboto%3A100%2C100italic%2C300%2C300italic%2Cregular%2Citalic%2C500%2C500italic%2C700%2C700italic%2C900%2C900italic|font_style:700%20bold%20regular%3A700%3Anormal&#8221; css=&#8221;&#8221;][vc_separator color=&#8221;custom&#8221; align=&#8221;align_left&#8221; border_width=&#8221;5&#8243; el_width=&#8221;10&#8243; css=&#8221;&#8221; accent_color=&#8221;#D7001E&#8221;][vc_column_text css=&#8221;&#8221;]L&#8217;EO-150 fournit une assistance ventilatoire continue ou intermittente aux adultes et aux enfants pesant au moins 3,5 kg qui ont besoin d&#8217;une ventilation m\u00e9canique, \u00e0 domicile, dans un \u00e9tablissement ou un h\u00f4pital, et dans des environnements portables, pour une ventilation invasive ou non invasive.<\/p>\n<p>Dispositif m\u00e9dical de classe IIb &#8211; CE 0459 &#8211; Fabriqu\u00e9 par EOVE et distribu\u00e9 par Air Liquide Medical Systems S.A.. Veuillez lire le manuel d&#8217;utilisation[\/vc_column_text][vc_empty_space height=&#8221;100px&#8221;][\/vc_column][vc_column width=&#8221;1\/3&#8243;][\/vc_column][\/vc_row][vc_row full_width=&#8221;stretch_row&#8221; css=&#8221;.vc_custom_1767066394246{margin-bottom: -15px !important;background-color: #EEEEEE !important;}&#8221;][vc_column][vc_custom_heading text=&#8221;Documents&#8221; font_container=&#8221;tag:h2|font_size:32|text_align:left|color:%2300349B|line_height:1.25&#8243; google_fonts=&#8221;font_family:Roboto%3A100%2C100italic%2C300%2C300italic%2Cregular%2Citalic%2C500%2C500italic%2C700%2C700italic%2C900%2C900italic|font_style:700%20bold%20regular%3A700%3Anormal&#8221; css=&#8221;.vc_custom_1767068275979{padding-top: 75px !important;}&#8221;][vc_separator color=&#8221;custom&#8221; align=&#8221;align_left&#8221; border_width=&#8221;5&#8243; el_width=&#8221;10&#8243; css=&#8221;&#8221; accent_color=&#8221;#D7001E&#8221;][\/vc_column][\/vc_row][vc_row full_width=&#8221;stretch_row&#8221; gap=&#8221;35&#8243; css=&#8221;.vc_custom_1767125111816{margin-bottom: -25px !important;padding-top: 50px !important;padding-bottom: 50px !important;background-color: #EEEEEE !important;}&#8221;][vc_column width=&#8221;1\/4&#8243; css=&#8221;.vc_custom_1767203770459{border-top-width: 5px !important;border-right-width: 5px !important;border-bottom-width: 5px !important;border-left-width: 5px !important;background-color: #FFFFFF !important;border-left-style: solid !important;border-right-style: solid !important;border-top-style: solid !important;border-bottom-style: solid !important;border-radius: 20px !important;border-color: #EEEEEE !important;}&#8221;][vc_custom_heading text=&#8221;Brochure EO-150&#8243; font_container=&#8221;tag:h2|font_size:21|text_align:center|color:%2300349B&#8221; google_fonts=&#8221;font_family:Roboto%3A100%2C100italic%2C300%2C300italic%2Cregular%2Citalic%2C500%2C500italic%2C700%2C700italic%2C900%2C900italic|font_style:700%20bold%20regular%3A700%3Anormal&#8221; css=&#8221;&#8221;][vc_btn title=&#8221;T\u00e9l\u00e9charger&#8221; style=&#8221;outline-custom&#8221; outline_custom_color=&#8221;#0074E0&#8243; outline_custom_hover_background=&#8221;#0074E0&#8243; outline_custom_hover_text=&#8221;#ffffff&#8221; shape=&#8221;square&#8221; size=&#8221;sm&#8221; align=&#8221;center&#8221; i_icon_fontawesome=&#8221;fas fa-cloud-download-alt&#8221; css=&#8221;.vc_custom_1769098772741{padding-bottom: 30px !important;}&#8221; add_icon=&#8221;true&#8221; link=&#8221;url:https%3A%2F%2Fnovusmedical.ca%2Fwp-content%2Fuploads%2F2026%2F01%2Fbrochure_eove-150_080721-1.pdf|title:eo150brochure|target:_blank&#8221;][\/vc_column][vc_column width=&#8221;1\/4&#8243; css=&#8221;.vc_custom_1767203789047{border-top-width: 5px !important;border-right-width: 5px !important;border-bottom-width: 5px !important;border-left-width: 5px !important;background-color: #FFFFFF !important;border-left-style: solid !important;border-right-style: solid !important;border-top-style: solid !important;border-bottom-style: solid !important;border-radius: 20px !important;border-color: #EEEEEE !important;}&#8221;][vc_custom_heading text=&#8221;Guide de poche du clinicien&#8221; font_container=&#8221;tag:h2|font_size:21|text_align:center|color:%2300349B&#8221; google_fonts=&#8221;font_family:Roboto%3A100%2C100italic%2C300%2C300italic%2Cregular%2Citalic%2C500%2C500italic%2C700%2C700italic%2C900%2C900italic|font_style:700%20bold%20regular%3A700%3Anormal&#8221; css=&#8221;&#8221;][vc_btn title=&#8221;T\u00e9l\u00e9charger&#8221; style=&#8221;outline-custom&#8221; outline_custom_color=&#8221;#0074E0&#8243; outline_custom_hover_background=&#8221;#0074E0&#8243; outline_custom_hover_text=&#8221;#ffffff&#8221; shape=&#8221;square&#8221; size=&#8221;sm&#8221; align=&#8221;center&#8221; i_icon_fontawesome=&#8221;fas fa-cloud-download-alt&#8221; css=&#8221;.vc_custom_1769098842940{padding-bottom: 30px !important;}&#8221; add_icon=&#8221;true&#8221; link=&#8221;url:https%3A%2F%2Fnovusmedical.ca%2Fwp-content%2Fuploads%2F2026%2F01%2Feove_150_pocket_guide_clinique-1.pdf|title:Guide%20de%20poche%20clinique|target:_blank&#8221;][\/vc_column][vc_column width=&#8221;1\/4&#8243; css=&#8221;.vc_custom_1767203805766{border-top-width: 5px !important;border-right-width: 5px !important;border-bottom-width: 5px !important;border-left-width: 5px !important;background-color: #FFFFFF !important;border-left-style: solid !important;border-right-style: solid !important;border-top-style: solid !important;border-bottom-style: solid !important;border-radius: 20px !important;border-color: #EEEEEE !important;}&#8221;][vc_custom_heading text=&#8221;Guide de poche du patient&#8221; font_container=&#8221;tag:h2|font_size:21|text_align:center|color:%2300349B&#8221; google_fonts=&#8221;font_family:Roboto%3A100%2C100italic%2C300%2C300italic%2Cregular%2Citalic%2C500%2C500italic%2C700%2C700italic%2C900%2C900italic|font_style:700%20bold%20regular%3A700%3Anormal&#8221; css=&#8221;&#8221;][vc_btn title=&#8221;T\u00e9l\u00e9charger&#8221; style=&#8221;outline-custom&#8221; outline_custom_color=&#8221;#0074E0&#8243; outline_custom_hover_background=&#8221;#0074E0&#8243; outline_custom_hover_text=&#8221;#ffffff&#8221; shape=&#8221;square&#8221; size=&#8221;sm&#8221; align=&#8221;center&#8221; i_icon_fontawesome=&#8221;fas fa-cloud-download-alt&#8221; css=&#8221;.vc_custom_1767123729500{padding-bottom: 30px !important;}&#8221; add_icon=&#8221;true&#8221; link=&#8221;url:https%3A%2F%2Fnovusmedical.ca%2Fwp-content%2Fuploads%2F2025%2F12%2Feo-150_en_patient-pocket-guide.pdf|title:Guide%20de%20poche%20du%20patient|target:_blank|&#8221;][\/vc_column][\/vc_row][vc_row full_width=&#8221;stretch_row&#8221; gap=&#8221;35&#8243; css=&#8221;.vc_custom_1767068254753{margin-bottom: -75px !important;padding-bottom: 125px !important;background-color: #EEEEEE !important;}&#8221;][vc_column width=&#8221;1\/4&#8243; css=&#8221;.vc_custom_1767203822377{border-top-width: 5px !important;border-right-width: 5px !important;border-bottom-width: 5px !important;border-left-width: 5px !important;background-color: #FFFFFF !important;border-left-style: solid !important;border-right-style: solid !important;border-top-style: solid !important;border-bottom-style: solid !important;border-radius: 20px !important;border-color: #EEEEEE !important;}&#8221;][vc_custom_heading text=&#8221;Guide rapide Modes avanc\u00e9s C-FLOW MPV&#8221; font_container=&#8221;tag:h2|font_size:21|text_align:center|color:%2300349B&#8221; google_fonts=&#8221;font_family:Roboto%3A100%2C100italic%2C300%2C300italic%2Cregular%2Citalic%2C500%2C500italic%2C700%2C700italic%2C900%2C900italic|font_style:700%20bold%20regular%3A700%3Anormal&#8221; css=&#8221;&#8221;][vc_btn title=&#8221;T\u00e9l\u00e9charger&#8221; style=&#8221;outline-custom&#8221; outline_custom_color=&#8221;#0074E0&#8243; outline_custom_hover_background=&#8221;#0074E0&#8243; outline_custom_hover_text=&#8221;#ffffff&#8221; shape=&#8221;square&#8221; size=&#8221;sm&#8221; align=&#8221;center&#8221; i_icon_fontawesome=&#8221;fas fa-cloud-download-alt&#8221; css=&#8221;.vc_custom_1767123775119{padding-bottom: 30px !important;}&#8221; add_icon=&#8221;true&#8221; link=&#8221;url:https%3A%2F%2Fnovusmedical.ca%2Fwp-content%2Fuploads%2F2025%2F12%2Feo-150_en_quick-guide-advanced-modes-c-flow_mpv.pdf|title:CFlowMPV|target:_blank|&#8221;][\/vc_column][vc_column width=&#8221;1\/4&#8243; css=&#8221;.vc_custom_1767203840150{border-top-width: 5px !important;border-right-width: 5px !important;border-bottom-width: 5px !important;border-left-width: 5px !important;background-color: #FFFFFF !important;border-left-style: solid !important;border-right-style: solid !important;border-top-style: solid !important;border-bottom-style: solid !important;border-radius: 20px !important;border-color: #EEEEEE !important;}&#8221;][vc_custom_heading text=&#8221;Guide rapide Surveillance avanc\u00e9e FiO2 &#8211; SpO2 &#8211; tcCO2&#8243; font_container=&#8221;tag:h2|font_size:21|text_align:center|color:%2300349B&#8221; google_fonts=&#8221;font_family:Roboto%3A100%2C100italic%2C300%2C300italic%2Cregular%2Citalic%2C500%2C500italic%2C700%2C700italic%2C900%2C900italic|font_style:700%20bold%20regular%3A700%3Anormal&#8221; css=&#8221;&#8221;][vc_btn title=&#8221;T\u00e9l\u00e9charger&#8221; style=&#8221;outline-custom&#8221; outline_custom_color=&#8221;#0074E0&#8243; outline_custom_hover_background=&#8221;#0074E0&#8243; outline_custom_hover_text=&#8221;#ffffff&#8221; shape=&#8221;square&#8221; size=&#8221;sm&#8221; align=&#8221;center&#8221; i_icon_fontawesome=&#8221;fas fa-cloud-download-alt&#8221; css=&#8221;.vc_custom_1767123820479{padding-bottom: 30px !important;}&#8221; add_icon=&#8221;true&#8221; link=&#8221;url:https%3A%2F%2Fnovusmedical.ca%2Fwp-content%2Fuploads%2F2025%2F12%2Feo-150_en_quick-guide-advanced-monitoring-fio2_spo2_tcco2.pdf|title:FI02|target:_blank|&#8221;][\/vc_column][vc_column width=&#8221;1\/4&#8243; css=&#8221;.vc_custom_1767203856897{border-top-width: 5px !important;border-right-width: 5px !important;border-bottom-width: 5px !important;border-left-width: 5px !important;background-color: #FFFFFF !important;border-left-style: solid !important;border-right-style: solid !important;border-top-style: solid !important;border-bottom-style: solid !important;border-radius: 20px !important;border-color: #EEEEEE !important;}&#8221;][vc_custom_heading text=&#8221;Guide de d\u00e9marrage rapide&#8221; font_container=&#8221;tag:h2|font_size:21|text_align:center|color:%2300349B&#8221; google_fonts=&#8221;font_family:Roboto%3A100%2C100italic%2C300%2C300italic%2Cregular%2Citalic%2C500%2C500italic%2C700%2C700italic%2C900%2C900italic|font_style:700%20bold%20regular%3A700%3Anormal&#8221; css=&#8221;&#8221;][vc_btn title=&#8221;T\u00e9l\u00e9charger&#8221; style=&#8221;outline-custom&#8221; outline_custom_color=&#8221;#0074E0&#8243; outline_custom_hover_background=&#8221;#0074E0&#8243; outline_custom_hover_text=&#8221;#ffffff&#8221; shape=&#8221;square&#8221; size=&#8221;sm&#8221; align=&#8221;center&#8221; i_icon_fontawesome=&#8221;fas fa-cloud-download-alt&#8221; css=&#8221;.vc_custom_1767123929401{padding-bottom: 30px !important;}&#8221; add_icon=&#8221;true&#8221; link=&#8221;url:https%3A%2F%2Fnovusmedical.ca%2Fwp-content%2Fuploads%2F2025%2F12%2Feo-150_en_quick-start-guide.pdf|title:Guide%20de%20d%C3%A9marrage%20rapide|target:_blank|&#8221;][\/vc_column][vc_column width=&#8221;1\/4&#8243;][\/vc_column][\/vc_row]\n<\/div>","protected":false},"excerpt":{"rendered":"<p>[vc_row css=&#8221;.vc_custom_1761586664265{margin-top: -50px !important;margin-bottom: 15px !important;}&#8221;][vc_column][\/vc_column][\/vc_row][vc_row gap=&#8221;35&#8243; css=&#8221;.vc_custom_1767203746028{padding-top: 100px !important;padding-bottom: 50px !important;}&#8221;][vc_column width=&#8221;1\/6&#8243;][\/vc_column][vc_column width=&#8221;2\/3&#8243;][vc_empty_space height=&#8221;25px&#8221;][vc_custom_heading text=&#8221;EO-150&#8243; font_container=&#8221;tag:h2|font_size:42|text_align:center|color:%2300349B|line_height:1.25&#8243; google_fonts=&#8221;font_family:Roboto%3A100%2C100italic%2C300%2C300italic%2Cregular%2Citalic%2C500%2C500italic%2C700%2C700italic%2C900%2C900italic|font_style:700%20bold%20regular%3A700%3Anormal&#8221; css=&#8221;&#8221;][vc_custom_heading text=&#8221;Ventilateur [&hellip;]<\/p>\n","protected":false},"author":2,"featured_media":14178,"parent":14519,"menu_order":0,"comment_status":"closed","ping_status":"closed","template":"","meta":{"om_disable_all_campaigns":false,"_monsterinsights_skip_tracking":false,"_monsterinsights_sitenote_active":false,"_monsterinsights_sitenote_note":"","_monsterinsights_sitenote_category":0,"footnotes":""},"class_list":["post-14528","page","type-page","status-publish","has-post-thumbnail","hentry"],"jetpack_sharing_enabled":true,"_links":{"self":[{"href":"https:\/\/novusmedical.ca\/fr\/wp-json\/wp\/v2\/pages\/14528","targetHints":{"allow":["GET"]}}],"collection":[{"href":"https:\/\/novusmedical.ca\/fr\/wp-json\/wp\/v2\/pages"}],"about":[{"href":"https:\/\/novusmedical.ca\/fr\/wp-json\/wp\/v2\/types\/page"}],"author":[{"embeddable":true,"href":"https:\/\/novusmedical.ca\/fr\/wp-json\/wp\/v2\/users\/2"}],"replies":[{"embeddable":true,"href":"https:\/\/novusmedical.ca\/fr\/wp-json\/wp\/v2\/comments?post=14528"}],"version-history":[{"count":4,"href":"https:\/\/novusmedical.ca\/fr\/wp-json\/wp\/v2\/pages\/14528\/revisions"}],"predecessor-version":[{"id":14598,"href":"https:\/\/novusmedical.ca\/fr\/wp-json\/wp\/v2\/pages\/14528\/revisions\/14598"}],"up":[{"embeddable":true,"href":"https:\/\/novusmedical.ca\/fr\/wp-json\/wp\/v2\/pages\/14519"}],"wp:featuredmedia":[{"embeddable":true,"href":"https:\/\/novusmedical.ca\/fr\/wp-json\/wp\/v2\/media\/14178"}],"wp:attachment":[{"href":"https:\/\/novusmedical.ca\/fr\/wp-json\/wp\/v2\/media?parent=14528"}],"curies":[{"name":"wp","href":"https:\/\/api.w.org\/{rel}","templated":true}]}}