{"id":14524,"date":"2025-12-30T03:25:35","date_gmt":"2025-12-30T03:25:35","guid":{"rendered":"https:\/\/novusmedical.ca\/airliquide\/eo70\/"},"modified":"2026-01-22T16:16:28","modified_gmt":"2026-01-22T16:16:28","slug":"eo70","status":"publish","type":"page","link":"https:\/\/novusmedical.ca\/fr\/airliquide\/eo70\/","title":{"rendered":"EO70"},"content":{"rendered":"<div class=\"wpb-content-wrapper\">[vc_row css=&#8221;.vc_custom_1761586664265{margin-top: -50px !important;margin-bottom: 15px !important;}&#8221;][vc_column]\n\t\t\t<!-- START AirLiquide EO70 ENG REVOLUTION SLIDER 6.6.9 --><p class=\"rs-p-wp-fix\"><\/p>\n\t\t\t<rs-module-wrap id=\"rev_slider_122_1_wrapper\" data-source=\"gallery\" style=\"visibility:hidden;background:transparent;padding:0;margin:0px auto;margin-top:0;margin-bottom:0;\">\n\t\t\t\t<rs-module id=\"rev_slider_122_1\" style=\"\" data-version=\"6.6.9\">\n\t\t\t\t\t<rs-slides style=\"overflow: hidden; position: absolute;\">\n\t\t\t\t\t\t<rs-slide style=\"position: absolute;\" data-key=\"rs-191\" data-title=\"AirLiquide ENG\" data-anim=\"adpr:false;\" data-in=\"o:0;\" data-out=\"a:false;\">\n\t\t\t\t\t\t\t<img data-recalc-dims=\"1\" decoding=\"async\" src=\"https:\/\/i0.wp.com\/novusmedical.ca\/wp-content\/plugins\/revslider\/public\/assets\/assets\/dummy.png?resize=1920%2C1080\" alt=\"\" title=\"airliquidehero\" width=\"1920\" height=\"1080\" class=\"rev-slidebg tp-rs-img rs-lazyload\" data-lazyload=\"\/\/novusmedical.ca\/wp-content\/uploads\/2025\/12\/airliquidehero.jpg\" data-bg=\"p:center bottom;\" data-no-retina>\n<!--\n\t\t\t\t\t\t\t--><rs-layer\n\t\t\t\t\t\t\t\tid=\"slider-122-slide-191-layer-4\" \n\t\t\t\t\t\t\t\tdata-type=\"image\"\n\t\t\t\t\t\t\t\tdata-rsp_ch=\"on\"\n\t\t\t\t\t\t\t\tdata-xy=\"x:c;y:c;yo:7px;\"\n\t\t\t\t\t\t\t\tdata-text=\"w:normal;\"\n\t\t\t\t\t\t\t\tdata-dim=\"w:778px;h:278px;\"\n\t\t\t\t\t\t\t\tdata-frame_999=\"o:0;st:w;\"\n\t\t\t\t\t\t\t\tstyle=\"z-index:9;\"\n\t\t\t\t\t\t\t><img data-recalc-dims=\"1\" decoding=\"async\" src=\"https:\/\/i0.wp.com\/novusmedical.ca\/wp-content\/plugins\/revslider\/public\/assets\/assets\/dummy.png?resize=1435%2C513\" alt=\"\" class=\"tp-rs-img rs-lazyload\" width=\"1435\" height=\"513\" data-lazyload=\"\/\/novusmedical.ca\/wp-content\/uploads\/2025\/12\/AIR_LIQUIDE_HEALTHCARE-3.png\" data-no-retina> \n\t\t\t\t\t\t\t<\/rs-layer><!--\n-->\t\t\t\t\t\t<\/rs-slide>\n\t\t\t\t\t<\/rs-slides>\n\t\t\t\t<\/rs-module>\n\t\t\t\t<script>\n\t\t\t\t\tsetREVStartSize({c: 'rev_slider_122_1',rl:[1240,1024,778,480],el:[700],gw:[1240],gh:[700],type:'standard',justify:'',layout:'fullwidth',mh:\"0\"});if (window.RS_MODULES!==undefined && window.RS_MODULES.modules!==undefined && window.RS_MODULES.modules[\"revslider1221\"]!==undefined) {window.RS_MODULES.modules[\"revslider1221\"].once = false;window.revapi122 = undefined;if (window.RS_MODULES.checkMinimal!==undefined) window.RS_MODULES.checkMinimal()}\n\t\t\t\t<\/script>\n\t\t\t<\/rs-module-wrap>\n\t\t\t<!-- END REVOLUTION SLIDER -->\n[\/vc_column][\/vc_row][vc_row gap=&#8221;35&#8243; css=&#8221;.vc_custom_1767204328468{padding-top: 50px !important;padding-bottom: 50px !important;}&#8221;][vc_column width=&#8221;1\/6&#8243;][\/vc_column][vc_column width=&#8221;2\/3&#8243;][vc_custom_heading text=&#8221;EO-70&#8243; font_container=&#8221;tag:h2|font_size:42|text_align:center|color:%2300349B&#8221; google_fonts=&#8221;font_family:Roboto%3A100%2C100italic%2C300%2C300italic%2Cregular%2Citalic%2C500%2C500italic%2C700%2C700italic%2C900%2C900italic|font_style:700%20bold%20regular%3A700%3Anormal&#8221; css=&#8221;&#8221;][vc_custom_heading text=&#8221;Dispositif de gestion de la s\u00e9cr\u00e9tion&#8221; font_container=&#8221;tag:h2|font_size:24|text_align:center|color:%230074E0&#8243; google_fonts=&#8221;font_family:Roboto%3A100%2C100italic%2C300%2C300italic%2Cregular%2Citalic%2C500%2C500italic%2C700%2C700italic%2C900%2C900italic|font_style:700%20bold%20regular%3A700%3Anormal&#8221; css=&#8221;&#8221;][vc_column_text css=&#8221;.vc_custom_1767065297317{margin-bottom: 15px !important;}&#8221;]\n<p style=\"text-align: left;\">Gr\u00e2ce \u00e0 son design et \u00e0 son interface graphique HD, l&#8217;appareil de gestion des s\u00e9cr\u00e9tions EO-70 offre aux patients et aux soignants une grande facilit\u00e9 d&#8217;utilisation. Ce dispositif d&#8217;aide \u00e0 la toux est destin\u00e9 \u00e0 soulager les personnes souffrant de troubles respiratoires chroniques au quotidien et peut \u00eatre utilis\u00e9 dans diff\u00e9rents modes de fonctionnement. L&#8217;EO-70 peut \u00eatre utilis\u00e9 comme aide \u00e0 la toux en cas de congestion proximale, comme relaxateur de pression pour recruter des zones pulmonaires avec un outil \u00e9ducatif qu&#8217;est la fonction de coaching. Innovant et fiable, cet appareil peut \u00eatre utilis\u00e9 de mani\u00e8re intuitive au domicile du patient, \u00e0 l&#8217;h\u00f4pital ou dans le cabinet du m\u00e9decin.<\/p>\n[\/vc_column_text][vc_empty_space][\/vc_column][vc_column width=&#8221;1\/6&#8243;][\/vc_column][\/vc_row][vc_row full_width=&#8221;stretch_row&#8221; gap=&#8221;35&#8243; content_placement=&#8221;top&#8221; css=&#8221;.vc_custom_1761586611581{margin-left: 0px !important;background-color: #ffffff !important;}&#8221; el_id=&#8221;aeramaxproii&#8221;][vc_column width=&#8221;1\/2&#8243; css=&#8221;.vc_custom_1740423795327{padding-right: 50px !important;}&#8221;][vc_single_image image=&#8221;14174&#8243; img_size=&#8221;full&#8221; alignment=&#8221;center&#8221; onclick=&#8221;link_image&#8221; css=&#8221;&#8221;][\/vc_column][vc_column width=&#8221;1\/2&#8243;][vc_empty_space height=&#8221;50px&#8221;][vc_custom_heading text=&#8221;Traitement complet et adaptatif&#8221; font_container=&#8221;tag:h2|font_size:32|text_align:left|color:%2300349B|line_height:1.25&#8243; google_fonts=&#8221;font_family:Roboto%3A100%2C100italic%2C300%2C300italic%2Cregular%2Citalic%2C500%2C500italic%2C700%2C700italic%2C900%2C900italic|font_style:700%20bold%20regular%3A700%3Anormal&#8221; css=&#8221;&#8221;][vc_separator color=&#8221;custom&#8221; align=&#8221;align_left&#8221; border_width=&#8221;5&#8243; el_width=&#8221;10&#8243; css=&#8221;&#8221; accent_color=&#8221;#D7001E&#8221;][vc_column_text css=&#8221;&#8221;]Sa conception, bas\u00e9e sur une station avec un module amovible de seulement 2 kg, capable de fonctionner avec une batterie interne, offre des solutions de mobilit\u00e9 in\u00e9gal\u00e9es.<\/p>\n<p>L&#8217;EO-70 High performance vous permet de r\u00e9gler des pressions de -70 \u00e0 +70 mbar.<\/p>\n<p>Ce dispositif permet de r\u00e9aliser une double modalit\u00e9 :<\/p>\n<ul>\n<li style=\"list-style-type: none;\">\n<ul>\n<li>Un mode d&#8217;insufflation &#8211; INEX<\/li>\n<li>A Mode de man\u0153uvre de d\u00e9compression &#8211; PRM<\/li>\n<li>Oscillations r\u00e9glables<\/li>\n<li>Trois pr\u00e9r\u00e9glages personnalisables<\/li>\n<\/ul>\n<\/li>\n<\/ul>\n[\/vc_column_text][vc_btn title=&#8221;Demande de devis&#8221; style=&#8221;outline-custom&#8221; outline_custom_color=&#8221;#000000&#8243; outline_custom_hover_background=&#8221;#93d500&#8243; outline_custom_hover_text=&#8221;#ffffff&#8221; shape=&#8221;square&#8221; size=&#8221;sm&#8221; align=&#8221;left&#8221; css=&#8221;.vc_custom_1767068373372{padding-top: 10px !important;}&#8221; link=&#8221;url:http%3A%2F%2Fnovusmedical.jzx.oms.mybluehost.me%2F%3Fpage_id%3D225|title:Contacter%20Novus|&#8221;][\/vc_column][\/vc_row][vc_row][vc_column][vc_empty_space][\/vc_column][\/vc_row][vc_row gap=&#8221;35&#8243;][vc_column width=&#8221;1\/3&#8243;][vc_custom_heading text=&#8221;La fonction d&#8217;accompagnement&#8221; font_container=&#8221;tag:h2|font_size:32|text_align:left|color:%2300349B|line_height:1.25&#8243; google_fonts=&#8221;font_family:Roboto%3A100%2C100italic%2C300%2C300italic%2Cregular%2Citalic%2C500%2C500italic%2C700%2C700italic%2C900%2C900italic|font_style:700%20bold%20regular%3A700%3Anormal&#8221; css=&#8221;&#8221;][vc_separator color=&#8221;custom&#8221; align=&#8221;align_left&#8221; border_width=&#8221;5&#8243; el_width=&#8221;10&#8243; css=&#8221;&#8221; accent_color=&#8221;#D7001E&#8221;][vc_column_text css=&#8221;&#8221;]La fonction de coaching, d\u00e9sormais disponible avec l&#8217;EO-70, va encore plus loin dans le soutien de la th\u00e9rapie du patient. Il s&#8217;agit d&#8217;un outil p\u00e9dagogique interactif qui garantit une meilleure adh\u00e9sion aux th\u00e9rapies.<\/p>\n<p>Simplifiant l&#8217;\u00e9ducation, cette fonction vise \u00e0 am\u00e9liorer l&#8217;acceptation par le patient.<\/p>\n<p>De nouvelles aides visuelles ont \u00e9t\u00e9 d\u00e9velopp\u00e9es pour motiver le patient pendant sa th\u00e9rapie.[\/vc_column_text][\/vc_column][vc_column width=&#8221;1\/3&#8243;][vc_custom_heading text=&#8221;Interface intuitive&#8221; font_container=&#8221;tag:h2|font_size:32|text_align:left|color:%2300349B|line_height:1.25&#8243; google_fonts=&#8221;font_family:Roboto%3A100%2C100italic%2C300%2C300italic%2Cregular%2Citalic%2C500%2C500italic%2C700%2C700italic%2C900%2C900italic|font_style:700%20bold%20regular%3A700%3Anormal&#8221; css=&#8221;&#8221;][vc_separator color=&#8221;custom&#8221; align=&#8221;align_left&#8221; border_width=&#8221;5&#8243; el_width=&#8221;10&#8243; css=&#8221;&#8221; accent_color=&#8221;#D7001E&#8221;][vc_column_text css=&#8221;&#8221;]Vous pouvez r\u00e9gler le traitement gr\u00e2ce \u00e0 un \u00e9cran tactile HD de 7 pouces. Cet \u00e9cran permet un acc\u00e8s simple aux r\u00e9glages et une visualisation du monotiring. Ces param\u00e8tres peuvent \u00eatre modifi\u00e9s directement sur l&#8217;\u00e9cran d&#8217;accueil pour un traitement rapide et proche du patient.[\/vc_column_text][\/vc_column][vc_column width=&#8221;1\/3&#8243;][vc_custom_heading text=&#8221;Am\u00e9lioration des conditions de traitement&#8221; font_container=&#8221;tag:h2|font_size:32|text_align:left|color:%2300349B|line_height:1.25&#8243; google_fonts=&#8221;font_family:Roboto%3A100%2C100italic%2C300%2C300italic%2Cregular%2Citalic%2C500%2C500italic%2C700%2C700italic%2C900%2C900italic|font_style:700%20bold%20regular%3A700%3Anormal&#8221; css=&#8221;&#8221;][vc_separator color=&#8221;custom&#8221; align=&#8221;align_left&#8221; border_width=&#8221;5&#8243; el_width=&#8221;10&#8243; css=&#8221;&#8221; accent_color=&#8221;#D7001E&#8221;][vc_column_text css=&#8221;&#8221;]L&#8217;EO-70 est un module de traitement extractible pour un encombrement minimal et une meilleure portabilit\u00e9.<\/p>\n<p>L&#8217;EO-70 contient une batterie interne pour une utilisation plus proche du patient et permet une autonomie de 4 s\u00e9ances.[\/vc_column_text][\/vc_column][\/vc_row][vc_row][vc_column][vc_empty_space][\/vc_column][\/vc_row][vc_row][vc_column][vc_custom_heading text=&#8221;Avis juridique&#8221; font_container=&#8221;tag:h2|font_size:32|text_align:left|color:%2300349B|line_height:1.25&#8243; google_fonts=&#8221;font_family:Roboto%3A100%2C100italic%2C300%2C300italic%2Cregular%2Citalic%2C500%2C500italic%2C700%2C700italic%2C900%2C900italic|font_style:700%20bold%20regular%3A700%3Anormal&#8221; css=&#8221;&#8221;][vc_separator color=&#8221;custom&#8221; align=&#8221;align_left&#8221; border_width=&#8221;5&#8243; el_width=&#8221;10&#8243; css=&#8221;&#8221; accent_color=&#8221;#D7001E&#8221;][vc_column_text css=&#8221;&#8221;]L&#8217;EO-70 fournit un traitement aux patients qui ont besoin d&#8217;aide pour g\u00e9rer leurs s\u00e9cr\u00e9tions.<\/p>\n<p>Dispositif m\u00e9dical de classe IIb &#8211; CE 0459 &#8211; Fabriqu\u00e9 par EOVE et distribu\u00e9 par Air Liquide Medical Systems S.A.. Veuillez lire le manuel d&#8217;utilisation[\/vc_column_text][vc_empty_space height=&#8221;100px&#8221;][\/vc_column][\/vc_row][vc_row full_width=&#8221;stretch_row&#8221; css=&#8221;.vc_custom_1767066394246{margin-bottom: -15px !important;background-color: #EEEEEE !important;}&#8221;][vc_column][vc_custom_heading text=&#8221;Documents&#8221; font_container=&#8221;tag:h2|font_size:32|text_align:left|color:%2300349B|line_height:1.25&#8243; google_fonts=&#8221;font_family:Roboto%3A100%2C100italic%2C300%2C300italic%2Cregular%2Citalic%2C500%2C500italic%2C700%2C700italic%2C900%2C900italic|font_style:700%20bold%20regular%3A700%3Anormal&#8221; css=&#8221;.vc_custom_1767068275979{padding-top: 75px !important;}&#8221;][vc_separator color=&#8221;custom&#8221; align=&#8221;align_left&#8221; border_width=&#8221;5&#8243; el_width=&#8221;10&#8243; css=&#8221;&#8221; accent_color=&#8221;#D7001E&#8221;][\/vc_column][\/vc_row][vc_row full_width=&#8221;stretch_row&#8221; gap=&#8221;35&#8243; css=&#8221;.vc_custom_1767067283858{margin-bottom: -25px !important;padding-bottom: 50px !important;background-color: #EEEEEE !important;}&#8221;][vc_column width=&#8221;1\/4&#8243; css=&#8221;.vc_custom_1767204006425{border-top-width: 5px !important;border-right-width: 5px !important;border-bottom-width: 5px !important;border-left-width: 5px !important;background-color: #FFFFFF !important;border-left-style: solid !important;border-right-style: solid !important;border-top-style: solid !important;border-bottom-style: solid !important;border-radius: 20px !important;border-color: #EEEEEE !important;}&#8221;][vc_custom_heading text=&#8221;Brochure EO-70&#8243; font_container=&#8221;tag:h2|font_size:21|text_align:center|color:%2300349B&#8221; google_fonts=&#8221;font_family:Roboto%3A100%2C100italic%2C300%2C300italic%2Cregular%2Citalic%2C500%2C500italic%2C700%2C700italic%2C900%2C900italic|font_style:700%20bold%20regular%3A700%3Anormal&#8221; css=&#8221;&#8221;][vc_btn title=&#8221;T\u00e9l\u00e9charger&#8221; style=&#8221;outline-custom&#8221; outline_custom_color=&#8221;#0074E0&#8243; outline_custom_hover_background=&#8221;#0074E0&#8243; outline_custom_hover_text=&#8221;#ffffff&#8221; shape=&#8221;square&#8221; size=&#8221;sm&#8221; align=&#8221;center&#8221; i_icon_fontawesome=&#8221;fas fa-cloud-download-alt&#8221; css=&#8221;.vc_custom_1769097585800{padding-bottom: 30px !important;}&#8221; add_icon=&#8221;true&#8221; link=&#8221;url:https%3A%2F%2Fnovusmedical.ca%2Fwp-content%2Fuploads%2F2026%2F01%2Feo70-assistant-aide-toux.pdf|title:eo70brochure|target:_blank&#8221;][\/vc_column][vc_column width=&#8221;1\/4&#8243; css=&#8221;.vc_custom_1767204024612{border-top-width: 5px !important;border-right-width: 5px !important;border-bottom-width: 5px !important;border-left-width: 5px !important;background-color: #FFFFFF !important;border-left-style: solid !important;border-right-style: solid !important;border-top-style: solid !important;border-bottom-style: solid !important;border-radius: 20px !important;border-color: #EEEEEE !important;}&#8221;][vc_custom_heading text=&#8221;Guide de poche clinique&#8221; font_container=&#8221;tag:h2|font_size:21|text_align:center|color:%2300349B&#8221; google_fonts=&#8221;font_family:Roboto%3A100%2C100italic%2C300%2C300italic%2Cregular%2Citalic%2C500%2C500italic%2C700%2C700italic%2C900%2C900italic|font_style:700%20bold%20regular%3A700%3Anormal&#8221; css=&#8221;&#8221;][vc_btn title=&#8221;T\u00e9l\u00e9charger&#8221; style=&#8221;outline-custom&#8221; outline_custom_color=&#8221;#0074E0&#8243; outline_custom_hover_background=&#8221;#0074E0&#8243; outline_custom_hover_text=&#8221;#ffffff&#8221; shape=&#8221;square&#8221; size=&#8221;sm&#8221; align=&#8221;center&#8221; i_icon_fontawesome=&#8221;fas fa-cloud-download-alt&#8221; css=&#8221;.vc_custom_1767068203114{padding-bottom: 30px !important;}&#8221; add_icon=&#8221;true&#8221; link=&#8221;url:https%3A%2F%2Fnovusmedical.ca%2Fwp-content%2Fuploads%2F2025%2F12%2Feo-70_en_clinical-pocket-guide.pdf|title:Guide%20de%20poche%20clinique|target:_blank|&#8221;][\/vc_column][vc_column width=&#8221;1\/4&#8243; css=&#8221;.vc_custom_1767204041711{border-top-width: 5px !important;border-right-width: 5px !important;border-bottom-width: 5px !important;border-left-width: 5px !important;background-color: #FFFFFF !important;border-left-style: solid !important;border-right-style: solid !important;border-top-style: solid !important;border-bottom-style: solid !important;border-radius: 20px !important;border-color: #EEEEEE !important;}&#8221;][vc_custom_heading text=&#8221;Guide de poche du patient&#8221; font_container=&#8221;tag:h2|font_size:21|text_align:center|color:%2300349B&#8221; google_fonts=&#8221;font_family:Roboto%3A100%2C100italic%2C300%2C300italic%2Cregular%2Citalic%2C500%2C500italic%2C700%2C700italic%2C900%2C900italic|font_style:700%20bold%20regular%3A700%3Anormal&#8221; css=&#8221;&#8221;][vc_btn title=&#8221;T\u00e9l\u00e9charger&#8221; style=&#8221;outline-custom&#8221; outline_custom_color=&#8221;#0074E0&#8243; outline_custom_hover_background=&#8221;#0074E0&#8243; outline_custom_hover_text=&#8221;#ffffff&#8221; shape=&#8221;square&#8221; size=&#8221;sm&#8221; align=&#8221;center&#8221; i_icon_fontawesome=&#8221;fas fa-cloud-download-alt&#8221; css=&#8221;.vc_custom_1767068212411{padding-bottom: 30px !important;}&#8221; add_icon=&#8221;true&#8221; link=&#8221;url:https%3A%2F%2Fnovusmedical.ca%2Fwp-content%2Fuploads%2F2025%2F12%2Feo-70_en_patient-pocket-guide.pdf|title:Guide%20de%20poche%20du%20patient|target:_blank|&#8221;][\/vc_column][\/vc_row][vc_row full_width=&#8221;stretch_row&#8221; gap=&#8221;35&#8243; css=&#8221;.vc_custom_1767068254753{margin-bottom: -75px !important;padding-bottom: 125px !important;background-color: #EEEEEE !important;}&#8221;][vc_column width=&#8221;1\/4&#8243; css=&#8221;.vc_custom_1767204058365{border-top-width: 5px !important;border-right-width: 5px !important;border-bottom-width: 5px !important;border-left-width: 5px !important;background-color: #FFFFFF !important;border-left-style: solid !important;border-right-style: solid !important;border-top-style: solid !important;border-bottom-style: solid !important;border-radius: 20px !important;border-color: #EEEEEE !important;}&#8221;][vc_custom_heading text=&#8221;Guide de la fonction d&#8217;entra\u00eeneur&#8221; font_container=&#8221;tag:h2|font_size:21|text_align:center|color:%2300349B&#8221; google_fonts=&#8221;font_family:Roboto%3A100%2C100italic%2C300%2C300italic%2Cregular%2Citalic%2C500%2C500italic%2C700%2C700italic%2C900%2C900italic|font_style:700%20bold%20regular%3A700%3Anormal&#8221; css=&#8221;&#8221;][vc_btn title=&#8221;T\u00e9l\u00e9charger&#8221; style=&#8221;outline-custom&#8221; outline_custom_color=&#8221;#0074E0&#8243; outline_custom_hover_background=&#8221;#0074E0&#8243; outline_custom_hover_text=&#8221;#ffffff&#8221; shape=&#8221;square&#8221; size=&#8221;sm&#8221; align=&#8221;center&#8221; i_icon_fontawesome=&#8221;fas fa-cloud-download-alt&#8221; css=&#8221;.vc_custom_1767068222130{padding-bottom: 30px !important;}&#8221; add_icon=&#8221;true&#8221; link=&#8221;url:https%3A%2F%2Fnovusmedical.ca%2Fwp-content%2Fuploads%2F2025%2F12%2Feo-70_en_quick-guide-coaching-function.pdf|title:Guide%20de%20l%27entra%C3%AEneur|target:_blank|&#8221;][\/vc_column][vc_column width=&#8221;1\/4&#8243; css=&#8221;.vc_custom_1767204308077{border-top-width: 5px !important;border-right-width: 5px !important;border-bottom-width: 5px !important;border-left-width: 5px !important;background-color: #FFFFFF !important;border-left-style: solid !important;border-right-style: solid !important;border-top-style: solid !important;border-bottom-style: solid !important;border-radius: 20px !important;border-color: #EEEEEE !important;}&#8221;][vc_custom_heading text=&#8221;Guide de d\u00e9marrage rapide EO-70&#8243; font_container=&#8221;tag:h2|font_size:21|text_align:center|color:%2300349B&#8221; google_fonts=&#8221;font_family:Roboto%3A100%2C100italic%2C300%2C300italic%2Cregular%2Citalic%2C500%2C500italic%2C700%2C700italic%2C900%2C900italic|font_style:700%20bold%20regular%3A700%3Anormal&#8221; css=&#8221;&#8221;][vc_btn title=&#8221;T\u00e9l\u00e9charger&#8221; style=&#8221;outline-custom&#8221; outline_custom_color=&#8221;#0074E0&#8243; outline_custom_hover_background=&#8221;#0074E0&#8243; outline_custom_hover_text=&#8221;#ffffff&#8221; shape=&#8221;square&#8221; size=&#8221;sm&#8221; align=&#8221;center&#8221; i_icon_fontawesome=&#8221;fas fa-cloud-download-alt&#8221; css=&#8221;.vc_custom_1767068232397{padding-bottom: 30px !important;}&#8221; add_icon=&#8221;true&#8221; link=&#8221;url:https%3A%2F%2Fnovusmedical.ca%2Fwp-content%2Fuploads%2F2025%2F12%2Feo-170_en_quick-start-guide-eo-70.pdf|title:Guide%20de%20d%C3%A9marrage%20rapide|target:_blank|&#8221;][\/vc_column][\/vc_row]\n<\/div>","protected":false},"excerpt":{"rendered":"<p>[vc_row css=&#8221;.vc_custom_1761586664265{margin-top: -50px !important;margin-bottom: 15px !important;}&#8221;][vc_column][\/vc_column][\/vc_row][vc_row gap=&#8221;35&#8243; css=&#8221;.vc_custom_1767204328468{padding-top: 50px !important;padding-bottom: 50px !important;}&#8221;][vc_column width=&#8221;1\/6&#8243;][\/vc_column][vc_column width=&#8221;2\/3&#8243;][vc_custom_heading text=&#8221;EO-70&#8243; font_container=&#8221;tag:h2|font_size:42|text_align:center|color:%2300349B&#8221; google_fonts=&#8221;font_family:Roboto%3A100%2C100italic%2C300%2C300italic%2Cregular%2Citalic%2C500%2C500italic%2C700%2C700italic%2C900%2C900italic|font_style:700%20bold%20regular%3A700%3Anormal&#8221; css=&#8221;&#8221;][vc_custom_heading text=&#8221;Dispositif de [&hellip;]<\/p>\n","protected":false},"author":2,"featured_media":14174,"parent":14519,"menu_order":0,"comment_status":"closed","ping_status":"closed","template":"","meta":{"om_disable_all_campaigns":false,"_monsterinsights_skip_tracking":false,"_monsterinsights_sitenote_active":false,"_monsterinsights_sitenote_note":"","_monsterinsights_sitenote_category":0,"footnotes":""},"class_list":["post-14524","page","type-page","status-publish","has-post-thumbnail","hentry"],"jetpack_sharing_enabled":true,"_links":{"self":[{"href":"https:\/\/novusmedical.ca\/fr\/wp-json\/wp\/v2\/pages\/14524","targetHints":{"allow":["GET"]}}],"collection":[{"href":"https:\/\/novusmedical.ca\/fr\/wp-json\/wp\/v2\/pages"}],"about":[{"href":"https:\/\/novusmedical.ca\/fr\/wp-json\/wp\/v2\/types\/page"}],"author":[{"embeddable":true,"href":"https:\/\/novusmedical.ca\/fr\/wp-json\/wp\/v2\/users\/2"}],"replies":[{"embeddable":true,"href":"https:\/\/novusmedical.ca\/fr\/wp-json\/wp\/v2\/comments?post=14524"}],"version-history":[{"count":4,"href":"https:\/\/novusmedical.ca\/fr\/wp-json\/wp\/v2\/pages\/14524\/revisions"}],"predecessor-version":[{"id":14593,"href":"https:\/\/novusmedical.ca\/fr\/wp-json\/wp\/v2\/pages\/14524\/revisions\/14593"}],"up":[{"embeddable":true,"href":"https:\/\/novusmedical.ca\/fr\/wp-json\/wp\/v2\/pages\/14519"}],"wp:featuredmedia":[{"embeddable":true,"href":"https:\/\/novusmedical.ca\/fr\/wp-json\/wp\/v2\/media\/14174"}],"wp:attachment":[{"href":"https:\/\/novusmedical.ca\/fr\/wp-json\/wp\/v2\/media?parent=14524"}],"curies":[{"name":"wp","href":"https:\/\/api.w.org\/{rel}","templated":true}]}}