{"id":13769,"date":"2025-10-27T19:49:13","date_gmt":"2025-10-27T19:49:13","guid":{"rendered":"https:\/\/novusmedical.ca\/dandlelionmedical\/dandlewrapstretch\/"},"modified":"2025-11-17T18:08:26","modified_gmt":"2025-11-17T18:08:26","slug":"dandlewrapstretch","status":"publish","type":"page","link":"https:\/\/novusmedical.ca\/fr\/dandlelionmedical\/dandlewrapstretch\/","title":{"rendered":"DandleWRAPStretch"},"content":{"rendered":"<div class=\"wpb-content-wrapper\">[vc_row css=&#8221;.vc_custom_1761586664265{margin-top: -50px !important;margin-bottom: 15px !important;}&#8221;][vc_column]\n\t\t\t<!-- START Dandlelion FR REVOLUTION SLIDER 6.6.9 --><p class=\"rs-p-wp-fix\"><\/p>\n\t\t\t<rs-module-wrap id=\"rev_slider_120_1_wrapper\" data-source=\"gallery\" style=\"visibility:hidden;background:transparent;padding:0;margin:0px auto;margin-top:0;margin-bottom:0;\">\n\t\t\t\t<rs-module id=\"rev_slider_120_1\" style=\"\" data-version=\"6.6.9\">\n\t\t\t\t\t<rs-slides style=\"overflow: hidden; position: absolute;\">\n\t\t\t\t\t\t<rs-slide style=\"position: absolute;\" data-key=\"rs-187\" data-title=\"rpap\" data-anim=\"adpr:false;\" data-in=\"o:0;\" data-out=\"a:false;\">\n\t\t\t\t\t\t\t<img data-recalc-dims=\"1\" decoding=\"async\" src=\"https:\/\/i0.wp.com\/novusmedical.ca\/wp-content\/plugins\/revslider\/public\/assets\/assets\/dummy.png?resize=1920%2C1080\" alt=\"\" title=\"dandlelionmedical_slider\" width=\"1920\" height=\"1080\" class=\"rev-slidebg tp-rs-img rs-lazyload\" data-lazyload=\"\/\/novusmedical.ca\/wp-content\/uploads\/2025\/10\/dandlelionmedical_slider-1.png\" data-no-retina>\n<!--\n\t\t\t\t\t\t\t--><rs-layer\n\t\t\t\t\t\t\t\tid=\"slider-120-slide-187-layer-0\" \n\t\t\t\t\t\t\t\tdata-type=\"image\"\n\t\t\t\t\t\t\t\tdata-rsp_ch=\"on\"\n\t\t\t\t\t\t\t\tdata-xy=\"x:c;xo:6px;y:c;yo:9px;\"\n\t\t\t\t\t\t\t\tdata-text=\"w:normal;\"\n\t\t\t\t\t\t\t\tdata-dim=\"w:740px;h:382px;\"\n\t\t\t\t\t\t\t\tdata-frame_999=\"o:0;st:w;\"\n\t\t\t\t\t\t\t\tstyle=\"z-index:6;\"\n\t\t\t\t\t\t\t><img data-recalc-dims=\"1\" decoding=\"async\" src=\"https:\/\/i0.wp.com\/novusmedical.ca\/wp-content\/plugins\/revslider\/public\/assets\/assets\/dummy.png?resize=1000%2C516\" alt=\"\" class=\"tp-rs-img rs-lazyload\" width=\"1000\" height=\"516\" data-lazyload=\"\/\/novusmedical.ca\/wp-content\/uploads\/2025\/10\/Dandle-Lion-Logo_WhiteLettersWhiteDot-TBG.png\" data-no-retina> \n\t\t\t\t\t\t\t<\/rs-layer><!--\n\n\t\t\t\t\t\t\t--><rs-layer\n\t\t\t\t\t\t\t\tid=\"slider-120-slide-187-layer-1\" \n\t\t\t\t\t\t\t\tdata-type=\"text\"\n\t\t\t\t\t\t\t\tdata-color=\"#fff\"\n\t\t\t\t\t\t\t\tdata-rsp_ch=\"on\"\n\t\t\t\t\t\t\t\tdata-xy=\"x:c;y:b;yo:154px;\"\n\t\t\t\t\t\t\t\tdata-text=\"w:normal;s:40;l:50;fw:300;\"\n\t\t\t\t\t\t\t\tdata-dim=\"minh:0px;\"\n\t\t\t\t\t\t\t\tdata-frame_999=\"o:0;st:w;\"\n\t\t\t\t\t\t\t\tstyle=\"z-index:7;font-family:'Roboto';\"\n\t\t\t\t\t\t\t>Le d\u00e9veloppement neurologique \u00e0 chaque contact \n\t\t\t\t\t\t\t<\/rs-layer><!--\n-->\t\t\t\t\t\t<\/rs-slide>\n\t\t\t\t\t<\/rs-slides>\n\t\t\t\t<\/rs-module>\n\t\t\t\t<script>\n\t\t\t\t\tsetREVStartSize({c: 'rev_slider_120_1',rl:[1240,1024,778,480],el:[700],gw:[1240],gh:[700],type:'standard',justify:'',layout:'fullwidth',mh:\"0\"});if (window.RS_MODULES!==undefined && window.RS_MODULES.modules!==undefined && window.RS_MODULES.modules[\"revslider1201\"]!==undefined) {window.RS_MODULES.modules[\"revslider1201\"].once = false;window.revapi120 = undefined;if (window.RS_MODULES.checkMinimal!==undefined) window.RS_MODULES.checkMinimal()}\n\t\t\t\t<\/script>\n\t\t\t<\/rs-module-wrap>\n\t\t\t<!-- END REVOLUTION SLIDER -->\n[\/vc_column][\/vc_row][vc_row gap=&#8221;35&#8243; css=&#8221;.vc_custom_1756995579493{padding-top: 100px !important;padding-right: 40px !important;padding-bottom: 50px !important;}&#8221;][vc_column width=&#8221;1\/6&#8243;][\/vc_column][vc_column width=&#8221;2\/3&#8243;][vc_custom_heading text=&#8221;Dandle\u00ae WRAP Stretch&#8221; font_container=&#8221;tag:h2|font_size:42|text_align:center|color:%2300AEEF&#8221; google_fonts=&#8221;font_family:Roboto%3A100%2C100italic%2C300%2C300italic%2Cregular%2Citalic%2C500%2C500italic%2C700%2C700italic%2C900%2C900italic|font_style:700%20bold%20regular%3A700%3Anormal&#8221; css=&#8221;&#8221;][vc_custom_heading text=&#8221;Soutien dynamique \u00e0 l&#8217;emmaillotage pour les b\u00e9b\u00e9s de toutes tailles&#8221; font_container=&#8221;tag:h2|font_size:24|text_align:center|color:%23F68831&#8243; google_fonts=&#8221;font_family:Roboto%3A100%2C100italic%2C300%2C300italic%2Cregular%2Citalic%2C500%2C500italic%2C700%2C700italic%2C900%2C900italic|font_style:700%20bold%20regular%3A700%3Anormal&#8221; css=&#8221;&#8221;][vc_custom_heading text=&#8221;Brevets am\u00e9ricains : 9,332,791, 9,474,669, 9,820,907&#8243; font_container=&#8221;tag:h2|font_size:14|text_align:center|color:%23A1A1A1|line_height:0&#8243; google_fonts=&#8221;font_family:Roboto%3A100%2C100italic%2C300%2C300italic%2Cregular%2Citalic%2C500%2C500italic%2C700%2C700italic%2C900%2C900italic|font_style:400%20regular%3A400%3Anormal&#8221; css=&#8221;&#8221;][vc_column_text css=&#8221;.vc_custom_1761594629036{margin-bottom: 15px !important;padding-top: 20px !important;}&#8221;]\n<p style=\"text-align: left;\">Le Dandle WRAP Stretch permet aux nourrissons de tous \u00e2ges et de toutes tailles d&#8217;\u00eatre maintenus en toute s\u00e9curit\u00e9 dans une position m\u00e9diane, fl\u00e9chie, semblable \u00e0 celle d&#8217;un ut\u00e9rus, qui favorise l&#8217;apaisement et les comportements d&#8217;autor\u00e9gulation.<\/p>\n[\/vc_column_text][\/vc_column][vc_column width=&#8221;1\/6&#8243;][\/vc_column][\/vc_row][vc_row full_width=&#8221;stretch_row&#8221; gap=&#8221;35&#8243; content_placement=&#8221;top&#8221; css=&#8221;.vc_custom_1761586611581{margin-left: 0px !important;background-color: #ffffff !important;}&#8221; el_id=&#8221;aeramaxproii&#8221;][vc_column width=&#8221;1\/2&#8243; css=&#8221;.vc_custom_1740423795327{padding-right: 50px !important;}&#8221;][vc_single_image image=&#8221;13306&#8243; img_size=&#8221;full&#8221; alignment=&#8221;center&#8221; onclick=&#8221;link_image&#8221; css=&#8221;&#8221;][\/vc_column][vc_column width=&#8221;1\/2&#8243;][vc_custom_heading text=&#8221;Le Dandle WRAP Stretch&#8221; font_container=&#8221;tag:h2|font_size:32|text_align:left|color:%2300AEEF&#8221; google_fonts=&#8221;font_family:Roboto%3A100%2C100italic%2C300%2C300italic%2Cregular%2Citalic%2C500%2C500italic%2C700%2C700italic%2C900%2C900italic|font_style:700%20bold%20regular%3A700%3Anormal&#8221; css=&#8221;&#8221;][vc_row_inner css=&#8221;.vc_custom_1739383297396{margin-bottom: 0px !important;}&#8221;][vc_column_inner][vc_column_text css=&#8221;&#8221;]\n<ul>\n<li style=\"list-style-type: none;\">\n<ul>\n<li>Permet la libert\u00e9 de mouvement et fournit un recul jusqu&#8217;\u00e0 la flexion de la ligne m\u00e9diane, en utilisant un tissu extensible \u00e0 trois voies de haute performance.<\/li>\n<li>Maintient le b\u00e9b\u00e9 en toute s\u00e9curit\u00e9 et maintient la flexion des membres inf\u00e9rieurs gr\u00e2ce \u00e0 la conception brevet\u00e9e de la poche.<\/li>\n<li>Soutient les \u00e9paules en flexion gr\u00e2ce \u00e0 de larges ailes qui encouragent les comportements d&#8217;autor\u00e9gulation main-bouche.<\/li>\n<li>Respire et \u00e9vacue l&#8217;humidit\u00e9 de la peau, ce qui le rend id\u00e9al pour les b\u00e9b\u00e9s agit\u00e9s ou ceux qui souffrent de NAS<\/li>\n<li>Supporte les lignes et les tubes gr\u00e2ce \u00e0 des ouvertures strat\u00e9giquement plac\u00e9es entre la poche et les ailes.<\/li>\n<li>Aide les parents \u00e0 prendre confiance dans la prise en charge et l&#8217;alimentation<\/li>\n<li>Soutient les b\u00e9b\u00e9s tout au long de l&#8217;hospitalisation, \u00e0 la fois dans l&#8217;unit\u00e9 de soins intensifs n\u00e9onatals et dans la pouponni\u00e8re, gr\u00e2ce \u00e0 une large gamme de tailles disponibles.<\/li>\n<\/ul>\n<\/li>\n<\/ul>\n[\/vc_column_text][vc_custom_heading text=&#8221;Pourquoi le tissu haute performance est-il important ?&#8221; font_container=&#8221;tag:h2|font_size:24|text_align:left|color:%2300AEEF&#8221; google_fonts=&#8221;font_family:Roboto%3A100%2C100italic%2C300%2C300italic%2Cregular%2Citalic%2C500%2C500italic%2C700%2C700italic%2C900%2C900italic|font_style:700%20bold%20regular%3A700%3Anormal&#8221; css=&#8221;&#8221;][\/vc_column_inner][\/vc_row_inner][vc_column_text css=&#8221;&#8221;]Le tissu imprim\u00e9 caract\u00e9ristique de Dandy, extensible dans les trois sens, offre au b\u00e9b\u00e9 une exp\u00e9rience motrice et sensorielle qui le soutient et r\u00e9pond \u00e0 ses mouvements. Les b\u00e9b\u00e9s positionn\u00e9s dans le WRAP Stretch peuvent s&#8217;\u00e9tirer, bouger et se tortiller tandis que le positionneur r\u00e9pond en encourageant le recul vers un \u00e9tat de flexion et d&#8217;autor\u00e9gulation.[\/vc_column_text][vc_btn title=&#8221;Demande de devis&#8221; style=&#8221;outline-custom&#8221; outline_custom_color=&#8221;#000000&#8243; outline_custom_hover_background=&#8221;#93d500&#8243; outline_custom_hover_text=&#8221;#ffffff&#8221; shape=&#8221;square&#8221; align=&#8221;left&#8221; i_icon_fontawesome=&#8221;fas fa-dollar-sign&#8221; css=&#8221;.vc_custom_1761595669982{padding-top: 10px !important;}&#8221; add_icon=&#8221;true&#8221; link=&#8221;url:http%3A%2F%2Fnovusmedical.jzx.oms.mybluehost.me%2F%3Fpage_id%3D225|title:Contacter%20Novus|&#8221;][vc_empty_space][\/vc_column][\/vc_row][vc_row content_placement=&#8221;middle&#8221; css=&#8221;.vc_custom_1761592781640{margin-top: 50px !important;background-color: #FFFFFF !important;}&#8221;][vc_column css=&#8221;.vc_custom_1761579719263{background-color: #FFFFFF !important;}&#8221;][vc_tta_tabs style=&#8221;modern&#8221; shape=&#8221;square&#8221; color=&#8221;black&#8221; spacing=&#8221;&#8221; alignment=&#8221;center&#8221; active_section=&#8221;1&#8243; no_fill_content_area=&#8221;true&#8221; css=&#8221;.vc_custom_1761592958070{background-color: #F68831 !important;border-color: #F68831 !important;}&#8221;][vc_tta_section title=&#8221;Vid\u00e9os&#8221; tab_id=&#8221;1761577571154-0c808a05-4a2a&#8221;][vc_row_inner gap=&#8221;35&#8243; css=&#8221;.vc_custom_1761593020563{margin-right: 30px !important;padding-right: 0px !important;}&#8221;][vc_column_inner width=&#8221;1\/2&#8243;][vc_custom_heading text=&#8221;Vid\u00e9o de formation sur le WRAP Stretch de Dandle&#8221; font_container=&#8221;tag:h2|font_size:24|text_align:left|color:%23FFFFFF&#8221; google_fonts=&#8221;font_family:Roboto%3A100%2C100italic%2C300%2C300italic%2Cregular%2Citalic%2C500%2C500italic%2C700%2C700italic%2C900%2C900italic|font_style:700%20bold%20regular%3A700%3Anormal&#8221; css=&#8221;.vc_custom_1761594959336{padding-top: 20px !important;padding-left: 30px !important;}&#8221;][vc_video link=&#8221;https:\/\/vimeo.com\/563797469?fl=pl&amp;fe=vl&#8221; align=&#8221;center&#8221; css=&#8221;.vc_custom_1761594913373{padding-left: 30px !important;}&#8221;][\/vc_column_inner][vc_column_inner width=&#8221;1\/2&#8243;][vc_custom_heading text=&#8221;Vid\u00e9o sur la prise en charge du d\u00e9veloppement neurologique&#8221; font_container=&#8221;tag:h2|font_size:24|text_align:left|color:%23FFFFFF&#8221; google_fonts=&#8221;font_family:Roboto%3A100%2C100italic%2C300%2C300italic%2Cregular%2Citalic%2C500%2C500italic%2C700%2C700italic%2C900%2C900italic|font_style:700%20bold%20regular%3A700%3Anormal&#8221; css=&#8221;.vc_custom_1761592812621{padding-top: 20px !important;padding-left: 30px !important;}&#8221;][vc_video link=&#8221;https:\/\/vimeo.com\/563347317?fl=pl&amp;fe=vl&#8221; align=&#8221;center&#8221; css=&#8221;.vc_custom_1761593061674{padding-left: 30px !important;}&#8221;][\/vc_column_inner][\/vc_row_inner][\/vc_tta_section][vc_tta_section title=&#8221;Instructions et t\u00e9l\u00e9chargements&#8221; tab_id=&#8221;1761577571155-38c91111-4b18&#8243;][vc_custom_heading text=&#8221;Fiche d&#8217;information sur l&#8217;\u00e9tirement de l&#8217;enveloppe de la poign\u00e9e&#8221; font_container=&#8221;tag:h2|font_size:18|text_align:left|color:%23FFFFFF&#8221; google_fonts=&#8221;font_family:Roboto%3A100%2C100italic%2C300%2C300italic%2Cregular%2Citalic%2C500%2C500italic%2C700%2C700italic%2C900%2C900italic|font_style:400%20regular%3A400%3Anormal&#8221; css=&#8221;.vc_custom_1761595078946{margin-bottom: 0px !important;padding-left: 30px !important;}&#8221; link=&#8221;url:https%3A%2F%2Fnovusmedical.ca%2Fwp-content%2Fuploads%2F2025%2F10%2FDandle-WRAP_Info-Sheet_Rev7-0323.pdf|target:_blank|&#8221;][vc_custom_heading text=&#8221;Instructions en images pour l&#8217;\u00e9tirement de l&#8217;enroulement de la poign\u00e9e&#8221; font_container=&#8221;tag:h2|font_size:18|text_align:left|color:%23FFFFFF&#8221; google_fonts=&#8221;font_family:Roboto%3A100%2C100italic%2C300%2C300italic%2Cregular%2Citalic%2C500%2C500italic%2C700%2C700italic%2C900%2C900italic|font_style:400%20regular%3A400%3Anormal&#8221; css=&#8221;.vc_custom_1761595099947{margin-bottom: 0px !important;padding-left: 30px !important;}&#8221; link=&#8221;url:https%3A%2F%2Fnovusmedical.ca%2Fwp-content%2Fuploads%2F2025%2F10%2FDandle-WRAP-Stretch_Pictorial-Instructions_Rev2-0325.pdf|target:_blank|&#8221;][vc_custom_heading text=&#8221;Mode d&#8217;emploi du Dandle Wrap Stretch &#8211; anglais&#8221; font_container=&#8221;tag:h2|font_size:18|text_align:left|color:%23FFFFFF&#8221; google_fonts=&#8221;font_family:Roboto%3A100%2C100italic%2C300%2C300italic%2Cregular%2Citalic%2C500%2C500italic%2C700%2C700italic%2C900%2C900italic|font_style:400%20regular%3A400%3Anormal&#8221; css=&#8221;.vc_custom_1761595157469{margin-bottom: 0px !important;padding-left: 30px !important;}&#8221; link=&#8221;url:https%3A%2F%2Fnovusmedical.ca%2Fwp-content%2Fuploads%2F2025%2F10%2FDandle-WRAP_IFU_Rev6-0325.pdf|target:_blank|&#8221;][vc_custom_heading text=&#8221;Aides au positionnement pour le d\u00e9veloppement neurologique (Livre blanc publi\u00e9 par la National Association of Neonatal Therapists)&#8221; font_container=&#8221;tag:h2|font_size:18|text_align:left|color:%23FFFFFF&#8221; google_fonts=&#8221;font_family:Roboto%3A100%2C100italic%2C300%2C300italic%2Cregular%2Citalic%2C500%2C500italic%2C700%2C700italic%2C900%2C900italic|font_style:400%20regular%3A400%3Anormal&#8221; css=&#8221;.vc_custom_1761595176178{margin-bottom: 0px !important;padding-left: 30px !important;}&#8221; link=&#8221;url:https%3A%2F%2Fnovusmedical.ca%2Fwp-content%2Fuploads%2F2025%2F10%2FNANT_DevelopmentMatters2020-2.pdf|target:_blank|&#8221;][vc_custom_heading text=&#8221;Positionnement neurod\u00e9veloppemental : Cause et effet (Livre blanc publi\u00e9 par DandleLION Medical)&#8221; font_container=&#8221;tag:h2|font_size:18|text_align:left|color:%23FFFFFF&#8221; google_fonts=&#8221;font_family:Roboto%3A100%2C100italic%2C300%2C300italic%2Cregular%2Citalic%2C500%2C500italic%2C700%2C700italic%2C900%2C900italic|font_style:400%20regular%3A400%3Anormal&#8221; css=&#8221;.vc_custom_1761595191107{margin-bottom: 0px !important;padding-left: 30px !important;}&#8221; link=&#8221;url:https%3A%2F%2Fnovusmedical.ca%2Fwp-content%2Fuploads%2F2025%2F10%2FNeurodevelopment-Positioning-White-Paper-1.pdf|target:_blank|&#8221;][vc_custom_heading text=&#8221;Bregje E van Sleuwen et al. (2007), Swaddling : A Systematic Review, Pediatrics, 120 (4) ; pp. e1097-1106.&#8221; font_container=&#8221;tag:h2|font_size:18|text_align:left|color:%23FFFFFF&#8221; google_fonts=&#8221;font_family:Roboto%3A100%2C100italic%2C300%2C300italic%2Cregular%2Citalic%2C500%2C500italic%2C700%2C700italic%2C900%2C900italic|font_style:400%20regular%3A400%3Anormal&#8221; css=&#8221;.vc_custom_1761595232951{margin-bottom: 0px !important;padding-left: 30px !important;}&#8221; link=&#8221;url:https%3A%2F%2Fnovusmedical.ca%2Fwp-content%2Fuploads%2F2025%2F10%2FA-Protocol-for-Swaddled-Bathing-in-the-NICU-Quraishy-Bowles-Moore-NINR-13-2013.pdf|target:_blank|&#8221;][vc_custom_heading text=&#8221;Instructions de lavage&#8221; font_container=&#8221;tag:h2|font_size:18|text_align:left|color:%23FFFFFF&#8221; google_fonts=&#8221;font_family:Roboto%3A100%2C100italic%2C300%2C300italic%2Cregular%2Citalic%2C500%2C500italic%2C700%2C700italic%2C900%2C900italic|font_style:400%20regular%3A400%3Anormal&#8221; css=&#8221;.vc_custom_1761586115322{margin-bottom: 0px !important;padding-left: 30px !important;}&#8221; link=&#8221;url:https%3A%2F%2Fnovusmedical.ca%2Fwp-content%2Fuploads%2F2025%2F10%2FLaundry-Guidelines-9.24-1.pdf|target:_blank|&#8221;][\/vc_tta_section][\/vc_tta_tabs][\/vc_column][\/vc_row][vc_row][vc_column][vc_custom_heading text=&#8221;Photos du produit&#8221; font_container=&#8221;tag:h2|font_size:24|text_align:left|color:%2300AEEF&#8221; google_fonts=&#8221;font_family:Roboto%3A100%2C100italic%2C300%2C300italic%2Cregular%2Citalic%2C500%2C500italic%2C700%2C700italic%2C900%2C900italic|font_style:700%20bold%20regular%3A700%3Anormal&#8221; css=&#8221;.vc_custom_1761580903859{margin-top: 100px !important;}&#8221;][\/vc_column][\/vc_row][vc_row css=&#8221;.vc_custom_1761580875225{margin-top: 0px !important;}&#8221;][vc_column width=&#8221;1\/3&#8243;][vc_single_image image=&#8221;13321&#8243; img_size=&#8221;large&#8221; alignment=&#8221;center&#8221; onclick=&#8221;link_image&#8221; css=&#8221;&#8221;][\/vc_column][vc_column width=&#8221;1\/3&#8243;][vc_single_image image=&#8221;13323&#8243; img_size=&#8221;large&#8221; alignment=&#8221;center&#8221; onclick=&#8221;link_image&#8221; css=&#8221;&#8221;][\/vc_column][vc_column width=&#8221;1\/3&#8243;][vc_single_image image=&#8221;13325&#8243; img_size=&#8221;large&#8221; alignment=&#8221;center&#8221; onclick=&#8221;link_image&#8221; css=&#8221;&#8221;][\/vc_column][\/vc_row][vc_row][vc_column width=&#8221;1\/3&#8243;][vc_single_image image=&#8221;13327&#8243; img_size=&#8221;large&#8221; alignment=&#8221;center&#8221; onclick=&#8221;link_image&#8221; css=&#8221;&#8221;][\/vc_column][vc_column width=&#8221;1\/3&#8243;][vc_single_image image=&#8221;13329&#8243; img_size=&#8221;large&#8221; alignment=&#8221;center&#8221; onclick=&#8221;link_image&#8221; css=&#8221;&#8221;][\/vc_column][vc_column width=&#8221;1\/3&#8243;][vc_single_image image=&#8221;13333&#8243; img_size=&#8221;large&#8221; alignment=&#8221;center&#8221; onclick=&#8221;link_image&#8221; css=&#8221;&#8221;][\/vc_column][\/vc_row][vc_row][vc_column width=&#8221;1\/3&#8243;][vc_single_image image=&#8221;13335&#8243; img_size=&#8221;large&#8221; alignment=&#8221;center&#8221; onclick=&#8221;link_image&#8221; css=&#8221;&#8221;][\/vc_column][vc_column width=&#8221;1\/3&#8243;][vc_single_image image=&#8221;13339&#8243; img_size=&#8221;large&#8221; alignment=&#8221;center&#8221; onclick=&#8221;link_image&#8221; css=&#8221;&#8221;][\/vc_column][vc_column width=&#8221;1\/3&#8243;][vc_single_image image=&#8221;13337&#8243; img_size=&#8221;large&#8221; alignment=&#8221;center&#8221; onclick=&#8221;link_image&#8221; css=&#8221;&#8221;][\/vc_column][\/vc_row][vc_row full_width=&#8221;stretch_row&#8221; css=&#8221;.vc_custom_1761580836056{margin-top: 100px !important;margin-bottom: -60px !important;border-bottom-width: 0px !important;padding-top: 75px !important;padding-bottom: 30px !important;background-image: url(https:\/\/novusmedical.ca\/wp-content\/uploads\/2021\/12\/Background-image-for-Web.png?id=7770) !important;background-position: center !important;background-repeat: no-repeat !important;background-size: cover !important;}&#8221;][vc_column width=&#8221;1\/3&#8243;][vc_single_image image=&#8221;9859&#8243; img_size=&#8221;large&#8221; alignment=&#8221;center&#8221;][vc_empty_space height=&#8221;5px&#8221;][\/vc_column][vc_column width=&#8221;2\/3&#8243; css=&#8221;.vc_custom_1640295263973{margin-left: 35px !important;}&#8221;][vc_empty_space height=&#8221;5px&#8221;][vc_custom_heading text=&#8221;Notre catalogue de produits n\u00e9onatals !&#8221; font_container=&#8221;tag:h2|font_size:34|text_align:left|color:%2395c93d&#8221; google_fonts=&#8221;font_family:Roboto%3A100%2C100italic%2C300%2C300italic%2Cregular%2Citalic%2C500%2C500italic%2C700%2C700italic%2C900%2C900italic|font_style:900%20bold%20regular%3A900%3Anormal&#8221;][vc_custom_heading text=&#8221;Nous avons d\u00e9velopp\u00e9 notre syst\u00e8me d&#8217;information Novus Medical Inc. Le catalogue de soins pour nourrissons pr\u00e9sente et fournit tous nos produits n\u00e9onatals dans un seul PDF t\u00e9l\u00e9chargeable.&#8221; font_container=&#8221;tag:h2|font_size:18|text_align:left|color:%23ffffff|line_height:1.5&#8243; google_fonts=&#8221;font_family:Roboto%3A100%2C100italic%2C300%2C300italic%2Cregular%2Citalic%2C500%2C500italic%2C700%2C700italic%2C900%2C900italic|font_style:400%20regular%3A400%3Anormal&#8221;][vc_empty_space height=&#8221;5px&#8221;][vc_row_inner][vc_column_inner width=&#8221;1\/4&#8243;][vc_btn title=&#8221;Voir l&#8217;anglais&#8221; style=&#8221;outline-custom&#8221; outline_custom_color=&#8221;#ffffff&#8221; outline_custom_hover_background=&#8221;#93d500&#8243; outline_custom_hover_text=&#8221;#000000&#8243; shape=&#8221;square&#8221; align=&#8221;left&#8221; i_icon_fontawesome=&#8221;fas fa-book-open&#8221; add_icon=&#8221;true&#8221; link=&#8221;url:https%3A%2F%2Fnovusmedical.ca%2Fneonatal-catalogue%2F|title:Catalogue%20soins%20pour%20nourrissons|&#8221;][\/vc_column_inner][vc_column_inner width=&#8221;1\/4&#8243;][vc_btn title=&#8221;T\u00e9l\u00e9charger l&#8217;anglais&#8221; style=&#8221;outline-custom&#8221; outline_custom_color=&#8221;#ffffff&#8221; outline_custom_hover_background=&#8221;#93d500&#8243; outline_custom_hover_text=&#8221;#000000&#8243; shape=&#8221;square&#8221; align=&#8221;left&#8221; link=&#8221;url:https%3A%2F%2Fnovusmedical.ca%2Fwp-content%2Fuploads%2F2022%2F01%2F122321_NM_NeoNatalCatalogue.pdf|target:_blank|&#8221;][\/vc_column_inner][vc_column_inner width=&#8221;1\/4&#8243;][vc_btn title=&#8221;Voir le fran\u00e7ais&#8221; style=&#8221;outline-custom&#8221; outline_custom_color=&#8221;#ffffff&#8221; outline_custom_hover_background=&#8221;#93d500&#8243; outline_custom_hover_text=&#8221;#000000&#8243; shape=&#8221;square&#8221; align=&#8221;left&#8221; i_icon_fontawesome=&#8221;fas fa-book-open&#8221; add_icon=&#8221;true&#8221; link=&#8221;url:https%3A%2F%2Fnovusmedical.ca%2Ffr%2Fcatalogue-neonatal-fr%2F|title:Catalogue%20soins%20pour%20nourrissons|&#8221;][\/vc_column_inner][vc_column_inner width=&#8221;1\/4&#8243;][vc_btn title=&#8221;T\u00e9l\u00e9charger le fran\u00e7ais&#8221; style=&#8221;outline-custom&#8221; outline_custom_color=&#8221;#ffffff&#8221; outline_custom_hover_background=&#8221;#93d500&#8243; outline_custom_hover_text=&#8221;#000000&#8243; shape=&#8221;square&#8221; align=&#8221;left&#8221; link=&#8221;url:https%3A%2F%2Fnovusmedical.ca%2Fwp-content%2Fuploads%2F2022%2F09%2FNM_FR_NeoNatalCatalogue_Lores.pdf|target:_blank|&#8221;][\/vc_column_inner][\/vc_row_inner][\/vc_column][\/vc_row]\n<\/div>","protected":false},"excerpt":{"rendered":"<p>[vc_row css=&#8221;.vc_custom_1761586664265{margin-top: -50px !important;margin-bottom: 15px !important;}&#8221;][vc_column][\/vc_column][\/vc_row][vc_row gap=&#8221;35&#8243; css=&#8221;.vc_custom_1756995579493{padding-top: 100px !important;padding-right: 40px !important;padding-bottom: 50px !important;}&#8221;][vc_column width=&#8221;1\/6&#8243;][\/vc_column][vc_column width=&#8221;2\/3&#8243;][vc_custom_heading text=&#8221;Dandle\u00ae WRAP Stretch&#8221; font_container=&#8221;tag:h2|font_size:42|text_align:center|color:%2300AEEF&#8221; [&hellip;]<\/p>\n","protected":false},"author":2,"featured_media":13007,"parent":13740,"menu_order":0,"comment_status":"closed","ping_status":"closed","template":"","meta":{"om_disable_all_campaigns":false,"_monsterinsights_skip_tracking":false,"_monsterinsights_sitenote_active":false,"_monsterinsights_sitenote_note":"","_monsterinsights_sitenote_category":0,"footnotes":""},"class_list":["post-13769","page","type-page","status-publish","has-post-thumbnail","hentry"],"jetpack_sharing_enabled":true,"_links":{"self":[{"href":"https:\/\/novusmedical.ca\/fr\/wp-json\/wp\/v2\/pages\/13769","targetHints":{"allow":["GET"]}}],"collection":[{"href":"https:\/\/novusmedical.ca\/fr\/wp-json\/wp\/v2\/pages"}],"about":[{"href":"https:\/\/novusmedical.ca\/fr\/wp-json\/wp\/v2\/types\/page"}],"author":[{"embeddable":true,"href":"https:\/\/novusmedical.ca\/fr\/wp-json\/wp\/v2\/users\/2"}],"replies":[{"embeddable":true,"href":"https:\/\/novusmedical.ca\/fr\/wp-json\/wp\/v2\/comments?post=13769"}],"version-history":[{"count":5,"href":"https:\/\/novusmedical.ca\/fr\/wp-json\/wp\/v2\/pages\/13769\/revisions"}],"predecessor-version":[{"id":13775,"href":"https:\/\/novusmedical.ca\/fr\/wp-json\/wp\/v2\/pages\/13769\/revisions\/13775"}],"up":[{"embeddable":true,"href":"https:\/\/novusmedical.ca\/fr\/wp-json\/wp\/v2\/pages\/13740"}],"wp:featuredmedia":[{"embeddable":true,"href":"https:\/\/novusmedical.ca\/fr\/wp-json\/wp\/v2\/media\/13007"}],"wp:attachment":[{"href":"https:\/\/novusmedical.ca\/fr\/wp-json\/wp\/v2\/media?parent=13769"}],"curies":[{"name":"wp","href":"https:\/\/api.w.org\/{rel}","templated":true}]}}