{"id":12926,"date":"2025-09-04T15:09:02","date_gmt":"2025-09-04T15:09:02","guid":{"rendered":"https:\/\/novusmedical.ca\/rapidaid\/warmcoolbreastcompress\/"},"modified":"2025-09-30T17:55:33","modified_gmt":"2025-09-30T17:55:33","slug":"compresse-chaude-et-froide-pour-les-seins","status":"publish","type":"page","link":"https:\/\/novusmedical.ca\/fr\/rapidaid\/compresse-chaude-et-froide-pour-les-seins\/","title":{"rendered":"Compresse chaude et froide pour les seins"},"content":{"rendered":"<div class=\"wpb-content-wrapper\">[vc_row css=&#8221;.vc_custom_1739905192786{margin-top: -50px !important;margin-bottom: 50px !important;}&#8221;][vc_column]\n\t\t\t<!-- START RapidAid Manu FR REVOLUTION SLIDER 6.6.9 --><p class=\"rs-p-wp-fix\"><\/p>\n\t\t\t<rs-module-wrap id=\"rev_slider_117_1_wrapper\" data-source=\"gallery\" style=\"visibility:hidden;background:transparent;padding:0;margin:0px auto;margin-top:0;margin-bottom:0;\">\n\t\t\t\t<rs-module id=\"rev_slider_117_1\" style=\"\" data-version=\"6.6.9\">\n\t\t\t\t\t<rs-slides style=\"overflow: hidden; position: absolute;\">\n\t\t\t\t\t\t<rs-slide style=\"position: absolute;\" data-key=\"rs-184\" data-title=\"rpap\" data-anim=\"adpr:false;\" data-in=\"o:0;\" data-out=\"a:false;\">\n\t\t\t\t\t\t\t<img data-recalc-dims=\"1\" decoding=\"async\" src=\"https:\/\/i0.wp.com\/novusmedical.ca\/wp-content\/plugins\/revslider\/public\/assets\/assets\/dummy.png?resize=2000%2C443\" alt=\"\" title=\"hotcoldbackground\" width=\"2000\" height=\"443\" class=\"rev-slidebg tp-rs-img rs-lazyload\" data-lazyload=\"\/\/novusmedical.ca\/wp-content\/uploads\/2025\/09\/hotcoldbackground.png\" data-no-retina>\n<!--\n\t\t\t\t\t\t\t--><rs-layer\n\t\t\t\t\t\t\t\tid=\"slider-117-slide-184-layer-0\" \n\t\t\t\t\t\t\t\tdata-type=\"text\"\n\t\t\t\t\t\t\t\tdata-color=\"#fff\"\n\t\t\t\t\t\t\t\tdata-rsp_ch=\"on\"\n\t\t\t\t\t\t\t\tdata-xy=\"x:c;y:483px;\"\n\t\t\t\t\t\t\t\tdata-text=\"w:normal;s:40;l:50;ls:3px;fw:700;\"\n\t\t\t\t\t\t\t\tdata-dim=\"minh:0px;\"\n\t\t\t\t\t\t\t\tdata-frame_999=\"o:0;st:w;\"\n\t\t\t\t\t\t\t\tstyle=\"z-index:7;font-family:'Roboto';text-transform:uppercase;\"\n\t\t\t\t\t\t\t>Maman et b\u00e9b\u00e9 \n\t\t\t\t\t\t\t<\/rs-layer><!--\n\n\t\t\t\t\t\t\t--><rs-layer\n\t\t\t\t\t\t\t\tid=\"slider-117-slide-184-layer-4\" \n\t\t\t\t\t\t\t\tdata-type=\"image\"\n\t\t\t\t\t\t\t\tdata-rsp_ch=\"on\"\n\t\t\t\t\t\t\t\tdata-xy=\"x:c;y:237px;\"\n\t\t\t\t\t\t\t\tdata-text=\"w:normal;\"\n\t\t\t\t\t\t\t\tdata-dim=\"w:586px;h:219px;\"\n\t\t\t\t\t\t\t\tdata-frame_999=\"o:0;st:w;\"\n\t\t\t\t\t\t\t\tstyle=\"z-index:6;\"\n\t\t\t\t\t\t\t><img data-recalc-dims=\"1\" decoding=\"async\" src=\"https:\/\/i0.wp.com\/novusmedical.ca\/wp-content\/plugins\/revslider\/public\/assets\/assets\/dummy.png?resize=1366%2C511\" alt=\"\" class=\"tp-rs-img rs-lazyload\" width=\"1366\" height=\"511\" data-lazyload=\"\/\/novusmedical.ca\/wp-content\/uploads\/2025\/09\/rapidaidlogowhite.png\" data-no-retina> \n\t\t\t\t\t\t\t<\/rs-layer><!--\n-->\t\t\t\t\t\t<\/rs-slide>\n\t\t\t\t\t<\/rs-slides>\n\t\t\t\t<\/rs-module>\n\t\t\t\t<script>\n\t\t\t\t\tsetREVStartSize({c: 'rev_slider_117_1',rl:[1240,1024,778,480],el:[700],gw:[1240],gh:[700],type:'standard',justify:'',layout:'fullwidth',mh:\"0\"});if (window.RS_MODULES!==undefined && window.RS_MODULES.modules!==undefined && window.RS_MODULES.modules[\"revslider1171\"]!==undefined) {window.RS_MODULES.modules[\"revslider1171\"].once = false;window.revapi117 = undefined;if (window.RS_MODULES.checkMinimal!==undefined) window.RS_MODULES.checkMinimal()}\n\t\t\t\t<\/script>\n\t\t\t<\/rs-module-wrap>\n\t\t\t<!-- END REVOLUTION SLIDER -->\n[\/vc_column][\/vc_row][vc_row gap=&#8221;35&#8243; css=&#8221;.vc_custom_1756995579493{padding-top: 100px !important;padding-right: 40px !important;padding-bottom: 50px !important;}&#8221;][vc_column width=&#8221;1\/6&#8243;][\/vc_column][vc_column width=&#8221;2\/3&#8243;][vc_single_image image=&#8221;12835&#8243; img_size=&#8221;medium&#8221; alignment=&#8221;center&#8221; css_animation=&#8221;bounceInUp&#8221; css=&#8221;&#8221;][vc_custom_heading text=&#8221;Compresses d&#8217;allaitement chaudes et froides de qualit\u00e9 sup\u00e9rieure&#8221; font_container=&#8221;tag:h2|font_size:24|text_align:center|color:%2324579A&#8221; google_fonts=&#8221;font_family:Roboto%3A100%2C100italic%2C300%2C300italic%2Cregular%2Citalic%2C500%2C500italic%2C700%2C700italic%2C900%2C900italic|font_style:700%20bold%20regular%3A700%3Anormal&#8221; css=&#8221;&#8221;][vc_column_text css=&#8221;.vc_custom_1756998611749{margin-bottom: 15px !important;}&#8221;]\n<p style=\"text-align: left;\">Notre Premium Warm &amp; Cool Gel Breast Compress d\u00e9livre une th\u00e9rapie chaude et froide pour aider \u00e0 soulager la douleur et l&#8217;inconfort dans la r\u00e9gion du sein. Elle est \u00e9galement dot\u00e9e de notre mat\u00e9riau non tiss\u00e9 Gentle Touch&#x2122; qui peut \u00eatre appliqu\u00e9 directement sur le sein, \u00e9liminant ainsi le besoin d&#8217;une serviette ou d&#8217;une housse de protection. Utilis\u00e9e de pr\u00e9f\u00e9rence pendant l&#8217;allaitement, notre compresse apporte \u00e9galement du confort apr\u00e8s une intervention chirurgicale, facilitant ainsi le r\u00e9tablissement.<\/p>\n[\/vc_column_text][\/vc_column][vc_column width=&#8221;1\/6&#8243;][\/vc_column][\/vc_row][vc_row full_width=&#8221;stretch_row&#8221; gap=&#8221;35&#8243; content_placement=&#8221;top&#8221; css=&#8221;.vc_custom_1632332984655{margin-right: 30px !important;margin-left: 0px !important;background-color: #ffffff !important;}&#8221; el_id=&#8221;aeramaxproii&#8221;][vc_column width=&#8221;1\/2&#8243; css=&#8221;.vc_custom_1740423795327{padding-right: 50px !important;}&#8221;][vc_single_image image=&#8221;12824&#8243; img_size=&#8221;full&#8221; onclick=&#8221;link_image&#8221; css=&#8221;&#8221;][vc_row_inner css=&#8221;.vc_custom_1756999157999{margin-bottom: -30px !important;}&#8221;][vc_column_inner width=&#8221;1\/6&#8243;][\/vc_column_inner][vc_column_inner width=&#8221;1\/6&#8243;][vc_single_image image=&#8221;12871&#8243; css=&#8221;&#8221;][\/vc_column_inner][vc_column_inner width=&#8221;1\/6&#8243;][vc_single_image image=&#8221;12877&#8243; css=&#8221;&#8221;][\/vc_column_inner][vc_column_inner width=&#8221;1\/6&#8243;][vc_single_image image=&#8221;12875&#8243; css=&#8221;&#8221;][\/vc_column_inner][vc_column_inner width=&#8221;1\/6&#8243;][vc_single_image image=&#8221;12873&#8243; css=&#8221;&#8221;][\/vc_column_inner][vc_column_inner width=&#8221;1\/6&#8243;][\/vc_column_inner][\/vc_row_inner][\/vc_column][vc_column width=&#8221;1\/2&#8243; css=&#8221;.vc_custom_1632333011420{margin-left: 35px !important;}&#8221;][vc_empty_space height=&#8221;30x&#8221;][vc_custom_heading text=&#8221;B\u00e9n\u00e9fices du produit&#8221; font_container=&#8221;tag:h2|font_size:24|text_align:left|color:%2324579A&#8221; google_fonts=&#8221;font_family:Roboto%3A100%2C100italic%2C300%2C300italic%2Cregular%2Citalic%2C500%2C500italic%2C700%2C700italic%2C900%2C900italic|font_style:700%20bold%20regular%3A700%3Anormal&#8221; css=&#8221;&#8221;][vc_row_inner css=&#8221;.vc_custom_1739383297396{margin-bottom: 0px !important;}&#8221;][vc_column_inner][vc_column_text css=&#8221;&#8221;]<strong>TH\u00c9RAPIE CHAUDE SOULAGEMENT<\/strong><\/p>\n<ul>\n<li style=\"list-style-type: none;\">\n<ul>\n<li><strong>Aide \u00e0 la descente du lait :<\/strong> Utilis\u00e9 avec un tire-lait, il r\u00e9duit le temps pass\u00e9 \u00e0 tirer le lait.<\/li>\n<li><strong>Favorise le processus de lactation :<\/strong> Aide en cas de canaux obstru\u00e9s et de mastite<\/li>\n<\/ul>\n<\/li>\n<\/ul>\n<p>&nbsp;<\/p>\n<p><strong>TH\u00c9RAPIE PAR LA FRA\u00ceCHEUR<\/strong><\/p>\n<ul>\n<li style=\"list-style-type: none;\">\n<ul>\n<li><strong>R\u00e9duit les gonflements et les ecchymoses :<\/strong> Aide \u00e0 soulager la douleur en r\u00e9duisant le flux sanguin dans la r\u00e9gion.<\/li>\n<li><strong>R\u00e9duit la zone douloureuse :<\/strong> Agit efficacement pour r\u00e9duire la douleur<\/li>\n<\/ul>\n<\/li>\n<\/ul>\n[\/vc_column_text][vc_custom_heading text=&#8221;Caract\u00e9ristiques&#8221; font_container=&#8221;tag:h2|font_size:24|text_align:left|color:%2324579A&#8221; google_fonts=&#8221;font_family:Roboto%3A100%2C100italic%2C300%2C300italic%2Cregular%2Citalic%2C500%2C500italic%2C700%2C700italic%2C900%2C900italic|font_style:700%20bold%20regular%3A700%3Anormal&#8221; css=&#8221;&#8221;][\/vc_column_inner][\/vc_row_inner][vc_column_text css=&#8221;&#8221;]\n<ul>\n<li style=\"list-style-type: none;\">\n<ul>\n<li>D\u00e9livre environ 1\u00b0C\/34\u00b0F de th\u00e9rapie par le froid lorsqu&#8217;il est conserv\u00e9 au cong\u00e9lateur et 42\u00b0C\/108\u00b0F lorsqu&#8217;il est pass\u00e9 au micro-ondes.<\/li>\n<li>Mat\u00e9riau Gentle Touch&#x2122; pour une application directe sur la peau.<\/li>\n<li>Flexible\/moulable, m\u00eame \u00e0 l&#8217;\u00e9tat congel\u00e9<\/li>\n<li>Taille : 7\u2033 (18cm)<\/li>\n<\/ul>\n<\/li>\n<\/ul>\n[\/vc_column_text][vc_btn title=&#8221;Fiche de vente&#8221; style=&#8221;outline-custom&#8221; outline_custom_color=&#8221;#000000&#8243; outline_custom_hover_background=&#8221;#93d500&#8243; outline_custom_hover_text=&#8221;#ffffff&#8221; shape=&#8221;square&#8221; align=&#8221;left&#8221; i_icon_fontawesome=&#8221;fas fa-book-medical&#8221; css=&#8221;&#8221; add_icon=&#8221;true&#8221; link=&#8221;url:https%3A%2F%2Fnovusmedical.ca%2Fwp-content%2Fuploads%2F2025%2F09%2FPremium-WarmCool-Breast-Compress.pdf|target:_blank|&#8221;][vc_btn title=&#8221;Fiche de donn\u00e9es de s\u00e9curit\u00e9 (FDS) &#8211; Gel chaud et froid r\u00e9utilisable&#8221; style=&#8221;outline-custom&#8221; outline_custom_color=&#8221;#000000&#8243; outline_custom_hover_background=&#8221;#93d500&#8243; outline_custom_hover_text=&#8221;#ffffff&#8221; shape=&#8221;square&#8221; align=&#8221;left&#8221; i_icon_fontawesome=&#8221;fas fa-book-medical&#8221; css=&#8221;&#8221; add_icon=&#8221;true&#8221; link=&#8221;url:https%3A%2F%2Fnovusmedical.ca%2Fwp-content%2Fuploads%2F2025%2F09%2FReusable-Hot-and-Cold-Gel.pdf|target:_blank|&#8221;][vc_btn title=&#8221;Acheter&#8221; style=&#8221;outline-custom&#8221; outline_custom_color=&#8221;#000000&#8243; outline_custom_hover_background=&#8221;#93d500&#8243; outline_custom_hover_text=&#8221;#ffffff&#8221; shape=&#8221;square&#8221; align=&#8221;left&#8221; i_icon_fontawesome=&#8221;fas fa-dollar-sign&#8221; css=&#8221;&#8221; add_icon=&#8221;true&#8221; link=&#8221;url:http%3A%2F%2Fnovusmedical.jzx.oms.mybluehost.me%2F%3Fpage_id%3D225|title:Contacter%20Novus|&#8221;][\/vc_column][\/vc_row][vc_row][vc_column][vc_separator border_width=&#8221;2&#8243; css=&#8221;.vc_custom_1756996663403{padding-bottom: 50px !important;}&#8221;][\/vc_column][\/vc_row][vc_row full_width=&#8221;stretch_row&#8221; css=&#8221;.vc_custom_1756996628316{margin-bottom: -60px !important;border-bottom-width: 0px !important;padding-top: 75px !important;padding-bottom: 30px !important;background-image: url(https:\/\/novusmedical.ca\/wp-content\/uploads\/2021\/12\/Background-image-for-Web.png?id=7770) !important;background-position: center !important;background-repeat: no-repeat !important;background-size: cover !important;}&#8221;][vc_column width=&#8221;1\/3&#8243;][vc_single_image image=&#8221;7769&#8243; img_size=&#8221;large&#8221; alignment=&#8221;center&#8221;][vc_empty_space height=&#8221;5px&#8221;][\/vc_column][vc_column width=&#8221;2\/3&#8243; css=&#8221;.vc_custom_1640295263973{margin-left: 35px !important;}&#8221;][vc_empty_space height=&#8221;5px&#8221;][vc_custom_heading text=&#8221;Notre catalogue de produits n\u00e9onatals !&#8221; font_container=&#8221;tag:h2|font_size:34|text_align:left|color:%2395c93d&#8221; google_fonts=&#8221;font_family:Roboto%3A100%2C100italic%2C300%2C300italic%2Cregular%2Citalic%2C500%2C500italic%2C700%2C700italic%2C900%2C900italic|font_style:900%20bold%20regular%3A900%3Anormal&#8221;][vc_custom_heading text=&#8221;Nous avons d\u00e9velopp\u00e9 notre syst\u00e8me d&#8217;information Novus Medical Inc. Le catalogue de soins pour nourrissons pr\u00e9sente et fournit tous nos produits n\u00e9onatals dans un seul PDF t\u00e9l\u00e9chargeable.&#8221; font_container=&#8221;tag:h2|font_size:18|text_align:left|color:%23ffffff|line_height:1.5&#8243; google_fonts=&#8221;font_family:Roboto%3A100%2C100italic%2C300%2C300italic%2Cregular%2Citalic%2C500%2C500italic%2C700%2C700italic%2C900%2C900italic|font_style:400%20regular%3A400%3Anormal&#8221;][vc_empty_space height=&#8221;5px&#8221;][vc_row_inner][vc_column_inner width=&#8221;1\/4&#8243;][vc_btn title=&#8221;Voir l&#8217;anglais&#8221; style=&#8221;outline-custom&#8221; outline_custom_color=&#8221;#ffffff&#8221; outline_custom_hover_background=&#8221;#93d500&#8243; outline_custom_hover_text=&#8221;#000000&#8243; shape=&#8221;square&#8221; align=&#8221;left&#8221; i_icon_fontawesome=&#8221;fas fa-book-open&#8221; add_icon=&#8221;true&#8221; link=&#8221;url:https%3A%2F%2Fnovusmedical.ca%2Fneonatal-catalogue%2F|title:Catalogue%20soins%20pour%20nourrissons|&#8221;][\/vc_column_inner][vc_column_inner width=&#8221;1\/4&#8243;][vc_btn title=&#8221;T\u00e9l\u00e9charger l&#8217;anglais&#8221; style=&#8221;outline-custom&#8221; outline_custom_color=&#8221;#ffffff&#8221; outline_custom_hover_background=&#8221;#93d500&#8243; outline_custom_hover_text=&#8221;#000000&#8243; shape=&#8221;square&#8221; align=&#8221;left&#8221; link=&#8221;url:https%3A%2F%2Fnovusmedical.ca%2Fwp-content%2Fuploads%2F2022%2F01%2F122321_NM_NeoNatalCatalogue.pdf|target:_blank|&#8221;][\/vc_column_inner][vc_column_inner width=&#8221;1\/4&#8243;][vc_btn title=&#8221;Voir le fran\u00e7ais&#8221; style=&#8221;outline-custom&#8221; outline_custom_color=&#8221;#ffffff&#8221; outline_custom_hover_background=&#8221;#93d500&#8243; outline_custom_hover_text=&#8221;#000000&#8243; shape=&#8221;square&#8221; align=&#8221;left&#8221; i_icon_fontawesome=&#8221;fas fa-book-open&#8221; add_icon=&#8221;true&#8221; link=&#8221;url:https%3A%2F%2Fnovusmedical.ca%2Ffr%2Fcatalogue-neonatal-fr%2F|title:Catalogue%20soins%20pour%20nourrissons|&#8221;][\/vc_column_inner][vc_column_inner width=&#8221;1\/4&#8243;][vc_btn title=&#8221;T\u00e9l\u00e9charger le fran\u00e7ais&#8221; style=&#8221;outline-custom&#8221; outline_custom_color=&#8221;#ffffff&#8221; outline_custom_hover_background=&#8221;#93d500&#8243; outline_custom_hover_text=&#8221;#000000&#8243; shape=&#8221;square&#8221; align=&#8221;left&#8221; link=&#8221;url:https%3A%2F%2Fnovusmedical.ca%2Fwp-content%2Fuploads%2F2022%2F09%2FNM_FR_NeoNatalCatalogue_Lores.pdf|target:_blank|&#8221;][\/vc_column_inner][\/vc_row_inner][\/vc_column][\/vc_row]\n<\/div>","protected":false},"excerpt":{"rendered":"<p>[vc_row css=&#8221;.vc_custom_1739905192786{margin-top: -50px !important;margin-bottom: 50px !important;}&#8221;][vc_column][\/vc_column][\/vc_row][vc_row gap=&#8221;35&#8243; css=&#8221;.vc_custom_1756995579493{padding-top: 100px !important;padding-right: 40px !important;padding-bottom: 50px !important;}&#8221;][vc_column width=&#8221;1\/6&#8243;][\/vc_column][vc_column width=&#8221;2\/3&#8243;][vc_single_image image=&#8221;12835&#8243; img_size=&#8221;medium&#8221; alignment=&#8221;center&#8221; css_animation=&#8221;bounceInUp&#8221; [&hellip;]<\/p>\n","protected":false},"author":2,"featured_media":0,"parent":12911,"menu_order":0,"comment_status":"closed","ping_status":"closed","template":"","meta":{"om_disable_all_campaigns":false,"_monsterinsights_skip_tracking":false,"_monsterinsights_sitenote_active":false,"_monsterinsights_sitenote_note":"","_monsterinsights_sitenote_category":0,"footnotes":""},"class_list":["post-12926","page","type-page","status-publish","hentry"],"jetpack_sharing_enabled":true,"_links":{"self":[{"href":"https:\/\/novusmedical.ca\/fr\/wp-json\/wp\/v2\/pages\/12926","targetHints":{"allow":["GET"]}}],"collection":[{"href":"https:\/\/novusmedical.ca\/fr\/wp-json\/wp\/v2\/pages"}],"about":[{"href":"https:\/\/novusmedical.ca\/fr\/wp-json\/wp\/v2\/types\/page"}],"author":[{"embeddable":true,"href":"https:\/\/novusmedical.ca\/fr\/wp-json\/wp\/v2\/users\/2"}],"replies":[{"embeddable":true,"href":"https:\/\/novusmedical.ca\/fr\/wp-json\/wp\/v2\/comments?post=12926"}],"version-history":[{"count":3,"href":"https:\/\/novusmedical.ca\/fr\/wp-json\/wp\/v2\/pages\/12926\/revisions"}],"predecessor-version":[{"id":12947,"href":"https:\/\/novusmedical.ca\/fr\/wp-json\/wp\/v2\/pages\/12926\/revisions\/12947"}],"up":[{"embeddable":true,"href":"https:\/\/novusmedical.ca\/fr\/wp-json\/wp\/v2\/pages\/12911"}],"wp:attachment":[{"href":"https:\/\/novusmedical.ca\/fr\/wp-json\/wp\/v2\/media?parent=12926"}],"curies":[{"name":"wp","href":"https:\/\/api.w.org\/{rel}","templated":true}]}}