{"id":12700,"date":"2025-06-24T16:42:46","date_gmt":"2025-06-24T16:42:46","guid":{"rendered":"https:\/\/novusmedical.ca\/rpap\/"},"modified":"2025-06-25T15:24:21","modified_gmt":"2025-06-25T15:24:21","slug":"rpap","status":"publish","type":"page","link":"https:\/\/novusmedical.ca\/fr\/inspiration-healthcare\/rpap\/","title":{"rendered":"rpap"},"content":{"rendered":"<div class=\"wpb-content-wrapper\">[vc_row css=&#8221;.vc_custom_1739905192786{margin-top: -50px !important;margin-bottom: 50px !important;}&#8221;][vc_column]\n\t\t\t<!-- START rpap REVOLUTION SLIDER 6.6.9 --><p class=\"rs-p-wp-fix\"><\/p>\n\t\t\t<rs-module-wrap id=\"rev_slider_113_1_wrapper\" data-source=\"gallery\" style=\"visibility:hidden;background:transparent;padding:0;margin:0px auto;margin-top:0;margin-bottom:0;\">\n\t\t\t\t<rs-module id=\"rev_slider_113_1\" style=\"\" data-version=\"6.6.9\">\n\t\t\t\t\t<rs-slides style=\"overflow: hidden; position: absolute;\">\n\t\t\t\t\t\t<rs-slide style=\"position: absolute;\" data-key=\"rs-178\" data-title=\"rpap\" data-anim=\"adpr:false;\" data-in=\"o:0;\" data-out=\"a:false;\" data-mediafilter=\"reyes\">\n\t\t\t\t\t\t\t<img data-recalc-dims=\"1\" decoding=\"async\" src=\"https:\/\/i0.wp.com\/novusmedical.ca\/wp-content\/plugins\/revslider\/public\/assets\/assets\/dummy.png?resize=2000%2C1500\" alt=\"\" title=\"rpapheroimage\" width=\"2000\" height=\"1500\" class=\"rev-slidebg tp-rs-img rs-lazyload\" data-lazyload=\"\/\/novusmedical.ca\/wp-content\/uploads\/2025\/06\/rpapheroimage.png\" data-no-retina>\n<!--\n\t\t\t\t\t\t\t--><rs-layer\n\t\t\t\t\t\t\t\tid=\"slider-113-slide-178-layer-5\" \n\t\t\t\t\t\t\t\tdata-type=\"image\"\n\t\t\t\t\t\t\t\tdata-rsp_ch=\"on\"\n\t\t\t\t\t\t\t\tdata-xy=\"x:c;y:204px;\"\n\t\t\t\t\t\t\t\tdata-text=\"w:normal;\"\n\t\t\t\t\t\t\t\tdata-dim=\"w:157px;h:62px;\"\n\t\t\t\t\t\t\t\tdata-frame_999=\"o:0;st:w;\"\n\t\t\t\t\t\t\t\tstyle=\"z-index:6;\"\n\t\t\t\t\t\t\t><img data-recalc-dims=\"1\" decoding=\"async\" src=\"https:\/\/i0.wp.com\/novusmedical.ca\/wp-content\/plugins\/revslider\/public\/assets\/assets\/dummy.png?resize=437%2C172\" alt=\"\" class=\"tp-rs-img rs-lazyload\" width=\"437\" height=\"172\" data-lazyload=\"\/\/novusmedical.ca\/wp-content\/uploads\/2020\/08\/InspirationHealthcarelogo.png\" data-no-retina> \n\t\t\t\t\t\t\t<\/rs-layer><!--\n\n\t\t\t\t\t\t\t--><rs-layer\n\t\t\t\t\t\t\t\tid=\"slider-113-slide-178-layer-6\" \n\t\t\t\t\t\t\t\tdata-type=\"text\"\n\t\t\t\t\t\t\t\tdata-color=\"#000000\"\n\t\t\t\t\t\t\t\tdata-rsp_ch=\"on\"\n\t\t\t\t\t\t\t\tdata-xy=\"x:c;xo:-10px;y:269px;\"\n\t\t\t\t\t\t\t\tdata-text=\"w:normal;s:80;l:90;ls:0px;fw:800;\"\n\t\t\t\t\t\t\t\tdata-dim=\"minh:0px;\"\n\t\t\t\t\t\t\t\tdata-frame_999=\"o:0;st:w;\"\n\t\t\t\t\t\t\t\tstyle=\"z-index:7;font-family:'Poppins';\"\n\t\t\t\t\t\t\t>rPAP \n\t\t\t\t\t\t\t<\/rs-layer><!--\n\n\t\t\t\t\t\t\t--><rs-layer\n\t\t\t\t\t\t\t\tid=\"slider-113-slide-178-layer-7\" \n\t\t\t\t\t\t\t\tdata-type=\"text\"\n\t\t\t\t\t\t\t\tdata-color=\"#000000\"\n\t\t\t\t\t\t\t\tdata-rsp_ch=\"on\"\n\t\t\t\t\t\t\t\tdata-xy=\"x:714px;y:250px;\"\n\t\t\t\t\t\t\t\tdata-text=\"w:normal;s:30;l:90;ls:0px;fw:800;\"\n\t\t\t\t\t\t\t\tdata-dim=\"minh:0px;\"\n\t\t\t\t\t\t\t\tdata-frame_999=\"o:0;st:w;\"\n\t\t\t\t\t\t\t\tstyle=\"z-index:7;font-family:'Poppins';\"\n\t\t\t\t\t\t\t>TM \n\t\t\t\t\t\t\t<\/rs-layer><!--\n-->\t\t\t\t\t\t<\/rs-slide>\n\t\t\t\t\t<\/rs-slides>\n\t\t\t\t<\/rs-module>\n\t\t\t\t<script>\n\t\t\t\t\tsetREVStartSize({c: 'rev_slider_113_1',rl:[1240,1024,778,480],el:[700],gw:[1240],gh:[700],type:'standard',justify:'',layout:'fullwidth',mh:\"0\"});if (window.RS_MODULES!==undefined && window.RS_MODULES.modules!==undefined && window.RS_MODULES.modules[\"revslider1131\"]!==undefined) {window.RS_MODULES.modules[\"revslider1131\"].once = false;window.revapi113 = undefined;if (window.RS_MODULES.checkMinimal!==undefined) window.RS_MODULES.checkMinimal()}\n\t\t\t\t<\/script>\n\t\t\t<\/rs-module-wrap>\n\t\t\t<!-- END REVOLUTION SLIDER -->\n[\/vc_column][\/vc_row][vc_row css=&#8221;.vc_custom_1750781651949{padding-top: 100px !important;padding-bottom: 50px !important;}&#8221;][vc_column width=&#8221;1\/3&#8243;][vc_single_image image=&#8221;12682&#8243; img_size=&#8221;250&#215;50&#8243; css=&#8221;&#8221;][vc_custom_heading text=&#8221;Le dispositif de r\u00e9animation iWOB le moins cher&#8221; font_container=&#8221;tag:h2|font_size:32|text_align:left|color:%23FFDF00&#8243; google_fonts=&#8221;font_family:Roboto%3A100%2C100italic%2C300%2C300italic%2Cregular%2Citalic%2C500%2C500italic%2C700%2C700italic%2C900%2C900italic|font_style:900%20bold%20regular%3A900%3Anormal&#8221; css=&#8221;.vc_custom_1750781799119{padding-bottom: 10px !important;}&#8221;][vc_column_text css=&#8221;.vc_custom_1750778462993{margin-bottom: 15px !important;}&#8221;]\n<p style=\"text-align: left;\">L&#8217;Inspire rPAP&#x2122; est un syst\u00e8me r\u00e9volutionnaire non invasif en deux parties pour la stabilisation initiale et la r\u00e9animation des nourrissons. Sa conception innovante et brevet\u00e9e associe la possibilit\u00e9 d&#8217;administrer des respirations de gonflage \u00e0 tous les avantages cliniques de la technologie nCPAP \u00e0 retournement fluidique de r\u00e9f\u00e9rence. Apr\u00e8s la naissance, les premiers instants sont cruciaux pour d\u00e9finir la prise en charge respiratoire n\u00e9cessaire afin d&#8217;obtenir les meilleurs r\u00e9sultats pour le nourrisson.<\/p>\n[\/vc_column_text][vc_btn title=&#8221;Obtenir un devis&#8221; style=&#8221;outline-custom&#8221; outline_custom_color=&#8221;#000000&#8243; outline_custom_hover_background=&#8221;#93d500&#8243; outline_custom_hover_text=&#8221;#ffffff&#8221; shape=&#8221;square&#8221; align=&#8221;left&#8221; css=&#8221;.vc_custom_1750783218631{margin-top: 25px !important;}&#8221; link=&#8221;url:http%3A%2F%2Fnovusmedical.jzx.oms.mybluehost.me%2F%3Fpage_id%3D225|title:Contacter%20Novus|&#8221;][\/vc_column][vc_column width=&#8221;2\/3&#8243; css=&#8221;.vc_custom_1750781840271{padding-left: 50px !important;}&#8221;][vc_video link=&#8221;https:\/\/www.youtube.com\/watch?v=z8nOhREohW4&#8243; el_width=&#8221;90&#8243; align=&#8221;center&#8221; css=&#8221;&#8221;][vc_empty_space height=&#8221;50px&#8221;][\/vc_column][\/vc_row][vc_row full_width=&#8221;stretch_row&#8221; content_placement=&#8221;top&#8221; css=&#8221;.vc_custom_1750780141805{margin-right: 30px !important;margin-left: 0px !important;background-color: #ffffff !important;}&#8221; el_id=&#8221;aeramaxproii&#8221;][vc_column width=&#8221;1\/2&#8243; css=&#8221;.vc_custom_1740423795327{padding-right: 50px !important;}&#8221;][vc_single_image image=&#8221;12673&#8243; img_size=&#8221;full&#8221; onclick=&#8221;link_image&#8221; css=&#8221;&#8221;][\/vc_column][vc_column width=&#8221;1\/2&#8243;][vc_empty_space height=&#8221;75x&#8221;][vc_custom_heading text=&#8221;La r\u00e9volution d\u00e8s le premier souffle&#8221; font_container=&#8221;tag:h2|font_size:32|text_align:left|color:%23FFDF00&#8243; google_fonts=&#8221;font_family:Roboto%3A100%2C100italic%2C300%2C300italic%2Cregular%2Citalic%2C500%2C500italic%2C700%2C700italic%2C900%2C900italic|font_style:700%20bold%20regular%3A700%3Anormal&#8221; css=&#8221;.vc_custom_1750779872949{padding-top: 25px !important;}&#8221;][vc_column_text css=&#8221;&#8221;]Les directives actuelles recommandent l&#8217;utilisation d&#8217;un appareil de r\u00e9animation en T pour d\u00e9livrer une pression constante et stable aux voies respiratoires du nourrisson, facilitant ainsi le r\u00e9tablissement de la capacit\u00e9 r\u00e9siduelle fonctionnelle (CRF). Les appareils de r\u00e9animation en T traditionnels pr\u00e9sentent l&#8217;inconv\u00e9nient d&#8217;imposer un travail respiratoire \u00e9lev\u00e9 (iWOB) et d&#8217;\u00eatre instables en termes de pression. Inspire rPAP surmonte ces difficult\u00e9s en r\u00e9duisant consid\u00e9rablement le travail respiratoire impos\u00e9 (jusqu&#8217;\u00e0 92 %*) et en fournissant une pression moyenne stable dans les voies respiratoires. D\u00e8s la premi\u00e8re respiration, Inspire rPAP soutient le nourrisson tout au long des \u00e9tapes critiques de son parcours vers l&#8217;ind\u00e9pendance respiratoire.[\/vc_column_text][vc_row_inner disable_element=&#8221;yes&#8221;][vc_column_inner width=&#8221;1\/2&#8243;][vc_btn title=&#8221;R\u00e9sum\u00e9 de la recherche&#8221; style=&#8221;outline-custom&#8221; outline_custom_color=&#8221;#000000&#8243; outline_custom_hover_background=&#8221;#93d500&#8243; outline_custom_hover_text=&#8221;#ffffff&#8221; shape=&#8221;square&#8221; align=&#8221;left&#8221; i_icon_fontawesome=&#8221;fas fa-book-medical&#8221; css=&#8221;&#8221; add_icon=&#8221;true&#8221; link=&#8221;url:https%3A%2F%2Fnovusmedical.ca%2Fwp-content%2Fuploads%2F2025%2F02%2FASPENPoster_FreeArm.jpg|target:_blank|&#8221;][\/vc_column_inner][vc_column_inner width=&#8221;1\/2&#8243;][\/vc_column_inner][\/vc_row_inner][vc_empty_space][\/vc_column][\/vc_row][vc_row full_width=&#8221;stretch_row&#8221; gap=&#8221;35&#8243; content_placement=&#8221;middle&#8221; css=&#8221;.vc_custom_1750781892391{padding-top: 60px !important;padding-bottom: 40px !important;background-color: #F1F1F1 !important;}&#8221;][vc_column width=&#8221;1\/2&#8243;][vc_single_image image=&#8221;12679&#8243; img_size=&#8221;large&#8221; css=&#8221;.vc_custom_1750779195345{margin-right: 30px !important;}&#8221;][\/vc_column][vc_column width=&#8221;1\/2&#8243;][vc_empty_space][vc_custom_heading text=&#8221;Le travail impos\u00e9 de la respiration&#8221; font_container=&#8221;tag:h2|font_size:32|text_align:left|color:%23000000&#8243; google_fonts=&#8221;font_family:Roboto%3A100%2C100italic%2C300%2C300italic%2Cregular%2Citalic%2C500%2C500italic%2C700%2C700italic%2C900%2C900italic|font_style:700%20bold%20regular%3A700%3Anormal&#8221; css=&#8221;.vc_custom_1750779772049{padding-top: 25px !important;}&#8221;][vc_column_text css=&#8221;&#8221;]L&#8217;Inspire rPAP&#x2122; est le premier de son genre \u00e0 introduire une faible iWOB dans un appareil de r\u00e9animation. Sa conception r\u00e9volutionnaire fonctionne en harmonie avec les propres efforts respiratoires des nourrissons pour s&#8217;assurer qu&#8217;ils ne se fatiguent pas aussi rapidement et qu&#8217;ils pr\u00e9servent une \u00e9nergie pr\u00e9cieuse.<\/p>\n<p>Les \u00e9tudes cliniques sugg\u00e8rent que la nCPAP doit \u00eatre utilis\u00e9e comme intervention respiratoire primaire avant l&#8217;intubation (pour les nourrissons \u2265 28 semaines d&#8217;\u00e2ge gestationnel)\u2020. Inspire rPAP permet aux cliniciens de passer rapidement et en toute transparence le nourrisson \u00e0 la nCPAP. Ceci, associ\u00e9 \u00e0 la capacit\u00e9 suppl\u00e9mentaire d&#8217;ajouter des respirations d&#8217;inflation suppl\u00e9mentaires, signifie que davantage de nourrissons peuvent \u00eatre maintenus avec succ\u00e8s sur le traitement par nCPAP.[\/vc_column_text][\/vc_column][\/vc_row][vc_row gap=&#8221;35&#8243; equal_height=&#8221;yes&#8221; css=&#8221;.vc_custom_1750779998210{margin-top: 75px !important;}&#8221;][vc_column width=&#8221;1\/3&#8243; css=&#8221;.vc_custom_1750779309123{background-color: #80C4FF !important;}&#8221;][vc_custom_heading text=&#8221;Intelligent&#8221; font_container=&#8221;tag:h2|font_size:48|text_align:center|color:%23000000&#8243; google_fonts=&#8221;font_family:Roboto%3A100%2C100italic%2C300%2C300italic%2Cregular%2Citalic%2C500%2C500italic%2C700%2C700italic%2C900%2C900italic|font_style:900%20bold%20regular%3A900%3Anormal&#8221; css=&#8221;.vc_custom_1750779726026{padding-top: 10px !important;padding-bottom: 5px !important;}&#8221;][vc_column_text css=&#8221;.vc_custom_1750779536976{padding-right: 15px !important;padding-left: 15px !important;}&#8221;]\n<ul>\n<li style=\"list-style-type: none;\">\n<ul>\n<li>Appareil de sauvetage non invasif tout-en-un qui combine la PIP et la CPAP<\/li>\n<li>La conception du g\u00e9n\u00e9rateur rPAP permet au clinicien d&#8217;effectuer une r\u00e9animation et une stabilisation au moyen d&#8217;une pince nasale ou d&#8217;un masque facial standard, tout en r\u00e9duisant l&#8217;iWOB jusqu&#8217;\u00e0 92 %.<\/li>\n<\/ul>\n<\/li>\n<\/ul>\n[\/vc_column_text][\/vc_column][vc_column width=&#8221;1\/3&#8243; css=&#8221;.vc_custom_1750779360730{background-color: #FFCF86 !important;}&#8221;][vc_custom_heading text=&#8221;Simple&#8221; font_container=&#8221;tag:h2|font_size:48|text_align:center|color:%23000000&#8243; google_fonts=&#8221;font_family:Roboto%3A100%2C100italic%2C300%2C300italic%2Cregular%2Citalic%2C500%2C500italic%2C700%2C700italic%2C900%2C900italic|font_style:900%20bold%20regular%3A900%3Anormal&#8221; css=&#8221;.vc_custom_1750779740213{padding-top: 10px !important;padding-bottom: 5px !important;}&#8221;][vc_column_text css=&#8221;.vc_custom_1750779614707{padding-right: 15px !important;padding-left: 15px !important;}&#8221;]\n<ul>\n<li style=\"list-style-type: none;\">\n<ul>\n<li>Le g\u00e9n\u00e9rateur de rPAP, facile \u00e0 utiliser, associe les principes de fonctionnement familiers de la r\u00e9animation et de la nCPAP aux avantages cliniques de la technologie de basculement fluidique, le tout en un seul appareil.<\/li>\n<li>R\u00e9duction de l&#8217;effort de formation gr\u00e2ce \u00e0 la familiarisation avec les principes de fonctionnement et les accessoires de l&#8217;appareil<\/li>\n<\/ul>\n<\/li>\n<\/ul>\n[\/vc_column_text][\/vc_column][vc_column width=&#8221;1\/3&#8243; css=&#8221;.vc_custom_1750779396740{background-color: #83C594 !important;}&#8221;][vc_custom_heading text=&#8221;Sans couture&#8221; font_container=&#8221;tag:h2|font_size:48|text_align:center|color:%23000000&#8243; google_fonts=&#8221;font_family:Roboto%3A100%2C100italic%2C300%2C300italic%2Cregular%2Citalic%2C500%2C500italic%2C700%2C700italic%2C900%2C900italic|font_style:900%20bold%20regular%3A900%3Anormal&#8221; css=&#8221;.vc_custom_1750779753054{padding-top: 10px !important;padding-bottom: 5px !important;}&#8221;][vc_column_text css=&#8221;.vc_custom_1750779650398{padding-right: 15px !important;padding-left: 15px !important;}&#8221;]\n<ul>\n<li style=\"list-style-type: none;\">\n<ul>\n<li>Maintenir le nourrisson sous nCPAP avec la possibilit\u00e9 d&#8217;ajouter des insufflations suppl\u00e9mentaires \u00e0 l&#8217;aide du m\u00eame appareil<\/li>\n<li>G\u00e9n\u00e9rateur de rPAP polyvalent compatible avec une gamme d&#8217;unit\u00e9s de r\u00e9animation<\/li>\n<\/ul>\n<\/li>\n<\/ul>\n[\/vc_column_text][\/vc_column][\/vc_row][vc_row][vc_column][vc_empty_space height=&#8221;100px&#8221;][vc_column_text css=&#8221;&#8221;]* Donaldsson, S. et al (2016) Initial Stabilisation Of Preterm Infants : A New Resuscitation System With Low Imposed Work of Breathing For Use With Face Mask or Nasal Prongs. Arch Dis Child Fetal Neonatal Ed 2016.<br \/>\n\u2020 Roberts, C. T. (2016) High-Flow Nasal Cannulae as Primary Respiratory Support for Preterm Infants &#8211; An International, Multi-Center, Randomized, Controlled, Non-Inferiority Trial, document pr\u00e9sent\u00e9 aux Pediatric Academic Societies (PAS), Baltimore, consult\u00e9 le 3 mai 2016.<br \/>\n\u2021 Pour obtenir une liste des dispositifs compatibles, veuillez contacter votre repr\u00e9sentant local Inspiration Healthcare.[\/vc_column_text][vc_empty_space height=&#8221;100px&#8221;][\/vc_column][\/vc_row][vc_row full_width=&#8221;stretch_row&#8221; css=&#8221;.vc_custom_1750781928000{margin-bottom: -60px !important;border-bottom-width: 0px !important;padding-top: 100px !important;padding-bottom: 40px !important;background-image: url(https:\/\/novusmedical.ca\/wp-content\/uploads\/2021\/12\/Background-image-for-Web.png?id=7770) !important;background-position: center !important;background-repeat: no-repeat !important;background-size: cover !important;}&#8221;][vc_column width=&#8221;1\/3&#8243;][vc_single_image image=&#8221;7769&#8243; img_size=&#8221;large&#8221; alignment=&#8221;center&#8221;][vc_empty_space height=&#8221;5px&#8221;][\/vc_column][vc_column width=&#8221;2\/3&#8243; css=&#8221;.vc_custom_1640295263973{margin-left: 35px !important;}&#8221;][vc_empty_space height=&#8221;5px&#8221;][vc_custom_heading text=&#8221;Notre catalogue de produits n\u00e9onatals !&#8221; font_container=&#8221;tag:h2|font_size:34|text_align:left|color:%2395c93d&#8221; google_fonts=&#8221;font_family:Roboto%3A100%2C100italic%2C300%2C300italic%2Cregular%2Citalic%2C500%2C500italic%2C700%2C700italic%2C900%2C900italic|font_style:900%20bold%20regular%3A900%3Anormal&#8221;][vc_custom_heading text=&#8221;Nous avons d\u00e9velopp\u00e9 notre syst\u00e8me d&#8217;information Novus Medical Inc. Le catalogue de soins pour nourrissons pr\u00e9sente et fournit tous nos produits n\u00e9onatals dans un seul PDF t\u00e9l\u00e9chargeable.&#8221; font_container=&#8221;tag:h2|font_size:18|text_align:left|color:%23ffffff|line_height:1.5&#8243; google_fonts=&#8221;font_family:Roboto%3A100%2C100italic%2C300%2C300italic%2Cregular%2Citalic%2C500%2C500italic%2C700%2C700italic%2C900%2C900italic|font_style:400%20regular%3A400%3Anormal&#8221;][vc_empty_space height=&#8221;5px&#8221;][vc_row_inner][vc_column_inner width=&#8221;1\/4&#8243;][vc_btn title=&#8221;Voir l&#8217;anglais&#8221; style=&#8221;outline-custom&#8221; outline_custom_color=&#8221;#ffffff&#8221; outline_custom_hover_background=&#8221;#93d500&#8243; outline_custom_hover_text=&#8221;#000000&#8243; shape=&#8221;square&#8221; align=&#8221;left&#8221; i_icon_fontawesome=&#8221;fas fa-book-open&#8221; add_icon=&#8221;true&#8221; link=&#8221;url:https%3A%2F%2Fnovusmedical.ca%2Fneonatal-catalogue%2F|title:Catalogue%20soins%20pour%20nourrissons|&#8221;][\/vc_column_inner][vc_column_inner width=&#8221;1\/4&#8243;][vc_btn title=&#8221;T\u00e9l\u00e9charger l&#8217;anglais&#8221; style=&#8221;outline-custom&#8221; outline_custom_color=&#8221;#ffffff&#8221; outline_custom_hover_background=&#8221;#93d500&#8243; outline_custom_hover_text=&#8221;#000000&#8243; shape=&#8221;square&#8221; align=&#8221;left&#8221; link=&#8221;url:https%3A%2F%2Fnovusmedical.ca%2Fwp-content%2Fuploads%2F2022%2F01%2F122321_NM_NeoNatalCatalogue.pdf|target:_blank|&#8221;][\/vc_column_inner][vc_column_inner width=&#8221;1\/4&#8243;][vc_btn title=&#8221;Voir le fran\u00e7ais&#8221; style=&#8221;outline-custom&#8221; outline_custom_color=&#8221;#ffffff&#8221; outline_custom_hover_background=&#8221;#93d500&#8243; outline_custom_hover_text=&#8221;#000000&#8243; shape=&#8221;square&#8221; align=&#8221;left&#8221; i_icon_fontawesome=&#8221;fas fa-book-open&#8221; add_icon=&#8221;true&#8221; link=&#8221;url:https%3A%2F%2Fnovusmedical.ca%2Ffr%2Fcatalogue-neonatal-fr%2F|title:Catalogue%20soins%20pour%20nourrissons|&#8221;][\/vc_column_inner][vc_column_inner width=&#8221;1\/4&#8243;][vc_btn title=&#8221;T\u00e9l\u00e9charger le fran\u00e7ais&#8221; style=&#8221;outline-custom&#8221; outline_custom_color=&#8221;#ffffff&#8221; outline_custom_hover_background=&#8221;#93d500&#8243; outline_custom_hover_text=&#8221;#000000&#8243; shape=&#8221;square&#8221; align=&#8221;left&#8221; link=&#8221;url:https%3A%2F%2Fnovusmedical.ca%2Fwp-content%2Fuploads%2F2022%2F09%2FNM_FR_NeoNatalCatalogue_Lores.pdf|target:_blank|&#8221;][\/vc_column_inner][\/vc_row_inner][\/vc_column][\/vc_row]\n<\/div>","protected":false},"excerpt":{"rendered":"<p>[vc_row css=&#8221;.vc_custom_1739905192786{margin-top: -50px !important;margin-bottom: 50px !important;}&#8221;][vc_column][\/vc_column][\/vc_row][vc_row css=&#8221;.vc_custom_1750781651949{padding-top: 100px !important;padding-bottom: 50px !important;}&#8221;][vc_column width=&#8221;1\/3&#8243;][vc_single_image image=&#8221;12682&#8243; img_size=&#8221;250&#215;50&#8243; css=&#8221;&#8221;][vc_custom_heading text=&#8221;Le dispositif de r\u00e9animation iWOB [&hellip;]<\/p>\n","protected":false},"author":2,"featured_media":0,"parent":12711,"menu_order":0,"comment_status":"closed","ping_status":"closed","template":"","meta":{"om_disable_all_campaigns":false,"_monsterinsights_skip_tracking":false,"_monsterinsights_sitenote_active":false,"_monsterinsights_sitenote_note":"","_monsterinsights_sitenote_category":0,"footnotes":""},"class_list":["post-12700","page","type-page","status-publish","hentry"],"jetpack_sharing_enabled":true,"_links":{"self":[{"href":"https:\/\/novusmedical.ca\/fr\/wp-json\/wp\/v2\/pages\/12700","targetHints":{"allow":["GET"]}}],"collection":[{"href":"https:\/\/novusmedical.ca\/fr\/wp-json\/wp\/v2\/pages"}],"about":[{"href":"https:\/\/novusmedical.ca\/fr\/wp-json\/wp\/v2\/types\/page"}],"author":[{"embeddable":true,"href":"https:\/\/novusmedical.ca\/fr\/wp-json\/wp\/v2\/users\/2"}],"replies":[{"embeddable":true,"href":"https:\/\/novusmedical.ca\/fr\/wp-json\/wp\/v2\/comments?post=12700"}],"version-history":[{"count":3,"href":"https:\/\/novusmedical.ca\/fr\/wp-json\/wp\/v2\/pages\/12700\/revisions"}],"predecessor-version":[{"id":12703,"href":"https:\/\/novusmedical.ca\/fr\/wp-json\/wp\/v2\/pages\/12700\/revisions\/12703"}],"up":[{"embeddable":true,"href":"https:\/\/novusmedical.ca\/fr\/wp-json\/wp\/v2\/pages\/12711"}],"wp:attachment":[{"href":"https:\/\/novusmedical.ca\/fr\/wp-json\/wp\/v2\/media?parent=12700"}],"curies":[{"name":"wp","href":"https:\/\/api.w.org\/{rel}","templated":true}]}}