{"id":12653,"date":"2025-06-11T01:42:20","date_gmt":"2025-06-11T01:42:20","guid":{"rendered":"https:\/\/novusmedical.ca\/filtres-pft\/"},"modified":"2025-06-11T02:33:06","modified_gmt":"2025-06-11T02:33:06","slug":"filtres-pft","status":"publish","type":"page","link":"https:\/\/novusmedical.ca\/fr\/filtres-pft\/","title":{"rendered":"Filtres PFT"},"content":{"rendered":"<div class=\"wpb-content-wrapper\">[vc_row css=&#8221;.vc_custom_1739905192786{margin-top: -50px !important;margin-bottom: 50px !important;}&#8221;][vc_column]\n\t\t\t<!-- START Filtres REVOLUTION SLIDER 6.6.9 --><p class=\"rs-p-wp-fix\"><\/p>\n\t\t\t<rs-module-wrap id=\"rev_slider_112_1_wrapper\" data-source=\"gallery\" style=\"visibility:hidden;background:transparent;padding:0;margin:0px auto;margin-top:0;margin-bottom:0;\">\n\t\t\t\t<rs-module id=\"rev_slider_112_1\" style=\"\" data-version=\"6.6.9\">\n\t\t\t\t\t<rs-slides style=\"overflow: hidden; position: absolute;\">\n\t\t\t\t\t\t<rs-slide style=\"position: absolute;\" data-key=\"rs-177\" data-title=\"Thayermedical\" data-in=\"o:0;\" data-out=\"a:false;\">\n\t\t\t\t\t\t\t<img data-recalc-dims=\"1\" decoding=\"async\" src=\"https:\/\/i0.wp.com\/novusmedical.ca\/wp-content\/plugins\/revslider\/public\/assets\/assets\/dummy.png?resize=2000%2C1556\" alt=\"\" title=\"filtersheader\" width=\"2000\" height=\"1556\" class=\"rev-slidebg tp-rs-img rs-lazyload\" data-lazyload=\"\/\/novusmedical.ca\/wp-content\/uploads\/2020\/11\/filtersheader.png\" data-no-retina>\n<!--\n\t\t\t\t\t\t\t--><rs-layer\n\t\t\t\t\t\t\t\tid=\"slider-112-slide-177-layer-0\" \n\t\t\t\t\t\t\t\tdata-type=\"text\"\n\t\t\t\t\t\t\t\tdata-color=\"#fff\"\n\t\t\t\t\t\t\t\tdata-rsp_ch=\"on\"\n\t\t\t\t\t\t\t\tdata-xy=\"x:c;y:c;\"\n\t\t\t\t\t\t\t\tdata-text=\"w:normal;s:70;l:50;ls:2px;fw:900;\"\n\t\t\t\t\t\t\t\tdata-dim=\"minh:0px;\"\n\t\t\t\t\t\t\t\tdata-frame_999=\"o:0;st:w;\"\n\t\t\t\t\t\t\t\tstyle=\"z-index:8;font-family:'Roboto';text-transform:uppercase;\"\n\t\t\t\t\t\t\t>FILTRES \n\t\t\t\t\t\t\t<\/rs-layer><!--\n-->\t\t\t\t\t\t<\/rs-slide>\n\t\t\t\t\t<\/rs-slides>\n\t\t\t\t<\/rs-module>\n\t\t\t\t<script>\n\t\t\t\t\tsetREVStartSize({c: 'rev_slider_112_1',rl:[1240,1024,778,480],el:[450],gw:[1240],gh:[450],type:'standard',justify:'',layout:'fullwidth',mh:\"0\"});if (window.RS_MODULES!==undefined && window.RS_MODULES.modules!==undefined && window.RS_MODULES.modules[\"revslider1121\"]!==undefined) {window.RS_MODULES.modules[\"revslider1121\"].once = false;window.revapi112 = undefined;if (window.RS_MODULES.checkMinimal!==undefined) window.RS_MODULES.checkMinimal()}\n\t\t\t\t<\/script>\n\t\t\t<\/rs-module-wrap>\n\t\t\t<!-- END REVOLUTION SLIDER -->\n[\/vc_column][\/vc_row][vc_row][vc_column][vc_empty_space height=&#8221;15px&#8221;][\/vc_column][\/vc_row][vc_row gap=&#8221;35&#8243; css=&#8221;.vc_custom_1739905368024{padding-top: 100px !important;padding-bottom: 50px !important;}&#8221;][vc_column width=&#8221;1\/2&#8243;][vc_single_image image=&#8221;6130&#8243; img_size=&#8221;full&#8221; css=&#8221;&#8221;][vc_single_image image=&#8221;6222&#8243; img_size=&#8221;medium&#8221; css_animation=&#8221;none&#8221; css=&#8221;&#8221;][vc_custom_heading text=&#8221;Filtre PreVent II&#8221; font_container=&#8221;tag:h2|font_size:32|text_align:left|color:%23000000&#8243; google_fonts=&#8221;font_family:Roboto%3A100%2C100italic%2C300%2C300italic%2Cregular%2Citalic%2C500%2C500italic%2C700%2C700italic%2C900%2C900italic|font_style:900%20bold%20regular%3A900%3Anormal&#8221; css=&#8221;.vc_custom_1749606451749{padding-bottom: 10px !important;}&#8221;][vc_column_text css=&#8221;.vc_custom_1749606802396{margin-bottom: 15px !important;padding-right: 40px !important;}&#8221;]\n<p class=\"p1\">Le filtre pulmonaire pour les syst\u00e8mes de fonction pulmonaire et les spirom\u00e8tres a \u00e9t\u00e9 con\u00e7u pour \u00eatre utilis\u00e9 sp\u00e9cifiquement avec le Capteur de d\u00e9bit PreVent de MGC Diagnostics. Son embout buccal ovale ergonomique est confortable pour le patient et permet une \u00e9tanch\u00e9it\u00e9 plus naturelle que les embouchures rondes. Le filtre est fait d\u2019un plastique rigide r\u00e9sistant \u00e0 l\u2019\u00e9crasement.<\/p>\n<p class=\"p1\">Maintenant disponible pour une connexion directe aux syst\u00e8mes VMax PFT<\/p>\n<ul>\n<li style=\"list-style-type: none;\">\n<ul>\n<li class=\"p1\">Pi\u00e8ce n\u00b0 MG536713-002 pour une caisse de 100 pour MGC PFT<\/li>\n<li class=\"p1\">Pi\u00e8ce n\u00b0 MG536713-004 pour une caisse de 100 pour VMax PFT<\/li>\n<\/ul>\n<\/li>\n<\/ul>\n[\/vc_column_text][vc_empty_space height=&#8221;50px&#8221;][vc_raw_html css=&#8221;.vc_custom_1749607909123{margin-right: 250px !important;}&#8221;]PGRpdiBjbGFzcz0iZWNzcCBlY3NwLVNpbmdsZVByb2R1Y3QtdjIgZWNzcC1TaW5nbGVQcm9kdWN0LXYyLWJvcmRlcmVkIGVjc3AtU2luZ2xlUHJvZHVjdC12Mi1jZW50ZXJlZCBlY3NwLVByb2R1Y3QgZWMtUHJvZHVjdC02NjcxMjEwNDkiIGl0ZW1zY29wZT0iIiBpdGVtdHlwZT0iaHR0cDovL3NjaGVtYS5vcmcvUHJvZHVjdCIgZGF0YS1zaW5nbGUtcHJvZHVjdC1pZD0iNjY3MTIxMDQ5Ij48ZGl2IGl0ZW1wcm9wPSJpbWFnZSI+PC9kaXY+PGRpdiBjbGFzcz0iZWNzcC10aXRsZSIgaXRlbXByb3A9Im5hbWUiIGNvbnRlbnQ9IkZpbHRyZSBwdWxtb25haXJlIFByZVZlbnQgSUkgcG91ciBQRlQgZXQgc3Bpcm9tw6h0cmVzIj48L2Rpdj48ZGl2IGl0ZW10eXBlPSJodHRwOi8vc2NoZW1hLm9yZy9PZmZlciIgaXRlbXNjb3BlPSIiIGl0ZW1wcm9wPSJvZmZlcnMiPjxkaXYgY2xhc3M9ImVjc3AtcHJvZHVjdEJyb3dzZXItcHJpY2UgZWNzcC1wcmljZSIgaXRlbXByb3A9InByaWNlIiBjb250ZW50PSIxOTUiIGRhdGEtc3B3LXByaWNlLWxvY2F0aW9uPSJidXR0b24iPjxkaXYgaXRlbXByb3A9InByaWNlQ3VycmVuY3kiIGNvbnRlbnQ9IkNBRCI+PC9kaXY+PC9kaXY+PC9kaXY+PGRpdiBjdXN0b21wcm9wPSJvcHRpb25zIj48L2Rpdj48ZGl2IGN1c3RvbXByb3A9InF0eSI+PC9kaXY+PGRpdiBjdXN0b21wcm9wPSJhZGR0b2JhZyI+PC9kaXY+PGRpdiBjdXN0b21wcm9wPSJ2YXRpbnByaWNlIj48L2Rpdj48L2Rpdj48c2NyaXB0IGRhdGEtY2Zhc3luYz0iZmFsc2UiIHR5cGU9InRleHQvamF2YXNjcmlwdCIgc3JjPSJodHRwczovL2FwcC5lY3dpZC5jb20vc2NyaXB0LmpzPzk1MDAyNTA5JmFtcDtkYXRhX3BsYXRmb3JtPXNpbmdsZXByb2R1Y3RfdjIiIGNoYXJzZXQ9InV0Zi04Ij48L3NjcmlwdD48c2NyaXB0IHR5cGU9InRleHQvamF2YXNjcmlwdCI+eFByb2R1Y3QoKTwvc2NyaXB0Pg==[\/vc_raw_html][\/vc_column][vc_column width=&#8221;1\/2&#8243;][vc_single_image image=&#8221;6134&#8243; img_size=&#8221;medium&#8221; css=&#8221;&#8221;][vc_single_image image=&#8221;6522&#8243; img_size=&#8221;medium&#8221; css_animation=&#8221;none&#8221; css=&#8221;.vc_custom_1749608440703{padding-top: 30px !important;}&#8221;][vc_custom_heading text=&#8221;Filtre pulmonaire Neumofilt Ergo&#8221; font_container=&#8221;tag:h2|font_size:32|text_align:left|color:%23000000&#8243; google_fonts=&#8221;font_family:Roboto%3A100%2C100italic%2C300%2C300italic%2Cregular%2Citalic%2C500%2C500italic%2C700%2C700italic%2C900%2C900italic|font_style:900%20bold%20regular%3A900%3Anormal&#8221; css=&#8221;.vc_custom_1749607623292{padding-bottom: 10px !important;}&#8221;][vc_column_text css=&#8221;.vc_custom_1749607646251{margin-bottom: 15px !important;padding-right: 40px !important;}&#8221;]\n<p class=\"p1\">Le filtre NeumoFilt Ergo a \u00e9t\u00e9 con\u00e7u pour permettre aux dents et aux l\u00e8vres du patient de s\u2019adapter confortablement \u00e0 l\u2019embout buccal afin d\u2019\u00e9viter les fuites d\u2019air. Le m\u00e9dia filtrant a prouv\u00e9 un niveau d\u2019efficacit\u00e9 de filtration sans pr\u00e9c\u00e9dent avec une faible r\u00e9sistance au flux d\u2019air.<\/p>\n[\/vc_column_text][vc_column_text css=&#8221;.vc_custom_1749607770747{margin-bottom: 15px !important;padding-right: 40px !important;}&#8221;]\n<p class=\"p1\"><strong>Sp\u00e9cifications techniques :<\/strong><\/p>\n<ul>\n<li style=\"list-style-type: none;\">\n<ul>\n<li class=\"p1\">BFE (a 30L\/min.) : 99,999980 %<\/li>\n<li class=\"p1\">VFE (a 30L\/min.): 99,999909 %<\/li>\n<li class=\"p1\">BFE (a 55L\/min.) : 99,997649 % (test de 5 minutes)<\/li>\n<li class=\"p1\">VFE (a 55L\/min.) : 99,998660 % (test de 5 minutes)<\/li>\n<li class=\"p1\">BFE (a 750L\/min.) : 99,502439 % (test de 5 minutes)<\/li>\n<li class=\"p1\">VFE (a 750L\/min.) : 99,987339 % (test de 5 minutes)<\/li>\n<li class=\"p1\">R\u00e9sistance \u00e0 l&#8217;\u00e9coulement : 94,3 Pa\/l\/s \u00e0 14 l\/s<\/li>\n<li class=\"p1\">R\u00e9sistance maximale recommand\u00e9e par l&#8217;ATS : 150 Pa\/l\/s a 14 l\/s<\/li>\n<li class=\"p1\">Espace mort : 70 ml<\/li>\n<li class=\"p1\">Patients : enfants et adultes<\/li>\n<li class=\"p1\">BFE : Efficacit\u00e9 de la filtration bact\u00e9rienne<\/li>\n<li class=\"p1\">VFE : efficacit\u00e9 de la filtration des virus<\/li>\n<\/ul>\n<\/li>\n<\/ul>\n[\/vc_column_text][vc_column_text css=&#8221;.vc_custom_1749607831970{margin-bottom: 15px !important;padding-right: 40px !important;}&#8221;]\n<p class=\"p1\"><strong>Informations sur le produit <\/strong><\/p>\n<ul>\n<li style=\"list-style-type: none;\">\n<ul>\n<li class=\"p1\">Pi\u00e8ce n\u00b0 1121\/100 pour une caisse de 100 pour VMax<\/li>\n<li class=\"p1\">Pi\u00e8ce n\u00b0 1224\/100 pour une caisse de 100 pour MGC<\/li>\n<li class=\"p1\">Pi\u00e8ce n\u00b0 1225\/100 pour une caisse de 100 pour spirom\u00e8tre Vitalograph et Morgan Pneumotrac.<\/li>\n<\/ul>\n<\/li>\n<\/ul>\n[\/vc_column_text][vc_empty_space height=&#8221;50px&#8221;][vc_raw_html css=&#8221;.vc_custom_1749607921960{margin-right: 250px !important;}&#8221;]PGRpdiBjbGFzcz0iZWNzcCBlY3NwLVNpbmdsZVByb2R1Y3QtdjIgZWNzcC1TaW5nbGVQcm9kdWN0LXYyLWJvcmRlcmVkIGVjc3AtU2luZ2xlUHJvZHVjdC12Mi1jZW50ZXJlZCBlY3NwLVByb2R1Y3QgZWMtUHJvZHVjdC02NjcxMjEwNDIiIGl0ZW1zY29wZT0iIiBpdGVtdHlwZT0iaHR0cDovL3NjaGVtYS5vcmcvUHJvZHVjdCIgZGF0YS1zaW5nbGUtcHJvZHVjdC1pZD0iNjY3MTIxMDQyIj48ZGl2IGl0ZW1wcm9wPSJpbWFnZSI+PC9kaXY+PGRpdiBjbGFzcz0iZWNzcC10aXRsZSIgaXRlbXByb3A9Im5hbWUiIGNvbnRlbnQ9IkZpbHRyZSBwdWxtb25haXJlIE5ldW1vZmlsdCBwb3VyIGxhIHNwaXJvbcOpdHJpZSBldCBsYSBQRlQiPjwvZGl2PjxkaXYgaXRlbXR5cGU9Imh0dHA6Ly9zY2hlbWEub3JnL09mZmVyIiBpdGVtc2NvcGU9IiIgaXRlbXByb3A9Im9mZmVycyI+PGRpdiBjbGFzcz0iZWNzcC1wcm9kdWN0QnJvd3Nlci1wcmljZSBlY3NwLXByaWNlIiBpdGVtcHJvcD0icHJpY2UiIGNvbnRlbnQ9IjE0NSIgZGF0YS1zcHctcHJpY2UtbG9jYXRpb249ImJ1dHRvbiI+PGRpdiBpdGVtcHJvcD0icHJpY2VDdXJyZW5jeSIgY29udGVudD0iQ0FEIj48L2Rpdj48L2Rpdj48L2Rpdj48ZGl2IGN1c3RvbXByb3A9Im9wdGlvbnMiPjwvZGl2PjxkaXYgY3VzdG9tcHJvcD0icXR5Ij48L2Rpdj48ZGl2IGN1c3RvbXByb3A9ImFkZHRvYmFnIj48L2Rpdj48ZGl2IGN1c3RvbXByb3A9InZhdGlucHJpY2UiPjwvZGl2PjwvZGl2PjxzY3JpcHQgZGF0YS1jZmFzeW5jPSJmYWxzZSIgdHlwZT0idGV4dC9qYXZhc2NyaXB0IiBzcmM9Imh0dHBzOi8vYXBwLmVjd2lkLmNvbS9zY3JpcHQuanM\/OTUwMDI1MDkmYW1wO2RhdGFfcGxhdGZvcm09c2luZ2xlcHJvZHVjdF92MiIgY2hhcnNldD0idXRmLTgiPjwvc2NyaXB0PjxzY3JpcHQgdHlwZT0idGV4dC9qYXZhc2NyaXB0Ij54UHJvZHVjdCgpPC9zY3JpcHQ+[\/vc_raw_html][\/vc_column][\/vc_row]\n<\/div>","protected":false},"excerpt":{"rendered":"<p>[vc_row css=&#8221;.vc_custom_1739905192786{margin-top: -50px !important;margin-bottom: 50px !important;}&#8221;][vc_column][\/vc_column][\/vc_row][vc_row][vc_column][vc_empty_space height=&#8221;15px&#8221;][\/vc_column][\/vc_row][vc_row gap=&#8221;35&#8243; css=&#8221;.vc_custom_1739905368024{padding-top: 100px !important;padding-bottom: 50px !important;}&#8221;][vc_column width=&#8221;1\/2&#8243;][vc_single_image image=&#8221;6130&#8243; img_size=&#8221;full&#8221; css=&#8221;&#8221;][vc_single_image image=&#8221;6222&#8243; img_size=&#8221;medium&#8221; css_animation=&#8221;none&#8221; [&hellip;]<\/p>\n","protected":false},"author":2,"featured_media":0,"parent":0,"menu_order":0,"comment_status":"closed","ping_status":"closed","template":"","meta":{"om_disable_all_campaigns":false,"_monsterinsights_skip_tracking":false,"_monsterinsights_sitenote_active":false,"_monsterinsights_sitenote_note":"","_monsterinsights_sitenote_category":0,"footnotes":""},"class_list":["post-12653","page","type-page","status-publish","hentry"],"jetpack_sharing_enabled":true,"_links":{"self":[{"href":"https:\/\/novusmedical.ca\/fr\/wp-json\/wp\/v2\/pages\/12653","targetHints":{"allow":["GET"]}}],"collection":[{"href":"https:\/\/novusmedical.ca\/fr\/wp-json\/wp\/v2\/pages"}],"about":[{"href":"https:\/\/novusmedical.ca\/fr\/wp-json\/wp\/v2\/types\/page"}],"author":[{"embeddable":true,"href":"https:\/\/novusmedical.ca\/fr\/wp-json\/wp\/v2\/users\/2"}],"replies":[{"embeddable":true,"href":"https:\/\/novusmedical.ca\/fr\/wp-json\/wp\/v2\/comments?post=12653"}],"version-history":[{"count":3,"href":"https:\/\/novusmedical.ca\/fr\/wp-json\/wp\/v2\/pages\/12653\/revisions"}],"predecessor-version":[{"id":12656,"href":"https:\/\/novusmedical.ca\/fr\/wp-json\/wp\/v2\/pages\/12653\/revisions\/12656"}],"wp:attachment":[{"href":"https:\/\/novusmedical.ca\/fr\/wp-json\/wp\/v2\/media?parent=12653"}],"curies":[{"name":"wp","href":"https:\/\/api.w.org\/{rel}","templated":true}]}}