{"id":12612,"date":"2025-03-27T17:47:36","date_gmt":"2025-03-27T17:47:36","guid":{"rendered":"https:\/\/novusmedical.ca\/aht\/babypod2\/"},"modified":"2025-07-23T15:57:51","modified_gmt":"2025-07-23T15:57:51","slug":"babypod2","status":"publish","type":"page","link":"https:\/\/novusmedical.ca\/fr\/aht\/babypod2\/","title":{"rendered":"BabyPod2"},"content":{"rendered":"<div class=\"wpb-content-wrapper\">[vc_row css=&#8221;.vc_custom_1739905192786{margin-top: -50px !important;margin-bottom: 50px !important;}&#8221;][vc_column]\n\t\t\t<!-- START AHT BabyPod2  FR REVOLUTION SLIDER 6.6.9 --><p class=\"rs-p-wp-fix\"><\/p>\n\t\t\t<rs-module-wrap id=\"rev_slider_111_1_wrapper\" data-source=\"gallery\" style=\"visibility:hidden;background:transparent;padding:0;margin:0px auto;margin-top:0;margin-bottom:0;\">\n\t\t\t\t<rs-module id=\"rev_slider_111_1\" style=\"\" data-version=\"6.6.9\">\n\t\t\t\t\t<rs-slides style=\"overflow: hidden; position: absolute;\">\n\t\t\t\t\t\t<rs-slide style=\"position: absolute;\" data-key=\"rs-176\" data-title=\"FreeArm Muscle ENG\" data-anim=\"adpr:false;\" data-in=\"o:0;\" data-out=\"a:false;\">\n\t\t\t\t\t\t\t<img data-recalc-dims=\"1\" decoding=\"async\" src=\"https:\/\/i0.wp.com\/novusmedical.ca\/wp-content\/plugins\/revslider\/public\/assets\/assets\/dummy.png?resize=2000%2C1529\" alt=\"\" title=\"heroimage\" width=\"2000\" height=\"1529\" class=\"rev-slidebg tp-rs-img rs-lazyload\" data-lazyload=\"\/\/novusmedical.ca\/wp-content\/uploads\/2025\/03\/heroimage.png\" data-no-retina>\n<!--\n\t\t\t\t\t\t\t--><rs-layer\n\t\t\t\t\t\t\t\tid=\"slider-111-slide-176-layer-0\" \n\t\t\t\t\t\t\t\tdata-type=\"image\"\n\t\t\t\t\t\t\t\tdata-rsp_ch=\"on\"\n\t\t\t\t\t\t\t\tdata-xy=\"x:39px;y:418px;\"\n\t\t\t\t\t\t\t\tdata-text=\"w:normal;\"\n\t\t\t\t\t\t\t\tdata-dim=\"w:366px;h:181px;\"\n\t\t\t\t\t\t\t\tdata-frame_999=\"o:0;st:w;\"\n\t\t\t\t\t\t\t\tstyle=\"z-index:12;\"\n\t\t\t\t\t\t\t><img data-recalc-dims=\"1\" decoding=\"async\" src=\"https:\/\/i0.wp.com\/novusmedical.ca\/wp-content\/plugins\/revslider\/public\/assets\/assets\/dummy.png?resize=894%2C443\" alt=\"\" class=\"tp-rs-img rs-lazyload\" width=\"894\" height=\"443\" data-lazyload=\"\/\/novusmedical.ca\/wp-content\/uploads\/2025\/03\/BP2_TM-Blue-Logo_white.png\" data-no-retina> \n\t\t\t\t\t\t\t<\/rs-layer><!--\n\n\t\t\t\t\t\t\t--><rs-layer\n\t\t\t\t\t\t\t\tid=\"slider-111-slide-176-layer-1\" \n\t\t\t\t\t\t\t\tdata-type=\"image\"\n\t\t\t\t\t\t\t\tdata-rsp_ch=\"on\"\n\t\t\t\t\t\t\t\tdata-xy=\"x:1066px;y:566px;\"\n\t\t\t\t\t\t\t\tdata-text=\"w:normal;\"\n\t\t\t\t\t\t\t\tdata-dim=\"w:123px;h:85px;\"\n\t\t\t\t\t\t\t\tdata-frame_999=\"o:0;st:w;\"\n\t\t\t\t\t\t\t\tstyle=\"z-index:11;\"\n\t\t\t\t\t\t\t><img data-recalc-dims=\"1\" decoding=\"async\" src=\"https:\/\/i0.wp.com\/novusmedical.ca\/wp-content\/plugins\/revslider\/public\/assets\/assets\/dummy.png?resize=1000%2C689\" alt=\"\" class=\"tp-rs-img rs-lazyload\" width=\"1000\" height=\"689\" data-lazyload=\"\/\/novusmedical.ca\/wp-content\/uploads\/2025\/03\/advanced-technology-healthcare-rev.png\" data-no-retina> \n\t\t\t\t\t\t\t<\/rs-layer><!--\n\n\t\t\t\t\t\t\t--><rs-layer\n\t\t\t\t\t\t\t\tid=\"slider-111-slide-176-layer-2\" \n\t\t\t\t\t\t\t\tdata-type=\"shape\"\n\t\t\t\t\t\t\t\tdata-rsp_ch=\"on\"\n\t\t\t\t\t\t\t\tdata-xy=\"x:c;xo:13px;y:c;yo:534px;\"\n\t\t\t\t\t\t\t\tdata-text=\"w:normal;\"\n\t\t\t\t\t\t\t\tdata-dim=\"w:2000px;h:1000px;\"\n\t\t\t\t\t\t\t\tdata-frame_999=\"o:0;st:w;\"\n\t\t\t\t\t\t\t\tstyle=\"z-index:10;background-color:rgba(11,69,115,0.86);\"\n\t\t\t\t\t\t\t> \n\t\t\t\t\t\t\t<\/rs-layer><!--\n\n\t\t\t\t\t\t\t--><rs-layer\n\t\t\t\t\t\t\t\tid=\"slider-111-slide-176-layer-3\" \n\t\t\t\t\t\t\t\tdata-type=\"text\"\n\t\t\t\t\t\t\t\tdata-color=\"#fff\"\n\t\t\t\t\t\t\t\tdata-rsp_ch=\"on\"\n\t\t\t\t\t\t\t\tdata-xy=\"x:51px;y:611px;\"\n\t\t\t\t\t\t\t\tdata-text=\"w:normal;s:40;l:50;fw:300;\"\n\t\t\t\t\t\t\t\tdata-dim=\"w:855px;minh:0px;\"\n\t\t\t\t\t\t\t\tdata-frame_999=\"o:0;st:w;\"\n\t\t\t\t\t\t\t\tstyle=\"z-index:13;font-family:'Roboto';text-transform:capitalize;\"\n\t\t\t\t\t\t\t>Un dispositif de transport pour nourrissons \n\t\t\t\t\t\t\t<\/rs-layer><!--\n-->\t\t\t\t\t\t<\/rs-slide>\n\t\t\t\t\t<\/rs-slides>\n\t\t\t\t<\/rs-module>\n\t\t\t\t<script>\n\t\t\t\t\tsetREVStartSize({c: 'rev_slider_111_1',rl:[1240,1024,778,480],el:[700],gw:[1240],gh:[700],type:'standard',justify:'',layout:'fullwidth',mh:\"0\"});if (window.RS_MODULES!==undefined && window.RS_MODULES.modules!==undefined && window.RS_MODULES.modules[\"revslider1111\"]!==undefined) {window.RS_MODULES.modules[\"revslider1111\"].once = false;window.revapi111 = undefined;if (window.RS_MODULES.checkMinimal!==undefined) window.RS_MODULES.checkMinimal()}\n\t\t\t\t<\/script>\n\t\t\t<\/rs-module-wrap>\n\t\t\t<!-- END REVOLUTION SLIDER -->\n[\/vc_column][\/vc_row][vc_row gap=&#8221;35&#8243; css=&#8221;.vc_custom_1739905368024{padding-top: 100px !important;padding-bottom: 50px !important;}&#8221;][vc_column width=&#8221;1\/2&#8243; css=&#8221;.vc_custom_1743096277064{padding-right: 40px !important;}&#8221;][vc_single_image image=&#8221;12496&#8243; img_size=&#8221;medium&#8221; css_animation=&#8221;none&#8221; css=&#8221;&#8221;][vc_column_text css=&#8221;.vc_custom_1743096313897{margin-bottom: 15px !important;}&#8221;]Typiquement, en cas d&#8217;accident de la route, un incubateur de transport conventionnel peut se d\u00e9tacher de son support, mettant en danger la vie du patient et des membres de l&#8217;\u00e9quipage. Le poids d&#8217;une couveuse typique peut atteindre 120 kg et il est donc extr\u00eamement difficile de l&#8217;attacher \u00e0 une ambulance en toute s\u00e9curit\u00e9. Dans le pass\u00e9, des blessures et des d\u00e9c\u00e8s ont \u00e9t\u00e9 caus\u00e9s par des couveuses qui se sont d\u00e9tach\u00e9es lors d&#8217;un accident.<\/p>\n<p>La construction en fibre de carbone\/composite du BabyPod 2 permet d&#8217;obtenir un dispositif de transport dont le poids est consid\u00e9rablement r\u00e9duit par rapport \u00e0 une solution classique. Pesant moins de 10 kg, il peut \u00eatre fix\u00e9 sur n&#8217;importe quel brancard de transport courant, dans n&#8217;importe quelle ambulance routi\u00e8re ou avion \u00e0 voilure fixe ou tournante.<\/p>\n<p>Cette flexibilit\u00e9 r\u00e9duit la n\u00e9cessit\u00e9 pour une \u00e9quipe de transport d&#8217;attendre la disponibilit\u00e9 d&#8217;un incubateur ou d&#8217;une ambulance sp\u00e9cifique, r\u00e9duisant ainsi le temps n\u00e9cessaire au transfert du patient. Lorsque le temps presse, cela est important \u00e0 la fois pour le bien-\u00eatre du patient et pour la disponibilit\u00e9 de l&#8217;\u00e9quipe de transport \u00e0 effectuer d&#8217;autres transferts.<\/p>\n<p>BabyPod 2 est le syst\u00e8me de transport le plus rentable au monde<br \/>\nLa taille globale et l&#8217;environnement int\u00e9rieur du BabyPod 2 \u00e9tant r\u00e9duits pour diminuer le poids, la consommation d&#8217;oxyg\u00e8ne suppl\u00e9mentaire est \u00e9galement r\u00e9duite. Les incubateurs de transport ordinaires n\u00e9cessitent jusqu&#8217;\u00e0 8 litres par minute pour atteindre une concentration de 36 %.<\/p>\n<p>Un d\u00e9bit d&#8217;oxyg\u00e8ne de 2 litres par minute dans le BabyPod 2 permet de maintenir cette concentration. Cette r\u00e9duction de la consommation d&#8217;oxyg\u00e8ne augmente la dur\u00e9e de la bouteille jusqu&#8217;\u00e0 400 %.[\/vc_column_text][\/vc_column][vc_column width=&#8221;1\/2&#8243;][vc_video link=&#8221;https:\/\/youtu.be\/1yQcZTS_JK8&#8243; css=&#8221;.vc_custom_1743010053334{padding-top: 55px !important;padding-left: 30px !important;}&#8221;][vc_empty_space height=&#8221;30px&#8221;][vc_column_text css=&#8221;.vc_custom_1743096326310{margin-bottom: 15px !important;}&#8221;]Avec un co\u00fbt inf\u00e9rieur \u00e0 20 % de celui d&#8217;une couveuse de transport standard, une consommation d&#8217;oxyg\u00e8ne r\u00e9duite, une construction en fibre de carbone plus l\u00e9g\u00e8re et des dispositifs de s\u00e9curit\u00e9 am\u00e9lior\u00e9s, le BabyPod 2 constitue une solution simple, s\u00fbre et rentable aux besoins de transport des nourrissons.<\/p>\n<p>Le BabyPod 2 est con\u00e7u pour \u00eatre une solution de transport flexible. Des composants suppl\u00e9mentaires peuvent facilement \u00eatre mont\u00e9s sur l&#8217;unit\u00e9 elle-m\u00eame ou sur le chariot ou le brancard sur lequel le BabyPod 2 est fix\u00e9 pour \u00eatre transf\u00e9r\u00e9 dans le v\u00e9hicule d&#8217;ambulance.<\/p>\n<p>Des supports pour monter les pousse-seringues, les pompes et les ventilateurs sont disponibles en option. Cet \u00e9quipement suppl\u00e9mentaire peut \u00eatre mont\u00e9 sur la t\u00eate ou le pied de la nacelle, l&#8217;acc\u00e8s se faisant par des fentes sp\u00e9cifiques dans le couvercle. Un support flexible et multidirectionnel situ\u00e9 \u00e0 l&#8217;int\u00e9rieur du BabyPod 2 permet de maintenir la tubulure de cet \u00e9quipement suppl\u00e9mentaire en place dans l&#8217;environnement du pod.[\/vc_column_text][\/vc_column][\/vc_row][vc_row full_width=&#8221;stretch_row&#8221; gap=&#8221;35&#8243; content_placement=&#8221;top&#8221; css=&#8221;.vc_custom_1632332984655{margin-right: 30px !important;margin-left: 0px !important;background-color: #ffffff !important;}&#8221; el_id=&#8221;aeramaxproii&#8221;][vc_column width=&#8221;1\/2&#8243; css=&#8221;.vc_custom_1740423795327{padding-right: 50px !important;}&#8221;][vc_single_image image=&#8221;12512&#8243; img_size=&#8221;full&#8221; onclick=&#8221;link_image&#8221; css=&#8221;.vc_custom_1743097868080{margin-bottom: 50px !important;}&#8221;][vc_single_image image=&#8221;12514&#8243; img_size=&#8221;full&#8221; alignment=&#8221;center&#8221; onclick=&#8221;link_image&#8221; css=&#8221;.vc_custom_1743097875790{margin-bottom: 50px !important;}&#8221;][vc_row_inner css=&#8221;.vc_custom_1739382483990{margin-bottom: -40px !important;}&#8221;][vc_column_inner width=&#8221;1\/4&#8243;][vc_single_image image=&#8221;12506&#8243; img_size=&#8221;full&#8221; onclick=&#8221;link_image&#8221; css=&#8221;&#8221;][\/vc_column_inner][vc_column_inner width=&#8221;1\/4&#8243;][vc_single_image image=&#8221;12508&#8243; img_size=&#8221;full&#8221; onclick=&#8221;link_image&#8221; css=&#8221;&#8221;][\/vc_column_inner][vc_column_inner width=&#8221;1\/4&#8243;][vc_single_image image=&#8221;12510&#8243; img_size=&#8221;full&#8221; onclick=&#8221;link_image&#8221; css=&#8221;&#8221;][\/vc_column_inner][vc_column_inner width=&#8221;1\/4&#8243;][vc_single_image image=&#8221;12504&#8243; img_size=&#8221;full&#8221; onclick=&#8221;link_image&#8221; css=&#8221;&#8221;][\/vc_column_inner][\/vc_row_inner][vc_row_inner][vc_column_inner width=&#8221;1\/4&#8243;][vc_single_image image=&#8221;12498&#8243; img_size=&#8221;full&#8221; onclick=&#8221;link_image&#8221; css=&#8221;&#8221;][\/vc_column_inner][vc_column_inner width=&#8221;1\/4&#8243;][vc_single_image image=&#8221;12500&#8243; img_size=&#8221;full&#8221; onclick=&#8221;link_image&#8221; css=&#8221;&#8221;][\/vc_column_inner][vc_column_inner width=&#8221;1\/4&#8243;][vc_single_image image=&#8221;12516&#8243; img_size=&#8221;full&#8221; css=&#8221;&#8221;][\/vc_column_inner][vc_column_inner width=&#8221;1\/4&#8243;][vc_single_image image=&#8221;12502&#8243; img_size=&#8221;full&#8221; onclick=&#8221;link_image&#8221; css=&#8221;&#8221;][\/vc_column_inner][\/vc_row_inner][vc_row_inner][vc_column_inner][vc_separator border_width=&#8221;2&#8243; css=&#8221;&#8221;][vc_custom_heading text=&#8221;Documentation&#8221; font_container=&#8221;tag:h2|font_size:21|text_align:left|color:%23273A53&#8243; google_fonts=&#8221;font_family:Roboto%3A100%2C100italic%2C300%2C300italic%2Cregular%2Citalic%2C500%2C500italic%2C700%2C700italic%2C900%2C900italic|font_style:700%20bold%20regular%3A700%3Anormal&#8221; css=&#8221;&#8221;][vc_btn title=&#8221;T\u00e9l\u00e9chargez la fiche d&apos;information&#8221; style=&#8221;outline-custom&#8221; outline_custom_color=&#8221;#000000&#8243; outline_custom_hover_background=&#8221;#93d500&#8243; outline_custom_hover_text=&#8221;#ffffff&#8221; shape=&#8221;square&#8221; align=&#8221;left&#8221; i_icon_fontawesome=&#8221;fas fa-book-medical&#8221; css=&#8221;&#8221; add_icon=&#8221;true&#8221; link=&#8221;url:https%3A%2F%2Fnovusmedical.ca%2Fwp-content%2Fuploads%2F2025%2F03%2FBP2-Info-Sheet-v7.pdf|target:_blank|&#8221;][vc_btn title=&#8221;Manuel d&apos;utilisation et d&apos;entretien du BabyPod2&#8243; style=&#8221;outline-custom&#8221; outline_custom_color=&#8221;#000000&#8243; outline_custom_hover_background=&#8221;#93d500&#8243; outline_custom_hover_text=&#8221;#ffffff&#8221; shape=&#8221;square&#8221; align=&#8221;left&#8221; i_icon_fontawesome=&#8221;fas fa-book&#8221; css=&#8221;&#8221; add_icon=&#8221;true&#8221; link=&#8221;url:https%3A%2F%2Fnovusmedical.ca%2Fwp-content%2Fuploads%2F2025%2F03%2FBabyPod2-Manual-AHT-F-063-v2.3.pdf|&#8221;][\/vc_column_inner][\/vc_row_inner][\/vc_column][vc_column width=&#8221;1\/2&#8243; css=&#8221;.vc_custom_1632333011420{margin-left: 35px !important;}&#8221;][vc_custom_heading text=&#8221;Caract\u00e9ristiques du BabyPod2&#8243; font_container=&#8221;tag:h2|font_size:32|text_align:left|color:%23273A53&#8243; google_fonts=&#8221;font_family:Roboto%3A100%2C100italic%2C300%2C300italic%2Cregular%2Citalic%2C500%2C500italic%2C700%2C700italic%2C900%2C900italic|font_style:700%20bold%20regular%3A700%3Anormal&#8221; css=&#8221;&#8221;][vc_separator border_width=&#8221;2&#8243; css=&#8221;.vc_custom_1742238054644{padding-bottom: 15px !important;}&#8221;][vc_row_inner][vc_column_inner width=&#8221;1\/4&#8243;][vc_single_image image=&#8221;12530&#8243; img_size=&#8221;full&#8221; css=&#8221;&#8221;][\/vc_column_inner][vc_column_inner width=&#8221;3\/4&#8243;][vc_column_text css=&#8221;.vc_custom_1743009962342{padding-top: 20px !important;}&#8221;]Le BabyPod 2 ne p\u00e8se que 9,5 kg et est destin\u00e9 aux nourrissons pesant jusqu&#8217;\u00e0 8 kg, ce qui permet \u00e0 une seule personne de le soulever et de le man\u0153uvrer facilement.[\/vc_column_text][\/vc_column_inner][\/vc_row_inner][vc_row_inner][vc_column_inner width=&#8221;1\/4&#8243;][vc_single_image image=&#8221;12528&#8243; img_size=&#8221;full&#8221; css=&#8221;&#8221;][\/vc_column_inner][vc_column_inner width=&#8221;3\/4&#8243;][vc_column_text css=&#8221;.vc_custom_1743009659950{padding-top: 10px !important;}&#8221;]A l&#8217;int\u00e9rieur du BabyPod 2, le b\u00e9b\u00e9 est confortablement maintenu en position par un matelas \u00e0 d\u00e9pression et des sangles de positionnement souples.<\/p>\n<p>Le matelas \u00e0 d\u00e9pression est moul\u00e9 autour du patient, puis l&#8217;air est retir\u00e9 \u00e0 l&#8217;aide d&#8217;une pompe \u00e0 vide pour maintenir le matelas en forme. Il s&#8217;agit d&#8217;un support souple mais rigide pour le nourrisson pendant le transport.<\/p>\n<p>Dimensions : 1026 x 440 x 280 mm (L x L x H) 1026 x 440 x 280mm (L x L x H)[\/vc_column_text][\/vc_column_inner][\/vc_row_inner][vc_row_inner][vc_column_inner width=&#8221;1\/4&#8243;][vc_single_image image=&#8221;12534&#8243; img_size=&#8221;full&#8221; css=&#8221;&#8221;][\/vc_column_inner][vc_column_inner width=&#8221;3\/4&#8243;][vc_column_text css=&#8221;.vc_custom_1743009718655{padding-top: 30px !important;}&#8221;]10,6kg (23,4lbs) sans patient<br \/>\nLimite de poids du nourrisson : 2-8kg (4.4-17.6lbs)[\/vc_column_text][\/vc_column_inner][\/vc_row_inner][vc_row_inner][vc_column_inner width=&#8221;1\/4&#8243;][vc_single_image image=&#8221;12532&#8243; img_size=&#8221;full&#8221; css=&#8221;&#8221;][\/vc_column_inner][vc_column_inner width=&#8221;3\/4&#8243;][vc_column_text css=&#8221;.vc_custom_1743009879088{padding-top: 20px !important;}&#8221;]Le BabyPod 2 a \u00e9t\u00e9 con\u00e7u en pensant \u00e0 la s\u00e9curit\u00e9 de l&#8217;enfant. La construction high-tech en fibre de carbone du BabyPod 2 a \u00e9t\u00e9 soumise \u00e0 des tests de collision conformes aux exigences de la norme europ\u00e9enne pour les ambulances (CEN 1789).<\/p>\n<p>Le BabyPod 2 a \u00e9t\u00e9 test\u00e9 avec une acc\u00e9l\u00e9ration\/d\u00e9c\u00e9l\u00e9ration de 10g dans toutes les directions repr\u00e9sentant une collision \u00e0 55 kilom\u00e8tres par heure (30 mph) et est le seul dispositif de transport au monde \u00e0 avoir \u00e9t\u00e9 test\u00e9 et approuv\u00e9 selon cette norme.[\/vc_column_text][\/vc_column_inner][\/vc_row_inner][vc_row_inner][vc_column_inner width=&#8221;1\/4&#8243;][vc_single_image image=&#8221;12526&#8243; img_size=&#8221;full&#8221; css=&#8221;&#8221;][\/vc_column_inner][vc_column_inner width=&#8221;3\/4&#8243;][vc_column_text css=&#8221;.vc_custom_1743009946660{padding-top: 40px !important;}&#8221;]CEN 1789 (d\u00e9passe 10g dans 6 directions)[\/vc_column_text][\/vc_column_inner][\/vc_row_inner][vc_empty_space][vc_empty_space][\/vc_column][\/vc_row][vc_row][vc_column][vc_separator border_width=&#8221;2&#8243; css=&#8221;.vc_custom_1742240110618{padding-top: 25px !important;padding-bottom: 10px !important;}&#8221;][vc_custom_heading text=&#8221;Prenez contact&#8221; font_container=&#8221;tag:h2|font_size:36|text_align:center|color:%23273A53&#8243; google_fonts=&#8221;font_family:Roboto%3A100%2C100italic%2C300%2C300italic%2Cregular%2Citalic%2C500%2C500italic%2C700%2C700italic%2C900%2C900italic|font_style:700%20bold%20regular%3A700%3Anormal&#8221; css=&#8221;&#8221;][vc_column_text css=&#8221;&#8221;]\n<p style=\"text-align: center;\">Pour plus d&#8217;informations, pour organiser une d\u00e9monstration ou pour poser des questions<\/p>\n[\/vc_column_text][vc_btn title=&#8221;Contactez nous&#8221; style=&#8221;outline-custom&#8221; outline_custom_color=&#8221;#000000&#8243; outline_custom_hover_background=&#8221;#93d500&#8243; outline_custom_hover_text=&#8221;#ffffff&#8221; shape=&#8221;square&#8221; align=&#8221;center&#8221; i_icon_fontawesome=&#8221;fas fa-comments&#8221; css=&#8221;&#8221; add_icon=&#8221;true&#8221; link=&#8221;url:https%3A%2F%2Fnovusmedical.ca%2Ffr%2Fcontact-novus%2F|title:Contacter%20Novus|target:_blank|&#8221;][vc_separator border_width=&#8221;2&#8243; css=&#8221;.vc_custom_1742238200773{padding-top: 25px !important;}&#8221;][\/vc_column][\/vc_row][vc_row full_width=&#8221;stretch_row_content&#8221; gap=&#8221;15&#8243; content_placement=&#8221;middle&#8221; css=&#8221;.vc_custom_1740423752531{margin-bottom: -68px !important;}&#8221;][vc_column css=&#8221;.vc_custom_1743096852891{padding-top: 30px !important;padding-bottom: 30px !important;background-image: url(https:\/\/novusmedical.ca\/wp-content\/uploads\/2025\/03\/WebPromo.png?id=12540) !important;background-position: center !important;background-repeat: no-repeat !important;background-size: cover !important;border-color: #FFFFFF !important;}&#8221;][vc_custom_heading text=&#8221;NeoPod&#8221; font_container=&#8221;tag:h2|font_size:36|text_align:center|color:%23FFFFFF&#8221; google_fonts=&#8221;font_family:Roboto%3A100%2C100italic%2C300%2C300italic%2Cregular%2Citalic%2C500%2C500italic%2C700%2C700italic%2C900%2C900italic|font_style:900%20bold%20regular%3A900%3Anormal&#8221; css=&#8221;.vc_custom_1743096869749{padding-top: 70px !important;padding-bottom: 20px !important;}&#8221;][vc_btn title=&#8221;EN SAVOIR PLUS&#8221; style=&#8221;outline-custom&#8221; outline_custom_color=&#8221;#FFFFFF&#8221; outline_custom_hover_background=&#8221;#FFFFFF&#8221; outline_custom_hover_text=&#8221;#000000&#8243; shape=&#8221;square&#8221; align=&#8221;center&#8221; css=&#8221;.vc_custom_1743098066287{padding-bottom: 50px !important;}&#8221; link=&#8221;url:https%3A%2F%2Fnovusmedical.ca%2Ffr%2Faht%2Fneopod%2F|title:N%C3%A9opode|&#8221;][\/vc_column][\/vc_row]\n<\/div>","protected":false},"excerpt":{"rendered":"<p>[vc_row css=&#8221;.vc_custom_1739905192786{margin-top: -50px !important;margin-bottom: 50px !important;}&#8221;][vc_column][\/vc_column][\/vc_row][vc_row gap=&#8221;35&#8243; css=&#8221;.vc_custom_1739905368024{padding-top: 100px !important;padding-bottom: 50px !important;}&#8221;][vc_column width=&#8221;1\/2&#8243; css=&#8221;.vc_custom_1743096277064{padding-right: 40px !important;}&#8221;][vc_single_image image=&#8221;12496&#8243; img_size=&#8221;medium&#8221; css_animation=&#8221;none&#8221; css=&#8221;&#8221;][vc_column_text [&hellip;]<\/p>\n","protected":false},"author":2,"featured_media":0,"parent":12609,"menu_order":0,"comment_status":"closed","ping_status":"closed","template":"","meta":{"om_disable_all_campaigns":false,"_monsterinsights_skip_tracking":false,"_monsterinsights_sitenote_active":false,"_monsterinsights_sitenote_note":"","_monsterinsights_sitenote_category":0,"footnotes":""},"class_list":["post-12612","page","type-page","status-publish","hentry"],"jetpack_sharing_enabled":true,"_links":{"self":[{"href":"https:\/\/novusmedical.ca\/fr\/wp-json\/wp\/v2\/pages\/12612","targetHints":{"allow":["GET"]}}],"collection":[{"href":"https:\/\/novusmedical.ca\/fr\/wp-json\/wp\/v2\/pages"}],"about":[{"href":"https:\/\/novusmedical.ca\/fr\/wp-json\/wp\/v2\/types\/page"}],"author":[{"embeddable":true,"href":"https:\/\/novusmedical.ca\/fr\/wp-json\/wp\/v2\/users\/2"}],"replies":[{"embeddable":true,"href":"https:\/\/novusmedical.ca\/fr\/wp-json\/wp\/v2\/comments?post=12612"}],"version-history":[{"count":6,"href":"https:\/\/novusmedical.ca\/fr\/wp-json\/wp\/v2\/pages\/12612\/revisions"}],"predecessor-version":[{"id":12796,"href":"https:\/\/novusmedical.ca\/fr\/wp-json\/wp\/v2\/pages\/12612\/revisions\/12796"}],"up":[{"embeddable":true,"href":"https:\/\/novusmedical.ca\/fr\/wp-json\/wp\/v2\/pages\/12609"}],"wp:attachment":[{"href":"https:\/\/novusmedical.ca\/fr\/wp-json\/wp\/v2\/media?parent=12612"}],"curies":[{"name":"wp","href":"https:\/\/api.w.org\/{rel}","templated":true}]}}