{"id":12343,"date":"2025-02-24T20:02:41","date_gmt":"2025-02-24T20:02:41","guid":{"rendered":"https:\/\/novusmedical.ca\/clipfreearm\/"},"modified":"2025-03-13T18:42:02","modified_gmt":"2025-03-13T18:42:02","slug":"clipfreearm","status":"publish","type":"page","link":"https:\/\/novusmedical.ca\/fr\/freearm\/clipfreearm\/","title":{"rendered":"ClipFreearm"},"content":{"rendered":"<div class=\"wpb-content-wrapper\">[vc_row css=&#8221;.vc_custom_1739905192786{margin-top: -50px !important;margin-bottom: 50px !important;}&#8221;][vc_column]\n\t\t\t<!-- START FreeArm ENG REVOLUTION SLIDER 6.6.9 --><p class=\"rs-p-wp-fix\"><\/p>\n\t\t\t<rs-module-wrap id=\"rev_slider_106_1_wrapper\" data-source=\"gallery\" style=\"visibility:hidden;background:transparent;padding:0;margin:0px auto;margin-top:0;margin-bottom:0;\">\n\t\t\t\t<rs-module id=\"rev_slider_106_1\" style=\"\" data-version=\"6.6.9\">\n\t\t\t\t\t<rs-slides style=\"overflow: hidden; position: absolute;\">\n\t\t\t\t\t\t<rs-slide style=\"position: absolute;\" data-key=\"rs-167\" data-title=\"FreeArm Muscle ENG\" data-anim=\"adpr:false;\" data-in=\"o:0;\" data-out=\"a:false;\" data-mediafilter=\"clarendon\">\n\t\t\t\t\t\t\t<img data-recalc-dims=\"1\" decoding=\"async\" src=\"https:\/\/i0.wp.com\/novusmedical.ca\/wp-content\/plugins\/revslider\/public\/assets\/assets\/dummy.png?resize=1537%2C2305\" alt=\"\" title=\"FreeArm+Extra+Hand\" width=\"1537\" height=\"2305\" class=\"rev-slidebg tp-rs-img rs-lazyload\" data-lazyload=\"\/\/novusmedical.ca\/wp-content\/uploads\/2025\/02\/FreeArmExtraHand.jpg\" data-no-retina>\n<!--\n\t\t\t\t\t\t\t--><rs-layer\n\t\t\t\t\t\t\t\tid=\"slider-106-slide-167-layer-2\" \n\t\t\t\t\t\t\t\tdata-type=\"shape\"\n\t\t\t\t\t\t\t\tdata-rsp_ch=\"on\"\n\t\t\t\t\t\t\t\tdata-xy=\"x:c;y:c;\"\n\t\t\t\t\t\t\t\tdata-text=\"w:normal;\"\n\t\t\t\t\t\t\t\tdata-dim=\"w:2000px;h:1000px;\"\n\t\t\t\t\t\t\t\tdata-frame_999=\"o:0;st:w;\"\n\t\t\t\t\t\t\t\tstyle=\"z-index:10;background-color:rgba(70,184,233,0.82);\"\n\t\t\t\t\t\t\t> \n\t\t\t\t\t\t\t<\/rs-layer><!--\n\n\t\t\t\t\t\t\t--><rs-layer\n\t\t\t\t\t\t\t\tid=\"slider-106-slide-167-layer-3\" \n\t\t\t\t\t\t\t\tdata-type=\"image\"\n\t\t\t\t\t\t\t\tdata-rsp_ch=\"on\"\n\t\t\t\t\t\t\t\tdata-xy=\"x:c;y:188px;\"\n\t\t\t\t\t\t\t\tdata-text=\"w:normal;\"\n\t\t\t\t\t\t\t\tdata-dim=\"w:680px;h:268px;\"\n\t\t\t\t\t\t\t\tdata-frame_999=\"o:0;st:w;\"\n\t\t\t\t\t\t\t\tstyle=\"z-index:11;\"\n\t\t\t\t\t\t\t><img data-recalc-dims=\"1\" decoding=\"async\" src=\"https:\/\/i0.wp.com\/novusmedical.ca\/wp-content\/plugins\/revslider\/public\/assets\/assets\/dummy.png?resize=750%2C296\" alt=\"\" class=\"tp-rs-img rs-lazyload\" width=\"750\" height=\"296\" data-lazyload=\"\/\/novusmedical.ca\/wp-content\/uploads\/2025\/02\/FA_Logo_rbg_ti-01.png\" data-no-retina> \n\t\t\t\t\t\t\t<\/rs-layer><!--\n-->\t\t\t\t\t\t<\/rs-slide>\n\t\t\t\t\t<\/rs-slides>\n\t\t\t\t<\/rs-module>\n\t\t\t\t<script>\n\t\t\t\t\tsetREVStartSize({c: 'rev_slider_106_1',rl:[1240,1024,778,480],el:[700],gw:[1240],gh:[700],type:'standard',justify:'',layout:'fullwidth',mh:\"0\"});if (window.RS_MODULES!==undefined && window.RS_MODULES.modules!==undefined && window.RS_MODULES.modules[\"revslider1061\"]!==undefined) {window.RS_MODULES.modules[\"revslider1061\"].once = false;window.revapi106 = undefined;if (window.RS_MODULES.checkMinimal!==undefined) window.RS_MODULES.checkMinimal()}\n\t\t\t\t<\/script>\n\t\t\t<\/rs-module-wrap>\n\t\t\t<!-- END REVOLUTION SLIDER -->\n[\/vc_column][\/vc_row][vc_row full_width=&#8221;stretch_row&#8221; gap=&#8221;35&#8243; content_placement=&#8221;top&#8221; css=&#8221;.vc_custom_1740427277851{margin-right: 30px !important;margin-left: 0px !important;padding-top: 100px !important;background-color: #ffffff !important;}&#8221; el_id=&#8221;aeramaxproii&#8221;][vc_column width=&#8221;1\/2&#8243; css=&#8221;.vc_custom_1740423795327{padding-right: 50px !important;}&#8221;][vc_single_image image=&#8221;12350&#8243; img_size=&#8221;full&#8221; onclick=&#8221;link_image&#8221; css=&#8221;&#8221;][vc_row_inner css=&#8221;.vc_custom_1739382483990{margin-bottom: -40px !important;}&#8221;][vc_column_inner width=&#8221;1\/4&#8243;][vc_single_image image=&#8221;12352&#8243; img_size=&#8221;full&#8221; onclick=&#8221;link_image&#8221; css=&#8221;&#8221;][\/vc_column_inner][vc_column_inner width=&#8221;1\/4&#8243;][vc_single_image image=&#8221;12348&#8243; img_size=&#8221;full&#8221; onclick=&#8221;link_image&#8221; css=&#8221;&#8221;][\/vc_column_inner][vc_column_inner width=&#8221;1\/4&#8243;][vc_single_image image=&#8221;12201&#8243; img_size=&#8221;full&#8221; onclick=&#8221;link_image&#8221; css=&#8221;&#8221;][\/vc_column_inner][vc_column_inner width=&#8221;1\/4&#8243;][vc_single_image image=&#8221;12203&#8243; img_size=&#8221;full&#8221; onclick=&#8221;link_image&#8221; css=&#8221;&#8221;][\/vc_column_inner][\/vc_row_inner][vc_row_inner][vc_column_inner][\/vc_column_inner][\/vc_row_inner][\/vc_column][vc_column width=&#8221;1\/2&#8243; css=&#8221;.vc_custom_1632333011420{margin-left: 35px !important;}&#8221;][vc_custom_heading text=&#8221;FreeArm Muscle Clip&#8221; font_container=&#8221;tag:h2|font_size:42|text_align:left|color:%2346B8E9&#8243; google_fonts=&#8221;font_family:Roboto%3A100%2C100italic%2C300%2C300italic%2Cregular%2Citalic%2C500%2C500italic%2C700%2C700italic%2C900%2C900italic|font_style:900%20bold%20regular%3A900%3Anormal&#8221; css=&#8221;.vc_custom_1740426630705{padding-top: 30px !important;padding-bottom: 10px !important;}&#8221;][vc_column_text css=&#8221;&#8221;]Notre clip FreeArm Muscle est \u00e9pais, solide et dot\u00e9 d&#8217;un \u00e9crou de verrouillage \u00e0 l&#8217;endroit o\u00f9 le clip se connecte au bras pliable. Cela permet au clip de ne pas se d\u00e9tacher, m\u00eame lorsque vous tenez un sac d&#8217;alimentation plus lourd ! Le clip FreeArm Muscle poss\u00e8de \u00e9galement deux crochets pour les aliments et les chasses d&#8217;eau, ou pour suspendre deux sacs \u00e0 la fois si n\u00e9cessaire ! Inclus avec chaque achat de FreeArm Muscle, mais vous pouvez \u00e9galement l&#8217;acheter s\u00e9par\u00e9ment ici.<\/p>\n<p>Le clip sup\u00e9rieur FreeArm \u00e0 usage unique est disponible en bo\u00eetes de 25. Il est recommand\u00e9 d&#8217;attribuer un nouveau clip FreeArm par patient lorsque le FreeArm est d\u00e9sinfect\u00e9 et utilis\u00e9 entre deux patients. Un clip sup\u00e9rieur \u00e0 usage unique doit \u00eatre conserv\u00e9 au chevet de chaque patient et essuy\u00e9 r\u00e9guli\u00e8rement avec une lingette Sani-Cloth ou CaviWipe.[\/vc_column_text][vc_raw_html css=&#8221;&#8221;]JTNDZGl2JTIwY2xhc3MlM0QlMjJlY3NwJTIwZWNzcC1TaW5nbGVQcm9kdWN0LXYyJTIwZWNzcC1Qcm9kdWN0JTIwZWMtUHJvZHVjdC03Mjk1OTA1MTAlMjIlMjBpdGVtdHlwZSUzRCUyMmh0dHAlM0ElMkYlMkZzY2hlbWEub3JnJTJGUHJvZHVjdCUyMiUyMGRhdGEtc2luZ2xlLXByb2R1Y3QtaWQlM0QlMjI3Mjk1OTA1MTAlMjIlM0UlM0NkaXYlMjBjbGFzcyUzRCUyMmVjc3AtdGl0bGUlMjIlMjBpdGVtcHJvcCUzRCUyMm5hbWUlMjIlMjBzdHlsZSUzRCUyMmRpc3BsYXklM0Fub25lJTNCJTIyJTIwY29udGVudCUzRCUyMkZyZWVBcm0lMjBNdXNjbGUlMjBDbGlwJTIyJTNFJTNDJTJGZGl2JTNFJTNDZGl2JTIwY3VzdG9tcHJvcCUzRCUyMmFkZHRvYmFnJTIyJTNFJTNDJTJGZGl2JTNFJTNDJTJGZGl2JTNFJTNDc2NyaXB0JTIwZGF0YS1jZmFzeW5jJTNEJTIyZmFsc2UlMjIlMjB0eXBlJTNEJTIydGV4dCUyRmphdmFzY3JpcHQlMjIlMjBzcmMlM0QlMjJodHRwcyUzQSUyRiUyRmFwcC5lY3dpZC5jb20lMkZzY3JpcHQuanMlM0Y5NTAwMjUwOSUyNmRhdGFfcGxhdGZvcm0lM0RzaW5nbGVwcm9kdWN0X3YyJTIyJTIwY2hhcnNldCUzRCUyMnV0Zi04JTIyJTNFJTNDJTJGc2NyaXB0JTNFJTNDc2NyaXB0JTIwdHlwZSUzRCUyMnRleHQlMkZqYXZhc2NyaXB0JTIyJTNFeFByb2R1Y3QlMjglMjklM0MlMkZzY3JpcHQlM0U=[\/vc_raw_html][vc_row_inner css=&#8221;.vc_custom_1740423926395{padding-bottom: 5px !important;background-color: #FFFFFF !important;}&#8221;][vc_column_inner width=&#8221;1\/4&#8243;][vc_single_image image=&#8221;12150&#8243; img_size=&#8221;300&#215;300&#8243; alignment=&#8221;center&#8221; onclick=&#8221;link_image&#8221; css=&#8221;&#8221;][vc_custom_heading text=&#8221;MAIN EXTRA&#8221; font_container=&#8221;tag:h2|font_size:14|text_align:center|color:%230F384A&#8221; google_fonts=&#8221;font_family:Roboto%3A100%2C100italic%2C300%2C300italic%2Cregular%2Citalic%2C500%2C500italic%2C700%2C700italic%2C900%2C900italic|font_style:900%20bold%20regular%3A900%3Anormal&#8221; css=&#8221;.vc_custom_1739908296877{margin-top: -20px !important;}&#8221;][\/vc_column_inner][vc_column_inner width=&#8221;1\/4&#8243;][vc_single_image image=&#8221;12154&#8243; img_size=&#8221;large&#8221; alignment=&#8221;center&#8221; onclick=&#8221;link_image&#8221; css=&#8221;&#8221;][vc_custom_heading text=&#8221;MOBILIT\u00c9&#8221; font_container=&#8221;tag:h2|font_size:14|text_align:center|color:%230F384A&#8221; google_fonts=&#8221;font_family:Roboto%3A100%2C100italic%2C300%2C300italic%2Cregular%2Citalic%2C500%2C500italic%2C700%2C700italic%2C900%2C900italic|font_style:900%20bold%20regular%3A900%3Anormal&#8221; css=&#8221;.vc_custom_1739908310532{margin-top: -20px !important;}&#8221;][\/vc_column_inner][vc_column_inner width=&#8221;1\/4&#8243;][vc_single_image image=&#8221;12156&#8243; img_size=&#8221;large&#8221; alignment=&#8221;center&#8221; onclick=&#8221;link_image&#8221; css=&#8221;&#8221;][vc_custom_heading text=&#8221;CONSISTANCE&#8221; font_container=&#8221;tag:h2|font_size:14|text_align:center|color:%230F384A&#8221; google_fonts=&#8221;font_family:Roboto%3A100%2C100italic%2C300%2C300italic%2Cregular%2Citalic%2C500%2C500italic%2C700%2C700italic%2C900%2C900italic|font_style:900%20bold%20regular%3A900%3Anormal&#8221; css=&#8221;.vc_custom_1739908324122{margin-top: -20px !important;}&#8221;][\/vc_column_inner][vc_column_inner width=&#8221;1\/4&#8243;][vc_single_image image=&#8221;12162&#8243; img_size=&#8221;300&#215;300&#8243; alignment=&#8221;center&#8221; onclick=&#8221;link_image&#8221; css=&#8221;&#8221;][vc_custom_heading text=&#8221;AIDE HOSPITALIERE&#8221; font_container=&#8221;tag:h2|font_size:14|text_align:center|color:%230F384A&#8221; google_fonts=&#8221;font_family:Roboto%3A100%2C100italic%2C300%2C300italic%2Cregular%2Citalic%2C500%2C500italic%2C700%2C700italic%2C900%2C900italic|font_style:900%20bold%20regular%3A900%3Anormal&#8221; css=&#8221;.vc_custom_1739908337219{margin-top: -20px !important;}&#8221;][\/vc_column_inner][\/vc_row_inner][vc_empty_space][vc_row_inner][vc_column_inner][\/vc_column_inner][\/vc_row_inner][\/vc_column][\/vc_row][vc_row][vc_column][vc_custom_heading text=&#8221;Avis des clients de FreeArm&#8221; font_container=&#8221;tag:h2|font_size:32|text_align:left|color:%2346B8E9&#8243; google_fonts=&#8221;font_family:Roboto%3A100%2C100italic%2C300%2C300italic%2Cregular%2Citalic%2C500%2C500italic%2C700%2C700italic%2C900%2C900italic|font_style:900%20bold%20regular%3A900%3Anormal&#8221; css=&#8221;.vc_custom_1740422770761{padding-top: 76px !important;}&#8221;][vc_separator border_width=&#8221;2&#8243; css=&#8221;.vc_custom_1740423983603{padding-bottom: 0px !important;}&#8221;][\/vc_column][\/vc_row][vc_row full_width=&#8221;stretch_row&#8221; gap=&#8221;35&#8243; content_placement=&#8221;top&#8221; css=&#8221;.vc_custom_1740424023062{margin-top: 0px !important;margin-bottom: 100px !important;background-color: #FFFFFF !important;}&#8221;][vc_column width=&#8221;1\/3&#8243; css=&#8221;.vc_custom_1740422930986{padding-right: 50px !important;}&#8221;][vc_column_text css=&#8221;&#8221;]Ma petite a \u00e9t\u00e9 nourrie par sonde toute sa vie. Lorsque nous sommes rentr\u00e9s de l&#8217;h\u00f4pital, nous avons d\u00fb nous adapter, mais nous avons rapidement r\u00e9alis\u00e9 que tenir une seringue pendant 30 minutes, 4 fois par jour, prenait beaucoup de temps et faisait travailler les bras. Nous avons trouv\u00e9 un bras libre en faisant une recherche rapide sur Google et nous en avons achet\u00e9 un que nous avons ajout\u00e9 \u00e0 une potence \u00e0 perfusion que nous avions. Maintenant, nous pouvons nourrir notre petite fille n&#8217;importe o\u00f9 dans la maison et elle peut m\u00eame marcher avec l&#8217;alimentation. Comme elle a 5 ans, la pince s&#8217;est cass\u00e9e quelques fois mais les remplacements sont toujours parfaits. Ils sont faciles \u00e0 commander et la livraison est rapide. Je recommande Free Arm \u00e0 tous ceux qui nourrissent \u00e0 la seringue.[\/vc_column_text][vc_custom_heading text=&#8221;M\u00e9lanie&#8221; font_container=&#8221;tag:h2|font_size:21|text_align:left|color:%23000000&#8243; google_fonts=&#8221;font_family:Roboto%3A100%2C100italic%2C300%2C300italic%2Cregular%2Citalic%2C500%2C500italic%2C700%2C700italic%2C900%2C900italic|font_style:700%20bold%20regular%3A700%3Anormal&#8221; css=&#8221;&#8221;][vc_single_image image=&#8221;12260&#8243; img_size=&#8221;large&#8221; css=&#8221;.vc_custom_1740422613847{padding-bottom: -10px !important;}&#8221;][\/vc_column][vc_column width=&#8221;1\/3&#8243; css=&#8221;.vc_custom_1740422947165{padding-left: 50px !important;}&#8221;][vc_column_text css=&#8221;.vc_custom_1740426827555{padding-top: -20px !important;}&#8221;]J&#8217;aime bien avoir des r\u00e9serves, surtout quand il s&#8217;agit de mat\u00e9riel m\u00e9dical. Je n&#8217;ai pas encore eu besoin de cette pi\u00e8ce de rechange, car celle qui a \u00e9t\u00e9 livr\u00e9e avec le FreeArm Muscle fonctionne tr\u00e8s bien ! Mais il est arriv\u00e9 en parfait \u00e9tat, et je me sens mieux en sachant que je l&#8217;ai au cas o\u00f9.[\/vc_column_text][vc_custom_heading text=&#8221;Morgan&#8221; font_container=&#8221;tag:h2|font_size:21|text_align:left|color:%23000000&#8243; google_fonts=&#8221;font_family:Roboto%3A100%2C100italic%2C300%2C300italic%2Cregular%2Citalic%2C500%2C500italic%2C700%2C700italic%2C900%2C900italic|font_style:700%20bold%20regular%3A700%3Anormal&#8221; css=&#8221;&#8221;][vc_single_image image=&#8221;12260&#8243; img_size=&#8221;large&#8221; css=&#8221;&#8221;][\/vc_column][vc_column width=&#8221;1\/3&#8243; css=&#8221;.vc_custom_1740426965506{padding-left: 50px !important;}&#8221;][vc_column_text css=&#8221;&#8221;]Notre clip de remplacement s&#8217;est parfaitement adapt\u00e9 et a \u00e9t\u00e9 tr\u00e8s facile \u00e0 mettre en place. Vous \u00eates de nouveau op\u00e9rationnel en quelques secondes ![\/vc_column_text][vc_custom_heading text=&#8221;Julie&#8221; font_container=&#8221;tag:h2|font_size:21|text_align:left|color:%23000000&#8243; google_fonts=&#8221;font_family:Roboto%3A100%2C100italic%2C300%2C300italic%2Cregular%2Citalic%2C500%2C500italic%2C700%2C700italic%2C900%2C900italic|font_style:700%20bold%20regular%3A700%3Anormal&#8221; css=&#8221;&#8221;][vc_single_image image=&#8221;12260&#8243; img_size=&#8221;large&#8221; css=&#8221;&#8221;][\/vc_column][\/vc_row][vc_row full_width=&#8221;stretch_row_content&#8221; gap=&#8221;5&#8243; content_placement=&#8221;middle&#8221; css=&#8221;.vc_custom_1740432692689{margin-bottom: -68px !important;}&#8221;][vc_column width=&#8221;1\/2&#8243; css=&#8221;.vc_custom_1740423432449{padding-top: 30px !important;padding-bottom: 30px !important;background-image: url(https:\/\/novusmedical.ca\/wp-content\/uploads\/2025\/02\/hospitalfreearmlight.png?id=12255) !important;background-position: center !important;background-repeat: no-repeat !important;background-size: cover !important;border-color: #FFFFFF !important;}&#8221;][vc_custom_heading text=&#8221;Hospital FreeArm Muscle&#8221; font_container=&#8221;tag:h2|font_size:36|text_align:center|color:%23FFFFFF&#8221; google_fonts=&#8221;font_family:Roboto%3A100%2C100italic%2C300%2C300italic%2Cregular%2Citalic%2C500%2C500italic%2C700%2C700italic%2C900%2C900italic|font_style:900%20bold%20regular%3A900%3Anormal&#8221; css=&#8221;.vc_custom_1740423485404{padding-top: 70px !important;padding-bottom: 20px !important;}&#8221;][vc_btn title=&#8221;EN SAVOIR PLUS&#8221; style=&#8221;outline-custom&#8221; outline_custom_color=&#8221;#FFFFFF&#8221; outline_custom_hover_background=&#8221;#FFFFFF&#8221; outline_custom_hover_text=&#8221;#000000&#8243; shape=&#8221;square&#8221; align=&#8221;center&#8221; css=&#8221;.vc_custom_1740432704246{padding-bottom: 50px !important;}&#8221; link=&#8221;url:https%3A%2F%2Fnovusmedical.ca%2Ffr%2Fhopital-freearm%2F|title:FreearmMuscle|&#8221;][\/vc_column][vc_column width=&#8221;1\/2&#8243; css=&#8221;.vc_custom_1740427156743{padding-top: 30px !important;padding-bottom: 30px !important;background-image: url(https:\/\/novusmedical.ca\/wp-content\/uploads\/2025\/02\/FreeArmmuscle.png?id=12279) !important;background-position: center !important;background-repeat: no-repeat !important;background-size: cover !important;}&#8221;][vc_custom_heading text=&#8221;FreeArm Muscle&#8221; font_container=&#8221;tag:h2|font_size:36|text_align:center|color:%23FFFFFF&#8221; google_fonts=&#8221;font_family:Roboto%3A100%2C100italic%2C300%2C300italic%2Cregular%2Citalic%2C500%2C500italic%2C700%2C700italic%2C900%2C900italic|font_style:900%20bold%20regular%3A900%3Anormal&#8221; css=&#8221;.vc_custom_1740426991701{padding-top: 70px !important;padding-bottom: 20px !important;}&#8221;][vc_btn title=&#8221;EN SAVOIR PLUS&#8221; style=&#8221;outline-custom&#8221; outline_custom_color=&#8221;#FFFFFF&#8221; outline_custom_hover_background=&#8221;#FFFFFF&#8221; outline_custom_hover_text=&#8221;#000000&#8243; shape=&#8221;square&#8221; align=&#8221;center&#8221; css=&#8221;.vc_custom_1740432712471{padding-bottom: 50px !important;}&#8221; link=&#8221;url:https%3A%2F%2Fnovusmedical.ca%2Ffr%2Ffreearmmuscle%2F|title:FreearmMuscle|&#8221;][\/vc_column][\/vc_row]\n<\/div>","protected":false},"excerpt":{"rendered":"<p>[vc_row css=&#8221;.vc_custom_1739905192786{margin-top: -50px !important;margin-bottom: 50px !important;}&#8221;][vc_column][\/vc_column][\/vc_row][vc_row full_width=&#8221;stretch_row&#8221; gap=&#8221;35&#8243; content_placement=&#8221;top&#8221; css=&#8221;.vc_custom_1740427277851{margin-right: 30px !important;margin-left: 0px !important;padding-top: 100px !important;background-color: #ffffff !important;}&#8221; el_id=&#8221;aeramaxproii&#8221;][vc_column width=&#8221;1\/2&#8243; [&hellip;]<\/p>\n","protected":false},"author":2,"featured_media":0,"parent":12336,"menu_order":0,"comment_status":"closed","ping_status":"closed","template":"","meta":{"om_disable_all_campaigns":false,"_monsterinsights_skip_tracking":false,"_monsterinsights_sitenote_active":false,"_monsterinsights_sitenote_note":"","_monsterinsights_sitenote_category":0,"footnotes":""},"class_list":["post-12343","page","type-page","status-publish","hentry"],"jetpack_sharing_enabled":true,"_links":{"self":[{"href":"https:\/\/novusmedical.ca\/fr\/wp-json\/wp\/v2\/pages\/12343","targetHints":{"allow":["GET"]}}],"collection":[{"href":"https:\/\/novusmedical.ca\/fr\/wp-json\/wp\/v2\/pages"}],"about":[{"href":"https:\/\/novusmedical.ca\/fr\/wp-json\/wp\/v2\/types\/page"}],"author":[{"embeddable":true,"href":"https:\/\/novusmedical.ca\/fr\/wp-json\/wp\/v2\/users\/2"}],"replies":[{"embeddable":true,"href":"https:\/\/novusmedical.ca\/fr\/wp-json\/wp\/v2\/comments?post=12343"}],"version-history":[{"count":5,"href":"https:\/\/novusmedical.ca\/fr\/wp-json\/wp\/v2\/pages\/12343\/revisions"}],"predecessor-version":[{"id":12388,"href":"https:\/\/novusmedical.ca\/fr\/wp-json\/wp\/v2\/pages\/12343\/revisions\/12388"}],"up":[{"embeddable":true,"href":"https:\/\/novusmedical.ca\/fr\/wp-json\/wp\/v2\/pages\/12336"}],"wp:attachment":[{"href":"https:\/\/novusmedical.ca\/fr\/wp-json\/wp\/v2\/media?parent=12343"}],"curies":[{"name":"wp","href":"https:\/\/api.w.org\/{rel}","templated":true}]}}