{"id":12339,"date":"2025-02-24T20:52:05","date_gmt":"2025-02-24T20:52:05","guid":{"rendered":"https:\/\/novusmedical.ca\/hopital-gratuit\/"},"modified":"2025-02-28T20:31:03","modified_gmt":"2025-02-28T20:31:03","slug":"hopital-freearm","status":"publish","type":"page","link":"https:\/\/novusmedical.ca\/fr\/hopital-freearm\/","title":{"rendered":"H\u00f4pital FreeArm"},"content":{"rendered":"<div class=\"wpb-content-wrapper\">[vc_row css=&#8221;.vc_custom_1739905192786{margin-top: -50px !important;margin-bottom: 50px !important;}&#8221;][vc_column]\n\t\t\t<!-- START FreeArm ENG REVOLUTION SLIDER 6.6.9 --><p class=\"rs-p-wp-fix\"><\/p>\n\t\t\t<rs-module-wrap id=\"rev_slider_106_1_wrapper\" data-source=\"gallery\" style=\"visibility:hidden;background:transparent;padding:0;margin:0px auto;margin-top:0;margin-bottom:0;\">\n\t\t\t\t<rs-module id=\"rev_slider_106_1\" style=\"\" data-version=\"6.6.9\">\n\t\t\t\t\t<rs-slides style=\"overflow: hidden; position: absolute;\">\n\t\t\t\t\t\t<rs-slide style=\"position: absolute;\" data-key=\"rs-167\" data-title=\"FreeArm Muscle ENG\" data-anim=\"adpr:false;\" data-in=\"o:0;\" data-out=\"a:false;\" data-mediafilter=\"clarendon\">\n\t\t\t\t\t\t\t<img data-recalc-dims=\"1\" decoding=\"async\" src=\"https:\/\/i0.wp.com\/novusmedical.ca\/wp-content\/plugins\/revslider\/public\/assets\/assets\/dummy.png?resize=1537%2C2305\" alt=\"\" title=\"FreeArm+Extra+Hand\" width=\"1537\" height=\"2305\" class=\"rev-slidebg tp-rs-img rs-lazyload\" data-lazyload=\"\/\/novusmedical.ca\/wp-content\/uploads\/2025\/02\/FreeArmExtraHand.jpg\" data-no-retina>\n<!--\n\t\t\t\t\t\t\t--><rs-layer\n\t\t\t\t\t\t\t\tid=\"slider-106-slide-167-layer-2\" \n\t\t\t\t\t\t\t\tdata-type=\"shape\"\n\t\t\t\t\t\t\t\tdata-rsp_ch=\"on\"\n\t\t\t\t\t\t\t\tdata-xy=\"x:c;y:c;\"\n\t\t\t\t\t\t\t\tdata-text=\"w:normal;\"\n\t\t\t\t\t\t\t\tdata-dim=\"w:2000px;h:1000px;\"\n\t\t\t\t\t\t\t\tdata-frame_999=\"o:0;st:w;\"\n\t\t\t\t\t\t\t\tstyle=\"z-index:10;background-color:rgba(70,184,233,0.82);\"\n\t\t\t\t\t\t\t> \n\t\t\t\t\t\t\t<\/rs-layer><!--\n\n\t\t\t\t\t\t\t--><rs-layer\n\t\t\t\t\t\t\t\tid=\"slider-106-slide-167-layer-3\" \n\t\t\t\t\t\t\t\tdata-type=\"image\"\n\t\t\t\t\t\t\t\tdata-rsp_ch=\"on\"\n\t\t\t\t\t\t\t\tdata-xy=\"x:c;y:188px;\"\n\t\t\t\t\t\t\t\tdata-text=\"w:normal;\"\n\t\t\t\t\t\t\t\tdata-dim=\"w:680px;h:268px;\"\n\t\t\t\t\t\t\t\tdata-frame_999=\"o:0;st:w;\"\n\t\t\t\t\t\t\t\tstyle=\"z-index:11;\"\n\t\t\t\t\t\t\t><img data-recalc-dims=\"1\" decoding=\"async\" src=\"https:\/\/i0.wp.com\/novusmedical.ca\/wp-content\/plugins\/revslider\/public\/assets\/assets\/dummy.png?resize=750%2C296\" alt=\"\" class=\"tp-rs-img rs-lazyload\" width=\"750\" height=\"296\" data-lazyload=\"\/\/novusmedical.ca\/wp-content\/uploads\/2025\/02\/FA_Logo_rbg_ti-01.png\" data-no-retina> \n\t\t\t\t\t\t\t<\/rs-layer><!--\n-->\t\t\t\t\t\t<\/rs-slide>\n\t\t\t\t\t<\/rs-slides>\n\t\t\t\t<\/rs-module>\n\t\t\t\t<script>\n\t\t\t\t\tsetREVStartSize({c: 'rev_slider_106_1',rl:[1240,1024,778,480],el:[700],gw:[1240],gh:[700],type:'standard',justify:'',layout:'fullwidth',mh:\"0\"});if (window.RS_MODULES!==undefined && window.RS_MODULES.modules!==undefined && window.RS_MODULES.modules[\"revslider1061\"]!==undefined) {window.RS_MODULES.modules[\"revslider1061\"].once = false;window.revapi106 = undefined;if (window.RS_MODULES.checkMinimal!==undefined) window.RS_MODULES.checkMinimal()}\n\t\t\t\t<\/script>\n\t\t\t<\/rs-module-wrap>\n\t\t\t<!-- END REVOLUTION SLIDER -->\n[\/vc_column][\/vc_row][vc_row gap=&#8221;35&#8243; css=&#8221;.vc_custom_1739905368024{padding-top: 100px !important;padding-bottom: 50px !important;}&#8221;][vc_column width=&#8221;1\/2&#8243;][vc_single_image image=&#8221;12144&#8243; img_size=&#8221;medium&#8221; css_animation=&#8221;bounceInUp&#8221; css=&#8221;&#8221;][vc_column_text css=&#8221;.vc_custom_1740428210201{margin-bottom: 15px !important;}&#8221;]\n<p style=\"text-align: left;\">Un coup de main suppl\u00e9mentaire.Le FreeArm vous donne un coup de main \u00e0 l&#8217;h\u00f4pital. Plus de mobilit\u00e9 pour l&#8217;alimentation \u00e0 la seringue, l&#8217;alimentation \u00e0 la pompe et les perfusions.Le FreeArm se fixe \u00e0 des surfaces telles que les tables, les berceaux, les poussettes, etc. Il fonctionne \u00e9galement comme une potence \u00e0 perfusion de voyage, se pliant facilement pour se ranger dans votre sac. Alimentations et perfusions r\u00e9guli\u00e8res, partout et \u00e0 tout moment. Gr\u00e2ce au bras pliable du FreeArm, vous n&#8217;avez plus \u00e0 vous demander \u00e0 quelle hauteur vous devez tenir la seringue \u00e0 gravit\u00e9 et vous pouvez \u00e9viter que les lignes ne se plient.[\/vc_column_text][\/vc_column][vc_column width=&#8221;1\/2&#8243;][vc_empty_space height=&#8221;20px&#8221;][vc_video link=&#8221;https:\/\/www.youtube.com\/watch?v=zfLgMsFkrNo&#8221; el_width=&#8221;90&#8243; align=&#8221;center&#8221; css=&#8221;&#8221;][vc_empty_space height=&#8221;50px&#8221;][\/vc_column][\/vc_row][vc_row full_width=&#8221;stretch_row&#8221; gap=&#8221;35&#8243; content_placement=&#8221;top&#8221; css=&#8221;.vc_custom_1632332984655{margin-right: 30px !important;margin-left: 0px !important;background-color: #ffffff !important;}&#8221; el_id=&#8221;aeramaxproii&#8221;][vc_column width=&#8221;1\/2&#8243; css=&#8221;.vc_custom_1740423795327{padding-right: 50px !important;}&#8221;][vc_single_image image=&#8221;12299&#8243; img_size=&#8221;full&#8221; onclick=&#8221;link_image&#8221; css=&#8221;&#8221;][vc_row_inner css=&#8221;.vc_custom_1739382483990{margin-bottom: -40px !important;}&#8221;][vc_column_inner width=&#8221;1\/4&#8243;][vc_single_image image=&#8221;12158&#8243; img_size=&#8221;400&#215;400&#8243; onclick=&#8221;link_image&#8221; css=&#8221;&#8221;][\/vc_column_inner][vc_column_inner width=&#8221;1\/4&#8243;][vc_single_image image=&#8221;12201&#8243; img_size=&#8221;full&#8221; onclick=&#8221;link_image&#8221; css=&#8221;&#8221;][\/vc_column_inner][vc_column_inner width=&#8221;1\/4&#8243;][vc_single_image image=&#8221;12199&#8243; img_size=&#8221;full&#8221; onclick=&#8221;link_image&#8221; css=&#8221;&#8221;][\/vc_column_inner][vc_column_inner width=&#8221;1\/4&#8243;][vc_single_image image=&#8221;12203&#8243; img_size=&#8221;full&#8221; onclick=&#8221;link_image&#8221; css=&#8221;&#8221;][\/vc_column_inner][\/vc_row_inner][vc_row_inner][vc_column_inner width=&#8221;1\/4&#8243;][vc_single_image image=&#8221;12193&#8243; img_size=&#8221;full&#8221; onclick=&#8221;link_image&#8221; css=&#8221;&#8221;][\/vc_column_inner][vc_column_inner width=&#8221;1\/4&#8243;][vc_single_image image=&#8221;12191&#8243; img_size=&#8221;full&#8221; onclick=&#8221;link_image&#8221; css=&#8221;&#8221;][\/vc_column_inner][vc_column_inner width=&#8221;1\/4&#8243;][vc_single_image image=&#8221;12197&#8243; img_size=&#8221;full&#8221; onclick=&#8221;link_image&#8221; css=&#8221;&#8221;][\/vc_column_inner][vc_column_inner width=&#8221;1\/4&#8243;][vc_single_image image=&#8221;12148&#8243; css=&#8221;&#8221;][\/vc_column_inner][\/vc_row_inner][vc_separator border_width=&#8221;2&#8243; css=&#8221;&#8221;][vc_custom_heading text=&#8221;Documentation&#8221; font_container=&#8221;tag:h2|font_size:24|text_align:left|color:%2346B8E9|line_height:1.25&#8243; google_fonts=&#8221;font_family:Roboto%3A100%2C100italic%2C300%2C300italic%2Cregular%2Citalic%2C500%2C500italic%2C700%2C700italic%2C900%2C900italic|font_style:900%20bold%20regular%3A900%3Anormal&#8221; css=&#8221;.vc_custom_1740428905389{padding-bottom: 10px !important;}&#8221;][vc_btn title=&#8221;R\u00e9sum\u00e9 de la recherche&#8221; style=&#8221;outline-custom&#8221; outline_custom_color=&#8221;#000000&#8243; outline_custom_hover_background=&#8221;#93d500&#8243; outline_custom_hover_text=&#8221;#ffffff&#8221; shape=&#8221;square&#8221; align=&#8221;left&#8221; i_icon_fontawesome=&#8221;fas fa-book-medical&#8221; css=&#8221;&#8221; add_icon=&#8221;true&#8221; link=&#8221;url:https%3A%2F%2Fnovusmedical.ca%2Fwp-content%2Fuploads%2F2025%2F02%2F36179218_1.pdf|target:_blank|&#8221;][vc_btn title=&#8221;Fiche de vente Draeger PEG&#8221; style=&#8221;outline-custom&#8221; outline_custom_color=&#8221;#000000&#8243; outline_custom_hover_background=&#8221;#93d500&#8243; outline_custom_hover_text=&#8221;#ffffff&#8221; shape=&#8221;square&#8221; align=&#8221;left&#8221; i_icon_fontawesome=&#8221;fas fa-file-alt&#8221; css=&#8221;&#8221; add_icon=&#8221;true&#8221; link=&#8221;url:https%3A%2F%2Fnovusmedical.ca%2Fwp-content%2Fuploads%2F2025%2F02%2FFreeArmMusclewithDraegerPegSalesSheet1-2.pdf|target:_blank|&#8221;][vc_btn title=&#8221;Fiche de vente GE PEG&#8221; style=&#8221;outline-custom&#8221; outline_custom_color=&#8221;#000000&#8243; outline_custom_hover_background=&#8221;#93d500&#8243; outline_custom_hover_text=&#8221;#ffffff&#8221; shape=&#8221;square&#8221; align=&#8221;left&#8221; i_icon_fontawesome=&#8221;fas fa-file-alt&#8221; css=&#8221;&#8221; add_icon=&#8221;true&#8221; link=&#8221;url:https%3A%2F%2Fnovusmedical.ca%2Fwp-content%2Fuploads%2F2025%2F02%2FFreeArmMusclewithGEPegSalesSheet1.pdf|target:_blank|&#8221;][vc_btn title=&#8221;Statistiques FreeArm&#8221; style=&#8221;outline-custom&#8221; outline_custom_color=&#8221;#000000&#8243; outline_custom_hover_background=&#8221;#93d500&#8243; outline_custom_hover_text=&#8221;#ffffff&#8221; shape=&#8221;square&#8221; align=&#8221;left&#8221; i_icon_fontawesome=&#8221;fas fa-percentage&#8221; css=&#8221;&#8221; add_icon=&#8221;true&#8221; link=&#8221;url:https%3A%2F%2Fnovusmedical.ca%2Fwp-content%2Fuploads%2F2025%2F02%2FFreeArmStats.pdf|target:_blank|&#8221;][\/vc_column][vc_column width=&#8221;1\/2&#8243; css=&#8221;.vc_custom_1632333011420{margin-left: 35px !important;}&#8221;][vc_custom_heading text=&#8221;Continuum de soins pour les patients aliment\u00e9s par sonde. Mettre l&#8217;accent sur la s\u00e9curit\u00e9 des patients. Efficacit\u00e9 clinique et am\u00e9lioration des r\u00e9sultats : &#8221; font_container=&#8221;tag:h2|font_size:32|text_align:left|color:%2346B8E9|line_height:1.25&#8243; google_fonts=&#8221;font_family:Roboto%3A100%2C100italic%2C300%2C300italic%2Cregular%2Citalic%2C500%2C500italic%2C700%2C700italic%2C900%2C900italic|font_style:900%20bold%20regular%3A900%3Anormal&#8221; css=&#8221;.vc_custom_1740430385062{padding-bottom: 10px !important;}&#8221;][vc_column_text css=&#8221;&#8221;]\n<ul>\n<li style=\"list-style-type: none;\">\n<ul>\n<li>\u00c9limine la n\u00e9cessit\u00e9 de recourir \u00e0 des m\u00e9thodes improvis\u00e9es telles que le scotch ou l&#8217;\u00e9lastique sur les seringues, ce qui am\u00e9liore la s\u00e9curit\u00e9 des patients et rationalise les flux de travail au chevet des patients.<\/li>\n<\/ul>\n<\/li>\n<li style=\"list-style-type: none;\">\n<ul>\n<li>Contient les seringues de ventilation pour les patients sous oxyg\u00e9noth\u00e9rapie \u00e0 haut d\u00e9bit.<\/li>\n<\/ul>\n<\/li>\n<li style=\"list-style-type: none;\">\n<ul>\n<li>Standardise l&#8217;alimentation \u00e0 la seringue par gravit\u00e9 en permettant un r\u00e9glage pr\u00e9cis de la hauteur de la seringue par rapport \u00e0 l&#8217;abdomen du patient, assurant ainsi une tol\u00e9rance optimale \u00e0 l&#8217;alimentation. Une fois la hauteur id\u00e9ale identifi\u00e9e, elle peut \u00eatre enregistr\u00e9e pour une utilisation coh\u00e9rente tout au long du s\u00e9jour du patient \u00e0 l&#8217;h\u00f4pital, que ce soit dans un incubateur, pendant les soins kangourou ou dans un lit d&#8217;h\u00f4pital.<\/li>\n<li>Le FreeArm avec pince maintient en toute s\u00e9curit\u00e9 les seringues de gravit\u00e9 et de ventilation pour l&#8217;alimentation et la ventilation \u00e0 l&#8217;int\u00e9rieur du GE Giraffe OmniBed, du Draeger BabyLeo TN500 et du Draeger IncuWarmer. Le FreeArm passe facilement \u00e0 l&#8217;extr\u00e9mit\u00e9 de la pince pour \u00eatre utilis\u00e9 pendant les soins kangourou ou dans un berceau ouvert lorsque le patient maintient sa temp\u00e9rature corporelle.<\/li>\n<li>Lib\u00e8re les mains des infirmi\u00e8res pour qu&#8217;elles puissent effectuer les t\u00e2ches essentielles au chevet des patients, telles que les \u00e9valuations, les th\u00e9rapies et l&#8217;\u00e9tablissement des dossiers.<\/li>\n<li>Les patients nourris par sonde sont renvoy\u00e9s chez eux afin de maintenir l&#8217;observance nutritionnelle et la coh\u00e9rence des pratiques d&#8217;alimentation. Pour les \u00e9tablissements qui ne renvoient pas les patients aliment\u00e9s par sonde, le FreeArm est facile \u00e0 d\u00e9sinfecter et peut \u00eatre r\u00e9utilis\u00e9 avec un clip \u00e0 usage unique.<\/li>\n<li>Dispositif m\u00e9dical de classe I selon la FDA, le FreeArm peut \u00eatre inclus dans le tarif journalier des patients hospitalis\u00e9s pour la facturation de l&#8217;h\u00f4pital.<\/li>\n<\/ul>\n<\/li>\n<\/ul>\n[\/vc_column_text][vc_video link=&#8221;https:\/\/www.youtube.com\/watch?v=HVraXHXr2Qs&#8221; el_width=&#8221;90&#8243; css=&#8221;.vc_custom_1740429790875{padding-bottom: 20px !important;}&#8221;][vc_custom_heading text=&#8221;Une solution polyvalente pour la maison avec DMES et HMES&#8221; font_container=&#8221;tag:h2|font_size:32|text_align:left|color:%2346B8E9|line_height:1.25&#8243; google_fonts=&#8221;font_family:Roboto%3A100%2C100italic%2C300%2C300italic%2Cregular%2Citalic%2C500%2C500italic%2C700%2C700italic%2C900%2C900italic|font_style:900%20bold%20regular%3A900%3Anormal&#8221; css=&#8221;.vc_custom_1740428297084{padding-bottom: 10px !important;}&#8221;][vc_column_text css=&#8221;.vc_custom_1740428324972{padding-bottom: 15px !important;}&#8221;]\n<ul>\n<li style=\"list-style-type: none;\">\n<ul>\n<li>Compatible avec l&#8217;alimentation par seringue \u00e0 gravit\u00e9 et l&#8217;alimentation par pompe.<\/li>\n<li>Le bras pliable permet de r\u00e9guler le d\u00e9bit de la seringue par gravit\u00e9 : abaissez le bras pour une alimentation plus lente ou relevez-le pour une alimentation plus rapide.<\/li>\n<li>Prend en charge les pompes d&#8217;alimentation l\u00e9g\u00e8res (jusqu&#8217;\u00e0 2,3 livres) et les poches d&#8217;alimentation (jusqu&#8217;\u00e0 1 200 ml), offrant aux familles une alternative bien n\u00e9cessaire \u00e0 la canne \u00e0 perfusion.<\/li>\n<li>Eligible \u00e0 la couverture d&#8217;assurance sous le code HCPCS B9998 avec une lettre de n\u00e9cessit\u00e9 m\u00e9dicale (mod\u00e8le disponible).<\/li>\n<li>Facturable par l&#8217;assurance sous les codes NDC : Vert : 50010-018203, rose : 50010-018204, blanc : 50010-018205, bleu : 50010-018206.<\/li>\n<li>Des remises de gros et des options de livraison directe sont disponibles.<\/li>\n<\/ul>\n<\/li>\n<\/ul>\n[\/vc_column_text][vc_row_inner][vc_column_inner width=&#8221;2\/3&#8243;][vc_custom_heading text=&#8221;Essayez le FreeArm pendant 30 jours ou envoyez-nous un message si vous avez des questions.&#8221; font_container=&#8221;tag:h2|font_size:24|text_align:left|color:%2346B8E9|line_height:1.25&#8243; google_fonts=&#8221;font_family:Roboto%3A100%2C100italic%2C300%2C300italic%2Cregular%2Citalic%2C500%2C500italic%2C700%2C700italic%2C900%2C900italic|font_style:900%20bold%20regular%3A900%3Anormal&#8221; css=&#8221;.vc_custom_1740429881344{padding-bottom: 10px !important;}&#8221;][\/vc_column_inner][vc_column_inner width=&#8221;1\/3&#8243;][vc_btn title=&#8221;Demande de proc\u00e8s&#8221; style=&#8221;outline-custom&#8221; outline_custom_color=&#8221;#000000&#8243; outline_custom_hover_background=&#8221;#93d500&#8243; outline_custom_hover_text=&#8221;#ffffff&#8221; shape=&#8221;square&#8221; align=&#8221;left&#8221; i_icon_fontawesome=&#8221;far fa-hospital&#8221; css=&#8221;&#8221; add_icon=&#8221;true&#8221; link=&#8221;url:https%3A%2F%2Fnovusmedical.ca%2Ffr%2Fcontact-novus%2F|title:Contacter%20Novus|target:_blank|&#8221;][\/vc_column_inner][\/vc_row_inner][\/vc_column][\/vc_row][vc_row gap=&#8221;35&#8243; css=&#8221;.vc_custom_1740430274882{padding-top: 75px !important;}&#8221;][vc_column width=&#8221;2\/3&#8243;][vc_custom_heading text=&#8221;Critiques de l&#8217;h\u00f4pital FreeArm&#8221; font_container=&#8221;tag:h2|font_size:32|text_align:left|color:%2346B8E9&#8243; google_fonts=&#8221;font_family:Roboto%3A100%2C100italic%2C300%2C300italic%2Cregular%2Citalic%2C500%2C500italic%2C700%2C700italic%2C900%2C900italic|font_style:900%20bold%20regular%3A900%3Anormal&#8221; css=&#8221;&#8221;][vc_separator border_width=&#8221;2&#8243; css=&#8221;.vc_custom_1740423983603{padding-bottom: 0px !important;}&#8221;][vc_row_inner gap=&#8221;35&#8243;][vc_column_inner width=&#8221;1\/2&#8243;][vc_custom_heading text=&#8221;&#8220;Cela rend la vie m\u00e9dicale beaucoup moins m\u00e9dicale ! &#8220;&#8221; font_container=&#8221;tag:h2|font_size:21|text_align:left|color:%2346B8E9&#8243; google_fonts=&#8221;font_family:Roboto%3A100%2C100italic%2C300%2C300italic%2Cregular%2Citalic%2C500%2C500italic%2C700%2C700italic%2C900%2C900italic|font_style:700%20bold%20regular%3A700%3Anormal&#8221; css=&#8221;&#8221;][vc_column_text css=&#8221;.vc_custom_1740429394800{padding-top: -20px !important;}&#8221;]\n<p class=\"p1\">Amelia Soria, di\u00e9t\u00e9ticienne agr\u00e9\u00e9e<br \/>\nA&amp;P Quality Care Medical, Texas[\/vc_column_text][vc_custom_heading text=&#8221;&#8220;Le FreeArm donne confiance aux familles&#8220;.&#8221; font_container=&#8221;tag:h2|font_size:21|text_align:left|color:%2346B8E9|line_height:1.25&#8243; google_fonts=&#8221;font_family:Roboto%3A100%2C100italic%2C300%2C300italic%2Cregular%2Citalic%2C500%2C500italic%2C700%2C700italic%2C900%2C900italic|font_style:700%20bold%20regular%3A700%3Anormal&#8221; css=&#8221;&#8221;][vc_column_text css=&#8221;&#8221;]Maria Mahady, responsable de la nutrition clinique<br \/>\nPaediatric Home service, Minnesota[\/vc_column_text][\/vc_column_inner][vc_column_inner width=&#8221;1\/2&#8243;][vc_custom_heading text=&#8221;&#8220;Le FreeArm nous permet de nourrir nos b\u00e9b\u00e9s de la mani\u00e8re la plus s\u00fbre possible<br \/>\n. &#8220;&#8221; font_container=&#8221;tag:h2|font_size:21|text_align:left|color:%2346B8E9|line_height:1.25&#8243; google_fonts=&#8221;font_family:Roboto%3A100%2C100italic%2C300%2C300italic%2Cregular%2Citalic%2C500%2C500italic%2C700%2C700italic%2C900%2C900italic|font_style:700%20bold%20regular%3A700%3Anormal&#8221; css=&#8221;&#8221;][vc_column_text css=&#8221;&#8221;]Karen Heard, NPD Generalist<br \/>\nTacoma General, Washington[\/vc_column_text][vc_custom_heading text=&#8221;&#8220;Le FreeArm est incroyablement<br \/>\npour am\u00e9liorer la s\u00e9curit\u00e9 des patients&#8220;.&#8221; font_container=&#8221;tag:h2|font_size:21|text_align:left|color:%2346B8E9|line_height:1.25&#8243; google_fonts=&#8221;font_family:Roboto%3A100%2C100italic%2C300%2C300italic%2Cregular%2Citalic%2C500%2C500italic%2C700%2C700italic%2C900%2C900italic|font_style:700%20bold%20regular%3A700%3Anormal&#8221; css=&#8221;&#8221;][vc_column_text css=&#8221;&#8221;]Liana White, RN NICU<br \/>\nH\u00f4pital Grand River, Canada[\/vc_column_text][\/vc_column_inner][\/vc_row_inner][\/vc_column][vc_column width=&#8221;1\/3&#8243;][vc_empty_space height=&#8221;50px&#8221;][vc_single_image image=&#8221;12141&#8243; img_size=&#8221;medium&#8221; alignment=&#8221;right&#8221; css=&#8221;&#8221;][\/vc_column][\/vc_row][vc_row full_width=&#8221;stretch_row_content&#8221; gap=&#8221;5&#8243; content_placement=&#8221;middle&#8221; css=&#8221;.vc_custom_1740430517310{margin-bottom: -68px !important;padding-top: 100px !important;}&#8221;][vc_column width=&#8221;1\/2&#8243; css=&#8221;.vc_custom_1740429660919{padding-top: 30px !important;padding-bottom: 30px !important;background-image: url(https:\/\/novusmedical.ca\/wp-content\/uploads\/2025\/02\/FreeArmmuscle.png?id=12279) !important;background-position: center !important;background-repeat: no-repeat !important;background-size: cover !important;border-color: #FFFFFF !important;}&#8221;][vc_custom_heading text=&#8221;FreeArm Muscle&#8221; font_container=&#8221;tag:h2|font_size:36|text_align:center|color:%23FFFFFF&#8221; google_fonts=&#8221;font_family:Roboto%3A100%2C100italic%2C300%2C300italic%2Cregular%2Citalic%2C500%2C500italic%2C700%2C700italic%2C900%2C900italic|font_style:900%20bold%20regular%3A900%3Anormal&#8221; css=&#8221;.vc_custom_1740429642877{padding-top: 70px !important;padding-bottom: 20px !important;}&#8221; link=&#8221;url:https%3A%2F%2Fnovusmedical.ca%2Ffr%2Ffreearmmuscle%2F|title:FreearmMuscle|&#8221;][vc_btn title=&#8221;EN SAVOIR PLUS&#8221; style=&#8221;outline-custom&#8221; outline_custom_color=&#8221;#FFFFFF&#8221; outline_custom_hover_background=&#8221;#FFFFFF&#8221; outline_custom_hover_text=&#8221;#000000&#8243; shape=&#8221;square&#8221; align=&#8221;center&#8221; css=&#8221;.vc_custom_1740432557861{padding-bottom: 50px !important;}&#8221; link=&#8221;url:https%3A%2F%2Fnovusmedical.ca%2Ffr%2Ffreearmmuscle%2F|title:FreearmMuscle|&#8221;][\/vc_column][vc_column width=&#8221;1\/2&#8243; css=&#8221;.vc_custom_1740423523747{padding-top: 30px !important;padding-bottom: 30px !important;background-image: url(https:\/\/novusmedical.ca\/wp-content\/uploads\/2025\/02\/FreeArmClip.png?id=12253) !important;background-position: center !important;background-repeat: no-repeat !important;background-size: cover !important;}&#8221;][vc_custom_heading text=&#8221;Clip FreeArm&#8221; font_container=&#8221;tag:h2|font_size:36|text_align:center|color:%23FFFFFF&#8221; google_fonts=&#8221;font_family:Roboto%3A100%2C100italic%2C300%2C300italic%2Cregular%2Citalic%2C500%2C500italic%2C700%2C700italic%2C900%2C900italic|font_style:900%20bold%20regular%3A900%3Anormal&#8221; css=&#8221;.vc_custom_1740423534079{padding-top: 70px !important;padding-bottom: 20px !important;}&#8221;][vc_btn title=&#8221;EN SAVOIR PLUS&#8221; style=&#8221;outline-custom&#8221; outline_custom_color=&#8221;#FFFFFF&#8221; outline_custom_hover_background=&#8221;#FFFFFF&#8221; outline_custom_hover_text=&#8221;#000000&#8243; shape=&#8221;square&#8221; align=&#8221;center&#8221; css=&#8221;.vc_custom_1740432546895{padding-bottom: 50px !important;}&#8221; link=&#8221;url:https%3A%2F%2Fnovusmedical.ca%2Ffreearmclip%2F|title:Clip%20libre|&#8221;][\/vc_column][\/vc_row]\n<\/div>","protected":false},"excerpt":{"rendered":"<p>[vc_row css=&#8221;.vc_custom_1739905192786{margin-top: -50px !important;margin-bottom: 50px !important;}&#8221;][vc_column][\/vc_column][\/vc_row][vc_row gap=&#8221;35&#8243; css=&#8221;.vc_custom_1739905368024{padding-top: 100px !important;padding-bottom: 50px !important;}&#8221;][vc_column width=&#8221;1\/2&#8243;][vc_single_image image=&#8221;12144&#8243; img_size=&#8221;medium&#8221; css_animation=&#8221;bounceInUp&#8221; css=&#8221;&#8221;][vc_column_text css=&#8221;.vc_custom_1740428210201{margin-bottom: 15px !important;}&#8221;] [&hellip;]<\/p>\n","protected":false},"author":2,"featured_media":0,"parent":0,"menu_order":0,"comment_status":"closed","ping_status":"closed","template":"","meta":{"om_disable_all_campaigns":false,"_monsterinsights_skip_tracking":false,"_monsterinsights_sitenote_active":false,"_monsterinsights_sitenote_note":"","_monsterinsights_sitenote_category":0,"footnotes":""},"class_list":["post-12339","page","type-page","status-publish","hentry"],"jetpack_sharing_enabled":true,"_links":{"self":[{"href":"https:\/\/novusmedical.ca\/fr\/wp-json\/wp\/v2\/pages\/12339","targetHints":{"allow":["GET"]}}],"collection":[{"href":"https:\/\/novusmedical.ca\/fr\/wp-json\/wp\/v2\/pages"}],"about":[{"href":"https:\/\/novusmedical.ca\/fr\/wp-json\/wp\/v2\/types\/page"}],"author":[{"embeddable":true,"href":"https:\/\/novusmedical.ca\/fr\/wp-json\/wp\/v2\/users\/2"}],"replies":[{"embeddable":true,"href":"https:\/\/novusmedical.ca\/fr\/wp-json\/wp\/v2\/comments?post=12339"}],"version-history":[{"count":3,"href":"https:\/\/novusmedical.ca\/fr\/wp-json\/wp\/v2\/pages\/12339\/revisions"}],"predecessor-version":[{"id":12342,"href":"https:\/\/novusmedical.ca\/fr\/wp-json\/wp\/v2\/pages\/12339\/revisions\/12342"}],"wp:attachment":[{"href":"https:\/\/novusmedical.ca\/fr\/wp-json\/wp\/v2\/media?parent=12339"}],"curies":[{"name":"wp","href":"https:\/\/api.w.org\/{rel}","templated":true}]}}