{"id":12329,"date":"2025-02-18T18:59:57","date_gmt":"2025-02-18T18:59:57","guid":{"rendered":"https:\/\/novusmedical.ca\/freearmmuscle\/"},"modified":"2025-03-13T18:38:46","modified_gmt":"2025-03-13T18:38:46","slug":"freearmmuscle","status":"publish","type":"page","link":"https:\/\/novusmedical.ca\/fr\/freearm\/freearmmuscle\/","title":{"rendered":"FreearmMuscle"},"content":{"rendered":"<div class=\"wpb-content-wrapper\">[vc_row css=&#8221;.vc_custom_1739905192786{margin-top: -50px !important;margin-bottom: 50px !important;}&#8221;][vc_column]\n\t\t\t<!-- START FreeArm ENG REVOLUTION SLIDER 6.6.9 --><p class=\"rs-p-wp-fix\"><\/p>\n\t\t\t<rs-module-wrap id=\"rev_slider_106_1_wrapper\" data-source=\"gallery\" style=\"visibility:hidden;background:transparent;padding:0;margin:0px auto;margin-top:0;margin-bottom:0;\">\n\t\t\t\t<rs-module id=\"rev_slider_106_1\" style=\"\" data-version=\"6.6.9\">\n\t\t\t\t\t<rs-slides style=\"overflow: hidden; position: absolute;\">\n\t\t\t\t\t\t<rs-slide style=\"position: absolute;\" data-key=\"rs-167\" data-title=\"FreeArm Muscle ENG\" data-anim=\"adpr:false;\" data-in=\"o:0;\" data-out=\"a:false;\" data-mediafilter=\"clarendon\">\n\t\t\t\t\t\t\t<img data-recalc-dims=\"1\" decoding=\"async\" src=\"https:\/\/i0.wp.com\/novusmedical.ca\/wp-content\/plugins\/revslider\/public\/assets\/assets\/dummy.png?resize=1537%2C2305\" alt=\"\" title=\"FreeArm+Extra+Hand\" width=\"1537\" height=\"2305\" class=\"rev-slidebg tp-rs-img rs-lazyload\" data-lazyload=\"\/\/novusmedical.ca\/wp-content\/uploads\/2025\/02\/FreeArmExtraHand.jpg\" data-no-retina>\n<!--\n\t\t\t\t\t\t\t--><rs-layer\n\t\t\t\t\t\t\t\tid=\"slider-106-slide-167-layer-2\" \n\t\t\t\t\t\t\t\tdata-type=\"shape\"\n\t\t\t\t\t\t\t\tdata-rsp_ch=\"on\"\n\t\t\t\t\t\t\t\tdata-xy=\"x:c;y:c;\"\n\t\t\t\t\t\t\t\tdata-text=\"w:normal;\"\n\t\t\t\t\t\t\t\tdata-dim=\"w:2000px;h:1000px;\"\n\t\t\t\t\t\t\t\tdata-frame_999=\"o:0;st:w;\"\n\t\t\t\t\t\t\t\tstyle=\"z-index:10;background-color:rgba(70,184,233,0.82);\"\n\t\t\t\t\t\t\t> \n\t\t\t\t\t\t\t<\/rs-layer><!--\n\n\t\t\t\t\t\t\t--><rs-layer\n\t\t\t\t\t\t\t\tid=\"slider-106-slide-167-layer-3\" \n\t\t\t\t\t\t\t\tdata-type=\"image\"\n\t\t\t\t\t\t\t\tdata-rsp_ch=\"on\"\n\t\t\t\t\t\t\t\tdata-xy=\"x:c;y:188px;\"\n\t\t\t\t\t\t\t\tdata-text=\"w:normal;\"\n\t\t\t\t\t\t\t\tdata-dim=\"w:680px;h:268px;\"\n\t\t\t\t\t\t\t\tdata-frame_999=\"o:0;st:w;\"\n\t\t\t\t\t\t\t\tstyle=\"z-index:11;\"\n\t\t\t\t\t\t\t><img data-recalc-dims=\"1\" decoding=\"async\" src=\"https:\/\/i0.wp.com\/novusmedical.ca\/wp-content\/plugins\/revslider\/public\/assets\/assets\/dummy.png?resize=750%2C296\" alt=\"\" class=\"tp-rs-img rs-lazyload\" width=\"750\" height=\"296\" data-lazyload=\"\/\/novusmedical.ca\/wp-content\/uploads\/2025\/02\/FA_Logo_rbg_ti-01.png\" data-no-retina> \n\t\t\t\t\t\t\t<\/rs-layer><!--\n-->\t\t\t\t\t\t<\/rs-slide>\n\t\t\t\t\t<\/rs-slides>\n\t\t\t\t<\/rs-module>\n\t\t\t\t<script>\n\t\t\t\t\tsetREVStartSize({c: 'rev_slider_106_1',rl:[1240,1024,778,480],el:[700],gw:[1240],gh:[700],type:'standard',justify:'',layout:'fullwidth',mh:\"0\"});if (window.RS_MODULES!==undefined && window.RS_MODULES.modules!==undefined && window.RS_MODULES.modules[\"revslider1061\"]!==undefined) {window.RS_MODULES.modules[\"revslider1061\"].once = false;window.revapi106 = undefined;if (window.RS_MODULES.checkMinimal!==undefined) window.RS_MODULES.checkMinimal()}\n\t\t\t\t<\/script>\n\t\t\t<\/rs-module-wrap>\n\t\t\t<!-- END REVOLUTION SLIDER -->\n[\/vc_column][\/vc_row][vc_row gap=&#8221;35&#8243; css=&#8221;.vc_custom_1739905368024{padding-top: 100px !important;padding-bottom: 50px !important;}&#8221;][vc_column width=&#8221;1\/2&#8243;][vc_single_image image=&#8221;12144&#8243; img_size=&#8221;medium&#8221; css_animation=&#8221;bounceInUp&#8221; css=&#8221;&#8221;][vc_column_text css=&#8221;.vc_custom_1739378612026{margin-bottom: 15px !important;}&#8221;]\n<p style=\"text-align: left;\">Une main suppl\u00e9mentaire.Le FreeArm vous donne un coup de main \u00e0 l&#8217;h\u00f4pital, \u00e0 la maison et en d\u00e9placement. Plus de mobilit\u00e9 pour l&#8217;alimentation \u00e0 la seringue, l&#8217;alimentation \u00e0 la pompe et les perfusions.Le FreeArm se fixe \u00e0 des surfaces telles que les tables, les berceaux, les poussettes, etc. Il fonctionne \u00e9galement comme une potence \u00e0 perfusion de voyage, se pliant facilement pour se ranger dans votre sac. Alimentations et perfusions r\u00e9guli\u00e8res, partout et \u00e0 tout moment. Gr\u00e2ce au bras pliable du FreeArm, vous n&#8217;avez plus \u00e0 vous demander \u00e0 quelle hauteur vous devez tenir la seringue \u00e0 gravit\u00e9 et vous pouvez \u00e9viter que les lignes ne se plient.[\/vc_column_text][\/vc_column][vc_column width=&#8221;1\/2&#8243;][vc_video link=&#8221;https:\/\/www.youtube.com\/watch?v=L4D0svlNU3c&#8221; el_width=&#8221;90&#8243; align=&#8221;center&#8221; css=&#8221;&#8221;][vc_empty_space height=&#8221;50px&#8221;][\/vc_column][\/vc_row][vc_row full_width=&#8221;stretch_row&#8221; gap=&#8221;35&#8243; content_placement=&#8221;top&#8221; css=&#8221;.vc_custom_1632332984655{margin-right: 30px !important;margin-left: 0px !important;background-color: #ffffff !important;}&#8221; el_id=&#8221;aeramaxproii&#8221;][vc_column width=&#8221;1\/2&#8243; css=&#8221;.vc_custom_1740423795327{padding-right: 50px !important;}&#8221;][vc_single_image image=&#8221;12202&#8243; img_size=&#8221;full&#8221; css=&#8221;&#8221;][vc_row_inner css=&#8221;.vc_custom_1739382483990{margin-bottom: -40px !important;}&#8221;][vc_column_inner width=&#8221;1\/4&#8243;][vc_single_image image=&#8221;12187&#8243; img_size=&#8221;full&#8221; onclick=&#8221;link_image&#8221; css=&#8221;&#8221;][\/vc_column_inner][vc_column_inner width=&#8221;1\/4&#8243;][vc_single_image image=&#8221;12189&#8243; img_size=&#8221;full&#8221; onclick=&#8221;link_image&#8221; css=&#8221;&#8221;][\/vc_column_inner][vc_column_inner width=&#8221;1\/4&#8243;][vc_single_image image=&#8221;12199&#8243; img_size=&#8221;full&#8221; onclick=&#8221;link_image&#8221; css=&#8221;&#8221;][\/vc_column_inner][vc_column_inner width=&#8221;1\/4&#8243;][vc_single_image image=&#8221;12203&#8243; img_size=&#8221;full&#8221; onclick=&#8221;link_image&#8221; css=&#8221;&#8221;][\/vc_column_inner][\/vc_row_inner][vc_row_inner][vc_column_inner width=&#8221;1\/4&#8243;][vc_single_image image=&#8221;12193&#8243; img_size=&#8221;full&#8221; onclick=&#8221;link_image&#8221; css=&#8221;&#8221;][\/vc_column_inner][vc_column_inner width=&#8221;1\/4&#8243;][vc_single_image image=&#8221;12191&#8243; img_size=&#8221;full&#8221; onclick=&#8221;link_image&#8221; css=&#8221;&#8221;][\/vc_column_inner][vc_column_inner width=&#8221;1\/4&#8243;][vc_single_image image=&#8221;12197&#8243; img_size=&#8221;full&#8221; onclick=&#8221;link_image&#8221; css=&#8221;&#8221;][\/vc_column_inner][vc_column_inner width=&#8221;1\/4&#8243;][vc_single_image image=&#8221;12195&#8243; img_size=&#8221;full&#8221; onclick=&#8221;link_image&#8221; css=&#8221;&#8221;][\/vc_column_inner][\/vc_row_inner][vc_row_inner][vc_column_inner][vc_separator border_width=&#8221;2&#8243; css=&#8221;&#8221;][\/vc_column_inner][\/vc_row_inner][vc_single_image image=&#8221;12164&#8243; img_size=&#8221;large&#8221; alignment=&#8221;center&#8221; onclick=&#8221;link_image&#8221; css=&#8221;&#8221;][\/vc_column][vc_column width=&#8221;1\/2&#8243; css=&#8221;.vc_custom_1632333011420{margin-left: 35px !important;}&#8221;][vc_row_inner css=&#8221;.vc_custom_1739383297396{margin-bottom: 0px !important;}&#8221;][vc_column_inner width=&#8221;2\/3&#8243;][vc_custom_heading text=&#8221;FreeArm Muscle&#8221; font_container=&#8221;tag:h2|font_size:42|text_align:left|color:%2346B8E9&#8243; google_fonts=&#8221;font_family:Roboto%3A100%2C100italic%2C300%2C300italic%2Cregular%2Citalic%2C500%2C500italic%2C700%2C700italic%2C900%2C900italic|font_style:900%20bold%20regular%3A900%3Anormal&#8221; css=&#8221;.vc_custom_1739383120232{padding-top: 30px !important;padding-bottom: 10px !important;}&#8221;][vc_column_text css=&#8221;&#8221;]Le FreeArm\u00ae Muscle maintient les tubes d&#8217;alimentation et les perfusions \u00e0 l&#8217;h\u00f4pital, \u00e0 la maison et en d\u00e9placement.<\/p>\n<p>Le FreeArm\u00ae Muscle se fixe sur des surfaces d&#8217;une \u00e9paisseur maximale de 2 pouces, des surfaces plates telles que les tables \u00e0 manger et les tables d&#8217;appoint et des barres arrondies telles que les barres d&#8217;un fauteuil roulant, d&#8217;une poussette ou d&#8217;un berceau d&#8217;h\u00f4pital. Le bras pliable du FreeArm\u00ae Muscle se replie facilement pour tenir dans votre sac, ce qui facilite l&#8217;alimentation par sonde et les perfusions ![\/vc_column_text][\/vc_column_inner][vc_column_inner width=&#8221;1\/3&#8243;][vc_single_image image=&#8221;12141&#8243; img_size=&#8221;medium&#8221; css=&#8221;&#8221;][\/vc_column_inner][\/vc_row_inner][vc_row_inner css=&#8221;.vc_custom_1740423926395{padding-bottom: 5px !important;background-color: #FFFFFF !important;}&#8221;][vc_column_inner width=&#8221;1\/4&#8243;][vc_single_image image=&#8221;12150&#8243; img_size=&#8221;300&#215;300&#8243; alignment=&#8221;center&#8221; onclick=&#8221;link_image&#8221; css=&#8221;&#8221;][vc_custom_heading text=&#8221;MAIN EXTRA&#8221; font_container=&#8221;tag:h2|font_size:14|text_align:center|color:%230F384A&#8221; google_fonts=&#8221;font_family:Roboto%3A100%2C100italic%2C300%2C300italic%2Cregular%2Citalic%2C500%2C500italic%2C700%2C700italic%2C900%2C900italic|font_style:900%20bold%20regular%3A900%3Anormal&#8221; css=&#8221;.vc_custom_1739908296877{margin-top: -20px !important;}&#8221;][\/vc_column_inner][vc_column_inner width=&#8221;1\/4&#8243;][vc_single_image image=&#8221;12154&#8243; img_size=&#8221;large&#8221; alignment=&#8221;center&#8221; onclick=&#8221;link_image&#8221; css=&#8221;&#8221;][vc_custom_heading text=&#8221;MOBILIT\u00c9&#8221; font_container=&#8221;tag:h2|font_size:14|text_align:center|color:%230F384A&#8221; google_fonts=&#8221;font_family:Roboto%3A100%2C100italic%2C300%2C300italic%2Cregular%2Citalic%2C500%2C500italic%2C700%2C700italic%2C900%2C900italic|font_style:900%20bold%20regular%3A900%3Anormal&#8221; css=&#8221;.vc_custom_1739908310532{margin-top: -20px !important;}&#8221;][\/vc_column_inner][vc_column_inner width=&#8221;1\/4&#8243;][vc_single_image image=&#8221;12156&#8243; img_size=&#8221;large&#8221; alignment=&#8221;center&#8221; onclick=&#8221;link_image&#8221; css=&#8221;&#8221;][vc_custom_heading text=&#8221;CONSISTANCE&#8221; font_container=&#8221;tag:h2|font_size:14|text_align:center|color:%230F384A&#8221; google_fonts=&#8221;font_family:Roboto%3A100%2C100italic%2C300%2C300italic%2Cregular%2Citalic%2C500%2C500italic%2C700%2C700italic%2C900%2C900italic|font_style:900%20bold%20regular%3A900%3Anormal&#8221; css=&#8221;.vc_custom_1739908324122{margin-top: -20px !important;}&#8221;][\/vc_column_inner][vc_column_inner width=&#8221;1\/4&#8243;][vc_single_image image=&#8221;12162&#8243; img_size=&#8221;300&#215;300&#8243; alignment=&#8221;center&#8221; onclick=&#8221;link_image&#8221; css=&#8221;&#8221;][vc_custom_heading text=&#8221;AIDE HOSPITALIERE&#8221; font_container=&#8221;tag:h2|font_size:14|text_align:center|color:%230F384A&#8221; google_fonts=&#8221;font_family:Roboto%3A100%2C100italic%2C300%2C300italic%2Cregular%2Citalic%2C500%2C500italic%2C700%2C700italic%2C900%2C900italic|font_style:900%20bold%20regular%3A900%3Anormal&#8221; css=&#8221;.vc_custom_1739908337219{margin-top: -20px !important;}&#8221;][\/vc_column_inner][\/vc_row_inner][vc_custom_heading text=&#8221;Alimentation par gravit\u00e9&#8221; font_container=&#8221;tag:h2|font_size:24|text_align:left|color:%2346B8E9&#8243; google_fonts=&#8221;font_family:Roboto%3A100%2C100italic%2C300%2C300italic%2Cregular%2Citalic%2C500%2C500italic%2C700%2C700italic%2C900%2C900italic|font_style:700%20bold%20regular%3A700%3Anormal&#8221; css=&#8221;.vc_custom_1740423869285{padding-top: 25px !important;}&#8221;][vc_column_text css=&#8221;.vc_custom_1740423900503{padding-bottom: 15px !important;}&#8221;]\n<ul>\n<li style=\"list-style-type: none;\">\n<ul>\n<li>Le clip FreeArm\u00ae Muscle contient une seringue \u00e0 gravit\u00e9 35mL-140mL, lib\u00e9rant ainsi vos mains.<\/li>\n<li>Le bras pliable du FreeArm\u00ae Muscle permet de r\u00e9guler le d\u00e9bit de la seringue d&#8217;alimentation par gravit\u00e9 et de tenir une seringue ouverte pour la ventilation de l&#8217;estomac.<\/li>\n<\/ul>\n<\/li>\n<\/ul>\n[\/vc_column_text][vc_custom_heading text=&#8221;Alimentation par pompe et perfusions&#8221; font_container=&#8221;tag:h2|font_size:24|text_align:left|color:%2346B8E9&#8243; google_fonts=&#8221;font_family:Roboto%3A100%2C100italic%2C300%2C300italic%2Cregular%2Citalic%2C500%2C500italic%2C700%2C700italic%2C900%2C900italic|font_style:700%20bold%20regular%3A700%3Anormal&#8221; css=&#8221;&#8221;][vc_column_text css=&#8221;&#8221;]\n<ul>\n<li style=\"list-style-type: none;\">\n<ul>\n<li>Le FreeArm\u00ae Muscle maintient les pompes l\u00e9g\u00e8res de moins de 2,3 livres telles que Infinity, Kangaroo Joey ou Curlin 6000, \u00e0 l&#8217;aide de la pince pour perche iv fournie avec la pompe.<\/li>\n<li>Le FreeArm\u00ae Muscle maintient les poches d&#8217;alimentation ou de perfusion jusqu&#8217;\u00e0 1 200 ml en les accrochant aux crochets du clip. Avec 2 crochets sur le clip du FreeArm\u00ae Muscle, vous pouvez facilement suspendre des poches d&#8217;alimentation et de perfusion en m\u00eame temps.<\/li>\n<\/ul>\n<\/li>\n<\/ul>\n[\/vc_column_text][vc_column_text css=&#8221;&#8221;]Le FreeArm\u00ae Muscle est mieux qu&#8217;une potence \u00e0 perfusion. Il est beaucoup plus facile de voyager avec un FreeArm\u00ae Muscle, ce qui am\u00e9liore l&#8217;observance nutritionnelle et la qualit\u00e9 de vie. Le bras pliable du FreeArm\u00ae Muscle aide \u00e0 r\u00e9guler le d\u00e9bit des seringues \u00e0 gravit\u00e9, am\u00e9liorant ainsi la s\u00e9curit\u00e9 du patient d&#8217;une mani\u00e8re que les perches \u00e0 perfusion et les sacs \u00e0 dos ne peuvent pas faire.<\/p>\n<p>Le FreeArm\u00ae Muscle est disponible en 4 couleurs amusantes, rose, blanc, bleu et vert, ce qui rend la vie m\u00e9dicale un peu moins m\u00e9dicale.[\/vc_column_text][vc_empty_space][vc_row_inner][vc_column_inner width=&#8221;1\/2&#8243;][vc_btn title=&#8221;R\u00e9sum\u00e9 de la recherche&#8221; style=&#8221;outline-custom&#8221; outline_custom_color=&#8221;#000000&#8243; outline_custom_hover_background=&#8221;#93d500&#8243; outline_custom_hover_text=&#8221;#ffffff&#8221; shape=&#8221;square&#8221; align=&#8221;left&#8221; i_icon_fontawesome=&#8221;fas fa-book-medical&#8221; css=&#8221;&#8221; add_icon=&#8221;true&#8221; link=&#8221;url:https%3A%2F%2Fnovusmedical.ca%2Fwp-content%2Fuploads%2F2025%2F02%2FASPENPoster_FreeArm.jpg|target:_blank|&#8221;][\/vc_column_inner][vc_column_inner width=&#8221;1\/2&#8243;][vc_raw_html css=&#8221;&#8221;]JTNDZGl2JTIwY2xhc3MlM0QlMjJlY3NwJTIwZWNzcC1TaW5nbGVQcm9kdWN0LXYyJTIwZWNzcC1Qcm9kdWN0JTIwZWMtUHJvZHVjdC03Mjk1MTg0ODYlMjIlMjBpdGVtdHlwZSUzRCUyMmh0dHAlM0ElMkYlMkZzY2hlbWEub3JnJTJGUHJvZHVjdCUyMiUyMGRhdGEtc2luZ2xlLXByb2R1Y3QtaWQlM0QlMjI3Mjk1MTg0ODYlMjIlM0UlM0NkaXYlMjBjbGFzcyUzRCUyMmVjc3AtdGl0bGUlMjIlMjBpdGVtcHJvcCUzRCUyMm5hbWUlMjIlMjBzdHlsZSUzRCUyMmRpc3BsYXklM0Fub25lJTNCJTIyJTIwY29udGVudCUzRCUyMkZyZWVBcm0lMjBNdXNjbGUlMjIlM0UlM0MlMkZkaXYlM0UlM0NkaXYlMjBjdXN0b21wcm9wJTNEJTIyYWRkdG9iYWclMjIlM0UlM0MlMkZkaXYlM0UlM0MlMkZkaXYlM0UlM0NzY3JpcHQlMjBkYXRhLWNmYXN5bmMlM0QlMjJmYWxzZSUyMiUyMHR5cGUlM0QlMjJ0ZXh0JTJGamF2YXNjcmlwdCUyMiUyMHNyYyUzRCUyMmh0dHBzJTNBJTJGJTJGYXBwLmVjd2lkLmNvbSUyRnNjcmlwdC5qcyUzRjk1MDAyNTA5JTI2ZGF0YV9wbGF0Zm9ybSUzRHNpbmdsZXByb2R1Y3RfdjIlMjIlMjBjaGFyc2V0JTNEJTIydXRmLTglMjIlM0UlM0MlMkZzY3JpcHQlM0UlM0NzY3JpcHQlMjB0eXBlJTNEJTIydGV4dCUyRmphdmFzY3JpcHQlMjIlM0V4UHJvZHVjdCUyOCUyOSUzQyUyRnNjcmlwdCUzRQ==[\/vc_raw_html][\/vc_column_inner][\/vc_row_inner][\/vc_column][\/vc_row][vc_row][vc_column][vc_custom_heading text=&#8221;Avis des clients de FreeArm&#8221; font_container=&#8221;tag:h2|font_size:32|text_align:left|color:%2346B8E9&#8243; google_fonts=&#8221;font_family:Roboto%3A100%2C100italic%2C300%2C300italic%2Cregular%2Citalic%2C500%2C500italic%2C700%2C700italic%2C900%2C900italic|font_style:900%20bold%20regular%3A900%3Anormal&#8221; css=&#8221;.vc_custom_1740422770761{padding-top: 76px !important;}&#8221;][vc_separator border_width=&#8221;2&#8243; css=&#8221;.vc_custom_1740423983603{padding-bottom: 0px !important;}&#8221;][\/vc_column][\/vc_row][vc_row full_width=&#8221;stretch_row&#8221; gap=&#8221;35&#8243; content_placement=&#8221;top&#8221; css=&#8221;.vc_custom_1740424023062{margin-top: 0px !important;margin-bottom: 100px !important;background-color: #FFFFFF !important;}&#8221;][vc_column width=&#8221;1\/2&#8243; css=&#8221;.vc_custom_1740422930986{padding-right: 50px !important;}&#8221;][vc_column_text css=&#8221;.vc_custom_1740422632717{padding-top: -20px !important;}&#8221;]Le dispositif d&#8217;alimentation \u00e0 bras libre a \u00e9t\u00e9 une v\u00e9ritable bou\u00e9e de sauvetage pour notre famille ! Notre petit est porteur d&#8217;une sonde G, et trouver un moyen de garder les mains libres pour l&#8217;alimenter tout en s&#8217;assurant qu&#8217;il est \u00e0 l&#8217;aise a \u00e9t\u00e9 un v\u00e9ritable combat &#8211; jusqu&#8217;\u00e0 pr\u00e9sent. Le bras flexible maintient fermement le tube d&#8217;alimentation en place, ce qui permet une exp\u00e9rience plus contr\u00f4l\u00e9e, sans d\u00e9versement, sans ajustements constants. Nous appr\u00e9cions \u00e9galement le fait qu&#8217;il fonctionne parfaitement pour l&#8217;alimentation au biberon ! Il maintient le biberon \u00e0 l&#8217;angle parfait, ce qui favorise une meilleure digestion et r\u00e9duit l&#8217;entr\u00e9e d&#8217;air. Sa conception robuste mais l\u00e9g\u00e8re le rend tr\u00e8s portable, ce qui nous permet de l&#8217;utiliser \u00e0 la maison ou en d\u00e9placement. Ce produit nous a vraiment aid\u00e9s \u00e0 gagner en ind\u00e9pendance lorsque nous nourrissons notre enfant, en nous permettant d&#8217;effectuer plusieurs t\u00e2ches \u00e0 la fois tout en veillant \u00e0 ce qu&#8217;il soit bien nourri et \u00e0 l&#8217;aise. Je le recommande vivement \u00e0 tous les parents et \u00e0 toutes les personnes qui s&#8217;occupent d&#8217;enfants : c&#8217;est un produit indispensable ![\/vc_column_text][vc_custom_heading text=&#8221;Tonya&#8221; font_container=&#8221;tag:h2|font_size:21|text_align:left|color:%23000000&#8243; google_fonts=&#8221;font_family:Roboto%3A100%2C100italic%2C300%2C300italic%2Cregular%2Citalic%2C500%2C500italic%2C700%2C700italic%2C900%2C900italic|font_style:700%20bold%20regular%3A700%3Anormal&#8221; css=&#8221;&#8221;][vc_single_image image=&#8221;12260&#8243; img_size=&#8221;large&#8221; css=&#8221;.vc_custom_1740422613847{padding-bottom: -10px !important;}&#8221;][\/vc_column][vc_column width=&#8221;1\/2&#8243; css=&#8221;.vc_custom_1740422947165{padding-left: 50px !important;}&#8221;][vc_column_text css=&#8221;&#8221;]J&#8217;adore mon appareil FreeArm Muscle rose !!! Je suis nourrie par sonde au moyen d&#8217;une sonde d&#8217;alimentation \u00e0 profil bas GJ-mic-key button et le FreeArm facilite les d\u00e9placements avec mes aliments car le dispositif peut s&#8217;accrocher \u00e0 n&#8217;importe quel service\/table\/appareil (comme mon fauteuil roulant \u00e9lectrique) et maintient les aliments de mani\u00e8re tr\u00e8s agr\u00e9able. Il est tr\u00e8s r\u00e9sistant, ce que j&#8217;appr\u00e9cie, et je le recommande vivement \u00e0 toute personne qui re\u00e7oit une nutrition ent\u00e9rale ou qui est aliment\u00e9e par sonde. Je suis tr\u00e8s reconnaissante pour ce dispositif et il est de ma couleur pr\u00e9f\u00e9r\u00e9e, le rose ! Il y a beaucoup d&#8217;autres couleurs comme le bleu, le vert, le blanc et le rose parmi lesquelles vous pouvez choisir ! Je suis ENORME !!! Merci FreeArm &lt;3 Vous rendez votre fils si fier.[\/vc_column_text][vc_custom_heading text=&#8221;Erica&#8221; font_container=&#8221;tag:h2|font_size:21|text_align:left|color:%23000000&#8243; google_fonts=&#8221;font_family:Roboto%3A100%2C100italic%2C300%2C300italic%2Cregular%2Citalic%2C500%2C500italic%2C700%2C700italic%2C900%2C900italic|font_style:700%20bold%20regular%3A700%3Anormal&#8221; css=&#8221;&#8221;][vc_single_image image=&#8221;12260&#8243; img_size=&#8221;large&#8221; css=&#8221;&#8221;][\/vc_column][\/vc_row][vc_row full_width=&#8221;stretch_row_content&#8221; gap=&#8221;5&#8243; content_placement=&#8221;middle&#8221; css=&#8221;.vc_custom_1740432568232{margin-bottom: -68px !important;}&#8221;][vc_column width=&#8221;1\/2&#8243; css=&#8221;.vc_custom_1740423432449{padding-top: 30px !important;padding-bottom: 30px !important;background-image: url(https:\/\/novusmedical.ca\/wp-content\/uploads\/2025\/02\/hospitalfreearmlight.png?id=12255) !important;background-position: center !important;background-repeat: no-repeat !important;background-size: cover !important;border-color: #FFFFFF !important;}&#8221;][vc_custom_heading text=&#8221;Hospital FreeArm Muscle&#8221; font_container=&#8221;tag:h2|font_size:36|text_align:center|color:%23FFFFFF&#8221; google_fonts=&#8221;font_family:Roboto%3A100%2C100italic%2C300%2C300italic%2Cregular%2Citalic%2C500%2C500italic%2C700%2C700italic%2C900%2C900italic|font_style:900%20bold%20regular%3A900%3Anormal&#8221; css=&#8221;.vc_custom_1740423485404{padding-top: 70px !important;padding-bottom: 20px !important;}&#8221;][vc_btn title=&#8221;EN SAVOIR PLUS&#8221; style=&#8221;outline-custom&#8221; outline_custom_color=&#8221;#FFFFFF&#8221; outline_custom_hover_background=&#8221;#FFFFFF&#8221; outline_custom_hover_text=&#8221;#000000&#8243; shape=&#8221;square&#8221; align=&#8221;center&#8221; css=&#8221;.vc_custom_1740432493672{padding-bottom: 50px !important;}&#8221; link=&#8221;url:https%3A%2F%2Fnovusmedical.ca%2Ffreearmhospital%2F|title:H%C3%B4pital%20gratuit|&#8221;][\/vc_column][vc_column width=&#8221;1\/2&#8243; css=&#8221;.vc_custom_1740423523747{padding-top: 30px !important;padding-bottom: 30px !important;background-image: url(https:\/\/novusmedical.ca\/wp-content\/uploads\/2025\/02\/FreeArmClip.png?id=12253) !important;background-position: center !important;background-repeat: no-repeat !important;background-size: cover !important;}&#8221;][vc_custom_heading text=&#8221;Clip FreeArm&#8221; font_container=&#8221;tag:h2|font_size:36|text_align:center|color:%23FFFFFF&#8221; google_fonts=&#8221;font_family:Roboto%3A100%2C100italic%2C300%2C300italic%2Cregular%2Citalic%2C500%2C500italic%2C700%2C700italic%2C900%2C900italic|font_style:900%20bold%20regular%3A900%3Anormal&#8221; css=&#8221;.vc_custom_1740423534079{padding-top: 70px !important;padding-bottom: 20px !important;}&#8221;][vc_btn title=&#8221;EN SAVOIR PLUS&#8221; style=&#8221;outline-custom&#8221; outline_custom_color=&#8221;#FFFFFF&#8221; outline_custom_hover_background=&#8221;#FFFFFF&#8221; outline_custom_hover_text=&#8221;#000000&#8243; shape=&#8221;square&#8221; align=&#8221;center&#8221; css=&#8221;.vc_custom_1740432503299{padding-bottom: 50px !important;}&#8221; link=&#8221;url:https%3A%2F%2Fnovusmedical.ca%2Ffreearmclip%2F|title:Clip%20libre|&#8221;][\/vc_column][\/vc_row]\n<\/div>","protected":false},"excerpt":{"rendered":"<p>[vc_row css=&#8221;.vc_custom_1739905192786{margin-top: -50px !important;margin-bottom: 50px !important;}&#8221;][vc_column][\/vc_column][\/vc_row][vc_row gap=&#8221;35&#8243; css=&#8221;.vc_custom_1739905368024{padding-top: 100px !important;padding-bottom: 50px !important;}&#8221;][vc_column width=&#8221;1\/2&#8243;][vc_single_image image=&#8221;12144&#8243; img_size=&#8221;medium&#8221; css_animation=&#8221;bounceInUp&#8221; css=&#8221;&#8221;][vc_column_text css=&#8221;.vc_custom_1739378612026{margin-bottom: 15px !important;}&#8221;] [&hellip;]<\/p>\n","protected":false},"author":2,"featured_media":12142,"parent":12336,"menu_order":0,"comment_status":"closed","ping_status":"closed","template":"","meta":{"om_disable_all_campaigns":false,"_monsterinsights_skip_tracking":false,"_monsterinsights_sitenote_active":false,"_monsterinsights_sitenote_note":"","_monsterinsights_sitenote_category":0,"footnotes":""},"class_list":["post-12329","page","type-page","status-publish","has-post-thumbnail","hentry"],"jetpack_sharing_enabled":true,"_links":{"self":[{"href":"https:\/\/novusmedical.ca\/fr\/wp-json\/wp\/v2\/pages\/12329","targetHints":{"allow":["GET"]}}],"collection":[{"href":"https:\/\/novusmedical.ca\/fr\/wp-json\/wp\/v2\/pages"}],"about":[{"href":"https:\/\/novusmedical.ca\/fr\/wp-json\/wp\/v2\/types\/page"}],"author":[{"embeddable":true,"href":"https:\/\/novusmedical.ca\/fr\/wp-json\/wp\/v2\/users\/2"}],"replies":[{"embeddable":true,"href":"https:\/\/novusmedical.ca\/fr\/wp-json\/wp\/v2\/comments?post=12329"}],"version-history":[{"count":5,"href":"https:\/\/novusmedical.ca\/fr\/wp-json\/wp\/v2\/pages\/12329\/revisions"}],"predecessor-version":[{"id":12386,"href":"https:\/\/novusmedical.ca\/fr\/wp-json\/wp\/v2\/pages\/12329\/revisions\/12386"}],"up":[{"embeddable":true,"href":"https:\/\/novusmedical.ca\/fr\/wp-json\/wp\/v2\/pages\/12336"}],"wp:featuredmedia":[{"embeddable":true,"href":"https:\/\/novusmedical.ca\/fr\/wp-json\/wp\/v2\/media\/12142"}],"wp:attachment":[{"href":"https:\/\/novusmedical.ca\/fr\/wp-json\/wp\/v2\/media?parent=12329"}],"curies":[{"name":"wp","href":"https:\/\/api.w.org\/{rel}","templated":true}]}}