{"id":12129,"date":"2025-02-04T21:31:09","date_gmt":"2025-02-04T21:31:09","guid":{"rendered":"https:\/\/novusmedical.ca\/magventure\/magventurevideos\/"},"modified":"2025-02-05T16:42:53","modified_gmt":"2025-02-05T16:42:53","slug":"magventurevideos","status":"publish","type":"page","link":"https:\/\/novusmedical.ca\/fr\/magventure\/magventurevideos\/","title":{"rendered":"MagVentureVid\u00e9os"},"content":{"rendered":"<div class=\"wpb-content-wrapper\">[vc_row css=&#8221;.vc_custom_1594314647893{margin-top: -50px !important;}&#8221;][vc_column]\n\t\t\t<!-- START MagVenture  Video Page FR REVOLUTION SLIDER 6.6.9 --><p class=\"rs-p-wp-fix\"><\/p>\n\t\t\t<rs-module-wrap id=\"rev_slider_105_1_wrapper\" data-source=\"gallery\" style=\"visibility:hidden;background:transparent;padding:0;margin:0px auto;margin-top:0;margin-bottom:0;\">\n\t\t\t\t<rs-module id=\"rev_slider_105_1\" style=\"\" data-version=\"6.6.9\">\n\t\t\t\t\t<rs-slides style=\"overflow: hidden; position: absolute;\">\n\t\t\t\t\t\t<rs-slide style=\"position: absolute;\" data-key=\"rs-166\" data-title=\"MagVenture Manu\" data-anim=\"adpr:false;\" data-in=\"o:0;\" data-out=\"a:false;\">\n\t\t\t\t\t\t\t<img data-recalc-dims=\"1\" decoding=\"async\" src=\"https:\/\/i0.wp.com\/novusmedical.ca\/wp-content\/plugins\/revslider\/public\/assets\/assets\/dummy.png?resize=2000%2C1000\" alt=\"\" title=\"magventurevideoshero\" width=\"2000\" height=\"1000\" class=\"rev-slidebg tp-rs-img rs-lazyload\" data-lazyload=\"\/\/novusmedical.ca\/wp-content\/uploads\/2025\/02\/magventurevideoshero.png\" data-no-retina>\n<!--\n\t\t\t\t\t\t\t--><a\n\t\t\t\t\t\t\t\tid=\"slider-105-slide-166-layer-0\" \n\t\t\t\t\t\t\t\tclass=\"rs-layer\"\n\t\t\t\t\t\t\t\thref=\"https:\/\/novusmedical.ca\/?page_id=6910\" target=\"_self\"\n\t\t\t\t\t\t\t\tdata-type=\"text\"\n\t\t\t\t\t\t\t\tdata-color=\"#fc4d1f\"\n\t\t\t\t\t\t\t\tdata-rsp_ch=\"on\"\n\t\t\t\t\t\t\t\tdata-xy=\"x:44px;y:563px;\"\n\t\t\t\t\t\t\t\tdata-text=\"w:normal;s:14;l:55;ls:1px;\"\n\t\t\t\t\t\t\t\tdata-dim=\"w:427px;minh:0;\"\n\t\t\t\t\t\t\t\tdata-frame_999=\"o:0;st:w;\"\n\t\t\t\t\t\t\t\tstyle=\"z-index:9;font-family:'Lato';text-transform:uppercase;\"\n\t\t\t\t\t\t\t>Carrefour de connaissances \n\t\t\t\t\t\t\t<\/a><!--\n\n\t\t\t\t\t\t\t--><a\n\t\t\t\t\t\t\t\tid=\"slider-105-slide-166-layer-1\" \n\t\t\t\t\t\t\t\tclass=\"rs-layer\"\n\t\t\t\t\t\t\t\thref=\"https:\/\/novusmedical.ca\/?page_id=6910\" target=\"_self\"\n\t\t\t\t\t\t\t\tdata-type=\"text\"\n\t\t\t\t\t\t\t\tdata-color=\"#ffffff\"\n\t\t\t\t\t\t\t\tdata-rsp_ch=\"on\"\n\t\t\t\t\t\t\t\tdata-xy=\"x:39px;y:606px;\"\n\t\t\t\t\t\t\t\tdata-text=\"w:normal;s:48;l:55;ls:1px;fw:700;\"\n\t\t\t\t\t\t\t\tdata-dim=\"w:851px;minh:0;\"\n\t\t\t\t\t\t\t\tdata-frame_999=\"o:0;st:w;\"\n\t\t\t\t\t\t\t\tstyle=\"z-index:8;font-family:'Lato';\"\n\t\t\t\t\t\t\t>Comprendre la th\u00e9rapie TMS \n\t\t\t\t\t\t\t<\/a><!--\n\n\t\t\t\t\t\t\t--><rs-layer\n\t\t\t\t\t\t\t\tid=\"slider-105-slide-166-layer-31\" \n\t\t\t\t\t\t\t\tdata-type=\"shape\"\n\t\t\t\t\t\t\t\tdata-rsp_ch=\"on\"\n\t\t\t\t\t\t\t\tdata-xy=\"x:-242px;y:c;yo:298px;\"\n\t\t\t\t\t\t\t\tdata-text=\"w:normal;\"\n\t\t\t\t\t\t\t\tdata-dim=\"w:976px;h:197px;\"\n\t\t\t\t\t\t\t\tdata-frame_999=\"o:0;st:w;\"\n\t\t\t\t\t\t\t\tstyle=\"z-index:6;background-color:#002b45;\"\n\t\t\t\t\t\t\t> \n\t\t\t\t\t\t\t<\/rs-layer><!--\n-->\t\t\t\t\t\t<\/rs-slide>\n\t\t\t\t\t<\/rs-slides>\n\t\t\t\t<\/rs-module>\n\t\t\t\t<script>\n\t\t\t\t\tsetREVStartSize({c: 'rev_slider_105_1',rl:[1240,1024,778,480],el:[700],gw:[1240],gh:[700],type:'standard',justify:'',layout:'fullwidth',mh:\"0\"});if (window.RS_MODULES!==undefined && window.RS_MODULES.modules!==undefined && window.RS_MODULES.modules[\"revslider1051\"]!==undefined) {window.RS_MODULES.modules[\"revslider1051\"].once = false;window.revapi105 = undefined;if (window.RS_MODULES.checkMinimal!==undefined) window.RS_MODULES.checkMinimal()}\n\t\t\t\t<\/script>\n\t\t\t<\/rs-module-wrap>\n\t\t\t<!-- END REVOLUTION SLIDER -->\n[vc_empty_space height=&#8221;75px&#8221;][\/vc_column][\/vc_row][vc_row][vc_column width=&#8221;1\/2&#8243;][vc_single_image image=&#8221;11013&#8243; img_size=&#8221;medium&#8221; css=&#8221;&#8221;][vc_custom_heading text=&#8221;Carrefour de connaissances&#8221; font_container=&#8221;tag:h2|font_size:32|text_align:left|color:%23002b45|line_height:1.25&#8243; google_fonts=&#8221;font_family:Lato%3A100%2C100italic%2C300%2C300italic%2Cregular%2Citalic%2C700%2C700italic%2C900%2C900italic|font_style:900%20bold%20regular%3A900%3Anormal&#8221; css=&#8221;&#8221;][vc_column_text css=&#8221;.vc_custom_1738698439856{margin-right: 60px !important;}&#8221;]\n<p class=\"p1\">Vous trouverez ici une s\u00e9rie de ressources vid\u00e9o de MagVenture qui vous aideront \u00e0 mieux conna\u00eetre la th\u00e9rapie par SMT et tout ce qu&#8217;elle a \u00e0 offrir pour redonner espoir aux patients. \u00c9coutez directement des patients qui racontent leur exp\u00e9rience dans l&#8217;espoir d&#8217;encourager d&#8217;autres personnes. Des m\u00e9decins qui sont t\u00e9moins des r\u00e9sultats qui changent la vie de leurs patients. MagVenture se passionne pour les technologies r\u00e9volutionnaires qui contribuent \u00e0 am\u00e9liorer la vie des gens.<\/p>\n[\/vc_column_text][\/vc_column][vc_column width=&#8221;1\/2&#8243;][vc_video link=&#8221;https:\/\/youtu.be\/ROLYdDQKWrw&#8221; css=&#8221;&#8221;][vc_empty_space height=&#8221;75&#8243;][\/vc_column][\/vc_row][vc_row full_width=&#8221;stretch_row&#8221; gap=&#8221;35&#8243; css=&#8221;.vc_custom_1738704919939{padding-bottom: -45px !important;background-color: #f7f7f7 !important;}&#8221;][vc_column][vc_empty_space height=&#8221;100&#8243;][vc_custom_heading text=&#8221;D\u00e9couvrez la th\u00e9rapie TMS de MagVenture&#8221; font_container=&#8221;tag:h2|font_size:36|text_align:center|color:%23002b45|line_height:1.25&#8243; google_fonts=&#8221;font_family:Roboto%3A100%2C100italic%2C300%2C300italic%2Cregular%2Citalic%2C500%2C500italic%2C700%2C700italic%2C900%2C900italic|font_style:900%20bold%20regular%3A900%3Anormal&#8221; css=&#8221;&#8221;][vc_column_text css=&#8221;&#8221;]\n<p class=\"p1\" style=\"text-align: center;\">Voyez et entendez tout sur la th\u00e9rapie TMS afin d&#8217;\u00eatre s\u00fbr que c&#8217;est la bonne solution pour vous.<\/p>\n[\/vc_column_text][vc_empty_space height=&#8221;20&#8243;][\/vc_column][\/vc_row][vc_row full_width=&#8221;stretch_row&#8221; gap=&#8221;20&#8243; equal_height=&#8221;yes&#8221; css=&#8221;.vc_custom_1738704958842{margin-top: -20px !important;padding-top: 20px !important;padding-bottom: 30px !important;background-color: #F7F7F7 !important;}&#8221;][vc_column width=&#8221;1\/2&#8243; css=&#8221;.vc_custom_1738699064362{padding-right: 40px !important;padding-left: 40px !important;background-color: #FFFFFF !important;}&#8221;][vc_custom_heading text=&#8221;TH\u00c9RAPIE PAR SMT&#8221; font_container=&#8221;tag:h2|font_size:14|text_align:left|color:%23fc4d1f&#8221; google_fonts=&#8221;font_family:Roboto%3A100%2C100italic%2C300%2C300italic%2Cregular%2Citalic%2C500%2C500italic%2C700%2C700italic%2C900%2C900italic|font_style:500%20bold%20regular%3A500%3Anormal&#8221; css=&#8221;&#8221;][vc_custom_heading text=&#8221;\u00c0 propos de la th\u00e9rapie par SMT&#8221; font_container=&#8221;tag:h2|font_size:21|text_align:left|color:%23002b45|line_height:1.25&#8243; google_fonts=&#8221;font_family:Lato%3A100%2C100italic%2C300%2C300italic%2Cregular%2Citalic%2C700%2C700italic%2C900%2C900italic|font_style:900%20bold%20regular%3A900%3Anormal&#8221; css=&#8221;&#8221;][vc_video link=&#8221;https:\/\/youtu.be\/7vcm9TYdHmQ&#8221; css=&#8221;&#8221;][\/vc_column][vc_column width=&#8221;1\/2&#8243; css=&#8221;.vc_custom_1719419903720{padding-right: 40px !important;padding-left: 40px !important;background-color: #ffffff !important;}&#8221;][vc_custom_heading text=&#8221;TH\u00c9RAPIE PAR SMT&#8221; font_container=&#8221;tag:h2|font_size:14|text_align:left|color:%23fc4d1f&#8221; google_fonts=&#8221;font_family:Roboto%3A100%2C100italic%2C300%2C300italic%2Cregular%2Citalic%2C500%2C500italic%2C700%2C700italic%2C900%2C900italic|font_style:500%20bold%20regular%3A500%3Anormal&#8221; css=&#8221;&#8221;][vc_custom_heading text=&#8221;Le syst\u00e8me de th\u00e9rapie par SMT MagVenture&#8221; font_container=&#8221;tag:h2|font_size:21|text_align:left|color:%23002b45|line_height:1.25&#8243; google_fonts=&#8221;font_family:Lato%3A100%2C100italic%2C300%2C300italic%2Cregular%2Citalic%2C700%2C700italic%2C900%2C900italic|font_style:900%20bold%20regular%3A900%3Anormal&#8221; css=&#8221;&#8221;][vc_video link=&#8221;https:\/\/youtu.be\/U4uG75-kd7M&#8221; css=&#8221;&#8221;][\/vc_column][\/vc_row][vc_row full_width=&#8221;stretch_row&#8221; gap=&#8221;35&#8243; css=&#8221;.vc_custom_1738704982692{margin-top: -20px !important;padding-bottom: -45px !important;background-color: #f7f7f7 !important;}&#8221;][vc_column][vc_empty_space height=&#8221;100&#8243;][vc_custom_heading text=&#8221;Histoires de MagVenture&#8221; font_container=&#8221;tag:h2|font_size:36|text_align:center|color:%23002b45|line_height:1.25&#8243; google_fonts=&#8221;font_family:Roboto%3A100%2C100italic%2C300%2C300italic%2Cregular%2Citalic%2C500%2C500italic%2C700%2C700italic%2C900%2C900italic|font_style:900%20bold%20regular%3A900%3Anormal&#8221; css=&#8221;&#8221;][vc_column_text css=&#8221;&#8221;]\n<p class=\"p1\" style=\"text-align: center;\">\u00c9coutez directement les patients de la th\u00e9rapie TMS parler de leurs exp\u00e9riences et des r\u00e9sultats qui ont chang\u00e9 leur vie.<\/p>\n[\/vc_column_text][vc_empty_space height=&#8221;20&#8243;][\/vc_column][\/vc_row][vc_row full_width=&#8221;stretch_row&#8221; equal_height=&#8221;yes&#8221; css=&#8221;.vc_custom_1738699964053{margin-top: -20px !important;padding-top: 20px !important;background-color: #F7F7F7 !important;}&#8221;][vc_column width=&#8221;1\/3&#8243; css=&#8221;.vc_custom_1738699064362{padding-right: 40px !important;padding-left: 40px !important;background-color: #FFFFFF !important;}&#8221;][vc_custom_heading text=&#8221;R\u00c9CITS D&#8217;AVENTURES&#8221; font_container=&#8221;tag:h2|font_size:14|text_align:left|color:%23fc4d1f&#8221; google_fonts=&#8221;font_family:Roboto%3A100%2C100italic%2C300%2C300italic%2Cregular%2Citalic%2C500%2C500italic%2C700%2C700italic%2C900%2C900italic|font_style:500%20bold%20regular%3A500%3Anormal&#8221; css=&#8221;&#8221;][vc_custom_heading text=&#8221;L&#8217;histoire de Vickie&#8221; font_container=&#8221;tag:h2|font_size:21|text_align:left|color:%23002b45|line_height:1.25&#8243; google_fonts=&#8221;font_family:Lato%3A100%2C100italic%2C300%2C300italic%2Cregular%2Citalic%2C700%2C700italic%2C900%2C900italic|font_style:900%20bold%20regular%3A900%3Anormal&#8221; css=&#8221;&#8221;][vc_video link=&#8221;https:\/\/youtu.be\/2mJtDGlOyoQ&#8221; css=&#8221;&#8221;][\/vc_column][vc_column width=&#8221;1\/3&#8243; css=&#8221;.vc_custom_1738699820049{padding-right: 40px !important;padding-left: 40px !important;background-color: #FFFFFF !important;}&#8221;][vc_custom_heading text=&#8221;R\u00c9CITS D&#8217;AVENTURES&#8221; font_container=&#8221;tag:h2|font_size:14|text_align:left|color:%23fc4d1f&#8221; google_fonts=&#8221;font_family:Roboto%3A100%2C100italic%2C300%2C300italic%2Cregular%2Citalic%2C500%2C500italic%2C700%2C700italic%2C900%2C900italic|font_style:500%20bold%20regular%3A500%3Anormal&#8221; css=&#8221;&#8221;][vc_custom_heading text=&#8221;L&#8217;histoire de Cindy&#8221; font_container=&#8221;tag:h2|font_size:21|text_align:left|color:%23002b45|line_height:1.25&#8243; google_fonts=&#8221;font_family:Lato%3A100%2C100italic%2C300%2C300italic%2Cregular%2Citalic%2C700%2C700italic%2C900%2C900italic|font_style:900%20bold%20regular%3A900%3Anormal&#8221; css=&#8221;&#8221;][vc_video link=&#8221;https:\/\/youtu.be\/tluVBOjLmvc&#8221; css=&#8221;&#8221;][\/vc_column][vc_column width=&#8221;1\/3&#8243; css=&#8221;.vc_custom_1738699924822{padding-right: 40px !important;padding-left: 40px !important;background-color: #FFFFFF !important;}&#8221;][vc_custom_heading text=&#8221;R\u00c9CITS D&#8217;AVENTURES&#8221; font_container=&#8221;tag:h2|font_size:14|text_align:left|color:%23fc4d1f&#8221; google_fonts=&#8221;font_family:Roboto%3A100%2C100italic%2C300%2C300italic%2Cregular%2Citalic%2C500%2C500italic%2C700%2C700italic%2C900%2C900italic|font_style:500%20bold%20regular%3A500%3Anormal&#8221; css=&#8221;&#8221;][vc_custom_heading text=&#8221;L&#8217;histoire de Charlie&#8221; font_container=&#8221;tag:h2|font_size:21|text_align:left|color:%23002b45|line_height:1.25&#8243; google_fonts=&#8221;font_family:Lato%3A100%2C100italic%2C300%2C300italic%2Cregular%2Citalic%2C700%2C700italic%2C900%2C900italic|font_style:900%20bold%20regular%3A900%3Anormal&#8221; css=&#8221;&#8221;][vc_video link=&#8221;https:\/\/youtu.be\/tqJ3ouvLqAk&#8221; css=&#8221;&#8221;][\/vc_column][\/vc_row][vc_row full_width=&#8221;stretch_row&#8221; equal_height=&#8221;yes&#8221; css=&#8221;.vc_custom_1738699964053{margin-top: -20px !important;padding-top: 20px !important;background-color: #F7F7F7 !important;}&#8221;][vc_column width=&#8221;1\/3&#8243; css=&#8221;.vc_custom_1738699064362{padding-right: 40px !important;padding-left: 40px !important;background-color: #FFFFFF !important;}&#8221;][vc_custom_heading text=&#8221;R\u00c9CITS D&#8217;AVENTURES&#8221; font_container=&#8221;tag:h2|font_size:14|text_align:left|color:%23fc4d1f&#8221; google_fonts=&#8221;font_family:Roboto%3A100%2C100italic%2C300%2C300italic%2Cregular%2Citalic%2C500%2C500italic%2C700%2C700italic%2C900%2C900italic|font_style:500%20bold%20regular%3A500%3Anormal&#8221; css=&#8221;&#8221;][vc_custom_heading text=&#8221;L&#8217;histoire d&#8217;Oliver&#8221; font_container=&#8221;tag:h2|font_size:21|text_align:left|color:%23002b45|line_height:1.25&#8243; google_fonts=&#8221;font_family:Lato%3A100%2C100italic%2C300%2C300italic%2Cregular%2Citalic%2C700%2C700italic%2C900%2C900italic|font_style:900%20bold%20regular%3A900%3Anormal&#8221; css=&#8221;&#8221;][vc_video link=&#8221;https:\/\/youtu.be\/2gX0wYD-H8A&#8221; css=&#8221;&#8221;][\/vc_column][vc_column width=&#8221;1\/3&#8243; css=&#8221;.vc_custom_1738699820049{padding-right: 40px !important;padding-left: 40px !important;background-color: #FFFFFF !important;}&#8221;][vc_custom_heading text=&#8221;R\u00c9CITS D&#8217;AVENTURES&#8221; font_container=&#8221;tag:h2|font_size:14|text_align:left|color:%23fc4d1f&#8221; google_fonts=&#8221;font_family:Roboto%3A100%2C100italic%2C300%2C300italic%2Cregular%2Citalic%2C500%2C500italic%2C700%2C700italic%2C900%2C900italic|font_style:500%20bold%20regular%3A500%3Anormal&#8221; css=&#8221;&#8221;][vc_custom_heading text=&#8221;L&#8217;histoire d&#8217;Amy &#8211; Partie 1&#8243; font_container=&#8221;tag:h2|font_size:21|text_align:left|color:%23002b45|line_height:1.25&#8243; google_fonts=&#8221;font_family:Lato%3A100%2C100italic%2C300%2C300italic%2Cregular%2Citalic%2C700%2C700italic%2C900%2C900italic|font_style:900%20bold%20regular%3A900%3Anormal&#8221; css=&#8221;&#8221;][vc_video link=&#8221;https:\/\/youtu.be\/uC9LqgrTnkM&#8221; css=&#8221;&#8221;][\/vc_column][vc_column width=&#8221;1\/3&#8243; css=&#8221;.vc_custom_1738699924822{padding-right: 40px !important;padding-left: 40px !important;background-color: #FFFFFF !important;}&#8221;][vc_custom_heading text=&#8221;R\u00c9CITS D&#8217;AVENTURES&#8221; font_container=&#8221;tag:h2|font_size:14|text_align:left|color:%23fc4d1f&#8221; google_fonts=&#8221;font_family:Roboto%3A100%2C100italic%2C300%2C300italic%2Cregular%2Citalic%2C500%2C500italic%2C700%2C700italic%2C900%2C900italic|font_style:500%20bold%20regular%3A500%3Anormal&#8221; css=&#8221;&#8221;][vc_custom_heading text=&#8221;L&#8217;histoire d&#8217;Amy &#8211; Partie 2&#8243; font_container=&#8221;tag:h2|font_size:21|text_align:left|color:%23002b45|line_height:1.25&#8243; google_fonts=&#8221;font_family:Lato%3A100%2C100italic%2C300%2C300italic%2Cregular%2Citalic%2C700%2C700italic%2C900%2C900italic|font_style:900%20bold%20regular%3A900%3Anormal&#8221; css=&#8221;&#8221;][vc_video link=&#8221;https:\/\/youtu.be\/Ah0R-QHx8cw&#8221; css=&#8221;&#8221;][\/vc_column][\/vc_row][vc_row full_width=&#8221;stretch_row&#8221; gap=&#8221;35&#8243; css=&#8221;.vc_custom_1738704982692{margin-top: -20px !important;padding-bottom: -45px !important;background-color: #f7f7f7 !important;}&#8221;][vc_column][vc_empty_space height=&#8221;100&#8243;][vc_custom_heading text=&#8221;Histoires de m\u00e9decins&#8221; font_container=&#8221;tag:h2|font_size:36|text_align:center|color:%23002b45|line_height:1.25&#8243; google_fonts=&#8221;font_family:Roboto%3A100%2C100italic%2C300%2C300italic%2Cregular%2Citalic%2C500%2C500italic%2C700%2C700italic%2C900%2C900italic|font_style:900%20bold%20regular%3A900%3Anormal&#8221; css=&#8221;&#8221;][vc_column_text css=&#8221;&#8221;]\n<p class=\"p1\" style=\"text-align: center;\">Entendez directement les m\u00e9decins et leurs exp\u00e9riences de mise en \u0153uvre de la th\u00e9rapie par SMT aupr\u00e8s de leurs patients.<\/p>\n[\/vc_column_text][vc_empty_space height=&#8221;20&#8243;][\/vc_column][\/vc_row][vc_row full_width=&#8221;stretch_row&#8221; equal_height=&#8221;yes&#8221; css=&#8221;.vc_custom_1738699964053{margin-top: -20px !important;padding-top: 20px !important;background-color: #F7F7F7 !important;}&#8221;][vc_column width=&#8221;1\/3&#8243; css=&#8221;.vc_custom_1738699064362{padding-right: 40px !important;padding-left: 40px !important;background-color: #FFFFFF !important;}&#8221;][vc_custom_heading text=&#8221;HISTOIRES DE M\u00c9DECINS&#8221; font_container=&#8221;tag:h2|font_size:14|text_align:left|color:%23fc4d1f&#8221; google_fonts=&#8221;font_family:Roboto%3A100%2C100italic%2C300%2C300italic%2Cregular%2Citalic%2C500%2C500italic%2C700%2C700italic%2C900%2C900italic|font_style:500%20bold%20regular%3A500%3Anormal&#8221; css=&#8221;&#8221;][vc_custom_heading text=&#8221;Un message aux m\u00e9decins&#8221; font_container=&#8221;tag:h2|font_size:21|text_align:left|color:%23002b45|line_height:1.25&#8243; google_fonts=&#8221;font_family:Lato%3A100%2C100italic%2C300%2C300italic%2Cregular%2Citalic%2C700%2C700italic%2C900%2C900italic|font_style:900%20bold%20regular%3A900%3Anormal&#8221; css=&#8221;&#8221;][vc_video link=&#8221;https:\/\/youtu.be\/ZyWnamj5PFk&#8221; css=&#8221;&#8221;][\/vc_column][vc_column width=&#8221;1\/3&#8243; css=&#8221;.vc_custom_1738699820049{padding-right: 40px !important;padding-left: 40px !important;background-color: #FFFFFF !important;}&#8221;][vc_custom_heading text=&#8221;HISTOIRES DE M\u00c9DECINS&#8221; font_container=&#8221;tag:h2|font_size:14|text_align:left|color:%23fc4d1f&#8221; google_fonts=&#8221;font_family:Roboto%3A100%2C100italic%2C300%2C300italic%2Cregular%2Citalic%2C500%2C500italic%2C700%2C700italic%2C900%2C900italic|font_style:500%20bold%20regular%3A500%3Anormal&#8221; css=&#8221;&#8221;][vc_custom_heading text=&#8221;Dr. Davila&#8221; font_container=&#8221;tag:h2|font_size:21|text_align:left|color:%23002b45|line_height:1.25&#8243; google_fonts=&#8221;font_family:Lato%3A100%2C100italic%2C300%2C300italic%2Cregular%2Citalic%2C700%2C700italic%2C900%2C900italic|font_style:900%20bold%20regular%3A900%3Anormal&#8221; css=&#8221;&#8221;][vc_video link=&#8221;https:\/\/youtu.be\/QOFci35ofqg&#8221; css=&#8221;&#8221;][\/vc_column][vc_column width=&#8221;1\/3&#8243; css=&#8221;.vc_custom_1738699924822{padding-right: 40px !important;padding-left: 40px !important;background-color: #FFFFFF !important;}&#8221;][vc_custom_heading text=&#8221;HISTOIRES DE M\u00c9DECINS&#8221; font_container=&#8221;tag:h2|font_size:14|text_align:left|color:%23fc4d1f&#8221; google_fonts=&#8221;font_family:Roboto%3A100%2C100italic%2C300%2C300italic%2Cregular%2Citalic%2C500%2C500italic%2C700%2C700italic%2C900%2C900italic|font_style:500%20bold%20regular%3A500%3Anormal&#8221; css=&#8221;&#8221;][vc_custom_heading text=&#8221;L&#8217;histoire d&#8217;Ander&#8221; font_container=&#8221;tag:h2|font_size:21|text_align:left|color:%23002b45|line_height:1.25&#8243; google_fonts=&#8221;font_family:Lato%3A100%2C100italic%2C300%2C300italic%2Cregular%2Citalic%2C700%2C700italic%2C900%2C900italic|font_style:900%20bold%20regular%3A900%3Anormal&#8221; css=&#8221;&#8221;][vc_video link=&#8221;https:\/\/youtu.be\/8r5oXBVD7fY&#8221; css=&#8221;&#8221;][\/vc_column][\/vc_row][vc_row full_width=&#8221;stretch_row_content&#8221; gap=&#8221;35&#8243; equal_height=&#8221;yes&#8221; css=&#8221;.vc_custom_1729099987840{margin-top: -20px !important;padding-top: 20px !important;padding-bottom: -45px !important;background-color: #f7f7f7 !important;}&#8221;][vc_column][vc_empty_space height=&#8221;100&#8243;][\/vc_column][\/vc_row][vc_row full_width=&#8221;stretch_row_content&#8221; content_placement=&#8221;top&#8221; el_id=&#8221;aeramaxproii&#8221;][vc_column width=&#8221;1\/2&#8243; css=&#8221;.vc_custom_1594316805032{margin-right: 0px !important;}&#8221;][vc_single_image image=&#8221;12101&#8243; img_size=&#8221;large&#8221; css=&#8221;&#8221;][\/vc_column][vc_column width=&#8221;1\/2&#8243; css=&#8221;.vc_custom_1632333011420{margin-left: 35px !important;}&#8221;][vc_single_image image=&#8221;11013&#8243; img_size=&#8221;&#8221; css=&#8221;.vc_custom_1738772230296{padding-top: 50px !important;}&#8221;][vc_custom_heading text=&#8221;Vous souhaitez en savoir plus sur la th\u00e9rapie par SMT de MagVenture ?&#8221; font_container=&#8221;tag:h2|font_size:28|text_align:left|color:%23fc4d1f|line_height:1.25&#8243; google_fonts=&#8221;font_family:Lato%3A100%2C100italic%2C300%2C300italic%2Cregular%2Citalic%2C700%2C700italic%2C900%2C900italic|font_style:700%20bold%20regular%3A700%3Anormal&#8221; css=&#8221;.vc_custom_1738703344212{padding-top: 5px !important;}&#8221;][vc_custom_heading text=&#8221;Pour les m\u00e9decins, consultez notre gamme de produits et d\u00e9terminez ceux qui seraient b\u00e9n\u00e9fiques pour vos patients.&#8221; font_container=&#8221;tag:h2|font_size:28|text_align:left|color:%23002b45|line_height:1.25&#8243; google_fonts=&#8221;font_family:Lato%3A100%2C100italic%2C300%2C300italic%2Cregular%2Citalic%2C700%2C700italic%2C900%2C900italic|font_style:700%20bold%20regular%3A700%3Anormal&#8221; css=&#8221;.vc_custom_1738705686929{padding-top: 5px !important;}&#8221;][vc_custom_heading text=&#8221;Vous souhaitez devenir un patient ? Familiarisez-vous avec nos produits et parlez \u00e0 votre m\u00e9decin de votre int\u00e9r\u00eat pour la th\u00e9rapie par SMT de MagVenture.&#8221; font_container=&#8221;tag:h2|font_size:28|text_align:left|color:%23002b45|line_height:1.25&#8243; google_fonts=&#8221;font_family:Lato%3A100%2C100italic%2C300%2C300italic%2Cregular%2Citalic%2C700%2C700italic%2C900%2C900italic|font_style:700%20bold%20regular%3A700%3Anormal&#8221; css=&#8221;.vc_custom_1738705710501{padding-top: 5px !important;}&#8221;][vc_empty_space height=&#8221;15px&#8221;][vc_btn title=&#8221;Produits MagVenture&#8221; style=&#8221;outline-custom&#8221; outline_custom_color=&#8221;#000000&#8243; outline_custom_hover_background=&#8221;#93d500&#8243; outline_custom_hover_text=&#8221;#ffffff&#8221; shape=&#8221;square&#8221; align=&#8221;left&#8221; css=&#8221;&#8221; link=&#8221;url:https%3A%2F%2Fnovusmedical.ca%2Ffr%2Fmagventure%2F|title:Contacter%20Novus|&#8221;][\/vc_column][\/vc_row][vc_row][vc_column][vc_empty_space height=&#8221;50px&#8221;][\/vc_column][\/vc_row]\n<\/div>","protected":false},"excerpt":{"rendered":"<p>[vc_row css=&#8221;.vc_custom_1594314647893{margin-top: -50px !important;}&#8221;][vc_column][vc_empty_space height=&#8221;75px&#8221;][\/vc_column][\/vc_row][vc_row][vc_column width=&#8221;1\/2&#8243;][vc_single_image image=&#8221;11013&#8243; img_size=&#8221;medium&#8221; css=&#8221;&#8221;][vc_custom_heading text=&#8221;Carrefour de connaissances&#8221; font_container=&#8221;tag:h2|font_size:32|text_align:left|color:%23002b45|line_height:1.25&#8243; google_fonts=&#8221;font_family:Lato%3A100%2C100italic%2C300%2C300italic%2Cregular%2Citalic%2C700%2C700italic%2C900%2C900italic|font_style:900%20bold%20regular%3A900%3Anormal&#8221; css=&#8221;&#8221;][vc_column_text css=&#8221;.vc_custom_1738698439856{margin-right: 60px !important;}&#8221;] Vous trouverez [&hellip;]<\/p>\n","protected":false},"author":2,"featured_media":0,"parent":11398,"menu_order":0,"comment_status":"closed","ping_status":"closed","template":"","meta":{"om_disable_all_campaigns":false,"_monsterinsights_skip_tracking":false,"_monsterinsights_sitenote_active":false,"_monsterinsights_sitenote_note":"","_monsterinsights_sitenote_category":0,"footnotes":""},"class_list":["post-12129","page","type-page","status-publish","hentry"],"jetpack_sharing_enabled":true,"_links":{"self":[{"href":"https:\/\/novusmedical.ca\/fr\/wp-json\/wp\/v2\/pages\/12129","targetHints":{"allow":["GET"]}}],"collection":[{"href":"https:\/\/novusmedical.ca\/fr\/wp-json\/wp\/v2\/pages"}],"about":[{"href":"https:\/\/novusmedical.ca\/fr\/wp-json\/wp\/v2\/types\/page"}],"author":[{"embeddable":true,"href":"https:\/\/novusmedical.ca\/fr\/wp-json\/wp\/v2\/users\/2"}],"replies":[{"embeddable":true,"href":"https:\/\/novusmedical.ca\/fr\/wp-json\/wp\/v2\/comments?post=12129"}],"version-history":[{"count":4,"href":"https:\/\/novusmedical.ca\/fr\/wp-json\/wp\/v2\/pages\/12129\/revisions"}],"predecessor-version":[{"id":12136,"href":"https:\/\/novusmedical.ca\/fr\/wp-json\/wp\/v2\/pages\/12129\/revisions\/12136"}],"up":[{"embeddable":true,"href":"https:\/\/novusmedical.ca\/fr\/wp-json\/wp\/v2\/pages\/11398"}],"wp:attachment":[{"href":"https:\/\/novusmedical.ca\/fr\/wp-json\/wp\/v2\/media?parent=12129"}],"curies":[{"name":"wp","href":"https:\/\/api.w.org\/{rel}","templated":true}]}}