{"id":11595,"date":"2022-09-30T13:44:33","date_gmt":"2022-09-30T13:44:33","guid":{"rendered":"https:\/\/novusmedical.ca\/catalogue-neonatal-fr\/"},"modified":"2024-07-23T13:39:22","modified_gmt":"2024-07-23T13:39:22","slug":"catalogue-neonatal-fr","status":"publish","type":"page","link":"https:\/\/novusmedical.ca\/fr\/catalogue-neonatal-fr\/","title":{"rendered":"Catalogue n\u00e9onatal FR"},"content":{"rendered":"<div class=\"wpb-content-wrapper\">[vc_row][vc_column][vc_custom_heading text=&#8221;Catalogue de pu\u00e9riculture &#8211; Fran\u00e7ais&#8221; font_container=&#8221;tag:h2|font_size:34|text_align:left|color:%2395c93d&#8221; google_fonts=&#8221;font_family:Roboto%3A100%2C100italic%2C300%2C300italic%2Cregular%2Citalic%2C500%2C500italic%2C700%2C700italic%2C900%2C900italic|font_style:900%20bold%20regular%3A900%3Anormal&#8221;][vc_custom_heading text=&#8221;Explorez la vaste gamme de produits n\u00e9onatals que nous proposons pour r\u00e9pondre \u00e0 tous vos besoins en mati\u00e8re de soins aux nourrissons.&#8221; font_container=&#8221;tag:h2|font_size:18|text_align:left|color:%23000000|line_height:1.5&#8243; google_fonts=&#8221;font_family:Roboto%3A100%2C100italic%2C300%2C300italic%2Cregular%2Citalic%2C500%2C500italic%2C700%2C700italic%2C900%2C900italic|font_style:400%20regular%3A400%3Anormal&#8221;][vc_separator align=&#8221;align_left&#8221; border_width=&#8221;2&#8243; el_width=&#8221;80&#8243;][vc_empty_space height=&#8221;60px&#8221;][vc_raw_html]PGlmcmFtZSBzcmM9Imh0dHBzOi8vd3d3LmZsaXBib29rcGRmLm5ldC93ZWIvc2l0ZS9iNThhMmNjYTQ2MjdhMmFlZTNkMmUzNmUxZjgxZTc4N2E5MjE5NjAzRkJQMjM3OTI5NjEucGRmLmh0bWwiIHdpZHRoPSI5MDAiIGhlaWdodD0iNjM3IiBmcmFtZWJvcmRlcj0iMCIgd2Via2l0YWxsb3dmdWxsc2NyZWVuPSIiIG1vemFsbG93ZnVsbHNjcmVlbj0iIiBhbGxvd2Z1bGxzY3JlZW49IiI+PC9pZnJhbWU+[\/vc_raw_html][\/vc_column][\/vc_row]\n<\/div>","protected":false},"excerpt":{"rendered":"<p>[vc_row][vc_column][vc_custom_heading text=&#8221;Catalogue de pu\u00e9riculture &#8211; Fran\u00e7ais&#8221; font_container=&#8221;tag:h2|font_size:34|text_align:left|color:%2395c93d&#8221; google_fonts=&#8221;font_family:Roboto%3A100%2C100italic%2C300%2C300italic%2Cregular%2Citalic%2C500%2C500italic%2C700%2C700italic%2C900%2C900italic|font_style:900%20bold%20regular%3A900%3Anormal&#8221;][vc_custom_heading text=&#8221;Explorez la vaste gamme de produits n\u00e9onatals que nous proposons pour r\u00e9pondre [&hellip;]<\/p>\n","protected":false},"author":2,"featured_media":0,"parent":0,"menu_order":0,"comment_status":"closed","ping_status":"closed","template":"","meta":{"om_disable_all_campaigns":false,"_monsterinsights_skip_tracking":false,"_monsterinsights_sitenote_active":false,"_monsterinsights_sitenote_note":"","_monsterinsights_sitenote_category":0,"footnotes":""},"class_list":["post-11595","page","type-page","status-publish","hentry"],"jetpack_sharing_enabled":true,"_links":{"self":[{"href":"https:\/\/novusmedical.ca\/fr\/wp-json\/wp\/v2\/pages\/11595","targetHints":{"allow":["GET"]}}],"collection":[{"href":"https:\/\/novusmedical.ca\/fr\/wp-json\/wp\/v2\/pages"}],"about":[{"href":"https:\/\/novusmedical.ca\/fr\/wp-json\/wp\/v2\/types\/page"}],"author":[{"embeddable":true,"href":"https:\/\/novusmedical.ca\/fr\/wp-json\/wp\/v2\/users\/2"}],"replies":[{"embeddable":true,"href":"https:\/\/novusmedical.ca\/fr\/wp-json\/wp\/v2\/comments?post=11595"}],"version-history":[{"count":2,"href":"https:\/\/novusmedical.ca\/fr\/wp-json\/wp\/v2\/pages\/11595\/revisions"}],"predecessor-version":[{"id":11597,"href":"https:\/\/novusmedical.ca\/fr\/wp-json\/wp\/v2\/pages\/11595\/revisions\/11597"}],"wp:attachment":[{"href":"https:\/\/novusmedical.ca\/fr\/wp-json\/wp\/v2\/media?parent=11595"}],"curies":[{"name":"wp","href":"https:\/\/api.w.org\/{rel}","templated":true}]}}