{"id":11416,"date":"2024-07-01T02:37:52","date_gmt":"2024-07-01T02:37:52","guid":{"rendered":"https:\/\/novusmedical.ca\/magventure\/r20therapypackage\/"},"modified":"2024-07-22T19:43:01","modified_gmt":"2024-07-22T19:43:01","slug":"r20therapypackage","status":"publish","type":"page","link":"https:\/\/novusmedical.ca\/fr\/magventure\/r20therapypackage\/","title":{"rendered":"R20TherapyPackage"},"content":{"rendered":"<div class=\"wpb-content-wrapper\">[vc_row css=&#8221;.vc_custom_1594314647893{margin-top: -50px !important;}&#8221;][vc_column]\n\t\t\t<!-- START MagVenture  R20 FR REVOLUTION SLIDER 6.6.9 --><p class=\"rs-p-wp-fix\"><\/p>\n\t\t\t<rs-module-wrap id=\"rev_slider_94_1_wrapper\" data-source=\"gallery\" style=\"visibility:hidden;background:transparent;padding:0;margin:0px auto;margin-top:0;margin-bottom:0;\">\n\t\t\t\t<rs-module id=\"rev_slider_94_1\" style=\"\" data-version=\"6.6.9\">\n\t\t\t\t\t<rs-slides style=\"overflow: hidden; position: absolute;\">\n\t\t\t\t\t\t<rs-slide style=\"position: absolute;\" data-key=\"rs-151\" data-title=\"MagVenture Manu\" data-anim=\"adpr:false;\" data-in=\"o:0;\" data-out=\"a:false;\">\n\t\t\t\t\t\t\t<img data-recalc-dims=\"1\" decoding=\"async\" src=\"https:\/\/i0.wp.com\/novusmedical.ca\/wp-content\/plugins\/revslider\/public\/assets\/assets\/dummy.png?resize=1800%2C1200\" alt=\"\" title=\"MagVenture_030321_R20Hero\" width=\"1800\" height=\"1200\" class=\"rev-slidebg tp-rs-img rs-lazyload\" data-lazyload=\"\/\/novusmedical.ca\/wp-content\/uploads\/2024\/07\/MagVenture_030321_R20Hero.jpg\" data-bg=\"p:center bottom;\" data-no-retina>\n<!--\n\t\t\t\t\t\t\t--><a\n\t\t\t\t\t\t\t\tid=\"slider-94-slide-151-layer-0\" \n\t\t\t\t\t\t\t\tclass=\"rs-layer\"\n\t\t\t\t\t\t\t\thref=\"https:\/\/novusmedical.ca\/?page_id=6910\" target=\"_self\"\n\t\t\t\t\t\t\t\tdata-type=\"text\"\n\t\t\t\t\t\t\t\tdata-color=\"#fc4d1f\"\n\t\t\t\t\t\t\t\tdata-rsp_ch=\"on\"\n\t\t\t\t\t\t\t\tdata-xy=\"x:44px;y:503px;\"\n\t\t\t\t\t\t\t\tdata-text=\"w:normal;s:14;l:55;ls:1px;\"\n\t\t\t\t\t\t\t\tdata-dim=\"w:254px;minh:0;\"\n\t\t\t\t\t\t\t\tdata-frame_999=\"o:0;st:w;\"\n\t\t\t\t\t\t\t\tstyle=\"z-index:9;font-family:'Lato';text-transform:uppercase;\"\n\t\t\t\t\t\t\t>THERAPY LITE \n\t\t\t\t\t\t\t<\/a><!--\n\n\t\t\t\t\t\t\t--><a\n\t\t\t\t\t\t\t\tid=\"slider-94-slide-151-layer-1\" \n\t\t\t\t\t\t\t\tclass=\"rs-layer\"\n\t\t\t\t\t\t\t\thref=\"https:\/\/novusmedical.ca\/?page_id=6910\" target=\"_self\"\n\t\t\t\t\t\t\t\tdata-type=\"text\"\n\t\t\t\t\t\t\t\tdata-color=\"#ffffff\"\n\t\t\t\t\t\t\t\tdata-rsp_ch=\"on\"\n\t\t\t\t\t\t\t\tdata-xy=\"x:39px;y:549px;\"\n\t\t\t\t\t\t\t\tdata-text=\"w:normal;s:48;l:55;ls:1px;fw:700;\"\n\t\t\t\t\t\t\t\tdata-dim=\"w:851px;minh:0;\"\n\t\t\t\t\t\t\t\tdata-frame_999=\"o:0;st:w;\"\n\t\t\t\t\t\t\t\tstyle=\"z-index:8;font-family:'Lato';\"\n\t\t\t\t\t\t\t>R20 Paquet th\u00e9rapeutique \n\t\t\t\t\t\t\t<\/a><!--\n\n\t\t\t\t\t\t\t--><a\n\t\t\t\t\t\t\t\tid=\"slider-94-slide-151-layer-2\" \n\t\t\t\t\t\t\t\tclass=\"rs-layer\"\n\t\t\t\t\t\t\t\thref=\"https:\/\/novusmedical.ca\/?page_id=6910\" target=\"_self\"\n\t\t\t\t\t\t\t\tdata-type=\"text\"\n\t\t\t\t\t\t\t\tdata-color=\"#ffffff\"\n\t\t\t\t\t\t\t\tdata-rsp_ch=\"on\"\n\t\t\t\t\t\t\t\tdata-xy=\"x:41px;y:615px;\"\n\t\t\t\t\t\t\t\tdata-text=\"w:normal;s:16;l:26;ls:0px;\"\n\t\t\t\t\t\t\t\tdata-dim=\"w:804px;minh:0;\"\n\t\t\t\t\t\t\t\tdata-frame_999=\"o:0;st:w;\"\n\t\t\t\t\t\t\t\tstyle=\"z-index:7;font-family:'Lato';\"\n\t\t\t\t\t\t\t>Syst\u00e8me th\u00e9rapeutique compact adapt\u00e9 aux protocoles standard approuv\u00e9s pour la rTMS. Le MagPro R20 est le bon choix si vous \u00eates \u00e0 la recherche d'un design moderne pour les premi\u00e8res ann\u00e9es de votre parcours en TMS. \n\t\t\t\t\t\t\t<\/a><!--\n\n\t\t\t\t\t\t\t--><rs-layer\n\t\t\t\t\t\t\t\tid=\"slider-94-slide-151-layer-31\" \n\t\t\t\t\t\t\t\tdata-type=\"shape\"\n\t\t\t\t\t\t\t\tdata-rsp_ch=\"on\"\n\t\t\t\t\t\t\t\tdata-xy=\"x:-530px;y:c;yo:249px;\"\n\t\t\t\t\t\t\t\tdata-text=\"w:normal;\"\n\t\t\t\t\t\t\t\tdata-dim=\"w:1441px;h:221px;\"\n\t\t\t\t\t\t\t\tdata-frame_999=\"o:0;st:w;\"\n\t\t\t\t\t\t\t\tstyle=\"z-index:6;background-color:#002b45;\"\n\t\t\t\t\t\t\t> \n\t\t\t\t\t\t\t<\/rs-layer><!--\n-->\t\t\t\t\t\t<\/rs-slide>\n\t\t\t\t\t<\/rs-slides>\n\t\t\t\t<\/rs-module>\n\t\t\t\t<script>\n\t\t\t\t\tsetREVStartSize({c: 'rev_slider_94_1',rl:[1240,1024,778,480],el:[700],gw:[1240],gh:[700],type:'standard',justify:'',layout:'fullwidth',mh:\"0\"});if (window.RS_MODULES!==undefined && window.RS_MODULES.modules!==undefined && window.RS_MODULES.modules[\"revslider941\"]!==undefined) {window.RS_MODULES.modules[\"revslider941\"].once = false;window.revapi94 = undefined;if (window.RS_MODULES.checkMinimal!==undefined) window.RS_MODULES.checkMinimal()}\n\t\t\t\t<\/script>\n\t\t\t<\/rs-module-wrap>\n\t\t\t<!-- END REVOLUTION SLIDER -->\n[\/vc_column][\/vc_row][vc_row full_width=&#8221;stretch_row_content&#8221; content_placement=&#8221;top&#8221; css=&#8221;.vc_custom_1719426620386{margin-top: 100px !important;}&#8221;][vc_column width=&#8221;1\/3&#8243; css=&#8221;.vc_custom_1719417204263{margin-left: 100px !important;}&#8221;][vc_empty_space height=&#8221;60&#8243;][vc_row_inner css=&#8221;.vc_custom_1719418607408{margin-left: 25px !important;}&#8221;][vc_column_inner width=&#8221;1\/4&#8243;][vc_single_image image=&#8221;11143&#8243; img_size=&#8221;medium&#8221; alignment=&#8221;center&#8221;][\/vc_column_inner][vc_column_inner width=&#8221;3\/4&#8243;][vc_custom_heading text=&#8221;Interface conviviale&#8221; font_container=&#8221;tag:h2|font_size:28|text_align:left|color:%23002b45|line_height:1.25&#8243; google_fonts=&#8221;font_family:Lato%3A100%2C100italic%2C300%2C300italic%2Cregular%2Citalic%2C700%2C700italic%2C900%2C900italic|font_style:700%20bold%20regular%3A700%3Anormal&#8221; css=&#8221;.vc_custom_1719801689271{padding-top: 5px !important;}&#8221;][vc_column_text]Interface utilisateur intuitive pour une programmation rapide des protocoles th\u00e9rapeutiques[\/vc_column_text][\/vc_column_inner][\/vc_row_inner][vc_empty_space height=&#8221;50px&#8221;][vc_row_inner css=&#8221;.vc_custom_1719418620188{margin-left: 25px !important;}&#8221;][vc_column_inner width=&#8221;1\/4&#8243;][vc_single_image image=&#8221;11145&#8243; img_size=&#8221;&#8221; alignment=&#8221;center&#8221;][\/vc_column_inner][vc_column_inner width=&#8221;3\/4&#8243;][vc_custom_heading text=&#8221;Plusieurs sessions par jour&#8221; font_container=&#8221;tag:h2|font_size:28|text_align:left|color:%23002b45|line_height:1.25&#8243; google_fonts=&#8221;font_family:Lato%3A100%2C100italic%2C300%2C300italic%2Cregular%2Citalic%2C700%2C700italic%2C900%2C900italic|font_style:700%20bold%20regular%3A700%3Anormal&#8221; css=&#8221;.vc_custom_1719801774670{padding-top: 5px !important;}&#8221;][vc_column_text css=&#8221;.vc_custom_1719801833683{margin-bottom: 15px !important;}&#8221;]Les serpentins de refroidissement statique vous permettent d&#8217;ex\u00e9cuter plusieurs protocoles de rTMS par jour.[\/vc_column_text][\/vc_column_inner][\/vc_row_inner][vc_empty_space height=&#8221;50px&#8221;][vc_row_inner content_placement=&#8221;top&#8221; css=&#8221;.vc_custom_1719418645028{margin-left: 25px !important;}&#8221;][vc_column_inner width=&#8221;1\/4&#8243;][vc_single_image image=&#8221;11147&#8243; img_size=&#8221;medium&#8221; alignment=&#8221;center&#8221;][\/vc_column_inner][vc_column_inner width=&#8221;3\/4&#8243;][vc_custom_heading text=&#8221;Installation compacte&#8221; font_container=&#8221;tag:h2|font_size:28|text_align:left|color:%23002b45|line_height:1.25&#8243; google_fonts=&#8221;font_family:Lato%3A100%2C100italic%2C300%2C300italic%2Cregular%2Citalic%2C700%2C700italic%2C900%2C900italic|font_style:700%20bold%20regular%3A700%3Anormal&#8221; css=&#8221;.vc_custom_1719801876392{padding-top: 5px !important;}&#8221;][vc_column_text css=&#8221;.vc_custom_1719801888415{margin-bottom: 15px !important;}&#8221;]Taille compacte et interface facile \u00e0 utiliser[\/vc_column_text][\/vc_column_inner][\/vc_row_inner][\/vc_column][vc_column width=&#8221;2\/3&#8243; css=&#8221;.vc_custom_1719417218099{margin-left: 100px !important;}&#8221;][vc_single_image image=&#8221;11139&#8243; img_size=&#8221;full&#8221; alignment=&#8221;right&#8221;][vc_empty_space height=&#8221;50px&#8221;][\/vc_column][\/vc_row][vc_row full_width=&#8221;stretch_row&#8221; gap=&#8221;35&#8243; css=&#8221;.vc_custom_1719425418615{padding-bottom: -40px !important;background-color: #f7f7f7 !important;}&#8221;][vc_column][vc_empty_space height=&#8221;60&#8243;][vc_custom_heading text=&#8221;CE PAQUET COMPREND :&#8221; font_container=&#8221;tag:h2|font_size:28|text_align:center|color:%23002b45|line_height:1.25&#8243; google_fonts=&#8221;font_family:Roboto%3A100%2C100italic%2C300%2C300italic%2Cregular%2Citalic%2C500%2C500italic%2C700%2C700italic%2C900%2C900italic|font_style:700%20bold%20regular%3A700%3Anormal&#8221; css=&#8221;.vc_custom_1719429770401{padding-bottom: 25px !important;}&#8221;][\/vc_column][\/vc_row][vc_row full_width=&#8221;stretch_row_content&#8221; gap=&#8221;35&#8243; equal_height=&#8221;yes&#8221; css=&#8221;.vc_custom_1719426755308{margin-top: -20px !important;padding-top: 20px !important;background-color: #f7f7f7 !important;}&#8221;][vc_column width=&#8221;1\/6&#8243; css=&#8221;.vc_custom_1719425330974{padding-right: 40px !important;padding-left: 40px !important;}&#8221;][\/vc_column][vc_column width=&#8221;1\/6&#8243; css=&#8221;.vc_custom_1719419903720{padding-right: 40px !important;padding-left: 40px !important;background-color: #ffffff !important;}&#8221;][vc_custom_heading text=&#8221;STIMULATEUR&#8221; font_container=&#8221;tag:h2|font_size:14|text_align:left|color:%23fc4d1f&#8221; google_fonts=&#8221;font_family:Roboto%3A100%2C100italic%2C300%2C300italic%2Cregular%2Citalic%2C500%2C500italic%2C700%2C700italic%2C900%2C900italic|font_style:500%20bold%20regular%3A500%3Anormal&#8221;][vc_custom_heading text=&#8221;MagPro R20&#8243; font_container=&#8221;tag:h2|font_size:21|text_align:left|color:%23002b45|line_height:1.25&#8243; google_fonts=&#8221;font_family:Lato%3A100%2C100italic%2C300%2C300italic%2Cregular%2Citalic%2C700%2C700italic%2C900%2C900italic|font_style:900%20bold%20regular%3A900%3Anormal&#8221;][vc_single_image image=&#8221;11149&#8243; img_size=&#8221;large&#8221; alignment=&#8221;center&#8221; onclick=&#8221;link_image&#8221;][vc_column_text css=&#8221;.vc_custom_1719801997540{margin-bottom: 15px !important;}&#8221;]\n<p style=\"text-align: left;\">Le MagPro R20 est un stimulateur magn\u00e9tique con\u00e7u comme une aide \u00e9lectro-physiologique pour \u00e9valuer et surveiller les syst\u00e8mes nerveux central et p\u00e9riph\u00e9rique. Un outil de diagnostic pour mesurer les potentiels \u00e9voqu\u00e9s moteurs (PEM) dans les examens cliniques et \u00e0 des fins th\u00e9rapeutiques.<\/p>\n[\/vc_column_text][\/vc_column][vc_column width=&#8221;1\/6&#8243; css=&#8221;.vc_custom_1719420438944{margin-right: 0px !important;margin-left: 0px !important;padding-right: 40px !important;padding-left: 40px !important;background-color: #ffffff !important;}&#8221;][vc_custom_heading text=&#8221;COILS&#8221; font_container=&#8221;tag:h2|font_size:14|text_align:left|color:%23fc4d1f&#8221; google_fonts=&#8221;font_family:Roboto%3A100%2C100italic%2C300%2C300italic%2Cregular%2Citalic%2C500%2C500italic%2C700%2C700italic%2C900%2C900italic|font_style:500%20bold%20regular%3A500%3Anormal&#8221;][vc_custom_heading text=&#8221;MCF-B70&#8243; font_container=&#8221;tag:h2|font_size:21|text_align:left|color:%23002b45|line_height:1.25&#8243; google_fonts=&#8221;font_family:Lato%3A100%2C100italic%2C300%2C300italic%2Cregular%2Citalic%2C700%2C700italic%2C900%2C900italic|font_style:900%20bold%20regular%3A900%3Anormal&#8221;][vc_single_image image=&#8221;11151&#8243; img_size=&#8221;large&#8221; alignment=&#8221;center&#8221;][vc_column_text css=&#8221;.vc_custom_1719802062071{margin-bottom: 15px !important;}&#8221;]\n<p style=\"text-align: left;\">Une bobine en forme de papillon, avec refroidissement statique, pour les protocoles tr\u00e8s cibl\u00e9s qui n\u00e9cessitent un plus grand nombre de stimuli sans refroidissement externe. \u00c9quip\u00e9 d&#8217;un bouton de d\u00e9clenchement sur la poign\u00e9e pour faciliter l&#8217;utilisation.<\/p>\n[\/vc_column_text][\/vc_column][vc_column width=&#8221;1\/6&#8243; css=&#8221;.vc_custom_1719420388125{padding-right: 40px !important;padding-left: 40px !important;background-color: #ffffff !important;}&#8221;][vc_custom_heading text=&#8221;ACCESSOIRES&#8221; font_container=&#8221;tag:h2|font_size:14|text_align:left|color:%23fc4d1f&#8221; google_fonts=&#8221;font_family:Roboto%3A100%2C100italic%2C300%2C300italic%2Cregular%2Citalic%2C500%2C500italic%2C700%2C700italic%2C900%2C900italic|font_style:500%20bold%20regular%3A500%3Anormal&#8221;][vc_custom_heading text=&#8221;Chaise de traitement avec repose-nuque&#8221; font_container=&#8221;tag:h2|font_size:21|text_align:left|color:%23002b45|line_height:1.25&#8243; google_fonts=&#8221;font_family:Lato%3A100%2C100italic%2C300%2C300italic%2Cregular%2Citalic%2C700%2C700italic%2C900%2C900italic|font_style:900%20bold%20regular%3A900%3Anormal&#8221;][vc_single_image image=&#8221;11088&#8243; img_size=&#8221;large&#8221; alignment=&#8221;center&#8221;][vc_column_text css=&#8221;.vc_custom_1719426584068{margin-bottom: 15px !important;}&#8221;]\n<p style=\"text-align: left;\">Le fauteuil de traitement a \u00e9t\u00e9 con\u00e7u pour \u00eatre utilis\u00e9 avec le MagVenture TMS Therapy System\u00ae. Le repose-nuque sp\u00e9cial est con\u00e7u avec une large gamme d&#8217;options de r\u00e9glage pour le plus grand confort possible du patient.<\/p>\n[\/vc_column_text][vc_btn title=&#8221;EN SAVOIR PLUS&#8221; style=&#8221;outline-custom&#8221; outline_custom_color=&#8221;#002b45&#8243; outline_custom_hover_background=&#8221;#002b45&#8243; outline_custom_hover_text=&#8221;#ffffff&#8221; shape=&#8221;square&#8221; size=&#8221;xs&#8221; align=&#8221;left&#8221; css=&#8221;.vc_custom_1719806890382{margin-top: 0px !important;padding-top: 15px !important;padding-bottom: 20px !important;}&#8221; link=&#8221;url:https%3A%2F%2Fnovusmedical.ca%2Ffr%2Fmagventure%2Fmagventuretreatmentchair%2F|title:MagVentureTreatmentChair|&#8221;][\/vc_column][vc_column width=&#8221;1\/6&#8243; css=&#8221;.vc_custom_1719424576014{padding-right: 40px !important;padding-left: 40px !important;background-color: #ffffff !important;}&#8221;][vc_custom_heading text=&#8221;ACCESSOIRES&#8221; font_container=&#8221;tag:h2|font_size:14|text_align:left|color:%23fc4d1f&#8221; google_fonts=&#8221;font_family:Roboto%3A100%2C100italic%2C300%2C300italic%2Cregular%2Citalic%2C500%2C500italic%2C700%2C700italic%2C900%2C900italic|font_style:500%20bold%20regular%3A500%3Anormal&#8221;][vc_custom_heading text=&#8221;Bras Super Flex&#8221; font_container=&#8221;tag:h2|font_size:21|text_align:left|color:%23002b45|line_height:1.25&#8243; google_fonts=&#8221;font_family:Lato%3A100%2C100italic%2C300%2C300italic%2Cregular%2Citalic%2C700%2C700italic%2C900%2C900italic|font_style:900%20bold%20regular%3A900%3Anormal&#8221;][vc_single_image image=&#8221;11075&#8243; img_size=&#8221;large&#8221; alignment=&#8221;center&#8221; onclick=&#8221;link_image&#8221;][vc_column_text css=&#8221;.vc_custom_1719426428647{margin-bottom: 15px !important;}&#8221;]\n<p style=\"text-align: left;\">D\u00e9velopp\u00e9 pour un positionnement facile et flexible des bobines magn\u00e9tiques, le bras Super Flex est dot\u00e9 de trois articulations.<\/p>\n[\/vc_column_text][\/vc_column][vc_column width=&#8221;1\/6&#8243;][\/vc_column][\/vc_row][vc_row full_width=&#8221;stretch_row_content&#8221; gap=&#8221;35&#8243; equal_height=&#8221;yes&#8221; css=&#8221;.vc_custom_1719802647235{margin-top: -20px !important;padding-top: 75px !important;padding-bottom: 100px !important;background-color: #f7f7f7 !important;}&#8221;][vc_column width=&#8221;1\/6&#8243; css=&#8221;.vc_custom_1719425330974{padding-right: 40px !important;padding-left: 40px !important;}&#8221;][\/vc_column][vc_column width=&#8221;1\/6&#8243; css=&#8221;.vc_custom_1719420388125{padding-right: 40px !important;padding-left: 40px !important;background-color: #ffffff !important;}&#8221;][vc_custom_heading text=&#8221;ACCESSOIRES&#8221; font_container=&#8221;tag:h2|font_size:14|text_align:left|color:%23fc4d1f&#8221; google_fonts=&#8221;font_family:Roboto%3A100%2C100italic%2C300%2C300italic%2Cregular%2Citalic%2C500%2C500italic%2C700%2C700italic%2C900%2C900italic|font_style:500%20bold%20regular%3A500%3Anormal&#8221;][vc_custom_heading text=&#8221;Chariot pour MagPro Compact &amp; R20&#8243; font_container=&#8221;tag:h2|font_size:21|text_align:left|color:%23002b45|line_height:1.25&#8243; google_fonts=&#8221;font_family:Lato%3A100%2C100italic%2C300%2C300italic%2Cregular%2Citalic%2C700%2C700italic%2C900%2C900italic|font_style:900%20bold%20regular%3A900%3Anormal&#8221;][vc_single_image image=&#8221;11155&#8243; img_size=&#8221;large&#8221; alignment=&#8221;center&#8221;][\/vc_column][vc_column width=&#8221;1\/6&#8243; css=&#8221;.vc_custom_1719420438944{margin-right: 0px !important;margin-left: 0px !important;padding-right: 40px !important;padding-left: 40px !important;background-color: #ffffff !important;}&#8221;][vc_custom_heading text=&#8221;ACCESSOIRES&#8221; font_container=&#8221;tag:h2|font_size:14|text_align:left|color:%23fc4d1f&#8221; google_fonts=&#8221;font_family:Roboto%3A100%2C100italic%2C300%2C300italic%2Cregular%2Citalic%2C500%2C500italic%2C700%2C700italic%2C900%2C900italic|font_style:500%20bold%20regular%3A500%3Anormal&#8221;][vc_custom_heading text=&#8221;Oreiller \u00e0 d\u00e9pression 70 cm&#8221; font_container=&#8221;tag:h2|font_size:21|text_align:left|color:%23002b45|line_height:1.25&#8243; google_fonts=&#8221;font_family:Lato%3A100%2C100italic%2C300%2C300italic%2Cregular%2Citalic%2C700%2C700italic%2C900%2C900italic|font_style:900%20bold%20regular%3A900%3Anormal&#8221;][vc_single_image image=&#8221;11111&#8243; img_size=&#8221;large&#8221; alignment=&#8221;center&#8221;][vc_column_text css=&#8221;.vc_custom_1719429152423{margin-bottom: 15px !important;}&#8221;]\n<p style=\"text-align: left;\">L&#8217;oreiller \u00e0 d\u00e9pression est utilis\u00e9 autour de la t\u00eate ou du cou du patient. L&#8217;air est \u00e9vacu\u00e9 de l&#8217;oreiller \u00e0 l&#8217;aide d&#8217;une pompe \u00e0 vide command\u00e9e par le pied, de sorte qu&#8217;il devient ferme.<\/p>\n[\/vc_column_text][\/vc_column][vc_column width=&#8221;1\/6&#8243; css=&#8221;.vc_custom_1719802576920{padding-right: 40px !important;padding-left: 40px !important;}&#8221;][\/vc_column][vc_column width=&#8221;1\/6&#8243; css=&#8221;.vc_custom_1719802583722{padding-right: 40px !important;padding-left: 40px !important;}&#8221;][\/vc_column][vc_column width=&#8221;1\/6&#8243;][\/vc_column][\/vc_row][vc_row full_width=&#8221;stretch_row_content&#8221; content_placement=&#8221;top&#8221; el_id=&#8221;aeramaxproii&#8221; css=&#8221;.vc_custom_1719802614115{padding-top: 50px !important;}&#8221;][vc_column width=&#8221;1\/2&#8243; css=&#8221;.vc_custom_1594316805032{margin-right: 0px !important;}&#8221;][vc_single_image image=&#8221;11119&#8243; img_size=&#8221;full&#8221; alignment=&#8221;center&#8221; css=&#8221;.vc_custom_1719430050216{margin-top: 0px !important;margin-bottom: 60px !important;}&#8221;][\/vc_column][vc_column width=&#8221;1\/2&#8243; css=&#8221;.vc_custom_1632333011420{margin-left: 35px !important;}&#8221;][vc_empty_space height=&#8221;100px&#8221;][vc_single_image image=&#8221;11013&#8243; img_size=&#8221;&#8221;][vc_custom_heading text=&#8221;Vous souhaitez en savoir plus sur l&#8217;offre th\u00e9rapeutique R20 ?&#8221; font_container=&#8221;tag:h2|font_size:28|text_align:left|color:%23002b45|line_height:1.25&#8243; google_fonts=&#8221;font_family:Lato%3A100%2C100italic%2C300%2C300italic%2Cregular%2Citalic%2C700%2C700italic%2C900%2C900italic|font_style:700%20bold%20regular%3A700%3Anormal&#8221; css=&#8221;.vc_custom_1720124910710{margin-right: 300px !important;padding-top: 5px !important;}&#8221;][vc_custom_heading text=&#8221;N&#8217;h\u00e9sitez pas \u00e0 nous contacter et l&#8217;un de nos sp\u00e9cialistes se fera un plaisir de vous r\u00e9pondre.&#8221; font_container=&#8221;tag:h2|font_size:28|text_align:left|color:%23fc4d1f|line_height:1.25&#8243; google_fonts=&#8221;font_family:Lato%3A100%2C100italic%2C300%2C300italic%2Cregular%2Citalic%2C700%2C700italic%2C900%2C900italic|font_style:700%20bold%20regular%3A700%3Anormal&#8221; css=&#8221;.vc_custom_1719430550941{margin-right: 300px !important;padding-top: 5px !important;}&#8221;][vc_empty_space height=&#8221;15px&#8221;][vc_btn title=&#8221;CONTACTEZ UN SP\u00c9CIALISTE&#8221; style=&#8221;outline-custom&#8221; outline_custom_color=&#8221;#000000&#8243; outline_custom_hover_background=&#8221;#93d500&#8243; outline_custom_hover_text=&#8221;#ffffff&#8221; shape=&#8221;square&#8221; align=&#8221;left&#8221; link=&#8221;url:https%3A%2F%2Fnovusmedical.ca%2Ffr%2Fcontact-novus%2F|title:Contacter%20Novus&#8221;][\/vc_column][\/vc_row][vc_row][vc_column][vc_empty_space height=&#8221;50px&#8221;][\/vc_column][\/vc_row][vc_row][vc_column][vc_empty_space height=&#8221;20px&#8221;][vc_empty_space height=&#8221;20px&#8221;][\/vc_column][\/vc_row]\n<\/div>","protected":false},"excerpt":{"rendered":"<p>[vc_row css=&#8221;.vc_custom_1594314647893{margin-top: -50px !important;}&#8221;][vc_column][\/vc_column][\/vc_row][vc_row full_width=&#8221;stretch_row_content&#8221; content_placement=&#8221;top&#8221; css=&#8221;.vc_custom_1719426620386{margin-top: 100px !important;}&#8221;][vc_column width=&#8221;1\/3&#8243; css=&#8221;.vc_custom_1719417204263{margin-left: 100px !important;}&#8221;][vc_empty_space height=&#8221;60&#8243;][vc_row_inner css=&#8221;.vc_custom_1719418607408{margin-left: 25px !important;}&#8221;][vc_column_inner width=&#8221;1\/4&#8243;][vc_single_image image=&#8221;11143&#8243; img_size=&#8221;medium&#8221; [&hellip;]<\/p>\n","protected":false},"author":2,"featured_media":0,"parent":11398,"menu_order":0,"comment_status":"closed","ping_status":"closed","template":"","meta":{"om_disable_all_campaigns":false,"_monsterinsights_skip_tracking":false,"_monsterinsights_sitenote_active":false,"_monsterinsights_sitenote_note":"","_monsterinsights_sitenote_category":0,"footnotes":""},"class_list":["post-11416","page","type-page","status-publish","hentry"],"jetpack_sharing_enabled":true,"_links":{"self":[{"href":"https:\/\/novusmedical.ca\/fr\/wp-json\/wp\/v2\/pages\/11416","targetHints":{"allow":["GET"]}}],"collection":[{"href":"https:\/\/novusmedical.ca\/fr\/wp-json\/wp\/v2\/pages"}],"about":[{"href":"https:\/\/novusmedical.ca\/fr\/wp-json\/wp\/v2\/types\/page"}],"author":[{"embeddable":true,"href":"https:\/\/novusmedical.ca\/fr\/wp-json\/wp\/v2\/users\/2"}],"replies":[{"embeddable":true,"href":"https:\/\/novusmedical.ca\/fr\/wp-json\/wp\/v2\/comments?post=11416"}],"version-history":[{"count":4,"href":"https:\/\/novusmedical.ca\/fr\/wp-json\/wp\/v2\/pages\/11416\/revisions"}],"predecessor-version":[{"id":11558,"href":"https:\/\/novusmedical.ca\/fr\/wp-json\/wp\/v2\/pages\/11416\/revisions\/11558"}],"up":[{"embeddable":true,"href":"https:\/\/novusmedical.ca\/fr\/wp-json\/wp\/v2\/pages\/11398"}],"wp:attachment":[{"href":"https:\/\/novusmedical.ca\/fr\/wp-json\/wp\/v2\/media?parent=11416"}],"curies":[{"name":"wp","href":"https:\/\/api.w.org\/{rel}","templated":true}]}}