{"id":11406,"date":"2024-07-01T03:49:10","date_gmt":"2024-07-01T03:49:10","guid":{"rendered":"https:\/\/novusmedical.ca\/magventure\/magventureflowarm\/"},"modified":"2024-07-23T13:26:31","modified_gmt":"2024-07-23T13:26:31","slug":"magventureflowarm","status":"publish","type":"page","link":"https:\/\/novusmedical.ca\/fr\/magventure\/magventureflowarm\/","title":{"rendered":"MagVentureFlowArm"},"content":{"rendered":"<div class=\"wpb-content-wrapper\">[vc_row css=&#8221;.vc_custom_1594314647893{margin-top: -50px !important;}&#8221;][vc_column]\n\t\t\t<!-- START MagVenture  Flow Arm FR REVOLUTION SLIDER 6.6.9 --><p class=\"rs-p-wp-fix\"><\/p>\n\t\t\t<rs-module-wrap id=\"rev_slider_92_1_wrapper\" data-source=\"gallery\" style=\"visibility:hidden;background:transparent;padding:0;margin:0px auto;margin-top:0;margin-bottom:0;\">\n\t\t\t\t<rs-module id=\"rev_slider_92_1\" style=\"\" data-version=\"6.6.9\">\n\t\t\t\t\t<rs-slides style=\"overflow: hidden; position: absolute;\">\n\t\t\t\t\t\t<rs-slide style=\"position: absolute;\" data-key=\"rs-149\" data-title=\"MagVenture Manu\" data-anim=\"adpr:false;\" data-in=\"o:0;\" data-out=\"a:false;\">\n\t\t\t\t\t\t\t<img data-recalc-dims=\"1\" decoding=\"async\" src=\"https:\/\/i0.wp.com\/novusmedical.ca\/wp-content\/plugins\/revslider\/public\/assets\/assets\/dummy.png?resize=1500%2C1000\" alt=\"\" title=\"Magventur_02_66912\" width=\"1500\" height=\"1000\" class=\"rev-slidebg tp-rs-img rs-lazyload\" data-lazyload=\"\/\/novusmedical.ca\/wp-content\/uploads\/2024\/07\/Magventur_02_66912.jpg\" data-no-retina>\n<!--\n\t\t\t\t\t\t\t--><a\n\t\t\t\t\t\t\t\tid=\"slider-92-slide-149-layer-0\" \n\t\t\t\t\t\t\t\tclass=\"rs-layer\"\n\t\t\t\t\t\t\t\thref=\"https:\/\/novusmedical.ca\/?page_id=6910\" target=\"_self\"\n\t\t\t\t\t\t\t\tdata-type=\"text\"\n\t\t\t\t\t\t\t\tdata-color=\"#fc4d1f\"\n\t\t\t\t\t\t\t\tdata-rsp_ch=\"on\"\n\t\t\t\t\t\t\t\tdata-xy=\"x:44px;y:503px;\"\n\t\t\t\t\t\t\t\tdata-text=\"w:normal;s:14;l:55;ls:1px;\"\n\t\t\t\t\t\t\t\tdata-dim=\"w:254px;minh:0;\"\n\t\t\t\t\t\t\t\tdata-frame_999=\"o:0;st:w;\"\n\t\t\t\t\t\t\t\tstyle=\"z-index:9;font-family:'Lato';text-transform:uppercase;\"\n\t\t\t\t\t\t\t>ACCESSOIRES \n\t\t\t\t\t\t\t<\/a><!--\n\n\t\t\t\t\t\t\t--><a\n\t\t\t\t\t\t\t\tid=\"slider-92-slide-149-layer-1\" \n\t\t\t\t\t\t\t\tclass=\"rs-layer\"\n\t\t\t\t\t\t\t\thref=\"https:\/\/novusmedical.ca\/?page_id=6910\" target=\"_self\"\n\t\t\t\t\t\t\t\tdata-type=\"text\"\n\t\t\t\t\t\t\t\tdata-color=\"#ffffff\"\n\t\t\t\t\t\t\t\tdata-rsp_ch=\"on\"\n\t\t\t\t\t\t\t\tdata-xy=\"x:39px;y:549px;\"\n\t\t\t\t\t\t\t\tdata-text=\"w:normal;s:48;l:55;ls:1px;fw:700;\"\n\t\t\t\t\t\t\t\tdata-dim=\"w:851px;minh:0;\"\n\t\t\t\t\t\t\t\tdata-frame_999=\"o:0;st:w;\"\n\t\t\t\t\t\t\t\tstyle=\"z-index:8;font-family:'Lato';\"\n\t\t\t\t\t\t\t>Flow Arm  \n\t\t\t\t\t\t\t<\/a><!--\n\n\t\t\t\t\t\t\t--><a\n\t\t\t\t\t\t\t\tid=\"slider-92-slide-149-layer-2\" \n\t\t\t\t\t\t\t\tclass=\"rs-layer\"\n\t\t\t\t\t\t\t\thref=\"https:\/\/novusmedical.ca\/?page_id=6910\" target=\"_self\"\n\t\t\t\t\t\t\t\tdata-type=\"text\"\n\t\t\t\t\t\t\t\tdata-color=\"#ffffff\"\n\t\t\t\t\t\t\t\tdata-rsp_ch=\"on\"\n\t\t\t\t\t\t\t\tdata-xy=\"x:41px;y:615px;\"\n\t\t\t\t\t\t\t\tdata-text=\"w:normal;s:16;l:26;ls:0px;\"\n\t\t\t\t\t\t\t\tdata-dim=\"w:863px;minh:0;\"\n\t\t\t\t\t\t\t\tdata-frame_999=\"o:0;st:w;\"\n\t\t\t\t\t\t\t\tstyle=\"z-index:7;font-family:'Lato';\"\n\t\t\t\t\t\t\t>Le bras brevet\u00e9 Flow Arm de MagVenture est sp\u00e9cialement con\u00e7u pour faciliter la mise en place de la bobine de TMS, r\u00e9duisant ainsi les efforts et la fatigue de l'op\u00e9rateur, ce qui en fait un outil id\u00e9al pour les s\u00e9ances multiples dans une journ\u00e9e. \n\t\t\t\t\t\t\t<\/a><!--\n\n\t\t\t\t\t\t\t--><rs-layer\n\t\t\t\t\t\t\t\tid=\"slider-92-slide-149-layer-31\" \n\t\t\t\t\t\t\t\tdata-type=\"shape\"\n\t\t\t\t\t\t\t\tdata-rsp_ch=\"on\"\n\t\t\t\t\t\t\t\tdata-xy=\"x:-530px;y:c;yo:249px;\"\n\t\t\t\t\t\t\t\tdata-text=\"w:normal;\"\n\t\t\t\t\t\t\t\tdata-dim=\"w:1470px;h:221px;\"\n\t\t\t\t\t\t\t\tdata-frame_999=\"o:0;st:w;\"\n\t\t\t\t\t\t\t\tstyle=\"z-index:6;background-color:#002b45;\"\n\t\t\t\t\t\t\t> \n\t\t\t\t\t\t\t<\/rs-layer><!--\n-->\t\t\t\t\t\t<\/rs-slide>\n\t\t\t\t\t<\/rs-slides>\n\t\t\t\t<\/rs-module>\n\t\t\t\t<script>\n\t\t\t\t\tsetREVStartSize({c: 'rev_slider_92_1',rl:[1240,1024,778,480],el:[700],gw:[1240],gh:[700],type:'standard',justify:'',layout:'fullwidth',mh:\"0\"});if (window.RS_MODULES!==undefined && window.RS_MODULES.modules!==undefined && window.RS_MODULES.modules[\"revslider921\"]!==undefined) {window.RS_MODULES.modules[\"revslider921\"].once = false;window.revapi92 = undefined;if (window.RS_MODULES.checkMinimal!==undefined) window.RS_MODULES.checkMinimal()}\n\t\t\t\t<\/script>\n\t\t\t<\/rs-module-wrap>\n\t\t\t<!-- END REVOLUTION SLIDER -->\n[\/vc_column][\/vc_row][vc_row full_width=&#8221;stretch_row_content&#8221; content_placement=&#8221;top&#8221; css=&#8221;.vc_custom_1719426620386{margin-top: 100px !important;}&#8221;][vc_column width=&#8221;1\/3&#8243; css=&#8221;.vc_custom_1719417204263{margin-left: 100px !important;}&#8221;][vc_empty_space height=&#8221;60&#8243;][vc_custom_heading text=&#8221;Flow Arm&#8221; font_container=&#8221;tag:h2|font_size:28|text_align:left|color:%23002b45|line_height:1.25&#8243; google_fonts=&#8221;font_family:Lato%3A100%2C100italic%2C300%2C300italic%2Cregular%2Citalic%2C700%2C700italic%2C900%2C900italic|font_style:700%20bold%20regular%3A700%3Anormal&#8221; css=&#8221;.vc_custom_1721741146036{padding-top: 5px !important;}&#8221;][vc_column_text]\n<section class=\"mt-product-cover\">\n<div class=\"mt-product-cover__inner page-container\">\n<div class=\"mt-product-cover__text-container\">\n<div class=\"wysiwyg\">Le bras brevet\u00e9 Flow Arm de MagVenture est sp\u00e9cialement con\u00e7u pour faciliter la mise en place de la bobine de TMS, r\u00e9duisant ainsi les efforts et la fatigue de l&#8217;op\u00e9rateur, ce qui en fait un outil id\u00e9al pour les s\u00e9ances multiples dans une journ\u00e9e. Il a \u00e9t\u00e9 d\u00e9velopp\u00e9 pour la pratique clinique afin d&#8217;optimiser le flux de travail, tout en maintenant la pr\u00e9cision et la flexibilit\u00e9. Le Flow Arm permet de positionner facilement et en toute s\u00e9curit\u00e9 la bobine de traitement et s&#8217;adapte \u00e0 toutes les bobines de traitement. Veuillez noter que le Flow Arm est con\u00e7u sp\u00e9cifiquement pour \u00eatre mont\u00e9 sur le fauteuil de traitement MagVenture et ne fonctionne qu&#8217;avec les fauteuils de traitement achet\u00e9s apr\u00e8s le 1er trimestre 2017.<\/div>\n<\/div>\n<\/div>\n<\/section>\n<div>\n<p>&nbsp;<\/p>\n<p><strong>R\u00e9f\u00e9rence 9016B0801<\/strong><\/p>\n<p>Dimensions<\/p>\n<p>Hauteur : 550 mm \/ 21.7 in.<\/p>\n<p>Longueur : 450 mm \/ 17.7 in.<\/p>\n<p>Poids : 10 kg \/ 22 lbs sans le contrepoids<br \/>\n20 kg \/ 44 lbs y compris le contrepoids<\/p>\n<p>Poids de la bobine support\u00e9e :1,5-3 kg \/ 3.3-6.6 lbs<\/p>\n<\/div>\n[\/vc_column_text][\/vc_column][vc_column width=&#8221;2\/3&#8243; css=&#8221;.vc_custom_1719417218099{margin-left: 100px !important;}&#8221;][vc_single_image image=&#8221;11192&#8243; img_size=&#8221;full&#8221; alignment=&#8221;right&#8221;][vc_empty_space height=&#8221;50px&#8221;][\/vc_column][\/vc_row][vc_row full_width=&#8221;stretch_row_content&#8221; content_placement=&#8221;top&#8221; el_id=&#8221;aeramaxproii&#8221;][vc_column width=&#8221;1\/2&#8243; css=&#8221;.vc_custom_1594316805032{margin-right: 0px !important;}&#8221;][vc_single_image image=&#8221;11119&#8243; img_size=&#8221;full&#8221; alignment=&#8221;center&#8221; css=&#8221;.vc_custom_1719430050216{margin-top: 0px !important;margin-bottom: 60px !important;}&#8221;][\/vc_column][vc_column width=&#8221;1\/2&#8243; css=&#8221;.vc_custom_1632333011420{margin-left: 35px !important;}&#8221;][vc_empty_space height=&#8221;100px&#8221;][vc_single_image image=&#8221;11013&#8243; img_size=&#8221;&#8221;][vc_custom_heading text=&#8221;Vous souhaitez en savoir plus sur le MagVenture Flow Arm?&#8221; font_container=&#8221;tag:h2|font_size:28|text_align:left|color:%23002b45|line_height:1.25&#8243; google_fonts=&#8221;font_family:Lato%3A100%2C100italic%2C300%2C300italic%2Cregular%2Citalic%2C700%2C700italic%2C900%2C900italic|font_style:700%20bold%20regular%3A700%3Anormal&#8221; css=&#8221;.vc_custom_1721741189687{margin-right: 300px !important;padding-top: 5px !important;}&#8221;][vc_custom_heading text=&#8221;N&#8217;h\u00e9sitez pas \u00e0 nous contacter et l&#8217;un de nos sp\u00e9cialistes se fera un plaisir de vous r\u00e9pondre.&#8221; font_container=&#8221;tag:h2|font_size:28|text_align:left|color:%23fc4d1f|line_height:1.25&#8243; google_fonts=&#8221;font_family:Lato%3A100%2C100italic%2C300%2C300italic%2Cregular%2Citalic%2C700%2C700italic%2C900%2C900italic|font_style:700%20bold%20regular%3A700%3Anormal&#8221; css=&#8221;.vc_custom_1719430550941{margin-right: 300px !important;padding-top: 5px !important;}&#8221;][vc_empty_space height=&#8221;15px&#8221;][vc_btn title=&#8221;CONTACTEZ UN SP\u00c9CIALISTE&#8221; style=&#8221;outline-custom&#8221; outline_custom_color=&#8221;#000000&#8243; outline_custom_hover_background=&#8221;#93d500&#8243; outline_custom_hover_text=&#8221;#ffffff&#8221; shape=&#8221;square&#8221; align=&#8221;left&#8221; link=&#8221;url:https%3A%2F%2Fnovusmedical.ca%2Ffr%2Fcontact-novus%2F|title:Contacter%20Novus&#8221;][\/vc_column][\/vc_row][vc_row][vc_column][vc_empty_space height=&#8221;50px&#8221;][\/vc_column][\/vc_row][vc_row][vc_column][vc_empty_space height=&#8221;20px&#8221;][vc_empty_space height=&#8221;20px&#8221;][\/vc_column][\/vc_row]\n<\/div>","protected":false},"excerpt":{"rendered":"<p>[vc_row css=&#8221;.vc_custom_1594314647893{margin-top: -50px !important;}&#8221;][vc_column][\/vc_column][\/vc_row][vc_row full_width=&#8221;stretch_row_content&#8221; content_placement=&#8221;top&#8221; css=&#8221;.vc_custom_1719426620386{margin-top: 100px !important;}&#8221;][vc_column width=&#8221;1\/3&#8243; css=&#8221;.vc_custom_1719417204263{margin-left: 100px !important;}&#8221;][vc_empty_space height=&#8221;60&#8243;][vc_custom_heading text=&#8221;Flow Arm&#8221; font_container=&#8221;tag:h2|font_size:28|text_align:left|color:%23002b45|line_height:1.25&#8243; google_fonts=&#8221;font_family:Lato%3A100%2C100italic%2C300%2C300italic%2Cregular%2Citalic%2C700%2C700italic%2C900%2C900italic|font_style:700%20bold%20regular%3A700%3Anormal&#8221; css=&#8221;.vc_custom_1721741146036{padding-top: 5px [&hellip;]<\/p>\n","protected":false},"author":2,"featured_media":0,"parent":11398,"menu_order":0,"comment_status":"closed","ping_status":"closed","template":"","meta":{"om_disable_all_campaigns":false,"_monsterinsights_skip_tracking":false,"_monsterinsights_sitenote_active":false,"_monsterinsights_sitenote_note":"","_monsterinsights_sitenote_category":0,"footnotes":""},"class_list":["post-11406","page","type-page","status-publish","hentry"],"jetpack_sharing_enabled":true,"_links":{"self":[{"href":"https:\/\/novusmedical.ca\/fr\/wp-json\/wp\/v2\/pages\/11406","targetHints":{"allow":["GET"]}}],"collection":[{"href":"https:\/\/novusmedical.ca\/fr\/wp-json\/wp\/v2\/pages"}],"about":[{"href":"https:\/\/novusmedical.ca\/fr\/wp-json\/wp\/v2\/types\/page"}],"author":[{"embeddable":true,"href":"https:\/\/novusmedical.ca\/fr\/wp-json\/wp\/v2\/users\/2"}],"replies":[{"embeddable":true,"href":"https:\/\/novusmedical.ca\/fr\/wp-json\/wp\/v2\/comments?post=11406"}],"version-history":[{"count":5,"href":"https:\/\/novusmedical.ca\/fr\/wp-json\/wp\/v2\/pages\/11406\/revisions"}],"predecessor-version":[{"id":11586,"href":"https:\/\/novusmedical.ca\/fr\/wp-json\/wp\/v2\/pages\/11406\/revisions\/11586"}],"up":[{"embeddable":true,"href":"https:\/\/novusmedical.ca\/fr\/wp-json\/wp\/v2\/pages\/11398"}],"wp:attachment":[{"href":"https:\/\/novusmedical.ca\/fr\/wp-json\/wp\/v2\/media?parent=11406"}],"curies":[{"name":"wp","href":"https:\/\/api.w.org\/{rel}","templated":true}]}}