{"id":11398,"date":"2024-06-25T16:15:19","date_gmt":"2024-06-25T16:15:19","guid":{"rendered":"https:\/\/novusmedical.ca\/magventure\/"},"modified":"2025-02-05T16:34:04","modified_gmt":"2025-02-05T16:34:04","slug":"magventure","status":"publish","type":"page","link":"https:\/\/novusmedical.ca\/fr\/magventure\/","title":{"rendered":"Magventure"},"content":{"rendered":"<div class=\"wpb-content-wrapper\">[vc_row css=&#8221;.vc_custom_1597092859376{margin-top: -50px !important;}&#8221;][vc_column]\n\t\t\t<!-- START MagVenture  Manufacturer REVOLUTION SLIDER 6.6.9 --><p class=\"rs-p-wp-fix\"><\/p>\n\t\t\t<rs-module-wrap id=\"rev_slider_81_1_wrapper\" data-source=\"gallery\" style=\"visibility:hidden;background:transparent;padding:0;margin:0px auto;margin-top:0;margin-bottom:0;\">\n\t\t\t\t<rs-module id=\"rev_slider_81_1\" style=\"\" data-version=\"6.6.9\">\n\t\t\t\t\t<rs-slides style=\"overflow: hidden; position: absolute;\">\n\t\t\t\t\t\t<rs-slide style=\"position: absolute;\" data-key=\"rs-137\" data-title=\"MagVenture Manu\" data-anim=\"adpr:false;\" data-in=\"o:0;\" data-out=\"a:false;\">\n\t\t\t\t\t\t\t<img data-recalc-dims=\"1\" decoding=\"async\" src=\"https:\/\/i0.wp.com\/novusmedical.ca\/wp-content\/plugins\/revslider\/public\/assets\/assets\/dummy.png?resize=2000%2C1334\" alt=\"\" title=\"magventuremanuhero\" width=\"2000\" height=\"1334\" class=\"rev-slidebg tp-rs-img rs-lazyload\" data-lazyload=\"\/\/novusmedical.ca\/wp-content\/uploads\/2024\/06\/magventuremanuhero.png\" data-no-retina>\n<!--\n\t\t\t\t\t\t\t--><rs-layer\n\t\t\t\t\t\t\t\tid=\"slider-81-slide-137-layer-0\" \n\t\t\t\t\t\t\t\tdata-type=\"text\"\n\t\t\t\t\t\t\t\tdata-color=\"#fc4d1f\"\n\t\t\t\t\t\t\t\tdata-rsp_ch=\"on\"\n\t\t\t\t\t\t\t\tdata-xy=\"x:41px;y:323px;\"\n\t\t\t\t\t\t\t\tdata-text=\"w:normal;s:14;l:55;ls:1px;\"\n\t\t\t\t\t\t\t\tdata-dim=\"w:254px;minh:0;\"\n\t\t\t\t\t\t\t\tdata-frame_999=\"o:0;st:w;\"\n\t\t\t\t\t\t\t\tstyle=\"z-index:9;font-family:'Lato';text-transform:uppercase;\"\n\t\t\t\t\t\t\t>TRANSFORMING MENTAL HEALTH \n\t\t\t\t\t\t\t<\/rs-layer><!--\n\n\t\t\t\t\t\t\t--><rs-layer\n\t\t\t\t\t\t\t\tid=\"slider-81-slide-137-layer-1\" \n\t\t\t\t\t\t\t\tdata-type=\"text\"\n\t\t\t\t\t\t\t\tdata-color=\"#ffffff\"\n\t\t\t\t\t\t\t\tdata-rsp_ch=\"on\"\n\t\t\t\t\t\t\t\tdata-xy=\"x:37px;y:367px;\"\n\t\t\t\t\t\t\t\tdata-text=\"w:normal;s:48;l:55;ls:1px;fw:700;\"\n\t\t\t\t\t\t\t\tdata-dim=\"w:851px;minh:0;\"\n\t\t\t\t\t\t\t\tdata-frame_999=\"o:0;st:w;\"\n\t\t\t\t\t\t\t\tstyle=\"z-index:8;font-family:'Lato';\"\n\t\t\t\t\t\t\t>MagVenture TMS machines give <br \/>\nnew hope to patients \n\t\t\t\t\t\t\t<\/rs-layer><!--\n\n\t\t\t\t\t\t\t--><a\n\t\t\t\t\t\t\t\tid=\"slider-81-slide-137-layer-3\" \n\t\t\t\t\t\t\t\tclass=\"rs-layer\"\n\t\t\t\t\t\t\t\thref=\"https:\/\/novusmedical.ca\/magventure\/\" target=\"_self\"\n\t\t\t\t\t\t\t\tdata-type=\"image\"\n\t\t\t\t\t\t\t\tdata-rsp_ch=\"on\"\n\t\t\t\t\t\t\t\tdata-xy=\"x:19px;y:219px;\"\n\t\t\t\t\t\t\t\tdata-text=\"w:normal;\"\n\t\t\t\t\t\t\t\tdata-dim=\"w:319px;h:68px;\"\n\t\t\t\t\t\t\t\tdata-frame_999=\"o:0;st:w;\"\n\t\t\t\t\t\t\t\tstyle=\"z-index:10;\"\n\t\t\t\t\t\t\t><img data-recalc-dims=\"1\" decoding=\"async\" src=\"https:\/\/i0.wp.com\/novusmedical.ca\/wp-content\/plugins\/revslider\/public\/assets\/assets\/dummy.png?resize=3920%2C837\" alt=\"\" class=\"tp-rs-img rs-lazyload\" width=\"3920\" height=\"837\" data-lazyload=\"\/\/novusmedical.ca\/wp-content\/uploads\/2024\/06\/MV_logo_Darkblue_nobackground.png\" data-no-retina> \n\t\t\t\t\t\t\t<\/a><!--\n\n\t\t\t\t\t\t\t--><rs-layer\n\t\t\t\t\t\t\t\tid=\"slider-81-slide-137-layer-31\" \n\t\t\t\t\t\t\t\tdata-type=\"shape\"\n\t\t\t\t\t\t\t\tdata-rsp_ch=\"on\"\n\t\t\t\t\t\t\t\tdata-xy=\"x:-511px;y:c;yo:57px;\"\n\t\t\t\t\t\t\t\tdata-text=\"w:normal;\"\n\t\t\t\t\t\t\t\tdata-dim=\"w:1312px;h:196px;\"\n\t\t\t\t\t\t\t\tdata-frame_999=\"o:0;st:w;\"\n\t\t\t\t\t\t\t\tstyle=\"z-index:7;background-color:#002b45;\"\n\t\t\t\t\t\t\t> \n\t\t\t\t\t\t\t<\/rs-layer><!--\n-->\t\t\t\t\t\t<\/rs-slide>\n\t\t\t\t\t<\/rs-slides>\n\t\t\t\t<\/rs-module>\n\t\t\t\t<script>\n\t\t\t\t\tsetREVStartSize({c: 'rev_slider_81_1',rl:[1240,1024,778,480],el:[700],gw:[1240],gh:[700],type:'standard',justify:'',layout:'fullwidth',mh:\"0\"});if (window.RS_MODULES!==undefined && window.RS_MODULES.modules!==undefined && window.RS_MODULES.modules[\"revslider811\"]!==undefined) {window.RS_MODULES.modules[\"revslider811\"].once = false;window.revapi81 = undefined;if (window.RS_MODULES.checkMinimal!==undefined) window.RS_MODULES.checkMinimal()}\n\t\t\t\t<\/script>\n\t\t\t<\/rs-module-wrap>\n\t\t\t<!-- END REVOLUTION SLIDER -->\n[\/vc_column][\/vc_row][vc_row fullwidth=&#8221;yes&#8221; css=&#8221;.vc_custom_1719338076282{margin-top: -50px !important;background-color: #ffffff !important;}&#8221; background_color=&#8221;#e0e0e0&#8243;][vc_column width=&#8221;2\/3&#8243;][vc_empty_space height=&#8221;175px&#8221;][vc_single_image image=&#8221;11013&#8243; img_size=&#8221;&#8221;][vc_custom_heading text=&#8221;FOND\u00c9E SUR LA RECHERCHE, ENGAG\u00c9E DANS LE TRAITEMENT, AX\u00c9E SUR LES R\u00c9SULTATS&#8221; font_container=&#8221;tag:h2|font_size:32|text_align:left|color:%23002b45|line_height:1.25&#8243; google_fonts=&#8221;font_family:Lato%3A100%2C100italic%2C300%2C300italic%2Cregular%2Citalic%2C700%2C700italic%2C900%2C900italic|font_style:900%20bold%20regular%3A900%3Anormal&#8221;][vc_custom_heading text=&#8221;MagVenture est un fabricant de machines TMS.&#8221; font_container=&#8221;tag:h2|font_size:24|text_align:left|color:%23fc4d1f|line_height:1.25&#8243; google_fonts=&#8221;font_family:Lato%3A100%2C100italic%2C300%2C300italic%2Cregular%2Citalic%2C700%2C700italic%2C900%2C900italic|font_style:700%20bold%20regular%3A700%3Anormal&#8221;][vc_custom_heading text=&#8221;Vous \u00eates passionn\u00e9 par les technologies r\u00e9volutionnaires qui contribuent \u00e0 am\u00e9liorer la vie des gens. C&apos;est pourquoi ils sont les pionniers de la technologie de la stimulation magn\u00e9tique transcr\u00e2nienne (SMT) non invasive depuis plus de 30 ans.&#8221; font_container=&#8221;tag:p|font_size:16|text_align:left|color:%23002b45|line_height:1.25&#8243; google_fonts=&#8221;font_family:Lato%3A100%2C100italic%2C300%2C300italic%2Cregular%2Citalic%2C700%2C700italic%2C900%2C900italic|font_style:400%20regular%3A400%3Anormal&#8221;][vc_btn title=&#8221;VISITEZ MAGVENTURE&#8221; style=&#8221;outline-custom&#8221; outline_custom_color=&#8221;#fc4d1f&#8221; outline_custom_hover_background=&#8221;#fc4d1f&#8221; outline_custom_hover_text=&#8221;#ffffff&#8221; shape=&#8221;square&#8221; align=&#8221;left&#8221; css=&#8221;.vc_custom_1719338130885{margin-top: 50px !important;}&#8221; link=&#8221;url:https%3A%2F%2Fmagventure.com%2F|target:_blank|&#8221;][vc_empty_space height=&#8221;120px&#8221;][\/vc_column][vc_column width=&#8221;1\/3&#8243;][vc_empty_space height=&#8221;180px&#8221;][vc_single_image image=&#8221;11016&#8243; img_size=&#8221;full&#8221; alignment=&#8221;right&#8221; style=&#8221;vc_box_circle_2&#8243; css=&#8221;.vc_custom_1719338485258{padding-left: 20px !important;}&#8221;][\/vc_column][\/vc_row][vc_row fullwidth=&#8221;yes&#8221; css=&#8221;.vc_custom_1738769881057{background-color: #f9f9f9 !important;}&#8221; background_color=&#8221;#ededed&#8221;][vc_column][vc_empty_space height=&#8221;50px&#8221;][vc_custom_heading text=&#8221;Nos produits par MagVenture&#8221; font_container=&#8221;tag:h2|font_size:32|text_align:center|color:%23002b45&#8243; google_fonts=&#8221;font_family:Lato%3A100%2C100italic%2C300%2C300italic%2Cregular%2Citalic%2C700%2C700italic%2C900%2C900italic|font_style:700%20bold%20regular%3A700%3Anormal&#8221;][vc_separator][vc_empty_space height=&#8221;45px&#8221;][\/vc_column][\/vc_row][vc_row fullwidth=&#8221;yes&#8221; css=&#8221;.vc_custom_1719338690708{margin-top: -20px !important;padding-bottom: 50px !important;background-color: #f9f9f9 !important;}&#8221;][vc_column width=&#8221;1\/3&#8243;][vc_single_image image=&#8221;11134&#8243; img_size=&#8221;large&#8221; alignment=&#8221;center&#8221; style=&#8221;vc_box_rounded&#8221;][vc_custom_heading text=&#8221;Ensemble th\u00e9rapeutique R30&#8243; font_container=&#8221;tag:h2|text_align:center|color:%2393d500&#8243; google_fonts=&#8221;font_family:Roboto%3A100%2C100italic%2C300%2C300italic%2Cregular%2Citalic%2C500%2C500italic%2C700%2C700italic%2C900%2C900italic|font_style:400%20regular%3A400%3Anormal&#8221; link=&#8221;url:https%3A%2F%2Fnovusmedical.ca%2Ffr%2Fmagventure%2Fr30stdtherapy%2F|title:MagR30|&#8221;][vc_btn title=&#8221;EN SAVOIR PLUS&#8221; style=&#8221;outline-custom&#8221; outline_custom_color=&#8221;#000000&#8243; outline_custom_hover_background=&#8221;#93d500&#8243; outline_custom_hover_text=&#8221;#ffffff&#8221; shape=&#8221;square&#8221; size=&#8221;sm&#8221; align=&#8221;center&#8221; link=&#8221;url:https%3A%2F%2Fnovusmedical.ca%2Ffr%2Fmagventure%2Fr30stdtherapy%2F|title:R30StdTherapy|&#8221;][\/vc_column][vc_column width=&#8221;1\/3&#8243;][vc_single_image image=&#8221;11126&#8243; img_size=&#8221;large&#8221; alignment=&#8221;center&#8221; style=&#8221;vc_box_rounded&#8221;][vc_custom_heading text=&#8221;R30 avec ensemble de bras d&apos;\u00e9coulement&#8221; font_container=&#8221;tag:h2|text_align:center|color:%2393d500&#8243; google_fonts=&#8221;font_family:Roboto%3A100%2C100italic%2C300%2C300italic%2Cregular%2Citalic%2C500%2C500italic%2C700%2C700italic%2C900%2C900italic|font_style:400%20regular%3A400%3Anormal&#8221; link=&#8221;url:https%3A%2F%2Fnovusmedical.ca%2Ffr%2Fmagventure%2Fr30flowarmpackage%2F|title:R30FlowArmPackage|&#8221;][vc_btn title=&#8221;EN SAVOIR PLUS&#8221; style=&#8221;outline-custom&#8221; outline_custom_color=&#8221;#000000&#8243; outline_custom_hover_background=&#8221;#93d500&#8243; outline_custom_hover_text=&#8221;#ffffff&#8221; shape=&#8221;square&#8221; size=&#8221;sm&#8221; align=&#8221;center&#8221; link=&#8221;url:https%3A%2F%2Fnovusmedical.ca%2Ffr%2Fmagventure%2Fr30flowarmpackage%2F|title:R30FlowArmPackage|&#8221;][\/vc_column][vc_column width=&#8221;1\/3&#8243;][vc_single_image image=&#8221;11139&#8243; img_size=&#8221;large&#8221; alignment=&#8221;center&#8221; style=&#8221;vc_box_rounded&#8221;][vc_custom_heading text=&#8221;Forfait th\u00e9rapeutique R20&#8243; font_container=&#8221;tag:h2|text_align:center|color:%2393d500&#8243; google_fonts=&#8221;font_family:Roboto%3A100%2C100italic%2C300%2C300italic%2Cregular%2Citalic%2C500%2C500italic%2C700%2C700italic%2C900%2C900italic|font_style:400%20regular%3A400%3Anormal&#8221; link=&#8221;url:https%3A%2F%2Fnovusmedical.ca%2Ffr%2Fmagventure%2Fr20therapypackage%2F|title:MagR30|&#8221;][vc_btn title=&#8221;EN SAVOIR PLUS&#8221; style=&#8221;outline-custom&#8221; outline_custom_color=&#8221;#000000&#8243; outline_custom_hover_background=&#8221;#93d500&#8243; outline_custom_hover_text=&#8221;#ffffff&#8221; shape=&#8221;square&#8221; size=&#8221;sm&#8221; align=&#8221;center&#8221; link=&#8221;url:https%3A%2F%2Fnovusmedical.ca%2Ffr%2Fmagventure%2Fr20therapypackage%2F|title:R20TherapyPackage|&#8221;][\/vc_column][\/vc_row][vc_row fullwidth=&#8221;yes&#8221; css=&#8221;.vc_custom_1719338690708{margin-top: -20px !important;padding-bottom: 50px !important;background-color: #f9f9f9 !important;}&#8221;][vc_column width=&#8221;1\/3&#8243;][vc_single_image image=&#8221;11265&#8243; img_size=&#8221;large&#8221; alignment=&#8221;center&#8221; style=&#8221;vc_box_rounded&#8221;][vc_custom_heading text=&#8221;x100 MagOption Package&#8221; font_container=&#8221;tag:h2|text_align:center|color:%2393d500&#8243; google_fonts=&#8221;font_family:Roboto%3A100%2C100italic%2C300%2C300italic%2Cregular%2Citalic%2C500%2C500italic%2C700%2C700italic%2C900%2C900italic|font_style:400%20regular%3A400%3Anormal&#8221; link=&#8221;url:https%3A%2F%2Fnovusmedical.ca%2Ffr%2Fmagventure%2Fx100magoption%2F|title:X100MagOption|&#8221;][vc_btn title=&#8221;EN SAVOIR PLUS&#8221; style=&#8221;outline-custom&#8221; outline_custom_color=&#8221;#000000&#8243; outline_custom_hover_background=&#8221;#93d500&#8243; outline_custom_hover_text=&#8221;#ffffff&#8221; shape=&#8221;square&#8221; size=&#8221;sm&#8221; align=&#8221;center&#8221; link=&#8221;url:https%3A%2F%2Fnovusmedical.ca%2Ffr%2Fmagventure%2Fx100magoption%2F|title:X100MagOption|&#8221;][\/vc_column][vc_column width=&#8221;1\/3&#8243;][vc_single_image image=&#8221;11251&#8243; img_size=&#8221;large&#8221; alignment=&#8221;center&#8221; style=&#8221;vc_box_rounded&#8221;][vc_custom_heading text=&#8221;x100 MagOption Package avec refroidisseur haute performance&#8221; font_container=&#8221;tag:h2|text_align:center|color:%2393d500&#8243; google_fonts=&#8221;font_family:Roboto%3A100%2C100italic%2C300%2C300italic%2Cregular%2Citalic%2C500%2C500italic%2C700%2C700italic%2C900%2C900italic|font_style:400%20regular%3A400%3Anormal&#8221; link=&#8221;url:https%3A%2F%2Fnovusmedical.ca%2Ffr%2Fmagventure%2Fmagventurex100cooler%2F|title:MagVentureX100cooler|&#8221;][vc_btn title=&#8221;EN SAVOIR PLUS&#8221; style=&#8221;outline-custom&#8221; outline_custom_color=&#8221;#000000&#8243; outline_custom_hover_background=&#8221;#93d500&#8243; outline_custom_hover_text=&#8221;#ffffff&#8221; shape=&#8221;square&#8221; size=&#8221;sm&#8221; align=&#8221;center&#8221; link=&#8221;url:https%3A%2F%2Fnovusmedical.ca%2Ffr%2Fmagventure%2Fmagventurex100cooler%2F|title:MagVentureX100cooler|&#8221;][\/vc_column][vc_column width=&#8221;1\/3&#8243;][vc_single_image image=&#8221;11183&#8243; img_size=&#8221;large&#8221; alignment=&#8221;center&#8221; style=&#8221;vc_box_rounded&#8221;][vc_custom_heading text=&#8221;Chaise de traitement&#8221; font_container=&#8221;tag:h2|text_align:center|color:%2393d500&#8243; google_fonts=&#8221;font_family:Roboto%3A100%2C100italic%2C300%2C300italic%2Cregular%2Citalic%2C500%2C500italic%2C700%2C700italic%2C900%2C900italic|font_style:400%20regular%3A400%3Anormal&#8221; link=&#8221;url:https%3A%2F%2Fnovusmedical.ca%2Ffr%2Fmagventure%2Fmagventuretreatmentchair%2F|title:MagVentureTreatmentChair|&#8221;][vc_btn title=&#8221;EN SAVOIR PLUS&#8221; style=&#8221;outline-custom&#8221; outline_custom_color=&#8221;#000000&#8243; outline_custom_hover_background=&#8221;#93d500&#8243; outline_custom_hover_text=&#8221;#ffffff&#8221; shape=&#8221;square&#8221; size=&#8221;sm&#8221; align=&#8221;center&#8221; link=&#8221;url:https%3A%2F%2Fnovusmedical.ca%2Ffr%2Fmagventure%2Fmagventuretreatmentchair%2F|title:MagVentureTreatmentChair|&#8221;][\/vc_column][\/vc_row][vc_row fullwidth=&#8221;yes&#8221; css=&#8221;.vc_custom_1719338690708{margin-top: -20px !important;padding-bottom: 50px !important;background-color: #f9f9f9 !important;}&#8221;][vc_column width=&#8221;1\/3&#8243;][vc_single_image image=&#8221;11192&#8243; img_size=&#8221;large&#8221; alignment=&#8221;center&#8221; style=&#8221;vc_box_rounded&#8221;][vc_custom_heading text=&#8221;Bras d&apos;\u00e9coulement&#8221; font_container=&#8221;tag:h2|text_align:center|color:%2393d500&#8243; google_fonts=&#8221;font_family:Roboto%3A100%2C100italic%2C300%2C300italic%2Cregular%2Citalic%2C500%2C500italic%2C700%2C700italic%2C900%2C900italic|font_style:400%20regular%3A400%3Anormal&#8221; link=&#8221;url:https%3A%2F%2Fnovusmedical.ca%2Ffr%2Fmagventure%2Fmagventureflowarm%2F|title:MagVentureFlowArm|&#8221;][vc_btn title=&#8221;EN SAVOIR PLUS&#8221; style=&#8221;outline-custom&#8221; outline_custom_color=&#8221;#000000&#8243; outline_custom_hover_background=&#8221;#93d500&#8243; outline_custom_hover_text=&#8221;#ffffff&#8221; shape=&#8221;square&#8221; size=&#8221;sm&#8221; align=&#8221;center&#8221; link=&#8221;url:https%3A%2F%2Fnovusmedical.ca%2Ffr%2Fmagventure%2Fmagventureflowarm%2F|title:MagVentureFlowArm|&#8221;][\/vc_column][vc_column width=&#8221;1\/3&#8243;][vc_single_image image=&#8221;11131&#8243; img_size=&#8221;large&#8221; alignment=&#8221;center&#8221; style=&#8221;vc_box_rounded&#8221; css=&#8221;&#8221;][vc_custom_heading text=&#8221;Accessoires&#8221; font_container=&#8221;tag:h2|text_align:center|color:%2393d500&#8243; google_fonts=&#8221;font_family:Roboto%3A100%2C100italic%2C300%2C300italic%2Cregular%2Citalic%2C500%2C500italic%2C700%2C700italic%2C900%2C900italic|font_style:400%20regular%3A400%3Anormal&#8221; css=&#8221;&#8221; link=&#8221;url:https%3A%2F%2Fnovusmedical.ca%2Ffr%2Fmagventure%2Fmagaccessories%2F|title:MagAccessories|&#8221;][vc_btn title=&#8221;EN SAVOIR PLUS&#8221; style=&#8221;outline-custom&#8221; outline_custom_color=&#8221;#000000&#8243; outline_custom_hover_background=&#8221;#93d500&#8243; outline_custom_hover_text=&#8221;#ffffff&#8221; shape=&#8221;square&#8221; size=&#8221;sm&#8221; align=&#8221;center&#8221; css=&#8221;&#8221; link=&#8221;url:https%3A%2F%2Fnovusmedical.ca%2Ffr%2Fmagventure%2Fmagaccessories%2F|title:MagAccessories|&#8221;][vc_empty_space height=&#8221;75px&#8221;][\/vc_column][\/vc_row][vc_row full_width=&#8221;stretch_row&#8221; css=&#8221;.vc_custom_1738769985596{margin-top: -20px !important;margin-bottom: -60px !important;padding-top: 75px !important;padding-right: 100px !important;padding-bottom: 50px !important;padding-left: 100px !important;background: #00000000 url(https:\/\/novusmedical.ca\/wp-content\/uploads\/2025\/02\/magventureknowledgehubpromobar.png?id=12116) !important;background-position: center !important;background-repeat: no-repeat !important;background-size: cover !important;}&#8221;][vc_column width=&#8221;1\/2&#8243;][vc_single_image image=&#8221;10999&#8243; img_size=&#8221;medium&#8221; css=&#8221;&#8221;][vc_cta h2=&#8221;Carrefour de connaissances&#8221; h2_font_container=&#8221;tag:h2|font_size:32|text_align:left|color:%232798D0&#8243; h2_google_fonts=&#8221;font_family:Roboto%3A100%2C100italic%2C300%2C300italic%2Cregular%2Citalic%2C500%2C500italic%2C700%2C700italic%2C900%2C900italic|font_style:700%20bold%20regular%3A700%3Anormal&#8221; h4=&#8221;Pour en savoir plus sur MagVenture et la th\u00e9rapie par SMT, consultez notre Knowledge Hub o\u00f9 des m\u00e9decins et des patients vous feront part de leur exp\u00e9rience de la th\u00e9rapie par SMT.&#8221; h4_font_container=&#8221;tag:h4|font_size:18|text_align:left|color:%23FFFFFF&#8221; h4_google_fonts=&#8221;font_family:Roboto%3A100%2C100italic%2C300%2C300italic%2Cregular%2Citalic%2C500%2C500italic%2C700%2C700italic%2C900%2C900italic|font_style:400%20regular%3A400%3Anormal&#8221; style=&#8221;flat&#8221; add_button=&#8221;bottom&#8221; btn_title=&#8221;EN SAVOIR PLUS&#8221; btn_style=&#8221;outline-custom&#8221; btn_outline_custom_color=&#8221;#FFFFFF&#8221; btn_outline_custom_hover_background=&#8221;#2798D0&#8243; btn_outline_custom_hover_text=&#8221;#FFFFFF&#8221; btn_shape=&#8221;square&#8221; css=&#8221;.vc_custom_1738770284688{padding-top: 0px !important;padding-right: 0px !important;padding-left: 20px !important;background-color: #EEEEEE00 !important;}&#8221; use_custom_fonts_h2=&#8221;true&#8221; use_custom_fonts_h4=&#8221;true&#8221; btn_link=&#8221;url:https%3A%2F%2Fnovusmedical.ca%2Ffr%2Fmagventure%2Fmagventurevideos%2F|title:MagVentureVid%C3%A9os|&#8221;][\/vc_cta][\/vc_column][vc_column width=&#8221;1\/2&#8243;][\/vc_column][\/vc_row]\n<\/div>","protected":false},"excerpt":{"rendered":"<p>[vc_row css=&#8221;.vc_custom_1597092859376{margin-top: -50px !important;}&#8221;][vc_column][\/vc_column][\/vc_row][vc_row fullwidth=&#8221;yes&#8221; css=&#8221;.vc_custom_1719338076282{margin-top: -50px !important;background-color: #ffffff !important;}&#8221; background_color=&#8221;#e0e0e0&#8243;][vc_column width=&#8221;2\/3&#8243;][vc_empty_space height=&#8221;175px&#8221;][vc_single_image image=&#8221;11013&#8243; img_size=&#8221;&#8221;][vc_custom_heading text=&#8221;FOND\u00c9E SUR LA RECHERCHE, ENGAG\u00c9E [&hellip;]<\/p>\n","protected":false},"author":2,"featured_media":0,"parent":0,"menu_order":0,"comment_status":"closed","ping_status":"closed","template":"","meta":{"om_disable_all_campaigns":false,"_monsterinsights_skip_tracking":false,"_monsterinsights_sitenote_active":false,"_monsterinsights_sitenote_note":"","_monsterinsights_sitenote_category":0,"footnotes":""},"class_list":["post-11398","page","type-page","status-publish","hentry"],"jetpack_sharing_enabled":true,"_links":{"self":[{"href":"https:\/\/novusmedical.ca\/fr\/wp-json\/wp\/v2\/pages\/11398","targetHints":{"allow":["GET"]}}],"collection":[{"href":"https:\/\/novusmedical.ca\/fr\/wp-json\/wp\/v2\/pages"}],"about":[{"href":"https:\/\/novusmedical.ca\/fr\/wp-json\/wp\/v2\/types\/page"}],"author":[{"embeddable":true,"href":"https:\/\/novusmedical.ca\/fr\/wp-json\/wp\/v2\/users\/2"}],"replies":[{"embeddable":true,"href":"https:\/\/novusmedical.ca\/fr\/wp-json\/wp\/v2\/comments?post=11398"}],"version-history":[{"count":5,"href":"https:\/\/novusmedical.ca\/fr\/wp-json\/wp\/v2\/pages\/11398\/revisions"}],"predecessor-version":[{"id":12131,"href":"https:\/\/novusmedical.ca\/fr\/wp-json\/wp\/v2\/pages\/11398\/revisions\/12131"}],"wp:attachment":[{"href":"https:\/\/novusmedical.ca\/fr\/wp-json\/wp\/v2\/media?parent=11398"}],"curies":[{"name":"wp","href":"https:\/\/api.w.org\/{rel}","templated":true}]}}