{"id":11346,"date":"2021-03-17T20:56:27","date_gmt":"2021-03-17T20:56:27","guid":{"rendered":"https:\/\/novusmedical.ca\/rentrer-a-la-maison\/"},"modified":"2024-07-22T19:56:11","modified_gmt":"2024-07-22T19:56:11","slug":"rentrer-a-la-maison","status":"publish","type":"page","link":"https:\/\/novusmedical.ca\/fr\/rentrer-a-la-maison\/","title":{"rendered":"Rentrer \u00e0 la maison"},"content":{"rendered":"<div class=\"wpb-content-wrapper\">[vc_row css=&#8221;.vc_custom_1594314647893{margin-top: -50px !important;}&#8221;][vc_column]\n\t\t\t<!-- START Monitored Therapeutics REVOLUTION SLIDER 6.6.9 --><p class=\"rs-p-wp-fix\"><\/p>\n\t\t\t<rs-module-wrap id=\"rev_slider_17_1_wrapper\" data-source=\"gallery\" style=\"visibility:hidden;background:transparent;padding:0;margin:0px auto;margin-top:0;margin-bottom:0;\">\n\t\t\t\t<rs-module id=\"rev_slider_17_1\" style=\"\" data-version=\"6.6.9\">\n\t\t\t\t\t<rs-slides style=\"overflow: hidden; position: absolute;\">\n\t\t\t\t\t\t<rs-slide style=\"position: absolute;\" data-key=\"rs-21\" data-title=\"Monitored Therapeutics\" data-anim=\"ms:1000;r:0;\" data-in=\"o:0;\" data-out=\"a:false;\">\n\t\t\t\t\t\t\t<img data-recalc-dims=\"1\" decoding=\"async\" src=\"https:\/\/i0.wp.com\/novusmedical.ca\/wp-content\/plugins\/revslider\/public\/assets\/assets\/dummy.png?resize=938%2C525\" alt=\"\" title=\"MT_header\" width=\"938\" height=\"525\" class=\"rev-slidebg tp-rs-img rs-lazyload\" data-lazyload=\"\/\/novusmedical.ca\/wp-content\/uploads\/2020\/08\/MT_header.jpg\" data-bg=\"p:center top;\" data-no-retina>\n<!--\n\t\t\t\t\t\t\t--><rs-layer\n\t\t\t\t\t\t\t\tid=\"slider-17-slide-21-layer-3\" \n\t\t\t\t\t\t\t\tdata-type=\"image\"\n\t\t\t\t\t\t\t\tdata-rsp_ch=\"on\"\n\t\t\t\t\t\t\t\tdata-xy=\"x:c;y:c;\"\n\t\t\t\t\t\t\t\tdata-text=\"w:normal;\"\n\t\t\t\t\t\t\t\tdata-dim=\"w:468px;h:227px;\"\n\t\t\t\t\t\t\t\tdata-frame_999=\"o:0;st:w;\"\n\t\t\t\t\t\t\t\tstyle=\"z-index:9;\"\n\t\t\t\t\t\t\t><img data-recalc-dims=\"1\" decoding=\"async\" src=\"https:\/\/i0.wp.com\/novusmedical.ca\/wp-content\/plugins\/revslider\/public\/assets\/assets\/dummy.png?resize=518%2C251\" alt=\"\" class=\"tp-rs-img rs-lazyload\" width=\"518\" height=\"251\" data-lazyload=\"\/\/novusmedical.ca\/wp-content\/uploads\/2020\/08\/MTI_Logo.png\" data-no-retina> \n\t\t\t\t\t\t\t<\/rs-layer><!--\n-->\t\t\t\t\t\t<\/rs-slide>\n\t\t\t\t\t<\/rs-slides>\n\t\t\t\t<\/rs-module>\n\t\t\t\t<script>\n\t\t\t\t\tsetREVStartSize({c: 'rev_slider_17_1',rl:[1240,1024,778,480],el:[450],gw:[1240],gh:[450],type:'standard',justify:'',layout:'fullwidth',mh:\"0\"});if (window.RS_MODULES!==undefined && window.RS_MODULES.modules!==undefined && window.RS_MODULES.modules[\"revslider171\"]!==undefined) {window.RS_MODULES.modules[\"revslider171\"].once = false;window.revapi17 = undefined;if (window.RS_MODULES.checkMinimal!==undefined) window.RS_MODULES.checkMinimal()}\n\t\t\t\t<\/script>\n\t\t\t<\/rs-module-wrap>\n\t\t\t<!-- END REVOLUTION SLIDER -->\n[\/vc_column][\/vc_row][vc_row][vc_column][vc_empty_space height=&#8221;50px&#8221;][vc_custom_heading text=&#8221;T\u00e9l\u00e9sant\u00e9 GoHome&#8221; font_container=&#8221;tag:h2|font_size:32|text_align:center|color:%23000000&#8243; google_fonts=&#8221;font_family:Roboto%3A100%2C100italic%2C300%2C300italic%2Cregular%2Citalic%2C500%2C500italic%2C700%2C700italic%2C900%2C900italic|font_style:500%20bold%20regular%3A500%3Anormal&#8221;][vc_column_text]\n<p style=\"text-align: center;\">GoHomeTM &#8211; Un centre de communication de t\u00e9l\u00e9sant\u00e9 pour la surveillance, la communication et les soins \u00e0 distance des patients \u00e0 domicile<\/p>\n[\/vc_column_text][\/vc_column][\/vc_row][vc_row full_width=&#8221;stretch_row&#8221; css=&#8221;.vc_custom_1594839872710{padding-top: -30px !important;background-color: #ffffff !important;}&#8221;][vc_column width=&#8221;1\/2&#8243;][vc_single_image image=&#8221;7059&#8243; img_size=&#8221;full&#8221;][\/vc_column][vc_column width=&#8221;1\/2&#8243; css=&#8221;.vc_custom_1594926812861{margin-left: 20px !important;}&#8221;][vc_empty_space height=&#8221;15px&#8221;][vc_custom_heading text=&#8221;B\u00e9n\u00e9fices du produit&#8221; font_container=&#8221;tag:h2|font_size:32|text_align:left|color:%23000000&#8243; google_fonts=&#8221;font_family:Roboto%3A100%2C100italic%2C300%2C300italic%2Cregular%2Citalic%2C500%2C500italic%2C700%2C700italic%2C900%2C900italic|font_style:500%20bold%20regular%3A500%3Anormal&#8221;][vc_column_text]\n<ul>\n<li style=\"list-style-type: none;\">\n<ul>\n<li>Communication bidirectionnelle transparente avec le portail MTI Telehealth CarePortalTM<\/li>\n<li>Rappels automatis\u00e9s pour les m\u00e9dicaments, les tests physiologiques et les rendez-vous<\/li>\n<li>Simplifie les tests de diagnostic du patient gr\u00e2ce \u00e0 une connexion Bluetooth\u00ae \u00e0 appairage automatique avec les p\u00e9riph\u00e9riques, et fournit des instructions de test faciles \u00e0 suivre.<\/li>\n<li>Transfert automatique des donn\u00e9es physiologiques aux prestataires de soins de sant\u00e9 via le portail MTI CarePortal<\/li>\n<li>Permet aux patients de se connecter et de communiquer avec des m\u00e9decins, des pharmaciens, des soignants et d&#8217;autres professionnels de la sant\u00e9, par le biais de vid\u00e9oconf\u00e9rences s\u00e9curis\u00e9es, d&#8217;e-mails et de messages SMS.<\/li>\n<\/ul>\n<\/li>\n<\/ul>\n[\/vc_column_text][vc_btn title=&#8221;Brochure GoHome&#8221; style=&#8221;outline-custom&#8221; outline_custom_color=&#8221;#000000&#8243; outline_custom_hover_background=&#8221;#93d500&#8243; outline_custom_hover_text=&#8221;#ffffff&#8221; shape=&#8221;square&#8221; align=&#8221;left&#8221; i_icon_fontawesome=&#8221;fas fa-book-medical&#8221; add_icon=&#8221;true&#8221; link=&#8221;url:https%3A%2F%2Fnovusmedical.ca%2Fwp-content%2Fuploads%2F2021%2F03%2FMTI_GoHome_Brochure-2.pdf|target:_blank|&#8221;][vc_btn title=&#8221;Sp\u00e9cifications de GoHome&#8221; style=&#8221;outline-custom&#8221; outline_custom_color=&#8221;#000000&#8243; outline_custom_hover_background=&#8221;#93d500&#8243; outline_custom_hover_text=&#8221;#ffffff&#8221; shape=&#8221;square&#8221; align=&#8221;left&#8221; i_icon_fontawesome=&#8221;fas fa-notes-medical&#8221; add_icon=&#8221;true&#8221; link=&#8221;url:https%3A%2F%2Fnovusmedical.ca%2Fwp-content%2Fuploads%2F2021%2F03%2Fgohomespecifications.pdf|target:_blank|&#8221;][vc_btn title=&#8221;T\u00e9moignages&#8221; style=&#8221;outline-custom&#8221; outline_custom_color=&#8221;#000000&#8243; outline_custom_hover_background=&#8221;#93d500&#8243; outline_custom_hover_text=&#8221;#ffffff&#8221; shape=&#8221;square&#8221; align=&#8221;left&#8221; i_icon_fontawesome=&#8221;fas fa-quote-left&#8221; add_icon=&#8221;true&#8221; link=&#8221;url:https%3A%2F%2Fnovusmedical.ca%2Ffr%2Fmonitored-therapeutics%2F|title:Contacter%20Novus|&#8221;][vc_btn title=&#8221;Obtenir un devis&#8221; style=&#8221;outline-custom&#8221; outline_custom_color=&#8221;#000000&#8243; outline_custom_hover_background=&#8221;#93d500&#8243; outline_custom_hover_text=&#8221;#ffffff&#8221; shape=&#8221;square&#8221; align=&#8221;left&#8221; i_icon_fontawesome=&#8221;fas fa-dollar-sign&#8221; add_icon=&#8221;true&#8221; link=&#8221;url:https%3A%2F%2Fnovusmedical.ca%2Ffr%2Fcontact-novus%2F|title:Contacter%20Novus&#8221;][vc_empty_space height=&#8221;50px&#8221;][\/vc_column][\/vc_row][vc_row][vc_column width=&#8221;1\/6&#8243;][vc_single_image image=&#8221;7052&#8243; img_size=&#8221;medium&#8221; css=&#8221;.vc_custom_1616016531732{margin-top: -15px !important;}&#8221;][\/vc_column][vc_column width=&#8221;5\/6&#8243;][vc_custom_heading text=&#8221;Collecte simplifi\u00e9e des donn\u00e9es physiologiques des patients&#8221; font_container=&#8221;tag:h2|font_size:32|text_align:left|color:%23000000&#8243; google_fonts=&#8221;font_family:Roboto%3A100%2C100italic%2C300%2C300italic%2Cregular%2Citalic%2C500%2C500italic%2C700%2C700italic%2C900%2C900italic|font_style:500%20bold%20regular%3A500%3Anormal&#8221;][vc_column_text]\n<p style=\"text-align: left;\">Les tests diagnostiques des patients sont facilit\u00e9s par une connexion Bluetooth\u00ae \u00e0 appairage automatique avec les appareils p\u00e9riph\u00e9riques.<\/p>\n<p style=\"text-align: left;\">Le GoHome fournit des instructions de test faciles \u00e0 suivre, \u00e0 l&#8217;\u00e9cran, pour chaque type d&#8217;appareil.<\/p>\n[\/vc_column_text][vc_row_inner content_placement=&#8221;top&#8221; css=&#8221;.vc_custom_1616016825931{margin-top: -20px !important;margin-bottom: -30px !important;}&#8221;][vc_column_inner width=&#8221;1\/6&#8243;][vc_single_image image=&#8221;7051&#8243; img_size=&#8221;medium&#8221;][\/vc_column_inner][vc_column_inner width=&#8221;1\/6&#8243;][vc_single_image image=&#8221;7053&#8243; img_size=&#8221;medium&#8221;][\/vc_column_inner][vc_column_inner width=&#8221;1\/6&#8243;][vc_single_image image=&#8221;7049&#8243; img_size=&#8221;medium&#8221;][\/vc_column_inner][vc_column_inner width=&#8221;1\/6&#8243;][vc_single_image image=&#8221;7054&#8243; img_size=&#8221;medium&#8221;][\/vc_column_inner][vc_column_inner width=&#8221;1\/6&#8243;][\/vc_column_inner][vc_column_inner width=&#8221;1\/6&#8243;][\/vc_column_inner][\/vc_row_inner][vc_row_inner][vc_column_inner width=&#8221;1\/6&#8243;][vc_single_image image=&#8221;7048&#8243; img_size=&#8221;medium&#8221;][\/vc_column_inner][vc_column_inner width=&#8221;1\/6&#8243;][vc_single_image image=&#8221;7055&#8243; img_size=&#8221;medium&#8221;][\/vc_column_inner][vc_column_inner width=&#8221;1\/6&#8243;][vc_single_image image=&#8221;7050&#8243; img_size=&#8221;medium&#8221;][\/vc_column_inner][vc_column_inner width=&#8221;1\/6&#8243;][\/vc_column_inner][vc_column_inner width=&#8221;1\/6&#8243;][\/vc_column_inner][vc_column_inner width=&#8221;1\/6&#8243;][\/vc_column_inner][\/vc_row_inner][\/vc_column][\/vc_row][vc_row][vc_column][\/vc_column][\/vc_row]\n<\/div>","protected":false},"excerpt":{"rendered":"<p>[vc_row css=&#8221;.vc_custom_1594314647893{margin-top: -50px !important;}&#8221;][vc_column][\/vc_column][\/vc_row][vc_row][vc_column][vc_empty_space height=&#8221;50px&#8221;][vc_custom_heading text=&#8221;T\u00e9l\u00e9sant\u00e9 GoHome&#8221; font_container=&#8221;tag:h2|font_size:32|text_align:center|color:%23000000&#8243; google_fonts=&#8221;font_family:Roboto%3A100%2C100italic%2C300%2C300italic%2Cregular%2Citalic%2C500%2C500italic%2C700%2C700italic%2C900%2C900italic|font_style:500%20bold%20regular%3A500%3Anormal&#8221;][vc_column_text] GoHomeTM &#8211; Un centre de communication de t\u00e9l\u00e9sant\u00e9 pour la surveillance, [&hellip;]<\/p>\n","protected":false},"author":2,"featured_media":0,"parent":0,"menu_order":0,"comment_status":"closed","ping_status":"closed","template":"","meta":{"om_disable_all_campaigns":false,"_monsterinsights_skip_tracking":false,"_monsterinsights_sitenote_active":false,"_monsterinsights_sitenote_note":"","_monsterinsights_sitenote_category":0,"footnotes":""},"class_list":["post-11346","page","type-page","status-publish","hentry"],"jetpack_sharing_enabled":true,"_links":{"self":[{"href":"https:\/\/novusmedical.ca\/fr\/wp-json\/wp\/v2\/pages\/11346","targetHints":{"allow":["GET"]}}],"collection":[{"href":"https:\/\/novusmedical.ca\/fr\/wp-json\/wp\/v2\/pages"}],"about":[{"href":"https:\/\/novusmedical.ca\/fr\/wp-json\/wp\/v2\/types\/page"}],"author":[{"embeddable":true,"href":"https:\/\/novusmedical.ca\/fr\/wp-json\/wp\/v2\/users\/2"}],"replies":[{"embeddable":true,"href":"https:\/\/novusmedical.ca\/fr\/wp-json\/wp\/v2\/comments?post=11346"}],"version-history":[{"count":4,"href":"https:\/\/novusmedical.ca\/fr\/wp-json\/wp\/v2\/pages\/11346\/revisions"}],"predecessor-version":[{"id":11567,"href":"https:\/\/novusmedical.ca\/fr\/wp-json\/wp\/v2\/pages\/11346\/revisions\/11567"}],"wp:attachment":[{"href":"https:\/\/novusmedical.ca\/fr\/wp-json\/wp\/v2\/media?parent=11346"}],"curies":[{"name":"wp","href":"https:\/\/api.w.org\/{rel}","templated":true}]}}