{"id":11318,"date":"2020-07-15T19:19:00","date_gmt":"2020-07-15T19:19:00","guid":{"rendered":"https:\/\/novusmedical.ca\/masques-nrb\/"},"modified":"2024-07-22T19:51:26","modified_gmt":"2024-07-22T19:51:26","slug":"masques-nrb","status":"publish","type":"page","link":"https:\/\/novusmedical.ca\/fr\/masques-nrb\/","title":{"rendered":"Masques NRB"},"content":{"rendered":"<div class=\"wpb-content-wrapper\">[vc_row css=&#8221;.vc_custom_1594314647893{margin-top: -50px !important;}&#8221;][vc_column]\n\t\t\t<!-- START 12th Man Technologies REVOLUTION SLIDER 6.6.9 --><p class=\"rs-p-wp-fix\"><\/p>\n\t\t\t<rs-module-wrap id=\"rev_slider_12_1_wrapper\" data-source=\"gallery\" style=\"visibility:hidden;background:transparent;padding:0;margin:0px auto;margin-top:0;margin-bottom:0;\">\n\t\t\t\t<rs-module id=\"rev_slider_12_1\" style=\"\" data-version=\"6.6.9\">\n\t\t\t\t\t<rs-slides style=\"overflow: hidden; position: absolute;\">\n\t\t\t\t\t\t<rs-slide style=\"position: absolute;\" data-key=\"rs-16\" data-title=\"Cardio Pulmonary Product Pages\" data-anim=\"ms:1000;r:0;\" data-in=\"o:0;\" data-out=\"a:false;\">\n\t\t\t\t\t\t\t<img data-recalc-dims=\"1\" decoding=\"async\" src=\"https:\/\/i0.wp.com\/novusmedical.ca\/wp-content\/plugins\/revslider\/public\/assets\/assets\/dummy.png?resize=1673%2C1115\" alt=\"\" title=\"200492737-001\" width=\"1673\" height=\"1115\" class=\"rev-slidebg tp-rs-img rs-lazyload\" data-lazyload=\"\/\/novusmedical.ca\/wp-content\/uploads\/2020\/08\/Hi-OxAerosolTreatment.jpg\" data-no-retina>\n<!--\n\t\t\t\t\t\t\t--><rs-layer\n\t\t\t\t\t\t\t\tid=\"slider-12-slide-16-layer-1\" \n\t\t\t\t\t\t\t\tdata-type=\"shape\"\n\t\t\t\t\t\t\t\tdata-rsp_ch=\"on\"\n\t\t\t\t\t\t\t\tdata-xy=\"x:c;y:c;\"\n\t\t\t\t\t\t\t\tdata-text=\"w:normal;\"\n\t\t\t\t\t\t\t\tdata-dim=\"w:2500px;h:100%;\"\n\t\t\t\t\t\t\t\tdata-frame_999=\"o:0;st:w;\"\n\t\t\t\t\t\t\t\tstyle=\"z-index:8;background-color:rgba(12,12,12,0.28);\"\n\t\t\t\t\t\t\t> \n\t\t\t\t\t\t\t<\/rs-layer><!--\n\n\t\t\t\t\t\t\t--><rs-layer\n\t\t\t\t\t\t\t\tid=\"slider-12-slide-16-layer-2\" \n\t\t\t\t\t\t\t\tdata-type=\"image\"\n\t\t\t\t\t\t\t\tdata-rsp_ch=\"on\"\n\t\t\t\t\t\t\t\tdata-xy=\"x:c;y:c;\"\n\t\t\t\t\t\t\t\tdata-text=\"w:normal;\"\n\t\t\t\t\t\t\t\tdata-dim=\"w:437px;h:172px;\"\n\t\t\t\t\t\t\t\tdata-frame_999=\"o:0;st:w;\"\n\t\t\t\t\t\t\t\tstyle=\"z-index:9;\"\n\t\t\t\t\t\t\t><img data-recalc-dims=\"1\" decoding=\"async\" src=\"https:\/\/i0.wp.com\/novusmedical.ca\/wp-content\/plugins\/revslider\/public\/assets\/assets\/dummy.png?resize=437%2C172\" alt=\"\" class=\"tp-rs-img rs-lazyload\" width=\"437\" height=\"172\" data-lazyload=\"\/\/novusmedical.ca\/wp-content\/uploads\/2020\/08\/12logo_500w.png\" data-no-retina> \n\t\t\t\t\t\t\t<\/rs-layer><!--\n-->\t\t\t\t\t\t<\/rs-slide>\n\t\t\t\t\t<\/rs-slides>\n\t\t\t\t<\/rs-module>\n\t\t\t\t<script>\n\t\t\t\t\tsetREVStartSize({c: 'rev_slider_12_1',rl:[1240,1024,778,480],el:[450],gw:[1240],gh:[450],type:'standard',justify:'',layout:'fullwidth',mh:\"0\"});if (window.RS_MODULES!==undefined && window.RS_MODULES.modules!==undefined && window.RS_MODULES.modules[\"revslider121\"]!==undefined) {window.RS_MODULES.modules[\"revslider121\"].once = false;window.revapi12 = undefined;if (window.RS_MODULES.checkMinimal!==undefined) window.RS_MODULES.checkMinimal()}\n\t\t\t\t<\/script>\n\t\t\t<\/rs-module-wrap>\n\t\t\t<!-- END REVOLUTION SLIDER -->\n[\/vc_column][\/vc_row][vc_row][vc_column width=&#8221;1\/6&#8243;][\/vc_column][vc_column width=&#8221;2\/3&#8243;][vc_empty_space height=&#8221;50px&#8221;][vc_custom_heading text=&#8221;Masque \u00e0 haute teneur en oxyg\u00e8ne Hi-Ox&#x2122;&#8221; font_container=&#8221;tag:h2|font_size:32|text_align:center|color:%23000000&#8243; google_fonts=&#8221;font_family:Roboto%3A100%2C100italic%2C300%2C300italic%2Cregular%2Citalic%2C500%2C500italic%2C700%2C700italic%2C900%2C900italic|font_style:500%20bold%20regular%3A500%3Anormal&#8221;][vc_column_text]\n<p style=\"text-align: left;\">Le masque Hi-Ox est une solution \u00e9prouv\u00e9e qui d\u00e9livre des FiO2 plus \u00e9lev\u00e9es que n&#8217;importe quel autre masque, quel que soit le d\u00e9bit. Le Hi-Ox peut d\u00e9livrer plus de 80% d&#8217;oxyg\u00e8ne au niveau alv\u00e9olaire \u00e0 8lpm et nous pouvons le prouver. La conception et les performances du Hi-Ox simplifient l&#8217;administration d&#8217;oxyg\u00e8ne \u00e0 90 % sur le site &gt;\u00e0 des patients souffrant d&#8217;hypoxie s\u00e9v\u00e8re. Le transport de patients n\u00e9cessitant des d\u00e9bits tr\u00e8s \u00e9lev\u00e9s est toujours un probl\u00e8me lorsque les r\u00e9gulateurs \u00e0 cylindre en E typiques ne vont que jusqu&#8217;\u00e0 10 -15 LPM. Le Hi-Ox r\u00e9sout ce probl\u00e8me en d\u00e9livrant une FiO2 plus \u00e9lev\u00e9e avec un d\u00e9bit plus faible que les autres masques \u00e0 oxyg\u00e8ne. Le HiOx est id\u00e9al pour les services d&#8217;urgence, les services de transfert et les transports internes \u00e0 l&#8217;h\u00f4pital. La solution Hi-Ox permet aux patients n\u00e9cessitant de l&#8217;oxyg\u00e8ne \u00e0 haut d\u00e9bit d&#8217;\u00eatre renvoy\u00e9s plus rapidement \u00e0 leur domicile ou dans des centres de soins palliatifs, ce qui leur permet d&#8217;\u00eatre trait\u00e9s \u00e0 l&#8217;aide de concentrateurs d&#8217;oxyg\u00e8ne. Le Hi-Ox peut \u00e9galement \u00eatre utilis\u00e9 pour filtrer les gaz expir\u00e9s par le patient \u00e0 l&#8217;aide d&#8217;un filtre HEPA optionnel et pour administrer des m\u00e9dicaments en a\u00e9rosol \u00e0 l&#8217;aide du port de n\u00e9bulisation optionnel. Le Hi-Ox est donc id\u00e9al pour les patients FRI suspects qui ont besoin d&#8217;un suppl\u00e9ment d&#8217;oxyg\u00e8ne.<\/p>\n[\/vc_column_text][\/vc_column][vc_column width=&#8221;1\/6&#8243;][\/vc_column][\/vc_row][vc_row full_width=&#8221;stretch_row&#8221; gap=&#8221;35&#8243; content_placement=&#8221;top&#8221; css=&#8221;.vc_custom_1721163187356{padding-top: 50px !important;background-color: #eaeaea !important;}&#8221;][vc_column width=&#8221;1\/2&#8243; css=&#8221;.vc_custom_1594316805032{margin-right: 0px !important;}&#8221;][vc_single_image image=&#8221;5806&#8243; img_size=&#8221;large&#8221; alignment=&#8221;center&#8221;][\/vc_column][vc_column width=&#8221;1\/2&#8243;][vc_empty_space height=&#8221;20px&#8221;][vc_custom_heading text=&#8221;B\u00c9N\u00c9FICES&#8221; font_container=&#8221;tag:h2|font_size:32|text_align:left|color:%23000000&#8243; google_fonts=&#8221;font_family:Roboto%3A100%2C100italic%2C300%2C300italic%2Cregular%2Citalic%2C500%2C500italic%2C700%2C700italic%2C900%2C900italic|font_style:500%20bold%20regular%3A500%3Anormal&#8221; css=&#8221;.vc_custom_1594316096876{margin-top: -20px !important;}&#8221;][vc_column_text]\n<ul>\n<li>FiO2 &#8211; Capable de d\u00e9livrer des FiO2 plus \u00e9lev\u00e9es qu&#8217;un masque ordinaire sans masque respiratoire et de d\u00e9livrer simultan\u00e9ment des a\u00e9rosols.<\/li>\n<li>\u00c9conomique &#8211; Offre les avantages th\u00e9rapeutiques de l&#8217;Heliox tout en r\u00e9duisant les co\u00fbts ; des d\u00e9bits plus faibles permettent de r\u00e9duire l&#8217;utilisation de gaz.<\/li>\n<li>Th\u00e9rapeutique &#8211; Des d\u00e9bits plus faibles permettent au patient de l&#8217;hospice de rentrer chez lui plus t\u00f4t avec la m\u00eame concentration \u00e9lev\u00e9e qu&#8217;\u00e0 l&#8217;h\u00f4pital.<\/li>\n<li>Transport &#8211; R\u00e9duisez le risque d&#8217;hypoxie pendant le transport en tirant le meilleur parti des bouteilles standard &#8211; d\u00e9livrez des concentrations \u00e9lev\u00e9es \u00e0 un faible nombre de litres par minute.<\/li>\n<li>La solution optimale de livraison d&#8217;Heliox. Le m\u00e9lange H\u00e9liox 80\/20 peut \u00eatre administr\u00e9 \u00e0 8 lpm pour d\u00e9livrer le niveau le plus \u00e9lev\u00e9 de m\u00e9lange H\u00e9liox au patient afin d&#8217;obtenir l&#8217;effet maximal de l&#8217;administration d&#8217;H\u00e9liox.<\/li>\n<\/ul>\n[\/vc_column_text][vc_btn title=&#8221;EN SAVOIR PLUS&#8221; style=&#8221;outline-custom&#8221; outline_custom_color=&#8221;#000000&#8243; outline_custom_hover_background=&#8221;#93d500&#8243; outline_custom_hover_text=&#8221;#ffffff&#8221; shape=&#8221;square&#8221; align=&#8221;left&#8221; i_icon_fontawesome=&#8221;fas fa-book-medical&#8221; add_icon=&#8221;true&#8221; link=&#8221;url:http%3A%2F%2Fnovusmedical.jzx.oms.mybluehost.me%2Fwp-content%2Fuploads%2F2020%2F09%2FHiOx-Filtered-NRB-Mask-.pdf|target:_blank|&#8221;][vc_btn title=&#8221;DEMANDER UN DEVIS&#8221; style=&#8221;outline-custom&#8221; outline_custom_color=&#8221;#000000&#8243; outline_custom_hover_background=&#8221;#93d500&#8243; outline_custom_hover_text=&#8221;#ffffff&#8221; shape=&#8221;square&#8221; align=&#8221;left&#8221; i_icon_fontawesome=&#8221;fas fa-dollar-sign&#8221; add_icon=&#8221;true&#8221; link=&#8221;url:https%3A%2F%2Fnovusmedical.ca%2Ffr%2Fcontact-novus%2F|title:Contacter%20Novus&#8221;][vc_empty_space][\/vc_column][\/vc_row]\n<\/div>","protected":false},"excerpt":{"rendered":"<p>[vc_row css=&#8221;.vc_custom_1594314647893{margin-top: -50px !important;}&#8221;][vc_column][\/vc_column][\/vc_row][vc_row][vc_column width=&#8221;1\/6&#8243;][\/vc_column][vc_column width=&#8221;2\/3&#8243;][vc_empty_space height=&#8221;50px&#8221;][vc_custom_heading text=&#8221;Masque \u00e0 haute teneur en oxyg\u00e8ne Hi-Ox&#x2122;&#8221; font_container=&#8221;tag:h2|font_size:32|text_align:center|color:%23000000&#8243; google_fonts=&#8221;font_family:Roboto%3A100%2C100italic%2C300%2C300italic%2Cregular%2Citalic%2C500%2C500italic%2C700%2C700italic%2C900%2C900italic|font_style:500%20bold%20regular%3A500%3Anormal&#8221;][vc_column_text] Le masque Hi-Ox est [&hellip;]<\/p>\n","protected":false},"author":1,"featured_media":0,"parent":0,"menu_order":0,"comment_status":"closed","ping_status":"closed","template":"","meta":{"om_disable_all_campaigns":false,"_monsterinsights_skip_tracking":false,"_monsterinsights_sitenote_active":false,"_monsterinsights_sitenote_note":"","_monsterinsights_sitenote_category":0,"footnotes":""},"class_list":["post-11318","page","type-page","status-publish","hentry"],"jetpack_sharing_enabled":true,"_links":{"self":[{"href":"https:\/\/novusmedical.ca\/fr\/wp-json\/wp\/v2\/pages\/11318","targetHints":{"allow":["GET"]}}],"collection":[{"href":"https:\/\/novusmedical.ca\/fr\/wp-json\/wp\/v2\/pages"}],"about":[{"href":"https:\/\/novusmedical.ca\/fr\/wp-json\/wp\/v2\/types\/page"}],"author":[{"embeddable":true,"href":"https:\/\/novusmedical.ca\/fr\/wp-json\/wp\/v2\/users\/1"}],"replies":[{"embeddable":true,"href":"https:\/\/novusmedical.ca\/fr\/wp-json\/wp\/v2\/comments?post=11318"}],"version-history":[{"count":4,"href":"https:\/\/novusmedical.ca\/fr\/wp-json\/wp\/v2\/pages\/11318\/revisions"}],"predecessor-version":[{"id":11563,"href":"https:\/\/novusmedical.ca\/fr\/wp-json\/wp\/v2\/pages\/11318\/revisions\/11563"}],"wp:attachment":[{"href":"https:\/\/novusmedical.ca\/fr\/wp-json\/wp\/v2\/media?parent=11318"}],"curies":[{"name":"wp","href":"https:\/\/api.w.org\/{rel}","templated":true}]}}