{"id":10977,"date":"2022-12-30T18:30:25","date_gmt":"2022-12-30T18:30:25","guid":{"rendered":"https:\/\/novusmedical.ca\/cadwell\/easylll\/"},"modified":"2024-07-22T19:32:47","modified_gmt":"2024-07-22T19:32:47","slug":"easylll","status":"publish","type":"page","link":"https:\/\/novusmedical.ca\/fr\/cadwell\/easylll\/","title":{"rendered":"Easylll"},"content":{"rendered":"<div class=\"wpb-content-wrapper\">[vc_row css=&#8221;.vc_custom_1594314647893{margin-top: -50px !important;}&#8221;][vc_column]\n\t\t\t<!-- START Easylll REVOLUTION SLIDER 6.6.9 --><p class=\"rs-p-wp-fix\"><\/p>\n\t\t\t<rs-module-wrap id=\"rev_slider_71_1_wrapper\" data-source=\"gallery\" style=\"visibility:hidden;background:transparent;padding:0;margin:0px auto;margin-top:0;margin-bottom:0;\">\n\t\t\t\t<rs-module id=\"rev_slider_71_1\" style=\"\" data-version=\"6.6.9\">\n\t\t\t\t\t<rs-slides style=\"overflow: hidden; position: absolute;\">\n\t\t\t\t\t\t<rs-slide style=\"position: absolute;\" data-key=\"rs-96\" data-anim=\"adpr:false;ms:10;\" data-in=\"o:1;\" data-out=\"a:false;\">\n\t\t\t\t\t\t\t<img data-recalc-dims=\"1\" decoding=\"async\" src=\"https:\/\/i0.wp.com\/novusmedical.ca\/wp-content\/plugins\/revslider\/public\/assets\/assets\/dummy.png?resize=1500%2C1043\" alt=\"\" title=\"EasyIIIimage\" width=\"1500\" height=\"1043\" class=\"rev-slidebg tp-rs-img rs-lazyload\" data-lazyload=\"\/\/novusmedical.ca\/wp-content\/uploads\/2022\/12\/EasyIIIimage.png\" data-no-retina>\n<!--\n\t\t\t\t\t\t\t--><rs-layer\n\t\t\t\t\t\t\t\tid=\"slider-71-slide-96-layer-0\" \n\t\t\t\t\t\t\t\tdata-type=\"image\"\n\t\t\t\t\t\t\t\tdata-rsp_ch=\"on\"\n\t\t\t\t\t\t\t\tdata-xy=\"x:c;xo:476px;y:c;yo:164px;\"\n\t\t\t\t\t\t\t\tdata-text=\"w:normal;\"\n\t\t\t\t\t\t\t\tdata-dim=\"w:257px;h:56px;\"\n\t\t\t\t\t\t\t\tdata-frame_999=\"o:0;st:w;\"\n\t\t\t\t\t\t\t\tstyle=\"z-index:9;\"\n\t\t\t\t\t\t\t><img data-recalc-dims=\"1\" decoding=\"async\" src=\"https:\/\/i0.wp.com\/novusmedical.ca\/wp-content\/plugins\/revslider\/public\/assets\/assets\/dummy.png?resize=2000%2C436\" alt=\"\" class=\"tp-rs-img rs-lazyload\" width=\"2000\" height=\"436\" data-lazyload=\"\/\/novusmedical.ca\/wp-content\/uploads\/2022\/12\/HYHO-Blue.png\" data-no-retina> \n\t\t\t\t\t\t\t<\/rs-layer><!--\n\n\t\t\t\t\t\t\t--><rs-layer\n\t\t\t\t\t\t\t\tid=\"slider-71-slide-96-layer-1\" \n\t\t\t\t\t\t\t\tdata-type=\"image\"\n\t\t\t\t\t\t\t\tdata-rsp_ch=\"on\"\n\t\t\t\t\t\t\t\tdata-xy=\"x:c;y:c;\"\n\t\t\t\t\t\t\t\tdata-text=\"w:normal;\"\n\t\t\t\t\t\t\t\tdata-dim=\"w:709px;h:177px;\"\n\t\t\t\t\t\t\t\tdata-frame_999=\"o:0;st:w;\"\n\t\t\t\t\t\t\t\tstyle=\"z-index:10;\"\n\t\t\t\t\t\t\t><img data-recalc-dims=\"1\" decoding=\"async\" src=\"https:\/\/i0.wp.com\/novusmedical.ca\/wp-content\/plugins\/revslider\/public\/assets\/assets\/dummy.png?resize=800%2C200\" alt=\"\" class=\"tp-rs-img rs-lazyload\" width=\"800\" height=\"200\" data-lazyload=\"\/\/novusmedical.ca\/wp-content\/uploads\/2022\/12\/easylogo.png\" data-no-retina> \n\t\t\t\t\t\t\t<\/rs-layer><!--\n\n\t\t\t\t\t\t\t--><rs-layer\n\t\t\t\t\t\t\t\tid=\"slider-71-slide-96-layer-2\" \n\t\t\t\t\t\t\t\tdata-type=\"shape\"\n\t\t\t\t\t\t\t\tdata-rsp_ch=\"on\"\n\t\t\t\t\t\t\t\tdata-xy=\"x:c;y:c;\"\n\t\t\t\t\t\t\t\tdata-text=\"w:normal;\"\n\t\t\t\t\t\t\t\tdata-dim=\"w:2000px;h:800px;\"\n\t\t\t\t\t\t\t\tdata-frame_999=\"o:0;st:w;\"\n\t\t\t\t\t\t\t\tstyle=\"z-index:8;background-color:rgba(255,255,255,0.79);\"\n\t\t\t\t\t\t\t> \n\t\t\t\t\t\t\t<\/rs-layer><!--\n-->\t\t\t\t\t\t<\/rs-slide>\n\t\t\t\t\t<\/rs-slides>\n\t\t\t\t<\/rs-module>\n\t\t\t\t<script>\n\t\t\t\t\tsetREVStartSize({c: 'rev_slider_71_1',rl:[1240,1024,778,480],el:[450],gw:[1240],gh:[450],type:'standard',justify:'',layout:'fullwidth',mh:\"0\"});if (window.RS_MODULES!==undefined && window.RS_MODULES.modules!==undefined && window.RS_MODULES.modules[\"revslider711\"]!==undefined) {window.RS_MODULES.modules[\"revslider711\"].once = false;window.revapi71 = undefined;if (window.RS_MODULES.checkMinimal!==undefined) window.RS_MODULES.checkMinimal()}\n\t\t\t\t<\/script>\n\t\t\t<\/rs-module-wrap>\n\t\t\t<!-- END REVOLUTION SLIDER -->\n[\/vc_column][\/vc_row][vc_row][vc_column][vc_empty_space][vc_empty_space height=&#8221;50px&#8221;][vc_custom_heading text=&#8221;Enregistrez plus de 54 canaux avec des signaux cristallins pour une \u00e9tude du PSG du jour au lendemain&#8221; font_container=&#8221;tag:h2|font_size:42|text_align:center|color:%23000f9f|line_height:1.25&#8243; google_fonts=&#8221;font_family:Roboto%3A100%2C100italic%2C300%2C300italic%2Cregular%2Citalic%2C500%2C500italic%2C700%2C700italic%2C900%2C900italic|font_style:700%20bold%20regular%3A700%3Anormal&#8221;][vc_separator border_width=&#8221;2&#8243;][\/vc_column][\/vc_row][vc_row gap=&#8221;20&#8243;][vc_column width=&#8221;1\/2&#8243;][vc_single_image image=&#8221;8736&#8243; img_size=&#8221;medium&#8221;][vc_column_text css=&#8221;.vc_custom_1672426947900{margin-bottom: 15px !important;}&#8221;]Enregistrez des signaux cristallins, prot\u00e9gez votre \u00e9quipement, assurez l\u2019int\u00e9grit\u00e9 de l\u2019enregistrement et offrez un confort au patient pendant les \u00e9tudes de sommeil en laboratoire avec l\u2019amplificateur Easy III et le bo\u00eetier d\u2019entr\u00e9e \u00e0 distance.[\/vc_column_text][vc_row_inner][vc_column_inner width=&#8221;1\/3&#8243;][vc_btn title=&#8221;Brochure&#8221; style=&#8221;outline-custom&#8221; outline_custom_color=&#8221;#000000&#8243; outline_custom_hover_background=&#8221;#93d500&#8243; outline_custom_hover_text=&#8221;#ffffff&#8221; shape=&#8221;square&#8221; align=&#8221;left&#8221; i_icon_fontawesome=&#8221;fas fa-file-medical&#8221; add_icon=&#8221;true&#8221; link=&#8221;url:https%3A%2F%2Fnovusmedical.ca%2Fwp-content%2Fuploads%2F2022%2F12%2FEasy-3-Top-Reasons-Flyer-Physicians-Rev-2.pdf|target:_blank|&#8221;][\/vc_column_inner][vc_column_inner width=&#8221;1\/3&#8243;][vc_btn title=&#8221;Demande de d\u00e9monstration&#8221; style=&#8221;outline-custom&#8221; outline_custom_color=&#8221;#000000&#8243; outline_custom_hover_background=&#8221;#93d500&#8243; outline_custom_hover_text=&#8221;#ffffff&#8221; shape=&#8221;square&#8221; align=&#8221;left&#8221; i_icon_fontawesome=&#8221;fas fa-angle-right&#8221; add_icon=&#8221;true&#8221; link=&#8221;url:https%3A%2F%2Fnovusmedical.ca%2Ffr%2Fcontact-novus%2F|title:Contacter%20Novus&#8221;][\/vc_column_inner][vc_column_inner width=&#8221;1\/3&#8243;][vc_btn title=&#8221;Obtenir un devis&#8221; style=&#8221;outline-custom&#8221; outline_custom_color=&#8221;#000000&#8243; outline_custom_hover_background=&#8221;#93d500&#8243; outline_custom_hover_text=&#8221;#ffffff&#8221; shape=&#8221;square&#8221; align=&#8221;left&#8221; i_icon_fontawesome=&#8221;fas fa-dollar-sign&#8221; add_icon=&#8221;true&#8221; link=&#8221;url:https%3A%2F%2Fnovusmedical.ca%2Ffr%2Fcontact-novus%2F|title:Contacter%20Novus&#8221;][\/vc_column_inner][\/vc_row_inner][vc_empty_space height=&#8221;10px&#8221;][vc_empty_space height=&#8221;10px&#8221;][vc_custom_heading text=&#8221;Amplificateur Easy III PSG 32 canaux et bo\u00eetier d\u2019entr\u00e9e \u00e0 distance&#8221; font_container=&#8221;tag:h2|font_size:21|text_align:left|color:%23000f9f|line_height:1.25&#8243; google_fonts=&#8221;font_family:Roboto%3A100%2C100italic%2C300%2C300italic%2Cregular%2Citalic%2C500%2C500italic%2C700%2C700italic%2C900%2C900italic|font_style:500%20bold%20regular%3A500%3Anormal&#8221;][vc_column_text css=&#8221;.vc_custom_1721157524589{margin-bottom: 15px !important;}&#8221;]L\u2019amplificateur PSG de haute qualit\u00e9 Easy III \u00e0 32 canaux de Cadwell avec canaux CC int\u00e9gr\u00e9s demeure install\u00e9 en toute s\u00e9curit\u00e9 sur le mur ou la table de chevet. Easy III fournit un taux d\u2019\u00e9chantillonnage de 4 kHz et des contr\u00f4les d\u2019imp\u00e9dance au chevet du patient. Une bo\u00eete d\u2019entr\u00e9e \u00e0 distance \u00e0 code de couleur simplifie la connexion des \u00e9lectrodes et des capteurs.[\/vc_column_text][vc_empty_space height=&#8221;10px&#8221;][vc_row_inner css=&#8221;.vc_custom_1672428135896{background-color: #000f9f !important;border-radius: 30px !important;}&#8221;][vc_column_inner][vc_custom_heading text=&#8221;Le saviez-vous ?&#8221; font_container=&#8221;tag:h2|font_size:16|text_align:left|color:%23ffffff|line_height:1.25&#8243; google_fonts=&#8221;font_family:Roboto%3A100%2C100italic%2C300%2C300italic%2Cregular%2Citalic%2C500%2C500italic%2C700%2C700italic%2C900%2C900italic|font_style:700%20bold%20italic%3A700%3Aitalic&#8221; css=&#8221;.vc_custom_1672428152570{margin-top: -20px !important;padding-right: 10px !important;padding-left: 10px !important;}&#8221;][vc_custom_heading text=&#8221;Vous pouvez utiliser les 8 canaux CC d&#8217;Easy III pour communiquer avec une grande vari\u00e9t\u00e9 d&#8217;\u00e9quipements auxiliaires. Utilisez les appareils de titrage en laboratoire de n&#8217;importe quel fabricant, votre appareil de CO2 pr\u00e9f\u00e9r\u00e9, ou ajoutez m\u00eame un suivi nocturne du pH.&#8221; font_container=&#8221;tag:h2|font_size:14|text_align:left|color:%23ffffff|line_height:1.25&#8243; google_fonts=&#8221;font_family:Roboto%3A100%2C100italic%2C300%2C300italic%2Cregular%2Citalic%2C500%2C500italic%2C700%2C700italic%2C900%2C900italic|font_style:400%20regular%3A400%3Anormal&#8221; css=&#8221;.vc_custom_1672427471766{padding-top: 0px !important;padding-right: 10px !important;padding-bottom: 20px !important;padding-left: 10px !important;}&#8221;][\/vc_column_inner][\/vc_row_inner][\/vc_column][vc_column width=&#8221;1\/2&#8243;][vc_single_image image=&#8221;8740&#8243; img_size=&#8221;full&#8221; alignment=&#8221;center&#8221; onclick=&#8221;link_image&#8221;][vc_empty_space height=&#8221;50px&#8221;][\/vc_column][\/vc_row][vc_row gap=&#8221;35&#8243;][vc_column][vc_empty_space height=&#8221;40px&#8221;][\/vc_column][\/vc_row][vc_row gap=&#8221;35&#8243;][vc_column width=&#8221;1\/2&#8243;][vc_single_image image=&#8221;8751&#8243; img_size=&#8221;medium&#8221; alignment=&#8221;center&#8221; onclick=&#8221;link_image&#8221;][\/vc_column][vc_column width=&#8221;1\/2&#8243;][vc_empty_space height=&#8221;55px&#8221;][vc_custom_heading text=&#8221;Modules patients Cadwell EasyNet&#8221; font_container=&#8221;tag:h2|font_size:28|text_align:left|color:%23000f9f|line_height:1.25&#8243; google_fonts=&#8221;font_family:Roboto%3A100%2C100italic%2C300%2C300italic%2Cregular%2Citalic%2C500%2C500italic%2C700%2C700italic%2C900%2C900italic|font_style:500%20bold%20regular%3A500%3Anormal&#8221;][vc_column_text css=&#8221;.vc_custom_1672428282950{margin-bottom: 15px !important;}&#8221;]Placez vos signaux sur l\u2019amplificateur ou sur le patient avec jusqu\u2019\u00e0 12 modules patient EasyNet\u00ae pour la pression nasale, l\u2019oxym\u00e9trie, la position du corps ou l\u2019actigraphie des mouvements des membres. Le logiciel Easy III PSG peut \u00eatre install\u00e9 sur des ordinateurs fournis par Cadwell ou sur des ordinateurs g\u00e9r\u00e9s et entretenus par le service informatique de votre h\u00f4pital.[\/vc_column_text][vc_empty_space height=&#8221;35px&#8221;][\/vc_column][\/vc_row][vc_row gap=&#8221;35&#8243;][vc_column][vc_empty_space height=&#8221;40px&#8221;][\/vc_column][\/vc_row][vc_row full_width=&#8221;stretch_row&#8221; css=&#8221;.vc_custom_1672428623187{padding-top: 75px !important;padding-bottom: 75px !important;background-color: #efefef !important;}&#8221;][vc_column width=&#8221;1\/2&#8243;][vc_single_image image=&#8221;8421&#8243; img_size=&#8221;large&#8221;][vc_custom_heading text=&#8221;Initialiser, enregistrer, noter et r\u00e9viser le HSAT et le PSG avec le logiciel Easy III PSG sleep.&#8221; font_container=&#8221;tag:h2|font_size:21|text_align:left|color:%23000f9f|line_height:1.25&#8243; google_fonts=&#8221;font_family:Roboto%3A100%2C100italic%2C300%2C300italic%2Cregular%2Citalic%2C500%2C500italic%2C700%2C700italic%2C900%2C900italic|font_style:700%20bold%20regular%3A700%3Anormal&#8221;][vc_column_text css=&#8221;.vc_custom_1721157632413{margin-bottom: 15px !important;}&#8221;]\n<p style=\"text-align: left;\">Simplifiez vos tests de diagnostic du sommeil avec le PSG et le HSAT int\u00e9gr\u00e9s. Initialisez, enregistrez, stockez et r\u00e9visez l&#8217;HSAT et la PSG, en r\u00e9alisant tous vos diagnostics du sommeil \u00e0 l&#8217;aide du logiciel Easy III PSG et du flux de travail.<\/p>\n[\/vc_column_text][vc_empty_space height=&#8221;15px&#8221;][vc_btn title=&#8221;En savoir plus&#8221; style=&#8221;outline-custom&#8221; outline_custom_color=&#8221;#000000&#8243; outline_custom_hover_background=&#8221;#93d500&#8243; outline_custom_hover_text=&#8221;#ffffff&#8221; shape=&#8221;square&#8221; align=&#8221;left&#8221; i_icon_fontawesome=&#8221;fas fa-angle-right&#8221; add_icon=&#8221;true&#8221; link=&#8221;url:https%3A%2F%2Fnovusmedical.ca%2Fcadwell%2Feasylllsleepsoftware%2F|title:easylllsleepsoftware|&#8221;][\/vc_column][vc_column width=&#8221;1\/2&#8243;][vc_single_image image=&#8221;8753&#8243; img_size=&#8221;large&#8221; onclick=&#8221;link_image&#8221;][\/vc_column][\/vc_row][vc_row][vc_column][vc_empty_space height=&#8221;30px&#8221;][\/vc_column][\/vc_row][vc_row full_width=&#8221;stretch_row&#8221; gap=&#8221;35&#8243; content_placement=&#8221;top&#8221; css=&#8221;.vc_custom_1672417346151{margin-bottom: -15px !important;}&#8221; el_id=&#8221;aeramaxproiii&#8221;][vc_column width=&#8221;1\/2&#8243; css=&#8221;.vc_custom_1671736243207{margin-right: 0px !important;padding-right: 0px !important;}&#8221;][vc_empty_space height=&#8221;15px&#8221;][vc_single_image image=&#8221;8754&#8243; img_size=&#8221;large&#8221;][vc_custom_heading text=&#8221;Cadwell est le premier fournisseur de diagnostics du sommeil \u00e0 modifier son logiciel pour am\u00e9liorer l&#8217;int\u00e9gration avec la plateforme d&#8217;\u00e9valuation et d&#8217;analyse de l&#8217;intelligence artificielle d&#8217;EnsoData, EnsoSleep.&#8221; font_container=&#8221;tag:h2|font_size:21|text_align:left|color:%23000f9f|line_height:1.25&#8243; google_fonts=&#8221;font_family:Roboto%3A100%2C100italic%2C300%2C300italic%2Cregular%2Citalic%2C500%2C500italic%2C700%2C700italic%2C900%2C900italic|font_style:500%20bold%20regular%3A500%3Anormal&#8221;][vc_column_text]EnsoSleep fournit une notation et une analyse AI sur les donn\u00e9es Easy III PSG et ApneaTrak HSAT en quelques minutes, avec &gt;90% d&#8217;accord.<\/p>\n<p>EnsoSleep permet aux cliniciens du sommeil de gagner du temps et d&#8217;obtenir des scores coh\u00e9rents. Vous pouvez ainsi consacrer plus de temps \u00e0 l&#8217;\u00e9ducation et \u00e0 observation des patients et \u00e0 l&#8217;\u00e9tablissement de relations avec les m\u00e9decins traitants.[\/vc_column_text][vc_empty_space height=&#8221;15px&#8221;][\/vc_column][vc_column width=&#8221;1\/2&#8243;][vc_single_image image=&#8221;8755&#8243; img_size=&#8221;large&#8221; alignment=&#8221;center&#8221; onclick=&#8221;link_image&#8221;][\/vc_column][\/vc_row][vc_row][vc_column][vc_empty_space height=&#8221;75px&#8221;][\/vc_column][\/vc_row][vc_row full_width=&#8221;stretch_row&#8221; gap=&#8221;35&#8243; content_placement=&#8221;top&#8221; css=&#8221;.vc_custom_1672429670683{margin-bottom: -15px !important;padding-top: 50px !important;background-color: #efefef !important;}&#8221;][vc_column width=&#8221;1\/4&#8243; css=&#8221;.vc_custom_1671736243207{margin-right: 0px !important;padding-right: 0px !important;}&#8221;][vc_single_image image=&#8221;8757&#8243; img_size=&#8221;medium&#8221;][\/vc_column][vc_column width=&#8221;3\/4&#8243;][vc_empty_space height=&#8221;10px&#8221;][vc_single_image image=&#8221;8460&#8243; img_size=&#8221;medium&#8221;][vc_custom_heading text=&#8221;Guide des solutions de diagnostic du sommeil&#8221; font_container=&#8221;tag:h2|font_size:28|text_align:left|color:%23000f9f|line_height:.5&#8243; google_fonts=&#8221;font_family:Roboto%3A100%2C100italic%2C300%2C300italic%2Cregular%2Citalic%2C500%2C500italic%2C700%2C700italic%2C900%2C900italic|font_style:500%20bold%20regular%3A500%3Anormal&#8221;][vc_column_text]Le Guide des solutions de diagnostic du sommeil de Cadwell vous donne un aper\u00e7u complet du mat\u00e9riel, des logiciels, des chariots, des fournitures, des accessoires et des \u00e9lectrodes propos\u00e9s pour les syst\u00e8mes Easy III PSG et ApneaTrak HSAT.[\/vc_column_text][vc_btn title=&#8221;T\u00e9l\u00e9charger le guide de la solution&#8221; style=&#8221;outline-custom&#8221; outline_custom_color=&#8221;#000000&#8243; outline_custom_hover_background=&#8221;#93d500&#8243; outline_custom_hover_text=&#8221;#ffffff&#8221; shape=&#8221;square&#8221; align=&#8221;left&#8221; i_icon_fontawesome=&#8221;fas fa-book-medical&#8221; add_icon=&#8221;true&#8221; link=&#8221;url:https%3A%2F%2Fnovusmedical.ca%2Fwp-content%2Fuploads%2F2022%2F12%2Fcadwell-sleep-solution-guide.pdf|target:_blank|&#8221;][vc_empty_space height=&#8221;90px&#8221;][\/vc_column][\/vc_row][vc_row full_width=&#8221;stretch_row&#8221; content_placement=&#8221;middle&#8221; css=&#8221;.vc_custom_1685555667309{margin-top: -15px !important;margin-bottom: 0px !important;padding-top: 100px !important;padding-bottom: 50px !important;background-color: #233e95 !important;}&#8221;][vc_column][vc_custom_heading text=&#8221;EN SAVOIR PLUS QUI EST PROPOS\u00c9 PAR&#8221; font_container=&#8221;tag:h2|font_size:32|text_align:center|color:%23ffffff|line_height:1.25&#8243; google_fonts=&#8221;font_family:Roboto%3A100%2C100italic%2C300%2C300italic%2Cregular%2Citalic%2C500%2C500italic%2C700%2C700italic%2C900%2C900italic|font_style:700%20bold%20regular%3A700%3Anormal&#8221; css=&#8221;.vc_custom_1672174047954{margin-top: -20px !important;}&#8221;][vc_single_image image=&#8221;8347&#8243; img_size=&#8221;medium&#8221; alignment=&#8221;center&#8221; onclick=&#8221;custom_link&#8221; link=&#8221;https:\/\/novusmedical.ca\/fr\/cadwell\/&#8221;][\/vc_column][\/vc_row][vc_row full_width=&#8221;stretch_row&#8221; css=&#8221;.vc_custom_1685554718545{margin-bottom: -60px !important;border-bottom-width: 0px !important;padding-top: 75px !important;padding-bottom: 40px !important;background-image: url(https:\/\/novusmedical.ca\/wp-content\/uploads\/2023\/05\/NeuroBackgroundforweb.png?id=9163) !important;background-position: center !important;background-repeat: no-repeat !important;background-size: cover !important;}&#8221;][vc_column width=&#8221;1\/3&#8243;][vc_single_image image=&#8221;9147&#8243; img_size=&#8221;large&#8221; alignment=&#8221;center&#8221;][vc_empty_space height=&#8221;5px&#8221;][\/vc_column][vc_column width=&#8221;2\/3&#8243; css=&#8221;.vc_custom_1640295263973{margin-left: 35px !important;}&#8221;][vc_empty_space height=&#8221;25px&#8221;][vc_custom_heading text=&#8221;Consultez notre catalogue de produits de diagnostic neurologique !&#8221; font_container=&#8221;tag:h2|font_size:30|text_align:left|color:%2395c93d|line_height:1.25&#8243; google_fonts=&#8221;font_family:Roboto%3A100%2C100italic%2C300%2C300italic%2Cregular%2Citalic%2C500%2C500italic%2C700%2C700italic%2C900%2C900italic|font_style:900%20bold%20regular%3A900%3Anormal&#8221;][vc_custom_heading text=&#8221;Nous avons d\u00e9velopp\u00e9 notre syst\u00e8me d&#8217;information Novus Medical Inc. Le catalogue de diagnostic neurologique pr\u00e9sente et fournit tous nos produits neurologiques en un seul PDF t\u00e9l\u00e9chargeable.&#8221; font_container=&#8221;tag:h2|font_size:18|text_align:left|color:%23ffffff|line_height:1.5&#8243; google_fonts=&#8221;font_family:Roboto%3A100%2C100italic%2C300%2C300italic%2Cregular%2Citalic%2C500%2C500italic%2C700%2C700italic%2C900%2C900italic|font_style:400%20regular%3A400%3Anormal&#8221;][vc_empty_space height=&#8221;5px&#8221;][vc_row_inner][vc_column_inner width=&#8221;1\/4&#8243;][vc_btn title=&#8221;T\u00e9l\u00e9charger l&#8217;anglais&#8221; style=&#8221;outline-custom&#8221; outline_custom_color=&#8221;#ffffff&#8221; outline_custom_hover_background=&#8221;#93d500&#8243; outline_custom_hover_text=&#8221;#000000&#8243; shape=&#8221;square&#8221; align=&#8221;left&#8221; link=&#8221;url:https%3A%2F%2Fnovusmedical.ca%2Fwp-content%2Fuploads%2F2023%2F04%2FNM_ENG_NeuroCatalogue_0623.pdf|target:_blank|&#8221;][\/vc_column_inner][vc_column_inner width=&#8221;1\/4&#8243;][vc_btn title=&#8221;Voir l&#8217;anglais&#8221; style=&#8221;outline-custom&#8221; outline_custom_color=&#8221;#ffffff&#8221; outline_custom_hover_background=&#8221;#93d500&#8243; outline_custom_hover_text=&#8221;#000000&#8243; shape=&#8221;square&#8221; align=&#8221;left&#8221; i_icon_fontawesome=&#8221;fas fa-book-open&#8221; add_icon=&#8221;true&#8221; link=&#8221;url:https%3A%2F%2Fnovusmedical.ca%2Fhome%2Fneuro-diagnostics%2Fneurodiagnosticcatalogue%2F|title:PFTCatalogue|&#8221;][\/vc_column_inner][vc_column_inner width=&#8221;1\/4&#8243;][vc_btn title=&#8221;T\u00e9l\u00e9charger le fran\u00e7ais&#8221; style=&#8221;outline-custom&#8221; outline_custom_color=&#8221;#ffffff&#8221; outline_custom_hover_background=&#8221;#93d500&#8243; outline_custom_hover_text=&#8221;#000000&#8243; shape=&#8221;square&#8221; align=&#8221;left&#8221; link=&#8221;url:https%3A%2F%2Fnovusmedical.ca%2Fwp-content%2Fuploads%2F2023%2F06%2FNM_FR_NeuroCatalogue_0623.pdf|target:_blank|&#8221;][\/vc_column_inner][vc_column_inner width=&#8221;1\/4&#8243;][vc_btn title=&#8221;Voir le fran\u00e7ais&#8221; style=&#8221;outline-custom&#8221; outline_custom_color=&#8221;#ffffff&#8221; outline_custom_hover_background=&#8221;#93d500&#8243; outline_custom_hover_text=&#8221;#000000&#8243; shape=&#8221;square&#8221; align=&#8221;left&#8221; i_icon_fontawesome=&#8221;fas fa-book-open&#8221; add_icon=&#8221;true&#8221; link=&#8221;url:https%3A%2F%2Fnovusmedical.ca%2Fhome%2Fneuro-diagnostics%2Fneurocatfr%2F|title:PFTCatalogue|&#8221;][\/vc_column_inner][\/vc_row_inner][\/vc_column][\/vc_row]\n<\/div>","protected":false},"excerpt":{"rendered":"<p>[vc_row css=&#8221;.vc_custom_1594314647893{margin-top: -50px !important;}&#8221;][vc_column][\/vc_column][\/vc_row][vc_row][vc_column][vc_empty_space][vc_empty_space height=&#8221;50px&#8221;][vc_custom_heading text=&#8221;Enregistrez plus de 54 canaux avec des signaux cristallins pour une \u00e9tude du PSG du [&hellip;]<\/p>\n","protected":false},"author":2,"featured_media":0,"parent":10366,"menu_order":0,"comment_status":"closed","ping_status":"closed","template":"","meta":{"om_disable_all_campaigns":false,"_monsterinsights_skip_tracking":false,"_monsterinsights_sitenote_active":false,"_monsterinsights_sitenote_note":"","_monsterinsights_sitenote_category":0,"footnotes":""},"class_list":["post-10977","page","type-page","status-publish","hentry"],"jetpack_sharing_enabled":true,"_links":{"self":[{"href":"https:\/\/novusmedical.ca\/fr\/wp-json\/wp\/v2\/pages\/10977","targetHints":{"allow":["GET"]}}],"collection":[{"href":"https:\/\/novusmedical.ca\/fr\/wp-json\/wp\/v2\/pages"}],"about":[{"href":"https:\/\/novusmedical.ca\/fr\/wp-json\/wp\/v2\/types\/page"}],"author":[{"embeddable":true,"href":"https:\/\/novusmedical.ca\/fr\/wp-json\/wp\/v2\/users\/2"}],"replies":[{"embeddable":true,"href":"https:\/\/novusmedical.ca\/fr\/wp-json\/wp\/v2\/comments?post=10977"}],"version-history":[{"count":5,"href":"https:\/\/novusmedical.ca\/fr\/wp-json\/wp\/v2\/pages\/10977\/revisions"}],"predecessor-version":[{"id":11545,"href":"https:\/\/novusmedical.ca\/fr\/wp-json\/wp\/v2\/pages\/10977\/revisions\/11545"}],"up":[{"embeddable":true,"href":"https:\/\/novusmedical.ca\/fr\/wp-json\/wp\/v2\/pages\/10366"}],"wp:attachment":[{"href":"https:\/\/novusmedical.ca\/fr\/wp-json\/wp\/v2\/media?parent=10977"}],"curies":[{"name":"wp","href":"https:\/\/api.w.org\/{rel}","templated":true}]}}