{"id":10968,"date":"2022-12-30T16:57:09","date_gmt":"2022-12-30T16:57:09","guid":{"rendered":"https:\/\/novusmedical.ca\/cadwell\/csssoftware\/"},"modified":"2024-07-22T19:31:55","modified_gmt":"2024-07-22T19:31:55","slug":"csssoftware","status":"publish","type":"page","link":"https:\/\/novusmedical.ca\/fr\/cadwell\/csssoftware\/","title":{"rendered":"CSSSoftware"},"content":{"rendered":"<div class=\"wpb-content-wrapper\">[vc_row css=&#8221;.vc_custom_1594314647893{margin-top: -50px !important;}&#8221;][vc_column]\n\t\t\t<!-- START Cascade SS Software REVOLUTION SLIDER 6.6.9 --><p class=\"rs-p-wp-fix\"><\/p>\n\t\t\t<rs-module-wrap id=\"rev_slider_70_1_wrapper\" data-source=\"gallery\" style=\"visibility:hidden;background:transparent;padding:0;margin:0px auto;margin-top:0;margin-bottom:0;\">\n\t\t\t\t<rs-module id=\"rev_slider_70_1\" style=\"\" data-version=\"6.6.9\">\n\t\t\t\t\t<rs-slides style=\"overflow: hidden; position: absolute;\">\n\t\t\t\t\t\t<rs-slide style=\"position: absolute;\" data-key=\"rs-95\" data-title=\"OxyNov\" data-anim=\"adpr:false;ms:10;\" data-in=\"o:1;\" data-out=\"a:false;\">\n\t\t\t\t\t\t\t<img data-recalc-dims=\"1\" decoding=\"async\" src=\"https:\/\/i0.wp.com\/novusmedical.ca\/wp-content\/plugins\/revslider\/public\/assets\/assets\/dummy.png?resize=1678%2C640\" alt=\"OxyNov\" title=\"11062b_4b7c9a8e48334d5aad2fd274fddba3bc~mv2\" width=\"1678\" height=\"640\" class=\"rev-slidebg tp-rs-img rs-lazyload\" data-lazyload=\"\/\/novusmedical.ca\/wp-content\/plugins\/revslider\/public\/assets\/assets\/transparent.png\" data-bg=\"c:#f9f9f9;\" data-no-retina>\n<!--\n\t\t\t\t\t\t\t--><rs-layer\n\t\t\t\t\t\t\t\tid=\"slider-70-slide-95-layer-0\" \n\t\t\t\t\t\t\t\tdata-type=\"image\"\n\t\t\t\t\t\t\t\tdata-rsp_ch=\"on\"\n\t\t\t\t\t\t\t\tdata-xy=\"x:c;xo:476px;y:c;yo:164px;\"\n\t\t\t\t\t\t\t\tdata-text=\"w:normal;\"\n\t\t\t\t\t\t\t\tdata-dim=\"w:257px;h:56px;\"\n\t\t\t\t\t\t\t\tdata-frame_999=\"o:0;st:w;\"\n\t\t\t\t\t\t\t\tstyle=\"z-index:8;\"\n\t\t\t\t\t\t\t><img data-recalc-dims=\"1\" decoding=\"async\" src=\"https:\/\/i0.wp.com\/novusmedical.ca\/wp-content\/plugins\/revslider\/public\/assets\/assets\/dummy.png?resize=2000%2C436\" alt=\"\" class=\"tp-rs-img rs-lazyload\" width=\"2000\" height=\"436\" data-lazyload=\"\/\/novusmedical.ca\/wp-content\/uploads\/2022\/12\/HYHO-Blue.png\" data-no-retina> \n\t\t\t\t\t\t\t<\/rs-layer><!--\n\n\t\t\t\t\t\t\t--><rs-layer\n\t\t\t\t\t\t\t\tid=\"slider-70-slide-95-layer-1\" \n\t\t\t\t\t\t\t\tdata-type=\"image\"\n\t\t\t\t\t\t\t\tdata-rsp_ch=\"on\"\n\t\t\t\t\t\t\t\tdata-xy=\"x:c;y:c;\"\n\t\t\t\t\t\t\t\tdata-text=\"w:normal;\"\n\t\t\t\t\t\t\t\tdata-dim=\"w:709px;h:138px;\"\n\t\t\t\t\t\t\t\tdata-frame_999=\"o:0;st:w;\"\n\t\t\t\t\t\t\t\tstyle=\"z-index:9;\"\n\t\t\t\t\t\t\t><img data-recalc-dims=\"1\" decoding=\"async\" src=\"https:\/\/i0.wp.com\/novusmedical.ca\/wp-content\/plugins\/revslider\/public\/assets\/assets\/dummy.png?resize=1459%2C284\" alt=\"\" class=\"tp-rs-img rs-lazyload\" width=\"1459\" height=\"284\" data-lazyload=\"\/\/novusmedical.ca\/wp-content\/uploads\/2022\/12\/CSS-Logo.png\" data-no-retina> \n\t\t\t\t\t\t\t<\/rs-layer><!--\n-->\t\t\t\t\t\t<\/rs-slide>\n\t\t\t\t\t<\/rs-slides>\n\t\t\t\t<\/rs-module>\n\t\t\t\t<script>\n\t\t\t\t\tsetREVStartSize({c: 'rev_slider_70_1',rl:[1240,1024,778,480],el:[450],gw:[1240],gh:[450],type:'standard',justify:'',layout:'fullwidth',mh:\"0\"});if (window.RS_MODULES!==undefined && window.RS_MODULES.modules!==undefined && window.RS_MODULES.modules[\"revslider701\"]!==undefined) {window.RS_MODULES.modules[\"revslider701\"].once = false;window.revapi70 = undefined;if (window.RS_MODULES.checkMinimal!==undefined) window.RS_MODULES.checkMinimal()}\n\t\t\t\t<\/script>\n\t\t\t<\/rs-module-wrap>\n\t\t\t<!-- END REVOLUTION SLIDER -->\n[\/vc_column][\/vc_row][vc_row][vc_column][vc_empty_space height=&#8221;75px&#8221;][\/vc_column][\/vc_row][vc_row gap=&#8221;20&#8243;][vc_column width=&#8221;1\/3&#8243;][vc_empty_space height=&#8221;45px&#8221;][vc_custom_heading text=&#8221;Cascade Surgical Studio IONM Logiciel&#8221; font_container=&#8221;tag:h2|font_size:28|text_align:left|color:%23000f9f|line_height:1.25&#8243; google_fonts=&#8221;font_family:Roboto%3A100%2C100italic%2C300%2C300italic%2Cregular%2Citalic%2C500%2C500italic%2C700%2C700italic%2C900%2C900italic|font_style:700%20bold%20regular%3A700%3Anormal&#8221;][vc_separator border_width=&#8221;2&#8243;][vc_column_text css=&#8221;.vc_custom_1672420441551{margin-bottom: 15px !important;}&#8221;]Cascade Surgical Studio (CSS) est une interface logicielle IONM intuitive et r\u00e9fl\u00e9chie qui vous permet de rationaliser votre flux de travail, d&#8217;atteindre l&#8217;excellence clinique, de capturer des informations critiques, de surveiller toutes les modalit\u00e9s, de renforcer la documentation et de rester connect\u00e9.[\/vc_column_text][vc_empty_space][vc_empty_space height=&#8221;15px&#8221;][vc_btn title=&#8221;Demande de d\u00e9monstration&#8221; style=&#8221;outline-custom&#8221; outline_custom_color=&#8221;#000000&#8243; outline_custom_hover_background=&#8221;#93d500&#8243; outline_custom_hover_text=&#8221;#ffffff&#8221; shape=&#8221;square&#8221; align=&#8221;left&#8221; i_icon_fontawesome=&#8221;fas fa-angle-right&#8221; add_icon=&#8221;true&#8221; link=&#8221;url:https%3A%2F%2Fnovusmedical.ca%2Ffr%2Fcontact-novus%2F|title:Contacter%20Novus&#8221;][vc_empty_space height=&#8221;15px&#8221;][vc_column_text css=&#8221;.vc_custom_1672421545651{margin-bottom: 15px !important;}&#8221;]<em>Ci-contre, \u00e0 gauche : le mode Seuil automatique permet d&#8217;affiner efficacement les r\u00e9ponses.<\/em>[\/vc_column_text][\/vc_column][vc_column width=&#8221;2\/3&#8243;][vc_single_image image=&#8221;8712&#8243; img_size=&#8221;full&#8221; onclick=&#8221;link_image&#8221;][\/vc_column][\/vc_row][vc_row gap=&#8221;35&#8243;][vc_column][vc_empty_space height=&#8221;75px&#8221;][vc_empty_space][vc_separator border_width=&#8221;2&#8243;][vc_empty_space height=&#8221;75px&#8221;][\/vc_column][\/vc_row][vc_row gap=&#8221;35&#8243;][vc_column width=&#8221;1\/2&#8243;][vc_empty_space][vc_single_image image=&#8221;8714&#8243; img_size=&#8221;Large&#8221; alignment=&#8221;center&#8221; onclick=&#8221;link_image&#8221;][\/vc_column][vc_column width=&#8221;1\/2&#8243;][vc_custom_heading text=&#8221;Rationalisez votre flux de travail IONM&#8221; font_container=&#8221;tag:h2|font_size:21|text_align:left|color:%23000f9f|line_height:1.25&#8243; google_fonts=&#8221;font_family:Roboto%3A100%2C100italic%2C300%2C300italic%2Cregular%2Citalic%2C500%2C500italic%2C700%2C700italic%2C900%2C900italic|font_style:500%20bold%20regular%3A500%3Anormal&#8221;][vc_column_text css=&#8221;.vc_custom_1721158179844{margin-bottom: 15px !important;}&#8221;]\n<ul>\n<li style=\"list-style-type: none;\">\n<ul>\n<li>Affichez c\u00f4te \u00e0 c\u00f4te les donn\u00e9es en direct, enregistr\u00e9es et ne manquez jamais les informations critiques<\/li>\n<li>Changez d\u2019utilisateur au cours d\u2019un cas et appliquez les param\u00e8tres sans interrompre l\u2019acquisition de donn\u00e9es<\/li>\n<li>Partagez et g\u00e9rez en toute transparence les donn\u00e9es et les ressources \u2022 \u00e0 travers de votre organisation<\/li>\n<li>Maximiser les fen\u00eatres de trac\u00e9 \u00e0 la vol\u00e9e<\/li>\n<\/ul>\n<\/li>\n<\/ul>\n[\/vc_column_text][vc_empty_space][vc_custom_heading text=&#8221;Capturez les informations critiques de l\u2019IONM&#8221; font_container=&#8221;tag:h2|font_size:21|text_align:left|color:%23000f9f|line_height:1.25&#8243; google_fonts=&#8221;font_family:Roboto%3A100%2C100italic%2C300%2C300italic%2Cregular%2Citalic%2C500%2C500italic%2C700%2C700italic%2C900%2C900italic|font_style:500%20bold%20regular%3A500%3Anormal&#8221;][vc_column_text css=&#8221;.vc_custom_1672421745316{margin-bottom: 15px !important;}&#8221;]\n<ul>\n<li style=\"list-style-type: none;\">\n<ul>\n<li>Capturez automatiquement des captures d\u2019\u00e9cran avec chaque entr\u00e9e d\u2019\u00e9v\u00e9nement utilisateur<\/li>\n<li>Enregistrez les 30 secondes pr\u00e9c\u00e9dentes d\u2019EMG avec Store Buffer<\/li>\n<\/ul>\n<\/li>\n<\/ul>\n[\/vc_column_text][\/vc_column][\/vc_row][vc_row gap=&#8221;35&#8243;][vc_column][vc_empty_space height=&#8221;75px&#8221;][vc_empty_space height=&#8221;50px&#8221;][vc_separator border_width=&#8221;2&#8243;][vc_empty_space height=&#8221;75px&#8221;][\/vc_column][\/vc_row][vc_row gap=&#8221;35&#8243;][vc_column width=&#8221;1\/2&#8243;][vc_empty_space][vc_custom_heading text=&#8221;Offrir l\u2019excellence clinique au bloc op\u00e9ratoire&#8221; font_container=&#8221;tag:h2|font_size:21|text_align:left|color:%23000f9f|line_height:1.25&#8243; google_fonts=&#8221;font_family:Roboto%3A100%2C100italic%2C300%2C300italic%2Cregular%2Citalic%2C500%2C500italic%2C700%2C700italic%2C900%2C900italic|font_style:500%20bold%20regular%3A500%3Anormal&#8221;][vc_column_text css=&#8221;.vc_custom_1672421852448{margin-bottom: 15px !important;}&#8221;]\n<ul>\n<li style=\"list-style-type: none;\">\n<ul>\n<li>R\u00e9alisez une stimulation corticale directe rapide et intuitive avec des bandes, des grilles et\/ou des \u00e9lectrodes-tige \u00e0 l\u2019aide de la matrice de commutation pilot\u00e9e par logiciel<\/li>\n<li>Mesurez les signes vitaux avec la fr\u00e9quence cardiaque et la SpO2 jusqu\u2019\u00e0 quatre membres<\/li>\n<\/ul>\n<\/li>\n<\/ul>\n[\/vc_column_text][vc_empty_space][vc_column_text css=&#8221;.vc_custom_1672421901944{margin-bottom: 15px !important;}&#8221;]<em>Illustration de droite : Utilisez le montage dynamique du TCS-9 pour obtenir des r\u00e9sultats MEP optimaux pour chaque patient.<\/em>[\/vc_column_text][\/vc_column][vc_column width=&#8221;1\/2&#8243;][vc_single_image image=&#8221;8716&#8243; img_size=&#8221;Large&#8221; alignment=&#8221;center&#8221; onclick=&#8221;link_image&#8221;][\/vc_column][\/vc_row][vc_row gap=&#8221;35&#8243;][vc_column][vc_empty_space height=&#8221;75px&#8221;][vc_separator border_width=&#8221;2&#8243;][vc_empty_space height=&#8221;50px&#8221;][\/vc_column][\/vc_row][vc_row gap=&#8221;35&#8243;][vc_column width=&#8221;1\/2&#8243;][vc_single_image image=&#8221;8719&#8243; img_size=&#8221;Large&#8221; alignment=&#8221;center&#8221; onclick=&#8221;link_image&#8221;][\/vc_column][vc_column width=&#8221;1\/2&#8243;][vc_empty_space height=&#8221;110px&#8221;][vc_custom_heading text=&#8221;Surveiller toutes les modalit\u00e9s dans la salle d\u2019op\u00e9ration&#8221; font_container=&#8221;tag:h2|font_size:21|text_align:left|color:%23000f9f|line_height:1.25&#8243; google_fonts=&#8221;font_family:Roboto%3A100%2C100italic%2C300%2C300italic%2Cregular%2Citalic%2C500%2C500italic%2C700%2C700italic%2C900%2C900italic|font_style:500%20bold%20regular%3A500%3Anormal&#8221;][vc_column_text css=&#8221;.vc_custom_1721158329542{margin-bottom: 15px !important;}&#8221;]\n<ul>\n<li style=\"list-style-type: none;\">\n<ul>\n<li>PES, EMG, MEP, DCS, TOF, PEA, EEG, PEV, DWave, et plus.<\/li>\n<li>Toutes les modalit\u00e9s sur le m\u00eame \u00e9cran fonctionnant ensemble<\/li>\n<li>D\u00e9tection de l\u2019\u00e9lectrocoagulation int\u00e9gr\u00e9e<\/li>\n<li>Les m\u00eames entr\u00e9es avec diff\u00e9rents param\u00e8tres de canal par mode fonctionnent simultan\u00e9ment<\/li>\n<\/ul>\n<\/li>\n<\/ul>\n[\/vc_column_text][\/vc_column][\/vc_row][vc_row gap=&#8221;35&#8243;][vc_column][vc_empty_space height=&#8221;75px&#8221;][vc_separator border_width=&#8221;2&#8243;][vc_empty_space height=&#8221;75px&#8221;][\/vc_column][\/vc_row][vc_row gap=&#8221;35&#8243;][vc_column width=&#8221;1\/3&#8243;][vc_empty_space height=&#8221;45px&#8221;][vc_custom_heading text=&#8221;Renforcer la documentation IONM:&#8221; font_container=&#8221;tag:h2|font_size:21|text_align:left|color:%23000f9f|line_height:1.25&#8243; google_fonts=&#8221;font_family:Roboto%3A100%2C100italic%2C300%2C300italic%2Cregular%2Citalic%2C500%2C500italic%2C700%2C700italic%2C900%2C900italic|font_style:500%20bold%20regular%3A500%3Anormal&#8221;][vc_column_text css=&#8221;.vc_custom_1721158412344{margin-bottom: 15px !important;}&#8221;]\n<ul>\n<li style=\"list-style-type: none;\">\n<ul>\n<li>Une collecte de donn\u00e9es d\u00e9mographiques standard<\/li>\n<li>Entrez des commentaires simplement en tapant<\/li>\n<li>Personnalisez les mod\u00e8les de rapport bas\u00e9s sur Word\u00ae<\/li>\n<li>Choisissez d\u2019enregistrer ou non le journal de discussion<\/li>\n<li>Documentez automatiquement les connexions des r\u00e9viseurs \u00e0 distance<\/li>\n<\/ul>\n<\/li>\n<\/ul>\n[\/vc_column_text][\/vc_column][vc_column width=&#8221;2\/3&#8243;][vc_single_image image=&#8221;8720&#8243; img_size=&#8221;Large&#8221; onclick=&#8221;link_image&#8221;][\/vc_column][\/vc_row][vc_row gap=&#8221;35&#8243;][vc_column][vc_empty_space height=&#8221;70px&#8221;][\/vc_column][\/vc_row][vc_row full_width=&#8221;stretch_row&#8221; gap=&#8221;35&#8243; css=&#8221;.vc_custom_1672422591800{padding-top: 40px !important;padding-bottom: 40px !important;background-color: #efefef !important;}&#8221;][vc_column width=&#8221;1\/2&#8243;][vc_single_image image=&#8221;8722&#8243; img_size=&#8221;large&#8221; alignment=&#8221;center&#8221; onclick=&#8221;link_image&#8221;][\/vc_column][vc_column width=&#8221;1\/2&#8243;][vc_empty_space height=&#8221;75px&#8221;][vc_custom_heading text=&#8221;La surveillance \u00e0 distance et une messagerie int\u00e9gr\u00e9 sont de puissants outils de communication avec les coll\u00e8gues pendant la chirurgie&#8221; font_container=&#8221;tag:h2|font_size:21|text_align:left|color:%23000f9f|line_height:1.25&#8243; google_fonts=&#8221;font_family:Roboto%3A100%2C100italic%2C300%2C300italic%2Cregular%2Citalic%2C500%2C500italic%2C700%2C700italic%2C900%2C900italic|font_style:500%20bold%20regular%3A500%3Anormal&#8221;][vc_column_text css=&#8221;.vc_custom_1721158564302{margin-bottom: 15px !important;}&#8221;]\n<ul>\n<li style=\"list-style-type: none;\">\n<ul>\n<li>Surgical Studio vous permet de cr\u00e9er une vue de chirurgien personnalis\u00e9e et vous pouvez facilement faire glisser une fen\u00eatre sur un deuxi\u00e8me moniteur. Le moniteur sup\u00e9rieur du chariot IOMAX pivote pour la vue du chirurgien.<\/li>\n<li>Configurez la gestion des informations CadLink&#x2122; pour s\u2019interfacer automatiquement avec le EMR ou le SIH afin d\u2019importer les donn\u00e9es d\u00e9mographiques des patients et d\u2019exporter les r\u00e9sultats et les rapports.<\/li>\n<\/ul>\n<\/li>\n<\/ul>\n[\/vc_column_text][vc_empty_space][vc_column_text css=&#8221;.vc_custom_1721158575099{margin-bottom: 15px !important;}&#8221;]\u00c0 gauche, vous pouvez voir une vue d&#8217;ensemble de la situation avec une fen\u00eatre compl\u00e8te.[\/vc_column_text][vc_empty_space height=&#8221;30px&#8221;][vc_empty_space][\/vc_column][\/vc_row][vc_row gap=&#8221;35&#8243;][vc_column][vc_empty_space height=&#8221;70px&#8221;][\/vc_column][\/vc_row][vc_row gap=&#8221;35&#8243;][vc_column width=&#8221;1\/2&#8243;][vc_empty_space height=&#8221;60px&#8221;][vc_custom_heading text=&#8221;Optimiser la qualit\u00e9 de la gestion IONM&#8221; font_container=&#8221;tag:h2|font_size:21|text_align:left|color:%23000f9f|line_height:1.25&#8243; google_fonts=&#8221;font_family:Roboto%3A100%2C100italic%2C300%2C300italic%2Cregular%2Citalic%2C500%2C500italic%2C700%2C700italic%2C900%2C900italic|font_style:500%20bold%20regular%3A500%3Anormal&#8221;][vc_column_text css=&#8221;.vc_custom_1672422246476{margin-bottom: 15px !important;}&#8221;]<em>Choisissez les captures d&#8217;\u00e9cran \u00e0 inclure dans les rapports.<\/em>[\/vc_column_text][vc_column_text css=&#8221;.vc_custom_1672422678533{margin-bottom: 15px !important;}&#8221;]\n<ul>\n<li style=\"list-style-type: none;\">\n<ul>\n<li>Standardiser les configurations de proc\u00e9dure<\/li>\n<li>Contr\u00f4ler l\u2019acc\u00e8s aux donn\u00e9es et aux PHI<\/li>\n<li>D\u00e9montrer ses comp\u00e9tences avec le simulateur CadX<\/li>\n<li>Supprimer automatiquement les donn\u00e9es du syst\u00e8me d\u2019enregistrement local avec CadLink<\/li>\n<li>Suivre l\u2019implication des cas et appliquer les pr\u00e9f\u00e9rences de l\u2019utilisateur<\/li>\n<\/ul>\n<\/li>\n<\/ul>\n[\/vc_column_text][vc_empty_space][vc_column_text css=&#8221;.vc_custom_1672422860322{margin-bottom: 15px !important;}&#8221;]<em>A droite : D\u00e9finissez les autorisations des utilisateurs pour l&#8217;enregistrement, la r\u00e9vision et la gestion des donn\u00e9es.<\/em>[\/vc_column_text][\/vc_column][vc_column width=&#8221;1\/2&#8243;][vc_single_image image=&#8221;8724&#8243; img_size=&#8221;Large&#8221; onclick=&#8221;link_image&#8221;][\/vc_column][\/vc_row][vc_row][vc_column][vc_empty_space height=&#8221;100px&#8221;][\/vc_column][\/vc_row][vc_row full_width=&#8221;stretch_row&#8221; gap=&#8221;35&#8243; content_placement=&#8221;top&#8221; css=&#8221;.vc_custom_1672423394186{margin-bottom: -15px !important;padding-bottom: 50px !important;background-color: #efefef !important;}&#8221; el_id=&#8221;aeramaxproiii&#8221;][vc_column width=&#8221;1\/2&#8243; css=&#8221;.vc_custom_1671736243207{margin-right: 0px !important;padding-right: 0px !important;}&#8221;][vc_empty_space height=&#8221;75px&#8221;][vc_single_image image=&#8221;8405&#8243; img_size=&#8221;large&#8221;][vc_custom_heading text=&#8221;Simulateur chirurgical CadX : Apprenez l&#8217;IONM en dehors du bloc op\u00e9ratoire&#8221; font_container=&#8221;tag:h2|font_size:21|text_align:left|color:%23000f9f|line_height:1.25&#8243; google_fonts=&#8221;font_family:Roboto%3A100%2C100italic%2C300%2C300italic%2Cregular%2Citalic%2C500%2C500italic%2C700%2C700italic%2C900%2C900italic|font_style:700%20bold%20regular%3A700%3Anormal&#8221;][vc_column_text css=&#8221;.vc_custom_1721158614128{margin-bottom: 15px !important;}&#8221;]\n<p class=\"p1\">CadX Simulator pour le logiciel CSS est un outil puissant pour la formation et la pratique. Manipulez le panneau de contr\u00f4le du patient pour cr\u00e9er des sc\u00e9narios r\u00e9els \u00e0 des fins de d\u00e9monstration ou d&#8217;\u00e9valuation. Simuler des donn\u00e9es r\u00e9alistes d\u00e9montrant l&#8217;anesth\u00e9sie, l&#8217;installation technique, les caract\u00e9ristiques du trac\u00e9, les effets chirurgicaux, la vis p\u00e9diculaire et les scripts.<\/p>\n[\/vc_column_text][vc_empty_space height=&#8221;20px&#8221;][vc_btn title=&#8221;En savoir plus&#8221; style=&#8221;outline-custom&#8221; outline_custom_color=&#8221;#000000&#8243; outline_custom_hover_background=&#8221;#93d500&#8243; outline_custom_hover_text=&#8221;#ffffff&#8221; shape=&#8221;square&#8221; align=&#8221;left&#8221; i_icon_fontawesome=&#8221;fas fa-angle-right&#8221; add_icon=&#8221;true&#8221; link=&#8221;url:https%3A%2F%2Fnovusmedical.ca%2Fcadwell%2Fcadx%2F|title:CadX|&#8221;][\/vc_column][vc_column width=&#8221;1\/2&#8243;][vc_single_image image=&#8221;8697&#8243; img_size=&#8221;large&#8221; alignment=&#8221;center&#8221; onclick=&#8221;link_image&#8221;][\/vc_column][\/vc_row][vc_row full_width=&#8221;stretch_row&#8221; content_placement=&#8221;middle&#8221; css=&#8221;.vc_custom_1685555606662{margin-top: -0px !important;margin-bottom: 0px !important;padding-top: 100px !important;padding-bottom: 50px !important;background-color: #233e95 !important;}&#8221;][vc_column][vc_custom_heading text=&#8221;EN SAVOIR PLUS QUI EST PROPOS\u00c9 PAR&#8221; font_container=&#8221;tag:h2|font_size:32|text_align:center|color:%23ffffff|line_height:1.25&#8243; google_fonts=&#8221;font_family:Roboto%3A100%2C100italic%2C300%2C300italic%2Cregular%2Citalic%2C500%2C500italic%2C700%2C700italic%2C900%2C900italic|font_style:700%20bold%20regular%3A700%3Anormal&#8221; css=&#8221;.vc_custom_1672174047954{margin-top: -20px !important;}&#8221;][vc_single_image image=&#8221;8347&#8243; img_size=&#8221;medium&#8221; alignment=&#8221;center&#8221; onclick=&#8221;custom_link&#8221; link=&#8221;https:\/\/novusmedical.ca\/fr\/cadwell\/&#8221;][\/vc_column][\/vc_row][vc_row full_width=&#8221;stretch_row&#8221; css=&#8221;.vc_custom_1685554718545{margin-bottom: -60px !important;border-bottom-width: 0px !important;padding-top: 75px !important;padding-bottom: 40px !important;background-image: url(https:\/\/novusmedical.ca\/wp-content\/uploads\/2023\/05\/NeuroBackgroundforweb.png?id=9163) !important;background-position: center !important;background-repeat: no-repeat !important;background-size: cover !important;}&#8221;][vc_column width=&#8221;1\/3&#8243;][vc_single_image image=&#8221;9147&#8243; img_size=&#8221;large&#8221; alignment=&#8221;center&#8221;][vc_empty_space height=&#8221;5px&#8221;][\/vc_column][vc_column width=&#8221;2\/3&#8243; css=&#8221;.vc_custom_1640295263973{margin-left: 35px !important;}&#8221;][vc_empty_space height=&#8221;25px&#8221;][vc_custom_heading text=&#8221;Consultez notre catalogue de produits de diagnostic neurologique !&#8221; font_container=&#8221;tag:h2|font_size:30|text_align:left|color:%2395c93d|line_height:1.25&#8243; google_fonts=&#8221;font_family:Roboto%3A100%2C100italic%2C300%2C300italic%2Cregular%2Citalic%2C500%2C500italic%2C700%2C700italic%2C900%2C900italic|font_style:900%20bold%20regular%3A900%3Anormal&#8221;][vc_custom_heading text=&#8221;Nous avons d\u00e9velopp\u00e9 notre syst\u00e8me d&#8217;information Novus Medical Inc. Le catalogue de diagnostic neurologique pr\u00e9sente et fournit tous nos produits neurologiques en un seul PDF t\u00e9l\u00e9chargeable.&#8221; font_container=&#8221;tag:h2|font_size:18|text_align:left|color:%23ffffff|line_height:1.5&#8243; google_fonts=&#8221;font_family:Roboto%3A100%2C100italic%2C300%2C300italic%2Cregular%2Citalic%2C500%2C500italic%2C700%2C700italic%2C900%2C900italic|font_style:400%20regular%3A400%3Anormal&#8221;][vc_empty_space height=&#8221;5px&#8221;][vc_row_inner][vc_column_inner width=&#8221;1\/4&#8243;][vc_btn title=&#8221;T\u00e9l\u00e9charger l&#8217;anglais&#8221; style=&#8221;outline-custom&#8221; outline_custom_color=&#8221;#ffffff&#8221; outline_custom_hover_background=&#8221;#93d500&#8243; outline_custom_hover_text=&#8221;#000000&#8243; shape=&#8221;square&#8221; align=&#8221;left&#8221; link=&#8221;url:https%3A%2F%2Fnovusmedical.ca%2Fwp-content%2Fuploads%2F2023%2F04%2FNM_ENG_NeuroCatalogue_0623.pdf|target:_blank|&#8221;][\/vc_column_inner][vc_column_inner width=&#8221;1\/4&#8243;][vc_btn title=&#8221;Voir l&#8217;anglais&#8221; style=&#8221;outline-custom&#8221; outline_custom_color=&#8221;#ffffff&#8221; outline_custom_hover_background=&#8221;#93d500&#8243; outline_custom_hover_text=&#8221;#000000&#8243; shape=&#8221;square&#8221; align=&#8221;left&#8221; i_icon_fontawesome=&#8221;fas fa-book-open&#8221; add_icon=&#8221;true&#8221; link=&#8221;url:https%3A%2F%2Fnovusmedical.ca%2Fhome%2Fneuro-diagnostics%2Fneurodiagnosticcatalogue%2F|title:PFTCatalogue|&#8221;][\/vc_column_inner][vc_column_inner width=&#8221;1\/4&#8243;][vc_btn title=&#8221;T\u00e9l\u00e9charger le fran\u00e7ais&#8221; style=&#8221;outline-custom&#8221; outline_custom_color=&#8221;#ffffff&#8221; outline_custom_hover_background=&#8221;#93d500&#8243; outline_custom_hover_text=&#8221;#000000&#8243; shape=&#8221;square&#8221; align=&#8221;left&#8221; link=&#8221;url:https%3A%2F%2Fnovusmedical.ca%2Fwp-content%2Fuploads%2F2023%2F06%2FNM_FR_NeuroCatalogue_0623.pdf|target:_blank|&#8221;][\/vc_column_inner][vc_column_inner width=&#8221;1\/4&#8243;][vc_btn title=&#8221;Voir le fran\u00e7ais&#8221; style=&#8221;outline-custom&#8221; outline_custom_color=&#8221;#ffffff&#8221; outline_custom_hover_background=&#8221;#93d500&#8243; outline_custom_hover_text=&#8221;#000000&#8243; shape=&#8221;square&#8221; align=&#8221;left&#8221; i_icon_fontawesome=&#8221;fas fa-book-open&#8221; add_icon=&#8221;true&#8221; link=&#8221;url:https%3A%2F%2Fnovusmedical.ca%2Fhome%2Fneuro-diagnostics%2Fneurocatfr%2F|title:PFTCatalogue|&#8221;][\/vc_column_inner][\/vc_row_inner][\/vc_column][\/vc_row]\n<\/div>","protected":false},"excerpt":{"rendered":"<p>[vc_row css=&#8221;.vc_custom_1594314647893{margin-top: -50px !important;}&#8221;][vc_column][\/vc_column][\/vc_row][vc_row][vc_column][vc_empty_space height=&#8221;75px&#8221;][\/vc_column][\/vc_row][vc_row gap=&#8221;20&#8243;][vc_column width=&#8221;1\/3&#8243;][vc_empty_space height=&#8221;45px&#8221;][vc_custom_heading text=&#8221;Cascade Surgical Studio IONM Logiciel&#8221; font_container=&#8221;tag:h2|font_size:28|text_align:left|color:%23000f9f|line_height:1.25&#8243; google_fonts=&#8221;font_family:Roboto%3A100%2C100italic%2C300%2C300italic%2Cregular%2Citalic%2C500%2C500italic%2C700%2C700italic%2C900%2C900italic|font_style:700%20bold%20regular%3A700%3Anormal&#8221;][vc_separator border_width=&#8221;2&#8243;][vc_column_text css=&#8221;.vc_custom_1672420441551{margin-bottom: 15px !important;}&#8221;]Cascade Surgical [&hellip;]<\/p>\n","protected":false},"author":2,"featured_media":0,"parent":10366,"menu_order":0,"comment_status":"closed","ping_status":"closed","template":"","meta":{"om_disable_all_campaigns":false,"_monsterinsights_skip_tracking":false,"_monsterinsights_sitenote_active":false,"_monsterinsights_sitenote_note":"","_monsterinsights_sitenote_category":0,"footnotes":""},"class_list":["post-10968","page","type-page","status-publish","hentry"],"jetpack_sharing_enabled":true,"_links":{"self":[{"href":"https:\/\/novusmedical.ca\/fr\/wp-json\/wp\/v2\/pages\/10968","targetHints":{"allow":["GET"]}}],"collection":[{"href":"https:\/\/novusmedical.ca\/fr\/wp-json\/wp\/v2\/pages"}],"about":[{"href":"https:\/\/novusmedical.ca\/fr\/wp-json\/wp\/v2\/types\/page"}],"author":[{"embeddable":true,"href":"https:\/\/novusmedical.ca\/fr\/wp-json\/wp\/v2\/users\/2"}],"replies":[{"embeddable":true,"href":"https:\/\/novusmedical.ca\/fr\/wp-json\/wp\/v2\/comments?post=10968"}],"version-history":[{"count":5,"href":"https:\/\/novusmedical.ca\/fr\/wp-json\/wp\/v2\/pages\/10968\/revisions"}],"predecessor-version":[{"id":11544,"href":"https:\/\/novusmedical.ca\/fr\/wp-json\/wp\/v2\/pages\/10968\/revisions\/11544"}],"up":[{"embeddable":true,"href":"https:\/\/novusmedical.ca\/fr\/wp-json\/wp\/v2\/pages\/10366"}],"wp:attachment":[{"href":"https:\/\/novusmedical.ca\/fr\/wp-json\/wp\/v2\/media?parent=10968"}],"curies":[{"name":"wp","href":"https:\/\/api.w.org\/{rel}","templated":true}]}}