{"id":10943,"date":"2022-12-28T03:51:41","date_gmt":"2022-12-28T03:51:41","guid":{"rendered":"https:\/\/novusmedical.ca\/cadwell\/arczenith\/"},"modified":"2024-07-22T19:26:02","modified_gmt":"2024-07-22T19:26:02","slug":"arczenith","status":"publish","type":"page","link":"https:\/\/novusmedical.ca\/fr\/cadwell\/arczenith\/","title":{"rendered":"ArcZenith"},"content":{"rendered":"<div class=\"wpb-content-wrapper\">[vc_row css=&#8221;.vc_custom_1594314647893{margin-top: -50px !important;}&#8221;][vc_column]\n\t\t\t<!-- START Cadwell Zenith REVOLUTION SLIDER 6.6.9 --><p class=\"rs-p-wp-fix\"><\/p>\n\t\t\t<rs-module-wrap id=\"rev_slider_64_1_wrapper\" data-source=\"gallery\" style=\"visibility:hidden;background:transparent;padding:0;margin:0px auto;margin-top:0;margin-bottom:0;\">\n\t\t\t\t<rs-module id=\"rev_slider_64_1\" style=\"\" data-version=\"6.6.9\">\n\t\t\t\t\t<rs-slides style=\"overflow: hidden; position: absolute;\">\n\t\t\t\t\t\t<rs-slide style=\"position: absolute;\" data-key=\"rs-89\" data-title=\"OxyNov\" data-anim=\"adpr:false;ms:10;\" data-in=\"o:1;\" data-out=\"a:false;\" data-mediafilter=\"hudson\">\n\t\t\t\t\t\t\t<img data-recalc-dims=\"1\" decoding=\"async\" src=\"https:\/\/i0.wp.com\/novusmedical.ca\/wp-content\/plugins\/revslider\/public\/assets\/assets\/dummy.png?resize=1678%2C640\" alt=\"OxyNov\" title=\"11062b_4b7c9a8e48334d5aad2fd274fddba3bc~mv2\" width=\"1678\" height=\"640\" class=\"rev-slidebg tp-rs-img rs-lazyload\" data-lazyload=\"\/\/novusmedical.ca\/wp-content\/plugins\/revslider\/public\/assets\/assets\/transparent.png\" data-bg=\"c:#383838;\" data-no-retina>\n<!--\n\t\t\t\t\t\t\t--><rs-layer\n\t\t\t\t\t\t\t\tid=\"slider-64-slide-89-layer-0\" \n\t\t\t\t\t\t\t\tdata-type=\"image\"\n\t\t\t\t\t\t\t\tdata-rsp_ch=\"on\"\n\t\t\t\t\t\t\t\tdata-xy=\"x:c;xo:476px;y:c;yo:164px;\"\n\t\t\t\t\t\t\t\tdata-text=\"w:normal;\"\n\t\t\t\t\t\t\t\tdata-dim=\"w:257px;h:70px;\"\n\t\t\t\t\t\t\t\tdata-frame_999=\"o:0;st:w;\"\n\t\t\t\t\t\t\t\tstyle=\"z-index:8;\"\n\t\t\t\t\t\t\t><img data-recalc-dims=\"1\" decoding=\"async\" src=\"https:\/\/i0.wp.com\/novusmedical.ca\/wp-content\/plugins\/revslider\/public\/assets\/assets\/dummy.png?resize=792%2C216\" alt=\"\" class=\"tp-rs-img rs-lazyload\" width=\"792\" height=\"216\" data-lazyload=\"\/\/novusmedical.ca\/wp-content\/uploads\/2022\/12\/Cadwell-Logo-HYHO-White.png\" data-no-retina> \n\t\t\t\t\t\t\t<\/rs-layer><!--\n\n\t\t\t\t\t\t\t--><rs-layer\n\t\t\t\t\t\t\t\tid=\"slider-64-slide-89-layer-1\" \n\t\t\t\t\t\t\t\tdata-type=\"image\"\n\t\t\t\t\t\t\t\tdata-rsp_ch=\"on\"\n\t\t\t\t\t\t\t\tdata-xy=\"x:c;y:c;\"\n\t\t\t\t\t\t\t\tdata-text=\"w:normal;\"\n\t\t\t\t\t\t\t\tdata-dim=\"w:671px;h:172px;\"\n\t\t\t\t\t\t\t\tdata-frame_999=\"o:0;st:w;\"\n\t\t\t\t\t\t\t\tstyle=\"z-index:9;\"\n\t\t\t\t\t\t\t><img data-recalc-dims=\"1\" decoding=\"async\" src=\"https:\/\/i0.wp.com\/novusmedical.ca\/wp-content\/plugins\/revslider\/public\/assets\/assets\/dummy.png?resize=600%2C154\" alt=\"\" class=\"tp-rs-img rs-lazyload\" width=\"600\" height=\"154\" data-lazyload=\"\/\/novusmedical.ca\/wp-content\/uploads\/2022\/12\/Zenith-Logo.png\" data-no-retina> \n\t\t\t\t\t\t\t<\/rs-layer><!--\n-->\t\t\t\t\t\t<\/rs-slide>\n\t\t\t\t\t<\/rs-slides>\n\t\t\t\t<\/rs-module>\n\t\t\t\t<script>\n\t\t\t\t\tsetREVStartSize({c: 'rev_slider_64_1',rl:[1240,1024,778,480],el:[450],gw:[1240],gh:[450],type:'standard',justify:'',layout:'fullwidth',mh:\"0\"});if (window.RS_MODULES!==undefined && window.RS_MODULES.modules!==undefined && window.RS_MODULES.modules[\"revslider641\"]!==undefined) {window.RS_MODULES.modules[\"revslider641\"].once = false;window.revapi64 = undefined;if (window.RS_MODULES.checkMinimal!==undefined) window.RS_MODULES.checkMinimal()}\n\t\t\t\t<\/script>\n\t\t\t<\/rs-module-wrap>\n\t\t\t<!-- END REVOLUTION SLIDER -->\n[\/vc_column][\/vc_row][vc_row][vc_column][vc_empty_space][vc_empty_space height=&#8221;50px&#8221;][vc_custom_heading text=&#8221;Offrant un EEG extracr\u00e2nien et intracr\u00e2nien \u00e0 nombre \u00e9lev\u00e9 de canaux, une stimulation corticale et des connecteurs Zenect intelligents.&#8221; font_container=&#8221;tag:h2|font_size:42|text_align:center|color:%23de9934|line_height:1.25&#8243; google_fonts=&#8221;font_family:Roboto%3A100%2C100italic%2C300%2C300italic%2Cregular%2Citalic%2C500%2C500italic%2C700%2C700italic%2C900%2C900italic|font_style:700%20bold%20regular%3A700%3Anormal&#8221;][vc_separator border_width=&#8221;2&#8243;][\/vc_column][\/vc_row][vc_row gap=&#8221;20&#8243;][vc_column width=&#8221;1\/2&#8243;][vc_empty_space height=&#8221;20px&#8221;][vc_single_image image=&#8221;8390&#8243; img_size=&#8221;full&#8221; alignment=&#8221;center&#8221; onclick=&#8221;link_image&#8221;][\/vc_column][vc_column width=&#8221;1\/2&#8243;][vc_single_image image=&#8221;8522&#8243; img_size=&#8221;medium&#8221;][vc_custom_heading text=&#8221;Arc Zenith va changer la fa\u00e7on dont vous surveillez l\u2019\u00e9pilepsie.&#8221; font_container=&#8221;tag:h2|font_size:21|text_align:left|color:%23de9934|line_height:1.25&#8243; google_fonts=&#8221;font_family:Roboto%3A100%2C100italic%2C300%2C300italic%2Cregular%2Citalic%2C500%2C500italic%2C700%2C700italic%2C900%2C900italic|font_style:400%20regular%3A400%3Anormal&#8221;][vc_column_text css=&#8221;.vc_custom_1672199721545{margin-bottom: 15px !important;}&#8221;]\n<p style=\"text-align: left;\">Arc Zenith est une solution EEG intracr\u00e2nienne et extracr\u00e2nienne robuste qui vous permet de capturer jusqu\u2019\u00e0 288 canaux \u00e0 un \u00e9chantillonnage de 1 MHz avec saisie de donn\u00e9es int\u00e9gr\u00e9e et batterie. Il offre une matrice de commutation enti\u00e8rement int\u00e9gr\u00e9e pour une stimulation corticale pratique. La conception robuste de Zenith est test\u00e9e contre les chutes et r\u00e9sistante \u00e0 l\u2019eau.<\/p>\n[\/vc_column_text][vc_custom_heading text=&#8221;Les outils intelligents du logiciel Arc vous permettent :&#8221; font_container=&#8221;tag:h2|font_size:21|text_align:left|color:%23de9934|line_height:1.25&#8243; google_fonts=&#8221;font_family:Roboto%3A100%2C100italic%2C300%2C300italic%2Cregular%2Citalic%2C500%2C500italic%2C700%2C700italic%2C900%2C900italic|font_style:400%20regular%3A400%3Anormal&#8221;][vc_column_text]\n<ul>\n<li style=\"list-style-type: none;\">\n<ul>\n<li>Rationalisez la disposition des \u00e9lectrodes avec un mappage d\u2019entr\u00e9e automatis\u00e9<\/li>\n<li>S\u00e9lectionnez n\u2019importe quelle entr\u00e9e comme mise \u00e0 la masse et toute autre entr\u00e9e comme r\u00e9f\u00e9rence d\u2019enregistrement<\/li>\n<li>Identifiez automatiquement les \u00e9lectrodes avec les connecteurs d\u2019\u00e9lectrode magn\u00e9tiques intelligent Zenect&#x2122; brevet\u00e9s<\/li>\n<li>Surveillez et contr\u00f4lez \u00e0 distance le logiciel, contr\u00f4lez et changez les cam\u00e9ras<\/li>\n<li>&#8230;et bien d&#8217;autres choses encore.<\/li>\n<\/ul>\n<\/li>\n<\/ul>\n[\/vc_column_text][vc_row_inner][vc_column_inner width=&#8221;1\/3&#8243;][vc_btn title=&#8221;Brochure&#8221; style=&#8221;outline-custom&#8221; outline_custom_color=&#8221;#000000&#8243; outline_custom_hover_background=&#8221;#93d500&#8243; outline_custom_hover_text=&#8221;#ffffff&#8221; shape=&#8221;square&#8221; align=&#8221;center&#8221; i_icon_fontawesome=&#8221;fas fa-file-alt&#8221; add_icon=&#8221;true&#8221; link=&#8221;url:https%3A%2F%2Fnovusmedical.ca%2Fwp-content%2Fuploads%2F2022%2F12%2FArcZenithSystem.pdf|target:_blank|&#8221;][\/vc_column_inner][vc_column_inner width=&#8221;1\/3&#8243;][vc_btn title=&#8221;Demande de d\u00e9monstration&#8221; style=&#8221;outline-custom&#8221; outline_custom_color=&#8221;#000000&#8243; outline_custom_hover_background=&#8221;#93d500&#8243; outline_custom_hover_text=&#8221;#ffffff&#8221; shape=&#8221;square&#8221; align=&#8221;center&#8221; i_icon_fontawesome=&#8221;fas fa-angle-right&#8221; add_icon=&#8221;true&#8221; link=&#8221;url:http%3A%2F%2Fnovusmedical.jzx.oms.mybluehost.me%2F%3Fpage_id%3D225|title:Contacter%20Novus|&#8221;][\/vc_column_inner][vc_column_inner width=&#8221;1\/3&#8243;][vc_btn title=&#8221;Obtenir un devis&#8221; style=&#8221;outline-custom&#8221; outline_custom_color=&#8221;#000000&#8243; outline_custom_hover_background=&#8221;#93d500&#8243; outline_custom_hover_text=&#8221;#ffffff&#8221; shape=&#8221;square&#8221; align=&#8221;center&#8221; i_icon_fontawesome=&#8221;fas fa-dollar-sign&#8221; add_icon=&#8221;true&#8221; link=&#8221;url:https%3A%2F%2Fnovusmedical.ca%2Ffr%2Fcontact-novus%2F|title:Contacter%20Novus&#8221;][\/vc_column_inner][\/vc_row_inner][\/vc_column][\/vc_row][vc_row][vc_column][vc_empty_space height=&#8221;40px&#8221;][\/vc_column][\/vc_row][vc_row full_width=&#8221;stretch_row&#8221; gap=&#8221;35&#8243; content_placement=&#8221;top&#8221; css=&#8221;.vc_custom_1672200046720{margin-bottom: -15px !important;background-color: #de9934 !important;}&#8221; el_id=&#8221;aeramaxproiii&#8221;][vc_column css=&#8221;.vc_custom_1671736243207{margin-right: 0px !important;padding-right: 0px !important;}&#8221;][vc_empty_space height=&#8221;75px&#8221;][vc_custom_heading text=&#8221;Zenith est une solution d&#8217;UEM qui vous aide \u00e0 simplifier le flux de travail op\u00e9rationnel, \u00e0 r\u00e9duire le risque d&#8217;erreurs, \u00e0 r\u00e9duire le temps d&#8217;installation et d&#8217;op\u00e9ration, et \u00e0 am\u00e9liorer la pr\u00e9cision et l&#8217;analyse des donn\u00e9es afin d&#8217;am\u00e9liorer les r\u00e9sultats pour les patients.&#8221; font_container=&#8221;tag:h2|font_size:32|text_align:left|color:%23ffffff|line_height:1.25&#8243; google_fonts=&#8221;font_family:Roboto%3A100%2C100italic%2C300%2C300italic%2Cregular%2Citalic%2C500%2C500italic%2C700%2C700italic%2C900%2C900italic|font_style:700%20bold%20regular%3A700%3Anormal&#8221; css=&#8221;.vc_custom_1672199865541{margin-top: -20px !important;}&#8221;][vc_empty_space height=&#8221;25px&#8221;][vc_row_inner gap=&#8221;20&#8243;][vc_column_inner width=&#8221;1\/2&#8243;][vc_single_image image=&#8221;8515&#8243; img_size=&#8221;large&#8221; alignment=&#8221;center&#8221; onclick=&#8221;link_image&#8221;][vc_custom_heading text=&#8221;Simplifiez la configuration de votre EMU&#8221; font_container=&#8221;tag:h2|font_size:21|text_align:left|color:%23ffffff|line_height:1.25&#8243; google_fonts=&#8221;font_family:Roboto%3A100%2C100italic%2C300%2C300italic%2Cregular%2Citalic%2C500%2C500italic%2C700%2C700italic%2C900%2C900italic|font_style:500%20bold%20regular%3A500%3Anormal&#8221;][vc_column_text]\n<ul>\n<li style=\"list-style-type: none;\">\n<ul>\n<li>Cr\u00e9ez des montages incluant toutes les \u00e9lectrodes en un clic<\/li>\n<li>Rationalisez la disposition des \u00e9lectrodes avec un mappage d\u2019entr\u00e9e automatis\u00e9 (brevet d\u00e9pos\u00e9)<\/li>\n<li>Contr\u00f4lez la stimulation de la matrice de commutation int\u00e9gr\u00e9e dans le logiciel<\/li>\n<li>Identifiez automatiquement les \u00e9lectrodes dans le logiciel Arc avec les connecteurs d\u2019\u00e9lectrode magn\u00e9tiques intelligents Zenect&#x2122; brevet\u00e9s<\/li>\n<\/ul>\n<\/li>\n<\/ul>\n[\/vc_column_text][\/vc_column_inner][vc_column_inner width=&#8221;1\/2&#8243;][vc_single_image image=&#8221;8514&#8243; img_size=&#8221;large&#8221; alignment=&#8221;center&#8221; onclick=&#8221;link_image&#8221;][vc_custom_heading text=&#8221;Synchronisez les \u00e9v\u00e9nements vocaux avec l&#8217;activit\u00e9 clinique dans les donn\u00e9es de l&#8217;\u00e9tude gr\u00e2ce au microphone d&#8217;\u00e9v\u00e9nements vocaux du patient.&#8221; font_container=&#8221;tag:h2|font_size:21|text_align:left|color:%23ffffff|line_height:1.25&#8243; google_fonts=&#8221;font_family:Roboto%3A100%2C100italic%2C300%2C300italic%2Cregular%2Citalic%2C500%2C500italic%2C700%2C700italic%2C900%2C900italic|font_style:500%20bold%20regular%3A500%3Anormal&#8221;][vc_column_text]Ne perdez plus jamais un registre d&#8217;\u00e9v\u00e9nements patient sur papier. Le bouton d&#8217;\u00e9v\u00e9nement vocal du patient enregistre et stocke automatiquement la voix du patient en temps r\u00e9el et la synchronise avec l&#8217;EEG.[\/vc_column_text][\/vc_column_inner][\/vc_row_inner][vc_row_inner][vc_column_inner][vc_empty_space][\/vc_column_inner][\/vc_row_inner][\/vc_column][\/vc_row][vc_row full_width=&#8221;stretch_row_content&#8221; equal_height=&#8221;yes&#8221; parallax=&#8221;content-moving&#8221; parallax_image=&#8221;8382&#8243; css=&#8221;.vc_custom_1672172414287{padding-top: 200px !important;padding-bottom: 200px !important;}&#8221;][vc_column][\/vc_column][\/vc_row][vc_row gap=&#8221;35&#8243; css=&#8221;.vc_custom_1672169566134{margin-top: 50px !important;}&#8221;][vc_column width=&#8221;1\/3&#8243;][vc_single_image image=&#8221;8391&#8243; img_size=&#8221;full&#8221; css=&#8221;.vc_custom_1672170552051{margin-top: 20px !important;}&#8221;][\/vc_column][vc_column width=&#8221;2\/3&#8243;][vc_single_image image=&#8221;8400&#8243; img_size=&#8221;full&#8221;][vc_custom_heading text=&#8221;Vous aider \u00e0 prendre des d\u00e9cisions th\u00e9rapeutiques opportunes et physiologiquement fond\u00e9es&#8221; font_container=&#8221;tag:h2|font_size:32|text_align:left|color:%23de9934|line_height:1.25&#8243; google_fonts=&#8221;font_family:Roboto%3A100%2C100italic%2C300%2C300italic%2Cregular%2Citalic%2C500%2C500italic%2C700%2C700italic%2C900%2C900italic|font_style:700%20bold%20regular%3A700%3Anormal&#8221; css=&#8221;.vc_custom_1672170399462{margin-top: 0px !important;}&#8221;][vc_column_text]La surveillance continue de l&#8217;EEG peut vous aider \u00e0 \u00e9tablir un pronostic neurologique pr\u00e9coce, \u00e0 d\u00e9tecter les anomalies \u00e0 un stade r\u00e9versible, \u00e0 tirer profit des interventions et \u00e0 pr\u00e9venir les complications neurologiques.[\/vc_column_text][vc_btn title=&#8221;Logiciel Arc&#8221; style=&#8221;outline-custom&#8221; outline_custom_color=&#8221;#000000&#8243; outline_custom_hover_background=&#8221;#93d500&#8243; outline_custom_hover_text=&#8221;#ffffff&#8221; shape=&#8221;square&#8221; align=&#8221;left&#8221; i_icon_fontawesome=&#8221;fas fa-angle-right&#8221; add_icon=&#8221;true&#8221; link=&#8221;url:https%3A%2F%2Fnovusmedical.ca%2Fcadwell%2Farceegsoftware%2F|title:ArcEEGSoftware|&#8221;][\/vc_column][\/vc_row][vc_row gap=&#8221;35&#8243;][vc_column width=&#8221;1\/3&#8243;][vc_single_image image=&#8221;8517&#8243; img_size=&#8221;large&#8221; alignment=&#8221;center&#8221; onclick=&#8221;link_image&#8221;][vc_single_image image=&#8221;8516&#8243; img_size=&#8221;large&#8221; alignment=&#8221;center&#8221; onclick=&#8221;link_image&#8221;][\/vc_column][vc_column width=&#8221;2\/3&#8243;][vc_custom_heading text=&#8221;Le logiciel Arc EEG offre des param\u00e8tres de stimulation corticale flexibles, documente les r\u00e9ponses \u00e0 la stimulation et bien plus encore.&#8221; font_container=&#8221;tag:h2|font_size:21|text_align:left|color:%23000000|line_height:1.25&#8243; google_fonts=&#8221;font_family:Roboto%3A100%2C100italic%2C300%2C300italic%2Cregular%2Citalic%2C500%2C500italic%2C700%2C700italic%2C900%2C900italic|font_style:500%20bold%20regular%3A500%3Anormal&#8221;][vc_column_text]\n<ul>\n<li style=\"list-style-type: none;\">\n<ul>\n<li>Tous les param\u00e8tres des cas intracr\u00e2niens, y compris les montages, suivent le dossier du patient.<\/li>\n<li>R\u00e9duisez le temps de pr\u00e9paration des cas en cr\u00e9ant un montage comprenant toutes les \u00e9lectrodes en un seul clic.<\/li>\n<li>Simplifiez la disposition des \u00e9lectrodes gr\u00e2ce \u00e0 la mise en correspondance automatique avec les entr\u00e9es (brevet en cours).<\/li>\n<li>Contr\u00f4lez la stimulation de la matrice de commutation int\u00e9gr\u00e9e dans le logiciel<\/li>\n<li>Augmentez votre charge de travail en surveillant \u00e0 distance plusieurs patients \u00e0 partir d&#8217;un seul ordinateur.<\/li>\n<li>Contr\u00f4le \u00e0 distance de la commutation et des fonctions des cam\u00e9ras IP<\/li>\n<li>Enregistrez en utilisant de nombreuses options d&#8217;affichage<\/li>\n<li>Rationaliser l&#8217;examen gr\u00e2ce aux tendances et \u00e0 la d\u00e9tection de Synopsis<\/li>\n<li>La matrice de commutation int\u00e9gr\u00e9e entre le stimulateur Zenith et le stimulateur IOMAX permet un contr\u00f4le total de la stimulation corticale par le biais du logiciel.<\/li>\n<li>Param\u00e8tres de stimulation corticale flexibles<\/li>\n<li>Documents r\u00e9ponses fonctionnelles et apr\u00e8s d\u00e9charge de la stimulation corticale<\/li>\n<li>Cartes et tableaux graphiques de la r\u00e9ponse fonctionnelle<\/li>\n<li>La cartographie apr\u00e8s d\u00e9charge permet de cr\u00e9er des images et des tableaux graphiques.<\/li>\n<\/ul>\n<\/li>\n<\/ul>\n[\/vc_column_text][\/vc_column][\/vc_row][vc_row full_width=&#8221;stretch_row&#8221; content_placement=&#8221;middle&#8221; css=&#8221;.vc_custom_1685555146002{margin-top: 50px !important;margin-bottom: 0px !important;padding-top: 100px !important;padding-bottom: 50px !important;background-color: #233e95 !important;}&#8221;][vc_column][vc_custom_heading text=&#8221;EN SAVOIR PLUS QUI EST PROPOS\u00c9 PAR&#8221; font_container=&#8221;tag:h2|font_size:32|text_align:center|color:%23ffffff|line_height:1.25&#8243; google_fonts=&#8221;font_family:Roboto%3A100%2C100italic%2C300%2C300italic%2Cregular%2Citalic%2C500%2C500italic%2C700%2C700italic%2C900%2C900italic|font_style:700%20bold%20regular%3A700%3Anormal&#8221; css=&#8221;.vc_custom_1672174047954{margin-top: -20px !important;}&#8221;][vc_single_image image=&#8221;8347&#8243; img_size=&#8221;medium&#8221; alignment=&#8221;center&#8221; onclick=&#8221;custom_link&#8221; link=&#8221;https:\/\/novusmedical.ca\/fr\/cadwell\/&#8221;][\/vc_column][\/vc_row][vc_row full_width=&#8221;stretch_row&#8221; css=&#8221;.vc_custom_1685554718545{margin-bottom: -60px !important;border-bottom-width: 0px !important;padding-top: 75px !important;padding-bottom: 40px !important;background-image: url(https:\/\/novusmedical.ca\/wp-content\/uploads\/2023\/05\/NeuroBackgroundforweb.png?id=9163) !important;background-position: center !important;background-repeat: no-repeat !important;background-size: cover !important;}&#8221;][vc_column width=&#8221;1\/3&#8243;][vc_single_image image=&#8221;9147&#8243; img_size=&#8221;large&#8221; alignment=&#8221;center&#8221;][vc_empty_space height=&#8221;5px&#8221;][\/vc_column][vc_column width=&#8221;2\/3&#8243; css=&#8221;.vc_custom_1640295263973{margin-left: 35px !important;}&#8221;][vc_empty_space height=&#8221;25px&#8221;][vc_custom_heading text=&#8221;Consultez notre catalogue de produits de diagnostic neurologique !&#8221; font_container=&#8221;tag:h2|font_size:30|text_align:left|color:%2395c93d|line_height:1.25&#8243; google_fonts=&#8221;font_family:Roboto%3A100%2C100italic%2C300%2C300italic%2Cregular%2Citalic%2C500%2C500italic%2C700%2C700italic%2C900%2C900italic|font_style:900%20bold%20regular%3A900%3Anormal&#8221;][vc_custom_heading text=&#8221;Nous avons d\u00e9velopp\u00e9 notre syst\u00e8me d&#8217;information Novus Medical Inc. Le catalogue de diagnostic neurologique pr\u00e9sente et fournit tous nos produits neurologiques en un seul PDF t\u00e9l\u00e9chargeable.&#8221; font_container=&#8221;tag:h2|font_size:18|text_align:left|color:%23ffffff|line_height:1.5&#8243; google_fonts=&#8221;font_family:Roboto%3A100%2C100italic%2C300%2C300italic%2Cregular%2Citalic%2C500%2C500italic%2C700%2C700italic%2C900%2C900italic|font_style:400%20regular%3A400%3Anormal&#8221;][vc_empty_space height=&#8221;5px&#8221;][vc_row_inner][vc_column_inner width=&#8221;1\/4&#8243;][vc_btn title=&#8221;T\u00e9l\u00e9charger l&#8217;anglais&#8221; style=&#8221;outline-custom&#8221; outline_custom_color=&#8221;#ffffff&#8221; outline_custom_hover_background=&#8221;#93d500&#8243; outline_custom_hover_text=&#8221;#000000&#8243; shape=&#8221;square&#8221; align=&#8221;left&#8221; link=&#8221;url:https%3A%2F%2Fnovusmedical.ca%2Fwp-content%2Fuploads%2F2023%2F04%2FNM_ENG_NeuroCatalogue_0623.pdf|target:_blank|&#8221;][\/vc_column_inner][vc_column_inner width=&#8221;1\/4&#8243;][vc_btn title=&#8221;Voir l&#8217;anglais&#8221; style=&#8221;outline-custom&#8221; outline_custom_color=&#8221;#ffffff&#8221; outline_custom_hover_background=&#8221;#93d500&#8243; outline_custom_hover_text=&#8221;#000000&#8243; shape=&#8221;square&#8221; align=&#8221;left&#8221; i_icon_fontawesome=&#8221;fas fa-book-open&#8221; add_icon=&#8221;true&#8221; link=&#8221;url:https%3A%2F%2Fnovusmedical.ca%2Fhome%2Fneuro-diagnostics%2Fneurodiagnosticcatalogue%2F|title:PFTCatalogue|&#8221;][\/vc_column_inner][vc_column_inner width=&#8221;1\/4&#8243;][vc_btn title=&#8221;T\u00e9l\u00e9charger le fran\u00e7ais&#8221; style=&#8221;outline-custom&#8221; outline_custom_color=&#8221;#ffffff&#8221; outline_custom_hover_background=&#8221;#93d500&#8243; outline_custom_hover_text=&#8221;#000000&#8243; shape=&#8221;square&#8221; align=&#8221;left&#8221; link=&#8221;url:https%3A%2F%2Fnovusmedical.ca%2Fwp-content%2Fuploads%2F2023%2F06%2FNM_FR_NeuroCatalogue_0623.pdf|target:_blank|&#8221;][\/vc_column_inner][vc_column_inner width=&#8221;1\/4&#8243;][vc_btn title=&#8221;Voir le fran\u00e7ais&#8221; style=&#8221;outline-custom&#8221; outline_custom_color=&#8221;#ffffff&#8221; outline_custom_hover_background=&#8221;#93d500&#8243; outline_custom_hover_text=&#8221;#000000&#8243; shape=&#8221;square&#8221; align=&#8221;left&#8221; i_icon_fontawesome=&#8221;fas fa-book-open&#8221; add_icon=&#8221;true&#8221; link=&#8221;url:https%3A%2F%2Fnovusmedical.ca%2Fhome%2Fneuro-diagnostics%2Fneurocatfr%2F|title:PFTCatalogue|&#8221;][\/vc_column_inner][\/vc_row_inner][\/vc_column][\/vc_row]\n<\/div>","protected":false},"excerpt":{"rendered":"<p>[vc_row css=&#8221;.vc_custom_1594314647893{margin-top: -50px !important;}&#8221;][vc_column][\/vc_column][\/vc_row][vc_row][vc_column][vc_empty_space][vc_empty_space height=&#8221;50px&#8221;][vc_custom_heading text=&#8221;Offrant un EEG extracr\u00e2nien et intracr\u00e2nien \u00e0 nombre \u00e9lev\u00e9 de canaux, une stimulation corticale et [&hellip;]<\/p>\n","protected":false},"author":2,"featured_media":0,"parent":10366,"menu_order":0,"comment_status":"closed","ping_status":"closed","template":"","meta":{"om_disable_all_campaigns":false,"_monsterinsights_skip_tracking":false,"_monsterinsights_sitenote_active":false,"_monsterinsights_sitenote_note":"","_monsterinsights_sitenote_category":0,"footnotes":""},"class_list":["post-10943","page","type-page","status-publish","hentry"],"jetpack_sharing_enabled":true,"_links":{"self":[{"href":"https:\/\/novusmedical.ca\/fr\/wp-json\/wp\/v2\/pages\/10943","targetHints":{"allow":["GET"]}}],"collection":[{"href":"https:\/\/novusmedical.ca\/fr\/wp-json\/wp\/v2\/pages"}],"about":[{"href":"https:\/\/novusmedical.ca\/fr\/wp-json\/wp\/v2\/types\/page"}],"author":[{"embeddable":true,"href":"https:\/\/novusmedical.ca\/fr\/wp-json\/wp\/v2\/users\/2"}],"replies":[{"embeddable":true,"href":"https:\/\/novusmedical.ca\/fr\/wp-json\/wp\/v2\/comments?post=10943"}],"version-history":[{"count":4,"href":"https:\/\/novusmedical.ca\/fr\/wp-json\/wp\/v2\/pages\/10943\/revisions"}],"predecessor-version":[{"id":11540,"href":"https:\/\/novusmedical.ca\/fr\/wp-json\/wp\/v2\/pages\/10943\/revisions\/11540"}],"up":[{"embeddable":true,"href":"https:\/\/novusmedical.ca\/fr\/wp-json\/wp\/v2\/pages\/10366"}],"wp:attachment":[{"href":"https:\/\/novusmedical.ca\/fr\/wp-json\/wp\/v2\/media?parent=10943"}],"curies":[{"name":"wp","href":"https:\/\/api.w.org\/{rel}","templated":true}]}}