{"id":10786,"date":"2021-09-28T17:21:26","date_gmt":"2021-09-28T17:21:26","guid":{"rendered":"https:\/\/novusmedical.ca\/neotech\/neospoon\/"},"modified":"2024-10-24T16:08:18","modified_gmt":"2024-10-24T16:08:18","slug":"neospoon","status":"publish","type":"page","link":"https:\/\/novusmedical.ca\/fr\/neotech\/neospoon\/","title":{"rendered":"NeoSpoon"},"content":{"rendered":"<div class=\"wpb-content-wrapper\">[vc_row css=&#8221;.vc_custom_1594314647893{margin-top: -50px !important;}&#8221;][vc_column]\n\t\t\t<!-- START Neotech REVOLUTION SLIDER 6.6.9 --><p class=\"rs-p-wp-fix\"><\/p>\n\t\t\t<rs-module-wrap id=\"rev_slider_49_1_wrapper\" data-source=\"gallery\" style=\"visibility:hidden;background:transparent;padding:0;margin:0px auto;margin-top:0;margin-bottom:0;\">\n\t\t\t\t<rs-module id=\"rev_slider_49_1\" style=\"\" data-version=\"6.6.9\">\n\t\t\t\t\t<rs-slides style=\"overflow: hidden; position: absolute;\">\n\t\t\t\t\t\t<rs-slide style=\"position: absolute;\" data-key=\"rs-71\" data-title=\"FixIV\" data-anim=\"adpr:false;\" data-in=\"o:0;\" data-out=\"a:false;\">\n\t\t\t\t\t\t\t<img data-recalc-dims=\"1\" decoding=\"async\" src=\"https:\/\/i0.wp.com\/novusmedical.ca\/wp-content\/plugins\/revslider\/public\/assets\/assets\/dummy.png?resize=1280%2C960\" alt=\"FixIV\" title=\"Photo2\" width=\"1280\" height=\"960\" class=\"rev-slidebg tp-rs-img rs-lazyload\" data-lazyload=\"\/\/novusmedical.ca\/wp-content\/plugins\/revslider\/public\/assets\/assets\/transparent.png\" data-bg=\"c:#007ac3;\" data-no-retina>\n<!--\n\t\t\t\t\t\t\t--><rs-layer\n\t\t\t\t\t\t\t\tid=\"slider-49-slide-71-layer-2\" \n\t\t\t\t\t\t\t\tdata-type=\"image\"\n\t\t\t\t\t\t\t\tdata-rsp_ch=\"on\"\n\t\t\t\t\t\t\t\tdata-xy=\"x:c;xo:10px;y:c;\"\n\t\t\t\t\t\t\t\tdata-text=\"w:normal;\"\n\t\t\t\t\t\t\t\tdata-dim=\"w:561px;h:179px;\"\n\t\t\t\t\t\t\t\tdata-frame_999=\"o:0;st:w;\"\n\t\t\t\t\t\t\t\tstyle=\"z-index:8;\"\n\t\t\t\t\t\t\t><img data-recalc-dims=\"1\" decoding=\"async\" src=\"https:\/\/i0.wp.com\/novusmedical.ca\/wp-content\/plugins\/revslider\/public\/assets\/assets\/dummy.png?resize=469%2C150\" alt=\"\" class=\"tp-rs-img rs-lazyload\" width=\"469\" height=\"150\" data-lazyload=\"\/\/novusmedical.ca\/wp-content\/uploads\/2021\/09\/Neotech_Products.png\" data-no-retina> \n\t\t\t\t\t\t\t<\/rs-layer><!--\n-->\t\t\t\t\t\t<\/rs-slide>\n\t\t\t\t\t<\/rs-slides>\n\t\t\t\t<\/rs-module>\n\t\t\t\t<script>\n\t\t\t\t\tsetREVStartSize({c: 'rev_slider_49_1',rl:[1240,1024,778,480],el:[450],gw:[1240],gh:[450],type:'standard',justify:'',layout:'fullwidth',mh:\"0\"});if (window.RS_MODULES!==undefined && window.RS_MODULES.modules!==undefined && window.RS_MODULES.modules[\"revslider491\"]!==undefined) {window.RS_MODULES.modules[\"revslider491\"].once = false;window.revapi49 = undefined;if (window.RS_MODULES.checkMinimal!==undefined) window.RS_MODULES.checkMinimal()}\n\t\t\t\t<\/script>\n\t\t\t<\/rs-module-wrap>\n\t\t\t<!-- END REVOLUTION SLIDER -->\n[\/vc_column][\/vc_row][vc_row][vc_column width=&#8221;1\/6&#8243;][vc_empty_space][\/vc_column][vc_column width=&#8221;2\/3&#8243;][vc_empty_space height=&#8221;50px&#8221;][vc_custom_heading text=&#8221;Cuill\u00e8re NeoSpoonTM&#8221; font_container=&#8221;tag:h2|font_size:42|text_align:center|color:%23000000&#8243; google_fonts=&#8221;font_family:Roboto%3A100%2C100italic%2C300%2C300italic%2Cregular%2Citalic%2C500%2C500italic%2C700%2C700italic%2C900%2C900italic|font_style:500%20bold%20regular%3A500%3Anormal&#8221; css=&#8221;.vc_custom_1632849917076{margin-bottom: 0px !important;}&#8221;][vc_custom_heading text=&#8221;Cuill\u00e8re \u00e0 mesurer jetable&#8221; font_container=&#8221;tag:h2|font_size:32|text_align:center|color:%23007ac3&#8243; google_fonts=&#8221;font_family:Roboto%3A100%2C100italic%2C300%2C300italic%2Cregular%2Citalic%2C500%2C500italic%2C700%2C700italic%2C900%2C900italic|font_style:500%20bold%20regular%3A500%3Anormal&#8221;][vc_separator border_width=&#8221;2&#8243;][\/vc_column][vc_column width=&#8221;1\/6&#8243;][vc_empty_space][\/vc_column][\/vc_row][vc_row][vc_column width=&#8221;1\/6&#8243;][\/vc_column][vc_column width=&#8221;2\/3&#8243;][vc_column_text css=&#8221;.vc_custom_1632849935597{margin-bottom: 15px !important;}&#8221;]\n<p style=\"text-align: left;\">La cuill\u00e8re NeoSpoon de Neotech permet une mesure pr\u00e9cise de la formule et des fortifiants \u00e0 usage n\u00e9onatal et p\u00e9diatrique. Avec un distributeur pratique int\u00e9gr\u00e9 dans l\u2019emballage, il est \u00e0 usage unique pour aider \u00e0 minimiser les risques de contamination crois\u00e9e. La conception \u00e0 double cuill\u00e8re vous permet de mesurer en multiples de 1\/2 (2,5 ml) cuill\u00e8re \u00e0 th\u00e9 ou 1\/8 (0,6 ml) de cuill\u00e8re \u00e0 th\u00e9 et ce, m\u00eame pour les plus jeunes nouveau-n\u00e9s. Il est fait de polym\u00e8re de qualit\u00e9 alimentaire biod\u00e9gradable.<\/p>\n[\/vc_column_text][\/vc_column][vc_column width=&#8221;1\/6&#8243;][\/vc_column][\/vc_row][vc_row full_width=&#8221;stretch_row&#8221; gap=&#8221;35&#8243; content_placement=&#8221;top&#8221; css=&#8221;.vc_custom_1632332984655{margin-right: 30px !important;margin-left: 0px !important;background-color: #ffffff !important;}&#8221; el_id=&#8221;aeramaxproii&#8221;][vc_column width=&#8221;1\/2&#8243; css=&#8221;.vc_custom_1594316805032{margin-right: 0px !important;}&#8221;][vc_single_image image=&#8221;7657&#8243; img_size=&#8221;full&#8221; alignment=&#8221;center&#8221;][vc_single_image image=&#8221;7658&#8243; img_size=&#8221;medium&#8221; onclick=&#8221;link_image&#8221;][\/vc_column][vc_column width=&#8221;1\/2&#8243; css=&#8221;.vc_custom_1632333011420{margin-left: 35px !important;}&#8221;][vc_empty_space height=&#8221;15px&#8221;][vc_custom_heading text=&#8221;Avantages&#8221; font_container=&#8221;tag:h2|font_size:32|text_align:left|color:%23007ac3&#8243; google_fonts=&#8221;font_family:Roboto%3A100%2C100italic%2C300%2C300italic%2Cregular%2Citalic%2C500%2C500italic%2C700%2C700italic%2C900%2C900italic|font_style:500%20bold%20regular%3A500%3Anormal&#8221;][vc_column_text]\n<ul>\n<li style=\"list-style-type: none;\">\n<ul>\n<li>Double cuill\u00e8re de 1,8 ml et 7,4 ml (1\/8 et 1\/2 c. \u00e0 s.)<\/li>\n<li>Con\u00e7ue pour mesurer rapidement et pr\u00e9cis\u00e9ment<\/li>\n<li>Permet d\u2019administrer un volume pr\u00e9cis par dose de 1,8 ml<\/li>\n<li>Id\u00e9ale pour les pr\u00e9parations en poudre pour nourrissons<\/li>\n<li>Mat\u00e9riau biod\u00e9gradable respectueux de l\u2019environnement<\/li>\n<li>Fabriqu\u00e9 sans latex de caoutchouc naturel et plastifiant DEHP<\/li>\n<li>Emballage individuel<\/li>\n<\/ul>\n<\/li>\n<\/ul>\n[\/vc_column_text][vc_btn title=&#8221;Sp\u00e9cifications&#8221; style=&#8221;outline-custom&#8221; outline_custom_color=&#8221;#000000&#8243; outline_custom_hover_background=&#8221;#93d500&#8243; outline_custom_hover_text=&#8221;#ffffff&#8221; shape=&#8221;square&#8221; align=&#8221;left&#8221; i_icon_fontawesome=&#8221;fas fa-book-medical&#8221; css=&#8221;&#8221; add_icon=&#8221;true&#8221; link=&#8221;url:https%3A%2F%2Fnovusmedical.ca%2Fwp-content%2Fuploads%2F2024%2F10%2FFrench_NeoSpoon_Sell_Sheet.pdf|title:NeoSpoon|target:_blank&#8221;][vc_btn title=&#8221;Obtenir un devis&#8221; style=&#8221;outline-custom&#8221; outline_custom_color=&#8221;#000000&#8243; outline_custom_hover_background=&#8221;#93d500&#8243; outline_custom_hover_text=&#8221;#ffffff&#8221; shape=&#8221;square&#8221; align=&#8221;left&#8221; i_icon_fontawesome=&#8221;fas fa-dollar-sign&#8221; add_icon=&#8221;true&#8221; link=&#8221;url:https%3A%2F%2Fnovusmedical.ca%2Ffr%2Fcontact-novus%2F|title:Contact%20Novus&#8221;][vc_empty_space][\/vc_column][\/vc_row][vc_row][vc_column][vc_empty_space height=&#8221;80px&#8221;][\/vc_column][\/vc_row][vc_row full_width=&#8221;stretch_row&#8221; css=&#8221;.vc_custom_1716489222339{margin-bottom: -60px !important;border-bottom-width: 0px !important;padding-top: 50px !important;padding-bottom: 50px !important;background-image: url(https:\/\/novusmedical.ca\/wp-content\/uploads\/2021\/12\/Background-image-for-Web.png?id=7770) !important;background-position: center !important;background-repeat: no-repeat !important;background-size: cover !important;}&#8221;][vc_column width=&#8221;1\/3&#8243;][vc_single_image image=&#8221;7769&#8243; img_size=&#8221;large&#8221; alignment=&#8221;center&#8221;][vc_empty_space height=&#8221;5px&#8221;][\/vc_column][vc_column width=&#8221;2\/3&#8243; css=&#8221;.vc_custom_1640295263973{margin-left: 35px !important;}&#8221;][vc_empty_space height=&#8221;5px&#8221;][vc_custom_heading text=&#8221;Notre catalogue de produits n\u00e9onatals !&#8221; font_container=&#8221;tag:h2|font_size:34|text_align:left|color:%2395c93d&#8221; google_fonts=&#8221;font_family:Roboto%3A100%2C100italic%2C300%2C300italic%2Cregular%2Citalic%2C500%2C500italic%2C700%2C700italic%2C900%2C900italic|font_style:900%20bold%20regular%3A900%3Anormal&#8221;][vc_custom_heading text=&#8221;Nous avons d\u00e9velopp\u00e9 notre syst\u00e8me d&#8217;information Novus Medical Inc. Le catalogue de soins pour nourrissons pr\u00e9sente et fournit tous nos produits n\u00e9onatals dans un seul PDF t\u00e9l\u00e9chargeable.&#8221; font_container=&#8221;tag:h2|font_size:18|text_align:left|color:%23ffffff|line_height:1.5&#8243; google_fonts=&#8221;font_family:Roboto%3A100%2C100italic%2C300%2C300italic%2Cregular%2Citalic%2C500%2C500italic%2C700%2C700italic%2C900%2C900italic|font_style:400%20regular%3A400%3Anormal&#8221;][vc_empty_space height=&#8221;5px&#8221;][vc_row_inner][vc_column_inner width=&#8221;1\/4&#8243;][vc_btn title=&#8221;Voir l&#8217;anglais&#8221; style=&#8221;outline-custom&#8221; outline_custom_color=&#8221;#ffffff&#8221; outline_custom_hover_background=&#8221;#93d500&#8243; outline_custom_hover_text=&#8221;#000000&#8243; shape=&#8221;square&#8221; align=&#8221;left&#8221; i_icon_fontawesome=&#8221;fas fa-book-open&#8221; add_icon=&#8221;true&#8221; link=&#8221;url:https%3A%2F%2Fnovusmedical.ca%2Fneonatal-catalogue%2F|title:Catalogue%20soins%20pour%20nourrissons|&#8221;][\/vc_column_inner][vc_column_inner width=&#8221;1\/4&#8243;][vc_btn title=&#8221;T\u00e9l\u00e9charger l&#8217;anglais&#8221; style=&#8221;outline-custom&#8221; outline_custom_color=&#8221;#ffffff&#8221; outline_custom_hover_background=&#8221;#93d500&#8243; outline_custom_hover_text=&#8221;#000000&#8243; shape=&#8221;square&#8221; align=&#8221;left&#8221; link=&#8221;url:https%3A%2F%2Fnovusmedical.ca%2Fwp-content%2Fuploads%2F2023%2F04%2FNM_ENG_NeoNatalCatalogue_0725.pdf|target:_blank|&#8221;][\/vc_column_inner][vc_column_inner width=&#8221;1\/4&#8243;][vc_btn title=&#8221;Voir le fran\u00e7ais&#8221; style=&#8221;outline-custom&#8221; outline_custom_color=&#8221;#ffffff&#8221; outline_custom_hover_background=&#8221;#93d500&#8243; outline_custom_hover_text=&#8221;#000000&#8243; shape=&#8221;square&#8221; align=&#8221;left&#8221; i_icon_fontawesome=&#8221;fas fa-book-open&#8221; add_icon=&#8221;true&#8221; link=&#8221;url:https%3A%2F%2Fnovusmedical.ca%2Fneonatal-catalogue-fr%2F|title:Catalogue%20soins%20pour%20nourrissons|&#8221;][\/vc_column_inner][vc_column_inner width=&#8221;1\/4&#8243;][vc_btn title=&#8221;T\u00e9l\u00e9charger le fran\u00e7ais&#8221; style=&#8221;outline-custom&#8221; outline_custom_color=&#8221;#ffffff&#8221; outline_custom_hover_background=&#8221;#93d500&#8243; outline_custom_hover_text=&#8221;#000000&#8243; shape=&#8221;square&#8221; align=&#8221;left&#8221; link=&#8221;url:https%3A%2F%2Fnovusmedical.ca%2Fwp-content%2Fuploads%2F2023%2F04%2FNM_FR_NeoNatalCatalogue_0725.pdf|target:_blank|&#8221;][\/vc_column_inner][\/vc_row_inner][\/vc_column][\/vc_row]\n<\/div>","protected":false},"excerpt":{"rendered":"<p>[vc_row css=&#8221;.vc_custom_1594314647893{margin-top: -50px !important;}&#8221;][vc_column][\/vc_column][\/vc_row][vc_row][vc_column width=&#8221;1\/6&#8243;][vc_empty_space][\/vc_column][vc_column width=&#8221;2\/3&#8243;][vc_empty_space height=&#8221;50px&#8221;][vc_custom_heading text=&#8221;Cuill\u00e8re NeoSpoonTM&#8221; font_container=&#8221;tag:h2|font_size:42|text_align:center|color:%23000000&#8243; google_fonts=&#8221;font_family:Roboto%3A100%2C100italic%2C300%2C300italic%2Cregular%2Citalic%2C500%2C500italic%2C700%2C700italic%2C900%2C900italic|font_style:500%20bold%20regular%3A500%3Anormal&#8221; css=&#8221;.vc_custom_1632849917076{margin-bottom: 0px !important;}&#8221;][vc_custom_heading text=&#8221;Cuill\u00e8re \u00e0 mesurer jetable&#8221; font_container=&#8221;tag:h2|font_size:32|text_align:center|color:%23007ac3&#8243; google_fonts=&#8221;font_family:Roboto%3A100%2C100italic%2C300%2C300italic%2Cregular%2Citalic%2C500%2C500italic%2C700%2C700italic%2C900%2C900italic|font_style:500%20bold%20regular%3A500%3Anormal&#8221;][vc_separator [&hellip;]<\/p>\n","protected":false},"author":2,"featured_media":0,"parent":10409,"menu_order":0,"comment_status":"closed","ping_status":"closed","template":"","meta":{"om_disable_all_campaigns":false,"_monsterinsights_skip_tracking":false,"_monsterinsights_sitenote_active":false,"_monsterinsights_sitenote_note":"","_monsterinsights_sitenote_category":0,"footnotes":""},"class_list":["post-10786","page","type-page","status-publish","hentry"],"jetpack_sharing_enabled":true,"_links":{"self":[{"href":"https:\/\/novusmedical.ca\/fr\/wp-json\/wp\/v2\/pages\/10786","targetHints":{"allow":["GET"]}}],"collection":[{"href":"https:\/\/novusmedical.ca\/fr\/wp-json\/wp\/v2\/pages"}],"about":[{"href":"https:\/\/novusmedical.ca\/fr\/wp-json\/wp\/v2\/types\/page"}],"author":[{"embeddable":true,"href":"https:\/\/novusmedical.ca\/fr\/wp-json\/wp\/v2\/users\/2"}],"replies":[{"embeddable":true,"href":"https:\/\/novusmedical.ca\/fr\/wp-json\/wp\/v2\/comments?post=10786"}],"version-history":[{"count":5,"href":"https:\/\/novusmedical.ca\/fr\/wp-json\/wp\/v2\/pages\/10786\/revisions"}],"predecessor-version":[{"id":11943,"href":"https:\/\/novusmedical.ca\/fr\/wp-json\/wp\/v2\/pages\/10786\/revisions\/11943"}],"up":[{"embeddable":true,"href":"https:\/\/novusmedical.ca\/fr\/wp-json\/wp\/v2\/pages\/10409"}],"wp:attachment":[{"href":"https:\/\/novusmedical.ca\/fr\/wp-json\/wp\/v2\/media?parent=10786"}],"curies":[{"name":"wp","href":"https:\/\/api.w.org\/{rel}","templated":true}]}}