{"id":10728,"date":"2021-09-25T18:29:45","date_gmt":"2021-09-25T18:29:45","guid":{"rendered":"https:\/\/novusmedical.ca\/neotech\/littlesucker\/"},"modified":"2025-11-18T17:11:31","modified_gmt":"2025-11-18T17:11:31","slug":"littlesucker","status":"publish","type":"page","link":"https:\/\/novusmedical.ca\/fr\/neotech\/littlesucker\/","title":{"rendered":"LittleSucker"},"content":{"rendered":"<div class=\"wpb-content-wrapper\">[vc_row css=&#8221;.vc_custom_1594314647893{margin-top: -50px !important;}&#8221;][vc_column]\n\t\t\t<!-- START Neotech REVOLUTION SLIDER 6.6.9 --><p class=\"rs-p-wp-fix\"><\/p>\n\t\t\t<rs-module-wrap id=\"rev_slider_49_1_wrapper\" data-source=\"gallery\" style=\"visibility:hidden;background:transparent;padding:0;margin:0px auto;margin-top:0;margin-bottom:0;\">\n\t\t\t\t<rs-module id=\"rev_slider_49_1\" style=\"\" data-version=\"6.6.9\">\n\t\t\t\t\t<rs-slides style=\"overflow: hidden; position: absolute;\">\n\t\t\t\t\t\t<rs-slide style=\"position: absolute;\" data-key=\"rs-71\" data-title=\"FixIV\" data-anim=\"adpr:false;\" data-in=\"o:0;\" data-out=\"a:false;\">\n\t\t\t\t\t\t\t<img data-recalc-dims=\"1\" decoding=\"async\" src=\"https:\/\/i0.wp.com\/novusmedical.ca\/wp-content\/plugins\/revslider\/public\/assets\/assets\/dummy.png?resize=1280%2C960\" alt=\"FixIV\" title=\"Photo2\" width=\"1280\" height=\"960\" class=\"rev-slidebg tp-rs-img rs-lazyload\" data-lazyload=\"\/\/novusmedical.ca\/wp-content\/plugins\/revslider\/public\/assets\/assets\/transparent.png\" data-bg=\"c:#007ac3;\" data-no-retina>\n<!--\n\t\t\t\t\t\t\t--><rs-layer\n\t\t\t\t\t\t\t\tid=\"slider-49-slide-71-layer-2\" \n\t\t\t\t\t\t\t\tdata-type=\"image\"\n\t\t\t\t\t\t\t\tdata-rsp_ch=\"on\"\n\t\t\t\t\t\t\t\tdata-xy=\"x:c;xo:10px;y:c;\"\n\t\t\t\t\t\t\t\tdata-text=\"w:normal;\"\n\t\t\t\t\t\t\t\tdata-dim=\"w:561px;h:179px;\"\n\t\t\t\t\t\t\t\tdata-frame_999=\"o:0;st:w;\"\n\t\t\t\t\t\t\t\tstyle=\"z-index:8;\"\n\t\t\t\t\t\t\t><img data-recalc-dims=\"1\" decoding=\"async\" src=\"https:\/\/i0.wp.com\/novusmedical.ca\/wp-content\/plugins\/revslider\/public\/assets\/assets\/dummy.png?resize=469%2C150\" alt=\"\" class=\"tp-rs-img rs-lazyload\" width=\"469\" height=\"150\" data-lazyload=\"\/\/novusmedical.ca\/wp-content\/uploads\/2021\/09\/Neotech_Products.png\" data-no-retina> \n\t\t\t\t\t\t\t<\/rs-layer><!--\n-->\t\t\t\t\t\t<\/rs-slide>\n\t\t\t\t\t<\/rs-slides>\n\t\t\t\t<\/rs-module>\n\t\t\t\t<script>\n\t\t\t\t\tsetREVStartSize({c: 'rev_slider_49_1',rl:[1240,1024,778,480],el:[450],gw:[1240],gh:[450],type:'standard',justify:'',layout:'fullwidth',mh:\"0\"});if (window.RS_MODULES!==undefined && window.RS_MODULES.modules!==undefined && window.RS_MODULES.modules[\"revslider491\"]!==undefined) {window.RS_MODULES.modules[\"revslider491\"].once = false;window.revapi49 = undefined;if (window.RS_MODULES.checkMinimal!==undefined) window.RS_MODULES.checkMinimal()}\n\t\t\t\t<\/script>\n\t\t\t<\/rs-module-wrap>\n\t\t\t<!-- END REVOLUTION SLIDER -->\n[\/vc_column][\/vc_row][vc_row][vc_column width=&#8221;1\/6&#8243;][vc_empty_space][\/vc_column][vc_column width=&#8221;2\/3&#8243;][vc_empty_space height=&#8221;150&#8243;][vc_custom_heading text=&#8221;Little Sucker\u00ae, embout nasal dispositif d\u2019aspiration nasal&#8221; font_container=&#8221;tag:h2|font_size:42|text_align:center|color:%23000000|line_height:1.25&#8243; google_fonts=&#8221;font_family:Roboto%3A100%2C100italic%2C300%2C300italic%2Cregular%2Citalic%2C500%2C500italic%2C700%2C700italic%2C900%2C900italic|font_style:500%20bold%20regular%3A500%3Anormal&#8221; css=&#8221;.vc_custom_1763485833045{margin-bottom: 0px !important;}&#8221;][vc_custom_heading text=&#8221;Dispositif d\u2019aspiration oral, nasal et capuchon&#8221; font_container=&#8221;tag:h2|font_size:32|text_align:center|color:%23007ac3|line_height:1&#8243; google_fonts=&#8221;font_family:Roboto%3A100%2C100italic%2C300%2C300italic%2Cregular%2Citalic%2C500%2C500italic%2C700%2C700italic%2C900%2C900italic|font_style:500%20bold%20regular%3A500%3Anormal&#8221; css=&#8221;.vc_custom_1763485110968{padding-top: 10px !important;}&#8221;][vc_separator border_width=&#8221;2&#8243;][\/vc_column][vc_column width=&#8221;1\/6&#8243;][\/vc_column][\/vc_row][vc_row][vc_column width=&#8221;1\/2&#8243;][vc_single_image image=&#8221;9754&#8243; img_size=&#8221;large&#8221; alignment=&#8221;center&#8221; onclick=&#8221;link_image&#8221;][vc_custom_heading text=&#8221;Little Sucker&#8221; font_container=&#8221;tag:h2|font_size:32|text_align:center|color:%23007ac3&#8243; google_fonts=&#8221;font_family:Roboto%3A100%2C100italic%2C300%2C300italic%2Cregular%2Citalic%2C500%2C500italic%2C700%2C700italic%2C900%2C900italic|font_style:500%20bold%20regular%3A500%3Anormal&#8221;][vc_column_text css=&#8221;.vc_custom_1632596318814{margin-bottom: 15px !important;}&#8221;]\n<p style=\"text-align: left;\">Le Little Sucker brevet\u00e9 de Neotech est le premier dispositif d\u2019aspiration compatible avec une vari\u00e9t\u00e9 de soins p\u00e9diatriques, en particulier les soins intensifs n\u00e9onataux. Le Little Sucker original fabriqu\u00e9 aux \u00c9tats-Unis poss\u00e8de un embout doux et flexible et est compos\u00e9 de mat\u00e9riau hypoallerg\u00e9nique. Sa durabilit\u00e9 permet \u00e9galement son utilisation en contexte de soins \u00e0 domicile.<\/p>\n[\/vc_column_text][vc_column_text]\n<ul>\n<li style=\"list-style-type: none;\">\n<ul>\n<li>Con\u00e7u pour aspirer en n\u2019utilisant qu\u2019une seule main<\/li>\n<li>Orifice pour le pouce pour une aspiration intermittente<\/li>\n<li>Embout doux et flexible similaire \u00e0 celui d\u2019une poire nasale<\/li>\n<li>N\u2019est pas fabriqu\u00e9 \u00e0 partir de latex de caoutchouc naturel ou de plastifiant DEHP<\/li>\n<li>Emballage individuel<\/li>\n<\/ul>\n<\/li>\n<\/ul>\n[\/vc_column_text][vc_btn title=&#8221;Sp\u00e9cifications&#8221; style=&#8221;outline-custom&#8221; outline_custom_color=&#8221;#000000&#8243; outline_custom_hover_background=&#8221;#93d500&#8243; outline_custom_hover_text=&#8221;#ffffff&#8221; shape=&#8221;square&#8221; i_icon_fontawesome=&#8221;fas fa-book-medical&#8221; css=&#8221;&#8221; add_icon=&#8221;true&#8221; link=&#8221;url:https%3A%2F%2Fnovusmedical.ca%2Fwp-content%2Fuploads%2F2025%2F11%2FM672_RevC_Little_Sucker_and_Cover_French_Sell_Sheet.pdf|target:_blank&#8221;][vc_btn title=&#8221;Obtenir un devis&#8221; style=&#8221;outline-custom&#8221; outline_custom_color=&#8221;#000000&#8243; outline_custom_hover_background=&#8221;#93d500&#8243; outline_custom_hover_text=&#8221;#ffffff&#8221; shape=&#8221;square&#8221; i_icon_fontawesome=&#8221;fas fa-dollar-sign&#8221; css=&#8221;.vc_custom_1763485730590{margin-left: 15px !important;}&#8221; add_icon=&#8221;true&#8221; link=&#8221;url:https%3A%2F%2Fnovusmedical.ca%2Ffr%2Fcontact-novus%2F|title:Contact%20Novus&#8221;][\/vc_column][vc_column width=&#8221;1\/2&#8243;][vc_single_image image=&#8221;13927&#8243; img_size=&#8221;large&#8221; alignment=&#8221;center&#8221; onclick=&#8221;link_image&#8221; css=&#8221;&#8221;][vc_custom_heading text=&#8221;Couvercle Little Sucker + nouveau couvercle Hook&#8221; font_container=&#8221;tag:h2|font_size:32|text_align:center|color:%23007ac3|line_height:1&#8243; google_fonts=&#8221;font_family:Roboto%3A100%2C100italic%2C300%2C300italic%2Cregular%2Citalic%2C500%2C500italic%2C700%2C700italic%2C900%2C900italic|font_style:500%20bold%20regular%3A500%3Anormal&#8221; css=&#8221;&#8221;][vc_column_text css=&#8221;.vc_custom_1632596337984{margin-bottom: 15px !important;}&#8221;]\n<p style=\"text-align: left;\">Le capuchon Little Sucker, invent\u00e9 par les cliniciens, est con\u00e7u pour prot\u00e9ger le Little Sucker de dommages, d\u00e9bris et contaminants externes. La couleur bleue vif le rend plus facile \u00e0 trouver.<\/p>\n[\/vc_column_text][vc_column_text]\n<ul>\n<li style=\"list-style-type: none;\">\n<ul>\n<li>Con\u00e7ue pour prot\u00e9ger le Little Sucker contre les d\u00e9g\u00e2ts, les r\u00e9sidus et les contaminants externes<\/li>\n<li>Bleu vif pour une meilleure visibilit\u00e9<\/li>\n<li>Bouchon de l\u2019orifice antibruit<\/li>\n<li>N\u2019est pas fabriqu\u00e9 \u00e0 partir de latex de caoutchouc naturel ou de plastifiant DEHP<\/li>\n<li>Emballage individuel<\/li>\n<\/ul>\n<\/li>\n<\/ul>\n[\/vc_column_text][vc_btn title=&#8221;Sp\u00e9cifications&#8221; style=&#8221;outline-custom&#8221; outline_custom_color=&#8221;#000000&#8243; outline_custom_hover_background=&#8221;#93d500&#8243; outline_custom_hover_text=&#8221;#ffffff&#8221; shape=&#8221;square&#8221; i_icon_fontawesome=&#8221;fas fa-book-medical&#8221; css=&#8221;&#8221; add_icon=&#8221;true&#8221; link=&#8221;url:https%3A%2F%2Fnovusmedical.ca%2Fwp-content%2Fuploads%2F2025%2F11%2FM672_RevC_Little_Sucker_and_Cover_French_Sell_Sheet.pdf|target:_blank&#8221;][vc_btn title=&#8221;Obtenir un devis&#8221; style=&#8221;outline-custom&#8221; outline_custom_color=&#8221;#000000&#8243; outline_custom_hover_background=&#8221;#93d500&#8243; outline_custom_hover_text=&#8221;#ffffff&#8221; shape=&#8221;square&#8221; i_icon_fontawesome=&#8221;fas fa-dollar-sign&#8221; css=&#8221;.vc_custom_1763485746192{margin-left: 15px !important;}&#8221; add_icon=&#8221;true&#8221; link=&#8221;url:https%3A%2F%2Fnovusmedical.ca%2Ffr%2Fcontact-novus%2F|title:Contact%20Novus&#8221;][\/vc_column][\/vc_row][vc_row css=&#8221;.vc_custom_1763485887140{margin-top: 100px !important;}&#8221;][vc_column width=&#8221;1\/2&#8243;][vc_single_image image=&#8221;9759&#8243; img_size=&#8221;large&#8221; alignment=&#8221;center&#8221; onclick=&#8221;link_image&#8221;][vc_custom_heading text=&#8221;Little Sucker avec embout nasal&#8221; font_container=&#8221;tag:h2|font_size:32|text_align:center|color:%23007ac3&#8243; google_fonts=&#8221;font_family:Roboto%3A100%2C100italic%2C300%2C300italic%2Cregular%2Citalic%2C500%2C500italic%2C700%2C700italic%2C900%2C900italic|font_style:500%20bold%20regular%3A500%3Anormal&#8221;][vc_column_text css=&#8221;.vc_custom_1632596365424{margin-bottom: 15px !important;}&#8221;]Le Little Sucker avec embout nasal brevet\u00e9 de Neotech est le premier dispositif aspiration nasal pour l\u2019unit\u00e9 de soins intensifs n\u00e9onatals et l\u2019unit\u00e9 de soins intensifs p\u00e9diatriques. Sa conception exclusive comporte un embout sp\u00e9cialis\u00e9 qui permet d\u2019\u00e9viter de l\u2019ins\u00e9rer trop loin dans les narines.<br \/>\nLa pointe fabriqu\u00e9e \u00e0 partir d\u2019un mat\u00e9riau hypoallerg\u00e9nique est douce et flexible. Sa durabilit\u00e9 permet \u00e9galement son utilisation en contexte de soins \u00e0 domicile.[\/vc_column_text][vc_column_text]\n<ul>\n<li style=\"list-style-type: none;\">\n<ul>\n<li>Embout sp\u00e9cialis\u00e9 con\u00e7u pour r\u00e9duire les \u00e9ventuels traumatismes tissulaires<\/li>\n<li>Con\u00e7u pour aspirer en n\u2019utilisant qu\u2019une seule main<\/li>\n<li>Orifice pour le pouce pour une aspiration intermittente<\/li>\n<li>Embout doux et flexible similaire \u00e0 celui d\u2019une poire nasale<\/li>\n<li>N\u2019est pas fabriqu\u00e9 \u00e0 partir de latex de caoutchouc naturel ou de plastifiant DEHP<\/li>\n<li>Emballage individuel<\/li>\n<\/ul>\n<\/li>\n<\/ul>\n[\/vc_column_text][vc_btn title=&#8221;Sp\u00e9cifications&#8221; style=&#8221;outline-custom&#8221; outline_custom_color=&#8221;#000000&#8243; outline_custom_hover_background=&#8221;#93d500&#8243; outline_custom_hover_text=&#8221;#ffffff&#8221; shape=&#8221;square&#8221; i_icon_fontawesome=&#8221;fas fa-book-medical&#8221; css=&#8221;&#8221; add_icon=&#8221;true&#8221; link=&#8221;url:https%3A%2F%2Fnovusmedical.ca%2Fwp-content%2Fuploads%2F2024%2F10%2FFrench_Little_Sucker_and_Cover_Sell_Sheet.pdf|target:_blank&#8221;][vc_btn title=&#8221;Obtenir un devis&#8221; style=&#8221;outline-custom&#8221; outline_custom_color=&#8221;#000000&#8243; outline_custom_hover_background=&#8221;#93d500&#8243; outline_custom_hover_text=&#8221;#ffffff&#8221; shape=&#8221;square&#8221; i_icon_fontawesome=&#8221;fas fa-dollar-sign&#8221; css=&#8221;.vc_custom_1763485667167{margin-left: 15px !important;}&#8221; add_icon=&#8221;true&#8221; link=&#8221;url:https%3A%2F%2Fnovusmedical.ca%2Ffr%2Fcontact-novus%2F|title:Contact%20Novus&#8221;][\/vc_column][vc_column width=&#8221;1\/2&#8243;][vc_single_image image=&#8221;13933&#8243; img_size=&#8221;large&#8221; alignment=&#8221;center&#8221; onclick=&#8221;link_image&#8221; css=&#8221;&#8221;][vc_custom_heading text=&#8221;Cache pour embout nasal + nouveau cache pour crochet&#8221; font_container=&#8221;tag:h2|font_size:32|text_align:center|color:%23007ac3|line_height:1&#8243; google_fonts=&#8221;font_family:Roboto%3A100%2C100italic%2C300%2C300italic%2Cregular%2Citalic%2C500%2C500italic%2C700%2C700italic%2C900%2C900italic|font_style:500%20bold%20regular%3A500%3Anormal&#8221; css=&#8221;&#8221;][vc_column_text css=&#8221;.vc_custom_1763485422861{margin-bottom: 15px !important;}&#8221;]\n<p style=\"text-align: left;\">Le capuchon cache pour embout nasal , invent\u00e9 par les cliniciens, est con\u00e7u pour prot\u00e9ger le cache pour embout nasal de dommages, d\u00e9bris et contaminants externes. La couleur bleue vif le rend plus facile \u00e0 trouver.<\/p>\n[\/vc_column_text][vc_column_text css=&#8221;&#8221;]\n<ul>\n<li style=\"list-style-type: none;\">\n<ul>\n<li>Con\u00e7ue pour prot\u00e9ger le cache pour embout nasal contre les d\u00e9g\u00e2ts, les r\u00e9sidus et les contaminants externes<\/li>\n<li>Bleu vif pour une meilleure visibilit\u00e9<\/li>\n<li>Bouchon de l\u2019orifice antibruit<\/li>\n<li>N\u2019est pas fabriqu\u00e9 \u00e0 partir de latex de caoutchouc naturel ou de plastifiant DEHP<\/li>\n<li>Emballage individuel<\/li>\n<\/ul>\n<\/li>\n<\/ul>\n[\/vc_column_text][vc_btn title=&#8221;Sp\u00e9cifications&#8221; style=&#8221;outline-custom&#8221; outline_custom_color=&#8221;#000000&#8243; outline_custom_hover_background=&#8221;#93d500&#8243; outline_custom_hover_text=&#8221;#ffffff&#8221; shape=&#8221;square&#8221; i_icon_fontawesome=&#8221;fas fa-book-medical&#8221; css=&#8221;&#8221; add_icon=&#8221;true&#8221; link=&#8221;url:https%3A%2F%2Fnovusmedical.ca%2Fwp-content%2Fuploads%2F2025%2F11%2FLittle_Sucker_Nasal_Tip_Sell_Sheet.pdf|target:_blank&#8221;][vc_btn title=&#8221;Obtenir un devis&#8221; style=&#8221;outline-custom&#8221; outline_custom_color=&#8221;#000000&#8243; outline_custom_hover_background=&#8221;#93d500&#8243; outline_custom_hover_text=&#8221;#ffffff&#8221; shape=&#8221;square&#8221; i_icon_fontawesome=&#8221;fas fa-dollar-sign&#8221; css=&#8221;.vc_custom_1763485711932{margin-left: 15px !important;}&#8221; add_icon=&#8221;true&#8221; link=&#8221;url:https%3A%2F%2Fnovusmedical.ca%2Ffr%2Fcontact-novus%2F|title:Contact%20Novus&#8221;][\/vc_column][\/vc_row][vc_row][vc_column][vc_empty_space height=&#8221;150px&#8221;][vc_custom_heading text=&#8221;Images du produit&#8221; font_container=&#8221;tag:h2|font_size:32|text_align:center|color:%23007ac3&#8243; google_fonts=&#8221;font_family:Roboto%3A100%2C100italic%2C300%2C300italic%2Cregular%2Citalic%2C500%2C500italic%2C700%2C700italic%2C900%2C900italic|font_style:500%20bold%20regular%3A500%3Anormal&#8221; css=&#8221;&#8221;][vc_separator css=&#8221;&#8221;][\/vc_column][\/vc_row][vc_row][vc_column width=&#8221;1\/4&#8243;][vc_single_image image=&#8221;9757&#8243; img_size=&#8221;large&#8221; alignment=&#8221;center&#8221; onclick=&#8221;link_image&#8221;][\/vc_column][vc_column width=&#8221;1\/4&#8243;][vc_single_image image=&#8221;9753&#8243; img_size=&#8221;large&#8221; alignment=&#8221;center&#8221; onclick=&#8221;link_image&#8221;][\/vc_column][vc_column width=&#8221;1\/4&#8243;][vc_single_image image=&#8221;9762&#8243; img_size=&#8221;large&#8221; alignment=&#8221;center&#8221; onclick=&#8221;link_image&#8221;][\/vc_column][vc_column width=&#8221;1\/4&#8243;][vc_single_image image=&#8221;9755&#8243; img_size=&#8221;large&#8221; alignment=&#8221;center&#8221; onclick=&#8221;link_image&#8221;][\/vc_column][\/vc_row][vc_row][vc_column width=&#8221;1\/4&#8243;][vc_single_image image=&#8221;13939&#8243; img_size=&#8221;large&#8221; alignment=&#8221;center&#8221; onclick=&#8221;link_image&#8221; css=&#8221;&#8221;][\/vc_column][vc_column width=&#8221;1\/4&#8243;][vc_single_image image=&#8221;13937&#8243; img_size=&#8221;large&#8221; alignment=&#8221;center&#8221; onclick=&#8221;link_image&#8221; css=&#8221;&#8221;][\/vc_column][vc_column width=&#8221;1\/4&#8243;][vc_single_image image=&#8221;13931&#8243; img_size=&#8221;large&#8221; alignment=&#8221;center&#8221; onclick=&#8221;link_image&#8221; css=&#8221;&#8221;][\/vc_column][vc_column width=&#8221;1\/4&#8243;][vc_single_image image=&#8221;13933&#8243; img_size=&#8221;large&#8221; alignment=&#8221;center&#8221; onclick=&#8221;link_image&#8221; css=&#8221;&#8221;][\/vc_column][\/vc_row][vc_row][vc_column][vc_empty_space height=&#8221;200&#8243;][\/vc_column][\/vc_row][vc_row full_width=&#8221;stretch_row&#8221; css=&#8221;.vc_custom_1716407795203{margin-bottom: -60px !important;border-bottom-width: 0px !important;padding-top: 50px !important;padding-bottom: 0px !important;background-image: url(https:\/\/novusmedical.ca\/wp-content\/uploads\/2021\/12\/Background-image-for-Web.png?id=7770) !important;}&#8221;][vc_column width=&#8221;1\/3&#8243;][vc_single_image image=&#8221;9859&#8243; img_size=&#8221;large&#8221; alignment=&#8221;center&#8221;][vc_empty_space height=&#8221;5px&#8221;][\/vc_column][vc_column width=&#8221;2\/3&#8243; css=&#8221;.vc_custom_1640295263973{margin-left: 35px !important;}&#8221;][vc_empty_space height=&#8221;5px&#8221;][vc_custom_heading text=&#8221;Notre catalogue de produits n\u00e9onatals !&#8221; font_container=&#8221;tag:h2|font_size:34|text_align:left|color:%2395c93d&#8221; google_fonts=&#8221;font_family:Roboto%3A100%2C100italic%2C300%2C300italic%2Cregular%2Citalic%2C500%2C500italic%2C700%2C700italic%2C900%2C900italic|font_style:900%20bold%20regular%3A900%3Anormal&#8221;][vc_custom_heading text=&#8221;Nous avons d\u00e9velopp\u00e9 notre syst\u00e8me d&#8217;information Novus Medical Inc. Le catalogue de soins pour nourrissons pr\u00e9sente et fournit tous nos produits n\u00e9onatals dans un seul PDF t\u00e9l\u00e9chargeable.&#8221; font_container=&#8221;tag:h2|font_size:18|text_align:left|color:%23ffffff|line_height:1.5&#8243; google_fonts=&#8221;font_family:Roboto%3A100%2C100italic%2C300%2C300italic%2Cregular%2Citalic%2C500%2C500italic%2C700%2C700italic%2C900%2C900italic|font_style:400%20regular%3A400%3Anormal&#8221;][vc_empty_space height=&#8221;5px&#8221;][vc_row_inner][vc_column_inner width=&#8221;1\/4&#8243;][vc_btn title=&#8221;Voir l&#8217;anglais&#8221; style=&#8221;outline-custom&#8221; outline_custom_color=&#8221;#ffffff&#8221; outline_custom_hover_background=&#8221;#93d500&#8243; outline_custom_hover_text=&#8221;#000000&#8243; shape=&#8221;square&#8221; align=&#8221;left&#8221; i_icon_fontawesome=&#8221;fas fa-book-open&#8221; add_icon=&#8221;true&#8221; link=&#8221;url:https%3A%2F%2Fnovusmedical.ca%2Fneonatal-catalogue%2F|title:Catalogue%20soins%20pour%20nourrissons|&#8221;][\/vc_column_inner][vc_column_inner width=&#8221;1\/4&#8243;][vc_btn title=&#8221;T\u00e9l\u00e9charger l&#8217;anglais&#8221; style=&#8221;outline-custom&#8221; outline_custom_color=&#8221;#ffffff&#8221; outline_custom_hover_background=&#8221;#93d500&#8243; outline_custom_hover_text=&#8221;#000000&#8243; shape=&#8221;square&#8221; align=&#8221;left&#8221; link=&#8221;url:https%3A%2F%2Fnovusmedical.ca%2Fwp-content%2Fuploads%2F2023%2F04%2FNM_ENG_NeoNatalCatalogue_0725.pdf|target:_blank|&#8221;][\/vc_column_inner][vc_column_inner width=&#8221;1\/4&#8243;][vc_btn title=&#8221;Voir le fran\u00e7ais&#8221; style=&#8221;outline-custom&#8221; outline_custom_color=&#8221;#ffffff&#8221; outline_custom_hover_background=&#8221;#93d500&#8243; outline_custom_hover_text=&#8221;#000000&#8243; shape=&#8221;square&#8221; align=&#8221;left&#8221; i_icon_fontawesome=&#8221;fas fa-book-open&#8221; add_icon=&#8221;true&#8221; link=&#8221;url:https%3A%2F%2Fnovusmedical.ca%2Fneonatal-catalogue-fr%2F|title:Catalogue%20soins%20pour%20nourrissons|&#8221;][\/vc_column_inner][vc_column_inner width=&#8221;1\/4&#8243;][vc_btn title=&#8221;T\u00e9l\u00e9charger le fran\u00e7ais&#8221; style=&#8221;outline-custom&#8221; outline_custom_color=&#8221;#ffffff&#8221; outline_custom_hover_background=&#8221;#93d500&#8243; outline_custom_hover_text=&#8221;#000000&#8243; shape=&#8221;square&#8221; align=&#8221;left&#8221; link=&#8221;url:https%3A%2F%2Fnovusmedical.ca%2Fwp-content%2Fuploads%2F2023%2F04%2FNM_FR_NeoNatalCatalogue_0725.pdf|target:_blank|&#8221;][\/vc_column_inner][\/vc_row_inner][\/vc_column][\/vc_row]\n<\/div>","protected":false},"excerpt":{"rendered":"<p>[vc_row css=&#8221;.vc_custom_1594314647893{margin-top: -50px !important;}&#8221;][vc_column][\/vc_column][\/vc_row][vc_row][vc_column width=&#8221;1\/6&#8243;][vc_empty_space][\/vc_column][vc_column width=&#8221;2\/3&#8243;][vc_empty_space height=&#8221;150&#8243;][vc_custom_heading text=&#8221;Little Sucker\u00ae, embout nasal dispositif d\u2019aspiration nasal&#8221; font_container=&#8221;tag:h2|font_size:42|text_align:center|color:%23000000|line_height:1.25&#8243; google_fonts=&#8221;font_family:Roboto%3A100%2C100italic%2C300%2C300italic%2Cregular%2Citalic%2C500%2C500italic%2C700%2C700italic%2C900%2C900italic|font_style:500%20bold%20regular%3A500%3Anormal&#8221; css=&#8221;.vc_custom_1763485833045{margin-bottom: 0px !important;}&#8221;][vc_custom_heading text=&#8221;Dispositif [&hellip;]<\/p>\n","protected":false},"author":2,"featured_media":9755,"parent":10409,"menu_order":0,"comment_status":"closed","ping_status":"closed","template":"","meta":{"om_disable_all_campaigns":false,"_monsterinsights_skip_tracking":false,"_monsterinsights_sitenote_active":false,"_monsterinsights_sitenote_note":"","_monsterinsights_sitenote_category":0,"footnotes":""},"class_list":["post-10728","page","type-page","status-publish","has-post-thumbnail","hentry"],"jetpack_sharing_enabled":true,"_links":{"self":[{"href":"https:\/\/novusmedical.ca\/fr\/wp-json\/wp\/v2\/pages\/10728","targetHints":{"allow":["GET"]}}],"collection":[{"href":"https:\/\/novusmedical.ca\/fr\/wp-json\/wp\/v2\/pages"}],"about":[{"href":"https:\/\/novusmedical.ca\/fr\/wp-json\/wp\/v2\/types\/page"}],"author":[{"embeddable":true,"href":"https:\/\/novusmedical.ca\/fr\/wp-json\/wp\/v2\/users\/2"}],"replies":[{"embeddable":true,"href":"https:\/\/novusmedical.ca\/fr\/wp-json\/wp\/v2\/comments?post=10728"}],"version-history":[{"count":5,"href":"https:\/\/novusmedical.ca\/fr\/wp-json\/wp\/v2\/pages\/10728\/revisions"}],"predecessor-version":[{"id":13957,"href":"https:\/\/novusmedical.ca\/fr\/wp-json\/wp\/v2\/pages\/10728\/revisions\/13957"}],"up":[{"embeddable":true,"href":"https:\/\/novusmedical.ca\/fr\/wp-json\/wp\/v2\/pages\/10409"}],"wp:featuredmedia":[{"embeddable":true,"href":"https:\/\/novusmedical.ca\/fr\/wp-json\/wp\/v2\/media\/9755"}],"wp:attachment":[{"href":"https:\/\/novusmedical.ca\/fr\/wp-json\/wp\/v2\/media?parent=10728"}],"curies":[{"name":"wp","href":"https:\/\/api.w.org\/{rel}","templated":true}]}}