{"id":10576,"date":"2020-09-28T17:48:04","date_gmt":"2020-09-28T17:48:04","guid":{"rendered":"https:\/\/novusmedical.ca\/chambre-despacement-avec-valve-pour-aerosol-doseur-primeaire\/"},"modified":"2024-07-22T17:23:24","modified_gmt":"2024-07-22T17:23:24","slug":"chambre-despacement-avec-valve-pour-aerosol-doseur-primeaire","status":"publish","type":"page","link":"https:\/\/novusmedical.ca\/fr\/chambre-despacement-avec-valve-pour-aerosol-doseur-primeaire\/","title":{"rendered":"Chambre d\u2019espacement avec valve pour a\u00e9rosol-doseur \u2013 PrimeAire"},"content":{"rendered":"<div class=\"wpb-content-wrapper\">[vc_row css=&#8221;.vc_custom_1594314647893{margin-top: -50px !important;}&#8221;][vc_column]\n\t\t\t<!-- START PrimeAire REVOLUTION SLIDER 6.6.9 --><p class=\"rs-p-wp-fix\"><\/p>\n\t\t\t<rs-module-wrap id=\"rev_slider_38_1_wrapper\" data-source=\"gallery\" style=\"visibility:hidden;background:transparent;padding:0;margin:0px auto;margin-top:0;margin-bottom:0;\">\n\t\t\t\t<rs-module id=\"rev_slider_38_1\" style=\"\" data-version=\"6.6.9\">\n\t\t\t\t\t<rs-slides style=\"overflow: hidden; position: absolute;\">\n\t\t\t\t\t\t<rs-slide style=\"position: absolute;\" data-key=\"rs-45\" data-title=\"Thayermedical\" data-anim=\"ms:1000;r:0;\" data-in=\"o:0;\" data-out=\"a:false;\">\n\t\t\t\t\t\t\t<img data-recalc-dims=\"1\" decoding=\"async\" src=\"https:\/\/i0.wp.com\/novusmedical.ca\/wp-content\/plugins\/revslider\/public\/assets\/assets\/dummy.png?resize=2000%2C1333\" alt=\"\" title=\"primeairheader\" width=\"2000\" height=\"1333\" class=\"rev-slidebg tp-rs-img rs-lazyload\" data-lazyload=\"\/\/novusmedical.ca\/wp-content\/uploads\/2020\/11\/primeairheader.jpg\" data-bg=\"p:center top;\" data-no-retina>\n<!---->\t\t\t\t\t\t<\/rs-slide>\n\t\t\t\t\t<\/rs-slides>\n\t\t\t\t<\/rs-module>\n\t\t\t\t<script>\n\t\t\t\t\tsetREVStartSize({c: 'rev_slider_38_1',rl:[1240,1024,778,480],el:[450],gw:[1240],gh:[450],type:'standard',justify:'',layout:'fullwidth',mh:\"0\"});if (window.RS_MODULES!==undefined && window.RS_MODULES.modules!==undefined && window.RS_MODULES.modules[\"revslider381\"]!==undefined) {window.RS_MODULES.modules[\"revslider381\"].once = false;window.revapi38 = undefined;if (window.RS_MODULES.checkMinimal!==undefined) window.RS_MODULES.checkMinimal()}\n\t\t\t\t<\/script>\n\t\t\t<\/rs-module-wrap>\n\t\t\t<!-- END REVOLUTION SLIDER -->\n[\/vc_column][\/vc_row][vc_row][vc_column width=&#8221;1\/6&#8243;][vc_empty_space height=&#8221;75px&#8221;][\/vc_column][vc_column width=&#8221;2\/3&#8243;][vc_empty_space height=&#8221;75px&#8221;][vc_single_image image=&#8221;5387&#8243; img_size=&#8221;full&#8221; alignment=&#8221;center&#8221; onclick=&#8221;custom_link&#8221; img_link_target=&#8221;_blank&#8221; link=&#8221;http:\/\/thayermedical.com\/&#8221;][vc_custom_heading text=&#8221;Primeaire\u00ae Chambre d\u2019espacement pour a\u00e9rosol-doseur&#8221; font_container=&#8221;tag:h2|font_size:32|text_align:center|color:%23000000&#8243; google_fonts=&#8221;font_family:Roboto%3A100%2C100italic%2C300%2C300italic%2Cregular%2Citalic%2C500%2C500italic%2C700%2C700italic%2C900%2C900italic|font_style:500%20bold%20regular%3A500%3Anormal&#8221;][vc_column_text]\n<p style=\"text-align: center;\">La chambre d\u2019espacement PrimeAire\u00ae est une solution claire pour une gestion respiratoire efficace. Les chambres d\u2019espacement, comme le PrimeAire, sont couramment utilis\u00e9es avec les aerosols-doseurs(MDI) pour administrer le m\u00e9dicament directement dans les voies respiratoires pendant l\u2019inhalation.<\/p>\n[\/vc_column_text][\/vc_column][vc_column width=&#8221;1\/6&#8243;][\/vc_column][\/vc_row][vc_row full_width=&#8221;stretch_row&#8221; css=&#8221;.vc_custom_1594921168025{background-color: #eaeaea !important;}&#8221;][vc_column width=&#8221;1\/2&#8243;][vc_single_image image=&#8221;5853&#8243; img_size=&#8221;full&#8221; alignment=&#8221;center&#8221;][\/vc_column][vc_column width=&#8221;1\/2&#8243;][vc_empty_space][vc_custom_heading text=&#8221;B\u00e9n\u00e9fices du produit&#8221; font_container=&#8221;tag:h2|font_size:32|text_align:left|color:%23000000&#8243; google_fonts=&#8221;font_family:Roboto%3A100%2C100italic%2C300%2C300italic%2Cregular%2Citalic%2C500%2C500italic%2C700%2C700italic%2C900%2C900italic|font_style:500%20bold%20regular%3A500%3Anormal&#8221; css=&#8221;.vc_custom_1594920922457{margin-top: -20px !important;}&#8221;][vc_column_text]Les chambres d\u2019espacement pour a\u00e9rosols-doseurs aident \u00e0 optimiser l\u2019administration efficace des m\u00e9dicaments d\u00e9livr\u00e9s par a\u00e9rosols-doseurs :<\/p>\n<ul>\n<li style=\"list-style-type: none;\">\n<ul>\n<li>Extension de l\u2019embout buccal du MDI<\/li>\n<li>Conserve le m\u00e9dicament dans la chambre<\/li>\n<li>Maintien des particules en suspension<\/li>\n<\/ul>\n<\/li>\n<\/ul>\n[\/vc_column_text][vc_btn title=&#8221;EN SAVOIR PLUS&#8221; style=&#8221;outline-custom&#8221; outline_custom_color=&#8221;#000000&#8243; outline_custom_hover_background=&#8221;#93d500&#8243; outline_custom_hover_text=&#8221;#ffffff&#8221; shape=&#8221;square&#8221; align=&#8221;left&#8221; i_icon_fontawesome=&#8221;fas fa-notes-medical&#8221; add_icon=&#8221;true&#8221; link=&#8221;url:http%3A%2F%2Fthayermedical.com%2Fproducts%2Fprimeaire%2F|target:%20_blank|&#8221;][vc_btn title=&#8221;DEMANDER UN DEVIS&#8221; style=&#8221;outline-custom&#8221; outline_custom_color=&#8221;#000000&#8243; outline_custom_hover_background=&#8221;#93d500&#8243; outline_custom_hover_text=&#8221;#ffffff&#8221; shape=&#8221;square&#8221; align=&#8221;left&#8221; i_icon_fontawesome=&#8221;fas fa-dollar-sign&#8221; add_icon=&#8221;true&#8221; link=&#8221;url:https%3A%2F%2Fnovusmedical.ca%2Ffr%2Fcontact-novus%2F|title:Contact%20Novus&#8221;][vc_empty_space][\/vc_column][\/vc_row][vc_row][vc_column][vc_raw_html]PGRpdiBpZD0icHJvZHVjdC1jb21wb25lbnQtMTYwNzM2OTg3ODc1NyI+PC9kaXY+CjxzY3JpcHQgdHlwZT0idGV4dC9qYXZhc2NyaXB0Ij4KLyo8IVtDREFUQVsqLyAoZnVuY3Rpb24gKCkgeyB2YXIgc2NyaXB0VVJMID0gJ2h0dHBzOi8vc2Rrcy5zaG9waWZ5Y2RuLmNvbS9idXktYnV0dG9uL2xhdGVzdC9idXktYnV0dG9uLXN0b3JlZnJvbnQubWluLmpzJzsgaWYgKHdpbmRvdy5TaG9waWZ5QnV5KSB7IGlmICh3aW5kb3cuU2hvcGlmeUJ1eS5VSSkgeyBTaG9waWZ5QnV5SW5pdCgpOyB9IGVsc2UgeyBsb2FkU2NyaXB0KCk7IH0gfSBlbHNlIHsgbG9hZFNjcmlwdCgpOyB9IGZ1bmN0aW9uIGxvYWRTY3JpcHQoKSB7IHZhciBzY3JpcHQgPSBkb2N1bWVudC5jcmVhdGVFbGVtZW50KCdzY3JpcHQnKTsgc2NyaXB0LmFzeW5jID0gdHJ1ZTsgc2NyaXB0LnNyYyA9IHNjcmlwdFVSTDsgKGRvY3VtZW50LmdldEVsZW1lbnRzQnlUYWdOYW1lKCdoZWFkJylbMF0gfHwgZG9jdW1lbnQuZ2V0RWxlbWVudHNCeVRhZ05hbWUoJ2JvZHknKVswXSkuYXBwZW5kQ2hpbGQoc2NyaXB0KTsgc2NyaXB0Lm9ubG9hZCA9IFNob3BpZnlCdXlJbml0OyB9IGZ1bmN0aW9uIFNob3BpZnlCdXlJbml0KCkgeyB2YXIgY2xpZW50ID0gU2hvcGlmeUJ1eS5idWlsZENsaWVudCh7IGRvbWFpbjogJ25vdnVzbWVkaWNhbC5teXNob3BpZnkuY29tJywgc3RvcmVmcm9udEFjY2Vzc1Rva2VuOiAnZTc5YTU1NTE1Njk0Y2JhN2RhMGM5ZGI0ZGY1NDU2ZGQnLCB9KTsgU2hvcGlmeUJ1eS5VSS5vblJlYWR5KGNsaWVudCkudGhlbihmdW5jdGlvbiAodWkpIHsgdWkuY3JlYXRlQ29tcG9uZW50KCdwcm9kdWN0JywgeyBpZDogJzU4OTU3ODM5NDAyNTYnLCBub2RlOiBkb2N1bWVudC5nZXRFbGVtZW50QnlJZCgncHJvZHVjdC1jb21wb25lbnQtMTYwNzM2OTg3ODc1NycpLCBtb25leUZvcm1hdDogJyUyNCU3QiU3QmFtb3VudCU3RCU3RCcsIG9wdGlvbnM6IHsgInByb2R1Y3QiOiB7ICJzdHlsZXMiOiB7ICJwcm9kdWN0IjogeyAiQG1lZGlhIChtaW4td2lkdGg6IDYwMXB4KSI6IHsgIm1heC13aWR0aCI6ICJjYWxjKDI1JSAtIDIwcHgpIiwgIm1hcmdpbi1sZWZ0IjogIjIwcHgiLCAibWFyZ2luLWJvdHRvbSI6ICI1MHB4IiB9IH0gfSwgInRleHQiOiB7ICJidXR0b24iOiAiQWRkIHRvIGNhcnQiIH0gfSwgInByb2R1Y3RTZXQiOiB7ICJzdHlsZXMiOiB7ICJwcm9kdWN0cyI6IHsgIkBtZWRpYSAobWluLXdpZHRoOiA2MDFweCkiOiB7ICJtYXJnaW4tbGVmdCI6ICItMjBweCIgfSB9IH0gfSwgIm1vZGFsUHJvZHVjdCI6IHsgImNvbnRlbnRzIjogeyAiaW1nIjogZmFsc2UsICJpbWdXaXRoQ2Fyb3VzZWwiOiB0cnVlLCAiYnV0dG9uIjogZmFsc2UsICJidXR0b25XaXRoUXVhbnRpdHkiOiB0cnVlIH0sICJzdHlsZXMiOiB7ICJwcm9kdWN0IjogeyAiQG1lZGlhIChtaW4td2lkdGg6IDYwMXB4KSI6IHsgIm1heC13aWR0aCI6ICIxMDAlIiwgIm1hcmdpbi1sZWZ0IjogIjBweCIsICJtYXJnaW4tYm90dG9tIjogIjBweCIgfSB9IH0sICJ0ZXh0IjogeyAiYnV0dG9uIjogIkFkZCB0byBjYXJ0IiB9IH0sICJjYXJ0IjogeyAidGV4dCI6IHsgInRvdGFsIjogIlN1YnRvdGFsIiwgImJ1dHRvbiI6ICJDaGVja291dCIgfSB9IH0sIH0pOyB9KTsgfSB9KSgpOyAvKl1dPiovCjwvc2NyaXB0Pgo=[\/vc_raw_html][\/vc_column][\/vc_row][vc_row full_width=&#8221;stretch_row&#8221; css=&#8221;.vc_custom_1683822516688{margin-bottom: -60px !important;border-bottom-width: 0px !important;padding-top: 75px !important;padding-bottom: 40px !important;background-image: url(https:\/\/novusmedical.ca\/wp-content\/uploads\/2023\/01\/Background-image-for-Web.png?id=8936) !important;background-position: center !important;background-repeat: no-repeat !important;background-size: cover !important;}&#8221;][vc_column width=&#8221;1\/3&#8243;][vc_single_image image=&#8221;8340&#8243; img_size=&#8221;large&#8221; alignment=&#8221;center&#8221;][vc_empty_space height=&#8221;5px&#8221;][\/vc_column][vc_column width=&#8221;2\/3&#8243; css=&#8221;.vc_custom_1640295263973{margin-left: 35px !important;}&#8221;][vc_empty_space height=&#8221;25px&#8221;][vc_custom_heading text=&#8221;Consultez notre catalogue de produits PFT !&#8221; font_container=&#8221;tag:h2|font_size:34|text_align:left|color:%2395c93d|line_height:1.25&#8243; google_fonts=&#8221;font_family:Roboto%3A100%2C100italic%2C300%2C300italic%2Cregular%2Citalic%2C500%2C500italic%2C700%2C700italic%2C900%2C900italic|font_style:900%20bold%20regular%3A900%3Anormal&#8221;][vc_custom_heading text=&#8221;Nous avons d\u00e9velopp\u00e9 notre syst\u00e8me d&#8217;information Novus Medical Inc. Le catalogue des tests de la fonction pulmonaire a pour but de pr\u00e9senter et de fournir tous nos produits de test de la fonction pulmonaire dans un seul PDF t\u00e9l\u00e9chargeable.&#8221; font_container=&#8221;tag:h2|font_size:18|text_align:left|color:%23ffffff|line_height:1.5&#8243; google_fonts=&#8221;font_family:Roboto%3A100%2C100italic%2C300%2C300italic%2Cregular%2Citalic%2C500%2C500italic%2C700%2C700italic%2C900%2C900italic|font_style:400%20regular%3A400%3Anormal&#8221;][vc_empty_space height=&#8221;5px&#8221;][vc_row_inner][vc_column_inner width=&#8221;1\/4&#8243;][vc_btn title=&#8221;T\u00e9l\u00e9charger l&#8217;anglais&#8221; style=&#8221;outline-custom&#8221; outline_custom_color=&#8221;#ffffff&#8221; outline_custom_hover_background=&#8221;#93d500&#8243; outline_custom_hover_text=&#8221;#000000&#8243; shape=&#8221;square&#8221; align=&#8221;left&#8221; link=&#8221;url:https%3A%2F%2Fnovusmedical.ca%2Fwp-content%2Fuploads%2F2023%2F01%2FNM_ENG_PFTCatalogue_LoRes.pdf|target:_blank|&#8221;][\/vc_column_inner][vc_column_inner width=&#8221;1\/4&#8243;][vc_btn title=&#8221;Voir l&#8217;anglais&#8221; style=&#8221;outline-custom&#8221; outline_custom_color=&#8221;#ffffff&#8221; outline_custom_hover_background=&#8221;#93d500&#8243; outline_custom_hover_text=&#8221;#000000&#8243; shape=&#8221;square&#8221; align=&#8221;left&#8221; i_icon_fontawesome=&#8221;fas fa-book-open&#8221; add_icon=&#8221;true&#8221; link=&#8221;url:https%3A%2F%2Fnovusmedical.ca%2Fcardio-pulmonary-diagnostics%2F8333-2%2F|title:PFTCatalogue|&#8221;][\/vc_column_inner][vc_column_inner width=&#8221;1\/4&#8243;][vc_btn title=&#8221;T\u00e9l\u00e9charger le fran\u00e7ais&#8221; style=&#8221;outline-custom&#8221; outline_custom_color=&#8221;#ffffff&#8221; outline_custom_hover_background=&#8221;#93d500&#8243; outline_custom_hover_text=&#8221;#000000&#8243; shape=&#8221;square&#8221; align=&#8221;left&#8221; link=&#8221;url:https%3A%2F%2Fnovusmedical.ca%2Fwp-content%2Fuploads%2F2023%2F05%2FNM_FR_PFTCatalogue_LoRes.pdf|target:_blank|&#8221;][\/vc_column_inner][vc_column_inner width=&#8221;1\/4&#8243;][vc_btn title=&#8221;Voir le fran\u00e7ais&#8221; style=&#8221;outline-custom&#8221; outline_custom_color=&#8221;#ffffff&#8221; outline_custom_hover_background=&#8221;#93d500&#8243; outline_custom_hover_text=&#8221;#000000&#8243; shape=&#8221;square&#8221; align=&#8221;left&#8221; i_icon_fontawesome=&#8221;fas fa-book-open&#8221; add_icon=&#8221;true&#8221; link=&#8221;url:https%3A%2F%2Fnovusmedical.ca%2Fcardio-pulmonary-diagnostics%2Fpft-french-catalogue%2F|title:PFTCatalogue|&#8221;][\/vc_column_inner][\/vc_row_inner][\/vc_column][\/vc_row]\n<\/div>","protected":false},"excerpt":{"rendered":"<p>[vc_row css=&#8221;.vc_custom_1594314647893{margin-top: -50px !important;}&#8221;][vc_column][\/vc_column][\/vc_row][vc_row][vc_column width=&#8221;1\/6&#8243;][vc_empty_space height=&#8221;75px&#8221;][\/vc_column][vc_column width=&#8221;2\/3&#8243;][vc_empty_space height=&#8221;75px&#8221;][vc_single_image image=&#8221;5387&#8243; img_size=&#8221;full&#8221; alignment=&#8221;center&#8221; onclick=&#8221;custom_link&#8221; img_link_target=&#8221;_blank&#8221; link=&#8221;http:\/\/thayermedical.com\/&#8221;][vc_custom_heading text=&#8221;Primeaire\u00ae Chambre d\u2019espacement pour a\u00e9rosol-doseur&#8221; font_container=&#8221;tag:h2|font_size:32|text_align:center|color:%23000000&#8243; [&hellip;]<\/p>\n","protected":false},"author":1,"featured_media":0,"parent":0,"menu_order":0,"comment_status":"closed","ping_status":"closed","template":"","meta":{"om_disable_all_campaigns":false,"_monsterinsights_skip_tracking":false,"_monsterinsights_sitenote_active":false,"_monsterinsights_sitenote_note":"","_monsterinsights_sitenote_category":0,"footnotes":""},"class_list":["post-10576","page","type-page","status-publish","hentry"],"jetpack_sharing_enabled":true,"_links":{"self":[{"href":"https:\/\/novusmedical.ca\/fr\/wp-json\/wp\/v2\/pages\/10576","targetHints":{"allow":["GET"]}}],"collection":[{"href":"https:\/\/novusmedical.ca\/fr\/wp-json\/wp\/v2\/pages"}],"about":[{"href":"https:\/\/novusmedical.ca\/fr\/wp-json\/wp\/v2\/types\/page"}],"author":[{"embeddable":true,"href":"https:\/\/novusmedical.ca\/fr\/wp-json\/wp\/v2\/users\/1"}],"replies":[{"embeddable":true,"href":"https:\/\/novusmedical.ca\/fr\/wp-json\/wp\/v2\/comments?post=10576"}],"version-history":[{"count":4,"href":"https:\/\/novusmedical.ca\/fr\/wp-json\/wp\/v2\/pages\/10576\/revisions"}],"predecessor-version":[{"id":11507,"href":"https:\/\/novusmedical.ca\/fr\/wp-json\/wp\/v2\/pages\/10576\/revisions\/11507"}],"wp:attachment":[{"href":"https:\/\/novusmedical.ca\/fr\/wp-json\/wp\/v2\/media?parent=10576"}],"curies":[{"name":"wp","href":"https:\/\/api.w.org\/{rel}","templated":true}]}}