{"id":10551,"date":"2020-07-25T02:29:39","date_gmt":"2020-07-25T02:29:39","guid":{"rendered":"https:\/\/novusmedical.ca\/pinces-nez\/"},"modified":"2024-07-22T17:20:23","modified_gmt":"2024-07-22T17:20:23","slug":"pinces-nez","status":"publish","type":"page","link":"https:\/\/novusmedical.ca\/fr\/pinces-nez\/","title":{"rendered":"Pinces-nez"},"content":{"rendered":"<div class=\"wpb-content-wrapper\">[vc_row css=&#8221;.vc_custom_1594314647893{margin-top: -50px !important;}&#8221;][vc_column]\n\t\t\t<!-- START Filters Mouthpieces Nose Clips REVOLUTION SLIDER 6.6.9 --><p class=\"rs-p-wp-fix\"><\/p>\n\t\t\t<rs-module-wrap id=\"rev_slider_32_1_wrapper\" data-source=\"gallery\" style=\"visibility:hidden;background:transparent;padding:0;margin:0px auto;margin-top:0;margin-bottom:0;\">\n\t\t\t\t<rs-module id=\"rev_slider_32_1\" style=\"\" data-version=\"6.6.9\">\n\t\t\t\t\t<rs-slides style=\"overflow: hidden; position: absolute;\">\n\t\t\t\t\t\t<rs-slide style=\"position: absolute;\" data-key=\"rs-39\" data-title=\"Thayermedical\" data-in=\"o:0;\" data-out=\"a:false;\">\n\t\t\t\t\t\t\t<img data-recalc-dims=\"1\" decoding=\"async\" src=\"https:\/\/i0.wp.com\/novusmedical.ca\/wp-content\/plugins\/revslider\/public\/assets\/assets\/dummy.png?resize=2000%2C1556\" alt=\"\" title=\"filtersheader\" width=\"2000\" height=\"1556\" class=\"rev-slidebg tp-rs-img rs-lazyload\" data-lazyload=\"\/\/novusmedical.ca\/wp-content\/uploads\/2020\/11\/filtersheader.png\" data-no-retina>\n<!--\n\t\t\t\t\t\t\t--><rs-layer\n\t\t\t\t\t\t\t\tid=\"slider-32-slide-39-layer-0\" \n\t\t\t\t\t\t\t\tdata-type=\"text\"\n\t\t\t\t\t\t\t\tdata-color=\"#fff\"\n\t\t\t\t\t\t\t\tdata-rsp_ch=\"on\"\n\t\t\t\t\t\t\t\tdata-xy=\"x:c;y:c;\"\n\t\t\t\t\t\t\t\tdata-text=\"w:normal;s:70;l:50;ls:2px;fw:900;\"\n\t\t\t\t\t\t\t\tdata-dim=\"minh:0px;\"\n\t\t\t\t\t\t\t\tdata-frame_999=\"o:0;st:w;\"\n\t\t\t\t\t\t\t\tstyle=\"z-index:8;font-family:'Roboto';text-transform:uppercase;\"\n\t\t\t\t\t\t\t>FILTERS \n\t\t\t\t\t\t\t<\/rs-layer><!--\n-->\t\t\t\t\t\t<\/rs-slide>\n\t\t\t\t\t<\/rs-slides>\n\t\t\t\t<\/rs-module>\n\t\t\t\t<script>\n\t\t\t\t\tsetREVStartSize({c: 'rev_slider_32_1',rl:[1240,1024,778,480],el:[450],gw:[1240],gh:[450],type:'standard',justify:'',layout:'fullwidth',mh:\"0\"});if (window.RS_MODULES!==undefined && window.RS_MODULES.modules!==undefined && window.RS_MODULES.modules[\"revslider321\"]!==undefined) {window.RS_MODULES.modules[\"revslider321\"].once = false;window.revapi32 = undefined;if (window.RS_MODULES.checkMinimal!==undefined) window.RS_MODULES.checkMinimal()}\n\t\t\t\t<\/script>\n\t\t\t<\/rs-module-wrap>\n\t\t\t<!-- END REVOLUTION SLIDER -->\n[\/vc_column][\/vc_row][vc_row][vc_column width=&#8221;1\/6&#8243;][\/vc_column][vc_column width=&#8221;2\/3&#8243;][vc_empty_space height=&#8221;40px&#8221;][vc_single_image image=&#8221;6402&#8243; img_size=&#8221;medium&#8221; alignment=&#8221;center&#8221; onclick=&#8221;custom_link&#8221; img_link_target=&#8221;_blank&#8221; link=&#8221;https:\/\/twelfthmantec.com\/http:\/\/&#8221;][vc_custom_heading text=&#8221;Pince-Nez Parrallel&#8221; font_container=&#8221;tag:h2|font_size:32|text_align:center|color:%23000000&#8243; google_fonts=&#8221;font_family:Roboto%3A100%2C100italic%2C300%2C300italic%2Cregular%2Citalic%2C500%2C500italic%2C700%2C700italic%2C900%2C900italic|font_style:500%20bold%20regular%3A500%3Anormal&#8221;][vc_column_text]\n<p style=\"text-align: left;\">En quoi le PARALLEL est-il diff\u00e9rent ? IL S\u2019ADAPTE \u00c0 TOUTES LES TAILLES DE NEZ, M\u00caME EXTRA-LARGE et aux tout-petits patients p\u00e9diatriques. Le pince-nez standard ne peut s\u2019ouvrir que sur environ 3 cm, soit beaucoup plus petit que de nombreux nez. Le Parall\u00e8le s\u2019ouvre sur plus de 5,5 cm (un pouce de plus) et peut capturer le nez que vous tenez avec votre main. Le PARALLEL est le pince-nez parfait pour les petits enfants jusqu\u2019aux grands adultes. RESTE EN PLACE, ANTID\u00c9RAPANT et est id\u00e9al pour les tests de stress cardio-pulmonaire. Le pince-nez standard jetable offre un angle plus large lorsqu\u2019il est ouvert et lorsqu\u2019il est plac\u00e9 sur la plupart des nez, l\u2019angle excessif signifie que le clip glisse du nez de votre patient. LE PARALL\u00c8LE s\u2019ouvre dans un mouvement presque parall\u00e8le qui minimise l\u2019angle d\u2019\u00e9cartement. Moins d\u2019angle, pas de glissement.<\/p>\n[\/vc_column_text][\/vc_column][vc_column width=&#8221;1\/6&#8243;][\/vc_column][\/vc_row][vc_row full_width=&#8221;stretch_row&#8221; gap=&#8221;35&#8243; content_placement=&#8221;top&#8221; css=&#8221;.vc_custom_1594316976606{background-color: #eaeaea !important;}&#8221;][vc_column width=&#8221;1\/2&#8243; css=&#8221;.vc_custom_1594316805032{margin-right: 0px !important;}&#8221;][vc_single_image image=&#8221;6037&#8243; img_size=&#8221;large&#8221; alignment=&#8221;center&#8221;][\/vc_column][vc_column width=&#8221;1\/2&#8243;][vc_empty_space height=&#8221;50px&#8221;][vc_custom_heading text=&#8221;B\u00e9n\u00e9fices du produit&#8221; font_container=&#8221;tag:h2|font_size:32|text_align:left|color:%23000000&#8243; google_fonts=&#8221;font_family:Roboto%3A100%2C100italic%2C300%2C300italic%2Cregular%2Citalic%2C500%2C500italic%2C700%2C700italic%2C900%2C900italic|font_style:500%20bold%20regular%3A500%3Anormal&#8221; css=&#8221;.vc_custom_1594920513998{margin-top: -20px !important;}&#8221;][vc_column_text]\n<ul>\n<li style=\"list-style-type: none;\">\n<ul>\n<li>Convient \u00e0 toutes les tailles de nez<\/li>\n<li>Reste en place, antid\u00e9rapant<\/li>\n<li>Con\u00e7u pour bloquer les fuites d\u2019air du nez<\/li>\n<li>Fournit une visibilit\u00e9 d\u00e9gag\u00e9e sur les \u00e9crans et l\u2019\u00e9quipement<\/li>\n<li>Les tampons r\u00e9pondent aux exigences de biocompatibilit\u00e9 ISO 10993-1<\/li>\n<\/ul>\n<\/li>\n<\/ul>\n[\/vc_column_text][vc_btn title=&#8221;EN SAVOIR PLUS&#8221; style=&#8221;outline-custom&#8221; outline_custom_color=&#8221;#000000&#8243; outline_custom_hover_background=&#8221;#93d500&#8243; outline_custom_hover_text=&#8221;#ffffff&#8221; shape=&#8221;square&#8221; align=&#8221;left&#8221; i_icon_fontawesome=&#8221;fas fa-book-medical&#8221; add_icon=&#8221;true&#8221; link=&#8221;url:http%3A%2F%2Fnovusmedical.jzx.oms.mybluehost.me%2Fwp-content%2Fuploads%2F2020%2F07%2FNovus-3099_Parallel_Sheet_DIST-Version_F-copy.pdf|target:%20_blank|&#8221;][vc_btn title=&#8221;DEMANDER UN DEVIS&#8221; style=&#8221;outline-custom&#8221; outline_custom_color=&#8221;#000000&#8243; outline_custom_hover_background=&#8221;#93d500&#8243; outline_custom_hover_text=&#8221;#ffffff&#8221; shape=&#8221;square&#8221; align=&#8221;left&#8221; i_icon_fontawesome=&#8221;fas fa-dollar-sign&#8221; add_icon=&#8221;true&#8221; link=&#8221;url:https%3A%2F%2Fnovusmedical.ca%2Ffr%2Fcontact-novus%2F|title:Contact%20Novus&#8221;][\/vc_column][\/vc_row][vc_row][vc_column width=&#8221;1\/6&#8243;][\/vc_column][vc_column width=&#8221;2\/3&#8243;][vc_empty_space height=&#8221;50px&#8221;][vc_separator border_width=&#8221;2&#8243; el_width=&#8221;70&#8243;][vc_empty_space height=&#8221;50px&#8221;][vc_single_image image=&#8221;6508&#8243; img_size=&#8221;medium&#8221; alignment=&#8221;center&#8221; onclick=&#8221;custom_link&#8221; img_link_target=&#8221;_blank&#8221; link=&#8221;https:\/\/www.a-msystems.com\/http:\/\/&#8221;][vc_custom_heading text=&#8221;A-M Systems Pince-nez PFT&#8221; font_container=&#8221;tag:h2|font_size:32|text_align:center|color:%23000000&#8243; google_fonts=&#8221;font_family:Roboto%3A100%2C100italic%2C300%2C300italic%2Cregular%2Citalic%2C500%2C500italic%2C700%2C700italic%2C900%2C900italic|font_style:500%20bold%20regular%3A500%3Anormal&#8221;][vc_column_text]\n<p style=\"text-align: left;\">Les pinces-nez sont recommand\u00e9s pour les tests de spirom\u00e9trie et de fonction respiratoire afin de r\u00e9duire le risque d\u2019introduction d\u2019une erreur technique. Les pinces-nez rembourr\u00e9s en caoutchouc ou en mousse de AM Syst\u00e8ms aident \u00e0 emp\u00eacher les patients d\u2019inspirer ou d\u2019expirer par le nez pendant la spirom\u00e9trie.<\/p>\n<p style=\"text-align: left;\">Contrairement \u00e0 l\u2019occlusion manuelle, l\u2019utilisation d\u2019un pince-nez peut am\u00e9liorer le confort du patient et lui permettre de se concentrer sur sa CVF, MVV, CV, CI et autres manoeuvres de spirom\u00e9trie.<\/p>\n<p style=\"text-align: left;\">Les pince-nez sont en thermoplastique blanc, sans latex et marqu\u00e9s CE. La tension dans le corps du pince-nez le maintien fermement en place tandis que les coussinets en caoutchouc ou en mousse sont con\u00e7us pour un confort maximal du patient. Les pinces-nez sont jetables et destin\u00e9s \u00e0 \u00eatre utilis\u00e9s par un seul patient.<\/p>\n[\/vc_column_text][\/vc_column][vc_column width=&#8221;1\/6&#8243;][\/vc_column][\/vc_row][vc_row full_width=&#8221;stretch_row&#8221; css=&#8221;.vc_custom_1594921168025{background-color: #eaeaea !important;}&#8221;][vc_column width=&#8221;1\/2&#8243;][vc_images_carousel images=&#8221;6046,6047&#8243; img_size=&#8221;full&#8221; onclick=&#8221;link_no&#8221; speed=&#8221;4000&#8243; autoplay=&#8221;yes&#8221; hide_prev_next_buttons=&#8221;yes&#8221; css=&#8221;.vc_custom_1595645558203{margin-right: 30px !important;}&#8221;][\/vc_column][vc_column width=&#8221;1\/2&#8243; css=&#8221;.vc_custom_1597770981994{margin-left: 60px !important;}&#8221;][vc_empty_space height=&#8221;55px&#8221;][vc_custom_heading text=&#8221;B\u00e9n\u00e9fices du produit&#8221; font_container=&#8221;tag:h2|font_size:32|text_align:left|color:%23000000&#8243; google_fonts=&#8221;font_family:Roboto%3A100%2C100italic%2C300%2C300italic%2Cregular%2Citalic%2C500%2C500italic%2C700%2C700italic%2C900%2C900italic|font_style:500%20bold%20regular%3A500%3Anormal&#8221; css=&#8221;.vc_custom_1594920922457{margin-top: -20px !important;}&#8221;][vc_column_text]\n<ul>\n<li style=\"list-style-type: none;\">\n<ul>\n<li>Marquage CE<\/li>\n<li>100 pince-nez par caisse<\/li>\n<li>Plaquettes de nez souples et rainur\u00e9es<\/li>\n<li>Poign\u00e9e douce et antid\u00e9rapante<\/li>\n<li>Maintenu en place par l\u2019action du ressort<\/li>\n<li>Coussinets en thermoplastique blanc<\/li>\n<li>Sans latex<\/li>\n<\/ul>\n<\/li>\n<\/ul>\n<p>&nbsp;<\/p>\n<p><strong>Pince-nez en caoutchouc. Pi\u00e8ce #166000 Sachet de 100<\/strong><\/p>\n<p><strong>Pince-nez en mousse. Pi\u00e8ce #166500 Sachet de 100<\/strong>[\/vc_column_text][vc_btn title=&#8221;DEMANDER UN DEVIS&#8221; style=&#8221;outline-custom&#8221; outline_custom_color=&#8221;#000000&#8243; outline_custom_hover_background=&#8221;#93d500&#8243; outline_custom_hover_text=&#8221;#ffffff&#8221; shape=&#8221;square&#8221; align=&#8221;left&#8221; i_icon_fontawesome=&#8221;fas fa-dollar-sign&#8221; add_icon=&#8221;true&#8221; link=&#8221;url:http%3A%2F%2Fnovusmedical.jzx.oms.mybluehost.me%2F%3Fpage_id%3D225|title:Contact%20Novus|&#8221;][vc_empty_space][\/vc_column][\/vc_row][vc_row][vc_column width=&#8221;1\/2&#8243;][vc_raw_html]PGRpdiBpZD0icHJvZHVjdC1jb21wb25lbnQtMTYwNzM3MDA2NjEyNyI+PC9kaXY+CjxzY3JpcHQgdHlwZT0idGV4dC9qYXZhc2NyaXB0Ij4KLyo8IVtDREFUQVsqLyAoZnVuY3Rpb24gKCkgeyB2YXIgc2NyaXB0VVJMID0gJ2h0dHBzOi8vc2Rrcy5zaG9waWZ5Y2RuLmNvbS9idXktYnV0dG9uL2xhdGVzdC9idXktYnV0dG9uLXN0b3JlZnJvbnQubWluLmpzJzsgaWYgKHdpbmRvdy5TaG9waWZ5QnV5KSB7IGlmICh3aW5kb3cuU2hvcGlmeUJ1eS5VSSkgeyBTaG9waWZ5QnV5SW5pdCgpOyB9IGVsc2UgeyBsb2FkU2NyaXB0KCk7IH0gfSBlbHNlIHsgbG9hZFNjcmlwdCgpOyB9IGZ1bmN0aW9uIGxvYWRTY3JpcHQoKSB7IHZhciBzY3JpcHQgPSBkb2N1bWVudC5jcmVhdGVFbGVtZW50KCdzY3JpcHQnKTsgc2NyaXB0LmFzeW5jID0gdHJ1ZTsgc2NyaXB0LnNyYyA9IHNjcmlwdFVSTDsgKGRvY3VtZW50LmdldEVsZW1lbnRzQnlUYWdOYW1lKCdoZWFkJylbMF0gfHwgZG9jdW1lbnQuZ2V0RWxlbWVudHNCeVRhZ05hbWUoJ2JvZHknKVswXSkuYXBwZW5kQ2hpbGQoc2NyaXB0KTsgc2NyaXB0Lm9ubG9hZCA9IFNob3BpZnlCdXlJbml0OyB9IGZ1bmN0aW9uIFNob3BpZnlCdXlJbml0KCkgeyB2YXIgY2xpZW50ID0gU2hvcGlmeUJ1eS5idWlsZENsaWVudCh7IGRvbWFpbjogJ25vdnVzbWVkaWNhbC5teXNob3BpZnkuY29tJywgc3RvcmVmcm9udEFjY2Vzc1Rva2VuOiAnZTc5YTU1NTE1Njk0Y2JhN2RhMGM5ZGI0ZGY1NDU2ZGQnLCB9KTsgU2hvcGlmeUJ1eS5VSS5vblJlYWR5KGNsaWVudCkudGhlbihmdW5jdGlvbiAodWkpIHsgdWkuY3JlYXRlQ29tcG9uZW50KCdwcm9kdWN0JywgeyBpZDogJzU4OTM1MDEzMjEzNzYnLCBub2RlOiBkb2N1bWVudC5nZXRFbGVtZW50QnlJZCgncHJvZHVjdC1jb21wb25lbnQtMTYwNzM3MDA2NjEyNycpLCBtb25leUZvcm1hdDogJyUyNCU3QiU3QmFtb3VudCU3RCU3RCcsIG9wdGlvbnM6IHsgInByb2R1Y3QiOiB7ICJzdHlsZXMiOiB7ICJwcm9kdWN0IjogeyAiQG1lZGlhIChtaW4td2lkdGg6IDYwMXB4KSI6IHsgIm1heC13aWR0aCI6ICJjYWxjKDI1JSAtIDIwcHgpIiwgIm1hcmdpbi1sZWZ0IjogIjIwcHgiLCAibWFyZ2luLWJvdHRvbSI6ICI1MHB4IiB9IH0gfSwgInRleHQiOiB7ICJidXR0b24iOiAiQWRkIHRvIGNhcnQiIH0gfSwgInByb2R1Y3RTZXQiOiB7ICJzdHlsZXMiOiB7ICJwcm9kdWN0cyI6IHsgIkBtZWRpYSAobWluLXdpZHRoOiA2MDFweCkiOiB7ICJtYXJnaW4tbGVmdCI6ICItMjBweCIgfSB9IH0gfSwgIm1vZGFsUHJvZHVjdCI6IHsgImNvbnRlbnRzIjogeyAiaW1nIjogZmFsc2UsICJpbWdXaXRoQ2Fyb3VzZWwiOiB0cnVlLCAiYnV0dG9uIjogZmFsc2UsICJidXR0b25XaXRoUXVhbnRpdHkiOiB0cnVlIH0sICJzdHlsZXMiOiB7ICJwcm9kdWN0IjogeyAiQG1lZGlhIChtaW4td2lkdGg6IDYwMXB4KSI6IHsgIm1heC13aWR0aCI6ICIxMDAlIiwgIm1hcmdpbi1sZWZ0IjogIjBweCIsICJtYXJnaW4tYm90dG9tIjogIjBweCIgfSB9IH0sICJ0ZXh0IjogeyAiYnV0dG9uIjogIkFkZCB0byBjYXJ0IiB9IH0sICJjYXJ0IjogeyAidGV4dCI6IHsgInRvdGFsIjogIlN1YnRvdGFsIiwgImJ1dHRvbiI6ICJDaGVja291dCIgfSB9IH0sIH0pOyB9KTsgfSB9KSgpOyAvKl1dPiovCjwvc2NyaXB0Pgo=[\/vc_raw_html][\/vc_column][vc_column width=&#8221;1\/2&#8243;][vc_raw_html]PGRpdiBpZD0icHJvZHVjdC1jb21wb25lbnQtMTYwNzM3MDAxMzYzMCI+PC9kaXY+CjxzY3JpcHQgdHlwZT0idGV4dC9qYXZhc2NyaXB0Ij4KLyo8IVtDREFUQVsqLyAoZnVuY3Rpb24gKCkgeyB2YXIgc2NyaXB0VVJMID0gJ2h0dHBzOi8vc2Rrcy5zaG9waWZ5Y2RuLmNvbS9idXktYnV0dG9uL2xhdGVzdC9idXktYnV0dG9uLXN0b3JlZnJvbnQubWluLmpzJzsgaWYgKHdpbmRvdy5TaG9waWZ5QnV5KSB7IGlmICh3aW5kb3cuU2hvcGlmeUJ1eS5VSSkgeyBTaG9waWZ5QnV5SW5pdCgpOyB9IGVsc2UgeyBsb2FkU2NyaXB0KCk7IH0gfSBlbHNlIHsgbG9hZFNjcmlwdCgpOyB9IGZ1bmN0aW9uIGxvYWRTY3JpcHQoKSB7IHZhciBzY3JpcHQgPSBkb2N1bWVudC5jcmVhdGVFbGVtZW50KCdzY3JpcHQnKTsgc2NyaXB0LmFzeW5jID0gdHJ1ZTsgc2NyaXB0LnNyYyA9IHNjcmlwdFVSTDsgKGRvY3VtZW50LmdldEVsZW1lbnRzQnlUYWdOYW1lKCdoZWFkJylbMF0gfHwgZG9jdW1lbnQuZ2V0RWxlbWVudHNCeVRhZ05hbWUoJ2JvZHknKVswXSkuYXBwZW5kQ2hpbGQoc2NyaXB0KTsgc2NyaXB0Lm9ubG9hZCA9IFNob3BpZnlCdXlJbml0OyB9IGZ1bmN0aW9uIFNob3BpZnlCdXlJbml0KCkgeyB2YXIgY2xpZW50ID0gU2hvcGlmeUJ1eS5idWlsZENsaWVudCh7IGRvbWFpbjogJ25vdnVzbWVkaWNhbC5teXNob3BpZnkuY29tJywgc3RvcmVmcm9udEFjY2Vzc1Rva2VuOiAnZTc5YTU1NTE1Njk0Y2JhN2RhMGM5ZGI0ZGY1NDU2ZGQnLCB9KTsgU2hvcGlmeUJ1eS5VSS5vblJlYWR5KGNsaWVudCkudGhlbihmdW5jdGlvbiAodWkpIHsgdWkuY3JlYXRlQ29tcG9uZW50KCdwcm9kdWN0JywgeyBpZDogJzU4OTM1MDI0NjgyNTYnLCBub2RlOiBkb2N1bWVudC5nZXRFbGVtZW50QnlJZCgncHJvZHVjdC1jb21wb25lbnQtMTYwNzM3MDAxMzYzMCcpLCBtb25leUZvcm1hdDogJyUyNCU3QiU3QmFtb3VudCU3RCU3RCcsIG9wdGlvbnM6IHsgInByb2R1Y3QiOiB7ICJzdHlsZXMiOiB7ICJwcm9kdWN0IjogeyAiQG1lZGlhIChtaW4td2lkdGg6IDYwMXB4KSI6IHsgIm1heC13aWR0aCI6ICJjYWxjKDI1JSAtIDIwcHgpIiwgIm1hcmdpbi1sZWZ0IjogIjIwcHgiLCAibWFyZ2luLWJvdHRvbSI6ICI1MHB4IiB9IH0gfSwgInRleHQiOiB7ICJidXR0b24iOiAiQWRkIHRvIGNhcnQiIH0gfSwgInByb2R1Y3RTZXQiOiB7ICJzdHlsZXMiOiB7ICJwcm9kdWN0cyI6IHsgIkBtZWRpYSAobWluLXdpZHRoOiA2MDFweCkiOiB7ICJtYXJnaW4tbGVmdCI6ICItMjBweCIgfSB9IH0gfSwgIm1vZGFsUHJvZHVjdCI6IHsgImNvbnRlbnRzIjogeyAiaW1nIjogZmFsc2UsICJpbWdXaXRoQ2Fyb3VzZWwiOiB0cnVlLCAiYnV0dG9uIjogZmFsc2UsICJidXR0b25XaXRoUXVhbnRpdHkiOiB0cnVlIH0sICJzdHlsZXMiOiB7ICJwcm9kdWN0IjogeyAiQG1lZGlhIChtaW4td2lkdGg6IDYwMXB4KSI6IHsgIm1heC13aWR0aCI6ICIxMDAlIiwgIm1hcmdpbi1sZWZ0IjogIjBweCIsICJtYXJnaW4tYm90dG9tIjogIjBweCIgfSB9IH0sICJ0ZXh0IjogeyAiYnV0dG9uIjogIkFkZCB0byBjYXJ0IiB9IH0sICJjYXJ0IjogeyAidGV4dCI6IHsgInRvdGFsIjogIlN1YnRvdGFsIiwgImJ1dHRvbiI6ICJDaGVja291dCIgfSB9IH0sIH0pOyB9KTsgfSB9KSgpOyAvKl1dPiovCjwvc2NyaXB0Pgo=[\/vc_raw_html][\/vc_column][\/vc_row][vc_row full_width=&#8221;stretch_row&#8221; css=&#8221;.vc_custom_1683822516688{margin-bottom: -60px !important;border-bottom-width: 0px !important;padding-top: 75px !important;padding-bottom: 40px !important;background-image: url(https:\/\/novusmedical.ca\/wp-content\/uploads\/2023\/01\/Background-image-for-Web.png?id=8936) !important;background-position: center !important;background-repeat: no-repeat !important;background-size: cover !important;}&#8221;][vc_column width=&#8221;1\/3&#8243;][vc_single_image image=&#8221;8340&#8243; img_size=&#8221;large&#8221; alignment=&#8221;center&#8221;][vc_empty_space height=&#8221;5px&#8221;][\/vc_column][vc_column width=&#8221;2\/3&#8243; css=&#8221;.vc_custom_1640295263973{margin-left: 35px !important;}&#8221;][vc_empty_space height=&#8221;25px&#8221;][vc_custom_heading text=&#8221;Consultez notre catalogue de produits PFT !&#8221; font_container=&#8221;tag:h2|font_size:34|text_align:left|color:%2395c93d|line_height:1.25&#8243; google_fonts=&#8221;font_family:Roboto%3A100%2C100italic%2C300%2C300italic%2Cregular%2Citalic%2C500%2C500italic%2C700%2C700italic%2C900%2C900italic|font_style:900%20bold%20regular%3A900%3Anormal&#8221;][vc_custom_heading text=&#8221;Nous avons d\u00e9velopp\u00e9 notre syst\u00e8me d&#8217;information Novus Medical Inc. Le catalogue des tests de la fonction pulmonaire a pour but de pr\u00e9senter et de fournir tous nos produits de test de la fonction pulmonaire dans un seul PDF t\u00e9l\u00e9chargeable.&#8221; font_container=&#8221;tag:h2|font_size:18|text_align:left|color:%23ffffff|line_height:1.5&#8243; google_fonts=&#8221;font_family:Roboto%3A100%2C100italic%2C300%2C300italic%2Cregular%2Citalic%2C500%2C500italic%2C700%2C700italic%2C900%2C900italic|font_style:400%20regular%3A400%3Anormal&#8221;][vc_empty_space height=&#8221;5px&#8221;][vc_row_inner][vc_column_inner width=&#8221;1\/4&#8243;][vc_btn title=&#8221;T\u00e9l\u00e9charger l&#8217;anglais&#8221; style=&#8221;outline-custom&#8221; outline_custom_color=&#8221;#ffffff&#8221; outline_custom_hover_background=&#8221;#93d500&#8243; outline_custom_hover_text=&#8221;#000000&#8243; shape=&#8221;square&#8221; align=&#8221;left&#8221; link=&#8221;url:https%3A%2F%2Fnovusmedical.ca%2Fwp-content%2Fuploads%2F2023%2F01%2FNM_ENG_PFTCatalogue_LoRes.pdf|target:_blank|&#8221;][\/vc_column_inner][vc_column_inner width=&#8221;1\/4&#8243;][vc_btn title=&#8221;Voir l&#8217;anglais&#8221; style=&#8221;outline-custom&#8221; outline_custom_color=&#8221;#ffffff&#8221; outline_custom_hover_background=&#8221;#93d500&#8243; outline_custom_hover_text=&#8221;#000000&#8243; shape=&#8221;square&#8221; align=&#8221;left&#8221; i_icon_fontawesome=&#8221;fas fa-book-open&#8221; add_icon=&#8221;true&#8221; link=&#8221;url:https%3A%2F%2Fnovusmedical.ca%2Fcardio-pulmonary-diagnostics%2F8333-2%2F|title:PFTCatalogue|&#8221;][\/vc_column_inner][vc_column_inner width=&#8221;1\/4&#8243;][vc_btn title=&#8221;T\u00e9l\u00e9charger le fran\u00e7ais&#8221; style=&#8221;outline-custom&#8221; outline_custom_color=&#8221;#ffffff&#8221; outline_custom_hover_background=&#8221;#93d500&#8243; outline_custom_hover_text=&#8221;#000000&#8243; shape=&#8221;square&#8221; align=&#8221;left&#8221; link=&#8221;url:https%3A%2F%2Fnovusmedical.ca%2Fwp-content%2Fuploads%2F2023%2F05%2FNM_FR_PFTCatalogue_LoRes.pdf|target:_blank|&#8221;][\/vc_column_inner][vc_column_inner width=&#8221;1\/4&#8243;][vc_btn title=&#8221;Voir le fran\u00e7ais&#8221; style=&#8221;outline-custom&#8221; outline_custom_color=&#8221;#ffffff&#8221; outline_custom_hover_background=&#8221;#93d500&#8243; outline_custom_hover_text=&#8221;#000000&#8243; shape=&#8221;square&#8221; align=&#8221;left&#8221; i_icon_fontawesome=&#8221;fas fa-book-open&#8221; add_icon=&#8221;true&#8221; link=&#8221;url:https%3A%2F%2Fnovusmedical.ca%2Fcardio-pulmonary-diagnostics%2Fpft-french-catalogue%2F|title:PFTCatalogue|&#8221;][\/vc_column_inner][\/vc_row_inner][\/vc_column][\/vc_row]\n<\/div>","protected":false},"excerpt":{"rendered":"<p>[vc_row css=&#8221;.vc_custom_1594314647893{margin-top: -50px !important;}&#8221;][vc_column][\/vc_column][\/vc_row][vc_row][vc_column width=&#8221;1\/6&#8243;][\/vc_column][vc_column width=&#8221;2\/3&#8243;][vc_empty_space height=&#8221;40px&#8221;][vc_single_image image=&#8221;6402&#8243; img_size=&#8221;medium&#8221; alignment=&#8221;center&#8221; onclick=&#8221;custom_link&#8221; img_link_target=&#8221;_blank&#8221; link=&#8221;https:\/\/twelfthmantec.com\/http:\/\/&#8221;][vc_custom_heading text=&#8221;Pince-Nez Parrallel&#8221; font_container=&#8221;tag:h2|font_size:32|text_align:center|color:%23000000&#8243; google_fonts=&#8221;font_family:Roboto%3A100%2C100italic%2C300%2C300italic%2Cregular%2Citalic%2C500%2C500italic%2C700%2C700italic%2C900%2C900italic|font_style:500%20bold%20regular%3A500%3Anormal&#8221;][vc_column_text] En quoi le [&hellip;]<\/p>\n","protected":false},"author":1,"featured_media":0,"parent":0,"menu_order":0,"comment_status":"closed","ping_status":"closed","template":"","meta":{"om_disable_all_campaigns":false,"_monsterinsights_skip_tracking":false,"_monsterinsights_sitenote_active":false,"_monsterinsights_sitenote_note":"","_monsterinsights_sitenote_category":0,"footnotes":""},"class_list":["post-10551","page","type-page","status-publish","hentry"],"jetpack_sharing_enabled":true,"_links":{"self":[{"href":"https:\/\/novusmedical.ca\/fr\/wp-json\/wp\/v2\/pages\/10551","targetHints":{"allow":["GET"]}}],"collection":[{"href":"https:\/\/novusmedical.ca\/fr\/wp-json\/wp\/v2\/pages"}],"about":[{"href":"https:\/\/novusmedical.ca\/fr\/wp-json\/wp\/v2\/types\/page"}],"author":[{"embeddable":true,"href":"https:\/\/novusmedical.ca\/fr\/wp-json\/wp\/v2\/users\/1"}],"replies":[{"embeddable":true,"href":"https:\/\/novusmedical.ca\/fr\/wp-json\/wp\/v2\/comments?post=10551"}],"version-history":[{"count":5,"href":"https:\/\/novusmedical.ca\/fr\/wp-json\/wp\/v2\/pages\/10551\/revisions"}],"predecessor-version":[{"id":11503,"href":"https:\/\/novusmedical.ca\/fr\/wp-json\/wp\/v2\/pages\/10551\/revisions\/11503"}],"wp:attachment":[{"href":"https:\/\/novusmedical.ca\/fr\/wp-json\/wp\/v2\/media?parent=10551"}],"curies":[{"name":"wp","href":"https:\/\/api.w.org\/{rel}","templated":true}]}}