{"id":10497,"date":"2020-07-16T21:53:03","date_gmt":"2020-07-16T21:53:03","guid":{"rendered":"https:\/\/novusmedical.ca\/pft-and-cpx-ultima-pfx\/"},"modified":"2024-07-22T17:13:51","modified_gmt":"2024-07-22T17:13:51","slug":"pft-and-cpx-ultima-pfx","status":"publish","type":"page","link":"https:\/\/novusmedical.ca\/fr\/pft-and-cpx-ultima-pfx\/","title":{"rendered":"PFT and CPX Ultima PFX"},"content":{"rendered":"<div class=\"wpb-content-wrapper\">[vc_row css=&#8221;.vc_custom_1594314647893{margin-top: -50px !important;}&#8221;][vc_column]\n\t\t\t<!-- START MGC REVOLUTION SLIDER 6.6.9 --><p class=\"rs-p-wp-fix\"><\/p>\n\t\t\t<rs-module-wrap id=\"rev_slider_11_1_wrapper\" data-source=\"gallery\" style=\"visibility:hidden;background:transparent;padding:0;margin:0px auto;margin-top:0;margin-bottom:0;\">\n\t\t\t\t<rs-module id=\"rev_slider_11_1\" style=\"\" data-version=\"6.6.9\">\n\t\t\t\t\t<rs-slides style=\"overflow: hidden; position: absolute;\">\n\t\t\t\t\t\t<rs-slide style=\"position: absolute;\" data-key=\"rs-15\" data-title=\"Cardio Pulmonary Product Pages\" data-anim=\"ms:1000;r:0;\" data-in=\"o:0;\" data-out=\"a:false;\">\n\t\t\t\t\t\t\t<img data-recalc-dims=\"1\" decoding=\"async\" src=\"https:\/\/i0.wp.com\/novusmedical.ca\/wp-content\/plugins\/revslider\/public\/assets\/assets\/dummy.png?resize=2000%2C1494\" alt=\"\" title=\"NEW_MGC Building\" width=\"2000\" height=\"1494\" class=\"rev-slidebg tp-rs-img rs-lazyload\" data-lazyload=\"\/\/novusmedical.ca\/wp-content\/uploads\/2020\/11\/NEW_MGC-Building-1.jpg\" data-no-retina>\n<!--\n\t\t\t\t\t\t\t--><rs-layer\n\t\t\t\t\t\t\t\tid=\"slider-11-slide-15-layer-0\" \n\t\t\t\t\t\t\t\tdata-type=\"image\"\n\t\t\t\t\t\t\t\tdata-rsp_ch=\"on\"\n\t\t\t\t\t\t\t\tdata-xy=\"x:c;y:c;yo:12px;\"\n\t\t\t\t\t\t\t\tdata-text=\"w:normal;\"\n\t\t\t\t\t\t\t\tdata-dim=\"w:638px;h:273px;\"\n\t\t\t\t\t\t\t\tdata-frame_999=\"o:0;st:w;\"\n\t\t\t\t\t\t\t\tstyle=\"z-index:9;\"\n\t\t\t\t\t\t\t><img data-recalc-dims=\"1\" decoding=\"async\" src=\"https:\/\/i0.wp.com\/novusmedical.ca\/wp-content\/plugins\/revslider\/public\/assets\/assets\/dummy.png?resize=500%2C214\" alt=\"\" class=\"tp-rs-img rs-lazyload\" width=\"500\" height=\"214\" data-lazyload=\"\/\/novusmedical.ca\/wp-content\/uploads\/2020\/08\/MGCDiagnostics_2c_White_yellow_horizontal.png\" data-no-retina> \n\t\t\t\t\t\t\t<\/rs-layer><!--\n\n\t\t\t\t\t\t\t--><rs-layer\n\t\t\t\t\t\t\t\tid=\"slider-11-slide-15-layer-1\" \n\t\t\t\t\t\t\t\tdata-type=\"shape\"\n\t\t\t\t\t\t\t\tdata-rsp_ch=\"on\"\n\t\t\t\t\t\t\t\tdata-xy=\"x:c;y:c;\"\n\t\t\t\t\t\t\t\tdata-text=\"w:normal;\"\n\t\t\t\t\t\t\t\tdata-dim=\"w:2500px;h:100%;\"\n\t\t\t\t\t\t\t\tdata-frame_999=\"o:0;st:w;\"\n\t\t\t\t\t\t\t\tstyle=\"z-index:8;background-color:rgba(0,0,0,0.65);\"\n\t\t\t\t\t\t\t> \n\t\t\t\t\t\t\t<\/rs-layer><!--\n-->\t\t\t\t\t\t<\/rs-slide>\n\t\t\t\t\t<\/rs-slides>\n\t\t\t\t<\/rs-module>\n\t\t\t\t<script>\n\t\t\t\t\tsetREVStartSize({c: 'rev_slider_11_1',rl:[1240,1024,778,480],el:[450],gw:[1240],gh:[450],type:'standard',justify:'',layout:'fullwidth',mh:\"0\"});if (window.RS_MODULES!==undefined && window.RS_MODULES.modules!==undefined && window.RS_MODULES.modules[\"revslider111\"]!==undefined) {window.RS_MODULES.modules[\"revslider111\"].once = false;window.revapi11 = undefined;if (window.RS_MODULES.checkMinimal!==undefined) window.RS_MODULES.checkMinimal()}\n\t\t\t\t<\/script>\n\t\t\t<\/rs-module-wrap>\n\t\t\t<!-- END REVOLUTION SLIDER -->\n[\/vc_column][\/vc_row][vc_row][vc_column width=&#8221;1\/6&#8243;][\/vc_column][vc_column width=&#8221;2\/3&#8243;][vc_empty_space height=&#8221;55px&#8221;][vc_custom_heading text=&#8221;Ultima CPX&#x2122;&#8221; font_container=&#8221;tag:h2|font_size:32|text_align:center|color:%23000000&#8243; google_fonts=&#8221;font_family:Roboto%3A100%2C100italic%2C300%2C300italic%2Cregular%2Citalic%2C500%2C500italic%2C700%2C700italic%2C900%2C900italic|font_style:500%20bold%20regular%3A500%3Anormal&#8221;][vc_column_text]\n<p style=\"text-align: left;\">Il est possible de simplifier votre syst\u00e8me de test de stress m\u00e9tabolique sans compromettre la pr\u00e9cision. Laissez le syst\u00e8me de test de stress m\u00e9tabolique Ultima CPX&#x2122; vous montrer comment. Il fournit une v\u00e9ritable analyse m\u00e9tabolique, respiration par respiration, pour une \u00e9valuation compl\u00e8te de la capacit\u00e9 fonctionnelle et du syst\u00e8me cardiorespiratoire du patient. Gr\u00e2ce \u00e0 son interface avec des dispositifs externes, il offre une grande souplesse en mati\u00e8re de contr\u00f4le et de test. L&#8217;\u00e9talonnage automatique des gaz permet un examen rapide des patients, ce que ces derniers appr\u00e9cieront. Si vous avez besoin de capacit\u00e9s de test suppl\u00e9mentaires, l&#8217;Ultima CPX vous offre le d\u00e9bit cardiaque indirect de Fick et la spirom\u00e9trie, ainsi qu&#8217;un ensemble de logiciels en option. Le bureau enti\u00e8rement r\u00e9glable permet un confort d&#8217;examen maximal pour le technicien et le patient.<\/p>\n[\/vc_column_text][\/vc_column][vc_column width=&#8221;1\/6&#8243;][\/vc_column][\/vc_row][vc_row full_width=&#8221;stretch_row&#8221; gap=&#8221;35&#8243; content_placement=&#8221;top&#8221; css=&#8221;.vc_custom_1594316976606{background-color: #eaeaea !important;}&#8221;][vc_column width=&#8221;1\/2&#8243; css=&#8221;.vc_custom_1594316805032{margin-right: 0px !important;}&#8221;][vc_empty_space height=&#8221;50px&#8221;][vc_single_image image=&#8221;5906&#8243; img_size=&#8221;full&#8221; alignment=&#8221;center&#8221;][\/vc_column][vc_column width=&#8221;1\/2&#8243;][vc_empty_space height=&#8221;50px&#8221;][vc_column_text]Ultima S\u00e9ries&#x2122; Les syst\u00e8mes de diagnostic cardiorespiratoire offrent une flexibilit\u00e9 maximale pour configurer \u00e0 la fois le test de la fonction pulmonaire (PFT) et le test de l\u2019\u00e9change gazeux. Le syst\u00e8me d&#8217;\u00e9preuve d&#8217;effort m\u00e9tabolique Ultima CPX&#x2122; fournit une v\u00e9ritable analyse m\u00e9tabolique respiration par respiration, tant au repos qu&#8217;\u00e0 l&#8217;effort, pour une \u00e9valuation compl\u00e8te de la capacit\u00e9 fonctionnelle et des diagnostics cardiorespiratoires.<\/p>\n<ul>\n<li>Les capacit\u00e9s de test comprennent la capacit\u00e9 d&#8217;exercice, le d\u00e9bit cardiaque direct et la spirom\u00e9trie.<\/li>\n<li>Interfaces faciles avec les ergom\u00e8tres (cycle et tapis roulant)<\/li>\n<\/ul>\n[\/vc_column_text][vc_btn title=&#8221;EN SAVOIR PLUS&#8221; style=&#8221;outline-custom&#8221; outline_custom_color=&#8221;#000000&#8243; outline_custom_hover_background=&#8221;#93d500&#8243; outline_custom_hover_text=&#8221;#ffffff&#8221; shape=&#8221;square&#8221; align=&#8221;left&#8221; i_icon_fontawesome=&#8221;fas fa-heartbeat&#8221; add_icon=&#8221;true&#8221; link=&#8221;url:http%3A%2F%2Fnovusmedical.jzx.oms.mybluehost.me%2Fwp-content%2Fuploads%2F2020%2F07%2FUltima_CPX_Standalone_sellsheet.pdf|target:%20_blank|&#8221;][vc_btn title=&#8221;Brochure de la s\u00e9rie Ultima&#8221; style=&#8221;outline-custom&#8221; outline_custom_color=&#8221;#000000&#8243; outline_custom_hover_background=&#8221;#93d500&#8243; outline_custom_hover_text=&#8221;#ffffff&#8221; shape=&#8221;square&#8221; align=&#8221;left&#8221; i_icon_fontawesome=&#8221;fas fa-heartbeat&#8221; add_icon=&#8221;true&#8221; link=&#8221;url:http%3A%2F%2Fnovusmedical.jzx.oms.mybluehost.me%2Fwp-content%2Fuploads%2F2020%2F07%2FUltima_Series_Brochure_060141-001_web.pdf|target:%20_blank|&#8221;][vc_btn title=&#8221;DEMANDER UN DEVIS&#8221; style=&#8221;outline-custom&#8221; outline_custom_color=&#8221;#000000&#8243; outline_custom_hover_background=&#8221;#93d500&#8243; outline_custom_hover_text=&#8221;#ffffff&#8221; shape=&#8221;square&#8221; align=&#8221;left&#8221; i_icon_fontawesome=&#8221;fas fa-dollar-sign&#8221; add_icon=&#8221;true&#8221; link=&#8221;url:https%3A%2F%2Fnovusmedical.ca%2Ffr%2Fcontact-novus%2F|title:Contact%20Novus|target:_blank&#8221;][vc_empty_space][\/vc_column][\/vc_row][vc_row][vc_column][vc_empty_space height=&#8221;75px&#8221;][vc_separator border_width=&#8221;2&#8243; el_width=&#8221;70&#8243;][vc_empty_space height=&#8221;50px&#8221;][\/vc_column][\/vc_row][vc_row][vc_column width=&#8221;1\/6&#8243;][\/vc_column][vc_column width=&#8221;2\/3&#8243;][vc_single_image image=&#8221;6222&#8243; img_size=&#8221;large&#8221; alignment=&#8221;center&#8221; onclick=&#8221;custom_link&#8221; img_link_target=&#8221;_blank&#8221; link=&#8221;https:\/\/mgcdiagnostics.com\/&#8221;][vc_custom_heading text=&#8221;Ultima PFX\u00ae Syst\u00e8me de test m\u00e9tabolique\/exercice&#8221; font_container=&#8221;tag:h2|font_size:32|text_align:center|color:%23000000&#8243; google_fonts=&#8221;font_family:Roboto%3A100%2C100italic%2C300%2C300italic%2Cregular%2Citalic%2C500%2C500italic%2C700%2C700italic%2C900%2C900italic|font_style:500%20bold%20regular%3A500%3Anormal&#8221;][vc_column_text]\n<p style=\"text-align: left;\">Les syst\u00e8mes de diagnostic cardiorespiratoire de la s\u00e9rie Ultima&#x2122; offrent une flexibilit\u00e9 maximale pour configurer \u00e0 la fois les tests de la fonction pulmonaire (PFT) et les syst\u00e8mes d&#8217;\u00e9change gazeux. Nous proposons les technologies et les capteurs les plus r\u00e9cents pour des performances et une fiabilit\u00e9 in\u00e9gal\u00e9es. Un poste de travail compl\u00e8tement ajustable permet de disposer d&#8217;un vaste espace de travail personnel, que le technicien soit assis ou debout. Notre puissant logiciel de diagnostic cardiorespiratoire BreezeSuite&#x2122; permet de r\u00e9aliser des tests simples, \u00e0 l&#8217;aide d&#8217;un seul bouton. Notre capteur de d\u00e9bit preVent\u00ae exclusif maximise l&#8217;efficacit\u00e9 du laboratoire et le contr\u00f4le des infections tout en respectant ou en d\u00e9passant les normes et sp\u00e9cifications ATS\/ERS.<\/p>\n[\/vc_column_text][\/vc_column][vc_column width=&#8221;1\/6&#8243;][\/vc_column][\/vc_row][vc_row full_width=&#8221;stretch_row&#8221; gap=&#8221;35&#8243; content_placement=&#8221;top&#8221; css=&#8221;.vc_custom_1594316976606{background-color: #eaeaea !important;}&#8221;][vc_column width=&#8221;1\/2&#8243; css=&#8221;.vc_custom_1594316805032{margin-right: 0px !important;}&#8221;][vc_single_image image=&#8221;5912&#8243; img_size=&#8221;full&#8221; alignment=&#8221;center&#8221;][\/vc_column][vc_column width=&#8221;1\/2&#8243;][vc_column_text]Ultima S\u00e9ries&#x2122; Les syst\u00e8mes de diagnostic cardiorespiratoire offrent une flexibilit\u00e9 maximale pour configurer \u00e0 la fois le test de la fonction pulmonaire (PFT) et le test de l\u2019\u00e9change gazeux. Le syst\u00e8me d&#8217;\u00e9valuation de la fonction pulmonaire et du stress Ultima PFX\u00ae offre des options compl\u00e8tes d&#8217;\u00e9valuation de la fonction pulmonaire et du m\u00e9tabolisme pour les patients p\u00e9diatriques et adultes.<\/p>\n<ul>\n<li>Test d\u2019analyse m\u00e9tabolique unique souffle par souffle pendant le repos et l\u2019exercice.<\/li>\n<li>Plate-forme de fonction pulmonaire compacte et polyvalente.<\/li>\n<\/ul>\n[\/vc_column_text][vc_btn title=&#8221;EN SAVOIR PLUS&#8221; style=&#8221;outline-custom&#8221; outline_custom_color=&#8221;#000000&#8243; outline_custom_hover_background=&#8221;#93d500&#8243; outline_custom_hover_text=&#8221;#ffffff&#8221; shape=&#8221;square&#8221; align=&#8221;left&#8221; i_icon_fontawesome=&#8221;fas fa-heartbeat&#8221; add_icon=&#8221;true&#8221; link=&#8221;url:http%3A%2F%2Fnovusmedical.jzx.oms.mybluehost.me%2Fwp-content%2Fuploads%2F2020%2F07%2FUltima_PFX_Standalone_sellshee_web.pdf|target:%20_blank|&#8221;][vc_btn title=&#8221;Brochure de la s\u00e9rie Ultima&#8221; style=&#8221;outline-custom&#8221; outline_custom_color=&#8221;#000000&#8243; outline_custom_hover_background=&#8221;#93d500&#8243; outline_custom_hover_text=&#8221;#ffffff&#8221; shape=&#8221;square&#8221; align=&#8221;left&#8221; i_icon_fontawesome=&#8221;fas fa-heartbeat&#8221; add_icon=&#8221;true&#8221; link=&#8221;url:http%3A%2F%2Fnovusmedical.jzx.oms.mybluehost.me%2Fwp-content%2Fuploads%2F2020%2F07%2FUltima_Series_Brochure_060141-001_web.pdf|target:%20_blank|&#8221;][vc_btn title=&#8221;DEMANDER UN DEVIS&#8221; style=&#8221;outline-custom&#8221; outline_custom_color=&#8221;#000000&#8243; outline_custom_hover_background=&#8221;#93d500&#8243; outline_custom_hover_text=&#8221;#ffffff&#8221; shape=&#8221;square&#8221; align=&#8221;left&#8221; i_icon_fontawesome=&#8221;fas fa-dollar-sign&#8221; add_icon=&#8221;true&#8221; link=&#8221;url:mailto%3Ainfo%40novusmedical.ca|target:%20_blank|&#8221;][vc_empty_space][\/vc_column][\/vc_row]\n<\/div>","protected":false},"excerpt":{"rendered":"<p>[vc_row css=&#8221;.vc_custom_1594314647893{margin-top: -50px !important;}&#8221;][vc_column][\/vc_column][\/vc_row][vc_row][vc_column width=&#8221;1\/6&#8243;][\/vc_column][vc_column width=&#8221;2\/3&#8243;][vc_empty_space height=&#8221;55px&#8221;][vc_custom_heading text=&#8221;Ultima CPX&#x2122;&#8221; font_container=&#8221;tag:h2|font_size:32|text_align:center|color:%23000000&#8243; google_fonts=&#8221;font_family:Roboto%3A100%2C100italic%2C300%2C300italic%2Cregular%2Citalic%2C500%2C500italic%2C700%2C700italic%2C900%2C900italic|font_style:500%20bold%20regular%3A500%3Anormal&#8221;][vc_column_text] Il est possible de simplifier votre syst\u00e8me de test [&hellip;]<\/p>\n","protected":false},"author":1,"featured_media":0,"parent":0,"menu_order":0,"comment_status":"closed","ping_status":"closed","template":"","meta":{"om_disable_all_campaigns":false,"_monsterinsights_skip_tracking":false,"_monsterinsights_sitenote_active":false,"_monsterinsights_sitenote_note":"","_monsterinsights_sitenote_category":0,"footnotes":""},"class_list":["post-10497","page","type-page","status-publish","hentry"],"jetpack_sharing_enabled":true,"_links":{"self":[{"href":"https:\/\/novusmedical.ca\/fr\/wp-json\/wp\/v2\/pages\/10497","targetHints":{"allow":["GET"]}}],"collection":[{"href":"https:\/\/novusmedical.ca\/fr\/wp-json\/wp\/v2\/pages"}],"about":[{"href":"https:\/\/novusmedical.ca\/fr\/wp-json\/wp\/v2\/types\/page"}],"author":[{"embeddable":true,"href":"https:\/\/novusmedical.ca\/fr\/wp-json\/wp\/v2\/users\/1"}],"replies":[{"embeddable":true,"href":"https:\/\/novusmedical.ca\/fr\/wp-json\/wp\/v2\/comments?post=10497"}],"version-history":[{"count":5,"href":"https:\/\/novusmedical.ca\/fr\/wp-json\/wp\/v2\/pages\/10497\/revisions"}],"predecessor-version":[{"id":11492,"href":"https:\/\/novusmedical.ca\/fr\/wp-json\/wp\/v2\/pages\/10497\/revisions\/11492"}],"wp:attachment":[{"href":"https:\/\/novusmedical.ca\/fr\/wp-json\/wp\/v2\/media?parent=10497"}],"curies":[{"name":"wp","href":"https:\/\/api.w.org\/{rel}","templated":true}]}}