{"id":10463,"date":"2022-01-20T15:17:56","date_gmt":"2022-01-20T15:17:56","guid":{"rendered":"https:\/\/novusmedical.ca\/mgc-diagnostics\/micro5000\/"},"modified":"2024-07-22T17:03:37","modified_gmt":"2024-07-22T17:03:37","slug":"micro5000","status":"publish","type":"page","link":"https:\/\/novusmedical.ca\/fr\/mgc-diagnostics\/micro5000\/","title":{"rendered":"Micro5000"},"content":{"rendered":"<div class=\"wpb-content-wrapper\">[vc_row css=&#8221;.vc_custom_1594314647893{margin-top: -50px !important;}&#8221;][vc_column]\n\t\t\t<!-- START MGC International REVOLUTION SLIDER 6.6.9 --><p class=\"rs-p-wp-fix\"><\/p>\n\t\t\t<rs-module-wrap id=\"rev_slider_51_1_wrapper\" data-source=\"gallery\" style=\"visibility:hidden;background:transparent;padding:0;margin:0px auto;margin-top:0;margin-bottom:0;\">\n\t\t\t\t<rs-module id=\"rev_slider_51_1\" style=\"\" data-version=\"6.6.9\">\n\t\t\t\t\t<rs-slides style=\"overflow: hidden; position: absolute;\">\n\t\t\t\t\t\t<rs-slide style=\"position: absolute;\" data-key=\"rs-74\" data-title=\"Cardio Pulmonary Product Pages\" data-anim=\"adpr:false;\" data-in=\"o:0;\" data-out=\"a:false;\">\n\t\t\t\t\t\t\t<img data-recalc-dims=\"1\" decoding=\"async\" src=\"https:\/\/i0.wp.com\/novusmedical.ca\/wp-content\/plugins\/revslider\/public\/assets\/assets\/dummy.png?resize=2549%2C1211\" alt=\"\" title=\"MGCDiagnosticsInt\" width=\"2549\" height=\"1211\" class=\"rev-slidebg tp-rs-img rs-lazyload\" data-lazyload=\"\/\/novusmedical.ca\/wp-content\/uploads\/2022\/01\/MGCDiagnosticsInt.jpg\" data-no-retina>\n<!--\n\t\t\t\t\t\t\t--><rs-layer\n\t\t\t\t\t\t\t\tid=\"slider-51-slide-74-layer-0\" \n\t\t\t\t\t\t\t\tdata-type=\"image\"\n\t\t\t\t\t\t\t\tdata-rsp_ch=\"on\"\n\t\t\t\t\t\t\t\tdata-xy=\"x:c;y:c;\"\n\t\t\t\t\t\t\t\tdata-text=\"w:normal;\"\n\t\t\t\t\t\t\t\tdata-dim=\"w:528px;h:199px;\"\n\t\t\t\t\t\t\t\tdata-frame_999=\"o:0;st:w;\"\n\t\t\t\t\t\t\t\tstyle=\"z-index:9;\"\n\t\t\t\t\t\t\t><img data-recalc-dims=\"1\" decoding=\"async\" src=\"https:\/\/i0.wp.com\/novusmedical.ca\/wp-content\/plugins\/revslider\/public\/assets\/assets\/dummy.png?resize=600%2C226\" alt=\"\" class=\"tp-rs-img rs-lazyload\" width=\"600\" height=\"226\" data-lazyload=\"\/\/novusmedical.ca\/wp-content\/uploads\/2022\/02\/MGCD-Int-Medisoft_Reverse_lrg.png\" data-no-retina> \n\t\t\t\t\t\t\t<\/rs-layer><!--\n\n\t\t\t\t\t\t\t--><rs-layer\n\t\t\t\t\t\t\t\tid=\"slider-51-slide-74-layer-1\" \n\t\t\t\t\t\t\t\tdata-type=\"shape\"\n\t\t\t\t\t\t\t\tdata-rsp_ch=\"on\"\n\t\t\t\t\t\t\t\tdata-xy=\"x:c;y:c;\"\n\t\t\t\t\t\t\t\tdata-text=\"w:normal;\"\n\t\t\t\t\t\t\t\tdata-dim=\"w:2500px;h:100%;\"\n\t\t\t\t\t\t\t\tdata-frame_999=\"o:0;st:w;\"\n\t\t\t\t\t\t\t\tstyle=\"z-index:8;background-color:rgba(0,0,0,0.65);\"\n\t\t\t\t\t\t\t> \n\t\t\t\t\t\t\t<\/rs-layer><!--\n-->\t\t\t\t\t\t<\/rs-slide>\n\t\t\t\t\t<\/rs-slides>\n\t\t\t\t<\/rs-module>\n\t\t\t\t<script>\n\t\t\t\t\tsetREVStartSize({c: 'rev_slider_51_1',rl:[1240,1024,778,480],el:[450],gw:[1240],gh:[450],type:'standard',justify:'',layout:'fullwidth',mh:\"0\"});if (window.RS_MODULES!==undefined && window.RS_MODULES.modules!==undefined && window.RS_MODULES.modules[\"revslider511\"]!==undefined) {window.RS_MODULES.modules[\"revslider511\"].once = false;window.revapi51 = undefined;if (window.RS_MODULES.checkMinimal!==undefined) window.RS_MODULES.checkMinimal()}\n\t\t\t\t<\/script>\n\t\t\t<\/rs-module-wrap>\n\t\t\t<!-- END REVOLUTION SLIDER -->\n[\/vc_column][\/vc_row][vc_row][vc_column width=&#8221;1\/6&#8243;][vc_empty_space][\/vc_column][vc_column width=&#8221;2\/3&#8243;][vc_empty_space height=&#8221;50px&#8221;][vc_custom_heading text=&#8221;Micro 5000 PFS&#8221; font_container=&#8221;tag:h2|font_size:42|text_align:center|color:%23000000&#8243; google_fonts=&#8221;font_family:Roboto%3A100%2C100italic%2C300%2C300italic%2Cregular%2Citalic%2C500%2C500italic%2C700%2C700italic%2C900%2C900italic|font_style:500%20bold%20regular%3A500%3Anormal&#8221; css=&#8221;.vc_custom_1642692459147{margin-bottom: 0px !important;}&#8221;][vc_custom_heading text=&#8221;Le choix id\u00e9al de transducteur pr\u00e9cis et valid\u00e9 pour la spirom\u00e9trie de bureau&#8221; font_container=&#8221;tag:h2|font_size:32|text_align:center|color:%23ffc82f|line_height:1.25&#8243; google_fonts=&#8221;font_family:Roboto%3A100%2C100italic%2C300%2C300italic%2Cregular%2Citalic%2C500%2C500italic%2C700%2C700italic%2C900%2C900italic|font_style:500%20bold%20regular%3A500%3Anormal&#8221;][vc_separator border_width=&#8221;2&#8243;][\/vc_column][vc_column width=&#8221;1\/6&#8243;][\/vc_column][\/vc_row][vc_row][vc_column width=&#8221;1\/6&#8243;][\/vc_column][vc_column width=&#8221;2\/3&#8243;][vc_column_text css=&#8221;.vc_custom_1642692577500{margin-bottom: 15px !important;}&#8221;]\n<p style=\"text-align: left;\">Spirom\u00e9trie de table extensible : fiabilit\u00e9, pr\u00e9cision et modularit\u00e9 dans un module compact, bas\u00e9 sur la technologie PFS, le point de d\u00e9part de votre laboratoire de fonction pulmonaire complet.<\/p>\n[\/vc_column_text][\/vc_column][vc_column width=&#8221;1\/6&#8243;][\/vc_column][\/vc_row][vc_row full_width=&#8221;stretch_row&#8221; gap=&#8221;35&#8243; content_placement=&#8221;top&#8221; css=&#8221;.vc_custom_1632332984655{margin-right: 30px !important;margin-left: 0px !important;background-color: #ffffff !important;}&#8221; el_id=&#8221;aeramaxproii&#8221;][vc_column width=&#8221;1\/2&#8243; css=&#8221;.vc_custom_1594316805032{margin-right: 0px !important;}&#8221;][vc_single_image image=&#8221;7913&#8243; img_size=&#8221;full&#8221; alignment=&#8221;center&#8221; css=&#8221;.vc_custom_1642695688813{margin-top: 0px !important;margin-bottom: 60px !important;}&#8221;][vc_single_image image=&#8221;7914&#8243; img_size=&#8221;full&#8221; alignment=&#8221;center&#8221;][\/vc_column][vc_column width=&#8221;1\/2&#8243; css=&#8221;.vc_custom_1632333011420{margin-left: 35px !important;}&#8221;][vc_empty_space height=&#8221;15px&#8221;][vc_custom_heading text=&#8221;Spirom\u00e9trie de base compl\u00e8te&#8221; font_container=&#8221;tag:h2|font_size:32|text_align:left|color:%23000000&#8243; google_fonts=&#8221;font_family:Roboto%3A100%2C100italic%2C300%2C300italic%2Cregular%2Citalic%2C500%2C500italic%2C700%2C700italic%2C900%2C900italic|font_style:500%20bold%20regular%3A500%3Anormal&#8221;][vc_column_text]Capacit\u00e9 vitale forc\u00e9e, capacit\u00e9 vitale lente, ventilation volontaire maximale et mesure des d\u00e9bits ventilatoires, y compris le logiciel de test de bronchochallenge.<\/p>\n<ul>\n<li style=\"list-style-type: none;\">\n<ul>\n<li>Module petit et compact<\/li>\n<li>Faible co\u00fbt d\u2019exploitation, peu de maintenance<\/li>\n<li>Logiciel ExpAir II, avec guidage complet de l&#8217;op\u00e9rateur et du patient.<\/li>\n<\/ul>\n<\/li>\n<\/ul>\n<p>Ou ajoutez \u00e0 tout moment l&#8217;une des options ci-dessous.<\/p>\n<p><strong>Bronchoprovocation et test sp\u00e9cial de r\u00e9sistance:<\/strong><\/p>\n<ul>\n<li style=\"list-style-type: none;\">\n<ul>\n<li>Syst\u00e8me de provocation PROVO4 pour des tests de provocation bronchique automatis\u00e9s, contr\u00f4l\u00e9s par logiciel, pr\u00e9cis et s\u00fbrs<\/li>\n<li>RINT : Mesure des r\u00e9sistances par interruption de d\u00e9bit, technique id\u00e9ale pour les enfants.<\/li>\n<li>NEP : M\u00e9thode de mesure alternative (Pression Expiratoire N\u00e9gative) pour d\u00e9tecter la limitation du d\u00e9bit expiratoire, ne requiert pas d\u2019effort d\u2019expiration forc\u00e9e ni de test de pl\u00e9thysmographie pour le patient.<\/li>\n<\/ul>\n<\/li>\n<\/ul>\n<p>&nbsp;<\/p>\n<p><strong>Peut \u00eatre combin\u00e9 avec les appareils suivants :<\/strong> ECG, FeNO+, FOT Resmon Pro, BodyBox, HypAir, SpiroAir, Ergocard Professional, Ergocard Clinical.<\/p>\n<p><strong>Tests de la m\u00e9canique respiratoire :<\/strong><\/p>\n<ul>\n<li style=\"list-style-type: none;\">\n<ul>\n<li>\u2022 PImax\/PEmax : Pression inspiratoire et expiratoire maximale comme indicateurs de la force des muscles respiratoires<\/li>\n<li>\u2022 SNIP : Mesure de la pression maximale inspiratoire nasale \u00e0 l\u2019aide d\u2019un cath\u00e9ter nasal. Un indicateur non invasif de la fatigue du muscle diaphragmatique<\/li>\n<li>\u2022 P01 : Evaluation de la commande motrice respiratoire gr\u00e2ce \u00e0 la mesure de la pression inspiratoire \u00e0 0,1 seconde apr\u00e8s l\u2019occlusion.<\/li>\n<li>Mesure de la compliance statique et dynamique : mesur\u00e9e par un cath\u00e9ter \u00e0 ballonnet \u0153sophagien<\/li>\n<\/ul>\n<\/li>\n<\/ul>\n[\/vc_column_text][vc_row_inner][vc_column_inner width=&#8221;1\/3&#8243;][vc_btn title=&#8221;Brochure&#8221; style=&#8221;outline-custom&#8221; outline_custom_color=&#8221;#000000&#8243; outline_custom_hover_background=&#8221;#93d500&#8243; outline_custom_hover_text=&#8221;#ffffff&#8221; shape=&#8221;square&#8221; align=&#8221;left&#8221; i_icon_fontawesome=&#8221;fas fa-book-medical&#8221; add_icon=&#8221;true&#8221; link=&#8221;url:https%3A%2F%2Fnovusmedical.ca%2Fmgc-diagnostics%2Fmicro6000%2F|target:_blank|&#8221;][\/vc_column_inner][vc_column_inner width=&#8221;2\/3&#8243;][vc_btn title=&#8221;Obtenir un devis&#8221; style=&#8221;outline-custom&#8221; outline_custom_color=&#8221;#000000&#8243; outline_custom_hover_background=&#8221;#93d500&#8243; outline_custom_hover_text=&#8221;#ffffff&#8221; shape=&#8221;square&#8221; align=&#8221;left&#8221; i_icon_fontawesome=&#8221;fas fa-dollar-sign&#8221; add_icon=&#8221;true&#8221; link=&#8221;url:https%3A%2F%2Fnovusmedical.ca%2Ffr%2Fcontact-novus%2F|title:Contact%20Novus&#8221;][\/vc_column_inner][\/vc_row_inner][\/vc_column][\/vc_row][vc_row][vc_column][vc_empty_space height=&#8221;50px&#8221;][\/vc_column][\/vc_row][vc_row][vc_column width=&#8221;1\/3&#8243;][vc_single_image image=&#8221;7915&#8243; img_size=&#8221;full&#8221; alignment=&#8221;center&#8221;][\/vc_column][vc_column width=&#8221;2\/3&#8243; css=&#8221;.vc_custom_1642696143416{margin-left: 25px !important;}&#8221;][vc_custom_heading text=&#8221;Technologie de capteur de d\u00e9bit Prevent&#8221; font_container=&#8221;tag:h2|font_size:32|text_align:left|color:%23000000|line_height:1.25&#8243; google_fonts=&#8221;font_family:Roboto%3A100%2C100italic%2C300%2C300italic%2Cregular%2Citalic%2C500%2C500italic%2C700%2C700italic%2C900%2C900italic|font_style:500%20bold%20regular%3A500%3Anormal&#8221;][vc_column_text]Le capteur de d\u00e9bit preVent\u00ae, petit, durable et l\u00e9ger, est utilis\u00e9 sur tous les syst\u00e8mes MGC Diagnostics et Medisoft.<\/p>\n<ul>\n<li style=\"list-style-type: none;\">\n<ul>\n<li>Aucun \u00e9chauffement ou recalibrage n&#8217;est n\u00e9cessaire entre les patients, et la conformit\u00e9 aux normes peut \u00eatre v\u00e9rifi\u00e9e \u00e0 tout moment \u00e0 l&#8217;aide d&#8217;une seringue de 3 litres.<\/li>\n<li>Installation pratique par encliquetage, sans pi\u00e8ce mobile ni \u00e9lectronique.<\/li>\n<\/ul>\n<\/li>\n<\/ul>\n<p>&nbsp;<\/p>\n<p>Le capteur de d\u00e9bit preVent\u00ae \ufb02ow sensor (PFS) est bas\u00e9 sur une conception exclusive qui est petite, durable et l\u00e9g\u00e8re. Le capteur preVent\u00ae \ufb02ow a \u00e9t\u00e9 valid\u00e9 pour satisfaire ou d\u00e9passer les sp\u00e9cifications ATS\/ERS. Il est utilis\u00e9 dans le monde entier dans des milliers de laboratoires sur des appareils MGCD et fournit des r\u00e9sultats de test pr\u00e9cis en tenant compte de la s\u00e9curit\u00e9 et du contr\u00f4le des infections.<\/p>\n<p>Nous vous proposons trois options pour le contr\u00f4le des infections, \u00e0 vous de faire le choix qui vous convient le mieux !<\/p>\n<ol>\n<li style=\"list-style-type: none;\">\n<ol>\n<li>Changement : il suffit de changer de \ufb01ltre et de conserver le m\u00eame capteur preVent\u00ae \ufb02ow<\/li>\n<li>R\u00e9utilisation : changer le capteur de d\u00e9bit entre les patients et le remplacer par des composants d\u00e9sinfect\u00e9s.<\/li>\n<li>Jeter : jeter le capteur de d\u00e9bit apr\u00e8s chaque patient.<\/li>\n<\/ol>\n<\/li>\n<\/ol>\n[\/vc_column_text][\/vc_column][\/vc_row][vc_row][vc_column][vc_empty_space height=&#8221;20px&#8221;][vc_separator border_width=&#8221;2&#8243;][vc_empty_space height=&#8221;20px&#8221;][\/vc_column][\/vc_row][vc_row][vc_column width=&#8221;1\/3&#8243;][vc_single_image image=&#8221;7918&#8243; img_size=&#8221;full&#8221;][\/vc_column][vc_column width=&#8221;2\/3&#8243; css=&#8221;.vc_custom_1642696127263{margin-left: 25px !important;}&#8221;][vc_custom_heading text=&#8221;Expair II, le logiciel Medisoft&#8221; font_container=&#8221;tag:h2|font_size:32|text_align:left|color:%23000000|line_height:1.25&#8243; google_fonts=&#8221;font_family:Roboto%3A100%2C100italic%2C300%2C300italic%2Cregular%2Citalic%2C500%2C500italic%2C700%2C700italic%2C900%2C900italic|font_style:500%20bold%20regular%3A500%3Anormal&#8221;][vc_column_text]La force motrice du syst\u00e8me Medisoft est Expair II, un logiciel puissant, intuitif, convivial et complet. Disponible pour tous les appareils Medisoft.<\/p>\n<ul>\n<li style=\"list-style-type: none;\">\n<ul>\n<li>Fonction avanc\u00e9e et puissante de base de donn\u00e9es et de stockage \u00e9lectronique, mise en r\u00e9seau compl\u00e8te, options HL7 et MySQL<\/li>\n<li>Rapport sur les tendances de n&#8217;importe quel param\u00e8tre<\/li>\n<li>Nouvel algorithme d&#8217;interpr\u00e9tation bas\u00e9 sur le LLN, l&#8217;ULN, le Z- Score et le percentile.<\/li>\n<li>Commentaires et saisie de donn\u00e9es Of\ufb02ine telles que les gaz du sang art\u00e9riel<\/li>\n<li>Transfert de donn\u00e9es en ligne<\/li>\n<li>Concepteur de rapports<\/li>\n<li>Valeur pr\u00e9dite \u00e9diteur<\/li>\n<li>Choix des langues et des unit\u00e9s de mesure<\/li>\n<li>Logiciel de test de provocation bronchique<\/li>\n<li>Con\ufb01guration du s\u00e9quen\u00e7age des mesures<\/li>\n<li>Fonction de calcul compl\u00e8te : affichage des points de calcul avec possibilit\u00e9 de correction manuelle<\/li>\n<li>Logiciel automatis\u00e9 de contr\u00f4le de la qualit\u00e9, fonctions de diagnostic et contr\u00f4le complet du programme<\/li>\n<\/ul>\n<\/li>\n<\/ul>\n[\/vc_column_text][\/vc_column][\/vc_row][vc_row][vc_column][vc_empty_space height=&#8221;20px&#8221;][vc_empty_space height=&#8221;20px&#8221;][\/vc_column][\/vc_row][vc_row full_width=&#8221;stretch_row&#8221; css=&#8221;.vc_custom_1683822516688{margin-bottom: -60px !important;border-bottom-width: 0px !important;padding-top: 75px !important;padding-bottom: 40px !important;background-image: url(https:\/\/novusmedical.ca\/wp-content\/uploads\/2023\/01\/Background-image-for-Web.png?id=8936) !important;background-position: center !important;background-repeat: no-repeat !important;background-size: cover !important;}&#8221;][vc_column width=&#8221;1\/3&#8243;][vc_single_image image=&#8221;8340&#8243; img_size=&#8221;large&#8221; alignment=&#8221;center&#8221;][vc_empty_space height=&#8221;5px&#8221;][\/vc_column][vc_column width=&#8221;2\/3&#8243; css=&#8221;.vc_custom_1640295263973{margin-left: 35px !important;}&#8221;][vc_empty_space height=&#8221;25px&#8221;][vc_custom_heading text=&#8221;Consultez notre catalogue de produits PFT !&#8221; font_container=&#8221;tag:h2|font_size:34|text_align:left|color:%2395c93d|line_height:1.25&#8243; google_fonts=&#8221;font_family:Roboto%3A100%2C100italic%2C300%2C300italic%2Cregular%2Citalic%2C500%2C500italic%2C700%2C700italic%2C900%2C900italic|font_style:900%20bold%20regular%3A900%3Anormal&#8221;][vc_custom_heading text=&#8221;Nous avons d\u00e9velopp\u00e9 notre syst\u00e8me d&#8217;information Novus Medical Inc. Le catalogue des tests de la fonction pulmonaire a pour but de pr\u00e9senter et de fournir tous nos produits de test de la fonction pulmonaire dans un seul PDF t\u00e9l\u00e9chargeable.&#8221; font_container=&#8221;tag:h2|font_size:18|text_align:left|color:%23ffffff|line_height:1.5&#8243; google_fonts=&#8221;font_family:Roboto%3A100%2C100italic%2C300%2C300italic%2Cregular%2Citalic%2C500%2C500italic%2C700%2C700italic%2C900%2C900italic|font_style:400%20regular%3A400%3Anormal&#8221;][vc_empty_space height=&#8221;5px&#8221;][vc_row_inner][vc_column_inner width=&#8221;1\/4&#8243;][vc_btn title=&#8221;T\u00e9l\u00e9charger l&#8217;anglais&#8221; style=&#8221;outline-custom&#8221; outline_custom_color=&#8221;#ffffff&#8221; outline_custom_hover_background=&#8221;#93d500&#8243; outline_custom_hover_text=&#8221;#000000&#8243; shape=&#8221;square&#8221; align=&#8221;left&#8221; link=&#8221;url:https%3A%2F%2Fnovusmedical.ca%2Fwp-content%2Fuploads%2F2023%2F01%2FNM_ENG_PFTCatalogue_LoRes.pdf|target:_blank|&#8221;][\/vc_column_inner][vc_column_inner width=&#8221;1\/4&#8243;][vc_btn title=&#8221;Voir l&#8217;anglais&#8221; style=&#8221;outline-custom&#8221; outline_custom_color=&#8221;#ffffff&#8221; outline_custom_hover_background=&#8221;#93d500&#8243; outline_custom_hover_text=&#8221;#000000&#8243; shape=&#8221;square&#8221; align=&#8221;left&#8221; i_icon_fontawesome=&#8221;fas fa-book-open&#8221; add_icon=&#8221;true&#8221; link=&#8221;url:https%3A%2F%2Fnovusmedical.ca%2Fcardio-pulmonary-diagnostics%2F8333-2%2F|title:PFTCatalogue|&#8221;][\/vc_column_inner][vc_column_inner width=&#8221;1\/4&#8243;][vc_btn title=&#8221;T\u00e9l\u00e9charger le fran\u00e7ais&#8221; style=&#8221;outline-custom&#8221; outline_custom_color=&#8221;#ffffff&#8221; outline_custom_hover_background=&#8221;#93d500&#8243; outline_custom_hover_text=&#8221;#000000&#8243; shape=&#8221;square&#8221; align=&#8221;left&#8221; link=&#8221;url:https%3A%2F%2Fnovusmedical.ca%2Fwp-content%2Fuploads%2F2023%2F05%2FNM_FR_PFTCatalogue_LoRes.pdf|target:_blank|&#8221;][\/vc_column_inner][vc_column_inner width=&#8221;1\/4&#8243;][vc_btn title=&#8221;Voir le fran\u00e7ais&#8221; style=&#8221;outline-custom&#8221; outline_custom_color=&#8221;#ffffff&#8221; outline_custom_hover_background=&#8221;#93d500&#8243; outline_custom_hover_text=&#8221;#000000&#8243; shape=&#8221;square&#8221; align=&#8221;left&#8221; i_icon_fontawesome=&#8221;fas fa-book-open&#8221; add_icon=&#8221;true&#8221; link=&#8221;url:https%3A%2F%2Fnovusmedical.ca%2Fcardio-pulmonary-diagnostics%2Fpft-french-catalogue%2F|title:PFTCatalogue|&#8221;][\/vc_column_inner][\/vc_row_inner][\/vc_column][\/vc_row]\n<\/div>","protected":false},"excerpt":{"rendered":"<p>[vc_row css=&#8221;.vc_custom_1594314647893{margin-top: -50px !important;}&#8221;][vc_column][\/vc_column][\/vc_row][vc_row][vc_column width=&#8221;1\/6&#8243;][vc_empty_space][\/vc_column][vc_column width=&#8221;2\/3&#8243;][vc_empty_space height=&#8221;50px&#8221;][vc_custom_heading text=&#8221;Micro 5000 PFS&#8221; font_container=&#8221;tag:h2|font_size:42|text_align:center|color:%23000000&#8243; google_fonts=&#8221;font_family:Roboto%3A100%2C100italic%2C300%2C300italic%2Cregular%2Citalic%2C500%2C500italic%2C700%2C700italic%2C900%2C900italic|font_style:500%20bold%20regular%3A500%3Anormal&#8221; css=&#8221;.vc_custom_1642692459147{margin-bottom: 0px !important;}&#8221;][vc_custom_heading text=&#8221;Le choix id\u00e9al de transducteur [&hellip;]<\/p>\n","protected":false},"author":2,"featured_media":0,"parent":10394,"menu_order":0,"comment_status":"closed","ping_status":"closed","template":"","meta":{"om_disable_all_campaigns":false,"_monsterinsights_skip_tracking":false,"_monsterinsights_sitenote_active":false,"_monsterinsights_sitenote_note":"","_monsterinsights_sitenote_category":0,"footnotes":""},"class_list":["post-10463","page","type-page","status-publish","hentry"],"jetpack_sharing_enabled":true,"_links":{"self":[{"href":"https:\/\/novusmedical.ca\/fr\/wp-json\/wp\/v2\/pages\/10463","targetHints":{"allow":["GET"]}}],"collection":[{"href":"https:\/\/novusmedical.ca\/fr\/wp-json\/wp\/v2\/pages"}],"about":[{"href":"https:\/\/novusmedical.ca\/fr\/wp-json\/wp\/v2\/types\/page"}],"author":[{"embeddable":true,"href":"https:\/\/novusmedical.ca\/fr\/wp-json\/wp\/v2\/users\/2"}],"replies":[{"embeddable":true,"href":"https:\/\/novusmedical.ca\/fr\/wp-json\/wp\/v2\/comments?post=10463"}],"version-history":[{"count":5,"href":"https:\/\/novusmedical.ca\/fr\/wp-json\/wp\/v2\/pages\/10463\/revisions"}],"predecessor-version":[{"id":11486,"href":"https:\/\/novusmedical.ca\/fr\/wp-json\/wp\/v2\/pages\/10463\/revisions\/11486"}],"up":[{"embeddable":true,"href":"https:\/\/novusmedical.ca\/fr\/wp-json\/wp\/v2\/pages\/10394"}],"wp:attachment":[{"href":"https:\/\/novusmedical.ca\/fr\/wp-json\/wp\/v2\/media?parent=10463"}],"curies":[{"name":"wp","href":"https:\/\/api.w.org\/{rel}","templated":true}]}}