{"id":10429,"date":"2022-04-28T14:53:11","date_gmt":"2022-04-28T14:53:11","guid":{"rendered":"https:\/\/novusmedical.ca\/paraid\/"},"modified":"2024-07-22T16:32:26","modified_gmt":"2024-07-22T16:32:26","slug":"paraid","status":"publish","type":"page","link":"https:\/\/novusmedical.ca\/fr\/paraid\/","title":{"rendered":"Paraid"},"content":{"rendered":"<div class=\"wpb-content-wrapper\">[vc_row css=&#8221;.vc_custom_1597092859376{margin-top: -50px !important;}&#8221;][vc_column]\n\t\t\t<!-- START NeoRestraint REVOLUTION SLIDER 6.6.9 --><p class=\"rs-p-wp-fix\"><\/p>\n\t\t\t<rs-module-wrap id=\"rev_slider_54_1_wrapper\" data-source=\"gallery\" style=\"visibility:hidden;background:transparent;padding:0;margin:0px auto;margin-top:0;margin-bottom:0;\">\n\t\t\t\t<rs-module id=\"rev_slider_54_1\" style=\"\" data-version=\"6.6.9\">\n\t\t\t\t\t<rs-slides style=\"overflow: hidden; position: absolute;\">\n\t\t\t\t\t\t<rs-slide style=\"position: absolute;\" data-key=\"rs-77\" data-title=\"OxyNov\" data-anim=\"adpr:false;\" data-in=\"o:0;\" data-out=\"a:false;\">\n\t\t\t\t\t\t\t<img data-recalc-dims=\"1\" decoding=\"async\" src=\"https:\/\/i0.wp.com\/novusmedical.ca\/wp-content\/plugins\/revslider\/public\/assets\/assets\/dummy.png?resize=2000%2C1316\" alt=\"\" title=\"neo-restraintheader\" width=\"2000\" height=\"1316\" class=\"rev-slidebg tp-rs-img rs-lazyload\" data-lazyload=\"\/\/novusmedical.ca\/wp-content\/uploads\/2022\/04\/neo-restraintheader.png\" data-no-retina>\n<!--\n\t\t\t\t\t\t\t--><rs-layer\n\t\t\t\t\t\t\t\tid=\"slider-54-slide-77-layer-0\" \n\t\t\t\t\t\t\t\tdata-type=\"image\"\n\t\t\t\t\t\t\t\tdata-rsp_ch=\"on\"\n\t\t\t\t\t\t\t\tdata-xy=\"x:c;y:c;\"\n\t\t\t\t\t\t\t\tdata-text=\"w:normal;\"\n\t\t\t\t\t\t\t\tdata-dim=\"w:514px;h:159px;\"\n\t\t\t\t\t\t\t\tdata-frame_999=\"o:0;st:w;\"\n\t\t\t\t\t\t\t\tstyle=\"z-index:9;\"\n\t\t\t\t\t\t\t><img data-recalc-dims=\"1\" decoding=\"async\" src=\"https:\/\/i0.wp.com\/novusmedical.ca\/wp-content\/plugins\/revslider\/public\/assets\/assets\/dummy.png?resize=2239%2C692\" alt=\"\" class=\"tp-rs-img rs-lazyload\" width=\"2239\" height=\"692\" data-lazyload=\"\/\/novusmedical.ca\/wp-content\/uploads\/2022\/04\/Paraid-vector-logo-2022_white.png\" data-no-retina> \n\t\t\t\t\t\t\t<\/rs-layer><!--\n\n\t\t\t\t\t\t\t--><rs-layer\n\t\t\t\t\t\t\t\tid=\"slider-54-slide-77-layer-1\" \n\t\t\t\t\t\t\t\tdata-type=\"shape\"\n\t\t\t\t\t\t\t\tdata-rsp_ch=\"on\"\n\t\t\t\t\t\t\t\tdata-xy=\"x:c;\"\n\t\t\t\t\t\t\t\tdata-text=\"w:normal;\"\n\t\t\t\t\t\t\t\tdata-dim=\"w:2532px;h:1519px;\"\n\t\t\t\t\t\t\t\tdata-frame_999=\"o:0;st:w;\"\n\t\t\t\t\t\t\t\tstyle=\"z-index:8;background-color:rgba(0,0,0,0.5);\"\n\t\t\t\t\t\t\t> \n\t\t\t\t\t\t\t<\/rs-layer><!--\n-->\t\t\t\t\t\t<\/rs-slide>\n\t\t\t\t\t<\/rs-slides>\n\t\t\t\t<\/rs-module>\n\t\t\t\t<script>\n\t\t\t\t\tsetREVStartSize({c: 'rev_slider_54_1',rl:[1240,1024,778,480],el:[450],gw:[1240],gh:[450],type:'standard',justify:'',layout:'fullwidth',mh:\"0\"});if (window.RS_MODULES!==undefined && window.RS_MODULES.modules!==undefined && window.RS_MODULES.modules[\"revslider541\"]!==undefined) {window.RS_MODULES.modules[\"revslider541\"].once = false;window.revapi54 = undefined;if (window.RS_MODULES.checkMinimal!==undefined) window.RS_MODULES.checkMinimal()}\n\t\t\t\t<\/script>\n\t\t\t<\/rs-module-wrap>\n\t\t\t<!-- END REVOLUTION SLIDER -->\n[\/vc_column][\/vc_row][vc_row fullwidth=&#8221;yes&#8221; css=&#8221;.vc_custom_1597093557598{margin-top: -50px !important;background-color: #e0e0e0 !important;}&#8221; background_color=&#8221;#e0e0e0&#8243;][vc_column width=&#8221;1\/6&#8243;][\/vc_column][vc_column width=&#8221;2\/3&#8243;][vc_empty_space height=&#8221;75px&#8221;][vc_column_text]\n<p style=\"text-align: left;\">Paraid est un leader dans le domaine de l&#8217;\u00e9quipement de transport m\u00e9dical innovant, qui permet de sauver des vies dans les situations d&#8217;urgence. Nous comprenons que de nombreuses situations de transfert sont extr\u00eamement difficiles et notre objectif est de fournir des solutions qui prot\u00e8gent les patients et les cliniciens au cours de cette \u00e9tape critique des soins aux patients.<\/p>\n<p style=\"text-align: left;\">Depuis plus de 35 ans, nous concevons et fabriquons nos produits au Royaume-Uni. Nous travaillons avec les services de sant\u00e9 publique, les services d&#8217;ambulance et des partenaires internationaux pour fournir du mat\u00e9riel de transfert n\u00e9onatal, p\u00e9diatrique et pour adulte. Nous disposons d&#8217;un ensemble unique de capacit\u00e9 issues d&#8217;un m\u00e9lange d&#8217;expertise interne, de concepteurs hautement qualifi\u00e9s, de techniciens sur le terrain et d&#8217;\u00e9quipes de production, le tout soutenu par des technologies de fabrication de classe mondiale.<\/p>\n[\/vc_column_text][vc_btn title=&#8221;VISITEZ PARAID&#8221; style=&#8221;outline-custom&#8221; outline_custom_color=&#8221;#000000&#8243; outline_custom_hover_background=&#8221;#93d500&#8243; outline_custom_hover_text=&#8221;#ffffff&#8221; shape=&#8221;square&#8221; align=&#8221;center&#8221; link=&#8221;url:https%3A%2F%2Fparaid.com|target:_blank|&#8221;][vc_empty_space height=&#8221;60px&#8221;][\/vc_column][vc_column width=&#8221;1\/6&#8243;][\/vc_column][\/vc_row][vc_row][vc_column][vc_empty_space height=&#8221;50px&#8221;][vc_custom_heading text=&#8221;Produits Paraid&#8221; font_container=&#8221;tag:h2|font_size:32|text_align:center|color:%23000000&#8243; google_fonts=&#8221;font_family:Roboto%3A100%2C100italic%2C300%2C300italic%2Cregular%2Citalic%2C500%2C500italic%2C700%2C700italic%2C900%2C900italic|font_style:500%20bold%20regular%3A500%3Anormal&#8221;][vc_separator][vc_empty_space height=&#8221;45px&#8221;][\/vc_column][\/vc_row][vc_row][vc_column][vc_single_image image=&#8221;8049&#8243; img_size=&#8221;medium&#8221; alignment=&#8221;center&#8221; style=&#8221;vc_box_rounded&#8221;][vc_custom_heading text=&#8221;Neo-Restraint&#8221; font_container=&#8221;tag:h2|text_align:center|color:%2393d500&#8243; google_fonts=&#8221;font_family:Roboto%3A100%2C100italic%2C300%2C300italic%2Cregular%2Citalic%2C500%2C500italic%2C700%2C700italic%2C900%2C900italic|font_style:400%20regular%3A400%3Anormal&#8221;][vc_btn title=&#8221;EN SAVOIR PLUS&#8221; style=&#8221;outline-custom&#8221; outline_custom_color=&#8221;#000000&#8243; outline_custom_hover_background=&#8221;#93d500&#8243; outline_custom_hover_text=&#8221;#ffffff&#8221; shape=&#8221;square&#8221; size=&#8221;sm&#8221; align=&#8221;center&#8221; link=&#8221;url:https%3A%2F%2Fnovusmedical.ca%2Ffr%2Fparaid%2Fneorestraint%2F|title:Neorestraint|target:_blank&#8221;][\/vc_column][\/vc_row][vc_row][vc_column][vc_empty_space height=&#8221;50px&#8221;][\/vc_column][\/vc_row][vc_row][vc_column][vc_empty_space height=&#8221;40px&#8221;][\/vc_column][\/vc_row][vc_row][vc_column][\/vc_column][\/vc_row]\n<\/div>","protected":false},"excerpt":{"rendered":"<p>[vc_row css=&#8221;.vc_custom_1597092859376{margin-top: -50px !important;}&#8221;][vc_column][\/vc_column][\/vc_row][vc_row fullwidth=&#8221;yes&#8221; css=&#8221;.vc_custom_1597093557598{margin-top: -50px !important;background-color: #e0e0e0 !important;}&#8221; background_color=&#8221;#e0e0e0&#8243;][vc_column width=&#8221;1\/6&#8243;][\/vc_column][vc_column width=&#8221;2\/3&#8243;][vc_empty_space height=&#8221;75px&#8221;][vc_column_text] Paraid est un leader dans le [&hellip;]<\/p>\n","protected":false},"author":2,"featured_media":0,"parent":0,"menu_order":0,"comment_status":"closed","ping_status":"closed","template":"","meta":{"om_disable_all_campaigns":false,"_monsterinsights_skip_tracking":false,"_monsterinsights_sitenote_active":false,"_monsterinsights_sitenote_note":"","_monsterinsights_sitenote_category":0,"footnotes":""},"class_list":["post-10429","page","type-page","status-publish","hentry"],"jetpack_sharing_enabled":true,"_links":{"self":[{"href":"https:\/\/novusmedical.ca\/fr\/wp-json\/wp\/v2\/pages\/10429","targetHints":{"allow":["GET"]}}],"collection":[{"href":"https:\/\/novusmedical.ca\/fr\/wp-json\/wp\/v2\/pages"}],"about":[{"href":"https:\/\/novusmedical.ca\/fr\/wp-json\/wp\/v2\/types\/page"}],"author":[{"embeddable":true,"href":"https:\/\/novusmedical.ca\/fr\/wp-json\/wp\/v2\/users\/2"}],"replies":[{"embeddable":true,"href":"https:\/\/novusmedical.ca\/fr\/wp-json\/wp\/v2\/comments?post=10429"}],"version-history":[{"count":4,"href":"https:\/\/novusmedical.ca\/fr\/wp-json\/wp\/v2\/pages\/10429\/revisions"}],"predecessor-version":[{"id":11477,"href":"https:\/\/novusmedical.ca\/fr\/wp-json\/wp\/v2\/pages\/10429\/revisions\/11477"}],"wp:attachment":[{"href":"https:\/\/novusmedical.ca\/fr\/wp-json\/wp\/v2\/media?parent=10429"}],"curies":[{"name":"wp","href":"https:\/\/api.w.org\/{rel}","templated":true}]}}