{"id":10360,"date":"2021-06-25T18:12:44","date_gmt":"2021-06-25T18:12:44","guid":{"rendered":"https:\/\/novusmedical.ca\/ant-neuro\/"},"modified":"2024-07-22T15:20:36","modified_gmt":"2024-07-22T15:20:36","slug":"ant-neuro","status":"publish","type":"page","link":"https:\/\/novusmedical.ca\/fr\/ant-neuro\/","title":{"rendered":"ant neuro"},"content":{"rendered":"<div class=\"wpb-content-wrapper\">[vc_row css=&#8221;.vc_custom_1597092859376{margin-top: -50px !important;}&#8221;][vc_column]\n\t\t\t<!-- START Ant Neo REVOLUTION SLIDER 6.6.9 --><p class=\"rs-p-wp-fix\"><\/p>\n\t\t\t<rs-module-wrap id=\"rev_slider_46_1_wrapper\" data-source=\"gallery\" style=\"visibility:hidden;background:transparent;padding:0;margin:0px auto;margin-top:0;margin-bottom:0;\">\n\t\t\t\t<rs-module id=\"rev_slider_46_1\" style=\"\" data-version=\"6.6.9\">\n\t\t\t\t\t<rs-slides style=\"overflow: hidden; position: absolute;\">\n\t\t\t\t\t\t<rs-slide style=\"position: absolute;\" data-key=\"rs-57\" data-title=\"Neo\" data-anim=\"adpr:false;\" data-in=\"o:0;\" data-out=\"a:false;\">\n\t\t\t\t\t\t\t<img data-recalc-dims=\"1\" decoding=\"async\" src=\"https:\/\/i0.wp.com\/novusmedical.ca\/wp-content\/plugins\/revslider\/public\/assets\/assets\/dummy.png?resize=2500%2C1681\" alt=\"\" title=\"2020-04-30_Ne\u0308o_Main_Image_MR\" width=\"2500\" height=\"1681\" class=\"rev-slidebg tp-rs-img rs-lazyload\" data-lazyload=\"\/\/novusmedical.ca\/wp-content\/uploads\/2021\/06\/2020-04-30_Ne\u0308o_Main_Image_MR.jpg\" data-no-retina>\n<!--\n\t\t\t\t\t\t\t--><rs-layer\n\t\t\t\t\t\t\t\tid=\"slider-46-slide-57-layer-1\" \n\t\t\t\t\t\t\t\tdata-type=\"shape\"\n\t\t\t\t\t\t\t\tdata-rsp_ch=\"on\"\n\t\t\t\t\t\t\t\tdata-xy=\"x:c;y:c;\"\n\t\t\t\t\t\t\t\tdata-text=\"w:normal;\"\n\t\t\t\t\t\t\t\tdata-dim=\"w:100%;h:100%;\"\n\t\t\t\t\t\t\t\tdata-basealign=\"slide\"\n\t\t\t\t\t\t\t\tdata-frame_999=\"o:0;st:w;\"\n\t\t\t\t\t\t\t\tstyle=\"z-index:8;background-color:rgba(0,0,0,0.5);\"\n\t\t\t\t\t\t\t> \n\t\t\t\t\t\t\t<\/rs-layer><!--\n\n\t\t\t\t\t\t\t--><rs-layer\n\t\t\t\t\t\t\t\tid=\"slider-46-slide-57-layer-2\" \n\t\t\t\t\t\t\t\tdata-type=\"image\"\n\t\t\t\t\t\t\t\tdata-rsp_ch=\"on\"\n\t\t\t\t\t\t\t\tdata-xy=\"x:c;y:c;\"\n\t\t\t\t\t\t\t\tdata-text=\"w:normal;\"\n\t\t\t\t\t\t\t\tdata-dim=\"w:376px;h:262px;\"\n\t\t\t\t\t\t\t\tdata-frame_999=\"o:0;st:w;\"\n\t\t\t\t\t\t\t\tstyle=\"z-index:9;\"\n\t\t\t\t\t\t\t><img data-recalc-dims=\"1\" decoding=\"async\" src=\"https:\/\/i0.wp.com\/novusmedical.ca\/wp-content\/plugins\/revslider\/public\/assets\/assets\/dummy.png?resize=2917%2C2031\" alt=\"\" class=\"tp-rs-img rs-lazyload\" width=\"2917\" height=\"2031\" data-lazyload=\"\/\/novusmedical.ca\/wp-content\/uploads\/2021\/06\/211112_logo_ANT_white.png\" data-no-retina> \n\t\t\t\t\t\t\t<\/rs-layer><!--\n-->\t\t\t\t\t\t<\/rs-slide>\n\t\t\t\t\t<\/rs-slides>\n\t\t\t\t<\/rs-module>\n\t\t\t\t<script>\n\t\t\t\t\tsetREVStartSize({c: 'rev_slider_46_1',rl:[1240,1024,778,480],el:[450],gw:[1240],gh:[450],type:'standard',justify:'',layout:'fullwidth',mh:\"0\"});if (window.RS_MODULES!==undefined && window.RS_MODULES.modules!==undefined && window.RS_MODULES.modules[\"revslider461\"]!==undefined) {window.RS_MODULES.modules[\"revslider461\"].once = false;window.revapi46 = undefined;if (window.RS_MODULES.checkMinimal!==undefined) window.RS_MODULES.checkMinimal()}\n\t\t\t\t<\/script>\n\t\t\t<\/rs-module-wrap>\n\t\t\t<!-- END REVOLUTION SLIDER -->\n[\/vc_column][\/vc_row][vc_row fullwidth=&#8221;yes&#8221; css=&#8221;.vc_custom_1597093557598{margin-top: -50px !important;background-color: #e0e0e0 !important;}&#8221; background_color=&#8221;#e0e0e0&#8243;][vc_column width=&#8221;1\/6&#8243;][\/vc_column][vc_column width=&#8221;2\/3&#8243;][vc_empty_space height=&#8221;100px&#8221;][vc_column_text]ANT Neuro est un fournisseur unique de produits de haute performance pour la recherche en neurosciences et le neurodiagnostic. Les applications comprennent l&#8217;EEG, l&#8217;EMG, l&#8217;IRM, le TMS et la technologie MEG.<\/p>\n<p>Gr\u00e2ce aux produits ANT Neuro, les informations fonctionnelles sur le cerveau sont fusionn\u00e9es avec les scanners anatomiques afin de mieux comprendre les m\u00e9canismes de fonctionnement de la cognition et d&#8217;une vari\u00e9t\u00e9 de troubles c\u00e9r\u00e9braux. Leur technologie offre un large \u00e9ventail d&#8217;applications dans les domaines des neurosciences cognitives, de la neurologie et de la psychiatrie.<\/p>\n<p>Nous nous engageons \u00e0 fournir les meilleures solutions possibles en nous consacrant \u00e0 l&#8217;avancement des capacit\u00e9s de la neurotechnologie, en entretenant des relations solides avec notre communaut\u00e9 d&#8217;utilisateurs et en contribuant \u00e0 faire progresser la compr\u00e9hension collective du cerveau humain, dans l&#8217;espoir ultime d&#8217;am\u00e9liorer la vie humaine.[\/vc_column_text][vc_btn title=&#8221;VISITEZ ANT NEURO&#8221; style=&#8221;outline-custom&#8221; outline_custom_color=&#8221;#000000&#8243; outline_custom_hover_background=&#8221;#93d500&#8243; outline_custom_hover_text=&#8221;#ffffff&#8221; shape=&#8221;square&#8221; align=&#8221;center&#8221; link=&#8221;url:https%3A%2F%2Fwww.ant-neuro.com|target:_blank|&#8221;][vc_empty_space height=&#8221;20px&#8221;][\/vc_column][vc_column width=&#8221;1\/6&#8243;][\/vc_column][\/vc_row][vc_row][vc_column][vc_empty_space height=&#8221;20px&#8221;][vc_custom_heading text=&#8221;Produits Ant Neuro&#8221; font_container=&#8221;tag:h2|font_size:32|text_align:center|color:%23000000&#8243; google_fonts=&#8221;font_family:Roboto%3A100%2C100italic%2C300%2C300italic%2Cregular%2Citalic%2C500%2C500italic%2C700%2C700italic%2C900%2C900italic|font_style:500%20bold%20regular%3A500%3Anormal&#8221;][vc_separator][\/vc_column][\/vc_row][vc_row][vc_column][vc_single_image image=&#8221;7284&#8243; img_size=&#8221;medium&#8221; alignment=&#8221;center&#8221; style=&#8221;vc_box_rounded&#8221;][vc_custom_heading text=&#8221;N\u00ebo EEG CFM&#8221; font_container=&#8221;tag:h2|text_align:center|color:%2393d500&#8243; google_fonts=&#8221;font_family:Roboto%3A100%2C100italic%2C300%2C300italic%2Cregular%2Citalic%2C500%2C500italic%2C700%2C700italic%2C900%2C900italic|font_style:400%20regular%3A400%3Anormal&#8221;][vc_btn title=&#8221;EN SAVOIR PLUS&#8221; style=&#8221;outline-custom&#8221; outline_custom_color=&#8221;#000000&#8243; outline_custom_hover_background=&#8221;#93d500&#8243; outline_custom_hover_text=&#8221;#ffffff&#8221; shape=&#8221;square&#8221; size=&#8221;sm&#8221; align=&#8221;center&#8221; link=&#8221;url:https%3A%2F%2Fnovusmedical.ca%2Ffr%2Fneo-eeg%2F|title:neoeeg&#8221;][\/vc_column][\/vc_row]\n<\/div>","protected":false},"excerpt":{"rendered":"<p>[vc_row css=&#8221;.vc_custom_1597092859376{margin-top: -50px !important;}&#8221;][vc_column][\/vc_column][\/vc_row][vc_row fullwidth=&#8221;yes&#8221; css=&#8221;.vc_custom_1597093557598{margin-top: -50px !important;background-color: #e0e0e0 !important;}&#8221; background_color=&#8221;#e0e0e0&#8243;][vc_column width=&#8221;1\/6&#8243;][\/vc_column][vc_column width=&#8221;2\/3&#8243;][vc_empty_space height=&#8221;100px&#8221;][vc_column_text]ANT Neuro est un fournisseur unique de [&hellip;]<\/p>\n","protected":false},"author":2,"featured_media":0,"parent":0,"menu_order":0,"comment_status":"closed","ping_status":"closed","template":"","meta":{"om_disable_all_campaigns":false,"_monsterinsights_skip_tracking":false,"_monsterinsights_sitenote_active":false,"_monsterinsights_sitenote_note":"","_monsterinsights_sitenote_category":0,"footnotes":""},"class_list":["post-10360","page","type-page","status-publish","hentry"],"jetpack_sharing_enabled":true,"_links":{"self":[{"href":"https:\/\/novusmedical.ca\/fr\/wp-json\/wp\/v2\/pages\/10360","targetHints":{"allow":["GET"]}}],"collection":[{"href":"https:\/\/novusmedical.ca\/fr\/wp-json\/wp\/v2\/pages"}],"about":[{"href":"https:\/\/novusmedical.ca\/fr\/wp-json\/wp\/v2\/types\/page"}],"author":[{"embeddable":true,"href":"https:\/\/novusmedical.ca\/fr\/wp-json\/wp\/v2\/users\/2"}],"replies":[{"embeddable":true,"href":"https:\/\/novusmedical.ca\/fr\/wp-json\/wp\/v2\/comments?post=10360"}],"version-history":[{"count":5,"href":"https:\/\/novusmedical.ca\/fr\/wp-json\/wp\/v2\/pages\/10360\/revisions"}],"predecessor-version":[{"id":11463,"href":"https:\/\/novusmedical.ca\/fr\/wp-json\/wp\/v2\/pages\/10360\/revisions\/11463"}],"wp:attachment":[{"href":"https:\/\/novusmedical.ca\/fr\/wp-json\/wp\/v2\/media?parent=10360"}],"curies":[{"name":"wp","href":"https:\/\/api.w.org\/{rel}","templated":true}]}}