{"id":10330,"date":"2020-11-11T16:47:27","date_gmt":"2020-11-11T16:47:27","guid":{"rendered":"https:\/\/novusmedical.ca\/telesante\/"},"modified":"2024-07-22T15:12:58","modified_gmt":"2024-07-22T15:12:58","slug":"telesante","status":"publish","type":"page","link":"https:\/\/novusmedical.ca\/fr\/telesante\/","title":{"rendered":"T\u00e9l\u00e9sant\u00e9"},"content":{"rendered":"<div class=\"wpb-content-wrapper\">[vc_row css=&#8221;.vc_custom_1594238932220{margin-top: -50px !important;}&#8221;][vc_column]\n\t\t\t<!-- START Telehealth REVOLUTION SLIDER 6.6.9 --><p class=\"rs-p-wp-fix\"><\/p>\n\t\t\t<rs-module-wrap id=\"rev_slider_31_1_wrapper\" data-source=\"gallery\" style=\"visibility:hidden;background:transparent;padding:0;margin:0px auto;margin-top:0;margin-bottom:0;\">\n\t\t\t\t<rs-module id=\"rev_slider_31_1\" style=\"\" data-version=\"6.6.9\">\n\t\t\t\t\t<rs-slides style=\"overflow: hidden; position: absolute;\">\n\t\t\t\t\t\t<rs-slide style=\"position: absolute;\" data-key=\"rs-38\" data-title=\"Cardio Pulmonary Product Pages\" data-anim=\"ms:1000;r:0;\" data-in=\"o:0;\" data-out=\"a:false;\">\n\t\t\t\t\t\t\t<img data-recalc-dims=\"1\" decoding=\"async\" src=\"https:\/\/i0.wp.com\/novusmedical.ca\/wp-content\/plugins\/revslider\/public\/assets\/assets\/dummy.png?resize=2560%2C1707\" alt=\"\" title=\"Telehealth\" width=\"2560\" height=\"1707\" class=\"rev-slidebg tp-rs-img rs-lazyload\" data-lazyload=\"\/\/novusmedical.ca\/wp-content\/uploads\/2020\/06\/Telehealth-scaled.jpg\" data-no-retina>\n<!---->\t\t\t\t\t\t<\/rs-slide>\n\t\t\t\t\t<\/rs-slides>\n\t\t\t\t<\/rs-module>\n\t\t\t\t<script>\n\t\t\t\t\tsetREVStartSize({c: 'rev_slider_31_1',rl:[1240,1024,778,480],el:[450],gw:[1240],gh:[450],type:'standard',justify:'',layout:'fullwidth',mh:\"0\"});if (window.RS_MODULES!==undefined && window.RS_MODULES.modules!==undefined && window.RS_MODULES.modules[\"revslider311\"]!==undefined) {window.RS_MODULES.modules[\"revslider311\"].once = false;window.revapi31 = undefined;if (window.RS_MODULES.checkMinimal!==undefined) window.RS_MODULES.checkMinimal()}\n\t\t\t\t<\/script>\n\t\t\t<\/rs-module-wrap>\n\t\t\t<!-- END REVOLUTION SLIDER -->\n[\/vc_column][\/vc_row][vc_row][vc_column][vc_empty_space height=&#8221;50px&#8221;][\/vc_column][\/vc_row][vc_row][vc_column][vc_custom_heading text=&#8221;T\u00e9l\u00e9sant\u00e9&#8221; font_container=&#8221;tag:h2|font_size:32|text_align:center|color:%23000000&#8243; google_fonts=&#8221;font_family:Roboto%3A100%2C100italic%2C300%2C300italic%2Cregular%2Citalic%2C500%2C500italic%2C700%2C700italic%2C900%2C900italic|font_style:500%20bold%20regular%3A500%3Anormal&#8221;][vc_separator el_width=&#8221;60&#8243;][\/vc_column][\/vc_row][vc_row][vc_column width=&#8221;1\/3&#8243;][vc_single_image image=&#8221;6461&#8243; img_size=&#8221;400&#215;300&#8243; alignment=&#8221;center&#8221;][vc_custom_heading text=&#8221;GoSpiro&#8221; font_container=&#8221;tag:h2|font_size:24|text_align:center|color:%2393d500&#8243; use_theme_fonts=&#8221;yes&#8221; css=&#8221;.vc_custom_1605113391378{margin-top: -10px !important;}&#8221;][vc_separator color=&#8221;custom&#8221; accent_color=&#8221;#93d500&#8243;][vc_btn title=&#8221;GoSpiro&#8221; style=&#8221;classic&#8221; shape=&#8221;square&#8221; color=&#8221;default&#8221; size=&#8221;lg&#8221; align=&#8221;center&#8221; button_block=&#8221;true&#8221; css=&#8221;.vc_custom_1721661158445{margin-top: -15px !important;padding-top: 0px !important;}&#8221; link=&#8221;url:https%3A%2F%2Fnovusmedical.ca%2Ffr%2Fspirometre-gospiro-de-telesante%2F|title:Telehealth%20GoSpiro&#8221;][\/vc_column][vc_column width=&#8221;1\/3&#8243;][vc_single_image image=&#8221;7059&#8243; img_size=&#8221;400&#215;300&#8243; alignment=&#8221;center&#8221;][vc_custom_heading text=&#8221;GoHome&#8221; font_container=&#8221;tag:h2|font_size:24|text_align:center|color:%2393d500&#8243; use_theme_fonts=&#8221;yes&#8221; css=&#8221;.vc_custom_1619808806286{margin-top: -10px !important;}&#8221;][vc_separator color=&#8221;custom&#8221; accent_color=&#8221;#93d500&#8243;][vc_btn title=&#8221;GoHome&#8221; style=&#8221;classic&#8221; shape=&#8221;square&#8221; color=&#8221;default&#8221; size=&#8221;lg&#8221; align=&#8221;center&#8221; button_block=&#8221;true&#8221; css=&#8221;.vc_custom_1721661175797{margin-top: -15px !important;padding-top: 0px !important;}&#8221; link=&#8221;url:https%3A%2F%2Fnovusmedical.ca%2Ffr%2Frentrer-a-la-maison%2F|title:GoHome&#8221;][\/vc_column][\/vc_row]\n<\/div>","protected":false},"excerpt":{"rendered":"<p>[vc_row css=&#8221;.vc_custom_1594238932220{margin-top: -50px !important;}&#8221;][vc_column][\/vc_column][\/vc_row][vc_row][vc_column][vc_empty_space height=&#8221;50px&#8221;][\/vc_column][\/vc_row][vc_row][vc_column][vc_custom_heading text=&#8221;T\u00e9l\u00e9sant\u00e9&#8221; font_container=&#8221;tag:h2|font_size:32|text_align:center|color:%23000000&#8243; google_fonts=&#8221;font_family:Roboto%3A100%2C100italic%2C300%2C300italic%2Cregular%2Citalic%2C500%2C500italic%2C700%2C700italic%2C900%2C900italic|font_style:500%20bold%20regular%3A500%3Anormal&#8221;][vc_separator el_width=&#8221;60&#8243;][\/vc_column][\/vc_row][vc_row][vc_column width=&#8221;1\/3&#8243;][vc_single_image image=&#8221;6461&#8243; img_size=&#8221;400&#215;300&#8243; alignment=&#8221;center&#8221;][vc_custom_heading text=&#8221;GoSpiro&#8221; font_container=&#8221;tag:h2|font_size:24|text_align:center|color:%2393d500&#8243; use_theme_fonts=&#8221;yes&#8221; css=&#8221;.vc_custom_1605113391378{margin-top: -10px !important;}&#8221;][vc_separator color=&#8221;custom&#8221; [&hellip;]<\/p>\n","protected":false},"author":1,"featured_media":0,"parent":0,"menu_order":0,"comment_status":"closed","ping_status":"closed","template":"","meta":{"om_disable_all_campaigns":false,"_monsterinsights_skip_tracking":false,"_monsterinsights_sitenote_active":false,"_monsterinsights_sitenote_note":"","_monsterinsights_sitenote_category":0,"footnotes":""},"class_list":["post-10330","page","type-page","status-publish","hentry"],"jetpack_sharing_enabled":true,"_links":{"self":[{"href":"https:\/\/novusmedical.ca\/fr\/wp-json\/wp\/v2\/pages\/10330","targetHints":{"allow":["GET"]}}],"collection":[{"href":"https:\/\/novusmedical.ca\/fr\/wp-json\/wp\/v2\/pages"}],"about":[{"href":"https:\/\/novusmedical.ca\/fr\/wp-json\/wp\/v2\/types\/page"}],"author":[{"embeddable":true,"href":"https:\/\/novusmedical.ca\/fr\/wp-json\/wp\/v2\/users\/1"}],"replies":[{"embeddable":true,"href":"https:\/\/novusmedical.ca\/fr\/wp-json\/wp\/v2\/comments?post=10330"}],"version-history":[{"count":3,"href":"https:\/\/novusmedical.ca\/fr\/wp-json\/wp\/v2\/pages\/10330\/revisions"}],"predecessor-version":[{"id":11457,"href":"https:\/\/novusmedical.ca\/fr\/wp-json\/wp\/v2\/pages\/10330\/revisions\/11457"}],"wp:attachment":[{"href":"https:\/\/novusmedical.ca\/fr\/wp-json\/wp\/v2\/media?parent=10330"}],"curies":[{"name":"wp","href":"https:\/\/api.w.org\/{rel}","templated":true}]}}