{"id":10307,"date":"2020-09-30T19:26:37","date_gmt":"2020-09-30T19:26:37","guid":{"rendered":"https:\/\/novusmedical.ca\/diagnostic-pulmonaire\/"},"modified":"2026-02-17T19:59:10","modified_gmt":"2026-02-17T19:59:10","slug":"diagnostic-pulmonaire","status":"publish","type":"page","link":"https:\/\/novusmedical.ca\/fr\/diagnostic-pulmonaire\/","title":{"rendered":"Diagnostic Pulmonaire"},"content":{"rendered":"<div class=\"wpb-content-wrapper\">[vc_row css=&#8221;.vc_custom_1594238932220{margin-top: -50px !important;}&#8221;][vc_column]\n\t\t\t<!-- START Cardio Pulmonary Product Pages REVOLUTION SLIDER 6.6.9 --><p class=\"rs-p-wp-fix\"><\/p>\n\t\t\t<rs-module-wrap id=\"rev_slider_8_1_wrapper\" data-source=\"gallery\" style=\"visibility:hidden;background:transparent;padding:0;margin:0px auto;margin-top:0;margin-bottom:0;\">\n\t\t\t\t<rs-module id=\"rev_slider_8_1\" style=\"\" data-version=\"6.6.9\">\n\t\t\t\t\t<rs-slides style=\"overflow: hidden; position: absolute;\">\n\t\t\t\t\t\t<rs-slide style=\"position: absolute;\" data-key=\"rs-12\" data-title=\"Cardio Pulmonary Product Pages\" data-in=\"o:0;\" data-out=\"a:false;\">\n\t\t\t\t\t\t\t<img data-recalc-dims=\"1\" decoding=\"async\" src=\"https:\/\/i0.wp.com\/novusmedical.ca\/wp-content\/plugins\/revslider\/public\/assets\/assets\/dummy.png?resize=2000%2C600\" alt=\"\" title=\"pulmonaryhero\" width=\"2000\" height=\"600\" class=\"rev-slidebg tp-rs-img rs-lazyload\" data-lazyload=\"\/\/novusmedical.ca\/wp-content\/uploads\/2026\/02\/pulmonaryhero.png\" data-no-retina>\n<!--\n\t\t\t\t\t\t\t--><rs-layer\n\t\t\t\t\t\t\t\tid=\"slider-8-slide-12-layer-4\" \n\t\t\t\t\t\t\t\tdata-type=\"text\"\n\t\t\t\t\t\t\t\tdata-color=\"#93d500\"\n\t\t\t\t\t\t\t\tdata-rsp_ch=\"on\"\n\t\t\t\t\t\t\t\tdata-xy=\"x:c;xo:3px;y:c;yo:87px;\"\n\t\t\t\t\t\t\t\tdata-text=\"w:normal;s:71;l:71;fw:900;a:center;\"\n\t\t\t\t\t\t\t\tdata-dim=\"w:911px;h:181px;minh:0;\"\n\t\t\t\t\t\t\t\tdata-padding=\"t:17;r:17;b:17;l:17;\"\n\t\t\t\t\t\t\t\tdata-border=\"bor:27px,27px,27px,27px;\"\n\t\t\t\t\t\t\t\tdata-frame_1=\"st:370;sp:1190;sR:370;\"\n\t\t\t\t\t\t\t\tdata-frame_999=\"o:0;st:w;sR:6440;\"\n\t\t\t\t\t\t\t\tstyle=\"z-index:9;font-family:'Roboto';text-transform:uppercase;\"\n\t\t\t\t\t\t\t> \n\t\t\t\t\t\t\t<\/rs-layer><!--\n-->\t\t\t\t\t\t<\/rs-slide>\n\t\t\t\t\t<\/rs-slides>\n\t\t\t\t<\/rs-module>\n\t\t\t\t<script>\n\t\t\t\t\tsetREVStartSize({c: 'rev_slider_8_1',rl:[1240,1024,778,480],el:[450],gw:[1240],gh:[450],type:'standard',justify:'',layout:'fullwidth',mh:\"0\"});if (window.RS_MODULES!==undefined && window.RS_MODULES.modules!==undefined && window.RS_MODULES.modules[\"revslider81\"]!==undefined) {window.RS_MODULES.modules[\"revslider81\"].once = false;window.revapi8 = undefined;if (window.RS_MODULES.checkMinimal!==undefined) window.RS_MODULES.checkMinimal()}\n\t\t\t\t<\/script>\n\t\t\t<\/rs-module-wrap>\n\t\t\t<!-- END REVOLUTION SLIDER -->\n[\/vc_column][\/vc_row][vc_row][vc_column][vc_empty_space height=&#8221;50px&#8221;][\/vc_column][\/vc_row][vc_row][vc_column][vc_custom_heading text=&#8221;Diagnostic Cardio Pulmonaire&#8221; font_container=&#8221;tag:h2|font_size:32|text_align:center|color:%23000000&#8243; google_fonts=&#8221;font_family:Roboto%3A100%2C100italic%2C300%2C300italic%2Cregular%2Citalic%2C500%2C500italic%2C700%2C700italic%2C900%2C900italic|font_style:900%20bold%20regular%3A900%3Anormal&#8221; css=&#8221;&#8221;][vc_separator el_width=&#8221;60&#8243;][\/vc_column][\/vc_row][vc_row][vc_column width=&#8221;1\/4&#8243;][vc_single_image image=&#8221;9461&#8243; img_size=&#8221;400&#215;400&#8243; alignment=&#8221;center&#8221; css=&#8221;&#8221;][vc_custom_heading text=&#8221;Spirom\u00e8tres&#8221; font_container=&#8221;tag:h2|font_size:24|text_align:center|color:%2393d500&#8243; use_theme_fonts=&#8221;yes&#8221; css=&#8221;.vc_custom_1601494826548{margin-top: -10px !important;}&#8221;][vc_separator color=&#8221;custom&#8221; accent_color=&#8221;#93d500&#8243;][vc_btn title=&#8221;Lothar Medical&#8221; style=&#8221;classic&#8221; shape=&#8221;square&#8221; color=&#8221;default&#8221; size=&#8221;lg&#8221; align=&#8221;center&#8221; css=&#8221;.vc_custom_1771357946010{margin-top: -15px !important;padding-top: 0px !important;}&#8221; button_block=&#8221;true&#8221; link=&#8221;url:https%3A%2F%2Fnovusmedical.ca%2Ffr%2Flotharmedical%2F|title:LotharMedical&#8221;][vc_btn title=&#8221;CPFSD&#8221; style=&#8221;classic&#8221; shape=&#8221;square&#8221; color=&#8221;default&#8221; size=&#8221;lg&#8221; align=&#8221;center&#8221; css=&#8221;.vc_custom_1721657752182{margin-top: -15px !important;padding-top: 0px !important;}&#8221; button_block=&#8221;true&#8221; link=&#8221;url:https%3A%2F%2Fnovusmedical.ca%2Ffr%2Fspirometre-portable%2F|title:Laptop%20Spirometer&#8221;][vc_btn title=&#8221;Micro 5000&#8243; style=&#8221;classic&#8221; shape=&#8221;square&#8221; color=&#8221;default&#8221; size=&#8221;lg&#8221; align=&#8221;center&#8221; css=&#8221;.vc_custom_1721657771528{margin-top: -15px !important;padding-top: 0px !important;}&#8221; button_block=&#8221;true&#8221; link=&#8221;url:https%3A%2F%2Fnovusmedical.ca%2Ffr%2Fmgc-diagnostics%2Fmicro5000%2F|title:Micro5000&#8243;][vc_btn title=&#8221;Micro 6000&#8243; style=&#8221;classic&#8221; shape=&#8221;square&#8221; color=&#8221;default&#8221; size=&#8221;lg&#8221; align=&#8221;center&#8221; css=&#8221;.vc_custom_1721657783541{margin-top: -15px !important;padding-top: 0px !important;}&#8221; button_block=&#8221;true&#8221; link=&#8221;url:https%3A%2F%2Fnovusmedical.ca%2Ffr%2Fmgc-diagnostics%2Fmicro6000%2F|title:Micro6000&#8243;][vc_btn title=&#8221;GoSpiro&#8221; style=&#8221;classic&#8221; shape=&#8221;square&#8221; color=&#8221;default&#8221; size=&#8221;lg&#8221; align=&#8221;center&#8221; css=&#8221;.vc_custom_1721657805519{margin-top: -15px !important;padding-top: 0px !important;}&#8221; button_block=&#8221;true&#8221; link=&#8221;url:https%3A%2F%2Fnovusmedical.ca%2Ffr%2Fspirometre-gospiro-de-telesante%2F|title:Telehealth%20GoSpiro&#8221;][\/vc_column][vc_column width=&#8221;1\/4&#8243;][vc_single_image image=&#8221;9869&#8243; img_size=&#8221;400&#215;400&#8243; alignment=&#8221;center&#8221; css=&#8221;&#8221;][vc_custom_heading text=&#8221;PFT&#8221; font_container=&#8221;tag:h2|font_size:24|text_align:center|color:%2393d500&#8243; use_theme_fonts=&#8221;yes&#8221; css=&#8221;.vc_custom_1601494317075{margin-top: -10px !important;}&#8221;][vc_separator color=&#8221;custom&#8221; accent_color=&#8221;#93d500&#8243;][vc_btn title=&#8221;Platinum Elite&#8221; style=&#8221;classic&#8221; shape=&#8221;square&#8221; color=&#8221;default&#8221; size=&#8221;lg&#8221; align=&#8221;center&#8221; css=&#8221;.vc_custom_1721657856385{margin-top: -15px !important;padding-top: 0px !important;}&#8221; button_block=&#8221;true&#8221; link=&#8221;url:https%3A%2F%2Fnovusmedical.ca%2Ffr%2Fplatinum-elite-plethysmographe-corporel%2F|title:Boite%20Pl%C3%A9thysmographe%20Platinum%20Elite&#8221;][vc_btn title=&#8221;BodyBox PFS&#8221; style=&#8221;classic&#8221; shape=&#8221;square&#8221; color=&#8221;default&#8221; size=&#8221;lg&#8221; align=&#8221;center&#8221; css=&#8221;.vc_custom_1721657871351{margin-top: -15px !important;padding-top: 0px !important;}&#8221; button_block=&#8221;true&#8221; link=&#8221;url:https%3A%2F%2Fnovusmedical.ca%2Ffr%2Fmgc-diagnostics%2Fbodybox-pfs%2F|title:BodyBox%20PFS&#8221;][vc_btn title=&#8221;Lothar Medical&#8221; style=&#8221;classic&#8221; shape=&#8221;square&#8221; color=&#8221;default&#8221; size=&#8221;lg&#8221; align=&#8221;center&#8221; css=&#8221;.vc_custom_1771357946010{margin-top: -15px !important;padding-top: 0px !important;}&#8221; button_block=&#8221;true&#8221; link=&#8221;url:https%3A%2F%2Fnovusmedical.ca%2Ffr%2Flotharmedical%2F|title:LotharMedical&#8221;][vc_btn title=&#8221;Ultima PF&#8221; style=&#8221;classic&#8221; shape=&#8221;square&#8221; color=&#8221;default&#8221; size=&#8221;lg&#8221; align=&#8221;center&#8221; css=&#8221;.vc_custom_1721657926445{margin-top: -15px !important;padding-top: 0px !important;}&#8221; button_block=&#8221;true&#8221; link=&#8221;url:https%3A%2F%2Fnovusmedical.ca%2Ffr%2Fultima-pf%2F|title:PFT%20Ultima%20PF&#8221;][vc_btn title=&#8221;Ultima PFX&#8221; style=&#8221;classic&#8221; shape=&#8221;square&#8221; color=&#8221;default&#8221; size=&#8221;lg&#8221; align=&#8221;center&#8221; css=&#8221;.vc_custom_1721657954992{margin-top: -15px !important;padding-top: 0px !important;}&#8221; button_block=&#8221;true&#8221; link=&#8221;url:https%3A%2F%2Fnovusmedical.ca%2Ffr%2Fpft-and-cpx-ultima-pfx%2F|title:Ulitma%20PFX&#8221;][vc_btn title=&#8221;HypAir PFS&#8221; style=&#8221;classic&#8221; shape=&#8221;square&#8221; color=&#8221;default&#8221; size=&#8221;lg&#8221; align=&#8221;center&#8221; css=&#8221;.vc_custom_1721657968592{margin-top: -15px !important;padding-top: 0px !important;}&#8221; button_block=&#8221;true&#8221; link=&#8221;url:https%3A%2F%2Fnovusmedical.ca%2Ffr%2Fmgc-diagnostics%2Fhypair%2F|title:HypAir&#8221;][vc_btn title=&#8221;SpiroAir&#8221; style=&#8221;classic&#8221; shape=&#8221;square&#8221; color=&#8221;default&#8221; size=&#8221;lg&#8221; align=&#8221;center&#8221; css=&#8221;.vc_custom_1721657981359{margin-top: -15px !important;padding-top: 0px !important;}&#8221; button_block=&#8221;true&#8221; link=&#8221;url:https%3A%2F%2Fnovusmedical.ca%2Ffr%2Fmgc-diagnostics%2Fspiroair%2F|title:SpiroAir&#8221;][\/vc_column][vc_column width=&#8221;1\/4&#8243;][vc_single_image image=&#8221;14693&#8243; img_size=&#8221;400&#215;400&#8243; alignment=&#8221;center&#8221; css=&#8221;&#8221;][vc_custom_heading text=&#8221;FeNO&#8221; font_container=&#8221;tag:h2|font_size:24|text_align:center|color:%2393d500&#8243; use_theme_fonts=&#8221;yes&#8221; css=&#8221;.vc_custom_1771358222390{margin-top: -10px !important;}&#8221;][vc_separator color=&#8221;custom&#8221; accent_color=&#8221;#93d500&#8243;][vc_btn title=&#8221;Lothar Medical&#8221; style=&#8221;classic&#8221; shape=&#8221;square&#8221; color=&#8221;default&#8221; size=&#8221;lg&#8221; align=&#8221;center&#8221; css=&#8221;.vc_custom_1771357946010{margin-top: -15px !important;padding-top: 0px !important;}&#8221; button_block=&#8221;true&#8221; link=&#8221;url:https%3A%2F%2Fnovusmedical.ca%2Ffr%2Flotharmedical%2F|title:LotharMedical&#8221;][\/vc_column][vc_column width=&#8221;1\/4&#8243;][vc_single_image image=&#8221;9427&#8243; img_size=&#8221;400&#215;400&#8243; alignment=&#8221;center&#8221; css=&#8221;&#8221;][vc_custom_heading text=&#8221;\u00c9preuve \u00e0 l&#8217;effort&#8221; font_container=&#8221;tag:h2|font_size:24|text_align:center|color:%2393d500&#8243; use_theme_fonts=&#8221;yes&#8221; css=&#8221;.vc_custom_1714496147288{margin-top: -10px !important;}&#8221;][vc_separator color=&#8221;custom&#8221; accent_color=&#8221;#93d500&#8243;][vc_btn title=&#8221;Ultima Cardio2&#8243; style=&#8221;classic&#8221; shape=&#8221;square&#8221; color=&#8221;default&#8221; size=&#8221;lg&#8221; align=&#8221;center&#8221; css=&#8221;.vc_custom_1721657995727{margin-top: -15px !important;padding-top: 0px !important;}&#8221; button_block=&#8221;true&#8221; link=&#8221;url:https%3A%2F%2Fnovusmedical.ca%2Ffr%2Fultima-cardio2%2F|title:Ultima%20Cardio2&#8243;][vc_btn title=&#8221;Ultima CPET \/ CPX&#8221; style=&#8221;classic&#8221; shape=&#8221;square&#8221; color=&#8221;default&#8221; size=&#8221;lg&#8221; align=&#8221;center&#8221; css=&#8221;.vc_custom_1721658025181{margin-top: -15px !important;padding-top: 0px !important;}&#8221; button_block=&#8221;true&#8221; link=&#8221;url:https%3A%2F%2Fnovusmedical.ca%2Ffr%2Fultima-cpx%2F|title:PFT%20and%20CPX%20Ultima%20PFX&#8221;][vc_btn title=&#8221;Ultima PFX&#8221; style=&#8221;classic&#8221; shape=&#8221;square&#8221; color=&#8221;default&#8221; size=&#8221;lg&#8221; align=&#8221;center&#8221; css=&#8221;.vc_custom_1721658053217{margin-top: -15px !important;padding-top: 0px !important;}&#8221; button_block=&#8221;true&#8221; link=&#8221;url:https%3A%2F%2Fnovusmedical.ca%2Ffr%2Fpft-and-cpx-ultima-pfx%2F|title:Ulitma%20PFX&#8221;][vc_btn title=&#8221;Ergocard CPX-PFS&#8221; style=&#8221;classic&#8221; shape=&#8221;square&#8221; color=&#8221;default&#8221; size=&#8221;lg&#8221; align=&#8221;center&#8221; css=&#8221;.vc_custom_1721658065934{margin-top: -15px !important;padding-top: 0px !important;}&#8221; button_block=&#8221;true&#8221; link=&#8221;url:https%3A%2F%2Fnovusmedical.ca%2Ffr%2Fmgc-diagnostics%2Fergocardcpx-pfs%2F|title:ErgocardCPX-PFS&#8221;][\/vc_column][\/vc_row][vc_row][vc_column][vc_empty_space height=&#8221;50px&#8221;][\/vc_column][\/vc_row][vc_row][vc_column width=&#8221;1\/4&#8243;][vc_single_image image=&#8221;9386&#8243; img_size=&#8221;400&#215;400&#8243; alignment=&#8221;center&#8221; css=&#8221;&#8221;][vc_custom_heading text=&#8221;Calorim\u00e9trie indirecte&#8221; font_container=&#8221;tag:h2|font_size:24|text_align:center|color:%2393d500&#8243; use_theme_fonts=&#8221;yes&#8221; css=&#8221;.vc_custom_1601494798354{margin-top: -10px !important;}&#8221;][vc_separator color=&#8221;custom&#8221; accent_color=&#8221;#93d500&#8243;][vc_btn title=&#8221;CCM Express&#8221; style=&#8221;classic&#8221; shape=&#8221;square&#8221; color=&#8221;default&#8221; size=&#8221;lg&#8221; align=&#8221;center&#8221; css=&#8221;.vc_custom_1721658077183{margin-top: -15px !important;padding-top: 0px !important;}&#8221; button_block=&#8221;true&#8221; link=&#8221;url:https%3A%2F%2Fnovusmedical.ca%2Ffr%2Fmgc-diagnostics%2Fccm-express%2F|title:CCM%20Express&#8221;][vc_btn title=&#8221;CCM Ultima&#8221; style=&#8221;classic&#8221; shape=&#8221;square&#8221; color=&#8221;default&#8221; size=&#8221;lg&#8221; align=&#8221;center&#8221; css=&#8221;.vc_custom_1721658090017{margin-top: -15px !important;padding-top: 0px !important;}&#8221; button_block=&#8221;true&#8221; link=&#8221;url:https%3A%2F%2Fnovusmedical.ca%2Ffr%2Fccm-ultima%2F|title:CCM%20Ultima&#8221;][\/vc_column][vc_column width=&#8221;1\/4&#8243;][vc_single_image image=&#8221;9398&#8243; img_size=&#8221;400&#215;400&#8243; alignment=&#8221;center&#8221; css=&#8221;&#8221;][vc_custom_heading text=&#8221;Accessoires&#8221; font_container=&#8221;tag:h2|font_size:24|text_align:center|color:%2393d500&#8243; use_theme_fonts=&#8221;yes&#8221; css=&#8221;.vc_custom_1601494957454{margin-top: -10px !important;}&#8221;][vc_separator color=&#8221;custom&#8221; accent_color=&#8221;#93d500&#8243;][vc_btn title=&#8221;Filtres&#8221; style=&#8221;classic&#8221; shape=&#8221;square&#8221; color=&#8221;default&#8221; size=&#8221;lg&#8221; align=&#8221;center&#8221; css=&#8221;.vc_custom_1749609574502{margin-top: -15px !important;padding-top: 0px !important;}&#8221; button_block=&#8221;true&#8221; link=&#8221;url:https%3A%2F%2Fnovusmedical.ca%2Ffr%2Ffiltres-pft%2F|title:Filtres&#8221;][vc_btn title=&#8221;Pince-nez&#8221; style=&#8221;classic&#8221; shape=&#8221;square&#8221; color=&#8221;default&#8221; size=&#8221;lg&#8221; align=&#8221;center&#8221; css=&#8221;.vc_custom_1721658125177{margin-top: -15px !important;padding-top: 0px !important;}&#8221; button_block=&#8221;true&#8221; link=&#8221;url:https%3A%2F%2Fnovusmedical.ca%2Ffr%2Fpinces-nez%2F|title:Pinces-nez&#8221;][vc_btn title=&#8221;Seringue de calibration&#8221; style=&#8221;classic&#8221; shape=&#8221;square&#8221; color=&#8221;default&#8221; size=&#8221;lg&#8221; align=&#8221;center&#8221; css=&#8221;.vc_custom_1721658137756{margin-top: -15px !important;padding-top: 0px !important;}&#8221; button_block=&#8221;true&#8221; link=&#8221;url:https%3A%2F%2Fnovusmedical.ca%2Ffr%2Fa-m-systems%2Fseringue-de-calibration%2F|title:Seringue%20de%20calibration&#8221;][vc_btn title=&#8221;Pi\u00e8ces buccales&#8221; style=&#8221;classic&#8221; shape=&#8221;square&#8221; color=&#8221;default&#8221; size=&#8221;lg&#8221; align=&#8221;center&#8221; css=&#8221;.vc_custom_1721658153637{margin-top: -15px !important;padding-top: 0px !important;}&#8221; button_block=&#8221;true&#8221; link=&#8221;url:https%3A%2F%2Fnovusmedical.ca%2Ffr%2Fpieces-buccales%2F|title:Pi%C3%A8ces%20buccales&#8221;][\/vc_column][vc_column width=&#8221;1\/4&#8243;][vc_single_image image=&#8221;9506&#8243; img_size=&#8221;400&#215;400&#8243; alignment=&#8221;center&#8221; css=&#8221;&#8221;][vc_custom_heading text=&#8221;MDI VHC&#8221; font_container=&#8221;tag:h2|font_size:24|text_align:center|color:%2393d500&#8243; use_theme_fonts=&#8221;yes&#8221; css=&#8221;.vc_custom_1602084576701{margin-top: -10px !important;}&#8221;][vc_separator color=&#8221;custom&#8221; accent_color=&#8221;#93d500&#8243;][vc_btn title=&#8221;LiteAire\u00ae&#8221; style=&#8221;classic&#8221; shape=&#8221;square&#8221; color=&#8221;default&#8221; size=&#8221;lg&#8221; align=&#8221;center&#8221; css=&#8221;.vc_custom_1721658180655{margin-top: -15px !important;padding-top: 0px !important;}&#8221; button_block=&#8221;true&#8221; link=&#8221;url:https%3A%2F%2Fnovusmedical.ca%2Ffr%2Fchambre-despacement-pour-aerosol-doseur%2F|title:Chambre%20d%E2%80%99espacement%20avec%20valve%20pour%20a%C3%A9rosol-doseur%20%E2%80%93%20LiteAire&#8221;][vc_btn title=&#8221;Primeaire\u00ae&#8221; style=&#8221;classic&#8221; shape=&#8221;square&#8221; color=&#8221;default&#8221; size=&#8221;lg&#8221; align=&#8221;center&#8221; css=&#8221;.vc_custom_1721658204453{margin-top: -15px !important;padding-top: 0px !important;}&#8221; button_block=&#8221;true&#8221; link=&#8221;url:https%3A%2F%2Fnovusmedical.ca%2Ffr%2Fchambre-despacement-avec-valve-pour-aerosol-doseur-primeaire%2F|title:Chambre%20d%E2%80%99espacement%20avec%20valve%20pour%20a%C3%A9rosol-doseur%20%E2%80%93%20PrimeAire&#8221;][\/vc_column][vc_column width=&#8221;1\/4&#8243;][vc_single_image image=&#8221;9404&#8243; img_size=&#8221;400&#215;400&#8243; alignment=&#8221;center&#8221; css=&#8221;&#8221;][vc_custom_heading text=&#8221;6MWT&#8221; font_container=&#8221;tag:h2|font_size:24|text_align:center|color:%2393d500&#8243; use_theme_fonts=&#8221;yes&#8221; css=&#8221;.vc_custom_1602084478791{margin-top: -10px !important;}&#8221;][vc_separator color=&#8221;custom&#8221; accent_color=&#8221;#93d500&#8243;][vc_btn title=&#8221;Test de marche de 6 minutes&#8221; style=&#8221;classic&#8221; shape=&#8221;square&#8221; color=&#8221;default&#8221; size=&#8221;lg&#8221; align=&#8221;center&#8221; css=&#8221;.vc_custom_1721658225289{margin-top: -15px !important;padding-top: 0px !important;}&#8221; button_block=&#8221;true&#8221; link=&#8221;url:https%3A%2F%2Fnovusmedical.ca%2Ffr%2Fmgc-diagnostics%2F6mwt%2F|title:6MWT&#8221;][\/vc_column][\/vc_row][vc_row][vc_column][\/vc_column][\/vc_row][vc_row css=&#8221;.vc_custom_1771358026119{margin-bottom: 250px !important;}&#8221;][vc_column width=&#8221;1\/4&#8243;][vc_single_image image=&#8221;9436&#8243; img_size=&#8221;400&#215;400&#8243; alignment=&#8221;center&#8221; css=&#8221;&#8221;][vc_custom_heading text=&#8221;Oscillom\u00e9trie&#8221; font_container=&#8221;tag:h2|font_size:24|text_align:center|color:%2393d500&#8243; use_theme_fonts=&#8221;yes&#8221; css=&#8221;.vc_custom_1771358065241{margin-top: -10px !important;}&#8221;][vc_separator color=&#8221;custom&#8221; accent_color=&#8221;#93d500&#8243;][vc_btn title=&#8221;Lothar Medical&#8221; style=&#8221;classic&#8221; shape=&#8221;square&#8221; color=&#8221;default&#8221; size=&#8221;lg&#8221; align=&#8221;center&#8221; css=&#8221;.vc_custom_1771357946010{margin-top: -15px !important;padding-top: 0px !important;}&#8221; button_block=&#8221;true&#8221; link=&#8221;url:https%3A%2F%2Fnovusmedical.ca%2Ffr%2Flotharmedical%2F|title:LotharMedical&#8221;][vc_btn title=&#8221;Resmon Pro&#8221; style=&#8221;classic&#8221; shape=&#8221;square&#8221; color=&#8221;default&#8221; size=&#8221;lg&#8221; align=&#8221;center&#8221; css=&#8221;.vc_custom_1721658238814{margin-top: -15px !important;padding-top: 0px !important;}&#8221; button_block=&#8221;true&#8221; link=&#8221;url:https%3A%2F%2Fnovusmedical.ca%2Ffr%2Fmgc-diagnostics%2Fresmon-pro%2F|title:Resmon%20Pro&#8221;][\/vc_column][vc_column width=&#8221;1\/4&#8243;][vc_single_image image=&#8221;11740&#8243; img_size=&#8221;400&#215;400&#8243; alignment=&#8221;center&#8221; css=&#8221;&#8221;][vc_custom_heading text=&#8221;Bouteille Isotherme&#8221; font_container=&#8221;tag:h2|font_size:24|text_align:center|color:%2393d500&#8243; use_theme_fonts=&#8221;yes&#8221; css=&#8221;.vc_custom_1728658265873{margin-top: -10px !important;}&#8221;][vc_separator color=&#8221;custom&#8221; accent_color=&#8221;#93d500&#8243;][vc_btn title=&#8221;Bouteille Isotherme&#8221; style=&#8221;classic&#8221; shape=&#8221;square&#8221; color=&#8221;default&#8221; size=&#8221;lg&#8221; align=&#8221;center&#8221; css=&#8221;.vc_custom_1728658289737{margin-top: -15px !important;padding-top: 0px !important;}&#8221; button_block=&#8221;true&#8221; link=&#8221;url:https%3A%2F%2Fnovusmedical.ca%2Ffr%2Fmgc-diagnostics%2Fbouteille-isotherme%2F|title:bouteille%20isotherme&#8221;][\/vc_column][vc_column width=&#8221;1\/4&#8243;][\/vc_column][vc_column width=&#8221;1\/4&#8243;][\/vc_column][\/vc_row][vc_row full_width=&#8221;stretch_row&#8221; css=&#8221;.vc_custom_1683822601986{margin-bottom: -60px !important;border-bottom-width: 0px !important;padding-top: 75px !important;padding-bottom: 40px !important;background-image: url(https:\/\/novusmedical.ca\/wp-content\/uploads\/2023\/01\/Background-image-for-Web.png?id=8936) !important;background-position: center !important;background-repeat: no-repeat !important;background-size: cover !important;}&#8221;][vc_column width=&#8221;1\/3&#8243;][vc_single_image image=&#8221;9975&#8243; img_size=&#8221;large&#8221; alignment=&#8221;center&#8221;][vc_empty_space height=&#8221;5px&#8221;][\/vc_column][vc_column width=&#8221;2\/3&#8243; css=&#8221;.vc_custom_1640295263973{margin-left: 35px !important;}&#8221;][vc_empty_space height=&#8221;25px&#8221;][vc_custom_heading text=&#8221;Consultez notre catalogue de produits PFT !&#8221; font_container=&#8221;tag:h2|font_size:34|text_align:left|color:%2395c93d|line_height:1.25&#8243; google_fonts=&#8221;font_family:Roboto%3A100%2C100italic%2C300%2C300italic%2Cregular%2Citalic%2C500%2C500italic%2C700%2C700italic%2C900%2C900italic|font_style:900%20bold%20regular%3A900%3Anormal&#8221;][vc_custom_heading text=&#8221;Nous avons d\u00e9velopp\u00e9 notre syst\u00e8me d&#8217;information Novus Medical Inc. Le catalogue des tests de la fonction pulmonaire a pour but de pr\u00e9senter et de fournir tous nos produits de test de la fonction pulmonaire dans un seul PDF t\u00e9l\u00e9chargeable.&#8221; font_container=&#8221;tag:h2|font_size:18|text_align:left|color:%23ffffff|line_height:1.5&#8243; google_fonts=&#8221;font_family:Roboto%3A100%2C100italic%2C300%2C300italic%2Cregular%2Citalic%2C500%2C500italic%2C700%2C700italic%2C900%2C900italic|font_style:400%20regular%3A400%3Anormal&#8221;][vc_empty_space height=&#8221;5px&#8221;][vc_row_inner][vc_column_inner width=&#8221;1\/4&#8243;][vc_btn title=&#8221;T\u00e9l\u00e9charger la version anglaise&#8221; style=&#8221;outline-custom&#8221; outline_custom_color=&#8221;#ffffff&#8221; outline_custom_hover_background=&#8221;#93d500&#8243; outline_custom_hover_text=&#8221;#000000&#8243; shape=&#8221;square&#8221; align=&#8221;left&#8221; link=&#8221;url:https%3A%2F%2Fnovusmedical.ca%2Fwp-content%2Fuploads%2F2023%2F01%2FNM_ENG_PFTCatalogue_LoRes.pdf|target:_blank|&#8221;][\/vc_column_inner][vc_column_inner width=&#8221;1\/4&#8243;][vc_btn title=&#8221;Consulter en anglais&#8221; style=&#8221;outline-custom&#8221; outline_custom_color=&#8221;#ffffff&#8221; outline_custom_hover_background=&#8221;#93d500&#8243; outline_custom_hover_text=&#8221;#000000&#8243; shape=&#8221;square&#8221; align=&#8221;left&#8221; i_icon_fontawesome=&#8221;fas fa-book-open&#8221; add_icon=&#8221;true&#8221; link=&#8221;url:https%3A%2F%2Fnovusmedical.ca%2Fcardio-pulmonary-diagnostics%2F8333-2%2F|title:PFTCatalogue|&#8221;][\/vc_column_inner][vc_column_inner width=&#8221;1\/4&#8243;][vc_btn title=&#8221;T\u00e9l\u00e9charger version fran\u00e7aise&#8221; style=&#8221;outline-custom&#8221; outline_custom_color=&#8221;#ffffff&#8221; outline_custom_hover_background=&#8221;#93d500&#8243; outline_custom_hover_text=&#8221;#000000&#8243; shape=&#8221;square&#8221; align=&#8221;left&#8221; link=&#8221;url:https%3A%2F%2Fnovusmedical.ca%2Fwp-content%2Fuploads%2F2023%2F05%2FNM_FR_PFTCatalogue_LoRes.pdf|target:_blank|&#8221;][\/vc_column_inner][vc_column_inner width=&#8221;1\/4&#8243;][vc_btn title=&#8221;Consulter en anglais&#8221; style=&#8221;outline-custom&#8221; outline_custom_color=&#8221;#ffffff&#8221; outline_custom_hover_background=&#8221;#93d500&#8243; outline_custom_hover_text=&#8221;#000000&#8243; shape=&#8221;square&#8221; align=&#8221;left&#8221; i_icon_fontawesome=&#8221;fas fa-book-open&#8221; add_icon=&#8221;true&#8221; link=&#8221;url:https%3A%2F%2Fnovusmedical.ca%2Fcardio-pulmonary-diagnostics%2Fpft-french-catalogue%2F|title:PFTCatalogue|&#8221;][\/vc_column_inner][\/vc_row_inner][\/vc_column][\/vc_row]\n<\/div>","protected":false},"excerpt":{"rendered":"<p>[vc_row css=&#8221;.vc_custom_1594238932220{margin-top: -50px !important;}&#8221;][vc_column][\/vc_column][\/vc_row][vc_row][vc_column][vc_empty_space height=&#8221;50px&#8221;][\/vc_column][\/vc_row][vc_row][vc_column][vc_custom_heading text=&#8221;Diagnostic Cardio Pulmonaire&#8221; font_container=&#8221;tag:h2|font_size:32|text_align:center|color:%23000000&#8243; google_fonts=&#8221;font_family:Roboto%3A100%2C100italic%2C300%2C300italic%2Cregular%2Citalic%2C500%2C500italic%2C700%2C700italic%2C900%2C900italic|font_style:900%20bold%20regular%3A900%3Anormal&#8221; css=&#8221;&#8221;][vc_separator el_width=&#8221;60&#8243;][\/vc_column][\/vc_row][vc_row][vc_column width=&#8221;1\/4&#8243;][vc_single_image image=&#8221;9461&#8243; img_size=&#8221;400&#215;400&#8243; alignment=&#8221;center&#8221; css=&#8221;&#8221;][vc_custom_heading text=&#8221;Spirom\u00e8tres&#8221; font_container=&#8221;tag:h2|font_size:24|text_align:center|color:%2393d500&#8243; use_theme_fonts=&#8221;yes&#8221; [&hellip;]<\/p>\n","protected":false},"author":1,"featured_media":0,"parent":0,"menu_order":0,"comment_status":"closed","ping_status":"closed","template":"","meta":{"om_disable_all_campaigns":false,"_monsterinsights_skip_tracking":false,"_monsterinsights_sitenote_active":false,"_monsterinsights_sitenote_note":"","_monsterinsights_sitenote_category":0,"footnotes":""},"class_list":["post-10307","page","type-page","status-publish","hentry"],"jetpack_sharing_enabled":true,"_links":{"self":[{"href":"https:\/\/novusmedical.ca\/fr\/wp-json\/wp\/v2\/pages\/10307","targetHints":{"allow":["GET"]}}],"collection":[{"href":"https:\/\/novusmedical.ca\/fr\/wp-json\/wp\/v2\/pages"}],"about":[{"href":"https:\/\/novusmedical.ca\/fr\/wp-json\/wp\/v2\/types\/page"}],"author":[{"embeddable":true,"href":"https:\/\/novusmedical.ca\/fr\/wp-json\/wp\/v2\/users\/1"}],"replies":[{"embeddable":true,"href":"https:\/\/novusmedical.ca\/fr\/wp-json\/wp\/v2\/comments?post=10307"}],"version-history":[{"count":5,"href":"https:\/\/novusmedical.ca\/fr\/wp-json\/wp\/v2\/pages\/10307\/revisions"}],"predecessor-version":[{"id":14832,"href":"https:\/\/novusmedical.ca\/fr\/wp-json\/wp\/v2\/pages\/10307\/revisions\/14832"}],"wp:attachment":[{"href":"https:\/\/novusmedical.ca\/fr\/wp-json\/wp\/v2\/media?parent=10307"}],"curies":[{"name":"wp","href":"https:\/\/api.w.org\/{rel}","templated":true}]}}