{"id":10284,"date":"2020-06-25T03:41:24","date_gmt":"2020-06-25T03:41:24","guid":{"rendered":"https:\/\/novusmedical.ca\/support-technique\/"},"modified":"2024-04-30T16:47:28","modified_gmt":"2024-04-30T16:47:28","slug":"support-technique","status":"publish","type":"page","link":"https:\/\/novusmedical.ca\/fr\/support-technique\/","title":{"rendered":"Support technique"},"content":{"rendered":"<div class=\"wpb-content-wrapper\">[vc_row content_placement=&#8221;bottom&#8221; fullwidth=&#8221;yes&#8221; bg_type=&#8221;bg_image&#8221; hb_parallax=&#8221;yes&#8221; css=&#8221;.vc_custom_1593059244422{margin-top: -55px !important;padding-top: 100px !important;padding-bottom: 100px !important;}&#8221; image_url=&#8221;5577&#8243;][vc_column width=&#8221;1\/3&#8243;]<div class=\"shortcode-wrapper shortcode-icon-box clearfix  hb-animate-element hb-flip-y\"><div class=\"content-box top-icon\"><i class=\"hb-moon-envelop box-icon\"><\/i><div class=\"aligncenter\"><a href=\"mailto:support@novusmedical.ca\" target=\"_self\"><h4 class=\"semi-bold\">Support technique par courriel<\/h4><\/a>Contactez directement par e-mail nos meilleurs techniciens.<\/p>\n<a href=\"mailto: support@novusmedical.ca\" class=\"hb-button hb-third-dark hb-default-button no-three-d\" target=\"_self\" style=\"-webkit-border-radius: 2px;-moz-border-radius: 2px;border-radius: 2px;\">Obtenir de l'aide<\/a><\/div><\/div><\/div>[\/vc_column][vc_column width=&#8221;1\/3&#8243;]<div class=\"shortcode-wrapper shortcode-icon-box clearfix  hb-animate-element hb-flip-x\"><div class=\"content-box top-icon\"><i class=\"icon-desktop box-icon\"><\/i><div class=\"aligncenter\"><h4 class=\"semi-bold\">Support \u00e0 distance TeamViewer<\/h4>Visitez notre TeamViewer Remote Start pour une assistance directe avec MGC Diagnostics.<\/p>\n<a href=\"https:\/\/novusmedicalinc.my.webex.com\/webappng\/sites\/novusmedicalinc.my\/dashboard\/home\" class=\"hb-button hb-third-dark hb-default-button no-three-d\" target=\"_self\" style=\"-webkit-border-radius: 2px;-moz-border-radius: 2px;border-radius: 2px;\">Obtenir de l'aide<\/a><\/div><\/div><\/div>[\/vc_column][vc_column width=&#8221;1\/3&#8243;]<div class=\"shortcode-wrapper shortcode-icon-box clearfix  hb-animate-element hb-flip-x\"><div class=\"content-box top-icon\"><i class=\"hb-moon-users box-icon\"><\/i><div class=\"aligncenter\"><a href=\"https:\/\/fastsupport.gotoassist.com\" target=\"_blank\"><h4 class=\"semi-bold\">Support \u00e0 distance GoTo<\/h4><\/a>Faites appel \u00e0 notre service d&#8217;assistance Rescue Assist pour b\u00e9n\u00e9ficier d&#8217;une assistance en direct par conf\u00e9rence virtuelle.<\/p>\n<a href=\"https:\/\/novusmedicalinc.my.webex.com\/webappng\/sites\/novusmedicalinc.my\/dashboard\/home\" class=\"hb-button hb-third-dark hb-default-button no-three-d\" target=\"_self\" style=\"-webkit-border-radius: 2px;-moz-border-radius: 2px;border-radius: 2px;\">Obtenir de l'aide<\/a><\/div><\/div><\/div>[\/vc_column][\/vc_row][vc_row][vc_column]<div class=\"shortcode-wrapper shortcode-spacer clearfix\"><div class=\"spacer\" style=\"height:10px;\"><\/div><\/div>[\/vc_column][\/vc_row][vc_row][vc_column]<div class=\"shortcode-wrapper shortcode-title clearfix\"><h4 class=\"hb-heading \"><span>Comment pouvons-nous vous aider ?<\/span><\/h4><\/div>[vc_column_text]<div class=\"shortcode-wrapper shortcode-spacer clearfix\"><div class=\"spacer\" style=\"height:10px;\"><\/div><\/div>\n<p>Novus Medical Inc. est le meilleur de sa cat\u00e9gorie gr\u00e2ce \u00e0 un service in\u00e9gal\u00e9 offert \u00e0 la client\u00e8le et \u00e0 un service in\u00e9gal\u00e9s offerts par des techniciens hautement qualifi\u00e9s et comp\u00e9tents.<\/p>\n<ul>\n<li style=\"list-style-type: none;\">\n<ul>\n<li>Nos sp\u00e9cialistes suivent une formation intensive au niveau de la conception de nos produits, dispens\u00e9e.<\/li>\n<li>Notre service d&#8217;assistance technique LIVE, bas\u00e9 au Canada, fournit une assistance par t\u00e9l\u00e9phone, par Internet et par connexion \u00e0 distance.<\/li>\n<li>Des techniciens de maintenance ext\u00e9rieur sont envoy\u00e9s sur place pour assurer l&#8217;assistance.<\/li>\n<\/ul>\n<\/li>\n<\/ul>\n<p>&nbsp;<\/p>\n<p>Notre promesse :<\/p>\n<ul>\n<li style=\"list-style-type: none;\">\n<ul>\n<li>Fournir un service professionnel, efficace et de haute qualit\u00e9<\/li>\n<li>\u00catre honn\u00eate et ouvert, en assumant la responsabilit\u00e9 de nos actes<\/li>\n<li>Utiliser les r\u00e9actions et les commentaires des clients pour nous aider \u00e0 am\u00e9liorer nos produits et nos services.<\/li>\n<\/ul>\n<\/li>\n<\/ul>\n[\/vc_column_text][\/vc_column][\/vc_row]\n<\/div>","protected":false},"excerpt":{"rendered":"<p>[vc_row content_placement=&#8221;bottom&#8221; fullwidth=&#8221;yes&#8221; bg_type=&#8221;bg_image&#8221; hb_parallax=&#8221;yes&#8221; css=&#8221;.vc_custom_1593059244422{margin-top: -55px !important;padding-top: 100px !important;padding-bottom: 100px !important;}&#8221; image_url=&#8221;5577&#8243;][vc_column width=&#8221;1\/3&#8243;][\/vc_column][vc_column width=&#8221;1\/3&#8243;][\/vc_column][vc_column width=&#8221;1\/3&#8243;][\/vc_column][\/vc_row][vc_row][vc_column][\/vc_column][\/vc_row][vc_row][vc_column][vc_column_text] Novus Medical Inc. est [&hellip;]<\/p>\n","protected":false},"author":1,"featured_media":0,"parent":0,"menu_order":0,"comment_status":"closed","ping_status":"closed","template":"","meta":{"om_disable_all_campaigns":false,"_monsterinsights_skip_tracking":false,"_monsterinsights_sitenote_active":false,"_monsterinsights_sitenote_note":"","_monsterinsights_sitenote_category":0,"footnotes":""},"class_list":["post-10284","page","type-page","status-publish","hentry"],"jetpack_sharing_enabled":true,"_links":{"self":[{"href":"https:\/\/novusmedical.ca\/fr\/wp-json\/wp\/v2\/pages\/10284","targetHints":{"allow":["GET"]}}],"collection":[{"href":"https:\/\/novusmedical.ca\/fr\/wp-json\/wp\/v2\/pages"}],"about":[{"href":"https:\/\/novusmedical.ca\/fr\/wp-json\/wp\/v2\/types\/page"}],"author":[{"embeddable":true,"href":"https:\/\/novusmedical.ca\/fr\/wp-json\/wp\/v2\/users\/1"}],"replies":[{"embeddable":true,"href":"https:\/\/novusmedical.ca\/fr\/wp-json\/wp\/v2\/comments?post=10284"}],"version-history":[{"count":4,"href":"https:\/\/novusmedical.ca\/fr\/wp-json\/wp\/v2\/pages\/10284\/revisions"}],"predecessor-version":[{"id":10648,"href":"https:\/\/novusmedical.ca\/fr\/wp-json\/wp\/v2\/pages\/10284\/revisions\/10648"}],"wp:attachment":[{"href":"https:\/\/novusmedical.ca\/fr\/wp-json\/wp\/v2\/media?parent=10284"}],"curies":[{"name":"wp","href":"https:\/\/api.w.org\/{rel}","templated":true}]}}