{"id":10264,"date":"2014-04-18T18:21:12","date_gmt":"2014-04-18T18:21:12","guid":{"rendered":"https:\/\/novusmedical.ca\/a-propos-de-novus\/"},"modified":"2024-08-30T16:35:10","modified_gmt":"2024-08-30T16:35:10","slug":"a-propos-de-novus","status":"publish","type":"page","link":"https:\/\/novusmedical.ca\/fr\/a-propos-de-novus\/","title":{"rendered":"\u00c0 propos de Novus"},"content":{"rendered":"<div class=\"wpb-content-wrapper\">[vc_row top_margin=&#8221;0&#8243; bottom_margin=&#8221;0&#8243; css=&#8221;.vc_custom_1593018427817{margin-top: -50px !important;}&#8221;][vc_column][rev_slider_vc alias=&#8221;about-1&#8243;][\/vc_column][\/vc_row][vc_row margin_bottom=&#8221;40&#8243;][vc_column]<div class=\"shortcode-wrapper shortcode-title clearfix\"><h4 class=\"hb-heading \"><span>Qui nous sommes<\/span><\/h4><\/div><div class=\"shortcode-wrapper shortcode-spacer clearfix\"><div class=\"spacer\" style=\"height:15px;\"><\/div><\/div>[vc_column_text]Fournir aux soins de sant\u00e9 canadiens des produits pour le diagnostic pulmonaire, la th\u00e9rapie respiratoire, les soins n\u00e9onatals, la ventilation m\u00e9canique, la ventilation spontan\u00e9e en pression positive continue et la gestion de la temp\u00e9rature. Avec plus de 40 ans d&#8217;exp\u00e9rience dans la vente et le soutien de dispositifs m\u00e9dicaux au Canada, Novus Medical offre une solide expertise clinique et technique et met l&#8217;accent sur le service \u00e0 la client\u00e8le. Une alternative aux grandes entreprises, Novus Medical est assez grande pour vous servir et assez petite pour s&#8217;occuper de vous.[\/vc_column_text][\/vc_column][\/vc_row][vc_row margin_bottom=&#8221;40&#8243;][vc_column width=&#8221;1\/2&#8243;]<div class=\"shortcode-wrapper shortcode-title clearfix\"><h4 class=\"hb-heading \"><span>Pourquoi faisons-nous ce que nous faisons<\/span><\/h4><\/div><div class=\"shortcode-wrapper shortcode-spacer clearfix\"><div class=\"spacer\" style=\"height:15px;\"><\/div><\/div>[vc_accordion active_tab=&#8221;0&#8243;][vc_accordion_tab title=&#8221;Notre mission&#8221;][vc_column_text]Fournir aux h\u00f4pitaux, cliniques et prestataires de soins de sant\u00e9 canadiens des technologies m\u00e9dicales uniques et de haute qualit\u00e9. En tant qu&#8217;alternative aux grandes entreprises impersonnelles, Novus Medical Inc. est suffisamment grande pour vous fournir un service \u00e0 la client\u00e8le de premier plan, mais suffisamment petite pour se soucier de vous.[\/vc_column_text][\/vc_accordion_tab][vc_accordion_tab title=&#8221;Notre vision&#8221;][vc_column_text]\u00catre \u00e0 la pointe de l\u2019industrie dans le domaine du soutien \u00e0 la client\u00e8le gr\u00e2ce au service, \u00e0 l\u2019\u00e9ducation et aux connaissances\u2009; \u00eatre le fournisseur actuel ayant la meilleure offre sur le march\u00e9\u2009; continuer \u00e0 chercher de nouveaux produits favorisant \u00e9galement les soins de sant\u00e9.[\/vc_column_text][\/vc_accordion_tab][vc_accordion_tab title=&#8221;Nos produits&#8221;][vc_column_text]Nous fournirons \u00e0 la communaut\u00e9 m\u00e9dicale de nouveaux produits, bas\u00e9s sur des id\u00e9es novatrices propos\u00e9es par des leaders d\u2019opinion de l\u2019industrie. Ces produits am\u00e9liorent les soins aux patients, les rendent plus efficaces et, par cons\u00e9quent, r\u00e9duisent le co\u00fbt des soins de sant\u00e9. Veuillez consulter notre offre de produits actuelle et restez \u00e0 l\u2019\u00e9coute pour d\u2019autres produits dans les domaines du diagnostic cardio-pulmonaire et des soins intensifs.[\/vc_column_text][\/vc_accordion_tab][\/vc_accordion][\/vc_column][vc_column width=&#8221;1\/2&#8243;]<div class=\"shortcode-wrapper shortcode-title clearfix\"><h4 class=\"hb-heading \"><span>Ils ont dit de nous<\/span><\/h4><\/div><div class=\"shortcode-wrapper shortcode-spacer clearfix\"><div class=\"spacer\" style=\"height:15px;\"><\/div><\/div><div class=\"shortcode-wrapper shortcode-testimonial-slider testimonial-slider-wrapper\"><div id=\"hb-testimonial-1727\" class=\"ts-1 init-testimonial-slider\" data-slideshow-speed=\"5000\"><ul class=\"testimonial-slider\"><li class=\"hb-testimonial-box\">\t\t\n\t\t<div class=\"hb-testimonial\">\n\t\t\t<p>Notre bureau continue d&#8217;entretenir d&#8217;excellentes relations avec Novus depuis plus de 10 ans.<\/p>\n<p>Leur service \u00e0 la client\u00e8le est exceptionnel et c&#8217;est un plaisir de parler \u00e0 tous ceux avec qui nous traitons chez Novus. La connaissance de Chantal, Rob et Russ de leurs produits facilite la commande et nous obtenons toujours les produits et services dont nous avons besoin. Notre bureau ach\u00e8te des consommables aupr\u00e8s de Novus et nous avons \u00e9galement achet\u00e9 un Elite Platinum DL RTD.<\/p>\n<p>Nos demandes de commande sont remplies imm\u00e9diatement et exp\u00e9di\u00e9es, g\u00e9n\u00e9ralement, le jour suivant la commande. Chaque fois que nous avons des questions concernant l&#8217;Elite Platinum DL RTD, Rob et Russ sont disponibles pour y r\u00e9pondre. Le service \u00e0 la client\u00e8le fourni lors de la commande, de la configuration, de la formation et du suivi de toute requ\u00eate concernant l&#8217;Elite Platinum DL RTD a \u00e9t\u00e9 le meilleur service que nous ayons jamais re\u00e7u de l&#8217;un de nos fournisseurs, pass\u00e9s et pr\u00e9sents.<\/p>\n<p>Nous n&#8217;h\u00e9sitons jamais \u00e0 recommander Novus.<\/p>\n\t\t<\/div>\n\t\t\t\t\t\t\t\n\t\t<\/li><\/ul><\/div><\/div>[\/vc_column][\/vc_row][vc_row fullwidth=&#8221;yes&#8221; bg_type=&#8221;bg_image&#8221; hb_parallax=&#8221;yes&#8221; top_margin=&#8221;0&#8243; bottom_margin=&#8221;0&#8243; css=&#8221;.vc_custom_1591642733020{padding-top: 100px !important;padding-bottom: 100px !important;}&#8221; image_url=&#8221;5340&#8243;][vc_column width=&#8221;1\/3&#8243;]<div class=\"shortcode-wrapper shortcode-milestone-counter hb-animate-element hb-top-to-bottom\" data-delay=\"300\"><p class=\"aligncenter\"><i class=\"hb-moon-brain hb-icon hb-icon-float-none\" style=\"color:#ffffff\"><\/i><\/p><div class=\"hb-counter\"><div class=\"count-number\" data-from=\"0\" data-to=\"40\" data-speed=\"1000\" style=\"color:#ffffff\"><\/div><div class=\"count-separator\"><span><\/span><\/div><h3 class=\"count-subject\" style=\"color:#ffffff\">des ann\u00e9es d'exp\u00e9rience<\/h3><\/div><\/div>[\/vc_column][vc_column width=&#8221;1\/3&#8243;]<div class=\"shortcode-wrapper shortcode-milestone-counter hb-animate-element hb-top-to-bottom\" data-delay=\"600\"><p class=\"aligncenter\"><i class=\"icon-hospital hb-icon hb-icon-float-none\" style=\"color:#ffffff\"><\/i><\/p><div class=\"hb-counter\"><div class=\"count-number\" data-from=\"0\" data-to=\"3000\" data-speed=\"1700\" style=\"color:#ffffff\"><\/div><div class=\"count-separator\"><span><\/span><\/div><h3 class=\"count-subject\" style=\"color:#ffffff\">\u00c9quipement fourni<\/h3><\/div><\/div>[\/vc_column][vc_column width=&#8221;1\/3&#8243;]<div class=\"shortcode-wrapper shortcode-milestone-counter hb-animate-element hb-top-to-bottom\" data-delay=\"900\"><p class=\"aligncenter\"><i class=\"icon-comments hb-icon hb-icon-float-none\" style=\"color:#ffffff\"><\/i><\/p><div class=\"hb-counter\"><div class=\"count-number\" data-from=\"0\" data-to=\"50\" data-speed=\"1000\" style=\"color:#ffffff\"><\/div><div class=\"count-separator\"><span><\/span><\/div><h3 class=\"count-subject\" style=\"color:#ffffff\">Clients pris en charge<\/h3><\/div><\/div>[\/vc_column][\/vc_row]\n<\/div>","protected":false},"excerpt":{"rendered":"<p>[vc_row top_margin=&#8221;0&#8243; bottom_margin=&#8221;0&#8243; css=&#8221;.vc_custom_1593018427817{margin-top: -50px !important;}&#8221;][vc_column][rev_slider_vc alias=&#8221;about-1&#8243;][\/vc_column][\/vc_row][vc_row margin_bottom=&#8221;40&#8243;][vc_column][vc_column_text]Fournir aux soins de sant\u00e9 canadiens des produits pour le diagnostic pulmonaire, la [&hellip;]<\/p>\n","protected":false},"author":1,"featured_media":0,"parent":0,"menu_order":0,"comment_status":"closed","ping_status":"closed","template":"","meta":{"om_disable_all_campaigns":false,"_monsterinsights_skip_tracking":false,"_monsterinsights_sitenote_active":false,"_monsterinsights_sitenote_note":"","_monsterinsights_sitenote_category":0,"footnotes":""},"class_list":["post-10264","page","type-page","status-publish","hentry"],"jetpack_sharing_enabled":true,"_links":{"self":[{"href":"https:\/\/novusmedical.ca\/fr\/wp-json\/wp\/v2\/pages\/10264","targetHints":{"allow":["GET"]}}],"collection":[{"href":"https:\/\/novusmedical.ca\/fr\/wp-json\/wp\/v2\/pages"}],"about":[{"href":"https:\/\/novusmedical.ca\/fr\/wp-json\/wp\/v2\/types\/page"}],"author":[{"embeddable":true,"href":"https:\/\/novusmedical.ca\/fr\/wp-json\/wp\/v2\/users\/1"}],"replies":[{"embeddable":true,"href":"https:\/\/novusmedical.ca\/fr\/wp-json\/wp\/v2\/comments?post=10264"}],"version-history":[{"count":5,"href":"https:\/\/novusmedical.ca\/fr\/wp-json\/wp\/v2\/pages\/10264\/revisions"}],"predecessor-version":[{"id":11687,"href":"https:\/\/novusmedical.ca\/fr\/wp-json\/wp\/v2\/pages\/10264\/revisions\/11687"}],"wp:attachment":[{"href":"https:\/\/novusmedical.ca\/fr\/wp-json\/wp\/v2\/media?parent=10264"}],"curies":[{"name":"wp","href":"https:\/\/api.w.org\/{rel}","templated":true}]}}